{"id":239190,"date":"2023-11-28T17:03:43","date_gmt":"2023-11-28T16:03:43","guid":{"rendered":"https:\/\/iha-race.com\/producto\/hglrc-zeus-vtx-25-w-ad-alta-potenza-58g-fpv-regolabile\/"},"modified":"2024-08-29T11:13:31","modified_gmt":"2024-08-29T09:13:31","slug":"hglrc-zeus-vtx-25-w-ad-alta-potenza-58g-regolabile-fpv","status":"publish","type":"product","link":"https:\/\/iha-race.com\/it\/prodotto\/hglrc-zeus-vtx-25-w-ad-alta-potenza-58g-regolabile-fpv\/","title":{"rendered":"HGLRC ZEUS VTX 2,5 W ad alta potenza 5,8G FPV regolabile"},"content":{"rendered":"<h2><span data-sheets-root=\"1\" data-sheets-value=\"{\"1\":2,\"2\":\"HGLRC ZEUS VTX 2,5 W alta potencia 5,8G Ajustable FPV\"}\" data-sheets-userformat=\"{\"2\":15235,\"3\":{\"1\":0},\"4\":{\"1\":2,\"2\":16777215},\"10\":2,\"11\":4,\"12\":0,\"14\":{\"1\":2,\"2\":2236962},\"15\":\"Poppins\",\"16\":12}\">HGLRC ZEUS VTX 2,5 W ad alta potenza 5,8G FPV regolabile<\/span><\/h2>\n<h3><strong>Vantaggi<\/strong><\/h3>\n<ul>\n<li>La distanza effettiva misurata quando vola vicino a un lago \u00e8 di 9 chilometri in presenza di interferenze in un ambiente urbano, e pu\u00f2 facilmente volare per pi\u00f9 di 10 chilometri in un ambiente suburbano\/montagnoso.<\/li>\n<li>Alta potenza di 2500 mW, che mantiene una potenza di uscita sufficiente, adatta a voli a lungo raggio e a distanze ultra-lunghe.<\/li>\n<li>6 livelli di potenza regolabili PIT\/25mW\/200mW\/800mW\/1600mW\/2500mW.<\/li>\n<li>Struttura di copertura superiore e inferiore integrata CNC, forte effetto di dissipazione del calore, mantenimento di prestazioni stabili.<\/li>\n<li>I pulsanti a doppia funzione facilitano la regolazione dei parametri e 3 serie di indicatori LED mostrano a colpo d&#8217;occhio potenza\/gruppo di frequenza\/punti di frequenza.<\/li>\n<li>Supporta l&#8217;impostazione dei parametri OSD del protocollo IRC Tramp.<\/li>\n<li>Supporta un ingresso di tensione ampio da 2-6 s (7-26 V).<\/li>\n<li>Adatto per l&#8217;installazione con un foro M3 30,5&#215;30,5.<\/li>\n<\/ul>\n<h3>Caratteristiche<\/h3>\n<ul>\n<li>Tensione di supporto: DC 7-26V (2-6S)<\/li>\n<li>BEC: 5V\/800mA<\/li>\n<li>Interfaccia antenna: MMCX<\/li>\n<li>Interfaccia cavo: GH1.25 6P<\/li>\n<li>Formato video: PAL\/NTSC<\/li>\n<li>Standard 40 canali: A\/B\/E \/F\/R<\/li>\n<li>Protocollo del gruppo di frequenza: IRC Tramp<\/li>\n<li>Potenza di uscita: Pit\/25\/22\/800\/1600MW\/2500MW<\/li>\n<li>PitMode\/0DBM<\/li>\n<li>25MW\/13,95DBM<\/li>\n<li>200MW\/23,01DBM<\/li>\n<li>800MW\/29,03DBM<\/li>\n<li>1,6W\/32,04DBM<\/li>\n<li>2,5W\/33,98DBM<\/li>\n<li>Posizione del foro di installazione: 30,5*30,5*M3<\/li>\n<li>Dimensioni (L*L*H): 40 mm x 35 mm x 11,8 mm<\/li>\n<li>Peso: 19,6 g<\/li>\n<\/ul>\n<h3><strong>Il pacchetto comprende<\/strong><\/h3>\n<ul>\n<li>1x Zeus VTX 2,5W<\/li>\n<li>1 x antenna MMCX in tubo di rame da 80 mm<\/li>\n<li>1 x adattatore da MMCX a SMA 100 mm<\/li>\n<li>1 cavo single-ended GH1.25 6Pin 100 mm<\/li>\n<li>1 cavo SH1.0 4Pin-GH1.25 6Pin da 60 mm a doppia estremit\u00e0<\/li>\n<\/ul>\n<p>&nbsp;<\/p>\n<p><img decoding=\"async\" src=\"https:\/\/cdn.shopify.com\/s\/files\/1\/2672\/8290\/files\/2.5w.jpg?v=1699518727\" alt=\"\"><\/p>\n","protected":false},"excerpt":{"rendered":"<p>HGLRC ZEUS VTX 2,5 W ad alta potenza 5,8G FPV regolabile Vantaggi La distanza effettiva misurata quando vola vicino a un lago \u00e8 di 9 chilometri in presenza di interferenze<\/p>\n","protected":false},"featured_media":239172,"comment_status":"open","ping_status":"closed","template":"","meta":{"_joinchat":[]},"pwb-brand":[],"product_cat":[1228],"product_tag":[],"class_list":{"0":"post-239190","1":"product","2":"type-product","3":"status-publish","4":"has-post-thumbnail","6":"product_cat-vtx-vrx","8":"first","9":"instock","10":"taxable","11":"shipping-taxable","12":"purchasable","13":"product-type-simple"},"barcode":null,"atum_controlled":true,"out_stock_date":null,"out_stock_threshold":null,"inheritable":false,"stock_on_hold":0,"sold_today":0,"sales_last_days":0,"out_stock_days":0,"lost_sales":0,"update_date":"2026-04-18T09:21:44","atum_locations":[],"atum_stock_status":"instock","restock_status":false,"low_stock_amount":"","sales_update_date":"2026-04-18T09:21:44","calc_backorders":null,"yoast_head":"<!-- This site is optimized with the Yoast SEO plugin v27.3 - https:\/\/yoast.com\/product\/yoast-seo-wordpress\/ -->\n<title>HGLRC ZEUS VTX 2,5 W ad alta potenza 5,8G FPV regolabile - Iha Race<\/title>\n<meta name=\"robots\" content=\"index, follow, max-snippet:-1, max-image-preview:large, max-video-preview:-1\" \/>\n<link rel=\"canonical\" href=\"https:\/\/iha-race.com\/it\/prodotto\/hglrc-zeus-vtx-25-w-ad-alta-potenza-58g-regolabile-fpv\/\" \/>\n<meta property=\"og:locale\" content=\"it_IT\" \/>\n<meta property=\"og:type\" content=\"article\" \/>\n<meta property=\"og:title\" content=\"HGLRC ZEUS VTX 2,5 W ad alta potenza 5,8G FPV regolabile - Iha Race\" \/>\n<meta property=\"og:description\" content=\"HGLRC ZEUS VTX 2,5 W ad alta potenza 5,8G FPV regolabile Vantaggi La distanza effettiva misurata quando vola vicino a un lago \u00e8 di 9 chilometri in presenza di interferenze\" \/>\n<meta property=\"og:url\" content=\"https:\/\/iha-race.com\/it\/prodotto\/hglrc-zeus-vtx-25-w-ad-alta-potenza-58g-regolabile-fpv\/\" \/>\n<meta property=\"og:site_name\" content=\"Iha Race\" \/>\n<meta property=\"article:modified_time\" content=\"2024-08-29T09:13:31+00:00\" \/>\n<meta property=\"og:image\" content=\"https:\/\/iha-race.com\/wp-content\/uploads\/2023\/11\/HGLRC-ZEUS-VTX-25-W-alta-potencia-58G-Ajustable-FPV.webp\" \/>\n\t<meta property=\"og:image:width\" content=\"1000\" \/>\n\t<meta property=\"og:image:height\" content=\"1000\" \/>\n\t<meta property=\"og:image:type\" content=\"image\/webp\" \/>\n<meta name=\"twitter:card\" content=\"summary_large_image\" \/>\n<meta name=\"twitter:label1\" content=\"Tempo di lettura stimato\" \/>\n\t<meta name=\"twitter:data1\" content=\"1 minuto\" \/>\n<script type=\"application\/ld+json\" class=\"yoast-schema-graph\">{\"@context\":\"https:\\\/\\\/schema.org\",\"@graph\":[{\"@type\":\"WebPage\",\"@id\":\"https:\\\/\\\/iha-race.com\\\/it\\\/prodotto\\\/hglrc-zeus-vtx-25-w-ad-alta-potenza-58g-regolabile-fpv\\\/\",\"url\":\"https:\\\/\\\/iha-race.com\\\/it\\\/prodotto\\\/hglrc-zeus-vtx-25-w-ad-alta-potenza-58g-regolabile-fpv\\\/\",\"name\":\"HGLRC ZEUS VTX 2,5 W ad alta potenza 5,8G FPV regolabile - Iha Race\",\"isPartOf\":{\"@id\":\"https:\\\/\\\/iha-race.com\\\/it\\\/#website\"},\"primaryImageOfPage\":{\"@id\":\"https:\\\/\\\/iha-race.com\\\/it\\\/prodotto\\\/hglrc-zeus-vtx-25-w-ad-alta-potenza-58g-regolabile-fpv\\\/#primaryimage\"},\"image\":{\"@id\":\"https:\\\/\\\/iha-race.com\\\/it\\\/prodotto\\\/hglrc-zeus-vtx-25-w-ad-alta-potenza-58g-regolabile-fpv\\\/#primaryimage\"},\"thumbnailUrl\":\"https:\\\/\\\/iha-race.com\\\/wp-content\\\/uploads\\\/2023\\\/11\\\/HGLRC-ZEUS-VTX-25-W-alta-potencia-58G-Ajustable-FPV.webp\",\"datePublished\":\"2023-11-28T16:03:43+00:00\",\"dateModified\":\"2024-08-29T09:13:31+00:00\",\"breadcrumb\":{\"@id\":\"https:\\\/\\\/iha-race.com\\\/it\\\/prodotto\\\/hglrc-zeus-vtx-25-w-ad-alta-potenza-58g-regolabile-fpv\\\/#breadcrumb\"},\"inLanguage\":\"it-IT\",\"potentialAction\":[{\"@type\":\"ReadAction\",\"target\":[\"https:\\\/\\\/iha-race.com\\\/it\\\/prodotto\\\/hglrc-zeus-vtx-25-w-ad-alta-potenza-58g-regolabile-fpv\\\/\"]}]},{\"@type\":\"ImageObject\",\"inLanguage\":\"it-IT\",\"@id\":\"https:\\\/\\\/iha-race.com\\\/it\\\/prodotto\\\/hglrc-zeus-vtx-25-w-ad-alta-potenza-58g-regolabile-fpv\\\/#primaryimage\",\"url\":\"https:\\\/\\\/iha-race.com\\\/wp-content\\\/uploads\\\/2023\\\/11\\\/HGLRC-ZEUS-VTX-25-W-alta-potencia-58G-Ajustable-FPV.webp\",\"contentUrl\":\"https:\\\/\\\/iha-race.com\\\/wp-content\\\/uploads\\\/2023\\\/11\\\/HGLRC-ZEUS-VTX-25-W-alta-potencia-58G-Ajustable-FPV.webp\",\"width\":1000,\"height\":1000,\"caption\":\"Comprar HGLRC ZEUS VTX 2,5 W alta potencia 5,8G Ajustable FPV\"},{\"@type\":\"BreadcrumbList\",\"@id\":\"https:\\\/\\\/iha-race.com\\\/it\\\/prodotto\\\/hglrc-zeus-vtx-25-w-ad-alta-potenza-58g-regolabile-fpv\\\/#breadcrumb\",\"itemListElement\":[{\"@type\":\"ListItem\",\"position\":1,\"name\":\"Portada\",\"item\":\"https:\\\/\\\/iha-race.com\\\/it\\\/\"},{\"@type\":\"ListItem\",\"position\":2,\"name\":\"Negozio\",\"item\":\"https:\\\/\\\/iha-race.com\\\/it\\\/negozio\\\/\"},{\"@type\":\"ListItem\",\"position\":3,\"name\":\"HGLRC ZEUS VTX 2,5 W ad alta potenza 5,8G FPV regolabile\"}]},{\"@type\":\"WebSite\",\"@id\":\"https:\\\/\\\/iha-race.com\\\/it\\\/#website\",\"url\":\"https:\\\/\\\/iha-race.com\\\/it\\\/\",\"name\":\"Iha Race\",\"description\":\"Comprar drones de carreras FPV env\u00edos en un d\u00eda desde Espa\u00f1a\",\"publisher\":{\"@id\":\"https:\\\/\\\/iha-race.com\\\/it\\\/#organization\"},\"potentialAction\":[{\"@type\":\"SearchAction\",\"target\":{\"@type\":\"EntryPoint\",\"urlTemplate\":\"https:\\\/\\\/iha-race.com\\\/it\\\/?s={search_term_string}\"},\"query-input\":{\"@type\":\"PropertyValueSpecification\",\"valueRequired\":true,\"valueName\":\"search_term_string\"}}],\"inLanguage\":\"it-IT\"},{\"@type\":\"Organization\",\"@id\":\"https:\\\/\\\/iha-race.com\\\/it\\\/#organization\",\"name\":\"Iha Race\",\"url\":\"https:\\\/\\\/iha-race.com\\\/it\\\/\",\"logo\":{\"@type\":\"ImageObject\",\"inLanguage\":\"it-IT\",\"@id\":\"https:\\\/\\\/iha-race.com\\\/it\\\/#\\\/schema\\\/logo\\\/image\\\/\",\"url\":\"https:\\\/\\\/iha-race.com\\\/wp-content\\\/uploads\\\/2018\\\/07\\\/iha-race-drones-de-carreras-tienda-comprar-drones.png\",\"contentUrl\":\"https:\\\/\\\/iha-race.com\\\/wp-content\\\/uploads\\\/2018\\\/07\\\/iha-race-drones-de-carreras-tienda-comprar-drones.png\",\"width\":300,\"height\":100,\"caption\":\"Iha Race\"},\"image\":{\"@id\":\"https:\\\/\\\/iha-race.com\\\/it\\\/#\\\/schema\\\/logo\\\/image\\\/\"}}]}<\/script>\n<!-- \/ Yoast SEO plugin. -->","yoast_head_json":{"title":"HGLRC ZEUS VTX 2,5 W ad alta potenza 5,8G FPV regolabile - Iha Race","robots":{"index":"index","follow":"follow","max-snippet":"max-snippet:-1","max-image-preview":"max-image-preview:large","max-video-preview":"max-video-preview:-1"},"canonical":"https:\/\/iha-race.com\/it\/prodotto\/hglrc-zeus-vtx-25-w-ad-alta-potenza-58g-regolabile-fpv\/","og_locale":"it_IT","og_type":"article","og_title":"HGLRC ZEUS VTX 2,5 W ad alta potenza 5,8G FPV regolabile - Iha Race","og_description":"HGLRC ZEUS VTX 2,5 W ad alta potenza 5,8G FPV regolabile Vantaggi La distanza effettiva misurata quando vola vicino a un lago \u00e8 di 9 chilometri in presenza di interferenze","og_url":"https:\/\/iha-race.com\/it\/prodotto\/hglrc-zeus-vtx-25-w-ad-alta-potenza-58g-regolabile-fpv\/","og_site_name":"Iha Race","article_modified_time":"2024-08-29T09:13:31+00:00","og_image":[{"width":1000,"height":1000,"url":"https:\/\/iha-race.com\/wp-content\/uploads\/2023\/11\/HGLRC-ZEUS-VTX-25-W-alta-potencia-58G-Ajustable-FPV.webp","type":"image\/webp"}],"twitter_card":"summary_large_image","twitter_misc":{"Tempo di lettura stimato":"1 minuto"},"schema":{"@context":"https:\/\/schema.org","@graph":[{"@type":"WebPage","@id":"https:\/\/iha-race.com\/it\/prodotto\/hglrc-zeus-vtx-25-w-ad-alta-potenza-58g-regolabile-fpv\/","url":"https:\/\/iha-race.com\/it\/prodotto\/hglrc-zeus-vtx-25-w-ad-alta-potenza-58g-regolabile-fpv\/","name":"HGLRC ZEUS VTX 2,5 W ad alta potenza 5,8G FPV regolabile - Iha Race","isPartOf":{"@id":"https:\/\/iha-race.com\/it\/#website"},"primaryImageOfPage":{"@id":"https:\/\/iha-race.com\/it\/prodotto\/hglrc-zeus-vtx-25-w-ad-alta-potenza-58g-regolabile-fpv\/#primaryimage"},"image":{"@id":"https:\/\/iha-race.com\/it\/prodotto\/hglrc-zeus-vtx-25-w-ad-alta-potenza-58g-regolabile-fpv\/#primaryimage"},"thumbnailUrl":"https:\/\/iha-race.com\/wp-content\/uploads\/2023\/11\/HGLRC-ZEUS-VTX-25-W-alta-potencia-58G-Ajustable-FPV.webp","datePublished":"2023-11-28T16:03:43+00:00","dateModified":"2024-08-29T09:13:31+00:00","breadcrumb":{"@id":"https:\/\/iha-race.com\/it\/prodotto\/hglrc-zeus-vtx-25-w-ad-alta-potenza-58g-regolabile-fpv\/#breadcrumb"},"inLanguage":"it-IT","potentialAction":[{"@type":"ReadAction","target":["https:\/\/iha-race.com\/it\/prodotto\/hglrc-zeus-vtx-25-w-ad-alta-potenza-58g-regolabile-fpv\/"]}]},{"@type":"ImageObject","inLanguage":"it-IT","@id":"https:\/\/iha-race.com\/it\/prodotto\/hglrc-zeus-vtx-25-w-ad-alta-potenza-58g-regolabile-fpv\/#primaryimage","url":"https:\/\/iha-race.com\/wp-content\/uploads\/2023\/11\/HGLRC-ZEUS-VTX-25-W-alta-potencia-58G-Ajustable-FPV.webp","contentUrl":"https:\/\/iha-race.com\/wp-content\/uploads\/2023\/11\/HGLRC-ZEUS-VTX-25-W-alta-potencia-58G-Ajustable-FPV.webp","width":1000,"height":1000,"caption":"Comprar HGLRC ZEUS VTX 2,5 W alta potencia 5,8G Ajustable FPV"},{"@type":"BreadcrumbList","@id":"https:\/\/iha-race.com\/it\/prodotto\/hglrc-zeus-vtx-25-w-ad-alta-potenza-58g-regolabile-fpv\/#breadcrumb","itemListElement":[{"@type":"ListItem","position":1,"name":"Portada","item":"https:\/\/iha-race.com\/it\/"},{"@type":"ListItem","position":2,"name":"Negozio","item":"https:\/\/iha-race.com\/it\/negozio\/"},{"@type":"ListItem","position":3,"name":"HGLRC ZEUS VTX 2,5 W ad alta potenza 5,8G FPV regolabile"}]},{"@type":"WebSite","@id":"https:\/\/iha-race.com\/it\/#website","url":"https:\/\/iha-race.com\/it\/","name":"Iha Race","description":"Comprar drones de carreras FPV env\u00edos en un d\u00eda desde Espa\u00f1a","publisher":{"@id":"https:\/\/iha-race.com\/it\/#organization"},"potentialAction":[{"@type":"SearchAction","target":{"@type":"EntryPoint","urlTemplate":"https:\/\/iha-race.com\/it\/?s={search_term_string}"},"query-input":{"@type":"PropertyValueSpecification","valueRequired":true,"valueName":"search_term_string"}}],"inLanguage":"it-IT"},{"@type":"Organization","@id":"https:\/\/iha-race.com\/it\/#organization","name":"Iha Race","url":"https:\/\/iha-race.com\/it\/","logo":{"@type":"ImageObject","inLanguage":"it-IT","@id":"https:\/\/iha-race.com\/it\/#\/schema\/logo\/image\/","url":"https:\/\/iha-race.com\/wp-content\/uploads\/2018\/07\/iha-race-drones-de-carreras-tienda-comprar-drones.png","contentUrl":"https:\/\/iha-race.com\/wp-content\/uploads\/2018\/07\/iha-race-drones-de-carreras-tienda-comprar-drones.png","width":300,"height":100,"caption":"Iha Race"},"image":{"@id":"https:\/\/iha-race.com\/it\/#\/schema\/logo\/image\/"}}]}},"jetpack_sharing_enabled":true,"brands":[],"_links":{"self":[{"href":"https:\/\/iha-race.com\/it\/wp-json\/wp\/v2\/product\/239190","targetHints":{"allow":["GET"]}}],"collection":[{"href":"https:\/\/iha-race.com\/it\/wp-json\/wp\/v2\/product"}],"about":[{"href":"https:\/\/iha-race.com\/it\/wp-json\/wp\/v2\/types\/product"}],"replies":[{"embeddable":true,"href":"https:\/\/iha-race.com\/it\/wp-json\/wp\/v2\/comments?post=239190"}],"version-history":[{"count":2,"href":"https:\/\/iha-race.com\/it\/wp-json\/wp\/v2\/product\/239190\/revisions"}],"predecessor-version":[{"id":239200,"href":"https:\/\/iha-race.com\/it\/wp-json\/wp\/v2\/product\/239190\/revisions\/239200"}],"wp:featuredmedia":[{"embeddable":true,"href":"https:\/\/iha-race.com\/it\/wp-json\/wp\/v2\/media\/239172"}],"wp:attachment":[{"href":"https:\/\/iha-race.com\/it\/wp-json\/wp\/v2\/media?parent=239190"}],"wp:term":[{"taxonomy":"pwb-brand","embeddable":true,"href":"https:\/\/iha-race.com\/it\/wp-json\/wp\/v2\/pwb-brand?post=239190"},{"taxonomy":"product_cat","embeddable":true,"href":"https:\/\/iha-race.com\/it\/wp-json\/wp\/v2\/product_cat?post=239190"},{"taxonomy":"product_tag","embeddable":true,"href":"https:\/\/iha-race.com\/it\/wp-json\/wp\/v2\/product_tag?post=239190"}],"curies":[{"name":"wp","href":"https:\/\/api.w.org\/{rel}","templated":true}]}}