{"id":238847,"date":"2023-11-16T17:53:46","date_gmt":"2023-11-16T16:53:46","guid":{"rendered":"https:\/\/iha-race.com\/producto\/striscia-led-betafpv-cob-serie-pavo\/"},"modified":"2024-12-26T00:00:57","modified_gmt":"2024-12-25T23:00:57","slug":"striscia-led-betafpv-cob-serie-pavo","status":"publish","type":"product","link":"https:\/\/iha-race.com\/it\/prodotto\/striscia-led-betafpv-cob-serie-pavo\/","title":{"rendered":"Striscia LED BetaFPV COB serie Pavo"},"content":{"rendered":"<h2>Striscia LED BetaFPV COB serie Pavo<\/h2>\n<p>  La striscia LED COB della serie Pavo \u00e8 una striscia LED alimentata a 5V che misura 560mm*4mm. Fornisce una maggiore visibilit\u00e0 e facilita l&#8217;osservazione del volo del drone da parte dei piloti di notte o in condizioni di scarsa illuminazione, migliorando anche la sicurezza operativa. Pu\u00f2 essere montato in modo sicuro nel condotto di ventilazione del telaio, aggiungendo effetti di luce unici e un aspetto visivamente accattivante. Scegli tra un&#8217;unica opzione di colore: blu ghiaccio, bianco, verde o rosso, oppure combina pi\u00f9 colori per personalizzare e migliorare la tua esperienza di volo e garantire la sicurezza.  <img decoding=\"async\" src=\"https:\/\/cdn.shopifycdn.net\/s\/files\/1\/1778\/6615\/files\/c5a4f69a7d76162714b5be8eb90c9e8e_04bc4a13-f691-4212-8f25-57c98aebf8da_1024x1024.jpg?v=1695644531\" alt=\"Striscia LED COB serie Pavo\"><\/p>\n<h2>Specifiche tecniche<\/h2>\n<ul>\n<li>Articolo: Striscia LED COB serie Pavo<\/li>\n<li>Colore: blu ghiaccio, bianco, verde, rosso<\/li>\n<li>Lunghezza: 560 mm<\/li>\n<li>Larghezza: 4 mm<\/li>\n<li>Tensione di alimentazione: 5 V<\/li>\n<li>Corrente: 450mA~600mA<\/li>\n<li>Segnale di controllo: livelli logici alti e bassi<\/li>\n<li>Drone applicabile: <a href=\"https:\/\/betafpv.com\/products\/pavo-pico-brushless-whoop\">Pavo Pico<\/a>, <a href=\"https:\/\/betafpv.com\/products\/pavo20-brushless-whoop-quadcopter\">pavo20<\/a>, Meteoro85<\/li>\n<\/ul>\n<div style=\"text-align: left;\">\n<div style=\"text-align: left;\">\n<h2>Configurazione<\/h2>\n<ul>\n<li><span class=\"a-list-item\">Collegare il controllore di volo alla configurazione Betaflight e passare all&#8217;interfaccia di configurazione CLI.<\/span><\/li>\n<li>Immettere RESOURCE nell&#8217;interfaccia di configurazione CLI e premere INVIO per esportare la definizione di configurazione dei pin della porta di controllo di volo.<\/li>\n<\/ul>\n<p><img decoding=\"async\" src=\"https:\/\/cdn.shopifycdn.net\/s\/files\/1\/1778\/6615\/files\/2_24b9d89d-b8c0-49c9-9eae-c90ef4d21bd7_480x480.jpg?v=1695372869\"><\/p>\n<ul>\n<li>Selezionare la porta disponibile sul flight controller come porta di controllo per la striscia LED COB. Di seguito, la porta TX1 della porta UART1 viene presa come esempio per configurare la funzione PINIO del controllore di volo:<\/li>\n<\/ul>\n<div class=\"table-wrapper\">\n<table width=\"669\">\n<tbody>\n<tr>\n<td width=\"299\">risorsa SERIAL_TX 1 NONE<\/td>\n<td width=\"370\">\/\/Disabilita la funzione della porta seriale del pin TX1.<\/td>\n<\/tr>\n<tr>\n<td width=\"299\">risorsa PINIO 1 A09<\/td>\n<td width=\"370\">\/\/Configura il pin TX1 (cio\u00e8 il pin A09) come funzione PINIO n. 2<\/td>\n<\/tr>\n<tr>\n<td width=\"299\">set pinio_box = 40,255,255,255,255<\/td>\n<td width=\"370\">\/\/Imposta l&#8217;intervallo della funzione PINIO<\/td>\n<\/tr>\n<tr>\n<td width=\"299\">salvare<\/td>\n<td width=\"370\">\/\/Salva la configurazione<\/td>\n<\/tr>\n<\/tbody>\n<\/table>\n<\/div>\n<ul>\n<li>Configurare la relazione di mappatura delle funzioni PINIO tra il controllore radio e il controllore di volo. Nella configurazione Betaflight, assegnare la funzione PINIO n. 1 (USER1 nella figura sottostante) al canale AUX3 del radiocomando (o altri canali sono accettabili).<\/li>\n<\/ul>\n<p><img fetchpriority=\"high\" decoding=\"async\" src=\"https:\/\/cdn.shopifycdn.net\/s\/files\/1\/1778\/6615\/files\/2_fddd7e93-18a2-426b-b2e3-5432a474932a_600x600.png?v=1695372889\" width=\"829\" height=\"94\"><\/p>\n<\/div>\n<div style=\"text-align: left;\"><em><span class=\"a-list-item\">Nota: l&#8217;aspetto della striscia LED COB blu ghiaccio \u00e8 giallo chiaro, mentre la striscia verde \u00e8 bianca e la striscia bianca \u00e8 gialla.<\/span><\/em><\/div>\n<div style=\"text-align: left;\"><\/div>\n<\/div>\n<h2 class=\"p1\">Il pacchetto comprende<\/h2>\n<ul>\n<li>1 x striscia LED COB serie Pavo a scelta (blu, bianco, verde, verde, rosso)<\/li>\n<\/ul>\n<div style=\"text-align: left;\"><\/div>\n","protected":false},"excerpt":{"rendered":"<p>Striscia LED BetaFPV COB serie Pavo La striscia LED COB della serie Pavo \u00e8 una striscia LED alimentata a 5V che misura 560mm*4mm. Fornisce una maggiore visibilit\u00e0 e facilita l&#8217;osservazione<\/p>\n","protected":false},"featured_media":238805,"comment_status":"open","ping_status":"closed","template":"","meta":{"_joinchat":[]},"pwb-brand":[],"product_cat":[1106,1108],"product_tag":[],"class_list":{"0":"post-238847","1":"product","2":"type-product","3":"status-publish","4":"has-post-thumbnail","6":"product_cat-accessori","7":"product_cat-led-e-cicalini","9":"first","10":"instock","11":"taxable","12":"shipping-taxable","13":"purchasable","14":"product-type-variable"},"barcode":null,"atum_controlled":true,"out_stock_date":null,"out_stock_threshold":null,"inheritable":true,"stock_on_hold":0,"sold_today":1,"sales_last_days":3,"out_stock_days":null,"lost_sales":0,"update_date":"2026-04-18T09:21:44","atum_locations":[],"atum_stock_status":"instock","restock_status":false,"low_stock_amount":"","sales_update_date":"2026-04-18T09:21:44","calc_backorders":null,"yoast_head":"<!-- This site is optimized with the Yoast SEO plugin v27.3 - https:\/\/yoast.com\/product\/yoast-seo-wordpress\/ -->\n<title>Striscia LED BetaFPV COB serie Pavo - Iha Race<\/title>\n<meta name=\"robots\" content=\"index, follow, max-snippet:-1, max-image-preview:large, max-video-preview:-1\" \/>\n<link rel=\"canonical\" href=\"https:\/\/iha-race.com\/it\/prodotto\/striscia-led-betafpv-cob-serie-pavo\/\" \/>\n<meta property=\"og:locale\" content=\"it_IT\" \/>\n<meta property=\"og:type\" content=\"article\" \/>\n<meta property=\"og:title\" content=\"Striscia LED BetaFPV COB serie Pavo - Iha Race\" \/>\n<meta property=\"og:description\" content=\"Striscia LED BetaFPV COB serie Pavo La striscia LED COB della serie Pavo \u00e8 una striscia LED alimentata a 5V che misura 560mm*4mm. Fornisce una maggiore visibilit\u00e0 e facilita l&#8217;osservazione\" \/>\n<meta property=\"og:url\" content=\"https:\/\/iha-race.com\/it\/prodotto\/striscia-led-betafpv-cob-serie-pavo\/\" \/>\n<meta property=\"og:site_name\" content=\"Iha Race\" \/>\n<meta property=\"article:modified_time\" content=\"2024-12-25T23:00:57+00:00\" \/>\n<meta property=\"og:image\" content=\"https:\/\/iha-race.com\/wp-content\/uploads\/2023\/11\/Tira-LED-COB-serie-Pavo.webp\" \/>\n\t<meta property=\"og:image:width\" content=\"720\" \/>\n\t<meta property=\"og:image:height\" content=\"720\" \/>\n\t<meta property=\"og:image:type\" content=\"image\/webp\" \/>\n<meta name=\"twitter:card\" content=\"summary_large_image\" \/>\n<meta name=\"twitter:label1\" content=\"Tempo di lettura stimato\" \/>\n\t<meta name=\"twitter:data1\" content=\"2 minuti\" \/>\n<script type=\"application\/ld+json\" class=\"yoast-schema-graph\">{\"@context\":\"https:\\\/\\\/schema.org\",\"@graph\":[{\"@type\":\"WebPage\",\"@id\":\"https:\\\/\\\/iha-race.com\\\/it\\\/prodotto\\\/striscia-led-betafpv-cob-serie-pavo\\\/\",\"url\":\"https:\\\/\\\/iha-race.com\\\/it\\\/prodotto\\\/striscia-led-betafpv-cob-serie-pavo\\\/\",\"name\":\"Striscia LED BetaFPV COB serie Pavo - Iha Race\",\"isPartOf\":{\"@id\":\"https:\\\/\\\/iha-race.com\\\/it\\\/#website\"},\"primaryImageOfPage\":{\"@id\":\"https:\\\/\\\/iha-race.com\\\/it\\\/prodotto\\\/striscia-led-betafpv-cob-serie-pavo\\\/#primaryimage\"},\"image\":{\"@id\":\"https:\\\/\\\/iha-race.com\\\/it\\\/prodotto\\\/striscia-led-betafpv-cob-serie-pavo\\\/#primaryimage\"},\"thumbnailUrl\":\"https:\\\/\\\/iha-race.com\\\/wp-content\\\/uploads\\\/2023\\\/11\\\/Tira-LED-COB-serie-Pavo.webp\",\"datePublished\":\"2023-11-16T16:53:46+00:00\",\"dateModified\":\"2024-12-25T23:00:57+00:00\",\"breadcrumb\":{\"@id\":\"https:\\\/\\\/iha-race.com\\\/it\\\/prodotto\\\/striscia-led-betafpv-cob-serie-pavo\\\/#breadcrumb\"},\"inLanguage\":\"it-IT\",\"potentialAction\":[{\"@type\":\"ReadAction\",\"target\":[\"https:\\\/\\\/iha-race.com\\\/it\\\/prodotto\\\/striscia-led-betafpv-cob-serie-pavo\\\/\"]}]},{\"@type\":\"ImageObject\",\"inLanguage\":\"it-IT\",\"@id\":\"https:\\\/\\\/iha-race.com\\\/it\\\/prodotto\\\/striscia-led-betafpv-cob-serie-pavo\\\/#primaryimage\",\"url\":\"https:\\\/\\\/iha-race.com\\\/wp-content\\\/uploads\\\/2023\\\/11\\\/Tira-LED-COB-serie-Pavo.webp\",\"contentUrl\":\"https:\\\/\\\/iha-race.com\\\/wp-content\\\/uploads\\\/2023\\\/11\\\/Tira-LED-COB-serie-Pavo.webp\",\"width\":720,\"height\":720},{\"@type\":\"BreadcrumbList\",\"@id\":\"https:\\\/\\\/iha-race.com\\\/it\\\/prodotto\\\/striscia-led-betafpv-cob-serie-pavo\\\/#breadcrumb\",\"itemListElement\":[{\"@type\":\"ListItem\",\"position\":1,\"name\":\"Portada\",\"item\":\"https:\\\/\\\/iha-race.com\\\/it\\\/\"},{\"@type\":\"ListItem\",\"position\":2,\"name\":\"Negozio\",\"item\":\"https:\\\/\\\/iha-race.com\\\/it\\\/negozio\\\/\"},{\"@type\":\"ListItem\",\"position\":3,\"name\":\"Striscia LED BetaFPV COB serie Pavo\"}]},{\"@type\":\"WebSite\",\"@id\":\"https:\\\/\\\/iha-race.com\\\/it\\\/#website\",\"url\":\"https:\\\/\\\/iha-race.com\\\/it\\\/\",\"name\":\"Iha Race\",\"description\":\"Comprar drones de carreras FPV env\u00edos en un d\u00eda desde Espa\u00f1a\",\"publisher\":{\"@id\":\"https:\\\/\\\/iha-race.com\\\/it\\\/#organization\"},\"potentialAction\":[{\"@type\":\"SearchAction\",\"target\":{\"@type\":\"EntryPoint\",\"urlTemplate\":\"https:\\\/\\\/iha-race.com\\\/it\\\/?s={search_term_string}\"},\"query-input\":{\"@type\":\"PropertyValueSpecification\",\"valueRequired\":true,\"valueName\":\"search_term_string\"}}],\"inLanguage\":\"it-IT\"},{\"@type\":\"Organization\",\"@id\":\"https:\\\/\\\/iha-race.com\\\/it\\\/#organization\",\"name\":\"Iha Race\",\"url\":\"https:\\\/\\\/iha-race.com\\\/it\\\/\",\"logo\":{\"@type\":\"ImageObject\",\"inLanguage\":\"it-IT\",\"@id\":\"https:\\\/\\\/iha-race.com\\\/it\\\/#\\\/schema\\\/logo\\\/image\\\/\",\"url\":\"https:\\\/\\\/iha-race.com\\\/wp-content\\\/uploads\\\/2018\\\/07\\\/iha-race-drones-de-carreras-tienda-comprar-drones.png\",\"contentUrl\":\"https:\\\/\\\/iha-race.com\\\/wp-content\\\/uploads\\\/2018\\\/07\\\/iha-race-drones-de-carreras-tienda-comprar-drones.png\",\"width\":300,\"height\":100,\"caption\":\"Iha Race\"},\"image\":{\"@id\":\"https:\\\/\\\/iha-race.com\\\/it\\\/#\\\/schema\\\/logo\\\/image\\\/\"}}]}<\/script>\n<!-- \/ Yoast SEO plugin. -->","yoast_head_json":{"title":"Striscia LED BetaFPV COB serie Pavo - Iha Race","robots":{"index":"index","follow":"follow","max-snippet":"max-snippet:-1","max-image-preview":"max-image-preview:large","max-video-preview":"max-video-preview:-1"},"canonical":"https:\/\/iha-race.com\/it\/prodotto\/striscia-led-betafpv-cob-serie-pavo\/","og_locale":"it_IT","og_type":"article","og_title":"Striscia LED BetaFPV COB serie Pavo - Iha Race","og_description":"Striscia LED BetaFPV COB serie Pavo La striscia LED COB della serie Pavo \u00e8 una striscia LED alimentata a 5V che misura 560mm*4mm. Fornisce una maggiore visibilit\u00e0 e facilita l&#8217;osservazione","og_url":"https:\/\/iha-race.com\/it\/prodotto\/striscia-led-betafpv-cob-serie-pavo\/","og_site_name":"Iha Race","article_modified_time":"2024-12-25T23:00:57+00:00","og_image":[{"width":720,"height":720,"url":"https:\/\/iha-race.com\/wp-content\/uploads\/2023\/11\/Tira-LED-COB-serie-Pavo.webp","type":"image\/webp"}],"twitter_card":"summary_large_image","twitter_misc":{"Tempo di lettura stimato":"2 minuti"},"schema":{"@context":"https:\/\/schema.org","@graph":[{"@type":"WebPage","@id":"https:\/\/iha-race.com\/it\/prodotto\/striscia-led-betafpv-cob-serie-pavo\/","url":"https:\/\/iha-race.com\/it\/prodotto\/striscia-led-betafpv-cob-serie-pavo\/","name":"Striscia LED BetaFPV COB serie Pavo - Iha Race","isPartOf":{"@id":"https:\/\/iha-race.com\/it\/#website"},"primaryImageOfPage":{"@id":"https:\/\/iha-race.com\/it\/prodotto\/striscia-led-betafpv-cob-serie-pavo\/#primaryimage"},"image":{"@id":"https:\/\/iha-race.com\/it\/prodotto\/striscia-led-betafpv-cob-serie-pavo\/#primaryimage"},"thumbnailUrl":"https:\/\/iha-race.com\/wp-content\/uploads\/2023\/11\/Tira-LED-COB-serie-Pavo.webp","datePublished":"2023-11-16T16:53:46+00:00","dateModified":"2024-12-25T23:00:57+00:00","breadcrumb":{"@id":"https:\/\/iha-race.com\/it\/prodotto\/striscia-led-betafpv-cob-serie-pavo\/#breadcrumb"},"inLanguage":"it-IT","potentialAction":[{"@type":"ReadAction","target":["https:\/\/iha-race.com\/it\/prodotto\/striscia-led-betafpv-cob-serie-pavo\/"]}]},{"@type":"ImageObject","inLanguage":"it-IT","@id":"https:\/\/iha-race.com\/it\/prodotto\/striscia-led-betafpv-cob-serie-pavo\/#primaryimage","url":"https:\/\/iha-race.com\/wp-content\/uploads\/2023\/11\/Tira-LED-COB-serie-Pavo.webp","contentUrl":"https:\/\/iha-race.com\/wp-content\/uploads\/2023\/11\/Tira-LED-COB-serie-Pavo.webp","width":720,"height":720},{"@type":"BreadcrumbList","@id":"https:\/\/iha-race.com\/it\/prodotto\/striscia-led-betafpv-cob-serie-pavo\/#breadcrumb","itemListElement":[{"@type":"ListItem","position":1,"name":"Portada","item":"https:\/\/iha-race.com\/it\/"},{"@type":"ListItem","position":2,"name":"Negozio","item":"https:\/\/iha-race.com\/it\/negozio\/"},{"@type":"ListItem","position":3,"name":"Striscia LED BetaFPV COB serie Pavo"}]},{"@type":"WebSite","@id":"https:\/\/iha-race.com\/it\/#website","url":"https:\/\/iha-race.com\/it\/","name":"Iha Race","description":"Comprar drones de carreras FPV env\u00edos en un d\u00eda desde Espa\u00f1a","publisher":{"@id":"https:\/\/iha-race.com\/it\/#organization"},"potentialAction":[{"@type":"SearchAction","target":{"@type":"EntryPoint","urlTemplate":"https:\/\/iha-race.com\/it\/?s={search_term_string}"},"query-input":{"@type":"PropertyValueSpecification","valueRequired":true,"valueName":"search_term_string"}}],"inLanguage":"it-IT"},{"@type":"Organization","@id":"https:\/\/iha-race.com\/it\/#organization","name":"Iha Race","url":"https:\/\/iha-race.com\/it\/","logo":{"@type":"ImageObject","inLanguage":"it-IT","@id":"https:\/\/iha-race.com\/it\/#\/schema\/logo\/image\/","url":"https:\/\/iha-race.com\/wp-content\/uploads\/2018\/07\/iha-race-drones-de-carreras-tienda-comprar-drones.png","contentUrl":"https:\/\/iha-race.com\/wp-content\/uploads\/2018\/07\/iha-race-drones-de-carreras-tienda-comprar-drones.png","width":300,"height":100,"caption":"Iha Race"},"image":{"@id":"https:\/\/iha-race.com\/it\/#\/schema\/logo\/image\/"}}]}},"jetpack_sharing_enabled":true,"brands":[],"_links":{"self":[{"href":"https:\/\/iha-race.com\/it\/wp-json\/wp\/v2\/product\/238847","targetHints":{"allow":["GET"]}}],"collection":[{"href":"https:\/\/iha-race.com\/it\/wp-json\/wp\/v2\/product"}],"about":[{"href":"https:\/\/iha-race.com\/it\/wp-json\/wp\/v2\/types\/product"}],"replies":[{"embeddable":true,"href":"https:\/\/iha-race.com\/it\/wp-json\/wp\/v2\/comments?post=238847"}],"version-history":[{"count":2,"href":"https:\/\/iha-race.com\/it\/wp-json\/wp\/v2\/product\/238847\/revisions"}],"predecessor-version":[{"id":248329,"href":"https:\/\/iha-race.com\/it\/wp-json\/wp\/v2\/product\/238847\/revisions\/248329"}],"wp:featuredmedia":[{"embeddable":true,"href":"https:\/\/iha-race.com\/it\/wp-json\/wp\/v2\/media\/238805"}],"wp:attachment":[{"href":"https:\/\/iha-race.com\/it\/wp-json\/wp\/v2\/media?parent=238847"}],"wp:term":[{"taxonomy":"pwb-brand","embeddable":true,"href":"https:\/\/iha-race.com\/it\/wp-json\/wp\/v2\/pwb-brand?post=238847"},{"taxonomy":"product_cat","embeddable":true,"href":"https:\/\/iha-race.com\/it\/wp-json\/wp\/v2\/product_cat?post=238847"},{"taxonomy":"product_tag","embeddable":true,"href":"https:\/\/iha-race.com\/it\/wp-json\/wp\/v2\/product_tag?post=238847"}],"curies":[{"name":"wp","href":"https:\/\/api.w.org\/{rel}","templated":true}]}}