{"id":237927,"date":"2023-10-16T18:56:25","date_gmt":"2023-10-16T16:56:25","guid":{"rendered":"https:\/\/iha-race.com\/producto\/chimera7-pro-v2-6s-hd-con-unita-dji-o3-air\/"},"modified":"2025-07-06T11:45:04","modified_gmt":"2025-07-06T09:45:04","slug":"chimera7-pro-v2-6s-hd-con-dji-o3-air-unit","status":"publish","type":"product","link":"https:\/\/iha-race.com\/it\/prodotto\/chimera7-pro-v2-6s-hd-con-dji-o3-air-unit\/","title":{"rendered":"Chimera7 Pro V2 6S HD con DJI O3 AIR UNIT + GPS"},"content":{"rendered":"<h2>Chimera7 Pro V2 6S HD con DJI O3 AIR UNIT + GPS<\/h2>\n<p>&nbsp;<\/p>\n<div class=\"woocommerce-product-details__short-description\">\n<div class=\"short-description\">\n<p><span style=\"color: #ff0000;\"><em><strong>SPEDIZIONE DA 7 A 10 GIORNI DOPO L&#8217;ACQUISTO<\/strong><\/em><\/span><\/p>\n<\/div>\n<\/div>\n<div class=\"wccc-content-block wccc-content-block-3498\">\n<div class=\"font80\"><\/div>\n<\/div>\n<p>  Il RE dell&#8217;FPV a lungo raggio! Un altro passo avanti nel campo delle immagini FPV da parte di DJI, grazie al miglioramento della struttura e dell&#8217;elettronica. Un uccello iFlight super-efficiente da 7,5 pollici a lungo raggio che pu\u00f2 andare dove non si poteva andare prima e pu\u00f2 trasportare batterie pi\u00f9 grandi per fare surf sulle Alpi svizzere, se lo si desidera! Un telaio super rigido per una risonanza minima e motori XING2 2809 per il massimo controllo dell&#8217;elica da 7,5 pollici. Volare con batterie grandi montate sulla parte superiore, o batterie ancora pi\u00f9 grandi montate sulla parte inferiore, 6 celle o 5 celle sono consigliate per la navigazione lenta. Ma qualunque sia lo stile di volo, un pacco Lipo o Lion far\u00e0 il suo dovere. Consigliata una batteria 5S da 3.000 mAh (a bassa velocit\u00e0) o la nostra nuova 6S da 3300 mAh.  <\/p>\n<h3><b>Motori XING2 fluidi e potenti<\/b><\/h3>\n<p>  L&#8217;ultimo aggiornamento dei nostri motori XING pi\u00f9 venduti: nessun compromesso! Tecnologia unibell (campana in un unico pezzo), albero robusto in lega di titanio con guarnizione della campana rinforzata, campana in alluminio 7075 resistente agli urti, cuscinetti giapponesi NSK lisci e duraturi, magneti ad arco curvo N52H con scanalatura centrale e il nostro XING O-ring di protezione della boccola.  <\/p>\n<h3><b>Il nuovissimo telaio Chimera7 Pro per la massima protezione<\/b><\/h3>\n<p>  Sono finiti i tempi in cui i tuoi dispositivi elettronici venivano ricoperti di sporcizia ed erba bagnata ad ogni incidente. Il nostro telaio di ultima generazione riduce la contaminazione che potrebbe accumularsi nel controller di volo o nell&#8217;ESC, evitando guasti o cortocircuiti. Flusso d&#8217;aria strategico per mantenere i componenti freschi e puliti senza rinunciare a peso e prestazioni. Pannelli laterali illuminati e protezioni in TPU a 360 gradi.  <\/p>\n<h3><b>Unit\u00e0 aerea DJI O3 HD Trasmissione digitale a bassa latenza  <\/b><\/h3>\n<p>  La portata della trasmissione video arriva fino a 10 km: goditi una visione chiara e fluida in tempo reale sui tuoi occhiali, anche in ambienti soggetti a interferenze. (Fonte DJI)  <\/p>\n<h3><b>Video stabilizzato 4K con ultragrandangolo da 155\u00b0<\/b><\/h3>\n<p>  Unitamente a prestazioni di imaging di alta qualit\u00e0, offre immagini eccezionali che terranno il tuo pubblico con il fiato sospeso. (Fonte DJI)  <\/p>\n<h3><b>Presa di corrente sicura con filtro antiscintilla<\/b><\/h3>\n<p>  Il collegamento di una batteria pu\u00f2 creare una forte scintilla sul connettore, causata dall&#8217;elevata corrente della batteria che entra prima nel condensatore a bassa ESR e riempie la capacit\u00e0 dell&#8217;ESC. Abbiamo aggiunto un circuito di protezione per prolungare la vita dei connettori XT60 e prevenire rapidi picchi di tensione o di corrente che possono danneggiare i tuoi dispositivi elettronici.  <\/p>\n<h3><b>Dissipatore di calore appositamente progettato per l&#8217;unit\u00e0 aerea DJI O3 HD<\/b><\/h3>\n<p>  Migliori prestazioni di raffreddamento per l&#8217;elevato consumo energetico del trasmettitore video DJI O3. Abbiamo aggiunto un dissipatore di calore CNC personalizzato per un&#8217;eccellente dissipazione del calore senza surriscaldamento, anche a livelli di potenza elevati.  <\/p>\n<h3><b>GPS preinstallato per una maggiore sicurezza a distanza<\/b><\/h3>\n<p>  Funzionalit\u00e0 GPS way-finding e modalit\u00e0 di salvataggio GPS Betaflight pronte da configurare (default off per evitare comportamenti inaspettati; istruzioni di configurazione incluse). Antenna iFlight LR da 100 mm personalizzata per una migliore copertura del segnale anche su lunghe distanze.  &nbsp;<\/p>\n<h3 class=\"temp-specs-td name\">Registro delle modifiche<\/h3>\n<div class=\"temp-specs-td value\">\n<ul>\n<li>13 dicembre 2022: sono stati progettati nuovi inserti in silicone per sostituire gli inserti in TPU che trattengono la camma 03 nei pannelli laterali.<\/li>\n<li>27 giugno 2023: il metodo di installazione dell&#8217;antenna passa da orizzontale a verticale. Il cliente deve avvitare le viti della staffa per antenna di tipo T.<\/li>\n<\/ul>\n<\/div>\n<div class=\"temp-specs-tr\">\n<h3 class=\"temp-specs-td name\">Specifiche tecniche<\/h3>\n<div class=\"temp-specs-td value\">\n<ul>\n<li>FC: Controllore di volo BLITZ F722<\/li>\n<li>ESC: BLITZ E55 4-IN-1 4-IN-1 2-6S 55A ESC<\/li>\n<li>Trasmissione video: Unit\u00e0 aerea DJI O3 \/ RUNCAM LINK Wasp (opzionale)<\/li>\n<li>Telaio: interasse 327 mm<\/li>\n<li>Motore: motori XING2 2809<\/li>\n<li>Elica: elica 7.5X3.7X3<\/li>\n<li>Peso: 695 \u00b1 5 g<\/li>\n<li>Modello: Chimera7 Pro<\/li>\n<li>Peso al decollo con 8000 mAH: circa. 1619\u00b110g<\/li>\n<li>Peso al decollo con 3300 mAH: circa. 1165\u00b110g<\/li>\n<li>Dimensioni (L x P x A): 270 x 199 x 34 mm.<\/li>\n<li>Velocit\u00e0 massima: 140 km\/h<\/li>\n<li>Altitudine massima di decollo: 7000 m<\/li>\n<li>Tempo massimo di percorrenza: circa. 30 minuti<\/li>\n<li>Distanza massima di volo: 18 km<\/li>\n<li>it Rango de temperatura de funcionamiento: -10\u00b0 a 40\u00b0 C (14\u00b0 a 104\u00b0 F)<\/li>\n<li>Potenza di trasmissione (EIRP): FCC: &lt; 33 dBm \/ CE: &lt; 14 dBm \/ SRRC: &lt; 30 dBm<\/li>\n<li>Antenne: doppia antenna (unit\u00e0 aerea DJI O3) \/ antenna singola (Runcam Link WASP)<\/li>\n<li>GNSS: GPS+SBAS+Galileo+QZSS+Glonass<\/li>\n<\/ul>\n<p>&nbsp;<\/p>\n<\/div>\n<\/div>\n<div class=\"temp-specs-tr\">\n<h3 class=\"temp-specs-td name\">it Transmisi\u00f3n de v\u00eddeo<\/h3>\n<div class=\"temp-specs-td value\">\n<ul>\n<li>Nome del prodotto: Unit\u00e0 aerea DJI O3<\/li>\n<li>Peso approssimativo. 36,4 grammi (compreso l&#8217;archetto)<\/li>\n<li>Larghezza di banda di comunicazione: max. 40 MHz<\/li>\n<li>FOV (schermo singolo): 155<\/li>\n<li>Frequenza di comunicazione: 2,400-2,4835 GHz (solo RX) \/ 5,725-5,850 GHz (RX e TX)<\/li>\n<li>Latenza end-to-end<\/li>\n<li>Con occhiali DJI FPV V2:<\/li>\n<li>Qualit\u00e0 di trasmissione video 810p\/120 fps: la latenza \u00e8 inferiore a 28 ms.<\/li>\n<li>Qualit\u00e0 di trasmissione video 810p\/60 fps: la latenza \u00e8 inferiore a 40 ms.<\/li>\n<li>Con occhiali DJI 2:<\/li>\n<li>Qualit\u00e0 di trasmissione video 1080p\/100 fps: la latenza \u00e8 di soli 30 ms.<\/li>\n<li>Qualit\u00e0 di trasmissione video 1080p\/60 fps: la latenza \u00e8 di soli 40 ms.<\/li>\n<li>Velocit\u00e0 massima di trasmissione video: 50 Mbps<\/li>\n<li>Portata massima di trasmissione video: 10 km (FCC), 2 km (CE), 6 km (SRRC)<\/li>\n<li>Intervallo di temperatura operativa: da -10\u00b0 a 40\u00b0 C (da 14\u00b0 a 104\u00b0 F)<\/li>\n<li>Ingresso di alimentazione: 7,4-26,4 V<\/li>\n<li>Trasmissione audio: N\/A<\/li>\n<\/ul>\n<\/div>\n<h3 class=\"temp-specs-td name\">Il pacchetto comprende<\/h3>\n<div class=\"temp-specs-td value\">\n<ul>\n<li>1 x Chimera7 Pro V2 6S HD<\/li>\n<li>2 x cuscinetto per batteria<\/li>\n<li>2 accessori da 7,5&#8243; (coppie)<\/li>\n<li>2 x cinghia per batteria<\/li>\n<li>1 sacchetto di viti<\/li>\n<\/ul>\n<\/div>\n<\/div>\n","protected":false},"excerpt":{"rendered":"<div class=\"woocommerce-product-details__short-description\">\n<div class=\"short-description\">\n<p><span style=\"color: #ff0000;\"><em><strong>SPEDIZIONE DA 7 A 10 GIORNI DOPO L&#8217;ACQUISTO<\/strong><\/em><\/span><\/p>\n<\/div>\n<\/div>\n<div class=\"wccc-content-block wccc-content-block-3498\">\n<div class=\"font80\"><\/div>\n<\/div>\n","protected":false},"featured_media":237899,"comment_status":"open","ping_status":"closed","template":"","meta":{"_joinchat":[]},"pwb-brand":[3571],"product_cat":[1438,3673],"product_tag":[],"class_list":{"0":"post-237927","1":"product","2":"type-product","3":"status-publish","4":"has-post-thumbnail","6":"pwb-brand-iflight","7":"product_cat-droni-fpv","8":"product_cat-rtf-montato","10":"first","11":"instock","12":"taxable","13":"shipping-taxable","14":"purchasable","15":"product-type-variable"},"barcode":null,"atum_controlled":true,"out_stock_date":null,"out_stock_threshold":null,"inheritable":true,"stock_on_hold":0,"sold_today":0,"sales_last_days":2,"out_stock_days":0,"lost_sales":0,"update_date":"2026-04-18T09:21:44","atum_locations":[],"atum_stock_status":"instock","restock_status":false,"low_stock_amount":"","sales_update_date":"2026-04-18T09:21:44","calc_backorders":null,"yoast_head":"<!-- This site is optimized with the Yoast SEO plugin v27.3 - https:\/\/yoast.com\/product\/yoast-seo-wordpress\/ -->\n<title>Chimera7 Pro V2 6S HD con DJI O3 AIR UNIT + GPS - Iha Race<\/title>\n<meta name=\"robots\" content=\"index, follow, max-snippet:-1, max-image-preview:large, max-video-preview:-1\" \/>\n<link rel=\"canonical\" href=\"https:\/\/iha-race.com\/it\/prodotto\/chimera7-pro-v2-6s-hd-con-dji-o3-air-unit\/\" \/>\n<meta property=\"og:locale\" content=\"it_IT\" \/>\n<meta property=\"og:type\" content=\"article\" \/>\n<meta property=\"og:title\" content=\"Chimera7 Pro V2 6S HD con DJI O3 AIR UNIT + GPS - Iha Race\" \/>\n<meta property=\"og:description\" content=\"SPEDIZIONE DA 7 A 10 GIORNI DOPO L&#039;ACQUISTO\" \/>\n<meta property=\"og:url\" content=\"https:\/\/iha-race.com\/it\/prodotto\/chimera7-pro-v2-6s-hd-con-dji-o3-air-unit\/\" \/>\n<meta property=\"og:site_name\" content=\"Iha Race\" \/>\n<meta property=\"article:modified_time\" content=\"2025-07-06T09:45:04+00:00\" \/>\n<meta property=\"og:image\" content=\"https:\/\/iha-race.com\/wp-content\/uploads\/2023\/10\/Quimera7-Pro-V2-6S-HD.png\" \/>\n\t<meta property=\"og:image:width\" content=\"1000\" \/>\n\t<meta property=\"og:image:height\" content=\"1000\" \/>\n\t<meta property=\"og:image:type\" content=\"image\/png\" \/>\n<meta name=\"twitter:card\" content=\"summary_large_image\" \/>\n<meta name=\"twitter:label1\" content=\"Tempo di lettura stimato\" \/>\n\t<meta name=\"twitter:data1\" content=\"4 minuti\" \/>\n<script type=\"application\/ld+json\" class=\"yoast-schema-graph\">{\"@context\":\"https:\\\/\\\/schema.org\",\"@graph\":[{\"@type\":\"WebPage\",\"@id\":\"https:\\\/\\\/iha-race.com\\\/it\\\/prodotto\\\/chimera7-pro-v2-6s-hd-con-dji-o3-air-unit\\\/\",\"url\":\"https:\\\/\\\/iha-race.com\\\/it\\\/prodotto\\\/chimera7-pro-v2-6s-hd-con-dji-o3-air-unit\\\/\",\"name\":\"Chimera7 Pro V2 6S HD con DJI O3 AIR UNIT + GPS - Iha Race\",\"isPartOf\":{\"@id\":\"https:\\\/\\\/iha-race.com\\\/it\\\/#website\"},\"primaryImageOfPage\":{\"@id\":\"https:\\\/\\\/iha-race.com\\\/it\\\/prodotto\\\/chimera7-pro-v2-6s-hd-con-dji-o3-air-unit\\\/#primaryimage\"},\"image\":{\"@id\":\"https:\\\/\\\/iha-race.com\\\/it\\\/prodotto\\\/chimera7-pro-v2-6s-hd-con-dji-o3-air-unit\\\/#primaryimage\"},\"thumbnailUrl\":\"https:\\\/\\\/iha-race.com\\\/wp-content\\\/uploads\\\/2023\\\/10\\\/Quimera7-Pro-V2-6S-HD.png\",\"datePublished\":\"2023-10-16T16:56:25+00:00\",\"dateModified\":\"2025-07-06T09:45:04+00:00\",\"breadcrumb\":{\"@id\":\"https:\\\/\\\/iha-race.com\\\/it\\\/prodotto\\\/chimera7-pro-v2-6s-hd-con-dji-o3-air-unit\\\/#breadcrumb\"},\"inLanguage\":\"it-IT\",\"potentialAction\":[{\"@type\":\"ReadAction\",\"target\":[\"https:\\\/\\\/iha-race.com\\\/it\\\/prodotto\\\/chimera7-pro-v2-6s-hd-con-dji-o3-air-unit\\\/\"]}]},{\"@type\":\"ImageObject\",\"inLanguage\":\"it-IT\",\"@id\":\"https:\\\/\\\/iha-race.com\\\/it\\\/prodotto\\\/chimera7-pro-v2-6s-hd-con-dji-o3-air-unit\\\/#primaryimage\",\"url\":\"https:\\\/\\\/iha-race.com\\\/wp-content\\\/uploads\\\/2023\\\/10\\\/Quimera7-Pro-V2-6S-HD.png\",\"contentUrl\":\"https:\\\/\\\/iha-race.com\\\/wp-content\\\/uploads\\\/2023\\\/10\\\/Quimera7-Pro-V2-6S-HD.png\",\"width\":1000,\"height\":1000},{\"@type\":\"BreadcrumbList\",\"@id\":\"https:\\\/\\\/iha-race.com\\\/it\\\/prodotto\\\/chimera7-pro-v2-6s-hd-con-dji-o3-air-unit\\\/#breadcrumb\",\"itemListElement\":[{\"@type\":\"ListItem\",\"position\":1,\"name\":\"Portada\",\"item\":\"https:\\\/\\\/iha-race.com\\\/it\\\/\"},{\"@type\":\"ListItem\",\"position\":2,\"name\":\"Negozio\",\"item\":\"https:\\\/\\\/iha-race.com\\\/it\\\/negozio\\\/\"},{\"@type\":\"ListItem\",\"position\":3,\"name\":\"Chimera7 Pro V2 6S HD con DJI O3 AIR UNIT + GPS\"}]},{\"@type\":\"WebSite\",\"@id\":\"https:\\\/\\\/iha-race.com\\\/it\\\/#website\",\"url\":\"https:\\\/\\\/iha-race.com\\\/it\\\/\",\"name\":\"Iha Race\",\"description\":\"Comprar drones de carreras FPV env\u00edos en un d\u00eda desde Espa\u00f1a\",\"publisher\":{\"@id\":\"https:\\\/\\\/iha-race.com\\\/it\\\/#organization\"},\"potentialAction\":[{\"@type\":\"SearchAction\",\"target\":{\"@type\":\"EntryPoint\",\"urlTemplate\":\"https:\\\/\\\/iha-race.com\\\/it\\\/?s={search_term_string}\"},\"query-input\":{\"@type\":\"PropertyValueSpecification\",\"valueRequired\":true,\"valueName\":\"search_term_string\"}}],\"inLanguage\":\"it-IT\"},{\"@type\":\"Organization\",\"@id\":\"https:\\\/\\\/iha-race.com\\\/it\\\/#organization\",\"name\":\"Iha Race\",\"url\":\"https:\\\/\\\/iha-race.com\\\/it\\\/\",\"logo\":{\"@type\":\"ImageObject\",\"inLanguage\":\"it-IT\",\"@id\":\"https:\\\/\\\/iha-race.com\\\/it\\\/#\\\/schema\\\/logo\\\/image\\\/\",\"url\":\"https:\\\/\\\/iha-race.com\\\/wp-content\\\/uploads\\\/2018\\\/07\\\/iha-race-drones-de-carreras-tienda-comprar-drones.png\",\"contentUrl\":\"https:\\\/\\\/iha-race.com\\\/wp-content\\\/uploads\\\/2018\\\/07\\\/iha-race-drones-de-carreras-tienda-comprar-drones.png\",\"width\":300,\"height\":100,\"caption\":\"Iha Race\"},\"image\":{\"@id\":\"https:\\\/\\\/iha-race.com\\\/it\\\/#\\\/schema\\\/logo\\\/image\\\/\"}}]}<\/script>\n<!-- \/ Yoast SEO plugin. -->","yoast_head_json":{"title":"Chimera7 Pro V2 6S HD con DJI O3 AIR UNIT + GPS - Iha Race","robots":{"index":"index","follow":"follow","max-snippet":"max-snippet:-1","max-image-preview":"max-image-preview:large","max-video-preview":"max-video-preview:-1"},"canonical":"https:\/\/iha-race.com\/it\/prodotto\/chimera7-pro-v2-6s-hd-con-dji-o3-air-unit\/","og_locale":"it_IT","og_type":"article","og_title":"Chimera7 Pro V2 6S HD con DJI O3 AIR UNIT + GPS - Iha Race","og_description":"SPEDIZIONE DA 7 A 10 GIORNI DOPO L'ACQUISTO","og_url":"https:\/\/iha-race.com\/it\/prodotto\/chimera7-pro-v2-6s-hd-con-dji-o3-air-unit\/","og_site_name":"Iha Race","article_modified_time":"2025-07-06T09:45:04+00:00","og_image":[{"width":1000,"height":1000,"url":"https:\/\/iha-race.com\/wp-content\/uploads\/2023\/10\/Quimera7-Pro-V2-6S-HD.png","type":"image\/png"}],"twitter_card":"summary_large_image","twitter_misc":{"Tempo di lettura stimato":"4 minuti"},"schema":{"@context":"https:\/\/schema.org","@graph":[{"@type":"WebPage","@id":"https:\/\/iha-race.com\/it\/prodotto\/chimera7-pro-v2-6s-hd-con-dji-o3-air-unit\/","url":"https:\/\/iha-race.com\/it\/prodotto\/chimera7-pro-v2-6s-hd-con-dji-o3-air-unit\/","name":"Chimera7 Pro V2 6S HD con DJI O3 AIR UNIT + GPS - Iha Race","isPartOf":{"@id":"https:\/\/iha-race.com\/it\/#website"},"primaryImageOfPage":{"@id":"https:\/\/iha-race.com\/it\/prodotto\/chimera7-pro-v2-6s-hd-con-dji-o3-air-unit\/#primaryimage"},"image":{"@id":"https:\/\/iha-race.com\/it\/prodotto\/chimera7-pro-v2-6s-hd-con-dji-o3-air-unit\/#primaryimage"},"thumbnailUrl":"https:\/\/iha-race.com\/wp-content\/uploads\/2023\/10\/Quimera7-Pro-V2-6S-HD.png","datePublished":"2023-10-16T16:56:25+00:00","dateModified":"2025-07-06T09:45:04+00:00","breadcrumb":{"@id":"https:\/\/iha-race.com\/it\/prodotto\/chimera7-pro-v2-6s-hd-con-dji-o3-air-unit\/#breadcrumb"},"inLanguage":"it-IT","potentialAction":[{"@type":"ReadAction","target":["https:\/\/iha-race.com\/it\/prodotto\/chimera7-pro-v2-6s-hd-con-dji-o3-air-unit\/"]}]},{"@type":"ImageObject","inLanguage":"it-IT","@id":"https:\/\/iha-race.com\/it\/prodotto\/chimera7-pro-v2-6s-hd-con-dji-o3-air-unit\/#primaryimage","url":"https:\/\/iha-race.com\/wp-content\/uploads\/2023\/10\/Quimera7-Pro-V2-6S-HD.png","contentUrl":"https:\/\/iha-race.com\/wp-content\/uploads\/2023\/10\/Quimera7-Pro-V2-6S-HD.png","width":1000,"height":1000},{"@type":"BreadcrumbList","@id":"https:\/\/iha-race.com\/it\/prodotto\/chimera7-pro-v2-6s-hd-con-dji-o3-air-unit\/#breadcrumb","itemListElement":[{"@type":"ListItem","position":1,"name":"Portada","item":"https:\/\/iha-race.com\/it\/"},{"@type":"ListItem","position":2,"name":"Negozio","item":"https:\/\/iha-race.com\/it\/negozio\/"},{"@type":"ListItem","position":3,"name":"Chimera7 Pro V2 6S HD con DJI O3 AIR UNIT + GPS"}]},{"@type":"WebSite","@id":"https:\/\/iha-race.com\/it\/#website","url":"https:\/\/iha-race.com\/it\/","name":"Iha Race","description":"Comprar drones de carreras FPV env\u00edos en un d\u00eda desde Espa\u00f1a","publisher":{"@id":"https:\/\/iha-race.com\/it\/#organization"},"potentialAction":[{"@type":"SearchAction","target":{"@type":"EntryPoint","urlTemplate":"https:\/\/iha-race.com\/it\/?s={search_term_string}"},"query-input":{"@type":"PropertyValueSpecification","valueRequired":true,"valueName":"search_term_string"}}],"inLanguage":"it-IT"},{"@type":"Organization","@id":"https:\/\/iha-race.com\/it\/#organization","name":"Iha Race","url":"https:\/\/iha-race.com\/it\/","logo":{"@type":"ImageObject","inLanguage":"it-IT","@id":"https:\/\/iha-race.com\/it\/#\/schema\/logo\/image\/","url":"https:\/\/iha-race.com\/wp-content\/uploads\/2018\/07\/iha-race-drones-de-carreras-tienda-comprar-drones.png","contentUrl":"https:\/\/iha-race.com\/wp-content\/uploads\/2018\/07\/iha-race-drones-de-carreras-tienda-comprar-drones.png","width":300,"height":100,"caption":"Iha Race"},"image":{"@id":"https:\/\/iha-race.com\/it\/#\/schema\/logo\/image\/"}}]}},"jetpack_sharing_enabled":true,"brands":[{"id":3571,"name":"iFlight","slug":"iflight"}],"_links":{"self":[{"href":"https:\/\/iha-race.com\/it\/wp-json\/wp\/v2\/product\/237927","targetHints":{"allow":["GET"]}}],"collection":[{"href":"https:\/\/iha-race.com\/it\/wp-json\/wp\/v2\/product"}],"about":[{"href":"https:\/\/iha-race.com\/it\/wp-json\/wp\/v2\/types\/product"}],"replies":[{"embeddable":true,"href":"https:\/\/iha-race.com\/it\/wp-json\/wp\/v2\/comments?post=237927"}],"version-history":[{"count":3,"href":"https:\/\/iha-race.com\/it\/wp-json\/wp\/v2\/product\/237927\/revisions"}],"predecessor-version":[{"id":248298,"href":"https:\/\/iha-race.com\/it\/wp-json\/wp\/v2\/product\/237927\/revisions\/248298"}],"wp:featuredmedia":[{"embeddable":true,"href":"https:\/\/iha-race.com\/it\/wp-json\/wp\/v2\/media\/237899"}],"wp:attachment":[{"href":"https:\/\/iha-race.com\/it\/wp-json\/wp\/v2\/media?parent=237927"}],"wp:term":[{"taxonomy":"pwb-brand","embeddable":true,"href":"https:\/\/iha-race.com\/it\/wp-json\/wp\/v2\/pwb-brand?post=237927"},{"taxonomy":"product_cat","embeddable":true,"href":"https:\/\/iha-race.com\/it\/wp-json\/wp\/v2\/product_cat?post=237927"},{"taxonomy":"product_tag","embeddable":true,"href":"https:\/\/iha-race.com\/it\/wp-json\/wp\/v2\/product_tag?post=237927"}],"curies":[{"name":"wp","href":"https:\/\/api.w.org\/{rel}","templated":true}]}}