{"id":237894,"date":"2023-10-16T18:36:07","date_gmt":"2023-10-16T16:36:07","guid":{"rendered":"https:\/\/iha-race.com\/producto\/bob57-o3-cinematic-6s-hd\/"},"modified":"2025-07-06T11:45:06","modified_gmt":"2025-07-06T09:45:06","slug":"bob57-o3-cinematic-6s-hd","status":"publish","type":"product","link":"https:\/\/iha-race.com\/it\/prodotto\/bob57-o3-cinematic-6s-hd\/","title":{"rendered":"BOB57 O3 Cinematic 6S HD"},"content":{"rendered":"<div class=\"title-product\">\n<h1>BOB57 O4 Cinematic 6S HD<\/h1>\n<div class=\"woocommerce-product-details__short-description\">\n<div class=\"short-description\">\n<div class=\"woocommerce-product-details__short-description\">\n<div class=\"short-description\">\n<p><span style=\"color: #ff0000;\"><em><strong>SPEDIZIONE DA 7 A 10 GIORNI DOPO L&#8217;ACQUISTO<\/strong><\/em><\/span><\/p>\n<\/div>\n<\/div>\n<\/div>\n<\/div>\n<div class=\"wccc-content-block wccc-content-block-3498\">\n<div class=\"font80\">\n<div class=\"temp-specs-tr\">\n<div class=\"temp-specs-td value\">\n<div><\/div>\n<div class=\"temp-specs-td name\"><strong>Descrizione:<\/strong><\/div>\n<div class=\"temp-specs-td value\">\n<p>L&#8217;iFlight BOB57 \u00e8 un drone HD a lungo raggio progettato in collaborazione con il pilota e videografo Ellis van Jason. Il team ha progettato questo drone cinematografico da 6 pollici che garantisce agilit\u00e0 e tempo di volo, combinando i vantaggi dei droni da 5 e 7 pollici per voli cinematografici e freestyle. <\/p>\n<div class=\"temp-specs-tr\">\n<div class=\"temp-specs-td name\"><strong>Riflessioni:<\/strong><\/div>\n<div class=\"temp-specs-td value\">\n<p>Il design del motore ibrido \u00e8 ottimizzato per l&#8217;utilizzo con eliche da 6&#8243; sia a due che a tre pale<\/p>\n<p>Il GPS di alta gamma viene utilizzato per ridurre al minimo il rischio di guasti durante i voli ravvicinati.<\/p>\n<p>Dorsale lunga con spazio sufficiente per inserire batterie 6S da 3000 mAh<\/p>\n<p>Un solido supporto per l&#8217;antenna per ridurre le oscillazioni quando si utilizzano antenne lunghe<\/p>\n<p>La custodia gladiator protegge dalla polvere e dalle gocce d&#8217;acqua.<\/p>\n<p>ESC con assorbitore di picchi incorporato per una maggiore affidabilit\u00e0<\/p>\n<p>BEC integrato per alimentare direttamente una videocamera GoPro<\/p>\n<p>Tempo di volo di 9 minuti con la batteria Lipo 6S da 3000 mAh<\/p>\n<p>XT-60 con montaggio frontale<\/p>\n<p>&nbsp;<\/p>\n<\/div>\n<\/div>\n<div class=\"temp-specs-tr\">\n<div class=\"temp-specs-td name\"><strong>Bilancio:<\/strong><\/div>\n<div class=\"temp-specs-td value\">\n<p>Nome prodotto: BOB57 O3 6S HD BNF<\/p>\n<p>FC: BLITZ F722<\/p>\n<p>ESC: ESC BLITZ E55 55A 4 IN 1<\/p>\n<p>Trasmissione video: Unit\u00e0 aerea DJI O3<\/p>\n<p>Telaio: interasse di 280 mm<\/p>\n<p>Motore: XING2 2506 1500KV Engines<\/p>\n<p>Elica: Eliche GEMFAN 6032-3<\/p>\n<p>Peso: 580 \u00b1 5 g<\/p>\n<p>Peso al decollo: circa. 805 \u00b1 5 g (con 6S 1400 mAh)<\/p>\n<p>Dimensioni (L\u00d7L\u00d7A): 226\u00d7166\u00d734 mm<\/p>\n<p data-sider-select-id=\"d8157a33-5cd0-4ea0-9be2-b63bb4d12283\">Velocit\u00e0 massima: 180 km\/h (modalit\u00e0 manuale)<\/p>\n<p>Altitudine massima di decollo: 7000 m<\/p>\n<p>Tempo massimo di volo: circa 8 minuti (con 6S 1400 senza carica). <\/p>\n<p>Resistenza alla velocit\u00e0 massima del vento: livello 7<\/p>\n<p>it Rango de temperatura de funcionamiento: -10\u00b0 a 40\u00b0 C (14\u00b0 a 104\u00b0 F)<\/p>\n<p>Antenne: 2 antenne<\/p>\n<p>Sistemi di navigazione globale (GNSS): GPS, SBAS, Galileo, QZSS e Glonass<\/p>\n<p>&nbsp;<\/p>\n<\/div>\n<\/div>\n<div class=\"temp-specs-tr\">\n<div class=\"temp-specs-td name\"><strong>Trasmissione video<\/strong><\/div>\n<div class=\"temp-specs-td value\">\n<p>Nome del prodotto: Unit\u00e0 aerea DJI O3<\/p>\n<p>Peso: circa. 36,4 grammi (compreso l&#8217;archetto)<\/p>\n<p>Dimensioni (L \u00d7 W \u00d7 H): L 32,5 x W 30,5 x H 14,5 mm<\/p>\n<p>Larghezza di banda di comunicazione: massimo 40 MHz<\/p>\n<p>Campo visivo (schermo singolo): 155\u00b0.<\/p>\n<p>Frequenza di comunicazione: 2,400-2,4835 GHz; 5,725-5,850 GHz<\/p>\n<p>Latenza end-to-end<\/p>\n<p>Con i DJI FPV Goggles V2:<\/p>\n<p>Qualit\u00e0 di streaming video a 810p\/120 fps: la latenza \u00e8 inferiore a 28 ms.<\/p>\n<p>Qualit\u00e0 di trasmissione video 810p\/60fps: la latenza \u00e8 inferiore a 40 ms.<\/p>\n<p>Con i DJI Goggles 2:<\/p>\n<p>Qualit\u00e0 di trasmissione video 1080p\/100 fps: la latenza \u00e8 di appena 30 ms.<\/p>\n<p>Qualit\u00e0 di streaming video 1080p\/60 fps: la latenza \u00e8 di soli 40 ms.<\/p>\n<p>Velocit\u00e0 massima di trasmissione video: 50 Mbps<\/p>\n<p>Portata massima di trasmissione video: 10 km (FCC), 2 km (CE), 6 km (SRRC)<\/p>\n<p>Intervallo di temperatura operativa: da -10\u00b0 a 40\u00b0 C (da 14\u00b0 a 104\u00b0 F)<\/p>\n<p>Ingresso di alimentazione: 7,4-26,4 V<\/p>\n<p>Trasmissione audio: N\/A<\/p>\n<p>&nbsp;<\/p>\n<\/div>\n<\/div>\n<div class=\"temp-specs-tr\">\n<div class=\"temp-specs-td name\"><strong>Il pacchetto comprende<\/strong><\/div>\n<div class=\"temp-specs-td value\">\n<p>1 x BOB57 6S HD BNF 2 x Antenne 2 x Pastiglie per batteria 2 x Puntelli (coppie)<\/p>\n<p>&nbsp;<\/p>\n<\/div>\n<\/div>\n<div class=\"temp-specs-tr\">\n<div class=\"temp-specs-td name\"><strong>Importante:<\/strong><\/div>\n<div class=\"temp-specs-td value\">\n<p>Non preoccuparti della messa a punto, l&#8217;abbiamo gi\u00e0 fatta noi per te! La messa a punto di base del PID e dei filtri \u00e8 stata applicata per un&#8217;esperienza di volo eccezionale. <\/p>\n<p>Per recuperare i brani o gli aggiornamenti persi, consulta il nostro articolo collegato su &#8220;Firmware\/factory dump&#8221;.<\/p>\n<p>La modalit\u00e0 Angle (modalit\u00e0 di livellamento autobilanciato) \u00e8 attivata di default per garantire che il tuo primo volo non finisca in un disastro!<\/p>\n<p>Consulta il nostro articolo collegato su &#8220;Come disattivare la modalit\u00e0 angolare e attivare la modalit\u00e0 acrobatica&#8221;.<\/p>\n<p>&nbsp;<\/p>\n<\/div>\n<\/div>\n<div class=\"temp-specs-tr\">\n<div class=\"temp-specs-td name\"><strong>Nota:<\/strong><\/div>\n<div class=\"temp-specs-td value\">\n<p>1. I prodotti iFlight possono essere utilizzati solo per scopi civili ed \u00e8 vietato qualsiasi uso diretto o indiretto dei prodotti iFlight per o in connessione con quanto segue:<\/p>\n<p>(1) Qualsiasi scopo di guerra militare o uso correlato alla guerra militare;<\/p>\n<p>(2) Attivit\u00e0 terroristiche: l&#8217;acquirente dovr\u00e0 richiedere ai propri clienti o utenti finali di rispettare i requisiti di cui sopra.<\/p>\n<p>2. I partner di iFlight devono rispettare rigorosamente le leggi e le sanzioni applicabili in materia di controllo delle esportazioni, nonch\u00e9 qualsiasi requisito scritto di conformit\u00e0 a tali controlli emesso di volta in volta da iFlight.<\/p>\n<p>Se la Parte A ha violato le leggi e i regolamenti sul controllo delle esportazioni o le sanzioni economiche, la Parte B ha il diritto di sospendere immediatamente la consegna di merci alla Parte A o di interrompere la relativa cooperazione senza alcuna responsabilit\u00e0.<\/p>\n<p>Per contenuti pi\u00f9 specifici vedi: <a href=\"https:\/\/shop.iflight.com\/Export-Policy-info\">https:\/\/shop.iflight.com\/Export-Policy-info<\/a><\/p>\n<\/div>\n<\/div>\n<\/div>\n<\/div>\n<\/div>\n<\/div>\n<\/div>\n<\/div>\n","protected":false},"excerpt":{"rendered":"<p><span style=\"color: #ff0000;\"><em><strong>SPEDIZIONE DA 7 A 10 GIORNI DOPO L&#8217;ACQUISTO<\/strong><\/em><\/span><\/p>\n","protected":false},"featured_media":237874,"comment_status":"open","ping_status":"closed","template":"","meta":{"_joinchat":[]},"pwb-brand":[3571],"product_cat":[1438,3673],"product_tag":[],"class_list":{"0":"post-237894","1":"product","2":"type-product","3":"status-publish","4":"has-post-thumbnail","6":"pwb-brand-iflight","7":"product_cat-droni-fpv","8":"product_cat-rtf-montato","10":"first","11":"instock","12":"taxable","13":"shipping-taxable","14":"purchasable","15":"product-type-variable"},"barcode":null,"atum_controlled":true,"out_stock_date":null,"out_stock_threshold":null,"inheritable":true,"stock_on_hold":0,"sold_today":0,"sales_last_days":0,"out_stock_days":0,"lost_sales":0,"update_date":"2026-04-16T22:22:49","atum_locations":[],"atum_stock_status":"instock","restock_status":false,"low_stock_amount":"","sales_update_date":"2026-04-16T22:22:49","calc_backorders":null,"yoast_head":"<!-- This site is optimized with the Yoast SEO plugin v27.3 - https:\/\/yoast.com\/product\/yoast-seo-wordpress\/ -->\n<title>BOB57 O3 Cinematic 6S HD - Iha Race<\/title>\n<meta name=\"robots\" content=\"index, follow, max-snippet:-1, max-image-preview:large, max-video-preview:-1\" \/>\n<link rel=\"canonical\" href=\"https:\/\/iha-race.com\/it\/prodotto\/bob57-o3-cinematic-6s-hd\/\" \/>\n<meta property=\"og:locale\" content=\"it_IT\" \/>\n<meta property=\"og:type\" content=\"article\" \/>\n<meta property=\"og:title\" content=\"BOB57 O3 Cinematic 6S HD - Iha Race\" \/>\n<meta property=\"og:description\" content=\"SPEDIZIONE DA 7 A 10 GIORNI DOPO L&#039;ACQUISTO\" \/>\n<meta property=\"og:url\" content=\"https:\/\/iha-race.com\/it\/prodotto\/bob57-o3-cinematic-6s-hd\/\" \/>\n<meta property=\"og:site_name\" content=\"Iha Race\" \/>\n<meta property=\"article:modified_time\" content=\"2025-07-06T09:45:06+00:00\" \/>\n<meta property=\"og:image\" content=\"https:\/\/iha-race.com\/wp-content\/uploads\/2023\/10\/BOB57-O3-Cinematico-6S-HD.png\" \/>\n\t<meta property=\"og:image:width\" content=\"1000\" \/>\n\t<meta property=\"og:image:height\" content=\"1000\" \/>\n\t<meta property=\"og:image:type\" content=\"image\/png\" \/>\n<meta name=\"twitter:card\" content=\"summary_large_image\" \/>\n<meta name=\"twitter:label1\" content=\"Tempo di lettura stimato\" \/>\n\t<meta name=\"twitter:data1\" content=\"3 minuti\" \/>\n<script type=\"application\/ld+json\" class=\"yoast-schema-graph\">{\"@context\":\"https:\\\/\\\/schema.org\",\"@graph\":[{\"@type\":\"WebPage\",\"@id\":\"https:\\\/\\\/iha-race.com\\\/it\\\/prodotto\\\/bob57-o3-cinematic-6s-hd\\\/\",\"url\":\"https:\\\/\\\/iha-race.com\\\/it\\\/prodotto\\\/bob57-o3-cinematic-6s-hd\\\/\",\"name\":\"BOB57 O3 Cinematic 6S HD - Iha Race\",\"isPartOf\":{\"@id\":\"https:\\\/\\\/iha-race.com\\\/it\\\/#website\"},\"primaryImageOfPage\":{\"@id\":\"https:\\\/\\\/iha-race.com\\\/it\\\/prodotto\\\/bob57-o3-cinematic-6s-hd\\\/#primaryimage\"},\"image\":{\"@id\":\"https:\\\/\\\/iha-race.com\\\/it\\\/prodotto\\\/bob57-o3-cinematic-6s-hd\\\/#primaryimage\"},\"thumbnailUrl\":\"https:\\\/\\\/iha-race.com\\\/wp-content\\\/uploads\\\/2023\\\/10\\\/BOB57-O3-Cinematico-6S-HD.png\",\"datePublished\":\"2023-10-16T16:36:07+00:00\",\"dateModified\":\"2025-07-06T09:45:06+00:00\",\"breadcrumb\":{\"@id\":\"https:\\\/\\\/iha-race.com\\\/it\\\/prodotto\\\/bob57-o3-cinematic-6s-hd\\\/#breadcrumb\"},\"inLanguage\":\"it-IT\",\"potentialAction\":[{\"@type\":\"ReadAction\",\"target\":[\"https:\\\/\\\/iha-race.com\\\/it\\\/prodotto\\\/bob57-o3-cinematic-6s-hd\\\/\"]}]},{\"@type\":\"ImageObject\",\"inLanguage\":\"it-IT\",\"@id\":\"https:\\\/\\\/iha-race.com\\\/it\\\/prodotto\\\/bob57-o3-cinematic-6s-hd\\\/#primaryimage\",\"url\":\"https:\\\/\\\/iha-race.com\\\/wp-content\\\/uploads\\\/2023\\\/10\\\/BOB57-O3-Cinematico-6S-HD.png\",\"contentUrl\":\"https:\\\/\\\/iha-race.com\\\/wp-content\\\/uploads\\\/2023\\\/10\\\/BOB57-O3-Cinematico-6S-HD.png\",\"width\":1000,\"height\":1000},{\"@type\":\"BreadcrumbList\",\"@id\":\"https:\\\/\\\/iha-race.com\\\/it\\\/prodotto\\\/bob57-o3-cinematic-6s-hd\\\/#breadcrumb\",\"itemListElement\":[{\"@type\":\"ListItem\",\"position\":1,\"name\":\"Portada\",\"item\":\"https:\\\/\\\/iha-race.com\\\/it\\\/\"},{\"@type\":\"ListItem\",\"position\":2,\"name\":\"Negozio\",\"item\":\"https:\\\/\\\/iha-race.com\\\/it\\\/negozio\\\/\"},{\"@type\":\"ListItem\",\"position\":3,\"name\":\"BOB57 O3 Cinematic 6S HD\"}]},{\"@type\":\"WebSite\",\"@id\":\"https:\\\/\\\/iha-race.com\\\/it\\\/#website\",\"url\":\"https:\\\/\\\/iha-race.com\\\/it\\\/\",\"name\":\"Iha Race\",\"description\":\"Comprar drones de carreras FPV env\u00edos en un d\u00eda desde Espa\u00f1a\",\"publisher\":{\"@id\":\"https:\\\/\\\/iha-race.com\\\/it\\\/#organization\"},\"potentialAction\":[{\"@type\":\"SearchAction\",\"target\":{\"@type\":\"EntryPoint\",\"urlTemplate\":\"https:\\\/\\\/iha-race.com\\\/it\\\/?s={search_term_string}\"},\"query-input\":{\"@type\":\"PropertyValueSpecification\",\"valueRequired\":true,\"valueName\":\"search_term_string\"}}],\"inLanguage\":\"it-IT\"},{\"@type\":\"Organization\",\"@id\":\"https:\\\/\\\/iha-race.com\\\/it\\\/#organization\",\"name\":\"Iha Race\",\"url\":\"https:\\\/\\\/iha-race.com\\\/it\\\/\",\"logo\":{\"@type\":\"ImageObject\",\"inLanguage\":\"it-IT\",\"@id\":\"https:\\\/\\\/iha-race.com\\\/it\\\/#\\\/schema\\\/logo\\\/image\\\/\",\"url\":\"https:\\\/\\\/iha-race.com\\\/wp-content\\\/uploads\\\/2018\\\/07\\\/iha-race-drones-de-carreras-tienda-comprar-drones.png\",\"contentUrl\":\"https:\\\/\\\/iha-race.com\\\/wp-content\\\/uploads\\\/2018\\\/07\\\/iha-race-drones-de-carreras-tienda-comprar-drones.png\",\"width\":300,\"height\":100,\"caption\":\"Iha Race\"},\"image\":{\"@id\":\"https:\\\/\\\/iha-race.com\\\/it\\\/#\\\/schema\\\/logo\\\/image\\\/\"}}]}<\/script>\n<!-- \/ Yoast SEO plugin. -->","yoast_head_json":{"title":"BOB57 O3 Cinematic 6S HD - Iha Race","robots":{"index":"index","follow":"follow","max-snippet":"max-snippet:-1","max-image-preview":"max-image-preview:large","max-video-preview":"max-video-preview:-1"},"canonical":"https:\/\/iha-race.com\/it\/prodotto\/bob57-o3-cinematic-6s-hd\/","og_locale":"it_IT","og_type":"article","og_title":"BOB57 O3 Cinematic 6S HD - Iha Race","og_description":"SPEDIZIONE DA 7 A 10 GIORNI DOPO L'ACQUISTO","og_url":"https:\/\/iha-race.com\/it\/prodotto\/bob57-o3-cinematic-6s-hd\/","og_site_name":"Iha Race","article_modified_time":"2025-07-06T09:45:06+00:00","og_image":[{"width":1000,"height":1000,"url":"https:\/\/iha-race.com\/wp-content\/uploads\/2023\/10\/BOB57-O3-Cinematico-6S-HD.png","type":"image\/png"}],"twitter_card":"summary_large_image","twitter_misc":{"Tempo di lettura stimato":"3 minuti"},"schema":{"@context":"https:\/\/schema.org","@graph":[{"@type":"WebPage","@id":"https:\/\/iha-race.com\/it\/prodotto\/bob57-o3-cinematic-6s-hd\/","url":"https:\/\/iha-race.com\/it\/prodotto\/bob57-o3-cinematic-6s-hd\/","name":"BOB57 O3 Cinematic 6S HD - Iha Race","isPartOf":{"@id":"https:\/\/iha-race.com\/it\/#website"},"primaryImageOfPage":{"@id":"https:\/\/iha-race.com\/it\/prodotto\/bob57-o3-cinematic-6s-hd\/#primaryimage"},"image":{"@id":"https:\/\/iha-race.com\/it\/prodotto\/bob57-o3-cinematic-6s-hd\/#primaryimage"},"thumbnailUrl":"https:\/\/iha-race.com\/wp-content\/uploads\/2023\/10\/BOB57-O3-Cinematico-6S-HD.png","datePublished":"2023-10-16T16:36:07+00:00","dateModified":"2025-07-06T09:45:06+00:00","breadcrumb":{"@id":"https:\/\/iha-race.com\/it\/prodotto\/bob57-o3-cinematic-6s-hd\/#breadcrumb"},"inLanguage":"it-IT","potentialAction":[{"@type":"ReadAction","target":["https:\/\/iha-race.com\/it\/prodotto\/bob57-o3-cinematic-6s-hd\/"]}]},{"@type":"ImageObject","inLanguage":"it-IT","@id":"https:\/\/iha-race.com\/it\/prodotto\/bob57-o3-cinematic-6s-hd\/#primaryimage","url":"https:\/\/iha-race.com\/wp-content\/uploads\/2023\/10\/BOB57-O3-Cinematico-6S-HD.png","contentUrl":"https:\/\/iha-race.com\/wp-content\/uploads\/2023\/10\/BOB57-O3-Cinematico-6S-HD.png","width":1000,"height":1000},{"@type":"BreadcrumbList","@id":"https:\/\/iha-race.com\/it\/prodotto\/bob57-o3-cinematic-6s-hd\/#breadcrumb","itemListElement":[{"@type":"ListItem","position":1,"name":"Portada","item":"https:\/\/iha-race.com\/it\/"},{"@type":"ListItem","position":2,"name":"Negozio","item":"https:\/\/iha-race.com\/it\/negozio\/"},{"@type":"ListItem","position":3,"name":"BOB57 O3 Cinematic 6S HD"}]},{"@type":"WebSite","@id":"https:\/\/iha-race.com\/it\/#website","url":"https:\/\/iha-race.com\/it\/","name":"Iha Race","description":"Comprar drones de carreras FPV env\u00edos en un d\u00eda desde Espa\u00f1a","publisher":{"@id":"https:\/\/iha-race.com\/it\/#organization"},"potentialAction":[{"@type":"SearchAction","target":{"@type":"EntryPoint","urlTemplate":"https:\/\/iha-race.com\/it\/?s={search_term_string}"},"query-input":{"@type":"PropertyValueSpecification","valueRequired":true,"valueName":"search_term_string"}}],"inLanguage":"it-IT"},{"@type":"Organization","@id":"https:\/\/iha-race.com\/it\/#organization","name":"Iha Race","url":"https:\/\/iha-race.com\/it\/","logo":{"@type":"ImageObject","inLanguage":"it-IT","@id":"https:\/\/iha-race.com\/it\/#\/schema\/logo\/image\/","url":"https:\/\/iha-race.com\/wp-content\/uploads\/2018\/07\/iha-race-drones-de-carreras-tienda-comprar-drones.png","contentUrl":"https:\/\/iha-race.com\/wp-content\/uploads\/2018\/07\/iha-race-drones-de-carreras-tienda-comprar-drones.png","width":300,"height":100,"caption":"Iha Race"},"image":{"@id":"https:\/\/iha-race.com\/it\/#\/schema\/logo\/image\/"}}]}},"brands":[{"id":3571,"name":"iFlight","slug":"iflight"}],"_links":{"self":[{"href":"https:\/\/iha-race.com\/it\/wp-json\/wp\/v2\/product\/237894","targetHints":{"allow":["GET"]}}],"collection":[{"href":"https:\/\/iha-race.com\/it\/wp-json\/wp\/v2\/product"}],"about":[{"href":"https:\/\/iha-race.com\/it\/wp-json\/wp\/v2\/types\/product"}],"replies":[{"embeddable":true,"href":"https:\/\/iha-race.com\/it\/wp-json\/wp\/v2\/comments?post=237894"}],"version-history":[{"count":5,"href":"https:\/\/iha-race.com\/it\/wp-json\/wp\/v2\/product\/237894\/revisions"}],"predecessor-version":[{"id":252947,"href":"https:\/\/iha-race.com\/it\/wp-json\/wp\/v2\/product\/237894\/revisions\/252947"}],"wp:featuredmedia":[{"embeddable":true,"href":"https:\/\/iha-race.com\/it\/wp-json\/wp\/v2\/media\/237874"}],"wp:attachment":[{"href":"https:\/\/iha-race.com\/it\/wp-json\/wp\/v2\/media?parent=237894"}],"wp:term":[{"taxonomy":"pwb-brand","embeddable":true,"href":"https:\/\/iha-race.com\/it\/wp-json\/wp\/v2\/pwb-brand?post=237894"},{"taxonomy":"product_cat","embeddable":true,"href":"https:\/\/iha-race.com\/it\/wp-json\/wp\/v2\/product_cat?post=237894"},{"taxonomy":"product_tag","embeddable":true,"href":"https:\/\/iha-race.com\/it\/wp-json\/wp\/v2\/product_tag?post=237894"}],"curies":[{"name":"wp","href":"https:\/\/api.w.org\/{rel}","templated":true}]}}