{"id":236655,"date":"2023-09-08T13:28:20","date_gmt":"2023-09-08T11:28:20","guid":{"rendered":"https:\/\/iha-race.com\/producto\/radiomaster-rp1-24-ghz-expresslrs-elrs-nano-ricevitore-v2\/"},"modified":"2024-07-20T10:11:38","modified_gmt":"2024-07-20T08:11:38","slug":"radiomaster-rp1-2-4-ghz-expresslrs-elrs-nano-ricevitore-v2","status":"publish","type":"product","link":"https:\/\/iha-race.com\/it\/prodotto\/radiomaster-rp1-2-4-ghz-expresslrs-elrs-nano-ricevitore-v2\/","title":{"rendered":"RadioMaster &#8211; RP1 2,4 ghz ExpressLRS ELRS Nano Ricevitore V2"},"content":{"rendered":"<h2><span data-sheets-value=\"{\"1\":2,\"2\":\"RadioMaster - RP1 2.4ghz ExpressLRS ELRS Nano Receptor V2\"}\" data-sheets-userformat=\"{\"2\":9089,\"3\":{\"1\":0},\"10\":2,\"11\":4,\"12\":0,\"16\":12}\">RadioMaster &#8211; RP1 2,4 ghz ExpressLRS ELRS Nano Ricevitore V2<\/span><\/h2>\n<p>&nbsp;<\/p>\n<ul class=\"desc_title\">\n<li class=\"themes_box_title\">\n<ul class=\"desc_title\">\n<li class=\"themes_box_title\">DESCRIZIONE<\/li>\n<\/ul>\n<div class=\"editor_txt ck-content themes_text_content\">\n<p>La serie di ricevitori RadioMaster RP \u00e8 stata progettata tenendo conto delle dimensioni, della facilit\u00e0 d&#8217;uso e della portata. Utilizzando il firmware open source ExpressLRS a 2,4 GHz, la serie RP di ricevitori nano offre le caratteristiche e la portata che i piloti si aspettano.<\/p>\n<p>Sviluppata attorno all&#8217;MCU ESP8285 e al chip RF SX1280IMLTRT, la serie RP offre collegamenti RF Lora e FLRC a 2,4 GHz che offrono una portata incredibile e una bassa latenza. Grazie al Wifi integrato, gli aggiornamenti FW possono essere eseguiti sull&#8217;imbarcazione senza dover rimuovere il ricevitore. L&#8217;accoppiamento pu\u00f2 essere effettuato tramite una frase di accoppiamento, il che significa niente pi\u00f9 prese di accoppiamento o complicate pressioni di pulsanti quando si cerca di collegare la batteria.<\/p>\n<p>Piccola nelle dimensioni ma grande nelle funzioni e nella portata, la serie di ricevitori RP vi soddisfa.<\/p>\n<p><strong>Cosa c&#8217;\u00e8 di nuovo in RP1<\/strong><br \/>\n\u2605 Il design migliorato della PCB favorisce la dissipazione del calore.<br \/>\n\u2605 Antenna rigida per una maggiore durata e prestazioni.<br \/>\n\u2605 I tamponi di saldatura sono stati migliorati e sono pi\u00f9 facili da saldare.<br \/>\n\u2605 LED sulla parte superiore del PCB.<\/p>\n<p><strong>Specifiche:<\/strong><br \/>\nNome articolo: RP1 Nano<br \/>\nTipo di ricevitore: ISM<br \/>\nMCU ESP8285<br \/>\nModulo RF SX1280IMLTRT<br \/>\nAntenna: 65 mm 2,4 ghz T-antenna<br \/>\nGamma di frequenza: da 2400 MHz a 2480 MHz<br \/>\nMassima frequenza di aggiornamento in ricezione: 500 Hz\/F1000 Hz<br \/>\nFrequenza minima di aggiornamento del ricevitore: 25 Hz<br \/>\nTensione di funzionamento: 5 V<br \/>\nPeso: 0,53 g (senza antenna)<br \/>\nDimensioni: 13 mm * 11 mm * 3 mm<br \/>\nTCXO: S\u00ec<\/p>\n<p>Per saperne di pi\u00f9 su ExpressLRS<br \/>\nhttps:\/\/www.expresslrs.org\/<\/p>\n<p><img decoding=\"async\" class=\"\" src=\"https:\/\/ueeshop.ly200-cdn.com\/u_file\/UPAX\/UPAX406\/2308\/23\/photo\/RP1-V2-1000X1000-1-43fc.jpg?x-oss-process=image\/format,webp\"><img decoding=\"async\" class=\"\" src=\"https:\/\/ueeshop.ly200-cdn.com\/u_file\/UPAX\/UPAX406\/2308\/23\/photo\/RP-V2-Detail-Page-EN-PC-Shared-ede5.jpg?x-oss-process=image\/format,webp\"><\/p>\n<p>Note:<br \/>\nELRS (standard) \u00e8 preinstallato con ExpressLRS ISM FW (la potenza massima dipende dall&#8217;hardware).<br \/>\n&#8212;-<br \/>\nLa versione ELRS LBT (Europa) \u00e8 preinstallata con ExpressLRS CE EU domain LBT FW (potenza limitata a 100 mw).<\/p>\n<\/div>\n<\/li>\n<\/ul>\n","protected":false},"excerpt":{"rendered":"<p>RadioMaster &#8211; RP1 2,4 ghz ExpressLRS ELRS Nano Ricevitore V2 &nbsp; DESCRIZIONE La serie di ricevitori RadioMaster RP \u00e8 stata progettata tenendo conto delle dimensioni, della facilit\u00e0 d&#8217;uso e della<\/p>\n","protected":false},"featured_media":236652,"comment_status":"open","ping_status":"closed","template":"","meta":{"_joinchat":[]},"pwb-brand":[3577],"product_cat":[1278,2440],"product_tag":[],"class_list":{"0":"post-236655","1":"product","2":"type-product","3":"status-publish","4":"has-post-thumbnail","6":"pwb-brand-radiomaster","7":"product_cat-emittenti","8":"product_cat-ricevitori-rx","10":"first","11":"instock","12":"sale","13":"taxable","14":"shipping-taxable","15":"purchasable","16":"product-type-simple"},"barcode":null,"atum_controlled":true,"out_stock_date":null,"out_stock_threshold":null,"inheritable":false,"stock_on_hold":0,"sold_today":0,"sales_last_days":1,"out_stock_days":0,"lost_sales":0,"update_date":"2026-04-06T13:25:28","atum_locations":[],"atum_stock_status":"instock","restock_status":false,"low_stock_amount":"","sales_update_date":"2026-04-06T13:25:28","calc_backorders":null,"yoast_head":"<!-- This site is optimized with the Yoast SEO plugin v27.3 - https:\/\/yoast.com\/product\/yoast-seo-wordpress\/ -->\n<title>RadioMaster - RP1 2,4 ghz ExpressLRS ELRS Nano Ricevitore V2 - Iha Race<\/title>\n<meta name=\"robots\" content=\"index, follow, max-snippet:-1, max-image-preview:large, max-video-preview:-1\" \/>\n<link rel=\"canonical\" href=\"https:\/\/iha-race.com\/it\/prodotto\/radiomaster-rp1-2-4-ghz-expresslrs-elrs-nano-ricevitore-v2\/\" \/>\n<meta property=\"og:locale\" content=\"it_IT\" \/>\n<meta property=\"og:type\" content=\"article\" \/>\n<meta property=\"og:title\" content=\"RadioMaster - RP1 2,4 ghz ExpressLRS ELRS Nano Ricevitore V2 - Iha Race\" \/>\n<meta property=\"og:description\" content=\"RadioMaster &#8211; RP1 2,4 ghz ExpressLRS ELRS Nano Ricevitore V2 &nbsp; DESCRIZIONE La serie di ricevitori RadioMaster RP \u00e8 stata progettata tenendo conto delle dimensioni, della facilit\u00e0 d&#8217;uso e della\" \/>\n<meta property=\"og:url\" content=\"https:\/\/iha-race.com\/it\/prodotto\/radiomaster-rp1-2-4-ghz-expresslrs-elrs-nano-ricevitore-v2\/\" \/>\n<meta property=\"og:site_name\" content=\"Iha Race\" \/>\n<meta property=\"article:modified_time\" content=\"2024-07-20T08:11:38+00:00\" \/>\n<meta property=\"og:image\" content=\"https:\/\/iha-race.com\/wp-content\/uploads\/2023\/09\/RP1-V2-1000X1000-1-43fc.webp\" \/>\n\t<meta property=\"og:image:width\" content=\"1000\" \/>\n\t<meta property=\"og:image:height\" content=\"1000\" \/>\n\t<meta property=\"og:image:type\" content=\"image\/webp\" \/>\n<meta name=\"twitter:card\" content=\"summary_large_image\" \/>\n<meta name=\"twitter:label1\" content=\"Tempo di lettura stimato\" \/>\n\t<meta name=\"twitter:data1\" content=\"1 minuto\" \/>\n<script type=\"application\/ld+json\" class=\"yoast-schema-graph\">{\"@context\":\"https:\\\/\\\/schema.org\",\"@graph\":[{\"@type\":\"WebPage\",\"@id\":\"https:\\\/\\\/iha-race.com\\\/it\\\/prodotto\\\/radiomaster-rp1-2-4-ghz-expresslrs-elrs-nano-ricevitore-v2\\\/\",\"url\":\"https:\\\/\\\/iha-race.com\\\/it\\\/prodotto\\\/radiomaster-rp1-2-4-ghz-expresslrs-elrs-nano-ricevitore-v2\\\/\",\"name\":\"RadioMaster - RP1 2,4 ghz ExpressLRS ELRS Nano Ricevitore V2 - Iha Race\",\"isPartOf\":{\"@id\":\"https:\\\/\\\/iha-race.com\\\/it\\\/#website\"},\"primaryImageOfPage\":{\"@id\":\"https:\\\/\\\/iha-race.com\\\/it\\\/prodotto\\\/radiomaster-rp1-2-4-ghz-expresslrs-elrs-nano-ricevitore-v2\\\/#primaryimage\"},\"image\":{\"@id\":\"https:\\\/\\\/iha-race.com\\\/it\\\/prodotto\\\/radiomaster-rp1-2-4-ghz-expresslrs-elrs-nano-ricevitore-v2\\\/#primaryimage\"},\"thumbnailUrl\":\"https:\\\/\\\/iha-race.com\\\/wp-content\\\/uploads\\\/2023\\\/09\\\/RP1-V2-1000X1000-1-43fc.webp\",\"datePublished\":\"2023-09-08T11:28:20+00:00\",\"dateModified\":\"2024-07-20T08:11:38+00:00\",\"breadcrumb\":{\"@id\":\"https:\\\/\\\/iha-race.com\\\/it\\\/prodotto\\\/radiomaster-rp1-2-4-ghz-expresslrs-elrs-nano-ricevitore-v2\\\/#breadcrumb\"},\"inLanguage\":\"it-IT\",\"potentialAction\":[{\"@type\":\"ReadAction\",\"target\":[\"https:\\\/\\\/iha-race.com\\\/it\\\/prodotto\\\/radiomaster-rp1-2-4-ghz-expresslrs-elrs-nano-ricevitore-v2\\\/\"]}]},{\"@type\":\"ImageObject\",\"inLanguage\":\"it-IT\",\"@id\":\"https:\\\/\\\/iha-race.com\\\/it\\\/prodotto\\\/radiomaster-rp1-2-4-ghz-expresslrs-elrs-nano-ricevitore-v2\\\/#primaryimage\",\"url\":\"https:\\\/\\\/iha-race.com\\\/wp-content\\\/uploads\\\/2023\\\/09\\\/RP1-V2-1000X1000-1-43fc.webp\",\"contentUrl\":\"https:\\\/\\\/iha-race.com\\\/wp-content\\\/uploads\\\/2023\\\/09\\\/RP1-V2-1000X1000-1-43fc.webp\",\"width\":1000,\"height\":1000,\"caption\":\"Comprar RadioMaster - RP1 2.4ghz ExpressLRS ELRS Nano Receptor V2\"},{\"@type\":\"BreadcrumbList\",\"@id\":\"https:\\\/\\\/iha-race.com\\\/it\\\/prodotto\\\/radiomaster-rp1-2-4-ghz-expresslrs-elrs-nano-ricevitore-v2\\\/#breadcrumb\",\"itemListElement\":[{\"@type\":\"ListItem\",\"position\":1,\"name\":\"Portada\",\"item\":\"https:\\\/\\\/iha-race.com\\\/it\\\/\"},{\"@type\":\"ListItem\",\"position\":2,\"name\":\"Negozio\",\"item\":\"https:\\\/\\\/iha-race.com\\\/it\\\/negozio\\\/\"},{\"@type\":\"ListItem\",\"position\":3,\"name\":\"RadioMaster &#8211; RP1 2,4 ghz ExpressLRS ELRS Nano Ricevitore V2\"}]},{\"@type\":\"WebSite\",\"@id\":\"https:\\\/\\\/iha-race.com\\\/it\\\/#website\",\"url\":\"https:\\\/\\\/iha-race.com\\\/it\\\/\",\"name\":\"Iha Race\",\"description\":\"Comprar drones de carreras FPV env\u00edos en un d\u00eda desde Espa\u00f1a\",\"publisher\":{\"@id\":\"https:\\\/\\\/iha-race.com\\\/it\\\/#organization\"},\"potentialAction\":[{\"@type\":\"SearchAction\",\"target\":{\"@type\":\"EntryPoint\",\"urlTemplate\":\"https:\\\/\\\/iha-race.com\\\/it\\\/?s={search_term_string}\"},\"query-input\":{\"@type\":\"PropertyValueSpecification\",\"valueRequired\":true,\"valueName\":\"search_term_string\"}}],\"inLanguage\":\"it-IT\"},{\"@type\":\"Organization\",\"@id\":\"https:\\\/\\\/iha-race.com\\\/it\\\/#organization\",\"name\":\"Iha Race\",\"url\":\"https:\\\/\\\/iha-race.com\\\/it\\\/\",\"logo\":{\"@type\":\"ImageObject\",\"inLanguage\":\"it-IT\",\"@id\":\"https:\\\/\\\/iha-race.com\\\/it\\\/#\\\/schema\\\/logo\\\/image\\\/\",\"url\":\"https:\\\/\\\/iha-race.com\\\/wp-content\\\/uploads\\\/2018\\\/07\\\/iha-race-drones-de-carreras-tienda-comprar-drones.png\",\"contentUrl\":\"https:\\\/\\\/iha-race.com\\\/wp-content\\\/uploads\\\/2018\\\/07\\\/iha-race-drones-de-carreras-tienda-comprar-drones.png\",\"width\":300,\"height\":100,\"caption\":\"Iha Race\"},\"image\":{\"@id\":\"https:\\\/\\\/iha-race.com\\\/it\\\/#\\\/schema\\\/logo\\\/image\\\/\"}}]}<\/script>\n<!-- \/ Yoast SEO plugin. -->","yoast_head_json":{"title":"RadioMaster - RP1 2,4 ghz ExpressLRS ELRS Nano Ricevitore V2 - Iha Race","robots":{"index":"index","follow":"follow","max-snippet":"max-snippet:-1","max-image-preview":"max-image-preview:large","max-video-preview":"max-video-preview:-1"},"canonical":"https:\/\/iha-race.com\/it\/prodotto\/radiomaster-rp1-2-4-ghz-expresslrs-elrs-nano-ricevitore-v2\/","og_locale":"it_IT","og_type":"article","og_title":"RadioMaster - RP1 2,4 ghz ExpressLRS ELRS Nano Ricevitore V2 - Iha Race","og_description":"RadioMaster &#8211; RP1 2,4 ghz ExpressLRS ELRS Nano Ricevitore V2 &nbsp; DESCRIZIONE La serie di ricevitori RadioMaster RP \u00e8 stata progettata tenendo conto delle dimensioni, della facilit\u00e0 d&#8217;uso e della","og_url":"https:\/\/iha-race.com\/it\/prodotto\/radiomaster-rp1-2-4-ghz-expresslrs-elrs-nano-ricevitore-v2\/","og_site_name":"Iha Race","article_modified_time":"2024-07-20T08:11:38+00:00","og_image":[{"width":1000,"height":1000,"url":"https:\/\/iha-race.com\/wp-content\/uploads\/2023\/09\/RP1-V2-1000X1000-1-43fc.webp","type":"image\/webp"}],"twitter_card":"summary_large_image","twitter_misc":{"Tempo di lettura stimato":"1 minuto"},"schema":{"@context":"https:\/\/schema.org","@graph":[{"@type":"WebPage","@id":"https:\/\/iha-race.com\/it\/prodotto\/radiomaster-rp1-2-4-ghz-expresslrs-elrs-nano-ricevitore-v2\/","url":"https:\/\/iha-race.com\/it\/prodotto\/radiomaster-rp1-2-4-ghz-expresslrs-elrs-nano-ricevitore-v2\/","name":"RadioMaster - RP1 2,4 ghz ExpressLRS ELRS Nano Ricevitore V2 - Iha Race","isPartOf":{"@id":"https:\/\/iha-race.com\/it\/#website"},"primaryImageOfPage":{"@id":"https:\/\/iha-race.com\/it\/prodotto\/radiomaster-rp1-2-4-ghz-expresslrs-elrs-nano-ricevitore-v2\/#primaryimage"},"image":{"@id":"https:\/\/iha-race.com\/it\/prodotto\/radiomaster-rp1-2-4-ghz-expresslrs-elrs-nano-ricevitore-v2\/#primaryimage"},"thumbnailUrl":"https:\/\/iha-race.com\/wp-content\/uploads\/2023\/09\/RP1-V2-1000X1000-1-43fc.webp","datePublished":"2023-09-08T11:28:20+00:00","dateModified":"2024-07-20T08:11:38+00:00","breadcrumb":{"@id":"https:\/\/iha-race.com\/it\/prodotto\/radiomaster-rp1-2-4-ghz-expresslrs-elrs-nano-ricevitore-v2\/#breadcrumb"},"inLanguage":"it-IT","potentialAction":[{"@type":"ReadAction","target":["https:\/\/iha-race.com\/it\/prodotto\/radiomaster-rp1-2-4-ghz-expresslrs-elrs-nano-ricevitore-v2\/"]}]},{"@type":"ImageObject","inLanguage":"it-IT","@id":"https:\/\/iha-race.com\/it\/prodotto\/radiomaster-rp1-2-4-ghz-expresslrs-elrs-nano-ricevitore-v2\/#primaryimage","url":"https:\/\/iha-race.com\/wp-content\/uploads\/2023\/09\/RP1-V2-1000X1000-1-43fc.webp","contentUrl":"https:\/\/iha-race.com\/wp-content\/uploads\/2023\/09\/RP1-V2-1000X1000-1-43fc.webp","width":1000,"height":1000,"caption":"Comprar RadioMaster - RP1 2.4ghz ExpressLRS ELRS Nano Receptor V2"},{"@type":"BreadcrumbList","@id":"https:\/\/iha-race.com\/it\/prodotto\/radiomaster-rp1-2-4-ghz-expresslrs-elrs-nano-ricevitore-v2\/#breadcrumb","itemListElement":[{"@type":"ListItem","position":1,"name":"Portada","item":"https:\/\/iha-race.com\/it\/"},{"@type":"ListItem","position":2,"name":"Negozio","item":"https:\/\/iha-race.com\/it\/negozio\/"},{"@type":"ListItem","position":3,"name":"RadioMaster &#8211; RP1 2,4 ghz ExpressLRS ELRS Nano Ricevitore V2"}]},{"@type":"WebSite","@id":"https:\/\/iha-race.com\/it\/#website","url":"https:\/\/iha-race.com\/it\/","name":"Iha Race","description":"Comprar drones de carreras FPV env\u00edos en un d\u00eda desde Espa\u00f1a","publisher":{"@id":"https:\/\/iha-race.com\/it\/#organization"},"potentialAction":[{"@type":"SearchAction","target":{"@type":"EntryPoint","urlTemplate":"https:\/\/iha-race.com\/it\/?s={search_term_string}"},"query-input":{"@type":"PropertyValueSpecification","valueRequired":true,"valueName":"search_term_string"}}],"inLanguage":"it-IT"},{"@type":"Organization","@id":"https:\/\/iha-race.com\/it\/#organization","name":"Iha Race","url":"https:\/\/iha-race.com\/it\/","logo":{"@type":"ImageObject","inLanguage":"it-IT","@id":"https:\/\/iha-race.com\/it\/#\/schema\/logo\/image\/","url":"https:\/\/iha-race.com\/wp-content\/uploads\/2018\/07\/iha-race-drones-de-carreras-tienda-comprar-drones.png","contentUrl":"https:\/\/iha-race.com\/wp-content\/uploads\/2018\/07\/iha-race-drones-de-carreras-tienda-comprar-drones.png","width":300,"height":100,"caption":"Iha Race"},"image":{"@id":"https:\/\/iha-race.com\/it\/#\/schema\/logo\/image\/"}}]}},"brands":[{"id":3577,"name":"RADIOMASTER","slug":"radiomaster"}],"_links":{"self":[{"href":"https:\/\/iha-race.com\/it\/wp-json\/wp\/v2\/product\/236655","targetHints":{"allow":["GET"]}}],"collection":[{"href":"https:\/\/iha-race.com\/it\/wp-json\/wp\/v2\/product"}],"about":[{"href":"https:\/\/iha-race.com\/it\/wp-json\/wp\/v2\/types\/product"}],"replies":[{"embeddable":true,"href":"https:\/\/iha-race.com\/it\/wp-json\/wp\/v2\/comments?post=236655"}],"version-history":[{"count":1,"href":"https:\/\/iha-race.com\/it\/wp-json\/wp\/v2\/product\/236655\/revisions"}],"predecessor-version":[{"id":236990,"href":"https:\/\/iha-race.com\/it\/wp-json\/wp\/v2\/product\/236655\/revisions\/236990"}],"wp:featuredmedia":[{"embeddable":true,"href":"https:\/\/iha-race.com\/it\/wp-json\/wp\/v2\/media\/236652"}],"wp:attachment":[{"href":"https:\/\/iha-race.com\/it\/wp-json\/wp\/v2\/media?parent=236655"}],"wp:term":[{"taxonomy":"pwb-brand","embeddable":true,"href":"https:\/\/iha-race.com\/it\/wp-json\/wp\/v2\/pwb-brand?post=236655"},{"taxonomy":"product_cat","embeddable":true,"href":"https:\/\/iha-race.com\/it\/wp-json\/wp\/v2\/product_cat?post=236655"},{"taxonomy":"product_tag","embeddable":true,"href":"https:\/\/iha-race.com\/it\/wp-json\/wp\/v2\/product_tag?post=236655"}],"curies":[{"name":"wp","href":"https:\/\/api.w.org\/{rel}","templated":true}]}}