{"id":236636,"date":"2023-09-07T11:13:16","date_gmt":"2023-09-07T09:13:16","guid":{"rendered":"https:\/\/iha-race.com\/producto\/batteria-lipo-tattu-23000mah-228v-25c-6s1p-con-xt150as150\/"},"modified":"2024-08-29T11:10:25","modified_gmt":"2024-08-29T09:10:25","slug":"bateria-lipo-tattu-23000mah-228v-25c-6s1p-con-xt150as150","status":"publish","type":"product","link":"https:\/\/iha-race.com\/it\/prodotto\/bateria-lipo-tattu-23000mah-228v-25c-6s1p-con-xt150as150\/","title":{"rendered":"Batteria Lipo Tattu 23000mAh 22,8V 25C 6S1P con XT150+AS150"},"content":{"rendered":"<h1><span data-sheets-value=\"{\"1\":2,\"2\":\"Paquete de bater\u00edas Lipo Tattu 23000mAh 22,8V 25C 6S1P con XT150+AS150\"}\" data-sheets-userformat=\"{\"2\":15299,\"3\":{\"1\":0},\"4\":{\"1\":2,\"2\":16777215},\"9\":0,\"10\":2,\"11\":4,\"12\":0,\"14\":{\"1\":2,\"2\":3355443},\"15\":\"\\\"Roboto Condensed\\\", sans-serif\",\"16\":12}\">Batteria Lipo Tattu 23000mAh 22,8V 25C 6S1P con XT150+AS150<\/span><\/h1>\n<p><span style=\"color: #ff0000;\"><strong><em>Spedizione gratuita 5\/7 giorni dalla Germania con UPS<\/em><\/strong><\/span> Tattu, il marchio gemello di Gens Ace, si muove sotto Grepow, leader mondiale nella produzione di batterie ai polimeri di litio ad alto tasso di scarica. Tattu \u00e8 stato progettato specificamente per le esigenze dei pi\u00f9 recenti UAV, che possono essere utilizzati in campo militare, della sicurezza, della ricognizione e delle riprese aeree. Come DJI, Cinestar, Droidworx e altri droni UAV. Tutte le LiPo di Tattu sono dotate di materiale resistente alle vibrazioni e al fuoco e la nostra scatola per batterie deluxe assicura che la batteria sia in perfette condizioni. Una procedura automatica e un processo di combinazione delle celle di batteria del sistema informatico garantiscono la stabilit\u00e0 e la qualit\u00e0 delle batterie. A differenza della serie originale Gens Ace, TATTU \u00e8 specializzato per il mercato degli UAV e UAS, con la sua qualit\u00e0 industriale (dato che Gens Ace \u00e8 basata nell&#8217;area Hobby), il suo slogan &#8220;less is more&#8221;, &#8220;more&#8221; significa pi\u00f9 tempo di volo, pi\u00f9 divertimento e pi\u00f9 soddisfazione, e &#8220;less&#8221; significa meno peso e design semplice. Tattu sviluppa sempre i suoi prodotti secondo queste due direzioni, fornendoti una batteria di alta qualit\u00e0.  <strong>Caratteristiche:<\/strong><\/p>\n<ul>\n<li>La stabile tecnologia di impilamento automatico consente di raggiungere capacit\u00e0 di 30000 mAh per singola cella.<\/li>\n<li>Capacit\u00e0 maggiore rispetto alle confezioni di dimensioni analoghe<\/li>\n<li>Ciclo di vita pi\u00f9 lungo, quasi il doppio rispetto alla tecnologia lipolitica standard.<\/li>\n<li>Le batterie Tattu forniscono energia affidabile e di alta qualit\u00e0 per i droni UAV.<\/li>\n<\/ul>\n<p><strong>Specifiche.<\/strong><\/p>\n<ul>\n<li>Tipo di prodotto: batteria lipo<\/li>\n<li>Capacit\u00e0: 30000 mAh<\/li>\n<li>Tensione: 22,2 V<\/li>\n<li>Scarico massimo continuo: 25 C<\/li>\n<li>Peso (\u00b1 10): 3505 g<\/li>\n<li>Dimensioni (\u00b1 5): 217*120*65 mm<\/li>\n<li>Connettore di bilanciamento: JST-XHR<\/li>\n<\/ul>\n<p>&nbsp;<\/p>\n","protected":false},"excerpt":{"rendered":"<p><span style=\"color: #ff0000;\"><em><strong>Spedizione gratuita 5\/7 giorni dalla Germania con UPS<\/strong><\/em><\/span><\/p>\n","protected":false},"featured_media":236631,"comment_status":"open","ping_status":"closed","template":"","meta":{"_joinchat":[]},"pwb-brand":[],"product_cat":[],"product_tag":[],"class_list":{"0":"post-236636","1":"product","2":"type-product","3":"status-publish","4":"has-post-thumbnail","7":"first","8":"instock","9":"featured","10":"taxable","11":"shipping-taxable","12":"purchasable","13":"product-type-simple"},"barcode":null,"atum_controlled":true,"out_stock_date":null,"out_stock_threshold":null,"inheritable":false,"stock_on_hold":0,"sold_today":0,"sales_last_days":0,"out_stock_days":0,"lost_sales":0,"update_date":"2026-04-28T00:38:44","atum_locations":[],"atum_stock_status":"instock","restock_status":false,"low_stock_amount":"","sales_update_date":"2026-04-27T19:43:54","calc_backorders":null,"yoast_head":"<!-- This site is optimized with the Yoast SEO plugin v27.3 - https:\/\/yoast.com\/product\/yoast-seo-wordpress\/ -->\n<title>Batteria Lipo Tattu 23000mAh 22,8V 25C 6S1P con XT150+AS150 - Iha Race<\/title>\n<meta name=\"robots\" content=\"index, follow, max-snippet:-1, max-image-preview:large, max-video-preview:-1\" \/>\n<link rel=\"canonical\" href=\"https:\/\/iha-race.com\/it\/prodotto\/bateria-lipo-tattu-23000mah-228v-25c-6s1p-con-xt150as150\/\" \/>\n<meta property=\"og:locale\" content=\"it_IT\" \/>\n<meta property=\"og:type\" content=\"article\" \/>\n<meta property=\"og:title\" content=\"Batteria Lipo Tattu 23000mAh 22,8V 25C 6S1P con XT150+AS150 - Iha Race\" \/>\n<meta property=\"og:description\" content=\"Spedizione gratuita 5\/7 giorni dalla Germania con UPS\" \/>\n<meta property=\"og:url\" content=\"https:\/\/iha-race.com\/it\/prodotto\/bateria-lipo-tattu-23000mah-228v-25c-6s1p-con-xt150as150\/\" \/>\n<meta property=\"og:site_name\" content=\"Iha Race\" \/>\n<meta property=\"article:modified_time\" content=\"2024-08-29T09:10:25+00:00\" \/>\n<meta property=\"og:image\" content=\"https:\/\/iha-race.com\/wp-content\/uploads\/2023\/09\/Tattu_23000mAh_22.8V_25C_6S1P_Lipo_Battery_Pack_With_XT150AS150_.jpg\" \/>\n\t<meta property=\"og:image:width\" content=\"768\" \/>\n\t<meta property=\"og:image:height\" content=\"768\" \/>\n\t<meta property=\"og:image:type\" content=\"image\/jpeg\" \/>\n<meta name=\"twitter:card\" content=\"summary_large_image\" \/>\n<meta name=\"twitter:label1\" content=\"Tempo di lettura stimato\" \/>\n\t<meta name=\"twitter:data1\" content=\"1 minuto\" \/>\n<script type=\"application\/ld+json\" class=\"yoast-schema-graph\">{\"@context\":\"https:\\\/\\\/schema.org\",\"@graph\":[{\"@type\":\"WebPage\",\"@id\":\"https:\\\/\\\/iha-race.com\\\/it\\\/prodotto\\\/bateria-lipo-tattu-23000mah-228v-25c-6s1p-con-xt150as150\\\/\",\"url\":\"https:\\\/\\\/iha-race.com\\\/it\\\/prodotto\\\/bateria-lipo-tattu-23000mah-228v-25c-6s1p-con-xt150as150\\\/\",\"name\":\"Batteria Lipo Tattu 23000mAh 22,8V 25C 6S1P con XT150+AS150 - Iha Race\",\"isPartOf\":{\"@id\":\"https:\\\/\\\/iha-race.com\\\/it\\\/#website\"},\"primaryImageOfPage\":{\"@id\":\"https:\\\/\\\/iha-race.com\\\/it\\\/prodotto\\\/bateria-lipo-tattu-23000mah-228v-25c-6s1p-con-xt150as150\\\/#primaryimage\"},\"image\":{\"@id\":\"https:\\\/\\\/iha-race.com\\\/it\\\/prodotto\\\/bateria-lipo-tattu-23000mah-228v-25c-6s1p-con-xt150as150\\\/#primaryimage\"},\"thumbnailUrl\":\"https:\\\/\\\/iha-race.com\\\/wp-content\\\/uploads\\\/2023\\\/09\\\/Tattu_23000mAh_22.8V_25C_6S1P_Lipo_Battery_Pack_With_XT150AS150_.jpg\",\"datePublished\":\"2023-09-07T09:13:16+00:00\",\"dateModified\":\"2024-08-29T09:10:25+00:00\",\"breadcrumb\":{\"@id\":\"https:\\\/\\\/iha-race.com\\\/it\\\/prodotto\\\/bateria-lipo-tattu-23000mah-228v-25c-6s1p-con-xt150as150\\\/#breadcrumb\"},\"inLanguage\":\"it-IT\",\"potentialAction\":[{\"@type\":\"ReadAction\",\"target\":[\"https:\\\/\\\/iha-race.com\\\/it\\\/prodotto\\\/bateria-lipo-tattu-23000mah-228v-25c-6s1p-con-xt150as150\\\/\"]}]},{\"@type\":\"ImageObject\",\"inLanguage\":\"it-IT\",\"@id\":\"https:\\\/\\\/iha-race.com\\\/it\\\/prodotto\\\/bateria-lipo-tattu-23000mah-228v-25c-6s1p-con-xt150as150\\\/#primaryimage\",\"url\":\"https:\\\/\\\/iha-race.com\\\/wp-content\\\/uploads\\\/2023\\\/09\\\/Tattu_23000mAh_22.8V_25C_6S1P_Lipo_Battery_Pack_With_XT150AS150_.jpg\",\"contentUrl\":\"https:\\\/\\\/iha-race.com\\\/wp-content\\\/uploads\\\/2023\\\/09\\\/Tattu_23000mAh_22.8V_25C_6S1P_Lipo_Battery_Pack_With_XT150AS150_.jpg\",\"width\":768,\"height\":768,\"caption\":\"Comprar\"},{\"@type\":\"BreadcrumbList\",\"@id\":\"https:\\\/\\\/iha-race.com\\\/it\\\/prodotto\\\/bateria-lipo-tattu-23000mah-228v-25c-6s1p-con-xt150as150\\\/#breadcrumb\",\"itemListElement\":[{\"@type\":\"ListItem\",\"position\":1,\"name\":\"Portada\",\"item\":\"https:\\\/\\\/iha-race.com\\\/it\\\/\"},{\"@type\":\"ListItem\",\"position\":2,\"name\":\"Negozio\",\"item\":\"https:\\\/\\\/iha-race.com\\\/it\\\/negozio\\\/\"},{\"@type\":\"ListItem\",\"position\":3,\"name\":\"Batteria Lipo Tattu 23000mAh 22,8V 25C 6S1P con XT150+AS150\"}]},{\"@type\":\"WebSite\",\"@id\":\"https:\\\/\\\/iha-race.com\\\/it\\\/#website\",\"url\":\"https:\\\/\\\/iha-race.com\\\/it\\\/\",\"name\":\"Iha Race\",\"description\":\"Comprar drones de carreras FPV env\u00edos en un d\u00eda desde Espa\u00f1a\",\"publisher\":{\"@id\":\"https:\\\/\\\/iha-race.com\\\/it\\\/#organization\"},\"potentialAction\":[{\"@type\":\"SearchAction\",\"target\":{\"@type\":\"EntryPoint\",\"urlTemplate\":\"https:\\\/\\\/iha-race.com\\\/it\\\/?s={search_term_string}\"},\"query-input\":{\"@type\":\"PropertyValueSpecification\",\"valueRequired\":true,\"valueName\":\"search_term_string\"}}],\"inLanguage\":\"it-IT\"},{\"@type\":\"Organization\",\"@id\":\"https:\\\/\\\/iha-race.com\\\/it\\\/#organization\",\"name\":\"Iha Race\",\"url\":\"https:\\\/\\\/iha-race.com\\\/it\\\/\",\"logo\":{\"@type\":\"ImageObject\",\"inLanguage\":\"it-IT\",\"@id\":\"https:\\\/\\\/iha-race.com\\\/it\\\/#\\\/schema\\\/logo\\\/image\\\/\",\"url\":\"https:\\\/\\\/iha-race.com\\\/wp-content\\\/uploads\\\/2018\\\/07\\\/iha-race-drones-de-carreras-tienda-comprar-drones.png\",\"contentUrl\":\"https:\\\/\\\/iha-race.com\\\/wp-content\\\/uploads\\\/2018\\\/07\\\/iha-race-drones-de-carreras-tienda-comprar-drones.png\",\"width\":300,\"height\":100,\"caption\":\"Iha Race\"},\"image\":{\"@id\":\"https:\\\/\\\/iha-race.com\\\/it\\\/#\\\/schema\\\/logo\\\/image\\\/\"}}]}<\/script>\n<!-- \/ Yoast SEO plugin. -->","yoast_head_json":{"title":"Batteria Lipo Tattu 23000mAh 22,8V 25C 6S1P con XT150+AS150 - Iha Race","robots":{"index":"index","follow":"follow","max-snippet":"max-snippet:-1","max-image-preview":"max-image-preview:large","max-video-preview":"max-video-preview:-1"},"canonical":"https:\/\/iha-race.com\/it\/prodotto\/bateria-lipo-tattu-23000mah-228v-25c-6s1p-con-xt150as150\/","og_locale":"it_IT","og_type":"article","og_title":"Batteria Lipo Tattu 23000mAh 22,8V 25C 6S1P con XT150+AS150 - Iha Race","og_description":"Spedizione gratuita 5\/7 giorni dalla Germania con UPS","og_url":"https:\/\/iha-race.com\/it\/prodotto\/bateria-lipo-tattu-23000mah-228v-25c-6s1p-con-xt150as150\/","og_site_name":"Iha Race","article_modified_time":"2024-08-29T09:10:25+00:00","og_image":[{"width":768,"height":768,"url":"https:\/\/iha-race.com\/wp-content\/uploads\/2023\/09\/Tattu_23000mAh_22.8V_25C_6S1P_Lipo_Battery_Pack_With_XT150AS150_.jpg","type":"image\/jpeg"}],"twitter_card":"summary_large_image","twitter_misc":{"Tempo di lettura stimato":"1 minuto"},"schema":{"@context":"https:\/\/schema.org","@graph":[{"@type":"WebPage","@id":"https:\/\/iha-race.com\/it\/prodotto\/bateria-lipo-tattu-23000mah-228v-25c-6s1p-con-xt150as150\/","url":"https:\/\/iha-race.com\/it\/prodotto\/bateria-lipo-tattu-23000mah-228v-25c-6s1p-con-xt150as150\/","name":"Batteria Lipo Tattu 23000mAh 22,8V 25C 6S1P con XT150+AS150 - Iha Race","isPartOf":{"@id":"https:\/\/iha-race.com\/it\/#website"},"primaryImageOfPage":{"@id":"https:\/\/iha-race.com\/it\/prodotto\/bateria-lipo-tattu-23000mah-228v-25c-6s1p-con-xt150as150\/#primaryimage"},"image":{"@id":"https:\/\/iha-race.com\/it\/prodotto\/bateria-lipo-tattu-23000mah-228v-25c-6s1p-con-xt150as150\/#primaryimage"},"thumbnailUrl":"https:\/\/iha-race.com\/wp-content\/uploads\/2023\/09\/Tattu_23000mAh_22.8V_25C_6S1P_Lipo_Battery_Pack_With_XT150AS150_.jpg","datePublished":"2023-09-07T09:13:16+00:00","dateModified":"2024-08-29T09:10:25+00:00","breadcrumb":{"@id":"https:\/\/iha-race.com\/it\/prodotto\/bateria-lipo-tattu-23000mah-228v-25c-6s1p-con-xt150as150\/#breadcrumb"},"inLanguage":"it-IT","potentialAction":[{"@type":"ReadAction","target":["https:\/\/iha-race.com\/it\/prodotto\/bateria-lipo-tattu-23000mah-228v-25c-6s1p-con-xt150as150\/"]}]},{"@type":"ImageObject","inLanguage":"it-IT","@id":"https:\/\/iha-race.com\/it\/prodotto\/bateria-lipo-tattu-23000mah-228v-25c-6s1p-con-xt150as150\/#primaryimage","url":"https:\/\/iha-race.com\/wp-content\/uploads\/2023\/09\/Tattu_23000mAh_22.8V_25C_6S1P_Lipo_Battery_Pack_With_XT150AS150_.jpg","contentUrl":"https:\/\/iha-race.com\/wp-content\/uploads\/2023\/09\/Tattu_23000mAh_22.8V_25C_6S1P_Lipo_Battery_Pack_With_XT150AS150_.jpg","width":768,"height":768,"caption":"Comprar"},{"@type":"BreadcrumbList","@id":"https:\/\/iha-race.com\/it\/prodotto\/bateria-lipo-tattu-23000mah-228v-25c-6s1p-con-xt150as150\/#breadcrumb","itemListElement":[{"@type":"ListItem","position":1,"name":"Portada","item":"https:\/\/iha-race.com\/it\/"},{"@type":"ListItem","position":2,"name":"Negozio","item":"https:\/\/iha-race.com\/it\/negozio\/"},{"@type":"ListItem","position":3,"name":"Batteria Lipo Tattu 23000mAh 22,8V 25C 6S1P con XT150+AS150"}]},{"@type":"WebSite","@id":"https:\/\/iha-race.com\/it\/#website","url":"https:\/\/iha-race.com\/it\/","name":"Iha Race","description":"Comprar drones de carreras FPV env\u00edos en un d\u00eda desde Espa\u00f1a","publisher":{"@id":"https:\/\/iha-race.com\/it\/#organization"},"potentialAction":[{"@type":"SearchAction","target":{"@type":"EntryPoint","urlTemplate":"https:\/\/iha-race.com\/it\/?s={search_term_string}"},"query-input":{"@type":"PropertyValueSpecification","valueRequired":true,"valueName":"search_term_string"}}],"inLanguage":"it-IT"},{"@type":"Organization","@id":"https:\/\/iha-race.com\/it\/#organization","name":"Iha Race","url":"https:\/\/iha-race.com\/it\/","logo":{"@type":"ImageObject","inLanguage":"it-IT","@id":"https:\/\/iha-race.com\/it\/#\/schema\/logo\/image\/","url":"https:\/\/iha-race.com\/wp-content\/uploads\/2018\/07\/iha-race-drones-de-carreras-tienda-comprar-drones.png","contentUrl":"https:\/\/iha-race.com\/wp-content\/uploads\/2018\/07\/iha-race-drones-de-carreras-tienda-comprar-drones.png","width":300,"height":100,"caption":"Iha Race"},"image":{"@id":"https:\/\/iha-race.com\/it\/#\/schema\/logo\/image\/"}}]}},"jetpack_sharing_enabled":true,"brands":[],"_links":{"self":[{"href":"https:\/\/iha-race.com\/it\/wp-json\/wp\/v2\/product\/236636","targetHints":{"allow":["GET"]}}],"collection":[{"href":"https:\/\/iha-race.com\/it\/wp-json\/wp\/v2\/product"}],"about":[{"href":"https:\/\/iha-race.com\/it\/wp-json\/wp\/v2\/types\/product"}],"replies":[{"embeddable":true,"href":"https:\/\/iha-race.com\/it\/wp-json\/wp\/v2\/comments?post=236636"}],"version-history":[{"count":3,"href":"https:\/\/iha-race.com\/it\/wp-json\/wp\/v2\/product\/236636\/revisions"}],"predecessor-version":[{"id":248246,"href":"https:\/\/iha-race.com\/it\/wp-json\/wp\/v2\/product\/236636\/revisions\/248246"}],"wp:featuredmedia":[{"embeddable":true,"href":"https:\/\/iha-race.com\/it\/wp-json\/wp\/v2\/media\/236631"}],"wp:attachment":[{"href":"https:\/\/iha-race.com\/it\/wp-json\/wp\/v2\/media?parent=236636"}],"wp:term":[{"taxonomy":"pwb-brand","embeddable":true,"href":"https:\/\/iha-race.com\/it\/wp-json\/wp\/v2\/pwb-brand?post=236636"},{"taxonomy":"product_cat","embeddable":true,"href":"https:\/\/iha-race.com\/it\/wp-json\/wp\/v2\/product_cat?post=236636"},{"taxonomy":"product_tag","embeddable":true,"href":"https:\/\/iha-race.com\/it\/wp-json\/wp\/v2\/product_tag?post=236636"}],"curies":[{"name":"wp","href":"https:\/\/api.w.org\/{rel}","templated":true}]}}