{"id":235959,"date":"2023-08-10T17:40:53","date_gmt":"2023-08-10T15:40:53","guid":{"rendered":"https:\/\/iha-race.com\/producto\/motore-t-motor-f60prov-lv\/"},"modified":"2024-09-21T08:24:13","modified_gmt":"2024-09-21T06:24:13","slug":"motor-t-motor-f60prov-lv-1950kv-2020kv","status":"publish","type":"product","link":"https:\/\/iha-race.com\/it\/prodotto\/motor-t-motor-f60prov-lv-1950kv-2020kv\/","title":{"rendered":"Motore T-Motor F60PROV-LV (1950Kv\/2020Kv)"},"content":{"rendered":"<h2>Motore T-Motor F60PROV-LV (1950Kv\/2020Kv)<\/h2>\n<div class=\"wrap-sticky\">\n<div id=\"news11tabs\" class=\"navbar navbar-sticky bootsnav on sticked\">  Sono arrivati i motori <strong>T-Motor F60 PRO V! <\/strong>Presentano alcuni <strong>miglioramenti<\/strong> rispetto ai loro predecessori, come una <strong>maggiore spinta<\/strong>, una maggiore <strong>durata<\/strong> e una sensazione di accelerazione pi\u00f9 lineare.<\/div>\n<\/div>\n<div>\n<p><strong>Scegliere tra:<\/strong><\/p>\n<ul>\n<li>1950KV<\/li>\n<li>2020KV<\/li>\n<\/ul>\n<div data-content-type=\"text\" data-appearance=\"default\" data-element=\"main\">\n<p><strong>VIDEO: Il mio motore preferito! Motore T F60 Pro V-LV (Audio in inglese)<\/strong><\/p>\n<\/div>\n<\/div>\n<p><iframe title=\"My Favorite Motor!! T-Motor F60 Pro V-LV\" width=\"1200\" height=\"675\" src=\"https:\/\/www.youtube.com\/embed\/xJ7khZeGmEw?feature=oembed\" frameborder=\"0\" allow=\"accelerometer; autoplay; clipboard-write; encrypted-media; gyroscope; picture-in-picture; web-share\" referrerpolicy=\"strict-origin-when-cross-origin\" allowfullscreen><\/iframe><br \/>\n &nbsp;<\/p>\n<h2 data-content-type=\"heading\" data-appearance=\"default\" data-element=\"main\">Caratteristiche<\/h2>\n<div data-content-type=\"text\" data-appearance=\"default\" data-element=\"main\">\n<ul>\n<li>Velocit\u00e0 pi\u00f9 elevata<\/li>\n<li>Accendino AUW<\/li>\n<\/ul>\n<\/div>\n<p>&nbsp;<\/p>\n<div id=\"news11\" class=\"tabblock\">\n<div id=\"a_news11\" class=\"tabcon\">\n<p><img decoding=\"async\" src=\"https:\/\/store.tmotor.com\/images\/202208\/041659575722743434.jpg\"><img decoding=\"async\" src=\"https:\/\/store.tmotor.com\/images\/202208\/041659575722165092.jpg\"><img decoding=\"async\" src=\"https:\/\/store.tmotor.com\/images\/202208\/041659575722150321.jpg\"><img decoding=\"async\" src=\"https:\/\/store.tmotor.com\/images\/202208\/041659575741553005.jpg\"><img decoding=\"async\" src=\"https:\/\/store.tmotor.com\/images\/202208\/041659575741947796.jpg\"><img decoding=\"async\" src=\"https:\/\/store.tmotor.com\/images\/202208\/041659575741594065.jpg\"><img decoding=\"async\" src=\"https:\/\/store.tmotor.com\/images\/202208\/041659575741311666.jpg\"><\/p>\n<\/div>\n<div data-content-type=\"row\" data-appearance=\"contained\" data-element=\"main\">\n<div data-enable-parallax=\"0\" data-parallax-speed=\"0.5\" data-background-images=\"{}\" data-background-type=\"image\" data-video-loop=\"true\" data-video-play-only-visible=\"true\" data-video-lazy-load=\"true\" data-video-fallback-src=\"\" data-element=\"inner\" data-pb-style=\"DGQPQ33\">\n<h2 data-content-type=\"heading\" data-appearance=\"default\" data-element=\"main\">Specifiche tecniche<\/h2>\n<div data-content-type=\"text\" data-appearance=\"default\" data-element=\"main\">\n<p><strong>1950KV<\/strong><\/p>\n<\/div>\n<div data-content-type=\"text\" data-appearance=\"default\" data-element=\"main\">\n<ul>\n<li>Potenza massima (10s): 1191W<\/li>\n<li>Configurazione: 12N14P<\/li>\n<li>Diametro dell&#8217;albero: 4 mm<\/li>\n<li>Corrente di riposo: 1,19A<\/li>\n<li>Scoppio (10s): 48,3A<\/li>\n<li>Piombo: 20 # 150 mm<\/li>\n<li>Tensione: 25,2 V<\/li>\n<li>Peso: 32,4 g<\/li>\n<li>KV: 1950<\/li>\n<\/ul>\n<\/div>\n<div data-content-type=\"text\" data-appearance=\"default\" data-element=\"main\">\n<p><strong>2020KV<\/strong><\/p>\n<\/div>\n<div data-content-type=\"text\" data-appearance=\"default\" data-element=\"main\">\n<ul>\n<li>Potenza massima (10s): 1306W<\/li>\n<li>Configurazione: 12N14P<\/li>\n<li>Diametro dell&#8217;albero: 4 mm<\/li>\n<li>Corrente di riposo: 1,19A<\/li>\n<li>Piombo: 20 # 150 mm<\/li>\n<li>Esplosione (10s): 53,1A<\/li>\n<li>Tensione: 25,2 V<\/li>\n<li>Peso: 32,1 g<\/li>\n<li>KV: 2020<\/li>\n<\/ul>\n<\/div>\n<\/div>\n<\/div>\n<div data-content-type=\"row\" data-appearance=\"contained\" data-element=\"main\">\n<div data-enable-parallax=\"0\" data-parallax-speed=\"0.5\" data-background-images=\"{}\" data-background-type=\"image\" data-video-loop=\"true\" data-video-play-only-visible=\"true\" data-video-lazy-load=\"true\" data-video-fallback-src=\"\" data-element=\"inner\" data-pb-style=\"QJ6I8VY\">\n<h2 data-content-type=\"heading\" data-appearance=\"default\" data-element=\"main\">Il pacchetto comprende<\/h2>\n<div data-content-type=\"text\" data-appearance=\"default\" data-element=\"main\">\n<ul>\n<li>1 x Motore T F60 PRO V-LV (1950KV o 2020KV)<\/li>\n<li>13 x viti<\/li>\n<li>1 dado<\/li>\n<\/ul>\n<\/div>\n<\/div>\n<\/div>\n<div id=\"a_news11\" class=\"tabcon\">\n<div id=\"news11\" class=\"tabblock\">\n<div id=\"b_news11\" class=\"tabcon\">\n<p>&nbsp;<\/p>\n<\/div>\n<\/div>\n<p>&nbsp;<\/p>\n<\/div>\n<\/div>\n","protected":false},"excerpt":{"rendered":"<p>Motore T-Motor F60PROV-LV (1950Kv\/2020Kv) Sono arrivati i motori T-Motor F60 PRO V! Presentano alcuni miglioramenti rispetto ai loro predecessori, come una maggiore spinta, una maggiore durata e una sensazione di<\/p>\n","protected":false},"featured_media":235935,"comment_status":"open","ping_status":"closed","template":"","meta":{"_joinchat":[]},"pwb-brand":[],"product_cat":[1242,2478],"product_tag":[],"class_list":{"0":"post-235959","1":"product","2":"type-product","3":"status-publish","4":"has-post-thumbnail","6":"product_cat-motori-fpv","7":"product_cat-senza-spazzole-con-albero","9":"first","10":"instock","11":"taxable","12":"shipping-taxable","13":"purchasable","14":"product-type-variable"},"barcode":null,"atum_controlled":true,"out_stock_date":null,"out_stock_threshold":null,"inheritable":true,"stock_on_hold":0,"sold_today":1,"sales_last_days":1,"out_stock_days":null,"lost_sales":0,"update_date":"2026-04-27T19:46:30","atum_locations":[],"atum_stock_status":"instock","restock_status":false,"low_stock_amount":"","sales_update_date":"2026-04-27T19:46:30","calc_backorders":null,"yoast_head":"<!-- This site is optimized with the Yoast SEO plugin v27.3 - https:\/\/yoast.com\/product\/yoast-seo-wordpress\/ -->\n<title>Motore T-Motor F60PROV-LV (1950Kv\/2020Kv) - Iha Race<\/title>\n<meta name=\"robots\" content=\"index, follow, max-snippet:-1, max-image-preview:large, max-video-preview:-1\" \/>\n<link rel=\"canonical\" href=\"https:\/\/iha-race.com\/it\/prodotto\/motor-t-motor-f60prov-lv-1950kv-2020kv\/\" \/>\n<meta property=\"og:locale\" content=\"it_IT\" \/>\n<meta property=\"og:type\" content=\"article\" \/>\n<meta property=\"og:title\" content=\"Motore T-Motor F60PROV-LV (1950Kv\/2020Kv) - Iha Race\" \/>\n<meta property=\"og:description\" content=\"Motore T-Motor F60PROV-LV (1950Kv\/2020Kv) Sono arrivati i motori T-Motor F60 PRO V! Presentano alcuni miglioramenti rispetto ai loro predecessori, come una maggiore spinta, una maggiore durata e una sensazione di\" \/>\n<meta property=\"og:url\" content=\"https:\/\/iha-race.com\/it\/prodotto\/motor-t-motor-f60prov-lv-1950kv-2020kv\/\" \/>\n<meta property=\"og:site_name\" content=\"Iha Race\" \/>\n<meta property=\"article:modified_time\" content=\"2024-09-21T06:24:13+00:00\" \/>\n<meta property=\"og:image\" content=\"https:\/\/iha-race.com\/wp-content\/uploads\/2023\/08\/Motor-T-Motor-F60PROV-LV.jpeg\" \/>\n\t<meta property=\"og:image:width\" content=\"800\" \/>\n\t<meta property=\"og:image:height\" content=\"800\" \/>\n\t<meta property=\"og:image:type\" content=\"image\/jpeg\" \/>\n<meta name=\"twitter:card\" content=\"summary_large_image\" \/>\n<meta name=\"twitter:label1\" content=\"Tempo di lettura stimato\" \/>\n\t<meta name=\"twitter:data1\" content=\"1 minuto\" \/>\n<script type=\"application\/ld+json\" class=\"yoast-schema-graph\">{\"@context\":\"https:\\\/\\\/schema.org\",\"@graph\":[{\"@type\":\"WebPage\",\"@id\":\"https:\\\/\\\/iha-race.com\\\/it\\\/prodotto\\\/motor-t-motor-f60prov-lv-1950kv-2020kv\\\/\",\"url\":\"https:\\\/\\\/iha-race.com\\\/it\\\/prodotto\\\/motor-t-motor-f60prov-lv-1950kv-2020kv\\\/\",\"name\":\"Motore T-Motor F60PROV-LV (1950Kv\\\/2020Kv) - Iha Race\",\"isPartOf\":{\"@id\":\"https:\\\/\\\/iha-race.com\\\/it\\\/#website\"},\"primaryImageOfPage\":{\"@id\":\"https:\\\/\\\/iha-race.com\\\/it\\\/prodotto\\\/motor-t-motor-f60prov-lv-1950kv-2020kv\\\/#primaryimage\"},\"image\":{\"@id\":\"https:\\\/\\\/iha-race.com\\\/it\\\/prodotto\\\/motor-t-motor-f60prov-lv-1950kv-2020kv\\\/#primaryimage\"},\"thumbnailUrl\":\"https:\\\/\\\/iha-race.com\\\/wp-content\\\/uploads\\\/2023\\\/08\\\/Motor-T-Motor-F60PROV-LV.jpeg\",\"datePublished\":\"2023-08-10T15:40:53+00:00\",\"dateModified\":\"2024-09-21T06:24:13+00:00\",\"breadcrumb\":{\"@id\":\"https:\\\/\\\/iha-race.com\\\/it\\\/prodotto\\\/motor-t-motor-f60prov-lv-1950kv-2020kv\\\/#breadcrumb\"},\"inLanguage\":\"it-IT\",\"potentialAction\":[{\"@type\":\"ReadAction\",\"target\":[\"https:\\\/\\\/iha-race.com\\\/it\\\/prodotto\\\/motor-t-motor-f60prov-lv-1950kv-2020kv\\\/\"]}]},{\"@type\":\"ImageObject\",\"inLanguage\":\"it-IT\",\"@id\":\"https:\\\/\\\/iha-race.com\\\/it\\\/prodotto\\\/motor-t-motor-f60prov-lv-1950kv-2020kv\\\/#primaryimage\",\"url\":\"https:\\\/\\\/iha-race.com\\\/wp-content\\\/uploads\\\/2023\\\/08\\\/Motor-T-Motor-F60PROV-LV.jpeg\",\"contentUrl\":\"https:\\\/\\\/iha-race.com\\\/wp-content\\\/uploads\\\/2023\\\/08\\\/Motor-T-Motor-F60PROV-LV.jpeg\",\"width\":800,\"height\":800,\"caption\":\"Comprar Motor T-Motor F60PROV-LV\"},{\"@type\":\"BreadcrumbList\",\"@id\":\"https:\\\/\\\/iha-race.com\\\/it\\\/prodotto\\\/motor-t-motor-f60prov-lv-1950kv-2020kv\\\/#breadcrumb\",\"itemListElement\":[{\"@type\":\"ListItem\",\"position\":1,\"name\":\"Portada\",\"item\":\"https:\\\/\\\/iha-race.com\\\/it\\\/\"},{\"@type\":\"ListItem\",\"position\":2,\"name\":\"Negozio\",\"item\":\"https:\\\/\\\/iha-race.com\\\/it\\\/negozio\\\/\"},{\"@type\":\"ListItem\",\"position\":3,\"name\":\"Motore T-Motor F60PROV-LV (1950Kv\\\/2020Kv)\"}]},{\"@type\":\"WebSite\",\"@id\":\"https:\\\/\\\/iha-race.com\\\/it\\\/#website\",\"url\":\"https:\\\/\\\/iha-race.com\\\/it\\\/\",\"name\":\"Iha Race\",\"description\":\"Comprar drones de carreras FPV env\u00edos en un d\u00eda desde Espa\u00f1a\",\"publisher\":{\"@id\":\"https:\\\/\\\/iha-race.com\\\/it\\\/#organization\"},\"potentialAction\":[{\"@type\":\"SearchAction\",\"target\":{\"@type\":\"EntryPoint\",\"urlTemplate\":\"https:\\\/\\\/iha-race.com\\\/it\\\/?s={search_term_string}\"},\"query-input\":{\"@type\":\"PropertyValueSpecification\",\"valueRequired\":true,\"valueName\":\"search_term_string\"}}],\"inLanguage\":\"it-IT\"},{\"@type\":\"Organization\",\"@id\":\"https:\\\/\\\/iha-race.com\\\/it\\\/#organization\",\"name\":\"Iha Race\",\"url\":\"https:\\\/\\\/iha-race.com\\\/it\\\/\",\"logo\":{\"@type\":\"ImageObject\",\"inLanguage\":\"it-IT\",\"@id\":\"https:\\\/\\\/iha-race.com\\\/it\\\/#\\\/schema\\\/logo\\\/image\\\/\",\"url\":\"https:\\\/\\\/iha-race.com\\\/wp-content\\\/uploads\\\/2018\\\/07\\\/iha-race-drones-de-carreras-tienda-comprar-drones.png\",\"contentUrl\":\"https:\\\/\\\/iha-race.com\\\/wp-content\\\/uploads\\\/2018\\\/07\\\/iha-race-drones-de-carreras-tienda-comprar-drones.png\",\"width\":300,\"height\":100,\"caption\":\"Iha Race\"},\"image\":{\"@id\":\"https:\\\/\\\/iha-race.com\\\/it\\\/#\\\/schema\\\/logo\\\/image\\\/\"}}]}<\/script>\n<!-- \/ Yoast SEO plugin. -->","yoast_head_json":{"title":"Motore T-Motor F60PROV-LV (1950Kv\/2020Kv) - Iha Race","robots":{"index":"index","follow":"follow","max-snippet":"max-snippet:-1","max-image-preview":"max-image-preview:large","max-video-preview":"max-video-preview:-1"},"canonical":"https:\/\/iha-race.com\/it\/prodotto\/motor-t-motor-f60prov-lv-1950kv-2020kv\/","og_locale":"it_IT","og_type":"article","og_title":"Motore T-Motor F60PROV-LV (1950Kv\/2020Kv) - Iha Race","og_description":"Motore T-Motor F60PROV-LV (1950Kv\/2020Kv) Sono arrivati i motori T-Motor F60 PRO V! Presentano alcuni miglioramenti rispetto ai loro predecessori, come una maggiore spinta, una maggiore durata e una sensazione di","og_url":"https:\/\/iha-race.com\/it\/prodotto\/motor-t-motor-f60prov-lv-1950kv-2020kv\/","og_site_name":"Iha Race","article_modified_time":"2024-09-21T06:24:13+00:00","og_image":[{"width":800,"height":800,"url":"https:\/\/iha-race.com\/wp-content\/uploads\/2023\/08\/Motor-T-Motor-F60PROV-LV.jpeg","type":"image\/jpeg"}],"twitter_card":"summary_large_image","twitter_misc":{"Tempo di lettura stimato":"1 minuto"},"schema":{"@context":"https:\/\/schema.org","@graph":[{"@type":"WebPage","@id":"https:\/\/iha-race.com\/it\/prodotto\/motor-t-motor-f60prov-lv-1950kv-2020kv\/","url":"https:\/\/iha-race.com\/it\/prodotto\/motor-t-motor-f60prov-lv-1950kv-2020kv\/","name":"Motore T-Motor F60PROV-LV (1950Kv\/2020Kv) - Iha Race","isPartOf":{"@id":"https:\/\/iha-race.com\/it\/#website"},"primaryImageOfPage":{"@id":"https:\/\/iha-race.com\/it\/prodotto\/motor-t-motor-f60prov-lv-1950kv-2020kv\/#primaryimage"},"image":{"@id":"https:\/\/iha-race.com\/it\/prodotto\/motor-t-motor-f60prov-lv-1950kv-2020kv\/#primaryimage"},"thumbnailUrl":"https:\/\/iha-race.com\/wp-content\/uploads\/2023\/08\/Motor-T-Motor-F60PROV-LV.jpeg","datePublished":"2023-08-10T15:40:53+00:00","dateModified":"2024-09-21T06:24:13+00:00","breadcrumb":{"@id":"https:\/\/iha-race.com\/it\/prodotto\/motor-t-motor-f60prov-lv-1950kv-2020kv\/#breadcrumb"},"inLanguage":"it-IT","potentialAction":[{"@type":"ReadAction","target":["https:\/\/iha-race.com\/it\/prodotto\/motor-t-motor-f60prov-lv-1950kv-2020kv\/"]}]},{"@type":"ImageObject","inLanguage":"it-IT","@id":"https:\/\/iha-race.com\/it\/prodotto\/motor-t-motor-f60prov-lv-1950kv-2020kv\/#primaryimage","url":"https:\/\/iha-race.com\/wp-content\/uploads\/2023\/08\/Motor-T-Motor-F60PROV-LV.jpeg","contentUrl":"https:\/\/iha-race.com\/wp-content\/uploads\/2023\/08\/Motor-T-Motor-F60PROV-LV.jpeg","width":800,"height":800,"caption":"Comprar Motor T-Motor F60PROV-LV"},{"@type":"BreadcrumbList","@id":"https:\/\/iha-race.com\/it\/prodotto\/motor-t-motor-f60prov-lv-1950kv-2020kv\/#breadcrumb","itemListElement":[{"@type":"ListItem","position":1,"name":"Portada","item":"https:\/\/iha-race.com\/it\/"},{"@type":"ListItem","position":2,"name":"Negozio","item":"https:\/\/iha-race.com\/it\/negozio\/"},{"@type":"ListItem","position":3,"name":"Motore T-Motor F60PROV-LV (1950Kv\/2020Kv)"}]},{"@type":"WebSite","@id":"https:\/\/iha-race.com\/it\/#website","url":"https:\/\/iha-race.com\/it\/","name":"Iha Race","description":"Comprar drones de carreras FPV env\u00edos en un d\u00eda desde Espa\u00f1a","publisher":{"@id":"https:\/\/iha-race.com\/it\/#organization"},"potentialAction":[{"@type":"SearchAction","target":{"@type":"EntryPoint","urlTemplate":"https:\/\/iha-race.com\/it\/?s={search_term_string}"},"query-input":{"@type":"PropertyValueSpecification","valueRequired":true,"valueName":"search_term_string"}}],"inLanguage":"it-IT"},{"@type":"Organization","@id":"https:\/\/iha-race.com\/it\/#organization","name":"Iha Race","url":"https:\/\/iha-race.com\/it\/","logo":{"@type":"ImageObject","inLanguage":"it-IT","@id":"https:\/\/iha-race.com\/it\/#\/schema\/logo\/image\/","url":"https:\/\/iha-race.com\/wp-content\/uploads\/2018\/07\/iha-race-drones-de-carreras-tienda-comprar-drones.png","contentUrl":"https:\/\/iha-race.com\/wp-content\/uploads\/2018\/07\/iha-race-drones-de-carreras-tienda-comprar-drones.png","width":300,"height":100,"caption":"Iha Race"},"image":{"@id":"https:\/\/iha-race.com\/it\/#\/schema\/logo\/image\/"}}]}},"jetpack_sharing_enabled":true,"brands":[],"_links":{"self":[{"href":"https:\/\/iha-race.com\/it\/wp-json\/wp\/v2\/product\/235959","targetHints":{"allow":["GET"]}}],"collection":[{"href":"https:\/\/iha-race.com\/it\/wp-json\/wp\/v2\/product"}],"about":[{"href":"https:\/\/iha-race.com\/it\/wp-json\/wp\/v2\/types\/product"}],"replies":[{"embeddable":true,"href":"https:\/\/iha-race.com\/it\/wp-json\/wp\/v2\/comments?post=235959"}],"version-history":[{"count":2,"href":"https:\/\/iha-race.com\/it\/wp-json\/wp\/v2\/product\/235959\/revisions"}],"predecessor-version":[{"id":247836,"href":"https:\/\/iha-race.com\/it\/wp-json\/wp\/v2\/product\/235959\/revisions\/247836"}],"wp:featuredmedia":[{"embeddable":true,"href":"https:\/\/iha-race.com\/it\/wp-json\/wp\/v2\/media\/235935"}],"wp:attachment":[{"href":"https:\/\/iha-race.com\/it\/wp-json\/wp\/v2\/media?parent=235959"}],"wp:term":[{"taxonomy":"pwb-brand","embeddable":true,"href":"https:\/\/iha-race.com\/it\/wp-json\/wp\/v2\/pwb-brand?post=235959"},{"taxonomy":"product_cat","embeddable":true,"href":"https:\/\/iha-race.com\/it\/wp-json\/wp\/v2\/product_cat?post=235959"},{"taxonomy":"product_tag","embeddable":true,"href":"https:\/\/iha-race.com\/it\/wp-json\/wp\/v2\/product_tag?post=235959"}],"curies":[{"name":"wp","href":"https:\/\/api.w.org\/{rel}","templated":true}]}}