{"id":235921,"date":"2023-08-10T17:18:59","date_gmt":"2023-08-10T15:18:59","guid":{"rendered":"https:\/\/iha-race.com\/producto\/controllore-di-volo-t-motor-pacer-g4-alpha-hd-fc\/"},"modified":"2024-08-29T11:10:12","modified_gmt":"2024-08-29T09:10:12","slug":"controllore-di-volo-t-motore-pacer-g4-alfa-hd-fc","status":"publish","type":"product","link":"https:\/\/iha-race.com\/it\/prodotto\/controllore-di-volo-t-motore-pacer-g4-alfa-hd-fc\/","title":{"rendered":"Controllore di volo T-Motor Pacer G4 alpha HD FC"},"content":{"rendered":"<h2><span data-sheets-value=\"{\"1\":2,\"2\":\"Controlador de vuelo T-Motor Pacer G4 alfa HD FC\"}\" data-sheets-userformat=\"{\"2\":11011,\"3\":{\"1\":0},\"4\":{\"1\":2,\"2\":15389148},\"11\":4,\"12\":0,\"14\":{\"1\":2,\"2\":1118481},\"16\":12}\">Controllore di volo T-Motor Pacer G4 alpha HD FC<\/span><\/h2>\n<div class=\"wrap-sticky\">\n<div id=\"news11tabs\" class=\"navbar navbar-sticky bootsnav on sticked\">\n<div class=\"wrap-sticky\">\n<div><em><a href=\"https:\/\/www.youtube.com\/watch?v=iRCtNDbHpc8&amp;feature=youtu.be\">Video T-Motor Pacer (video in inglese)<\/a><\/em><\/div>\n<div><\/div>\n<\/div>\n<div id=\"news11\" class=\"tabblock\">\n<div id=\"a_news11\" class=\"tabcon\">\n<p><img decoding=\"async\" src=\"https:\/\/store.tmotor.com\/images\/202304\/131681377588180970.jpg\"><img decoding=\"async\" src=\"https:\/\/store.tmotor.com\/images\/202304\/131681377588757692.jpg\"><\/p>\n<p><img decoding=\"async\" src=\"https:\/\/store.tmotor.com\/images\/202304\/131681377589313779.jpg\"><\/p>\n<p><img decoding=\"async\" src=\"https:\/\/store.tmotor.com\/images\/202304\/131681377590225394.jpg\"><\/p>\n<p><img decoding=\"async\" src=\"https:\/\/store.tmotor.com\/images\/202304\/131681377591230584.jpg\"><\/p>\n<\/div>\n<\/div>\n<\/div>\n<\/div>\n<div id=\"news11\" class=\"tabblock\">\n<div id=\"a_news11\" class=\"tabcon\">\n<p><img decoding=\"async\" src=\"https:\/\/store.tmotor.com\/images\/202304\/131681377588180970.jpg\"><img decoding=\"async\" src=\"https:\/\/store.tmotor.com\/images\/202304\/131681377588757692.jpg\"><\/p>\n<p><img decoding=\"async\" src=\"https:\/\/store.tmotor.com\/images\/202304\/131681377589313779.jpg\"><\/p>\n<p><img decoding=\"async\" src=\"https:\/\/store.tmotor.com\/images\/202304\/131681377590225394.jpg\"><\/p>\n<p><img decoding=\"async\" src=\"https:\/\/store.tmotor.com\/images\/202304\/131681377591230584.jpg\"><\/p>\n<div data-content-type=\"row\" data-appearance=\"contained\" data-element=\"main\">\n<div data-enable-parallax=\"0\" data-parallax-speed=\"0.5\" data-background-images=\"{}\" data-background-type=\"image\" data-video-loop=\"true\" data-video-play-only-visible=\"true\" data-video-lazy-load=\"true\" data-video-fallback-src=\"\" data-element=\"inner\" data-pb-style=\"CF07KQ2\">\n<h2 data-content-type=\"heading\" data-appearance=\"default\" data-element=\"main\">Caratteristiche<\/h2>\n<div data-content-type=\"text\" data-appearance=\"default\" data-element=\"main\">\n<ul>\n<li>03 Compatibile con l&#8217;unit\u00e0 d&#8217;aria Plug-N-Play<\/li>\n<li>Firmware FETtec alpha<\/li>\n<li>Supporta Dshot2400<\/li>\n<\/ul>\n<\/div>\n<\/div>\n<\/div>\n<div data-content-type=\"row\" data-appearance=\"contained\" data-element=\"main\">\n<div data-enable-parallax=\"0\" data-parallax-speed=\"0.5\" data-background-images=\"{}\" data-background-type=\"image\" data-video-loop=\"true\" data-video-play-only-visible=\"true\" data-video-lazy-load=\"true\" data-video-fallback-src=\"\" data-element=\"inner\" data-pb-style=\"HBI0C2C\">\n<h2 data-content-type=\"heading\" data-appearance=\"default\" data-element=\"main\">Specifiche tecniche<\/h2>\n<div data-content-type=\"text\" data-appearance=\"default\" data-element=\"main\">\n<ul>\n<li>Montaggio 30,5&#215;30,5mm\/M3 (incl. gomma)<\/li>\n<li>BEC:  [Est\u00e1ndar=5V2A] [HD=5V2A \/ 10V2A]<\/li>\n<li>Firmware: FETtec Alpha<\/li>\n<li>Supporta DShot2400<\/li>\n<li>Dimensioni: 37x37x4,6mm<\/li>\n<li>MCU: STM32G473<\/li>\n<li>Tensione di ingresso 3-6S<\/li>\n<li>Giroscopio: IIM-42652<\/li>\n<li>OSD: OSD HD<\/li>\n<li>UART4: MSP<\/li>\n<li>UART2: ricezione<\/li>\n<li>Peso 7g<\/li>\n<\/ul>\n<\/div>\n<\/div>\n<\/div>\n<div data-content-type=\"row\" data-appearance=\"contained\" data-element=\"main\">\n<div data-enable-parallax=\"0\" data-parallax-speed=\"0.5\" data-background-images=\"{}\" data-background-type=\"image\" data-video-loop=\"true\" data-video-play-only-visible=\"true\" data-video-lazy-load=\"true\" data-video-fallback-src=\"\" data-element=\"inner\" data-pb-style=\"INX0AAP\">\n<h2 data-content-type=\"heading\" data-appearance=\"default\" data-element=\"main\">Il pacchetto comprende<\/h2>\n<div data-content-type=\"text\" data-appearance=\"default\" data-element=\"main\">\n<ul>\n<li>1 x controllore di volo T-Motor Pacer Alpha G4 &#8211; HD 30,5&#215;30,5<\/li>\n<li>1 kit di accessori.<\/li>\n<\/ul>\n<\/div>\n<\/div>\n<\/div>\n<\/div>\n<\/div>\n","protected":false},"excerpt":{"rendered":"<p>Il <strong>T-Motor Pacer Alpha G4<\/strong> \u00e8 un regolatore di volo con schema di montaggio 30,5&#215;30,5. Questa versione HD consente il collegamento e l&#8217;utilizzo con l&#8217;unit\u00e0 O3 Air per una costruzione senza soluzione di continuit\u00e0.<\/p>\n","protected":false},"featured_media":235905,"comment_status":"open","ping_status":"closed","template":"","meta":{"_joinchat":[]},"pwb-brand":[],"product_cat":[1194],"product_tag":[],"class_list":{"0":"post-235921","1":"product","2":"type-product","3":"status-publish","4":"has-post-thumbnail","6":"product_cat-controllori-di-droni","8":"first","9":"instock","10":"taxable","11":"shipping-taxable","12":"purchasable","13":"product-type-simple"},"barcode":null,"atum_controlled":true,"out_stock_date":null,"out_stock_threshold":null,"inheritable":false,"stock_on_hold":0,"sold_today":0,"sales_last_days":0,"out_stock_days":0,"lost_sales":0,"update_date":"2026-04-27T19:46:30","atum_locations":[],"atum_stock_status":"instock","restock_status":false,"low_stock_amount":"","sales_update_date":"2026-04-27T19:46:30","calc_backorders":null,"yoast_head":"<!-- This site is optimized with the Yoast SEO plugin v27.3 - https:\/\/yoast.com\/product\/yoast-seo-wordpress\/ -->\n<title>Controllore di volo T-Motor Pacer G4 alpha HD FC - Iha Race<\/title>\n<meta name=\"robots\" content=\"index, follow, max-snippet:-1, max-image-preview:large, max-video-preview:-1\" \/>\n<link rel=\"canonical\" href=\"https:\/\/iha-race.com\/it\/prodotto\/controllore-di-volo-t-motore-pacer-g4-alfa-hd-fc\/\" \/>\n<meta property=\"og:locale\" content=\"it_IT\" \/>\n<meta property=\"og:type\" content=\"article\" \/>\n<meta property=\"og:title\" content=\"Controllore di volo T-Motor Pacer G4 alpha HD FC - Iha Race\" \/>\n<meta property=\"og:description\" content=\"Il T-Motor Pacer Alpha G4 \u00e8 un regolatore di volo con schema di montaggio 30,5x30,5. Questa versione HD consente il collegamento e l&#039;utilizzo con l&#039;unit\u00e0 O3 Air per una costruzione senza soluzione di continuit\u00e0.\" \/>\n<meta property=\"og:url\" content=\"https:\/\/iha-race.com\/it\/prodotto\/controllore-di-volo-t-motore-pacer-g4-alfa-hd-fc\/\" \/>\n<meta property=\"og:site_name\" content=\"Iha Race\" \/>\n<meta property=\"article:modified_time\" content=\"2024-08-29T09:10:12+00:00\" \/>\n<meta property=\"og:image\" content=\"https:\/\/iha-race.com\/wp-content\/uploads\/2023\/08\/T-Motor-Pacer-G4-alfa-HD-FC.jpeg\" \/>\n\t<meta property=\"og:image:width\" content=\"800\" \/>\n\t<meta property=\"og:image:height\" content=\"800\" \/>\n\t<meta property=\"og:image:type\" content=\"image\/jpeg\" \/>\n<meta name=\"twitter:card\" content=\"summary_large_image\" \/>\n<script type=\"application\/ld+json\" class=\"yoast-schema-graph\">{\"@context\":\"https:\\\/\\\/schema.org\",\"@graph\":[{\"@type\":\"WebPage\",\"@id\":\"https:\\\/\\\/iha-race.com\\\/it\\\/prodotto\\\/controllore-di-volo-t-motore-pacer-g4-alfa-hd-fc\\\/\",\"url\":\"https:\\\/\\\/iha-race.com\\\/it\\\/prodotto\\\/controllore-di-volo-t-motore-pacer-g4-alfa-hd-fc\\\/\",\"name\":\"Controllore di volo T-Motor Pacer G4 alpha HD FC - Iha Race\",\"isPartOf\":{\"@id\":\"https:\\\/\\\/iha-race.com\\\/it\\\/#website\"},\"primaryImageOfPage\":{\"@id\":\"https:\\\/\\\/iha-race.com\\\/it\\\/prodotto\\\/controllore-di-volo-t-motore-pacer-g4-alfa-hd-fc\\\/#primaryimage\"},\"image\":{\"@id\":\"https:\\\/\\\/iha-race.com\\\/it\\\/prodotto\\\/controllore-di-volo-t-motore-pacer-g4-alfa-hd-fc\\\/#primaryimage\"},\"thumbnailUrl\":\"https:\\\/\\\/iha-race.com\\\/wp-content\\\/uploads\\\/2023\\\/08\\\/T-Motor-Pacer-G4-alfa-HD-FC.jpeg\",\"datePublished\":\"2023-08-10T15:18:59+00:00\",\"dateModified\":\"2024-08-29T09:10:12+00:00\",\"breadcrumb\":{\"@id\":\"https:\\\/\\\/iha-race.com\\\/it\\\/prodotto\\\/controllore-di-volo-t-motore-pacer-g4-alfa-hd-fc\\\/#breadcrumb\"},\"inLanguage\":\"it-IT\",\"potentialAction\":[{\"@type\":\"ReadAction\",\"target\":[\"https:\\\/\\\/iha-race.com\\\/it\\\/prodotto\\\/controllore-di-volo-t-motore-pacer-g4-alfa-hd-fc\\\/\"]}]},{\"@type\":\"ImageObject\",\"inLanguage\":\"it-IT\",\"@id\":\"https:\\\/\\\/iha-race.com\\\/it\\\/prodotto\\\/controllore-di-volo-t-motore-pacer-g4-alfa-hd-fc\\\/#primaryimage\",\"url\":\"https:\\\/\\\/iha-race.com\\\/wp-content\\\/uploads\\\/2023\\\/08\\\/T-Motor-Pacer-G4-alfa-HD-FC.jpeg\",\"contentUrl\":\"https:\\\/\\\/iha-race.com\\\/wp-content\\\/uploads\\\/2023\\\/08\\\/T-Motor-Pacer-G4-alfa-HD-FC.jpeg\",\"width\":800,\"height\":800,\"caption\":\"Comprar Controlador de vuelo T-Motor Pacer G4 alfa HD FC\"},{\"@type\":\"BreadcrumbList\",\"@id\":\"https:\\\/\\\/iha-race.com\\\/it\\\/prodotto\\\/controllore-di-volo-t-motore-pacer-g4-alfa-hd-fc\\\/#breadcrumb\",\"itemListElement\":[{\"@type\":\"ListItem\",\"position\":1,\"name\":\"Portada\",\"item\":\"https:\\\/\\\/iha-race.com\\\/it\\\/\"},{\"@type\":\"ListItem\",\"position\":2,\"name\":\"Negozio\",\"item\":\"https:\\\/\\\/iha-race.com\\\/it\\\/negozio\\\/\"},{\"@type\":\"ListItem\",\"position\":3,\"name\":\"Controllore di volo T-Motor Pacer G4 alpha HD FC\"}]},{\"@type\":\"WebSite\",\"@id\":\"https:\\\/\\\/iha-race.com\\\/it\\\/#website\",\"url\":\"https:\\\/\\\/iha-race.com\\\/it\\\/\",\"name\":\"Iha Race\",\"description\":\"Comprar drones de carreras FPV env\u00edos en un d\u00eda desde Espa\u00f1a\",\"publisher\":{\"@id\":\"https:\\\/\\\/iha-race.com\\\/it\\\/#organization\"},\"potentialAction\":[{\"@type\":\"SearchAction\",\"target\":{\"@type\":\"EntryPoint\",\"urlTemplate\":\"https:\\\/\\\/iha-race.com\\\/it\\\/?s={search_term_string}\"},\"query-input\":{\"@type\":\"PropertyValueSpecification\",\"valueRequired\":true,\"valueName\":\"search_term_string\"}}],\"inLanguage\":\"it-IT\"},{\"@type\":\"Organization\",\"@id\":\"https:\\\/\\\/iha-race.com\\\/it\\\/#organization\",\"name\":\"Iha Race\",\"url\":\"https:\\\/\\\/iha-race.com\\\/it\\\/\",\"logo\":{\"@type\":\"ImageObject\",\"inLanguage\":\"it-IT\",\"@id\":\"https:\\\/\\\/iha-race.com\\\/it\\\/#\\\/schema\\\/logo\\\/image\\\/\",\"url\":\"https:\\\/\\\/iha-race.com\\\/wp-content\\\/uploads\\\/2018\\\/07\\\/iha-race-drones-de-carreras-tienda-comprar-drones.png\",\"contentUrl\":\"https:\\\/\\\/iha-race.com\\\/wp-content\\\/uploads\\\/2018\\\/07\\\/iha-race-drones-de-carreras-tienda-comprar-drones.png\",\"width\":300,\"height\":100,\"caption\":\"Iha Race\"},\"image\":{\"@id\":\"https:\\\/\\\/iha-race.com\\\/it\\\/#\\\/schema\\\/logo\\\/image\\\/\"}}]}<\/script>\n<!-- \/ Yoast SEO plugin. -->","yoast_head_json":{"title":"Controllore di volo T-Motor Pacer G4 alpha HD FC - Iha Race","robots":{"index":"index","follow":"follow","max-snippet":"max-snippet:-1","max-image-preview":"max-image-preview:large","max-video-preview":"max-video-preview:-1"},"canonical":"https:\/\/iha-race.com\/it\/prodotto\/controllore-di-volo-t-motore-pacer-g4-alfa-hd-fc\/","og_locale":"it_IT","og_type":"article","og_title":"Controllore di volo T-Motor Pacer G4 alpha HD FC - Iha Race","og_description":"Il T-Motor Pacer Alpha G4 \u00e8 un regolatore di volo con schema di montaggio 30,5x30,5. Questa versione HD consente il collegamento e l'utilizzo con l'unit\u00e0 O3 Air per una costruzione senza soluzione di continuit\u00e0.","og_url":"https:\/\/iha-race.com\/it\/prodotto\/controllore-di-volo-t-motore-pacer-g4-alfa-hd-fc\/","og_site_name":"Iha Race","article_modified_time":"2024-08-29T09:10:12+00:00","og_image":[{"width":800,"height":800,"url":"https:\/\/iha-race.com\/wp-content\/uploads\/2023\/08\/T-Motor-Pacer-G4-alfa-HD-FC.jpeg","type":"image\/jpeg"}],"twitter_card":"summary_large_image","schema":{"@context":"https:\/\/schema.org","@graph":[{"@type":"WebPage","@id":"https:\/\/iha-race.com\/it\/prodotto\/controllore-di-volo-t-motore-pacer-g4-alfa-hd-fc\/","url":"https:\/\/iha-race.com\/it\/prodotto\/controllore-di-volo-t-motore-pacer-g4-alfa-hd-fc\/","name":"Controllore di volo T-Motor Pacer G4 alpha HD FC - Iha Race","isPartOf":{"@id":"https:\/\/iha-race.com\/it\/#website"},"primaryImageOfPage":{"@id":"https:\/\/iha-race.com\/it\/prodotto\/controllore-di-volo-t-motore-pacer-g4-alfa-hd-fc\/#primaryimage"},"image":{"@id":"https:\/\/iha-race.com\/it\/prodotto\/controllore-di-volo-t-motore-pacer-g4-alfa-hd-fc\/#primaryimage"},"thumbnailUrl":"https:\/\/iha-race.com\/wp-content\/uploads\/2023\/08\/T-Motor-Pacer-G4-alfa-HD-FC.jpeg","datePublished":"2023-08-10T15:18:59+00:00","dateModified":"2024-08-29T09:10:12+00:00","breadcrumb":{"@id":"https:\/\/iha-race.com\/it\/prodotto\/controllore-di-volo-t-motore-pacer-g4-alfa-hd-fc\/#breadcrumb"},"inLanguage":"it-IT","potentialAction":[{"@type":"ReadAction","target":["https:\/\/iha-race.com\/it\/prodotto\/controllore-di-volo-t-motore-pacer-g4-alfa-hd-fc\/"]}]},{"@type":"ImageObject","inLanguage":"it-IT","@id":"https:\/\/iha-race.com\/it\/prodotto\/controllore-di-volo-t-motore-pacer-g4-alfa-hd-fc\/#primaryimage","url":"https:\/\/iha-race.com\/wp-content\/uploads\/2023\/08\/T-Motor-Pacer-G4-alfa-HD-FC.jpeg","contentUrl":"https:\/\/iha-race.com\/wp-content\/uploads\/2023\/08\/T-Motor-Pacer-G4-alfa-HD-FC.jpeg","width":800,"height":800,"caption":"Comprar Controlador de vuelo T-Motor Pacer G4 alfa HD FC"},{"@type":"BreadcrumbList","@id":"https:\/\/iha-race.com\/it\/prodotto\/controllore-di-volo-t-motore-pacer-g4-alfa-hd-fc\/#breadcrumb","itemListElement":[{"@type":"ListItem","position":1,"name":"Portada","item":"https:\/\/iha-race.com\/it\/"},{"@type":"ListItem","position":2,"name":"Negozio","item":"https:\/\/iha-race.com\/it\/negozio\/"},{"@type":"ListItem","position":3,"name":"Controllore di volo T-Motor Pacer G4 alpha HD FC"}]},{"@type":"WebSite","@id":"https:\/\/iha-race.com\/it\/#website","url":"https:\/\/iha-race.com\/it\/","name":"Iha Race","description":"Comprar drones de carreras FPV env\u00edos en un d\u00eda desde Espa\u00f1a","publisher":{"@id":"https:\/\/iha-race.com\/it\/#organization"},"potentialAction":[{"@type":"SearchAction","target":{"@type":"EntryPoint","urlTemplate":"https:\/\/iha-race.com\/it\/?s={search_term_string}"},"query-input":{"@type":"PropertyValueSpecification","valueRequired":true,"valueName":"search_term_string"}}],"inLanguage":"it-IT"},{"@type":"Organization","@id":"https:\/\/iha-race.com\/it\/#organization","name":"Iha Race","url":"https:\/\/iha-race.com\/it\/","logo":{"@type":"ImageObject","inLanguage":"it-IT","@id":"https:\/\/iha-race.com\/it\/#\/schema\/logo\/image\/","url":"https:\/\/iha-race.com\/wp-content\/uploads\/2018\/07\/iha-race-drones-de-carreras-tienda-comprar-drones.png","contentUrl":"https:\/\/iha-race.com\/wp-content\/uploads\/2018\/07\/iha-race-drones-de-carreras-tienda-comprar-drones.png","width":300,"height":100,"caption":"Iha Race"},"image":{"@id":"https:\/\/iha-race.com\/it\/#\/schema\/logo\/image\/"}}]}},"jetpack_sharing_enabled":true,"brands":[],"_links":{"self":[{"href":"https:\/\/iha-race.com\/it\/wp-json\/wp\/v2\/product\/235921","targetHints":{"allow":["GET"]}}],"collection":[{"href":"https:\/\/iha-race.com\/it\/wp-json\/wp\/v2\/product"}],"about":[{"href":"https:\/\/iha-race.com\/it\/wp-json\/wp\/v2\/types\/product"}],"replies":[{"embeddable":true,"href":"https:\/\/iha-race.com\/it\/wp-json\/wp\/v2\/comments?post=235921"}],"version-history":[{"count":3,"href":"https:\/\/iha-race.com\/it\/wp-json\/wp\/v2\/product\/235921\/revisions"}],"predecessor-version":[{"id":236365,"href":"https:\/\/iha-race.com\/it\/wp-json\/wp\/v2\/product\/235921\/revisions\/236365"}],"wp:featuredmedia":[{"embeddable":true,"href":"https:\/\/iha-race.com\/it\/wp-json\/wp\/v2\/media\/235905"}],"wp:attachment":[{"href":"https:\/\/iha-race.com\/it\/wp-json\/wp\/v2\/media?parent=235921"}],"wp:term":[{"taxonomy":"pwb-brand","embeddable":true,"href":"https:\/\/iha-race.com\/it\/wp-json\/wp\/v2\/pwb-brand?post=235921"},{"taxonomy":"product_cat","embeddable":true,"href":"https:\/\/iha-race.com\/it\/wp-json\/wp\/v2\/product_cat?post=235921"},{"taxonomy":"product_tag","embeddable":true,"href":"https:\/\/iha-race.com\/it\/wp-json\/wp\/v2\/product_tag?post=235921"}],"curies":[{"name":"wp","href":"https:\/\/api.w.org\/{rel}","templated":true}]}}