{"id":235437,"date":"2023-08-01T11:48:45","date_gmt":"2023-08-01T09:48:45","guid":{"rendered":"https:\/\/iha-race.com\/producto\/bussola-foxeer-m10q-120-gps-5883\/"},"modified":"2025-11-26T17:28:03","modified_gmt":"2025-11-26T16:28:03","slug":"foxeer-m10q-120-gps-5883-compass","status":"publish","type":"product","link":"https:\/\/iha-race.com\/it\/prodotto\/foxeer-m10q-120-gps-5883-compass\/","title":{"rendered":"Bussola Foxeer M10Q 120 GPS 5883"},"content":{"rendered":"<nav>\n<h2 id=\"nav-tab\" class=\"nav nav-tabs justify-content-center\" role=\"tablist\"><span data-sheets-value=\"{\"1\":2,\"2\":\"Foxeer M10Q 120 GPS 5883 Compass\"}\" data-sheets-userformat=\"{\"2\":14915,\"3\":{\"1\":2,\"2\":\"0.00\",\"3\":1},\"4\":{\"1\":2,\"2\":16777215},\"9\":0,\"12\":0,\"14\":{\"1\":2,\"2\":2236962},\"15\":\"Arial\",\"16\":12}\">Bussola Foxeer M10Q 120 GPS 5883<\/span><\/h2>\n<\/nav>\n<p>&nbsp;<\/p>\n<div id=\"nav-tabContent\" class=\"tab-content\">\n<div id=\"nav-n1\" class=\"tab-pane fade show active\" role=\"tabpanel\" aria-labelledby=\"nav-n1-tab\"><img decoding=\"async\" src=\"https:\/\/inew.foxeer.com\/upload\/image\/20230425\/20230425044736_78398.jpg\" alt=\"\"><\/div>\n<\/div>\n","protected":false},"excerpt":{"rendered":"<p>Bussola Foxeer M10Q 120 GPS 5883 &nbsp;<\/p>\n","protected":false},"featured_media":235425,"comment_status":"open","ping_status":"closed","template":"","meta":{"_joinchat":[]},"pwb-brand":[],"product_cat":[882],"product_tag":[],"class_list":{"0":"post-235437","1":"product","2":"type-product","3":"status-publish","4":"has-post-thumbnail","6":"product_cat-gps","8":"first","9":"outofstock","10":"taxable","11":"shipping-taxable","12":"purchasable","13":"product-type-simple"},"barcode":null,"atum_controlled":true,"out_stock_date":"2025-11-26 17:28:03","out_stock_threshold":null,"inheritable":false,"stock_on_hold":0,"sold_today":0,"sales_last_days":0,"out_stock_days":140,"lost_sales":478,"update_date":"2026-04-16T08:17:40","atum_locations":[],"atum_stock_status":"outofstock","restock_status":false,"low_stock_amount":"","sales_update_date":"2026-04-16T08:17:40","calc_backorders":null,"yoast_head":"<!-- This site is optimized with the Yoast SEO plugin v27.3 - https:\/\/yoast.com\/product\/yoast-seo-wordpress\/ -->\n<title>Bussola Foxeer M10Q 120 GPS 5883 - Iha Race<\/title>\n<meta name=\"robots\" content=\"index, follow, max-snippet:-1, max-image-preview:large, max-video-preview:-1\" \/>\n<link rel=\"canonical\" href=\"https:\/\/iha-race.com\/it\/prodotto\/foxeer-m10q-120-gps-5883-compass\/\" \/>\n<meta property=\"og:locale\" content=\"it_IT\" \/>\n<meta property=\"og:type\" content=\"article\" \/>\n<meta property=\"og:title\" content=\"Bussola Foxeer M10Q 120 GPS 5883 - Iha Race\" \/>\n<meta property=\"og:description\" content=\"Bussola Foxeer M10Q 120 GPS 5883 &nbsp;\" \/>\n<meta property=\"og:url\" content=\"https:\/\/iha-race.com\/it\/prodotto\/foxeer-m10q-120-gps-5883-compass\/\" \/>\n<meta property=\"og:site_name\" content=\"Iha Race\" \/>\n<meta property=\"article:modified_time\" content=\"2025-11-26T16:28:03+00:00\" \/>\n<meta property=\"og:image\" content=\"https:\/\/iha-race.com\/wp-content\/uploads\/2023\/08\/Foxeer-M10Q-120-GPS-5883-Compass.jpeg\" \/>\n\t<meta property=\"og:image:width\" content=\"800\" \/>\n\t<meta property=\"og:image:height\" content=\"800\" \/>\n\t<meta property=\"og:image:type\" content=\"image\/jpeg\" \/>\n<meta name=\"twitter:card\" content=\"summary_large_image\" \/>\n<script type=\"application\/ld+json\" class=\"yoast-schema-graph\">{\"@context\":\"https:\\\/\\\/schema.org\",\"@graph\":[{\"@type\":\"WebPage\",\"@id\":\"https:\\\/\\\/iha-race.com\\\/it\\\/prodotto\\\/foxeer-m10q-120-gps-5883-compass\\\/\",\"url\":\"https:\\\/\\\/iha-race.com\\\/it\\\/prodotto\\\/foxeer-m10q-120-gps-5883-compass\\\/\",\"name\":\"Bussola Foxeer M10Q 120 GPS 5883 - Iha Race\",\"isPartOf\":{\"@id\":\"https:\\\/\\\/iha-race.com\\\/it\\\/#website\"},\"primaryImageOfPage\":{\"@id\":\"https:\\\/\\\/iha-race.com\\\/it\\\/prodotto\\\/foxeer-m10q-120-gps-5883-compass\\\/#primaryimage\"},\"image\":{\"@id\":\"https:\\\/\\\/iha-race.com\\\/it\\\/prodotto\\\/foxeer-m10q-120-gps-5883-compass\\\/#primaryimage\"},\"thumbnailUrl\":\"https:\\\/\\\/iha-race.com\\\/wp-content\\\/uploads\\\/2023\\\/08\\\/Foxeer-M10Q-120-GPS-5883-Compass.jpeg\",\"datePublished\":\"2023-08-01T09:48:45+00:00\",\"dateModified\":\"2025-11-26T16:28:03+00:00\",\"breadcrumb\":{\"@id\":\"https:\\\/\\\/iha-race.com\\\/it\\\/prodotto\\\/foxeer-m10q-120-gps-5883-compass\\\/#breadcrumb\"},\"inLanguage\":\"it-IT\",\"potentialAction\":[{\"@type\":\"ReadAction\",\"target\":[\"https:\\\/\\\/iha-race.com\\\/it\\\/prodotto\\\/foxeer-m10q-120-gps-5883-compass\\\/\"]}]},{\"@type\":\"ImageObject\",\"inLanguage\":\"it-IT\",\"@id\":\"https:\\\/\\\/iha-race.com\\\/it\\\/prodotto\\\/foxeer-m10q-120-gps-5883-compass\\\/#primaryimage\",\"url\":\"https:\\\/\\\/iha-race.com\\\/wp-content\\\/uploads\\\/2023\\\/08\\\/Foxeer-M10Q-120-GPS-5883-Compass.jpeg\",\"contentUrl\":\"https:\\\/\\\/iha-race.com\\\/wp-content\\\/uploads\\\/2023\\\/08\\\/Foxeer-M10Q-120-GPS-5883-Compass.jpeg\",\"width\":800,\"height\":800,\"caption\":\"Comprar Foxeer M10Q 120 GPS 5883 Compass\"},{\"@type\":\"BreadcrumbList\",\"@id\":\"https:\\\/\\\/iha-race.com\\\/it\\\/prodotto\\\/foxeer-m10q-120-gps-5883-compass\\\/#breadcrumb\",\"itemListElement\":[{\"@type\":\"ListItem\",\"position\":1,\"name\":\"Portada\",\"item\":\"https:\\\/\\\/iha-race.com\\\/it\\\/\"},{\"@type\":\"ListItem\",\"position\":2,\"name\":\"Negozio\",\"item\":\"https:\\\/\\\/iha-race.com\\\/it\\\/negozio\\\/\"},{\"@type\":\"ListItem\",\"position\":3,\"name\":\"Bussola Foxeer M10Q 120 GPS 5883\"}]},{\"@type\":\"WebSite\",\"@id\":\"https:\\\/\\\/iha-race.com\\\/it\\\/#website\",\"url\":\"https:\\\/\\\/iha-race.com\\\/it\\\/\",\"name\":\"Iha Race\",\"description\":\"Comprar drones de carreras FPV env\u00edos en un d\u00eda desde Espa\u00f1a\",\"publisher\":{\"@id\":\"https:\\\/\\\/iha-race.com\\\/it\\\/#organization\"},\"potentialAction\":[{\"@type\":\"SearchAction\",\"target\":{\"@type\":\"EntryPoint\",\"urlTemplate\":\"https:\\\/\\\/iha-race.com\\\/it\\\/?s={search_term_string}\"},\"query-input\":{\"@type\":\"PropertyValueSpecification\",\"valueRequired\":true,\"valueName\":\"search_term_string\"}}],\"inLanguage\":\"it-IT\"},{\"@type\":\"Organization\",\"@id\":\"https:\\\/\\\/iha-race.com\\\/it\\\/#organization\",\"name\":\"Iha Race\",\"url\":\"https:\\\/\\\/iha-race.com\\\/it\\\/\",\"logo\":{\"@type\":\"ImageObject\",\"inLanguage\":\"it-IT\",\"@id\":\"https:\\\/\\\/iha-race.com\\\/it\\\/#\\\/schema\\\/logo\\\/image\\\/\",\"url\":\"https:\\\/\\\/iha-race.com\\\/wp-content\\\/uploads\\\/2018\\\/07\\\/iha-race-drones-de-carreras-tienda-comprar-drones.png\",\"contentUrl\":\"https:\\\/\\\/iha-race.com\\\/wp-content\\\/uploads\\\/2018\\\/07\\\/iha-race-drones-de-carreras-tienda-comprar-drones.png\",\"width\":300,\"height\":100,\"caption\":\"Iha Race\"},\"image\":{\"@id\":\"https:\\\/\\\/iha-race.com\\\/it\\\/#\\\/schema\\\/logo\\\/image\\\/\"}}]}<\/script>\n<!-- \/ Yoast SEO plugin. -->","yoast_head_json":{"title":"Bussola Foxeer M10Q 120 GPS 5883 - Iha Race","robots":{"index":"index","follow":"follow","max-snippet":"max-snippet:-1","max-image-preview":"max-image-preview:large","max-video-preview":"max-video-preview:-1"},"canonical":"https:\/\/iha-race.com\/it\/prodotto\/foxeer-m10q-120-gps-5883-compass\/","og_locale":"it_IT","og_type":"article","og_title":"Bussola Foxeer M10Q 120 GPS 5883 - Iha Race","og_description":"Bussola Foxeer M10Q 120 GPS 5883 &nbsp;","og_url":"https:\/\/iha-race.com\/it\/prodotto\/foxeer-m10q-120-gps-5883-compass\/","og_site_name":"Iha Race","article_modified_time":"2025-11-26T16:28:03+00:00","og_image":[{"width":800,"height":800,"url":"https:\/\/iha-race.com\/wp-content\/uploads\/2023\/08\/Foxeer-M10Q-120-GPS-5883-Compass.jpeg","type":"image\/jpeg"}],"twitter_card":"summary_large_image","schema":{"@context":"https:\/\/schema.org","@graph":[{"@type":"WebPage","@id":"https:\/\/iha-race.com\/it\/prodotto\/foxeer-m10q-120-gps-5883-compass\/","url":"https:\/\/iha-race.com\/it\/prodotto\/foxeer-m10q-120-gps-5883-compass\/","name":"Bussola Foxeer M10Q 120 GPS 5883 - Iha Race","isPartOf":{"@id":"https:\/\/iha-race.com\/it\/#website"},"primaryImageOfPage":{"@id":"https:\/\/iha-race.com\/it\/prodotto\/foxeer-m10q-120-gps-5883-compass\/#primaryimage"},"image":{"@id":"https:\/\/iha-race.com\/it\/prodotto\/foxeer-m10q-120-gps-5883-compass\/#primaryimage"},"thumbnailUrl":"https:\/\/iha-race.com\/wp-content\/uploads\/2023\/08\/Foxeer-M10Q-120-GPS-5883-Compass.jpeg","datePublished":"2023-08-01T09:48:45+00:00","dateModified":"2025-11-26T16:28:03+00:00","breadcrumb":{"@id":"https:\/\/iha-race.com\/it\/prodotto\/foxeer-m10q-120-gps-5883-compass\/#breadcrumb"},"inLanguage":"it-IT","potentialAction":[{"@type":"ReadAction","target":["https:\/\/iha-race.com\/it\/prodotto\/foxeer-m10q-120-gps-5883-compass\/"]}]},{"@type":"ImageObject","inLanguage":"it-IT","@id":"https:\/\/iha-race.com\/it\/prodotto\/foxeer-m10q-120-gps-5883-compass\/#primaryimage","url":"https:\/\/iha-race.com\/wp-content\/uploads\/2023\/08\/Foxeer-M10Q-120-GPS-5883-Compass.jpeg","contentUrl":"https:\/\/iha-race.com\/wp-content\/uploads\/2023\/08\/Foxeer-M10Q-120-GPS-5883-Compass.jpeg","width":800,"height":800,"caption":"Comprar Foxeer M10Q 120 GPS 5883 Compass"},{"@type":"BreadcrumbList","@id":"https:\/\/iha-race.com\/it\/prodotto\/foxeer-m10q-120-gps-5883-compass\/#breadcrumb","itemListElement":[{"@type":"ListItem","position":1,"name":"Portada","item":"https:\/\/iha-race.com\/it\/"},{"@type":"ListItem","position":2,"name":"Negozio","item":"https:\/\/iha-race.com\/it\/negozio\/"},{"@type":"ListItem","position":3,"name":"Bussola Foxeer M10Q 120 GPS 5883"}]},{"@type":"WebSite","@id":"https:\/\/iha-race.com\/it\/#website","url":"https:\/\/iha-race.com\/it\/","name":"Iha Race","description":"Comprar drones de carreras FPV env\u00edos en un d\u00eda desde Espa\u00f1a","publisher":{"@id":"https:\/\/iha-race.com\/it\/#organization"},"potentialAction":[{"@type":"SearchAction","target":{"@type":"EntryPoint","urlTemplate":"https:\/\/iha-race.com\/it\/?s={search_term_string}"},"query-input":{"@type":"PropertyValueSpecification","valueRequired":true,"valueName":"search_term_string"}}],"inLanguage":"it-IT"},{"@type":"Organization","@id":"https:\/\/iha-race.com\/it\/#organization","name":"Iha Race","url":"https:\/\/iha-race.com\/it\/","logo":{"@type":"ImageObject","inLanguage":"it-IT","@id":"https:\/\/iha-race.com\/it\/#\/schema\/logo\/image\/","url":"https:\/\/iha-race.com\/wp-content\/uploads\/2018\/07\/iha-race-drones-de-carreras-tienda-comprar-drones.png","contentUrl":"https:\/\/iha-race.com\/wp-content\/uploads\/2018\/07\/iha-race-drones-de-carreras-tienda-comprar-drones.png","width":300,"height":100,"caption":"Iha Race"},"image":{"@id":"https:\/\/iha-race.com\/it\/#\/schema\/logo\/image\/"}}]}},"brands":[],"_links":{"self":[{"href":"https:\/\/iha-race.com\/it\/wp-json\/wp\/v2\/product\/235437","targetHints":{"allow":["GET"]}}],"collection":[{"href":"https:\/\/iha-race.com\/it\/wp-json\/wp\/v2\/product"}],"about":[{"href":"https:\/\/iha-race.com\/it\/wp-json\/wp\/v2\/types\/product"}],"replies":[{"embeddable":true,"href":"https:\/\/iha-race.com\/it\/wp-json\/wp\/v2\/comments?post=235437"}],"version-history":[{"count":1,"href":"https:\/\/iha-race.com\/it\/wp-json\/wp\/v2\/product\/235437\/revisions"}],"predecessor-version":[{"id":248233,"href":"https:\/\/iha-race.com\/it\/wp-json\/wp\/v2\/product\/235437\/revisions\/248233"}],"wp:featuredmedia":[{"embeddable":true,"href":"https:\/\/iha-race.com\/it\/wp-json\/wp\/v2\/media\/235425"}],"wp:attachment":[{"href":"https:\/\/iha-race.com\/it\/wp-json\/wp\/v2\/media?parent=235437"}],"wp:term":[{"taxonomy":"pwb-brand","embeddable":true,"href":"https:\/\/iha-race.com\/it\/wp-json\/wp\/v2\/pwb-brand?post=235437"},{"taxonomy":"product_cat","embeddable":true,"href":"https:\/\/iha-race.com\/it\/wp-json\/wp\/v2\/product_cat?post=235437"},{"taxonomy":"product_tag","embeddable":true,"href":"https:\/\/iha-race.com\/it\/wp-json\/wp\/v2\/product_tag?post=235437"}],"curies":[{"name":"wp","href":"https:\/\/api.w.org\/{rel}","templated":true}]}}