{"id":234647,"date":"2023-07-13T17:58:30","date_gmt":"2023-07-13T15:58:30","guid":{"rendered":"https:\/\/iha-race.com\/producto\/diatone-snt-q-25-scheda-pcb-c2-rc\/"},"modified":"2024-08-29T11:26:10","modified_gmt":"2024-08-29T09:26:10","slug":"diatone-snt-q-25-placa-pcb-c2-rc","status":"publish","type":"product","link":"https:\/\/iha-race.com\/it\/prodotto\/diatone-snt-q-25-placa-pcb-c2-rc\/","title":{"rendered":"Diatone SNT Q-25 Scheda PCB C2-RC"},"content":{"rendered":"<h2>Diatone SNT Q-25 Scheda PCB C2-RC<\/h2>\n<ul>\n<li>Compatibile con la versione RC delle auto telecomandate della serie Q25<\/li>\n<li>NW: 3g<\/li>\n<\/ul>\n<h2>Dettagli del prodotto:<\/h2>\n<ul>\n<li>1 x scheda PCB Q25-RC (contiene potenziometri, antenne&#8230;)<\/li>\n<\/ul>\n","protected":false},"excerpt":{"rendered":"<p>Diatone SNT Q-25 Scheda PCB C2-RC Compatibile con la versione RC delle auto telecomandate della serie Q25 NW: 3g Dettagli del prodotto: 1 x scheda PCB Q25-RC (contiene potenziometri, antenne&#8230;)<\/p>\n","protected":false},"featured_media":234643,"comment_status":"open","ping_status":"closed","template":"","meta":{"_joinchat":[]},"pwb-brand":[],"product_cat":[3629,3635],"product_tag":[],"class_list":{"0":"post-234647","1":"product","2":"type-product","3":"status-publish","4":"has-post-thumbnail","6":"product_cat-auto-rc-fpv","7":"product_cat-ricambi-per-auto-fpv","9":"first","10":"instock","11":"taxable","12":"shipping-taxable","13":"purchasable","14":"product-type-simple"},"barcode":null,"atum_controlled":true,"out_stock_date":null,"out_stock_threshold":null,"inheritable":false,"stock_on_hold":0,"sold_today":0,"sales_last_days":0,"out_stock_days":0,"lost_sales":0,"update_date":"2026-04-08T16:52:29","atum_locations":[],"atum_stock_status":"instock","restock_status":false,"low_stock_amount":"","sales_update_date":"2025-09-09T07:24:26","calc_backorders":null,"yoast_head":"<!-- This site is optimized with the Yoast SEO plugin v27.3 - https:\/\/yoast.com\/product\/yoast-seo-wordpress\/ -->\n<title>Diatone SNT Q-25 Scheda PCB C2-RC - Iha Race<\/title>\n<meta name=\"robots\" content=\"index, follow, max-snippet:-1, max-image-preview:large, max-video-preview:-1\" \/>\n<link rel=\"canonical\" href=\"https:\/\/iha-race.com\/it\/prodotto\/diatone-snt-q-25-placa-pcb-c2-rc\/\" \/>\n<meta property=\"og:locale\" content=\"it_IT\" \/>\n<meta property=\"og:type\" content=\"article\" \/>\n<meta property=\"og:title\" content=\"Diatone SNT Q-25 Scheda PCB C2-RC - Iha Race\" \/>\n<meta property=\"og:description\" content=\"Diatone SNT Q-25 Scheda PCB C2-RC Compatibile con la versione RC delle auto telecomandate della serie Q25 NW: 3g Dettagli del prodotto: 1 x scheda PCB Q25-RC (contiene potenziometri, antenne&#8230;)\" \/>\n<meta property=\"og:url\" content=\"https:\/\/iha-race.com\/it\/prodotto\/diatone-snt-q-25-placa-pcb-c2-rc\/\" \/>\n<meta property=\"og:site_name\" content=\"Iha Race\" \/>\n<meta property=\"article:modified_time\" content=\"2024-08-29T09:26:10+00:00\" \/>\n<meta property=\"og:image\" content=\"https:\/\/iha-race.com\/wp-content\/uploads\/2023\/07\/Diatone-SNT-Q-25-Placa-PCB-C2-RC.webp\" \/>\n\t<meta property=\"og:image:width\" content=\"700\" \/>\n\t<meta property=\"og:image:height\" content=\"700\" \/>\n\t<meta property=\"og:image:type\" content=\"image\/webp\" \/>\n<meta name=\"twitter:card\" content=\"summary_large_image\" \/>\n<script type=\"application\/ld+json\" class=\"yoast-schema-graph\">{\"@context\":\"https:\\\/\\\/schema.org\",\"@graph\":[{\"@type\":\"WebPage\",\"@id\":\"https:\\\/\\\/iha-race.com\\\/it\\\/prodotto\\\/diatone-snt-q-25-placa-pcb-c2-rc\\\/\",\"url\":\"https:\\\/\\\/iha-race.com\\\/it\\\/prodotto\\\/diatone-snt-q-25-placa-pcb-c2-rc\\\/\",\"name\":\"Diatone SNT Q-25 Scheda PCB C2-RC - Iha Race\",\"isPartOf\":{\"@id\":\"https:\\\/\\\/iha-race.com\\\/it\\\/#website\"},\"primaryImageOfPage\":{\"@id\":\"https:\\\/\\\/iha-race.com\\\/it\\\/prodotto\\\/diatone-snt-q-25-placa-pcb-c2-rc\\\/#primaryimage\"},\"image\":{\"@id\":\"https:\\\/\\\/iha-race.com\\\/it\\\/prodotto\\\/diatone-snt-q-25-placa-pcb-c2-rc\\\/#primaryimage\"},\"thumbnailUrl\":\"https:\\\/\\\/iha-race.com\\\/wp-content\\\/uploads\\\/2023\\\/07\\\/Diatone-SNT-Q-25-Placa-PCB-C2-RC.webp\",\"datePublished\":\"2023-07-13T15:58:30+00:00\",\"dateModified\":\"2024-08-29T09:26:10+00:00\",\"breadcrumb\":{\"@id\":\"https:\\\/\\\/iha-race.com\\\/it\\\/prodotto\\\/diatone-snt-q-25-placa-pcb-c2-rc\\\/#breadcrumb\"},\"inLanguage\":\"it-IT\",\"potentialAction\":[{\"@type\":\"ReadAction\",\"target\":[\"https:\\\/\\\/iha-race.com\\\/it\\\/prodotto\\\/diatone-snt-q-25-placa-pcb-c2-rc\\\/\"]}]},{\"@type\":\"ImageObject\",\"inLanguage\":\"it-IT\",\"@id\":\"https:\\\/\\\/iha-race.com\\\/it\\\/prodotto\\\/diatone-snt-q-25-placa-pcb-c2-rc\\\/#primaryimage\",\"url\":\"https:\\\/\\\/iha-race.com\\\/wp-content\\\/uploads\\\/2023\\\/07\\\/Diatone-SNT-Q-25-Placa-PCB-C2-RC.webp\",\"contentUrl\":\"https:\\\/\\\/iha-race.com\\\/wp-content\\\/uploads\\\/2023\\\/07\\\/Diatone-SNT-Q-25-Placa-PCB-C2-RC.webp\",\"width\":700,\"height\":700},{\"@type\":\"BreadcrumbList\",\"@id\":\"https:\\\/\\\/iha-race.com\\\/it\\\/prodotto\\\/diatone-snt-q-25-placa-pcb-c2-rc\\\/#breadcrumb\",\"itemListElement\":[{\"@type\":\"ListItem\",\"position\":1,\"name\":\"Portada\",\"item\":\"https:\\\/\\\/iha-race.com\\\/it\\\/\"},{\"@type\":\"ListItem\",\"position\":2,\"name\":\"Negozio\",\"item\":\"https:\\\/\\\/iha-race.com\\\/it\\\/negozio\\\/\"},{\"@type\":\"ListItem\",\"position\":3,\"name\":\"Diatone SNT Q-25 Scheda PCB C2-RC\"}]},{\"@type\":\"WebSite\",\"@id\":\"https:\\\/\\\/iha-race.com\\\/it\\\/#website\",\"url\":\"https:\\\/\\\/iha-race.com\\\/it\\\/\",\"name\":\"Iha Race\",\"description\":\"Comprar drones de carreras FPV env\u00edos en un d\u00eda desde Espa\u00f1a\",\"publisher\":{\"@id\":\"https:\\\/\\\/iha-race.com\\\/it\\\/#organization\"},\"potentialAction\":[{\"@type\":\"SearchAction\",\"target\":{\"@type\":\"EntryPoint\",\"urlTemplate\":\"https:\\\/\\\/iha-race.com\\\/it\\\/?s={search_term_string}\"},\"query-input\":{\"@type\":\"PropertyValueSpecification\",\"valueRequired\":true,\"valueName\":\"search_term_string\"}}],\"inLanguage\":\"it-IT\"},{\"@type\":\"Organization\",\"@id\":\"https:\\\/\\\/iha-race.com\\\/it\\\/#organization\",\"name\":\"Iha Race\",\"url\":\"https:\\\/\\\/iha-race.com\\\/it\\\/\",\"logo\":{\"@type\":\"ImageObject\",\"inLanguage\":\"it-IT\",\"@id\":\"https:\\\/\\\/iha-race.com\\\/it\\\/#\\\/schema\\\/logo\\\/image\\\/\",\"url\":\"https:\\\/\\\/iha-race.com\\\/wp-content\\\/uploads\\\/2018\\\/07\\\/iha-race-drones-de-carreras-tienda-comprar-drones.png\",\"contentUrl\":\"https:\\\/\\\/iha-race.com\\\/wp-content\\\/uploads\\\/2018\\\/07\\\/iha-race-drones-de-carreras-tienda-comprar-drones.png\",\"width\":300,\"height\":100,\"caption\":\"Iha Race\"},\"image\":{\"@id\":\"https:\\\/\\\/iha-race.com\\\/it\\\/#\\\/schema\\\/logo\\\/image\\\/\"}}]}<\/script>\n<!-- \/ Yoast SEO plugin. -->","yoast_head_json":{"title":"Diatone SNT Q-25 Scheda PCB C2-RC - Iha Race","robots":{"index":"index","follow":"follow","max-snippet":"max-snippet:-1","max-image-preview":"max-image-preview:large","max-video-preview":"max-video-preview:-1"},"canonical":"https:\/\/iha-race.com\/it\/prodotto\/diatone-snt-q-25-placa-pcb-c2-rc\/","og_locale":"it_IT","og_type":"article","og_title":"Diatone SNT Q-25 Scheda PCB C2-RC - Iha Race","og_description":"Diatone SNT Q-25 Scheda PCB C2-RC Compatibile con la versione RC delle auto telecomandate della serie Q25 NW: 3g Dettagli del prodotto: 1 x scheda PCB Q25-RC (contiene potenziometri, antenne&#8230;)","og_url":"https:\/\/iha-race.com\/it\/prodotto\/diatone-snt-q-25-placa-pcb-c2-rc\/","og_site_name":"Iha Race","article_modified_time":"2024-08-29T09:26:10+00:00","og_image":[{"width":700,"height":700,"url":"https:\/\/iha-race.com\/wp-content\/uploads\/2023\/07\/Diatone-SNT-Q-25-Placa-PCB-C2-RC.webp","type":"image\/webp"}],"twitter_card":"summary_large_image","schema":{"@context":"https:\/\/schema.org","@graph":[{"@type":"WebPage","@id":"https:\/\/iha-race.com\/it\/prodotto\/diatone-snt-q-25-placa-pcb-c2-rc\/","url":"https:\/\/iha-race.com\/it\/prodotto\/diatone-snt-q-25-placa-pcb-c2-rc\/","name":"Diatone SNT Q-25 Scheda PCB C2-RC - Iha Race","isPartOf":{"@id":"https:\/\/iha-race.com\/it\/#website"},"primaryImageOfPage":{"@id":"https:\/\/iha-race.com\/it\/prodotto\/diatone-snt-q-25-placa-pcb-c2-rc\/#primaryimage"},"image":{"@id":"https:\/\/iha-race.com\/it\/prodotto\/diatone-snt-q-25-placa-pcb-c2-rc\/#primaryimage"},"thumbnailUrl":"https:\/\/iha-race.com\/wp-content\/uploads\/2023\/07\/Diatone-SNT-Q-25-Placa-PCB-C2-RC.webp","datePublished":"2023-07-13T15:58:30+00:00","dateModified":"2024-08-29T09:26:10+00:00","breadcrumb":{"@id":"https:\/\/iha-race.com\/it\/prodotto\/diatone-snt-q-25-placa-pcb-c2-rc\/#breadcrumb"},"inLanguage":"it-IT","potentialAction":[{"@type":"ReadAction","target":["https:\/\/iha-race.com\/it\/prodotto\/diatone-snt-q-25-placa-pcb-c2-rc\/"]}]},{"@type":"ImageObject","inLanguage":"it-IT","@id":"https:\/\/iha-race.com\/it\/prodotto\/diatone-snt-q-25-placa-pcb-c2-rc\/#primaryimage","url":"https:\/\/iha-race.com\/wp-content\/uploads\/2023\/07\/Diatone-SNT-Q-25-Placa-PCB-C2-RC.webp","contentUrl":"https:\/\/iha-race.com\/wp-content\/uploads\/2023\/07\/Diatone-SNT-Q-25-Placa-PCB-C2-RC.webp","width":700,"height":700},{"@type":"BreadcrumbList","@id":"https:\/\/iha-race.com\/it\/prodotto\/diatone-snt-q-25-placa-pcb-c2-rc\/#breadcrumb","itemListElement":[{"@type":"ListItem","position":1,"name":"Portada","item":"https:\/\/iha-race.com\/it\/"},{"@type":"ListItem","position":2,"name":"Negozio","item":"https:\/\/iha-race.com\/it\/negozio\/"},{"@type":"ListItem","position":3,"name":"Diatone SNT Q-25 Scheda PCB C2-RC"}]},{"@type":"WebSite","@id":"https:\/\/iha-race.com\/it\/#website","url":"https:\/\/iha-race.com\/it\/","name":"Iha Race","description":"Comprar drones de carreras FPV env\u00edos en un d\u00eda desde Espa\u00f1a","publisher":{"@id":"https:\/\/iha-race.com\/it\/#organization"},"potentialAction":[{"@type":"SearchAction","target":{"@type":"EntryPoint","urlTemplate":"https:\/\/iha-race.com\/it\/?s={search_term_string}"},"query-input":{"@type":"PropertyValueSpecification","valueRequired":true,"valueName":"search_term_string"}}],"inLanguage":"it-IT"},{"@type":"Organization","@id":"https:\/\/iha-race.com\/it\/#organization","name":"Iha Race","url":"https:\/\/iha-race.com\/it\/","logo":{"@type":"ImageObject","inLanguage":"it-IT","@id":"https:\/\/iha-race.com\/it\/#\/schema\/logo\/image\/","url":"https:\/\/iha-race.com\/wp-content\/uploads\/2018\/07\/iha-race-drones-de-carreras-tienda-comprar-drones.png","contentUrl":"https:\/\/iha-race.com\/wp-content\/uploads\/2018\/07\/iha-race-drones-de-carreras-tienda-comprar-drones.png","width":300,"height":100,"caption":"Iha Race"},"image":{"@id":"https:\/\/iha-race.com\/it\/#\/schema\/logo\/image\/"}}]}},"brands":[],"_links":{"self":[{"href":"https:\/\/iha-race.com\/it\/wp-json\/wp\/v2\/product\/234647","targetHints":{"allow":["GET"]}}],"collection":[{"href":"https:\/\/iha-race.com\/it\/wp-json\/wp\/v2\/product"}],"about":[{"href":"https:\/\/iha-race.com\/it\/wp-json\/wp\/v2\/types\/product"}],"replies":[{"embeddable":true,"href":"https:\/\/iha-race.com\/it\/wp-json\/wp\/v2\/comments?post=234647"}],"version-history":[{"count":1,"href":"https:\/\/iha-race.com\/it\/wp-json\/wp\/v2\/product\/234647\/revisions"}],"predecessor-version":[{"id":235549,"href":"https:\/\/iha-race.com\/it\/wp-json\/wp\/v2\/product\/234647\/revisions\/235549"}],"wp:featuredmedia":[{"embeddable":true,"href":"https:\/\/iha-race.com\/it\/wp-json\/wp\/v2\/media\/234643"}],"wp:attachment":[{"href":"https:\/\/iha-race.com\/it\/wp-json\/wp\/v2\/media?parent=234647"}],"wp:term":[{"taxonomy":"pwb-brand","embeddable":true,"href":"https:\/\/iha-race.com\/it\/wp-json\/wp\/v2\/pwb-brand?post=234647"},{"taxonomy":"product_cat","embeddable":true,"href":"https:\/\/iha-race.com\/it\/wp-json\/wp\/v2\/product_cat?post=234647"},{"taxonomy":"product_tag","embeddable":true,"href":"https:\/\/iha-race.com\/it\/wp-json\/wp\/v2\/product_tag?post=234647"}],"curies":[{"name":"wp","href":"https:\/\/api.w.org\/{rel}","templated":true}]}}