{"id":234598,"date":"2023-07-10T18:30:48","date_gmt":"2023-07-10T16:30:48","guid":{"rendered":"https:\/\/iha-race.com\/producto\/diatone-snt-wrangler-rc-car-164-3010-off-road-series-micro-car-arancione\/"},"modified":"2024-08-29T11:25:44","modified_gmt":"2024-08-29T09:25:44","slug":"car-rc-diatone-snt-snt-wrangler-164-3010-off-road-series-micro-car-orange","status":"publish","type":"product","link":"https:\/\/iha-race.com\/it\/prodotto\/car-rc-diatone-snt-snt-wrangler-164-3010-off-road-series-micro-car-orange\/","title":{"rendered":"Diatone SNT Wrangler RC Car 1:64 3010 Off-Road Series Micro Car (arancione)"},"content":{"rendered":"<h2>Diatone SNT SNT Wrangler RC Car 1:64 3010 Off-Road Series Micro Car (arancione)<\/h2>\n<p><iframe title=\"SNICLO 3010 Car\" width=\"1200\" height=\"675\" src=\"https:\/\/www.youtube.com\/embed\/bQ1l-vkNEJM?feature=oembed\" frameborder=\"0\" allow=\"accelerometer; autoplay; clipboard-write; encrypted-media; gyroscope; picture-in-picture; web-share\" referrerpolicy=\"strict-origin-when-cross-origin\" allowfullscreen><\/iframe><br \/>\n <strong><em>Video esplicativo SNT 3010 B Sniclo (audio in inglese)<\/em><\/strong><\/p>\n<h2>Caratteristiche<\/h2>\n<ul>\n<li>Rapporto corpo: 1\/64<\/li>\n<li>Interasse: 41 mm<\/li>\n<li>Pneumatici: simulazione di 14 \u00d7 3,5<\/li>\n<li>Mozzo ruota KM3: rame<\/li>\n<li>Distanza del telecomando da terra: circa 20 metri (occasioni aperte e non interferenti)<\/li>\n<li>Durata: circa 60 minuti (versione FPV circa 30 minuti)<\/li>\n<li>Modalit\u00e0 di guida: 4WD a tempo pieno<\/li>\n<li>Modalit\u00e0 di sterzo: sterzo proporzionale<\/li>\n<li>Batteria: 1S Lipo<\/li>\n<li>Illuminazione: fari, indicatori di direzione, luci di retromarcia, luci dei freni<\/li>\n<li>FPVBOX: S\u00ec<\/li>\n<li>Banda di frequenza di lavoro: 2.4G<\/li>\n<li>Supporto per il controllo remoto: Air 5 \/ Flysky<\/li>\n<li>Dimensioni: 76 \u00d7 32 \u00d7 37 mm<\/li>\n<li>Peso netto: 39,5 g<\/li>\n<\/ul>\n<p>&nbsp;<\/p>\n<p><img decoding=\"async\" src=\"https:\/\/cdn.shopifycdn.net\/s\/files\/1\/0687\/4346\/3227\/files\/3010-_1.jpg?v=1683527817\" alt=\"\"><\/p>\n<p><img decoding=\"async\" src=\"https:\/\/cdn.shopifycdn.net\/s\/files\/1\/0687\/4346\/3227\/files\/3010-_2.jpg?v=1683527845\" alt=\"\"><\/p>\n<p><img decoding=\"async\" src=\"https:\/\/cdn.shopifycdn.net\/s\/files\/1\/0687\/4346\/3227\/files\/3010-_3.jpg?v=1683527864\" alt=\"\"><\/p>\n<p><img decoding=\"async\" src=\"https:\/\/cdn.shopifycdn.net\/s\/files\/1\/0687\/4346\/3227\/files\/3010-_11.jpg?v=1683527893\" alt=\"\"><\/p>\n<p><img decoding=\"async\" src=\"https:\/\/cdn.shopifycdn.net\/s\/files\/1\/0687\/4346\/3227\/files\/3010-_4__01.jpg?v=1683528004\" alt=\"\"><\/p>\n<p><img decoding=\"async\" src=\"https:\/\/cdn.shopifycdn.net\/s\/files\/1\/0687\/4346\/3227\/files\/3010-_4__02.jpg?v=1683528303\" alt=\"\"><\/p>\n<p><img decoding=\"async\" src=\"https:\/\/cdn.shopifycdn.net\/s\/files\/1\/0687\/4346\/3227\/files\/3010-_5__03.jpg?v=1683528343\" alt=\"\"><\/p>\n<p><img decoding=\"async\" src=\"https:\/\/cdn.shopifycdn.net\/s\/files\/1\/0687\/4346\/3227\/files\/3010-_14.jpg?v=1683528373\" alt=\"\"><\/p>\n<p><img decoding=\"async\" src=\"https:\/\/cdn.shopifycdn.net\/s\/files\/1\/0687\/4346\/3227\/files\/3010-_13__01.jpg?v=1683528401\" alt=\"\"><\/p>\n<p><img decoding=\"async\" src=\"https:\/\/cdn.shopifycdn.net\/s\/files\/1\/0687\/4346\/3227\/files\/3010-_13__02.jpg?v=1683528426\" alt=\"\"><\/p>\n","protected":false},"excerpt":{"rendered":"<p>Diatone SNT SNT Wrangler RC Car 1:64 3010 Off-Road Series Micro Car (arancione) Video esplicativo SNT 3010 B Sniclo (audio in inglese) Caratteristiche Rapporto corpo: 1\/64 Interasse: 41 mm Pneumatici:<\/p>\n","protected":false},"featured_media":233367,"comment_status":"open","ping_status":"closed","template":"","meta":{"_joinchat":[]},"pwb-brand":[],"product_cat":[3631,3629],"product_tag":[],"class_list":{"0":"post-234598","1":"product","2":"type-product","3":"status-publish","4":"has-post-thumbnail","6":"product_cat-auto-fpv","7":"product_cat-auto-rc-fpv","9":"first","10":"outofstock","11":"taxable","12":"shipping-taxable","13":"purchasable","14":"product-type-simple"},"barcode":null,"atum_controlled":true,"out_stock_date":"2023-10-13 12:06:46","out_stock_threshold":null,"inheritable":false,"stock_on_hold":0,"sold_today":0,"sales_last_days":0,"out_stock_days":696,"lost_sales":0,"update_date":"2026-04-08T16:52:29","atum_locations":[],"atum_stock_status":"outofstock","restock_status":false,"low_stock_amount":"","sales_update_date":"2025-09-09T07:24:31","calc_backorders":null,"yoast_head":"<!-- This site is optimized with the Yoast SEO plugin v27.3 - https:\/\/yoast.com\/product\/yoast-seo-wordpress\/ -->\n<title>Diatone SNT Wrangler RC Car 1:64 3010 Off-Road Series Micro Car (arancione) - Iha Race<\/title>\n<meta name=\"robots\" content=\"index, follow, max-snippet:-1, max-image-preview:large, max-video-preview:-1\" \/>\n<link rel=\"canonical\" href=\"https:\/\/iha-race.com\/it\/prodotto\/car-rc-diatone-snt-snt-wrangler-164-3010-off-road-series-micro-car-orange\/\" \/>\n<meta property=\"og:locale\" content=\"it_IT\" \/>\n<meta property=\"og:type\" content=\"article\" \/>\n<meta property=\"og:title\" content=\"Diatone SNT Wrangler RC Car 1:64 3010 Off-Road Series Micro Car (arancione) - Iha Race\" \/>\n<meta property=\"og:description\" content=\"Diatone SNT SNT Wrangler RC Car 1:64 3010 Off-Road Series Micro Car (arancione) Video esplicativo SNT 3010 B Sniclo (audio in inglese) Caratteristiche Rapporto corpo: 1\/64 Interasse: 41 mm Pneumatici:\" \/>\n<meta property=\"og:url\" content=\"https:\/\/iha-race.com\/it\/prodotto\/car-rc-diatone-snt-snt-wrangler-164-3010-off-road-series-micro-car-orange\/\" \/>\n<meta property=\"og:site_name\" content=\"Iha Race\" \/>\n<meta property=\"article:modified_time\" content=\"2024-08-29T09:25:44+00:00\" \/>\n<meta property=\"og:image\" content=\"https:\/\/iha-race.com\/wp-content\/uploads\/2023\/06\/Coche-RC-Diatone-SNT-SNT-Wrangler-164-3010-Off-Road-Series-Micro-Car.webp\" \/>\n\t<meta property=\"og:image:width\" content=\"700\" \/>\n\t<meta property=\"og:image:height\" content=\"700\" \/>\n\t<meta property=\"og:image:type\" content=\"image\/webp\" \/>\n<meta name=\"twitter:card\" content=\"summary_large_image\" \/>\n<meta name=\"twitter:label1\" content=\"Tempo di lettura stimato\" \/>\n\t<meta name=\"twitter:data1\" content=\"1 minuto\" \/>\n<script type=\"application\/ld+json\" class=\"yoast-schema-graph\">{\"@context\":\"https:\\\/\\\/schema.org\",\"@graph\":[{\"@type\":\"WebPage\",\"@id\":\"https:\\\/\\\/iha-race.com\\\/it\\\/prodotto\\\/car-rc-diatone-snt-snt-wrangler-164-3010-off-road-series-micro-car-orange\\\/\",\"url\":\"https:\\\/\\\/iha-race.com\\\/it\\\/prodotto\\\/car-rc-diatone-snt-snt-wrangler-164-3010-off-road-series-micro-car-orange\\\/\",\"name\":\"Diatone SNT Wrangler RC Car 1:64 3010 Off-Road Series Micro Car (arancione) - Iha Race\",\"isPartOf\":{\"@id\":\"https:\\\/\\\/iha-race.com\\\/it\\\/#website\"},\"primaryImageOfPage\":{\"@id\":\"https:\\\/\\\/iha-race.com\\\/it\\\/prodotto\\\/car-rc-diatone-snt-snt-wrangler-164-3010-off-road-series-micro-car-orange\\\/#primaryimage\"},\"image\":{\"@id\":\"https:\\\/\\\/iha-race.com\\\/it\\\/prodotto\\\/car-rc-diatone-snt-snt-wrangler-164-3010-off-road-series-micro-car-orange\\\/#primaryimage\"},\"thumbnailUrl\":\"https:\\\/\\\/iha-race.com\\\/wp-content\\\/uploads\\\/2023\\\/06\\\/Coche-RC-Diatone-SNT-SNT-Wrangler-164-3010-Off-Road-Series-Micro-Car.webp\",\"datePublished\":\"2023-07-10T16:30:48+00:00\",\"dateModified\":\"2024-08-29T09:25:44+00:00\",\"breadcrumb\":{\"@id\":\"https:\\\/\\\/iha-race.com\\\/it\\\/prodotto\\\/car-rc-diatone-snt-snt-wrangler-164-3010-off-road-series-micro-car-orange\\\/#breadcrumb\"},\"inLanguage\":\"it-IT\",\"potentialAction\":[{\"@type\":\"ReadAction\",\"target\":[\"https:\\\/\\\/iha-race.com\\\/it\\\/prodotto\\\/car-rc-diatone-snt-snt-wrangler-164-3010-off-road-series-micro-car-orange\\\/\"]}]},{\"@type\":\"ImageObject\",\"inLanguage\":\"it-IT\",\"@id\":\"https:\\\/\\\/iha-race.com\\\/it\\\/prodotto\\\/car-rc-diatone-snt-snt-wrangler-164-3010-off-road-series-micro-car-orange\\\/#primaryimage\",\"url\":\"https:\\\/\\\/iha-race.com\\\/wp-content\\\/uploads\\\/2023\\\/06\\\/Coche-RC-Diatone-SNT-SNT-Wrangler-164-3010-Off-Road-Series-Micro-Car.webp\",\"contentUrl\":\"https:\\\/\\\/iha-race.com\\\/wp-content\\\/uploads\\\/2023\\\/06\\\/Coche-RC-Diatone-SNT-SNT-Wrangler-164-3010-Off-Road-Series-Micro-Car.webp\",\"width\":700,\"height\":700},{\"@type\":\"BreadcrumbList\",\"@id\":\"https:\\\/\\\/iha-race.com\\\/it\\\/prodotto\\\/car-rc-diatone-snt-snt-wrangler-164-3010-off-road-series-micro-car-orange\\\/#breadcrumb\",\"itemListElement\":[{\"@type\":\"ListItem\",\"position\":1,\"name\":\"Portada\",\"item\":\"https:\\\/\\\/iha-race.com\\\/it\\\/\"},{\"@type\":\"ListItem\",\"position\":2,\"name\":\"Negozio\",\"item\":\"https:\\\/\\\/iha-race.com\\\/it\\\/negozio\\\/\"},{\"@type\":\"ListItem\",\"position\":3,\"name\":\"Diatone SNT Wrangler RC Car 1:64 3010 Off-Road Series Micro Car (arancione)\"}]},{\"@type\":\"WebSite\",\"@id\":\"https:\\\/\\\/iha-race.com\\\/it\\\/#website\",\"url\":\"https:\\\/\\\/iha-race.com\\\/it\\\/\",\"name\":\"Iha Race\",\"description\":\"Comprar drones de carreras FPV env\u00edos en un d\u00eda desde Espa\u00f1a\",\"publisher\":{\"@id\":\"https:\\\/\\\/iha-race.com\\\/it\\\/#organization\"},\"potentialAction\":[{\"@type\":\"SearchAction\",\"target\":{\"@type\":\"EntryPoint\",\"urlTemplate\":\"https:\\\/\\\/iha-race.com\\\/it\\\/?s={search_term_string}\"},\"query-input\":{\"@type\":\"PropertyValueSpecification\",\"valueRequired\":true,\"valueName\":\"search_term_string\"}}],\"inLanguage\":\"it-IT\"},{\"@type\":\"Organization\",\"@id\":\"https:\\\/\\\/iha-race.com\\\/it\\\/#organization\",\"name\":\"Iha Race\",\"url\":\"https:\\\/\\\/iha-race.com\\\/it\\\/\",\"logo\":{\"@type\":\"ImageObject\",\"inLanguage\":\"it-IT\",\"@id\":\"https:\\\/\\\/iha-race.com\\\/it\\\/#\\\/schema\\\/logo\\\/image\\\/\",\"url\":\"https:\\\/\\\/iha-race.com\\\/wp-content\\\/uploads\\\/2018\\\/07\\\/iha-race-drones-de-carreras-tienda-comprar-drones.png\",\"contentUrl\":\"https:\\\/\\\/iha-race.com\\\/wp-content\\\/uploads\\\/2018\\\/07\\\/iha-race-drones-de-carreras-tienda-comprar-drones.png\",\"width\":300,\"height\":100,\"caption\":\"Iha Race\"},\"image\":{\"@id\":\"https:\\\/\\\/iha-race.com\\\/it\\\/#\\\/schema\\\/logo\\\/image\\\/\"}}]}<\/script>\n<!-- \/ Yoast SEO plugin. -->","yoast_head_json":{"title":"Diatone SNT Wrangler RC Car 1:64 3010 Off-Road Series Micro Car (arancione) - Iha Race","robots":{"index":"index","follow":"follow","max-snippet":"max-snippet:-1","max-image-preview":"max-image-preview:large","max-video-preview":"max-video-preview:-1"},"canonical":"https:\/\/iha-race.com\/it\/prodotto\/car-rc-diatone-snt-snt-wrangler-164-3010-off-road-series-micro-car-orange\/","og_locale":"it_IT","og_type":"article","og_title":"Diatone SNT Wrangler RC Car 1:64 3010 Off-Road Series Micro Car (arancione) - Iha Race","og_description":"Diatone SNT SNT Wrangler RC Car 1:64 3010 Off-Road Series Micro Car (arancione) Video esplicativo SNT 3010 B Sniclo (audio in inglese) Caratteristiche Rapporto corpo: 1\/64 Interasse: 41 mm Pneumatici:","og_url":"https:\/\/iha-race.com\/it\/prodotto\/car-rc-diatone-snt-snt-wrangler-164-3010-off-road-series-micro-car-orange\/","og_site_name":"Iha Race","article_modified_time":"2024-08-29T09:25:44+00:00","og_image":[{"width":700,"height":700,"url":"https:\/\/iha-race.com\/wp-content\/uploads\/2023\/06\/Coche-RC-Diatone-SNT-SNT-Wrangler-164-3010-Off-Road-Series-Micro-Car.webp","type":"image\/webp"}],"twitter_card":"summary_large_image","twitter_misc":{"Tempo di lettura stimato":"1 minuto"},"schema":{"@context":"https:\/\/schema.org","@graph":[{"@type":"WebPage","@id":"https:\/\/iha-race.com\/it\/prodotto\/car-rc-diatone-snt-snt-wrangler-164-3010-off-road-series-micro-car-orange\/","url":"https:\/\/iha-race.com\/it\/prodotto\/car-rc-diatone-snt-snt-wrangler-164-3010-off-road-series-micro-car-orange\/","name":"Diatone SNT Wrangler RC Car 1:64 3010 Off-Road Series Micro Car (arancione) - Iha Race","isPartOf":{"@id":"https:\/\/iha-race.com\/it\/#website"},"primaryImageOfPage":{"@id":"https:\/\/iha-race.com\/it\/prodotto\/car-rc-diatone-snt-snt-wrangler-164-3010-off-road-series-micro-car-orange\/#primaryimage"},"image":{"@id":"https:\/\/iha-race.com\/it\/prodotto\/car-rc-diatone-snt-snt-wrangler-164-3010-off-road-series-micro-car-orange\/#primaryimage"},"thumbnailUrl":"https:\/\/iha-race.com\/wp-content\/uploads\/2023\/06\/Coche-RC-Diatone-SNT-SNT-Wrangler-164-3010-Off-Road-Series-Micro-Car.webp","datePublished":"2023-07-10T16:30:48+00:00","dateModified":"2024-08-29T09:25:44+00:00","breadcrumb":{"@id":"https:\/\/iha-race.com\/it\/prodotto\/car-rc-diatone-snt-snt-wrangler-164-3010-off-road-series-micro-car-orange\/#breadcrumb"},"inLanguage":"it-IT","potentialAction":[{"@type":"ReadAction","target":["https:\/\/iha-race.com\/it\/prodotto\/car-rc-diatone-snt-snt-wrangler-164-3010-off-road-series-micro-car-orange\/"]}]},{"@type":"ImageObject","inLanguage":"it-IT","@id":"https:\/\/iha-race.com\/it\/prodotto\/car-rc-diatone-snt-snt-wrangler-164-3010-off-road-series-micro-car-orange\/#primaryimage","url":"https:\/\/iha-race.com\/wp-content\/uploads\/2023\/06\/Coche-RC-Diatone-SNT-SNT-Wrangler-164-3010-Off-Road-Series-Micro-Car.webp","contentUrl":"https:\/\/iha-race.com\/wp-content\/uploads\/2023\/06\/Coche-RC-Diatone-SNT-SNT-Wrangler-164-3010-Off-Road-Series-Micro-Car.webp","width":700,"height":700},{"@type":"BreadcrumbList","@id":"https:\/\/iha-race.com\/it\/prodotto\/car-rc-diatone-snt-snt-wrangler-164-3010-off-road-series-micro-car-orange\/#breadcrumb","itemListElement":[{"@type":"ListItem","position":1,"name":"Portada","item":"https:\/\/iha-race.com\/it\/"},{"@type":"ListItem","position":2,"name":"Negozio","item":"https:\/\/iha-race.com\/it\/negozio\/"},{"@type":"ListItem","position":3,"name":"Diatone SNT Wrangler RC Car 1:64 3010 Off-Road Series Micro Car (arancione)"}]},{"@type":"WebSite","@id":"https:\/\/iha-race.com\/it\/#website","url":"https:\/\/iha-race.com\/it\/","name":"Iha Race","description":"Comprar drones de carreras FPV env\u00edos en un d\u00eda desde Espa\u00f1a","publisher":{"@id":"https:\/\/iha-race.com\/it\/#organization"},"potentialAction":[{"@type":"SearchAction","target":{"@type":"EntryPoint","urlTemplate":"https:\/\/iha-race.com\/it\/?s={search_term_string}"},"query-input":{"@type":"PropertyValueSpecification","valueRequired":true,"valueName":"search_term_string"}}],"inLanguage":"it-IT"},{"@type":"Organization","@id":"https:\/\/iha-race.com\/it\/#organization","name":"Iha Race","url":"https:\/\/iha-race.com\/it\/","logo":{"@type":"ImageObject","inLanguage":"it-IT","@id":"https:\/\/iha-race.com\/it\/#\/schema\/logo\/image\/","url":"https:\/\/iha-race.com\/wp-content\/uploads\/2018\/07\/iha-race-drones-de-carreras-tienda-comprar-drones.png","contentUrl":"https:\/\/iha-race.com\/wp-content\/uploads\/2018\/07\/iha-race-drones-de-carreras-tienda-comprar-drones.png","width":300,"height":100,"caption":"Iha Race"},"image":{"@id":"https:\/\/iha-race.com\/it\/#\/schema\/logo\/image\/"}}]}},"brands":[],"_links":{"self":[{"href":"https:\/\/iha-race.com\/it\/wp-json\/wp\/v2\/product\/234598","targetHints":{"allow":["GET"]}}],"collection":[{"href":"https:\/\/iha-race.com\/it\/wp-json\/wp\/v2\/product"}],"about":[{"href":"https:\/\/iha-race.com\/it\/wp-json\/wp\/v2\/types\/product"}],"replies":[{"embeddable":true,"href":"https:\/\/iha-race.com\/it\/wp-json\/wp\/v2\/comments?post=234598"}],"version-history":[{"count":2,"href":"https:\/\/iha-race.com\/it\/wp-json\/wp\/v2\/product\/234598\/revisions"}],"predecessor-version":[{"id":248661,"href":"https:\/\/iha-race.com\/it\/wp-json\/wp\/v2\/product\/234598\/revisions\/248661"}],"wp:featuredmedia":[{"embeddable":true,"href":"https:\/\/iha-race.com\/it\/wp-json\/wp\/v2\/media\/233367"}],"wp:attachment":[{"href":"https:\/\/iha-race.com\/it\/wp-json\/wp\/v2\/media?parent=234598"}],"wp:term":[{"taxonomy":"pwb-brand","embeddable":true,"href":"https:\/\/iha-race.com\/it\/wp-json\/wp\/v2\/pwb-brand?post=234598"},{"taxonomy":"product_cat","embeddable":true,"href":"https:\/\/iha-race.com\/it\/wp-json\/wp\/v2\/product_cat?post=234598"},{"taxonomy":"product_tag","embeddable":true,"href":"https:\/\/iha-race.com\/it\/wp-json\/wp\/v2\/product_tag?post=234598"}],"curies":[{"name":"wp","href":"https:\/\/api.w.org\/{rel}","templated":true}]}}