{"id":234470,"date":"2023-07-11T18:30:47","date_gmt":"2023-07-11T16:30:47","guid":{"rendered":"https:\/\/iha-race.com\/producto\/batteria-tattu-r-line-4-0-1400-mah-130c-6s-xt60\/"},"modified":"2025-03-25T22:21:33","modified_gmt":"2025-03-25T21:21:33","slug":"bateria-tattu-r-line-4-0-1400-mah-130c-6s-xt60","status":"publish","type":"product","link":"https:\/\/iha-race.com\/it\/prodotto\/bateria-tattu-r-line-4-0-1400-mah-130c-6s-xt60\/","title":{"rendered":"Batteria Lipo Tattu R-Line versione 5.0 1400mAh 22.2V 150C 6S XT60"},"content":{"rendered":"<h2>Batteria Lipo Tattu R-Line versione 5.0 1400mAh 22.2V 150C 6S XT60<\/h2>\n<p>Tattu R-Line Versione 4.0 1400mAh 22.2V 130C 6S1P Il pacco batteria LiPo \u00e8 la versione aggiornata della serie R-Line nel 2021. Con pi\u00f9 forza, meno resistenza interna e meno peso, Tattu R-line V4 dominer\u00e0 sicuramente tutte le vostre gare.<\/p>\n<p><strong>Che cos&#8217;\u00e8 la linea R?  <\/strong>  R-Line \u00e8 una nuova linea di prodotti progettati specificamente per le competizioni FPV professionali. Questa \u00e8 la versione commerciale delle batterie Toppilot. \u00c8 anche una filiale del marchio Tattu. Ha una maggiore capacit\u00e0, una minore resistenza interna e temperature di atterraggio pi\u00f9 basse. Sono pi\u00f9 potenti di qualsiasi batteria al grafene. In generale, le batterie R-Line hanno le stesse specifiche delle nostre popolari batterie Toppilot. Esistono diverse versioni di R-Line per le esigenze delle diverse competizioni FPV.<\/p>\n<p><strong>Caratteristiche<\/strong>:<\/p>\n<ul>\n<li>Energia affidabile e di alta qualit\u00e0<\/li>\n<li>La stabile tecnologia di impilamento automatico consente capacit\u00e0 di 1400 mAh per singola cella.<\/li>\n<li>Capacit\u00e0 maggiore rispetto alle confezioni di dimensioni analoghe<\/li>\n<li>Tasso di C molto alto. Progettato per le gare FPV professionali<\/li>\n<li>Nessun effetto memoria.<\/li>\n<\/ul>\n<p><strong>Specifiche:<\/strong><\/p>\n<ul>\n<li>Capacit\u00e0 minima: 1400 mAh<\/li>\n<li>Configurazione: 6S1P \/ 22,2V \/ 6 celle<\/li>\n<li>Velocit\u00e0 di scarica: 130C<\/li>\n<li>Peso netto (\u00b1 10 g): 225 g<\/li>\n<li>Dimensioni: 78*39*42 mm (lunghezza x larghezza x altezza)<\/li>\n<li>Presa di ricarica: JST-XHR<\/li>\n<li>Spina di scarico: XT60<\/li>\n<\/ul>\n<h3>Il pacchetto comprende<\/h3>\n<ul>\n<li>1 x batteria Tattu R-Line 4.0 1400 mAh 130C 6S XT60<\/li>\n<\/ul>\n","protected":false},"excerpt":{"rendered":"<p>Batteria Lipo Tattu R-Line versione 5.0 1400mAh 22.2V 150C 6S XT60 Tattu R-Line Versione 4.0 1400mAh 22.2V 130C 6S1P Il pacco batteria LiPo \u00e8 la versione aggiornata della serie R-Line<\/p>\n","protected":false},"featured_media":256828,"comment_status":"open","ping_status":"closed","template":"","meta":{"_joinchat":[]},"pwb-brand":[],"product_cat":[1065,1335],"product_tag":[],"class_list":{"0":"post-234470","1":"product","2":"type-product","3":"status-publish","4":"has-post-thumbnail","6":"product_cat-batterie-fpv","7":"product_cat-s6-it","9":"first","10":"instock","11":"taxable","12":"shipping-taxable","13":"purchasable","14":"product-type-simple"},"barcode":null,"atum_controlled":true,"out_stock_date":null,"out_stock_threshold":null,"inheritable":false,"stock_on_hold":0,"sold_today":0,"sales_last_days":0,"out_stock_days":0,"lost_sales":0,"update_date":"2026-04-18T09:49:17","atum_locations":[],"atum_stock_status":"instock","restock_status":false,"low_stock_amount":"","sales_update_date":"2026-04-18T09:49:17","calc_backorders":null,"yoast_head":"<!-- This site is optimized with the Yoast SEO plugin v27.3 - https:\/\/yoast.com\/product\/yoast-seo-wordpress\/ -->\n<title>Batteria Lipo Tattu R-Line versione 5.0 1400mAh 22.2V 150C 6S XT60 - Iha Race<\/title>\n<meta name=\"robots\" content=\"index, follow, max-snippet:-1, max-image-preview:large, max-video-preview:-1\" \/>\n<link rel=\"canonical\" href=\"https:\/\/iha-race.com\/it\/prodotto\/bateria-tattu-r-line-4-0-1400-mah-130c-6s-xt60\/\" \/>\n<meta property=\"og:locale\" content=\"it_IT\" \/>\n<meta property=\"og:type\" content=\"article\" \/>\n<meta property=\"og:title\" content=\"Batteria Lipo Tattu R-Line versione 5.0 1400mAh 22.2V 150C 6S XT60 - Iha Race\" \/>\n<meta property=\"og:description\" content=\"Batteria Lipo Tattu R-Line versione 5.0 1400mAh 22.2V 150C 6S XT60 Tattu R-Line Versione 4.0 1400mAh 22.2V 130C 6S1P Il pacco batteria LiPo \u00e8 la versione aggiornata della serie R-Line\" \/>\n<meta property=\"og:url\" content=\"https:\/\/iha-race.com\/it\/prodotto\/bateria-tattu-r-line-4-0-1400-mah-130c-6s-xt60\/\" \/>\n<meta property=\"og:site_name\" content=\"Iha Race\" \/>\n<meta property=\"article:modified_time\" content=\"2025-03-25T21:21:33+00:00\" \/>\n<meta property=\"og:image\" content=\"https:\/\/iha-race.com\/wp-content\/uploads\/2023\/07\/Bateria-Lipo-Tattu-R-Line-version-5.0-1400mAh-22.2V-150C-6S-XT60.webp\" \/>\n\t<meta property=\"og:image:width\" content=\"1517\" \/>\n\t<meta property=\"og:image:height\" content=\"1517\" \/>\n\t<meta property=\"og:image:type\" content=\"image\/webp\" \/>\n<meta name=\"twitter:card\" content=\"summary_large_image\" \/>\n<meta name=\"twitter:label1\" content=\"Tempo di lettura stimato\" \/>\n\t<meta name=\"twitter:data1\" content=\"1 minuto\" \/>\n<script type=\"application\/ld+json\" class=\"yoast-schema-graph\">{\"@context\":\"https:\\\/\\\/schema.org\",\"@graph\":[{\"@type\":\"WebPage\",\"@id\":\"https:\\\/\\\/iha-race.com\\\/it\\\/prodotto\\\/bateria-tattu-r-line-4-0-1400-mah-130c-6s-xt60\\\/\",\"url\":\"https:\\\/\\\/iha-race.com\\\/it\\\/prodotto\\\/bateria-tattu-r-line-4-0-1400-mah-130c-6s-xt60\\\/\",\"name\":\"Batteria Lipo Tattu R-Line versione 5.0 1400mAh 22.2V 150C 6S XT60 - Iha Race\",\"isPartOf\":{\"@id\":\"https:\\\/\\\/iha-race.com\\\/it\\\/#website\"},\"primaryImageOfPage\":{\"@id\":\"https:\\\/\\\/iha-race.com\\\/it\\\/prodotto\\\/bateria-tattu-r-line-4-0-1400-mah-130c-6s-xt60\\\/#primaryimage\"},\"image\":{\"@id\":\"https:\\\/\\\/iha-race.com\\\/it\\\/prodotto\\\/bateria-tattu-r-line-4-0-1400-mah-130c-6s-xt60\\\/#primaryimage\"},\"thumbnailUrl\":\"https:\\\/\\\/iha-race.com\\\/wp-content\\\/uploads\\\/2023\\\/07\\\/Tattu_R-Line_Version_5.0_1480mAh_22.2V_150C_6S_Lipo_Battery_Pack_with_XT60_Plug_for_fpv_drone.webp\",\"datePublished\":\"2023-07-11T16:30:47+00:00\",\"dateModified\":\"2025-03-25T21:21:33+00:00\",\"breadcrumb\":{\"@id\":\"https:\\\/\\\/iha-race.com\\\/it\\\/prodotto\\\/bateria-tattu-r-line-4-0-1400-mah-130c-6s-xt60\\\/#breadcrumb\"},\"inLanguage\":\"it-IT\",\"potentialAction\":[{\"@type\":\"ReadAction\",\"target\":[\"https:\\\/\\\/iha-race.com\\\/it\\\/prodotto\\\/bateria-tattu-r-line-4-0-1400-mah-130c-6s-xt60\\\/\"]}]},{\"@type\":\"ImageObject\",\"inLanguage\":\"it-IT\",\"@id\":\"https:\\\/\\\/iha-race.com\\\/it\\\/prodotto\\\/bateria-tattu-r-line-4-0-1400-mah-130c-6s-xt60\\\/#primaryimage\",\"url\":\"https:\\\/\\\/iha-race.com\\\/wp-content\\\/uploads\\\/2023\\\/07\\\/Tattu_R-Line_Version_5.0_1480mAh_22.2V_150C_6S_Lipo_Battery_Pack_with_XT60_Plug_for_fpv_drone.webp\",\"contentUrl\":\"https:\\\/\\\/iha-race.com\\\/wp-content\\\/uploads\\\/2023\\\/07\\\/Tattu_R-Line_Version_5.0_1480mAh_22.2V_150C_6S_Lipo_Battery_Pack_with_XT60_Plug_for_fpv_drone.webp\",\"width\":900,\"height\":900,\"caption\":\"Comprar Bater\u00eda Tattu R-Line versi\u00f3n 5.0 de 1480 mAh, 22,2 V, 150 C y 6S Lipo con conector XT60\"},{\"@type\":\"BreadcrumbList\",\"@id\":\"https:\\\/\\\/iha-race.com\\\/it\\\/prodotto\\\/bateria-tattu-r-line-4-0-1400-mah-130c-6s-xt60\\\/#breadcrumb\",\"itemListElement\":[{\"@type\":\"ListItem\",\"position\":1,\"name\":\"Portada\",\"item\":\"https:\\\/\\\/iha-race.com\\\/it\\\/\"},{\"@type\":\"ListItem\",\"position\":2,\"name\":\"Negozio\",\"item\":\"https:\\\/\\\/iha-race.com\\\/it\\\/negozio\\\/\"},{\"@type\":\"ListItem\",\"position\":3,\"name\":\"Batteria Lipo Tattu R-Line versione 5.0 1400mAh 22.2V 150C 6S XT60\"}]},{\"@type\":\"WebSite\",\"@id\":\"https:\\\/\\\/iha-race.com\\\/it\\\/#website\",\"url\":\"https:\\\/\\\/iha-race.com\\\/it\\\/\",\"name\":\"Iha Race\",\"description\":\"Comprar drones de carreras FPV env\u00edos en un d\u00eda desde Espa\u00f1a\",\"publisher\":{\"@id\":\"https:\\\/\\\/iha-race.com\\\/it\\\/#organization\"},\"potentialAction\":[{\"@type\":\"SearchAction\",\"target\":{\"@type\":\"EntryPoint\",\"urlTemplate\":\"https:\\\/\\\/iha-race.com\\\/it\\\/?s={search_term_string}\"},\"query-input\":{\"@type\":\"PropertyValueSpecification\",\"valueRequired\":true,\"valueName\":\"search_term_string\"}}],\"inLanguage\":\"it-IT\"},{\"@type\":\"Organization\",\"@id\":\"https:\\\/\\\/iha-race.com\\\/it\\\/#organization\",\"name\":\"Iha Race\",\"url\":\"https:\\\/\\\/iha-race.com\\\/it\\\/\",\"logo\":{\"@type\":\"ImageObject\",\"inLanguage\":\"it-IT\",\"@id\":\"https:\\\/\\\/iha-race.com\\\/it\\\/#\\\/schema\\\/logo\\\/image\\\/\",\"url\":\"https:\\\/\\\/iha-race.com\\\/wp-content\\\/uploads\\\/2018\\\/07\\\/iha-race-drones-de-carreras-tienda-comprar-drones.png\",\"contentUrl\":\"https:\\\/\\\/iha-race.com\\\/wp-content\\\/uploads\\\/2018\\\/07\\\/iha-race-drones-de-carreras-tienda-comprar-drones.png\",\"width\":300,\"height\":100,\"caption\":\"Iha Race\"},\"image\":{\"@id\":\"https:\\\/\\\/iha-race.com\\\/it\\\/#\\\/schema\\\/logo\\\/image\\\/\"}}]}<\/script>\n<!-- \/ Yoast SEO plugin. -->","yoast_head_json":{"title":"Batteria Lipo Tattu R-Line versione 5.0 1400mAh 22.2V 150C 6S XT60 - Iha Race","robots":{"index":"index","follow":"follow","max-snippet":"max-snippet:-1","max-image-preview":"max-image-preview:large","max-video-preview":"max-video-preview:-1"},"canonical":"https:\/\/iha-race.com\/it\/prodotto\/bateria-tattu-r-line-4-0-1400-mah-130c-6s-xt60\/","og_locale":"it_IT","og_type":"article","og_title":"Batteria Lipo Tattu R-Line versione 5.0 1400mAh 22.2V 150C 6S XT60 - Iha Race","og_description":"Batteria Lipo Tattu R-Line versione 5.0 1400mAh 22.2V 150C 6S XT60 Tattu R-Line Versione 4.0 1400mAh 22.2V 130C 6S1P Il pacco batteria LiPo \u00e8 la versione aggiornata della serie R-Line","og_url":"https:\/\/iha-race.com\/it\/prodotto\/bateria-tattu-r-line-4-0-1400-mah-130c-6s-xt60\/","og_site_name":"Iha Race","article_modified_time":"2025-03-25T21:21:33+00:00","og_image":[{"width":1517,"height":1517,"url":"https:\/\/iha-race.com\/wp-content\/uploads\/2023\/07\/Bateria-Lipo-Tattu-R-Line-version-5.0-1400mAh-22.2V-150C-6S-XT60.webp","type":"image\/webp"}],"twitter_card":"summary_large_image","twitter_misc":{"Tempo di lettura stimato":"1 minuto"},"schema":{"@context":"https:\/\/schema.org","@graph":[{"@type":"WebPage","@id":"https:\/\/iha-race.com\/it\/prodotto\/bateria-tattu-r-line-4-0-1400-mah-130c-6s-xt60\/","url":"https:\/\/iha-race.com\/it\/prodotto\/bateria-tattu-r-line-4-0-1400-mah-130c-6s-xt60\/","name":"Batteria Lipo Tattu R-Line versione 5.0 1400mAh 22.2V 150C 6S XT60 - Iha Race","isPartOf":{"@id":"https:\/\/iha-race.com\/it\/#website"},"primaryImageOfPage":{"@id":"https:\/\/iha-race.com\/it\/prodotto\/bateria-tattu-r-line-4-0-1400-mah-130c-6s-xt60\/#primaryimage"},"image":{"@id":"https:\/\/iha-race.com\/it\/prodotto\/bateria-tattu-r-line-4-0-1400-mah-130c-6s-xt60\/#primaryimage"},"thumbnailUrl":"https:\/\/iha-race.com\/wp-content\/uploads\/2023\/07\/Tattu_R-Line_Version_5.0_1480mAh_22.2V_150C_6S_Lipo_Battery_Pack_with_XT60_Plug_for_fpv_drone.webp","datePublished":"2023-07-11T16:30:47+00:00","dateModified":"2025-03-25T21:21:33+00:00","breadcrumb":{"@id":"https:\/\/iha-race.com\/it\/prodotto\/bateria-tattu-r-line-4-0-1400-mah-130c-6s-xt60\/#breadcrumb"},"inLanguage":"it-IT","potentialAction":[{"@type":"ReadAction","target":["https:\/\/iha-race.com\/it\/prodotto\/bateria-tattu-r-line-4-0-1400-mah-130c-6s-xt60\/"]}]},{"@type":"ImageObject","inLanguage":"it-IT","@id":"https:\/\/iha-race.com\/it\/prodotto\/bateria-tattu-r-line-4-0-1400-mah-130c-6s-xt60\/#primaryimage","url":"https:\/\/iha-race.com\/wp-content\/uploads\/2023\/07\/Tattu_R-Line_Version_5.0_1480mAh_22.2V_150C_6S_Lipo_Battery_Pack_with_XT60_Plug_for_fpv_drone.webp","contentUrl":"https:\/\/iha-race.com\/wp-content\/uploads\/2023\/07\/Tattu_R-Line_Version_5.0_1480mAh_22.2V_150C_6S_Lipo_Battery_Pack_with_XT60_Plug_for_fpv_drone.webp","width":900,"height":900,"caption":"Comprar Bater\u00eda Tattu R-Line versi\u00f3n 5.0 de 1480 mAh, 22,2 V, 150 C y 6S Lipo con conector XT60"},{"@type":"BreadcrumbList","@id":"https:\/\/iha-race.com\/it\/prodotto\/bateria-tattu-r-line-4-0-1400-mah-130c-6s-xt60\/#breadcrumb","itemListElement":[{"@type":"ListItem","position":1,"name":"Portada","item":"https:\/\/iha-race.com\/it\/"},{"@type":"ListItem","position":2,"name":"Negozio","item":"https:\/\/iha-race.com\/it\/negozio\/"},{"@type":"ListItem","position":3,"name":"Batteria Lipo Tattu R-Line versione 5.0 1400mAh 22.2V 150C 6S XT60"}]},{"@type":"WebSite","@id":"https:\/\/iha-race.com\/it\/#website","url":"https:\/\/iha-race.com\/it\/","name":"Iha Race","description":"Comprar drones de carreras FPV env\u00edos en un d\u00eda desde Espa\u00f1a","publisher":{"@id":"https:\/\/iha-race.com\/it\/#organization"},"potentialAction":[{"@type":"SearchAction","target":{"@type":"EntryPoint","urlTemplate":"https:\/\/iha-race.com\/it\/?s={search_term_string}"},"query-input":{"@type":"PropertyValueSpecification","valueRequired":true,"valueName":"search_term_string"}}],"inLanguage":"it-IT"},{"@type":"Organization","@id":"https:\/\/iha-race.com\/it\/#organization","name":"Iha Race","url":"https:\/\/iha-race.com\/it\/","logo":{"@type":"ImageObject","inLanguage":"it-IT","@id":"https:\/\/iha-race.com\/it\/#\/schema\/logo\/image\/","url":"https:\/\/iha-race.com\/wp-content\/uploads\/2018\/07\/iha-race-drones-de-carreras-tienda-comprar-drones.png","contentUrl":"https:\/\/iha-race.com\/wp-content\/uploads\/2018\/07\/iha-race-drones-de-carreras-tienda-comprar-drones.png","width":300,"height":100,"caption":"Iha Race"},"image":{"@id":"https:\/\/iha-race.com\/it\/#\/schema\/logo\/image\/"}}]}},"brands":[],"_links":{"self":[{"href":"https:\/\/iha-race.com\/it\/wp-json\/wp\/v2\/product\/234470","targetHints":{"allow":["GET"]}}],"collection":[{"href":"https:\/\/iha-race.com\/it\/wp-json\/wp\/v2\/product"}],"about":[{"href":"https:\/\/iha-race.com\/it\/wp-json\/wp\/v2\/types\/product"}],"replies":[{"embeddable":true,"href":"https:\/\/iha-race.com\/it\/wp-json\/wp\/v2\/comments?post=234470"}],"version-history":[{"count":3,"href":"https:\/\/iha-race.com\/it\/wp-json\/wp\/v2\/product\/234470\/revisions"}],"predecessor-version":[{"id":253321,"href":"https:\/\/iha-race.com\/it\/wp-json\/wp\/v2\/product\/234470\/revisions\/253321"}],"wp:featuredmedia":[{"embeddable":true,"href":"https:\/\/iha-race.com\/it\/wp-json\/wp\/v2\/media\/256828"}],"wp:attachment":[{"href":"https:\/\/iha-race.com\/it\/wp-json\/wp\/v2\/media?parent=234470"}],"wp:term":[{"taxonomy":"pwb-brand","embeddable":true,"href":"https:\/\/iha-race.com\/it\/wp-json\/wp\/v2\/pwb-brand?post=234470"},{"taxonomy":"product_cat","embeddable":true,"href":"https:\/\/iha-race.com\/it\/wp-json\/wp\/v2\/product_cat?post=234470"},{"taxonomy":"product_tag","embeddable":true,"href":"https:\/\/iha-race.com\/it\/wp-json\/wp\/v2\/product_tag?post=234470"}],"curies":[{"name":"wp","href":"https:\/\/api.w.org\/{rel}","templated":true}]}}