{"id":233655,"date":"2023-07-05T18:01:59","date_gmt":"2023-07-05T16:01:59","guid":{"rendered":"https:\/\/iha-race.com\/producto\/occhiali-dji-integra\/"},"modified":"2024-10-08T19:31:35","modified_gmt":"2024-10-08T17:31:35","slug":"occhiali-dji-integra","status":"publish","type":"product","link":"https:\/\/iha-race.com\/it\/prodotto\/occhiali-dji-integra\/","title":{"rendered":"Occhiali DJI Integra"},"content":{"rendered":"<h2>Occhiali DJI Integra<\/h2>\n<h3>Descrizione generale<\/h3>\n<p>  I DJI Goggles Integra sono caratterizzati da un design integrato, adottano due display micro-OLED da 1080p con frequenza di aggiornamento fino a 100Hz e consentono uno streaming video a bassissima latenza per un&#8217;esperienza di volo pi\u00f9 coinvolgente.  <img decoding=\"async\" src=\"https:\/\/djiarsmadrid.com\/img\/cms\/Nuevo%20AVATA\/Goggles%20Integra\/90120ce3bfe8bf3c30745e7e19151cff.jpg\"><img decoding=\"async\" src=\"https:\/\/djiarsmadrid.com\/img\/cms\/Nuevo%20AVATA\/Goggles%20Integra\/jgfkgf.png\"><\/p>\n<div style=\"width: 1200px;\" class=\"wp-video\"><video class=\"wp-video-shortcode\" id=\"video-233655-1\" width=\"1200\" height=\"600\" preload=\"metadata\" controls=\"controls\"><source type=\"video\/mp4\" src=\"https:\/\/iha-race.com\/wp-content\/uploads\/2023\/07\/31d8179c-fde4-4905-a808-5c4f1454dbeb.mp4?_=1\" \/><a href=\"https:\/\/iha-race.com\/wp-content\/uploads\/2023\/07\/31d8179c-fde4-4905-a808-5c4f1454dbeb.mp4\">https:\/\/iha-race.com\/wp-content\/uploads\/2023\/07\/31d8179c-fde4-4905-a808-5c4f1454dbeb.mp4<\/a><\/video><\/div>\n<p>&nbsp;<\/p>\n<h3>La combinazione per il vostro comfort<\/h3>\n<p>  I DJI Goggles Integra combinano il tether e la batteria in un unico articolo, in modo che tu possa liberarti dei fastidiosi cavi. Leggeri e compatti, gli occhiali pesano circa 410 g con antenne ripiegabili. E con un&#8217;autonomia di due ore, potrai volare comodamente e senza preoccupazioni pi\u00f9 a lungo.  &nbsp;<\/p>\n<p><img decoding=\"async\" src=\"https:\/\/djiarsmadrid.com\/img\/cms\/Nuevo%20AVATA\/Goggles%20Integra\/asdasd.png\"><img decoding=\"async\" src=\"https:\/\/djiarsmadrid.com\/img\/cms\/Nuevo%20AVATA\/Goggles%20Integra\/Sin%20nombre.png\"><img decoding=\"async\" src=\"https:\/\/djiarsmadrid.com\/img\/cms\/Nuevo%20AVATA\/Goggles%20Integra\/Sin%20nasdasdasdasombre.png\"><\/p>\n<p>&nbsp;<\/p>\n<h3>Schermo HD, colori straordinari<\/h3>\n<p>  I DJI Goggles Integra sono dotati di due schermi micro-OLED da 1080p che offrono colori e dettagli realistici sia in luce che in ombra. Godetevi una visione cristallina con una luminosit\u00e0 dello schermo fino a 700 nits e una frequenza di aggiornamento fino a 100 Hz. I DJI Goggles Integra sono anche certificati T\u00dcV Rheinland Low Blue Light per rendere il volo pi\u00f9 confortevole per gli occhi.  &nbsp;<\/p>\n<h3>Streaming video stabile a bassissima latenza<\/h3>\n<p>  I DJI Goggles Integra adottano la trasmissione video DJI O3+, che offre una latenza minima di 30ms. Gli occhiali commutano automaticamente le bande di frequenza e hanno una forte capacit\u00e0 anti-interferenza per permetterti di volare senza interruzioni.  &nbsp;<\/p>\n<h3>Condividi i cieli<\/h3>\n<p>  Collegati all&#8217;app DJI Fly e visualizza la visuale della telecamera in tempo reale sugli occhiali e sullo smartphone per condividere ci\u00f2 che vedi.  &nbsp;<br \/>\n<div style=\"width: 640px;\" class=\"wp-video\"><video class=\"wp-video-shortcode\" id=\"video-233655-2\" width=\"640\" height=\"360\" preload=\"metadata\" controls=\"controls\"><source type=\"video\/mp4\" src=\"https:\/\/djiarsmadrid.com\/img\/cms\/Nuevo%20AVATA\/DJI%20RC%20MOTION%202\/a3698e1d-ffc4-4e16-b850-c75fead333b6.mp4?_=2\" \/><a href=\"https:\/\/djiarsmadrid.com\/img\/cms\/Nuevo%20AVATA\/DJI%20RC%20MOTION%202\/a3698e1d-ffc4-4e16-b850-c75fead333b6.mp4\">https:\/\/djiarsmadrid.com\/img\/cms\/Nuevo%20AVATA\/DJI%20RC%20MOTION%202\/a3698e1d-ffc4-4e16-b850-c75fead333b6.mp4<\/a><\/video><\/div><br \/>\n <img decoding=\"async\" src=\"https:\/\/djiarsmadrid.com\/img\/cms\/Nuevo%20AVATA\/Goggles%20Integra\/asdsadsadasdasdas.png\"><\/p>\n<h3>Compatibilit\u00e0<\/h3>\n<ul>\n<li>DJI Avata<\/li>\n<li>Unit\u00e0 aerea DJI O3<\/li>\n<li>Controllore di movimento DJI<\/li>\n<li>DJI RC Motion 2<\/li>\n<li>Telecomando FPV DJI 2<\/li>\n<li>Modulo unit\u00e0 aerea DJI FPV<\/li>\n<\/ul>\n<h3>Il pacchetto comprende<\/h3>\n<ul>\n<li>1 x Occhiali DJI Integra<\/li>\n<li>1 cavo USB-C OTG<\/li>\n<li>2 x DJI Goggles Integra Goggle Frames (coppia)<\/li>\n<li>11 x lenti correttive (coppia) Occhiali DJI Integra<\/li>\n<li>1 x DJI Goggles Integra Top Strap<\/li>\n<li>1 panno per la pulizia dell&#8217;obiettivo<\/li>\n<\/ul>\n<p>&nbsp;<\/p>\n","protected":false},"excerpt":{"rendered":"<p>Occhiali DJI Integra Descrizione generale I DJI Goggles Integra sono caratterizzati da un design integrato, adottano due display micro-OLED da 1080p con frequenza di aggiornamento fino a 100Hz e consentono<\/p>\n","protected":false},"featured_media":233734,"comment_status":"open","ping_status":"closed","template":"","meta":{"_joinchat":[]},"pwb-brand":[3567],"product_cat":[3329,3341,2455,1114],"product_tag":[],"class_list":{"0":"post-233655","1":"product","2":"type-product","3":"status-publish","4":"has-post-thumbnail","6":"pwb-brand-dji","7":"product_cat-dji-it","8":"product_cat-dji-fpv-it","9":"product_cat-occhiali-e-monitor","10":"product_cat-occhiali-fpv","12":"first","13":"onbackorder","14":"taxable","15":"shipping-taxable","16":"purchasable","17":"product-type-simple"},"barcode":null,"atum_controlled":true,"out_stock_date":null,"out_stock_threshold":null,"inheritable":false,"stock_on_hold":0,"sold_today":0,"sales_last_days":0,"out_stock_days":0,"lost_sales":0,"update_date":"2026-04-18T20:30:54","atum_locations":[],"atum_stock_status":"onbackorder","restock_status":false,"low_stock_amount":"","sales_update_date":"2026-04-18T20:30:54","calc_backorders":null,"yoast_head":"<!-- This site is optimized with the Yoast SEO plugin v27.3 - https:\/\/yoast.com\/product\/yoast-seo-wordpress\/ -->\n<title>Occhiali DJI Integra - Iha Race<\/title>\n<meta name=\"robots\" content=\"index, follow, max-snippet:-1, max-image-preview:large, max-video-preview:-1\" \/>\n<link rel=\"canonical\" href=\"https:\/\/iha-race.com\/it\/prodotto\/occhiali-dji-integra\/\" \/>\n<meta property=\"og:locale\" content=\"it_IT\" \/>\n<meta property=\"og:type\" content=\"article\" \/>\n<meta property=\"og:title\" content=\"Occhiali DJI Integra - Iha Race\" \/>\n<meta property=\"og:description\" content=\"Occhiali DJI Integra Descrizione generale I DJI Goggles Integra sono caratterizzati da un design integrato, adottano due display micro-OLED da 1080p con frequenza di aggiornamento fino a 100Hz e consentono\" \/>\n<meta property=\"og:url\" content=\"https:\/\/iha-race.com\/it\/prodotto\/occhiali-dji-integra\/\" \/>\n<meta property=\"og:site_name\" content=\"Iha Race\" \/>\n<meta property=\"article:modified_time\" content=\"2024-10-08T17:31:35+00:00\" \/>\n<meta property=\"og:image\" content=\"https:\/\/iha-race.com\/wp-content\/uploads\/2023\/07\/DJI-GAFAS.png\" \/>\n\t<meta property=\"og:image:width\" content=\"921\" \/>\n\t<meta property=\"og:image:height\" content=\"750\" \/>\n\t<meta property=\"og:image:type\" content=\"image\/png\" \/>\n<meta name=\"twitter:card\" content=\"summary_large_image\" \/>\n<meta name=\"twitter:label1\" content=\"Tempo di lettura stimato\" \/>\n\t<meta name=\"twitter:data1\" content=\"2 minuti\" \/>\n<script type=\"application\/ld+json\" class=\"yoast-schema-graph\">{\"@context\":\"https:\\\/\\\/schema.org\",\"@graph\":[{\"@type\":\"WebPage\",\"@id\":\"https:\\\/\\\/iha-race.com\\\/it\\\/prodotto\\\/occhiali-dji-integra\\\/\",\"url\":\"https:\\\/\\\/iha-race.com\\\/it\\\/prodotto\\\/occhiali-dji-integra\\\/\",\"name\":\"Occhiali DJI Integra - Iha Race\",\"isPartOf\":{\"@id\":\"https:\\\/\\\/iha-race.com\\\/it\\\/#website\"},\"primaryImageOfPage\":{\"@id\":\"https:\\\/\\\/iha-race.com\\\/it\\\/prodotto\\\/occhiali-dji-integra\\\/#primaryimage\"},\"image\":{\"@id\":\"https:\\\/\\\/iha-race.com\\\/it\\\/prodotto\\\/occhiali-dji-integra\\\/#primaryimage\"},\"thumbnailUrl\":\"https:\\\/\\\/iha-race.com\\\/wp-content\\\/uploads\\\/2023\\\/07\\\/DJI-GAFAS.png\",\"datePublished\":\"2023-07-05T16:01:59+00:00\",\"dateModified\":\"2024-10-08T17:31:35+00:00\",\"breadcrumb\":{\"@id\":\"https:\\\/\\\/iha-race.com\\\/it\\\/prodotto\\\/occhiali-dji-integra\\\/#breadcrumb\"},\"inLanguage\":\"it-IT\",\"potentialAction\":[{\"@type\":\"ReadAction\",\"target\":[\"https:\\\/\\\/iha-race.com\\\/it\\\/prodotto\\\/occhiali-dji-integra\\\/\"]}]},{\"@type\":\"ImageObject\",\"inLanguage\":\"it-IT\",\"@id\":\"https:\\\/\\\/iha-race.com\\\/it\\\/prodotto\\\/occhiali-dji-integra\\\/#primaryimage\",\"url\":\"https:\\\/\\\/iha-race.com\\\/wp-content\\\/uploads\\\/2023\\\/07\\\/DJI-GAFAS.png\",\"contentUrl\":\"https:\\\/\\\/iha-race.com\\\/wp-content\\\/uploads\\\/2023\\\/07\\\/DJI-GAFAS.png\",\"width\":921,\"height\":750},{\"@type\":\"BreadcrumbList\",\"@id\":\"https:\\\/\\\/iha-race.com\\\/it\\\/prodotto\\\/occhiali-dji-integra\\\/#breadcrumb\",\"itemListElement\":[{\"@type\":\"ListItem\",\"position\":1,\"name\":\"Portada\",\"item\":\"https:\\\/\\\/iha-race.com\\\/it\\\/\"},{\"@type\":\"ListItem\",\"position\":2,\"name\":\"Negozio\",\"item\":\"https:\\\/\\\/iha-race.com\\\/it\\\/negozio\\\/\"},{\"@type\":\"ListItem\",\"position\":3,\"name\":\"Occhiali DJI Integra\"}]},{\"@type\":\"WebSite\",\"@id\":\"https:\\\/\\\/iha-race.com\\\/it\\\/#website\",\"url\":\"https:\\\/\\\/iha-race.com\\\/it\\\/\",\"name\":\"Iha Race\",\"description\":\"Comprar drones de carreras FPV env\u00edos en un d\u00eda desde Espa\u00f1a\",\"publisher\":{\"@id\":\"https:\\\/\\\/iha-race.com\\\/it\\\/#organization\"},\"potentialAction\":[{\"@type\":\"SearchAction\",\"target\":{\"@type\":\"EntryPoint\",\"urlTemplate\":\"https:\\\/\\\/iha-race.com\\\/it\\\/?s={search_term_string}\"},\"query-input\":{\"@type\":\"PropertyValueSpecification\",\"valueRequired\":true,\"valueName\":\"search_term_string\"}}],\"inLanguage\":\"it-IT\"},{\"@type\":\"Organization\",\"@id\":\"https:\\\/\\\/iha-race.com\\\/it\\\/#organization\",\"name\":\"Iha Race\",\"url\":\"https:\\\/\\\/iha-race.com\\\/it\\\/\",\"logo\":{\"@type\":\"ImageObject\",\"inLanguage\":\"it-IT\",\"@id\":\"https:\\\/\\\/iha-race.com\\\/it\\\/#\\\/schema\\\/logo\\\/image\\\/\",\"url\":\"https:\\\/\\\/iha-race.com\\\/wp-content\\\/uploads\\\/2018\\\/07\\\/iha-race-drones-de-carreras-tienda-comprar-drones.png\",\"contentUrl\":\"https:\\\/\\\/iha-race.com\\\/wp-content\\\/uploads\\\/2018\\\/07\\\/iha-race-drones-de-carreras-tienda-comprar-drones.png\",\"width\":300,\"height\":100,\"caption\":\"Iha Race\"},\"image\":{\"@id\":\"https:\\\/\\\/iha-race.com\\\/it\\\/#\\\/schema\\\/logo\\\/image\\\/\"}}]}<\/script>\n<!-- \/ Yoast SEO plugin. -->","yoast_head_json":{"title":"Occhiali DJI Integra - Iha Race","robots":{"index":"index","follow":"follow","max-snippet":"max-snippet:-1","max-image-preview":"max-image-preview:large","max-video-preview":"max-video-preview:-1"},"canonical":"https:\/\/iha-race.com\/it\/prodotto\/occhiali-dji-integra\/","og_locale":"it_IT","og_type":"article","og_title":"Occhiali DJI Integra - Iha Race","og_description":"Occhiali DJI Integra Descrizione generale I DJI Goggles Integra sono caratterizzati da un design integrato, adottano due display micro-OLED da 1080p con frequenza di aggiornamento fino a 100Hz e consentono","og_url":"https:\/\/iha-race.com\/it\/prodotto\/occhiali-dji-integra\/","og_site_name":"Iha Race","article_modified_time":"2024-10-08T17:31:35+00:00","og_image":[{"width":921,"height":750,"url":"https:\/\/iha-race.com\/wp-content\/uploads\/2023\/07\/DJI-GAFAS.png","type":"image\/png"}],"twitter_card":"summary_large_image","twitter_misc":{"Tempo di lettura stimato":"2 minuti"},"schema":{"@context":"https:\/\/schema.org","@graph":[{"@type":"WebPage","@id":"https:\/\/iha-race.com\/it\/prodotto\/occhiali-dji-integra\/","url":"https:\/\/iha-race.com\/it\/prodotto\/occhiali-dji-integra\/","name":"Occhiali DJI Integra - Iha Race","isPartOf":{"@id":"https:\/\/iha-race.com\/it\/#website"},"primaryImageOfPage":{"@id":"https:\/\/iha-race.com\/it\/prodotto\/occhiali-dji-integra\/#primaryimage"},"image":{"@id":"https:\/\/iha-race.com\/it\/prodotto\/occhiali-dji-integra\/#primaryimage"},"thumbnailUrl":"https:\/\/iha-race.com\/wp-content\/uploads\/2023\/07\/DJI-GAFAS.png","datePublished":"2023-07-05T16:01:59+00:00","dateModified":"2024-10-08T17:31:35+00:00","breadcrumb":{"@id":"https:\/\/iha-race.com\/it\/prodotto\/occhiali-dji-integra\/#breadcrumb"},"inLanguage":"it-IT","potentialAction":[{"@type":"ReadAction","target":["https:\/\/iha-race.com\/it\/prodotto\/occhiali-dji-integra\/"]}]},{"@type":"ImageObject","inLanguage":"it-IT","@id":"https:\/\/iha-race.com\/it\/prodotto\/occhiali-dji-integra\/#primaryimage","url":"https:\/\/iha-race.com\/wp-content\/uploads\/2023\/07\/DJI-GAFAS.png","contentUrl":"https:\/\/iha-race.com\/wp-content\/uploads\/2023\/07\/DJI-GAFAS.png","width":921,"height":750},{"@type":"BreadcrumbList","@id":"https:\/\/iha-race.com\/it\/prodotto\/occhiali-dji-integra\/#breadcrumb","itemListElement":[{"@type":"ListItem","position":1,"name":"Portada","item":"https:\/\/iha-race.com\/it\/"},{"@type":"ListItem","position":2,"name":"Negozio","item":"https:\/\/iha-race.com\/it\/negozio\/"},{"@type":"ListItem","position":3,"name":"Occhiali DJI Integra"}]},{"@type":"WebSite","@id":"https:\/\/iha-race.com\/it\/#website","url":"https:\/\/iha-race.com\/it\/","name":"Iha Race","description":"Comprar drones de carreras FPV env\u00edos en un d\u00eda desde Espa\u00f1a","publisher":{"@id":"https:\/\/iha-race.com\/it\/#organization"},"potentialAction":[{"@type":"SearchAction","target":{"@type":"EntryPoint","urlTemplate":"https:\/\/iha-race.com\/it\/?s={search_term_string}"},"query-input":{"@type":"PropertyValueSpecification","valueRequired":true,"valueName":"search_term_string"}}],"inLanguage":"it-IT"},{"@type":"Organization","@id":"https:\/\/iha-race.com\/it\/#organization","name":"Iha Race","url":"https:\/\/iha-race.com\/it\/","logo":{"@type":"ImageObject","inLanguage":"it-IT","@id":"https:\/\/iha-race.com\/it\/#\/schema\/logo\/image\/","url":"https:\/\/iha-race.com\/wp-content\/uploads\/2018\/07\/iha-race-drones-de-carreras-tienda-comprar-drones.png","contentUrl":"https:\/\/iha-race.com\/wp-content\/uploads\/2018\/07\/iha-race-drones-de-carreras-tienda-comprar-drones.png","width":300,"height":100,"caption":"Iha Race"},"image":{"@id":"https:\/\/iha-race.com\/it\/#\/schema\/logo\/image\/"}}]}},"jetpack_sharing_enabled":true,"brands":[{"id":3567,"name":"DJI","slug":"dji"}],"_links":{"self":[{"href":"https:\/\/iha-race.com\/it\/wp-json\/wp\/v2\/product\/233655","targetHints":{"allow":["GET"]}}],"collection":[{"href":"https:\/\/iha-race.com\/it\/wp-json\/wp\/v2\/product"}],"about":[{"href":"https:\/\/iha-race.com\/it\/wp-json\/wp\/v2\/types\/product"}],"replies":[{"embeddable":true,"href":"https:\/\/iha-race.com\/it\/wp-json\/wp\/v2\/comments?post=233655"}],"version-history":[{"count":2,"href":"https:\/\/iha-race.com\/it\/wp-json\/wp\/v2\/product\/233655\/revisions"}],"predecessor-version":[{"id":248652,"href":"https:\/\/iha-race.com\/it\/wp-json\/wp\/v2\/product\/233655\/revisions\/248652"}],"wp:featuredmedia":[{"embeddable":true,"href":"https:\/\/iha-race.com\/it\/wp-json\/wp\/v2\/media\/233734"}],"wp:attachment":[{"href":"https:\/\/iha-race.com\/it\/wp-json\/wp\/v2\/media?parent=233655"}],"wp:term":[{"taxonomy":"pwb-brand","embeddable":true,"href":"https:\/\/iha-race.com\/it\/wp-json\/wp\/v2\/pwb-brand?post=233655"},{"taxonomy":"product_cat","embeddable":true,"href":"https:\/\/iha-race.com\/it\/wp-json\/wp\/v2\/product_cat?post=233655"},{"taxonomy":"product_tag","embeddable":true,"href":"https:\/\/iha-race.com\/it\/wp-json\/wp\/v2\/product_tag?post=233655"}],"curies":[{"name":"wp","href":"https:\/\/api.w.org\/{rel}","templated":true}]}}