{"id":230930,"date":"2023-05-16T16:56:43","date_gmt":"2023-05-16T14:56:43","guid":{"rendered":"https:\/\/iha-race.com\/producto\/bussola-foxeer-m10q-250-gps-5883\/"},"modified":"2024-08-29T11:24:24","modified_gmt":"2024-08-29T09:24:24","slug":"foxeer-m10q-250-gps-5883-compass","status":"publish","type":"product","link":"https:\/\/iha-race.com\/it\/prodotto\/foxeer-m10q-250-gps-5883-compass\/","title":{"rendered":"Bussola Foxeer M10Q 250 GPS 5883"},"content":{"rendered":"<h2>Bussola Foxeer M10Q 250 GPS 5883<\/h2>\n<p><img decoding=\"async\" src=\"https:\/\/inew.foxeer.com\/upload\/image\/20230328\/20230328215905_59780.jpg\"><\/p>\n<p>&nbsp;<\/p>\n<h3>Specifiche tecniche<\/h3>\n<table class=\"table table-bordered\" style=\"height: 698px;\" width=\"971\">\n<tbody>\n<tr>\n<td valign=\"center\" width=\"189\">Chip<\/td>\n<td valign=\"center\" width=\"413\">M10 (chip di decima generazione)<\/td>\n<\/tr>\n<tr>\n<td valign=\"center\">Frequenza<\/td>\n<td valign=\"center\">GPS L1GLONASS L1BDS B1GALILEO ESBAS L1QZSS L1<\/td>\n<\/tr>\n<tr>\n<td valign=\"center\">Tensione di ingresso<\/td>\n<td valign=\"center\">5V<\/td>\n<\/tr>\n<tr>\n<td valign=\"center\">Antenna<\/td>\n<td valign=\"center\">Antenna in ceramica<\/td>\n<\/tr>\n<tr>\n<td valign=\"center\">Canale<\/td>\n<td valign=\"center\"><\/td>\n<\/tr>\n<tr>\n<td valign=\"center\">Batteria<\/td>\n<td valign=\"center\">Ingresso bilaterale<\/td>\n<\/tr>\n<tr>\n<td valign=\"center\">Bussola<\/td>\n<td valign=\"center\">QMC5883<\/td>\n<\/tr>\n<tr>\n<td valign=\"center\">Orientamento della bussola<\/td>\n<td valign=\"center\">Inserire la spina rivolta verso la direzione di volo e ovviamente l&#8217;antenna verso l&#8217;alto, BF: CW 90\u00b0 Flip<\/td>\n<\/tr>\n<tr>\n<td valign=\"center\">Velocit\u00e0 di trasmissione<\/td>\n<td valign=\"center\">115200bps<\/td>\n<\/tr>\n<tr>\n<td valign=\"center\">Protocollo<\/td>\n<td valign=\"center\">Doppio NMEA\/UBLOX<\/td>\n<\/tr>\n<tr>\n<td valign=\"center\">Frequenza di uscita<\/td>\n<td valign=\"center\">1Hz-10Hz, 10Hz di default<\/td>\n<\/tr>\n<tr>\n<td valign=\"center\">Precisione della velocit\u00e0<\/td>\n<td valign=\"center\">0,05 m\/s<\/td>\n<\/tr>\n<tr>\n<td valign=\"center\">Precisione di posizionamento orizzontale<\/td>\n<td valign=\"center\">2D ACC1,5m (all&#8217;aperto)<\/td>\n<\/tr>\n<tr>\n<td valign=\"center\">Sensibilit\u00e0 del ricevitore<\/td>\n<td valign=\"center\">Tracciamento -166dBm; Cattura -160dBm<\/td>\n<\/tr>\n<tr>\n<td valign=\"center\">Caratteristiche dinamiche<\/td>\n<td valign=\"center\">Altezza 50000m; Velocit\u00e0 500 m\/s; Accelerazione 4G<\/td>\n<\/tr>\n<tr>\n<td valign=\"center\">Temperatura di esercizio<\/td>\n<td valign=\"center\">-40C-+85C<\/td>\n<\/tr>\n<tr>\n<td valign=\"center\">Temperatura di conservazione<\/td>\n<td valign=\"center\">-40C-+105C<\/td>\n<\/tr>\n<tr>\n<td valign=\"center\">Peso<\/td>\n<td valign=\"center\">12g<\/td>\n<\/tr>\n<tr>\n<td valign=\"center\">Dimensioni<\/td>\n<td valign=\"center\">25*25*8mm<\/td>\n<\/tr>\n<\/tbody>\n<\/table>\n<p>&nbsp;<\/p>\n<h3>Il pacchetto comprende<\/h3>\n<ul>\n<li>1 x Bussola Foxeer M10Q 180 GPS 5883<\/li>\n<\/ul>\n<p>&nbsp;<\/p>\n","protected":false},"excerpt":{"rendered":"<p>Bussola Foxeer M10Q 250 GPS 5883 &nbsp; Specifiche tecniche Chip M10 (chip di decima generazione) Frequenza GPS L1GLONASS L1BDS B1GALILEO ESBAS L1QZSS L1 Tensione di ingresso 5V Antenna Antenna in<\/p>\n","protected":false},"featured_media":230488,"comment_status":"open","ping_status":"closed","template":"","meta":{"_joinchat":[]},"pwb-brand":[],"product_cat":[1104,2142],"product_tag":[],"class_list":{"0":"post-230930","1":"product","2":"type-product","3":"status-publish","4":"has-post-thumbnail","6":"product_cat-elettronica-e-accessori-fpv","7":"product_cat-gps-it","9":"first","10":"instock","11":"taxable","12":"shipping-taxable","13":"purchasable","14":"product-type-simple"},"barcode":null,"atum_controlled":true,"out_stock_date":null,"out_stock_threshold":null,"inheritable":false,"stock_on_hold":0,"sold_today":0,"sales_last_days":0,"out_stock_days":0,"lost_sales":0,"update_date":"2026-04-16T08:17:39","atum_locations":[],"atum_stock_status":"instock","restock_status":false,"low_stock_amount":"","sales_update_date":"2026-04-16T08:17:39","calc_backorders":null,"yoast_head":"<!-- This site is optimized with the Yoast SEO plugin v27.3 - https:\/\/yoast.com\/product\/yoast-seo-wordpress\/ -->\n<title>Bussola Foxeer M10Q 250 GPS 5883 - Iha Race<\/title>\n<meta name=\"robots\" content=\"index, follow, max-snippet:-1, max-image-preview:large, max-video-preview:-1\" \/>\n<link rel=\"canonical\" href=\"https:\/\/iha-race.com\/it\/prodotto\/foxeer-m10q-250-gps-5883-compass\/\" \/>\n<meta property=\"og:locale\" content=\"it_IT\" \/>\n<meta property=\"og:type\" content=\"article\" \/>\n<meta property=\"og:title\" content=\"Bussola Foxeer M10Q 250 GPS 5883 - Iha Race\" \/>\n<meta property=\"og:description\" content=\"Bussola Foxeer M10Q 250 GPS 5883 &nbsp; Specifiche tecniche Chip M10 (chip di decima generazione) Frequenza GPS L1GLONASS L1BDS B1GALILEO ESBAS L1QZSS L1 Tensione di ingresso 5V Antenna Antenna in\" \/>\n<meta property=\"og:url\" content=\"https:\/\/iha-race.com\/it\/prodotto\/foxeer-m10q-250-gps-5883-compass\/\" \/>\n<meta property=\"og:site_name\" content=\"Iha Race\" \/>\n<meta property=\"article:modified_time\" content=\"2024-08-29T09:24:24+00:00\" \/>\n<meta property=\"og:image\" content=\"https:\/\/iha-race.com\/wp-content\/uploads\/2023\/05\/Foxeer-M10Q-250-GPS-5883-Compass.jpg\" \/>\n\t<meta property=\"og:image:width\" content=\"400\" \/>\n\t<meta property=\"og:image:height\" content=\"400\" \/>\n\t<meta property=\"og:image:type\" content=\"image\/jpeg\" \/>\n<meta name=\"twitter:card\" content=\"summary_large_image\" \/>\n<meta name=\"twitter:label1\" content=\"Tempo di lettura stimato\" \/>\n\t<meta name=\"twitter:data1\" content=\"1 minuto\" \/>\n<script type=\"application\/ld+json\" class=\"yoast-schema-graph\">{\"@context\":\"https:\\\/\\\/schema.org\",\"@graph\":[{\"@type\":\"WebPage\",\"@id\":\"https:\\\/\\\/iha-race.com\\\/it\\\/prodotto\\\/foxeer-m10q-250-gps-5883-compass\\\/\",\"url\":\"https:\\\/\\\/iha-race.com\\\/it\\\/prodotto\\\/foxeer-m10q-250-gps-5883-compass\\\/\",\"name\":\"Bussola Foxeer M10Q 250 GPS 5883 - Iha Race\",\"isPartOf\":{\"@id\":\"https:\\\/\\\/iha-race.com\\\/it\\\/#website\"},\"primaryImageOfPage\":{\"@id\":\"https:\\\/\\\/iha-race.com\\\/it\\\/prodotto\\\/foxeer-m10q-250-gps-5883-compass\\\/#primaryimage\"},\"image\":{\"@id\":\"https:\\\/\\\/iha-race.com\\\/it\\\/prodotto\\\/foxeer-m10q-250-gps-5883-compass\\\/#primaryimage\"},\"thumbnailUrl\":\"https:\\\/\\\/iha-race.com\\\/wp-content\\\/uploads\\\/2023\\\/05\\\/Foxeer-M10Q-250-GPS-5883-Compass.jpg\",\"datePublished\":\"2023-05-16T14:56:43+00:00\",\"dateModified\":\"2024-08-29T09:24:24+00:00\",\"breadcrumb\":{\"@id\":\"https:\\\/\\\/iha-race.com\\\/it\\\/prodotto\\\/foxeer-m10q-250-gps-5883-compass\\\/#breadcrumb\"},\"inLanguage\":\"it-IT\",\"potentialAction\":[{\"@type\":\"ReadAction\",\"target\":[\"https:\\\/\\\/iha-race.com\\\/it\\\/prodotto\\\/foxeer-m10q-250-gps-5883-compass\\\/\"]}]},{\"@type\":\"ImageObject\",\"inLanguage\":\"it-IT\",\"@id\":\"https:\\\/\\\/iha-race.com\\\/it\\\/prodotto\\\/foxeer-m10q-250-gps-5883-compass\\\/#primaryimage\",\"url\":\"https:\\\/\\\/iha-race.com\\\/wp-content\\\/uploads\\\/2023\\\/05\\\/Foxeer-M10Q-250-GPS-5883-Compass.jpg\",\"contentUrl\":\"https:\\\/\\\/iha-race.com\\\/wp-content\\\/uploads\\\/2023\\\/05\\\/Foxeer-M10Q-250-GPS-5883-Compass.jpg\",\"width\":400,\"height\":400},{\"@type\":\"BreadcrumbList\",\"@id\":\"https:\\\/\\\/iha-race.com\\\/it\\\/prodotto\\\/foxeer-m10q-250-gps-5883-compass\\\/#breadcrumb\",\"itemListElement\":[{\"@type\":\"ListItem\",\"position\":1,\"name\":\"Portada\",\"item\":\"https:\\\/\\\/iha-race.com\\\/it\\\/\"},{\"@type\":\"ListItem\",\"position\":2,\"name\":\"Negozio\",\"item\":\"https:\\\/\\\/iha-race.com\\\/it\\\/negozio\\\/\"},{\"@type\":\"ListItem\",\"position\":3,\"name\":\"Bussola Foxeer M10Q 250 GPS 5883\"}]},{\"@type\":\"WebSite\",\"@id\":\"https:\\\/\\\/iha-race.com\\\/it\\\/#website\",\"url\":\"https:\\\/\\\/iha-race.com\\\/it\\\/\",\"name\":\"Iha Race\",\"description\":\"Comprar drones de carreras FPV env\u00edos en un d\u00eda desde Espa\u00f1a\",\"publisher\":{\"@id\":\"https:\\\/\\\/iha-race.com\\\/it\\\/#organization\"},\"potentialAction\":[{\"@type\":\"SearchAction\",\"target\":{\"@type\":\"EntryPoint\",\"urlTemplate\":\"https:\\\/\\\/iha-race.com\\\/it\\\/?s={search_term_string}\"},\"query-input\":{\"@type\":\"PropertyValueSpecification\",\"valueRequired\":true,\"valueName\":\"search_term_string\"}}],\"inLanguage\":\"it-IT\"},{\"@type\":\"Organization\",\"@id\":\"https:\\\/\\\/iha-race.com\\\/it\\\/#organization\",\"name\":\"Iha Race\",\"url\":\"https:\\\/\\\/iha-race.com\\\/it\\\/\",\"logo\":{\"@type\":\"ImageObject\",\"inLanguage\":\"it-IT\",\"@id\":\"https:\\\/\\\/iha-race.com\\\/it\\\/#\\\/schema\\\/logo\\\/image\\\/\",\"url\":\"https:\\\/\\\/iha-race.com\\\/wp-content\\\/uploads\\\/2018\\\/07\\\/iha-race-drones-de-carreras-tienda-comprar-drones.png\",\"contentUrl\":\"https:\\\/\\\/iha-race.com\\\/wp-content\\\/uploads\\\/2018\\\/07\\\/iha-race-drones-de-carreras-tienda-comprar-drones.png\",\"width\":300,\"height\":100,\"caption\":\"Iha Race\"},\"image\":{\"@id\":\"https:\\\/\\\/iha-race.com\\\/it\\\/#\\\/schema\\\/logo\\\/image\\\/\"}}]}<\/script>\n<!-- \/ Yoast SEO plugin. -->","yoast_head_json":{"title":"Bussola Foxeer M10Q 250 GPS 5883 - Iha Race","robots":{"index":"index","follow":"follow","max-snippet":"max-snippet:-1","max-image-preview":"max-image-preview:large","max-video-preview":"max-video-preview:-1"},"canonical":"https:\/\/iha-race.com\/it\/prodotto\/foxeer-m10q-250-gps-5883-compass\/","og_locale":"it_IT","og_type":"article","og_title":"Bussola Foxeer M10Q 250 GPS 5883 - Iha Race","og_description":"Bussola Foxeer M10Q 250 GPS 5883 &nbsp; Specifiche tecniche Chip M10 (chip di decima generazione) Frequenza GPS L1GLONASS L1BDS B1GALILEO ESBAS L1QZSS L1 Tensione di ingresso 5V Antenna Antenna in","og_url":"https:\/\/iha-race.com\/it\/prodotto\/foxeer-m10q-250-gps-5883-compass\/","og_site_name":"Iha Race","article_modified_time":"2024-08-29T09:24:24+00:00","og_image":[{"width":400,"height":400,"url":"https:\/\/iha-race.com\/wp-content\/uploads\/2023\/05\/Foxeer-M10Q-250-GPS-5883-Compass.jpg","type":"image\/jpeg"}],"twitter_card":"summary_large_image","twitter_misc":{"Tempo di lettura stimato":"1 minuto"},"schema":{"@context":"https:\/\/schema.org","@graph":[{"@type":"WebPage","@id":"https:\/\/iha-race.com\/it\/prodotto\/foxeer-m10q-250-gps-5883-compass\/","url":"https:\/\/iha-race.com\/it\/prodotto\/foxeer-m10q-250-gps-5883-compass\/","name":"Bussola Foxeer M10Q 250 GPS 5883 - Iha Race","isPartOf":{"@id":"https:\/\/iha-race.com\/it\/#website"},"primaryImageOfPage":{"@id":"https:\/\/iha-race.com\/it\/prodotto\/foxeer-m10q-250-gps-5883-compass\/#primaryimage"},"image":{"@id":"https:\/\/iha-race.com\/it\/prodotto\/foxeer-m10q-250-gps-5883-compass\/#primaryimage"},"thumbnailUrl":"https:\/\/iha-race.com\/wp-content\/uploads\/2023\/05\/Foxeer-M10Q-250-GPS-5883-Compass.jpg","datePublished":"2023-05-16T14:56:43+00:00","dateModified":"2024-08-29T09:24:24+00:00","breadcrumb":{"@id":"https:\/\/iha-race.com\/it\/prodotto\/foxeer-m10q-250-gps-5883-compass\/#breadcrumb"},"inLanguage":"it-IT","potentialAction":[{"@type":"ReadAction","target":["https:\/\/iha-race.com\/it\/prodotto\/foxeer-m10q-250-gps-5883-compass\/"]}]},{"@type":"ImageObject","inLanguage":"it-IT","@id":"https:\/\/iha-race.com\/it\/prodotto\/foxeer-m10q-250-gps-5883-compass\/#primaryimage","url":"https:\/\/iha-race.com\/wp-content\/uploads\/2023\/05\/Foxeer-M10Q-250-GPS-5883-Compass.jpg","contentUrl":"https:\/\/iha-race.com\/wp-content\/uploads\/2023\/05\/Foxeer-M10Q-250-GPS-5883-Compass.jpg","width":400,"height":400},{"@type":"BreadcrumbList","@id":"https:\/\/iha-race.com\/it\/prodotto\/foxeer-m10q-250-gps-5883-compass\/#breadcrumb","itemListElement":[{"@type":"ListItem","position":1,"name":"Portada","item":"https:\/\/iha-race.com\/it\/"},{"@type":"ListItem","position":2,"name":"Negozio","item":"https:\/\/iha-race.com\/it\/negozio\/"},{"@type":"ListItem","position":3,"name":"Bussola Foxeer M10Q 250 GPS 5883"}]},{"@type":"WebSite","@id":"https:\/\/iha-race.com\/it\/#website","url":"https:\/\/iha-race.com\/it\/","name":"Iha Race","description":"Comprar drones de carreras FPV env\u00edos en un d\u00eda desde Espa\u00f1a","publisher":{"@id":"https:\/\/iha-race.com\/it\/#organization"},"potentialAction":[{"@type":"SearchAction","target":{"@type":"EntryPoint","urlTemplate":"https:\/\/iha-race.com\/it\/?s={search_term_string}"},"query-input":{"@type":"PropertyValueSpecification","valueRequired":true,"valueName":"search_term_string"}}],"inLanguage":"it-IT"},{"@type":"Organization","@id":"https:\/\/iha-race.com\/it\/#organization","name":"Iha Race","url":"https:\/\/iha-race.com\/it\/","logo":{"@type":"ImageObject","inLanguage":"it-IT","@id":"https:\/\/iha-race.com\/it\/#\/schema\/logo\/image\/","url":"https:\/\/iha-race.com\/wp-content\/uploads\/2018\/07\/iha-race-drones-de-carreras-tienda-comprar-drones.png","contentUrl":"https:\/\/iha-race.com\/wp-content\/uploads\/2018\/07\/iha-race-drones-de-carreras-tienda-comprar-drones.png","width":300,"height":100,"caption":"Iha Race"},"image":{"@id":"https:\/\/iha-race.com\/it\/#\/schema\/logo\/image\/"}}]}},"brands":[],"_links":{"self":[{"href":"https:\/\/iha-race.com\/it\/wp-json\/wp\/v2\/product\/230930","targetHints":{"allow":["GET"]}}],"collection":[{"href":"https:\/\/iha-race.com\/it\/wp-json\/wp\/v2\/product"}],"about":[{"href":"https:\/\/iha-race.com\/it\/wp-json\/wp\/v2\/types\/product"}],"replies":[{"embeddable":true,"href":"https:\/\/iha-race.com\/it\/wp-json\/wp\/v2\/comments?post=230930"}],"version-history":[{"count":2,"href":"https:\/\/iha-race.com\/it\/wp-json\/wp\/v2\/product\/230930\/revisions"}],"predecessor-version":[{"id":248625,"href":"https:\/\/iha-race.com\/it\/wp-json\/wp\/v2\/product\/230930\/revisions\/248625"}],"wp:featuredmedia":[{"embeddable":true,"href":"https:\/\/iha-race.com\/it\/wp-json\/wp\/v2\/media\/230488"}],"wp:attachment":[{"href":"https:\/\/iha-race.com\/it\/wp-json\/wp\/v2\/media?parent=230930"}],"wp:term":[{"taxonomy":"pwb-brand","embeddable":true,"href":"https:\/\/iha-race.com\/it\/wp-json\/wp\/v2\/pwb-brand?post=230930"},{"taxonomy":"product_cat","embeddable":true,"href":"https:\/\/iha-race.com\/it\/wp-json\/wp\/v2\/product_cat?post=230930"},{"taxonomy":"product_tag","embeddable":true,"href":"https:\/\/iha-race.com\/it\/wp-json\/wp\/v2\/product_tag?post=230930"}],"curies":[{"name":"wp","href":"https:\/\/api.w.org\/{rel}","templated":true}]}}