{"id":230918,"date":"2023-03-24T10:48:51","date_gmt":"2023-03-24T09:48:51","guid":{"rendered":"https:\/\/iha-race.com\/producto\/iflight-aos-5-v2-6s-elrs\/"},"modified":"2025-07-06T11:45:07","modified_gmt":"2025-07-06T09:45:07","slug":"iflight-aos-5-v2-6s-elrs","status":"publish","type":"product","link":"https:\/\/iha-race.com\/it\/prodotto\/iflight-aos-5-v2-6s-elrs\/","title":{"rendered":"iFlight AOS 5 V2 6S ELRS"},"content":{"rendered":"<h1>AOS 5 V5 6S HD<\/h1>\n<p>&nbsp;<\/p>\n<p><span style=\"color: #ff0000;\"><em><strong>SPEDIZIONE DA 7 A 10 GIORNI DOPO L&#8217;ACQUISTO<\/strong><\/em><\/span><\/p>\n<div class=\"temp-specs-tr\">\n<div class=\"temp-specs-td name\"><\/div>\n<\/div>\n<p>&nbsp;<\/p>\n<div class=\"temp-specs-tr\">\n<div class=\"temp-specs-td value\">  E<iframe title=\"Il meglio di tutto in un 5\" Bind and Fly?!?!?!!! L'AOS 5 V2 BNF.\" src=\"https:\/\/www.youtube.com\/embed\/1XSCh1ucHoA?feature=oembed\" width=\"1280\" height=\"720\" frameborder=\"0\" allowfullscreen=\"allowfullscreen\"><\/iframe><\/p>\n<\/div>\n<p><iframe title=\"The BEST OF EVERYTHING in a 5&quot; Bind and Fly?!?! The AOS 5 V2 BNF.\" width=\"1200\" height=\"675\" src=\"https:\/\/www.youtube.com\/embed\/1XSCh1ucHoA?feature=oembed\" frameborder=\"0\" allow=\"accelerometer; autoplay; clipboard-write; encrypted-media; gyroscope; picture-in-picture; web-share\" referrerpolicy=\"strict-origin-when-cross-origin\" allowfullscreen><\/iframe>\n <\/div>\n<div class=\"temp-specs-tr\">\n<div class=\"temp-specs-td value\">\n<ul>\n<li>\n<div class=\"temp-specs-tr\">\n<div class=\"temp-specs-tr\">\n<h3 class=\"temp-specs-td name\">it Descripciones<\/h3>\n<div class=\"temp-specs-td value\">  Scopri il futuro del 5&#8243; FPV con l&#8217;AOS 5 V5, progettato per rivoluzionare la tua esperienza di freestyle. Progettato con una tecnologia all&#8217;avanguardia in attesa di brevetto e materiali pregiati, ecco perch\u00e9 l&#8217;AOS 5 V5 \u00e8 la scelta migliore per gli appassionati di droni. Migliora la tua esperienza di volo in prima persona con l&#8217;AOS 5 V5. Progettato per offrire il massimo in termini di prestazioni, durata e personalizzazione, \u00e8 la scelta perfetta per professionisti, appassionati e principianti. Libera la tua creativit\u00e0 e spingiti oltre i limiti del possibile nel tuo volo freestyle.  <\/div>\n<\/div>\n<div class=\"temp-specs-tr\">\n<div class=\"temp-specs-td name\">it Reflejos<\/div>\n<div class=\"temp-specs-td value\">\n<p><b>Tecnologia antivibrazioni avanzata in attesa di brevetto<\/b> D\u00ec addio alle vibrazioni indesiderate che possono compromettere le prestazioni del tuo drone. L&#8217;AOS 5 V5 \u00e8 dotato del nuovo supporto antivibrazioni AOS X-Cell (in attesa di brevetto) per il gruppo dei comandi di volo, che riduce le vibrazioni fino al 50% (rispetto all&#8217;AOS 5 EVO). Questa caratteristica innovativa ti permette di utilizzare un filtraggio pi\u00f9 basso, di impostare guadagni PID pi\u00f9 elevati e di ottenere prestazioni di volo senza precedenti. <b>Gabbia per fotocamera in alluminio 7075 resistente e versatile<\/b> L&#8217;AOS 5 V5 \u00e8 dotato di una gabbia per fotocamera in alluminio 7075 ultraresistente che supporta tutte le fotocamere da 19-20 mm, garantendo la compatibilit\u00e0 con un&#8217;ampia gamma di sistemi di ripresa.<br \/>\nInclude un supporto morbido integrato progettato appositamente per la videocamera DJI O3, con piena compatibilit\u00e0 con i filtri ND. <b>Esperienza FPV coinvolgente a 155\u00b0 Immergiti<\/b> nell&#8217;azione con un campo visivo (FOV) di 155\u00b0 per la videocamera FPV senza accessori in vista.<br \/>\nQuesta ampia visuale \u00e8 perfetta per gli utenti del DJI O3 e garantisce un&#8217;esperienza di volo coinvolgente per professionisti e appassionati. <b>Braccio e supporto batteria rinforzati<\/b> D\u00ec addio alle filettature che si consumano!<br \/>\nI supporti del braccio e della batteria dell&#8217;AOS 5 V5 sono rinforzati con controdadi in acciaio per un montaggio facile, un fissaggio solido e una maggiore durata. <b>Montaggio flessibile della batteria<\/b> Sperimenta diverse configurazioni di batteria scegliendo tra le opzioni di montaggio della batteria longitudinale o del serbatoio WC.    Questa flessibilit\u00e0 ti permette di ottimizzare il bilanciamento e le prestazioni del tuo drone in base al tuo stile di volo e alle tue preferenze.  <\/div>\n<\/div>\n<div class=\"temp-specs-tr\">\n<h3 class=\"temp-specs-td name\">Specifiche tecniche<\/h3>\n<div class=\"temp-specs-td value\">  Nome prodotto: AOS 5 V5 HD BNF Geometria: X schiacciato FC: BLITZ Mini F7 FC ESC: ESC BLITZ Mini E55 4 in 1 Trasmissione video: DJI O3 Air Unit Telaio: passo 228 mm Motore: XING 2207 1750KV Eliche: Nazgul F5 Eliche Peso al decollo: circa 407 g (senza batteria).<br \/>\n407 g (senza batteria) Dimensioni (L\u00d7L\u00d7H): 180\u00d7140\u00d734 mm   <\/p>\n<p data-sider-select-id=\"28c468c8-2399-45e6-b680-ec881aa7e239\">Velocit\u00e0 massima: 190 km\/h (modalit\u00e0 manuale)<\/p>\n<p>  Altitudine massima di decollo: 6000 m (20.000 ft) Tempo massimo di volo: ca.<br \/>\n7,5 minuti con 1400 mAh senza ricarica Distanza massima di volo: 5 km Resistenza massima alla velocit\u00e0 del vento: livello 7 Temperatura di funzionamento: da -10\u00b0 a 40\u00b0 C (da 14\u00b0 a 104\u00b0 F) Antenne: 1 antenna (antenna dell&#8217;unit\u00e0 aerea DJI O3) GNSS: Non disponibile   <\/p><\/div>\n<\/div>\n<div class=\"temp-specs-tr\">\n<h3 class=\"temp-specs-td name\">Trasmissione video<\/h3>\n<div class=\"temp-specs-td value\">  Nome del prodotto: DJI O3 Air Unit Larghezza di banda di comunicazione: Max. 40 MHz Campo visivo (schermo singolo): 155\u00b0 Frequenza di comunicazione: 2,400-2,4835 GHz (solo RX) \/ 5,725-5,850 GHz (RX e TX) Latenza end-to-end Con DJI FPV Goggles V2: qualit\u00e0 di trasmissione video 810p\/120fps: Latenza inferiore a 28 ms. Qualit\u00e0 di trasmissione video 810p\/60fps: la latenza \u00e8 inferiore a 40 ms. Con DJI Goggles 2: qualit\u00e0 di streaming video a 1080p\/100 fps: la latenza \u00e8 di soli 30 ms. Qualit\u00e0 di streaming video 1080p\/60 fps: la latenza \u00e8 di soli 40 ms. Velocit\u00e0 massima di trasmissione video: 50 Mbps Portata massima di trasmissione video: 10 km (FCC), 2 km (CE), 6 km (SRRC) <span class=\"\">Temperatura di funzionamento: da -10\u00b0 a 40\u00b0 C (da 14\u00b0 a 104\u00b0 F)<\/span> Alimentazione: 7,4-26,4 V Trasmissione audio: N\/A  <\/div>\n<\/div>\n<div class=\"temp-specs-tr\">\n<h3 class=\"temp-specs-td name\">Elenco degli imballaggi<\/h3>\n<div class=\"temp-specs-td value\">  1 x AOS 5 V5 6S O3 HD BNF 2 x cuscinetti della batteria 2 x puntelli (coppie)  <\/div>\n<\/div>\n<div class=\"temp-specs-tr\">\n<h3 class=\"temp-specs-td name\">Importante<\/h3>\n<div class=\"temp-specs-td value\">  Tutti i BNF iFlight sono testati prima della spedizione per garantire la massima qualit\u00e0. Se hai ancora problemi dopo aver ricevuto la spedizione, contatta immediatamente il nostro servizio clienti iFlight all&#8217;indirizzo www.iflightrc.freshdesk.com.  <\/div>\n<\/div>\n<\/div>\n<\/li>\n<\/ul>\n<\/div>\n<\/div>\n","protected":false},"excerpt":{"rendered":"<p>AOS 5 V5 6S HD &nbsp; SPEDIZIONE DA 7 A 10 GIORNI DOPO L&#8217;ACQUISTO &nbsp; E<\/p>\n","protected":false},"featured_media":227251,"comment_status":"open","ping_status":"closed","template":"","meta":{"_joinchat":[]},"pwb-brand":[3571],"product_cat":[1438,3673],"product_tag":[],"class_list":{"0":"post-230918","1":"product","2":"type-product","3":"status-publish","4":"has-post-thumbnail","6":"pwb-brand-iflight","7":"product_cat-droni-fpv","8":"product_cat-rtf-montato","10":"first","11":"instock","12":"taxable","13":"shipping-taxable","14":"purchasable","15":"product-type-variable"},"barcode":null,"atum_controlled":true,"out_stock_date":"2024-03-25 11:42:10","out_stock_threshold":null,"inheritable":true,"stock_on_hold":0,"sold_today":0,"sales_last_days":1,"out_stock_days":96,"lost_sales":0,"update_date":"2026-04-18T23:35:22","atum_locations":[],"atum_stock_status":"instock","restock_status":false,"low_stock_amount":"","sales_update_date":"2026-04-18T23:35:22","calc_backorders":null,"yoast_head":"<!-- This site is optimized with the Yoast SEO plugin v27.3 - https:\/\/yoast.com\/product\/yoast-seo-wordpress\/ -->\n<title>iFlight AOS 5 V2 6S ELRS - Iha Race<\/title>\n<meta name=\"robots\" content=\"index, follow, max-snippet:-1, max-image-preview:large, max-video-preview:-1\" \/>\n<link rel=\"canonical\" href=\"https:\/\/iha-race.com\/it\/prodotto\/iflight-aos-5-v2-6s-elrs\/\" \/>\n<meta property=\"og:locale\" content=\"it_IT\" \/>\n<meta property=\"og:type\" content=\"article\" \/>\n<meta property=\"og:title\" content=\"iFlight AOS 5 V2 6S ELRS - Iha Race\" \/>\n<meta property=\"og:description\" content=\"AOS 5 V5 6S HD &nbsp; SPEDIZIONE DA 7 A 10 GIORNI DOPO L&#8217;ACQUISTO &nbsp; E\" \/>\n<meta property=\"og:url\" content=\"https:\/\/iha-race.com\/it\/prodotto\/iflight-aos-5-v2-6s-elrs\/\" \/>\n<meta property=\"og:site_name\" content=\"Iha Race\" \/>\n<meta property=\"article:modified_time\" content=\"2025-07-06T09:45:07+00:00\" \/>\n<meta property=\"og:image\" content=\"https:\/\/iha-race.com\/wp-content\/uploads\/2023\/03\/iFlight-AOS-5-V2-6S-ELRS.png\" \/>\n\t<meta property=\"og:image:width\" content=\"1000\" \/>\n\t<meta property=\"og:image:height\" content=\"1000\" \/>\n\t<meta property=\"og:image:type\" content=\"image\/png\" \/>\n<meta name=\"twitter:card\" content=\"summary_large_image\" \/>\n<script type=\"application\/ld+json\" class=\"yoast-schema-graph\">{\"@context\":\"https:\\\/\\\/schema.org\",\"@graph\":[{\"@type\":\"WebPage\",\"@id\":\"https:\\\/\\\/iha-race.com\\\/it\\\/prodotto\\\/iflight-aos-5-v2-6s-elrs\\\/\",\"url\":\"https:\\\/\\\/iha-race.com\\\/it\\\/prodotto\\\/iflight-aos-5-v2-6s-elrs\\\/\",\"name\":\"iFlight AOS 5 V2 6S ELRS - Iha Race\",\"isPartOf\":{\"@id\":\"https:\\\/\\\/iha-race.com\\\/it\\\/#website\"},\"primaryImageOfPage\":{\"@id\":\"https:\\\/\\\/iha-race.com\\\/it\\\/prodotto\\\/iflight-aos-5-v2-6s-elrs\\\/#primaryimage\"},\"image\":{\"@id\":\"https:\\\/\\\/iha-race.com\\\/it\\\/prodotto\\\/iflight-aos-5-v2-6s-elrs\\\/#primaryimage\"},\"thumbnailUrl\":\"https:\\\/\\\/iha-race.com\\\/wp-content\\\/uploads\\\/2023\\\/03\\\/iFlight-AOS-5-V2-6S-ELRS.png\",\"datePublished\":\"2023-03-24T09:48:51+00:00\",\"dateModified\":\"2025-07-06T09:45:07+00:00\",\"breadcrumb\":{\"@id\":\"https:\\\/\\\/iha-race.com\\\/it\\\/prodotto\\\/iflight-aos-5-v2-6s-elrs\\\/#breadcrumb\"},\"inLanguage\":\"it-IT\",\"potentialAction\":[{\"@type\":\"ReadAction\",\"target\":[\"https:\\\/\\\/iha-race.com\\\/it\\\/prodotto\\\/iflight-aos-5-v2-6s-elrs\\\/\"]}]},{\"@type\":\"ImageObject\",\"inLanguage\":\"it-IT\",\"@id\":\"https:\\\/\\\/iha-race.com\\\/it\\\/prodotto\\\/iflight-aos-5-v2-6s-elrs\\\/#primaryimage\",\"url\":\"https:\\\/\\\/iha-race.com\\\/wp-content\\\/uploads\\\/2023\\\/03\\\/iFlight-AOS-5-V2-6S-ELRS.png\",\"contentUrl\":\"https:\\\/\\\/iha-race.com\\\/wp-content\\\/uploads\\\/2023\\\/03\\\/iFlight-AOS-5-V2-6S-ELRS.png\",\"width\":1000,\"height\":1000,\"caption\":\"Comprar iFlight AOS 5 V2 6S ELRS\"},{\"@type\":\"BreadcrumbList\",\"@id\":\"https:\\\/\\\/iha-race.com\\\/it\\\/prodotto\\\/iflight-aos-5-v2-6s-elrs\\\/#breadcrumb\",\"itemListElement\":[{\"@type\":\"ListItem\",\"position\":1,\"name\":\"Portada\",\"item\":\"https:\\\/\\\/iha-race.com\\\/it\\\/\"},{\"@type\":\"ListItem\",\"position\":2,\"name\":\"Negozio\",\"item\":\"https:\\\/\\\/iha-race.com\\\/it\\\/negozio\\\/\"},{\"@type\":\"ListItem\",\"position\":3,\"name\":\"iFlight AOS 5 V2 6S ELRS\"}]},{\"@type\":\"WebSite\",\"@id\":\"https:\\\/\\\/iha-race.com\\\/it\\\/#website\",\"url\":\"https:\\\/\\\/iha-race.com\\\/it\\\/\",\"name\":\"Iha Race\",\"description\":\"Comprar drones de carreras FPV env\u00edos en un d\u00eda desde Espa\u00f1a\",\"publisher\":{\"@id\":\"https:\\\/\\\/iha-race.com\\\/it\\\/#organization\"},\"potentialAction\":[{\"@type\":\"SearchAction\",\"target\":{\"@type\":\"EntryPoint\",\"urlTemplate\":\"https:\\\/\\\/iha-race.com\\\/it\\\/?s={search_term_string}\"},\"query-input\":{\"@type\":\"PropertyValueSpecification\",\"valueRequired\":true,\"valueName\":\"search_term_string\"}}],\"inLanguage\":\"it-IT\"},{\"@type\":\"Organization\",\"@id\":\"https:\\\/\\\/iha-race.com\\\/it\\\/#organization\",\"name\":\"Iha Race\",\"url\":\"https:\\\/\\\/iha-race.com\\\/it\\\/\",\"logo\":{\"@type\":\"ImageObject\",\"inLanguage\":\"it-IT\",\"@id\":\"https:\\\/\\\/iha-race.com\\\/it\\\/#\\\/schema\\\/logo\\\/image\\\/\",\"url\":\"https:\\\/\\\/iha-race.com\\\/wp-content\\\/uploads\\\/2018\\\/07\\\/iha-race-drones-de-carreras-tienda-comprar-drones.png\",\"contentUrl\":\"https:\\\/\\\/iha-race.com\\\/wp-content\\\/uploads\\\/2018\\\/07\\\/iha-race-drones-de-carreras-tienda-comprar-drones.png\",\"width\":300,\"height\":100,\"caption\":\"Iha Race\"},\"image\":{\"@id\":\"https:\\\/\\\/iha-race.com\\\/it\\\/#\\\/schema\\\/logo\\\/image\\\/\"}}]}<\/script>\n<!-- \/ Yoast SEO plugin. -->","yoast_head_json":{"title":"iFlight AOS 5 V2 6S ELRS - Iha Race","robots":{"index":"index","follow":"follow","max-snippet":"max-snippet:-1","max-image-preview":"max-image-preview:large","max-video-preview":"max-video-preview:-1"},"canonical":"https:\/\/iha-race.com\/it\/prodotto\/iflight-aos-5-v2-6s-elrs\/","og_locale":"it_IT","og_type":"article","og_title":"iFlight AOS 5 V2 6S ELRS - Iha Race","og_description":"AOS 5 V5 6S HD &nbsp; SPEDIZIONE DA 7 A 10 GIORNI DOPO L&#8217;ACQUISTO &nbsp; E","og_url":"https:\/\/iha-race.com\/it\/prodotto\/iflight-aos-5-v2-6s-elrs\/","og_site_name":"Iha Race","article_modified_time":"2025-07-06T09:45:07+00:00","og_image":[{"width":1000,"height":1000,"url":"https:\/\/iha-race.com\/wp-content\/uploads\/2023\/03\/iFlight-AOS-5-V2-6S-ELRS.png","type":"image\/png"}],"twitter_card":"summary_large_image","schema":{"@context":"https:\/\/schema.org","@graph":[{"@type":"WebPage","@id":"https:\/\/iha-race.com\/it\/prodotto\/iflight-aos-5-v2-6s-elrs\/","url":"https:\/\/iha-race.com\/it\/prodotto\/iflight-aos-5-v2-6s-elrs\/","name":"iFlight AOS 5 V2 6S ELRS - Iha Race","isPartOf":{"@id":"https:\/\/iha-race.com\/it\/#website"},"primaryImageOfPage":{"@id":"https:\/\/iha-race.com\/it\/prodotto\/iflight-aos-5-v2-6s-elrs\/#primaryimage"},"image":{"@id":"https:\/\/iha-race.com\/it\/prodotto\/iflight-aos-5-v2-6s-elrs\/#primaryimage"},"thumbnailUrl":"https:\/\/iha-race.com\/wp-content\/uploads\/2023\/03\/iFlight-AOS-5-V2-6S-ELRS.png","datePublished":"2023-03-24T09:48:51+00:00","dateModified":"2025-07-06T09:45:07+00:00","breadcrumb":{"@id":"https:\/\/iha-race.com\/it\/prodotto\/iflight-aos-5-v2-6s-elrs\/#breadcrumb"},"inLanguage":"it-IT","potentialAction":[{"@type":"ReadAction","target":["https:\/\/iha-race.com\/it\/prodotto\/iflight-aos-5-v2-6s-elrs\/"]}]},{"@type":"ImageObject","inLanguage":"it-IT","@id":"https:\/\/iha-race.com\/it\/prodotto\/iflight-aos-5-v2-6s-elrs\/#primaryimage","url":"https:\/\/iha-race.com\/wp-content\/uploads\/2023\/03\/iFlight-AOS-5-V2-6S-ELRS.png","contentUrl":"https:\/\/iha-race.com\/wp-content\/uploads\/2023\/03\/iFlight-AOS-5-V2-6S-ELRS.png","width":1000,"height":1000,"caption":"Comprar iFlight AOS 5 V2 6S ELRS"},{"@type":"BreadcrumbList","@id":"https:\/\/iha-race.com\/it\/prodotto\/iflight-aos-5-v2-6s-elrs\/#breadcrumb","itemListElement":[{"@type":"ListItem","position":1,"name":"Portada","item":"https:\/\/iha-race.com\/it\/"},{"@type":"ListItem","position":2,"name":"Negozio","item":"https:\/\/iha-race.com\/it\/negozio\/"},{"@type":"ListItem","position":3,"name":"iFlight AOS 5 V2 6S ELRS"}]},{"@type":"WebSite","@id":"https:\/\/iha-race.com\/it\/#website","url":"https:\/\/iha-race.com\/it\/","name":"Iha Race","description":"Comprar drones de carreras FPV env\u00edos en un d\u00eda desde Espa\u00f1a","publisher":{"@id":"https:\/\/iha-race.com\/it\/#organization"},"potentialAction":[{"@type":"SearchAction","target":{"@type":"EntryPoint","urlTemplate":"https:\/\/iha-race.com\/it\/?s={search_term_string}"},"query-input":{"@type":"PropertyValueSpecification","valueRequired":true,"valueName":"search_term_string"}}],"inLanguage":"it-IT"},{"@type":"Organization","@id":"https:\/\/iha-race.com\/it\/#organization","name":"Iha Race","url":"https:\/\/iha-race.com\/it\/","logo":{"@type":"ImageObject","inLanguage":"it-IT","@id":"https:\/\/iha-race.com\/it\/#\/schema\/logo\/image\/","url":"https:\/\/iha-race.com\/wp-content\/uploads\/2018\/07\/iha-race-drones-de-carreras-tienda-comprar-drones.png","contentUrl":"https:\/\/iha-race.com\/wp-content\/uploads\/2018\/07\/iha-race-drones-de-carreras-tienda-comprar-drones.png","width":300,"height":100,"caption":"Iha Race"},"image":{"@id":"https:\/\/iha-race.com\/it\/#\/schema\/logo\/image\/"}}]}},"brands":[{"id":3571,"name":"iFlight","slug":"iflight"}],"_links":{"self":[{"href":"https:\/\/iha-race.com\/it\/wp-json\/wp\/v2\/product\/230918","targetHints":{"allow":["GET"]}}],"collection":[{"href":"https:\/\/iha-race.com\/it\/wp-json\/wp\/v2\/product"}],"about":[{"href":"https:\/\/iha-race.com\/it\/wp-json\/wp\/v2\/types\/product"}],"replies":[{"embeddable":true,"href":"https:\/\/iha-race.com\/it\/wp-json\/wp\/v2\/comments?post=230918"}],"version-history":[{"count":5,"href":"https:\/\/iha-race.com\/it\/wp-json\/wp\/v2\/product\/230918\/revisions"}],"predecessor-version":[{"id":248591,"href":"https:\/\/iha-race.com\/it\/wp-json\/wp\/v2\/product\/230918\/revisions\/248591"}],"wp:featuredmedia":[{"embeddable":true,"href":"https:\/\/iha-race.com\/it\/wp-json\/wp\/v2\/media\/227251"}],"wp:attachment":[{"href":"https:\/\/iha-race.com\/it\/wp-json\/wp\/v2\/media?parent=230918"}],"wp:term":[{"taxonomy":"pwb-brand","embeddable":true,"href":"https:\/\/iha-race.com\/it\/wp-json\/wp\/v2\/pwb-brand?post=230918"},{"taxonomy":"product_cat","embeddable":true,"href":"https:\/\/iha-race.com\/it\/wp-json\/wp\/v2\/product_cat?post=230918"},{"taxonomy":"product_tag","embeddable":true,"href":"https:\/\/iha-race.com\/it\/wp-json\/wp\/v2\/product_tag?post=230918"}],"curies":[{"name":"wp","href":"https:\/\/api.w.org\/{rel}","templated":true}]}}