{"id":230879,"date":"2023-03-21T18:48:01","date_gmt":"2023-03-21T17:48:01","guid":{"rendered":"https:\/\/iha-race.com\/producto\/adattatore-di-alimentazione-usb-c-dji\/"},"modified":"2024-08-29T11:21:46","modified_gmt":"2024-08-29T09:21:46","slug":"adattatore-di-alimentazione-dji-usb-c","status":"publish","type":"product","link":"https:\/\/iha-race.com\/it\/prodotto\/adattatore-di-alimentazione-dji-usb-c\/","title":{"rendered":"Adattatore di alimentazione USB-C DJI"},"content":{"rendered":"<h1>Adattatore di alimentazione USB-C DJI<\/h1>\n<p><strong>Descrizione generale<\/strong> L&#8217;adattatore di alimentazione USB-C DJI (100W) serve a ricaricare il velivolo DJI MAVIC 3 Enterprise Series, il telecomando DJI RC Pro Enterprise o i dispositivi mobili con porta USB-C collegandolo a una presa di corrente.\u00e7 <strong>Caratteristiche principali<\/strong> Ricarica il velivolo Mavic 3 Enterprise Series, DJI RC Pro Enterprise o i dispositivi mobili con porta USB-C utilizzando una presa di corrente.  <strong>Consigli<\/strong><\/p>\n<ol>\n<li>NON toccare i terminali metallici dell&#8217;involucro della batteria.<\/li>\n<li>Pulire i terminali metallici dell&#8217;alloggiamento della batteria con un panno pulito e asciutto se la sporcizia \u00e8 visibile.<\/li>\n<li>Il caricabatterie varia a seconda della regione. \u00c8 possibile acquistare le spine per le diverse regioni nel negozio online di DJI.<\/li>\n<\/ol>\n<p><strong>Specifiche tecniche<\/strong><\/p>\n<ul>\n<li>Dimensioni: 73,5 \u00d7 70 \u00d7 32 mm (L \u00d7 L \u00d7 A)<\/li>\n<li>Peso: 268 \u00b1 5 g<\/li>\n<li>Tensione di ingresso: 100-240 V CA, 50-60 Hz, 2,5 A<\/li>\n<li>Potenza: max. 100 W (totale)<\/li>\n<li>Quando si utilizzano entrambe le porte, la potenza massima di uscita di ciascuna interfaccia \u00e8 di 82 W e il caricabatterie assegna dinamicamente la potenza di uscita delle due porte in base al carico di potenza.<\/li>\n<li>Potenza di uscita: 100 W<\/li>\n<li>Temperatura di esercizio: da 5 a 40 \u00b0C (da 41 a 104 \u00b0F)<\/li>\n<li>Tempo di ricarica*: quando si ricarica solo il velivolo DJI Mavic 3 Enterprise, sono necessari 1 ora e 20 minuti per una ricarica completa. Quando si carica solo il DJI RC Pro Enterprise, ci vogliono 1 ora e 30 minuti per una ricarica completa.<\/li>\n<\/ul>\n<p>  * I dispositivi impiegano pi\u00f9 tempo per ricaricarsi se la batteria di volo intelligente e il telecomando o altri dispositivi vengono caricati contemporaneamente. <strong>Compatibilit\u00e0<\/strong> velivolo DJI Mavic 3 Enterprise Series <strong>La confezione include<\/strong><\/p>\n<ul>\n<li>1 x adattatore di alimentazione DJI USB-C USB-C (100 W)<\/li>\n<\/ul>\n","protected":false},"excerpt":{"rendered":"<p>Adattatore di alimentazione USB-C DJI Descrizione generale L&#8217;adattatore di alimentazione USB-C DJI (100W) serve a ricaricare il velivolo DJI MAVIC 3 Enterprise Series, il telecomando DJI RC Pro Enterprise o<\/p>\n","protected":false},"featured_media":0,"comment_status":"open","ping_status":"closed","template":"","meta":{"_joinchat":[]},"pwb-brand":[],"product_cat":[3329],"product_tag":[],"class_list":{"0":"post-230879","1":"product","2":"type-product","3":"status-publish","5":"product_cat-dji-it","7":"first","8":"instock","9":"taxable","10":"shipping-taxable","11":"purchasable","12":"product-type-simple"},"barcode":null,"atum_controlled":true,"out_stock_date":null,"out_stock_threshold":null,"inheritable":false,"stock_on_hold":0,"sold_today":0,"sales_last_days":0,"out_stock_days":0,"lost_sales":0,"update_date":"2026-04-18T09:55:47","atum_locations":[],"atum_stock_status":"instock","restock_status":false,"low_stock_amount":"","sales_update_date":"2026-04-18T09:55:47","calc_backorders":null,"yoast_head":"<!-- This site is optimized with the Yoast SEO plugin v27.3 - https:\/\/yoast.com\/product\/yoast-seo-wordpress\/ -->\n<title>Adattatore di alimentazione USB-C DJI - Iha Race<\/title>\n<meta name=\"robots\" content=\"index, follow, max-snippet:-1, max-image-preview:large, max-video-preview:-1\" \/>\n<link rel=\"canonical\" href=\"https:\/\/iha-race.com\/it\/prodotto\/adattatore-di-alimentazione-dji-usb-c\/\" \/>\n<meta property=\"og:locale\" content=\"it_IT\" \/>\n<meta property=\"og:type\" content=\"article\" \/>\n<meta property=\"og:title\" content=\"Adattatore di alimentazione USB-C DJI - Iha Race\" \/>\n<meta property=\"og:description\" content=\"Adattatore di alimentazione USB-C DJI Descrizione generale L&#8217;adattatore di alimentazione USB-C DJI (100W) serve a ricaricare il velivolo DJI MAVIC 3 Enterprise Series, il telecomando DJI RC Pro Enterprise o\" \/>\n<meta property=\"og:url\" content=\"https:\/\/iha-race.com\/it\/prodotto\/adattatore-di-alimentazione-dji-usb-c\/\" \/>\n<meta property=\"og:site_name\" content=\"Iha Race\" \/>\n<meta property=\"article:modified_time\" content=\"2024-08-29T09:21:46+00:00\" \/>\n<meta name=\"twitter:card\" content=\"summary_large_image\" \/>\n<meta name=\"twitter:label1\" content=\"Tempo di lettura stimato\" \/>\n\t<meta name=\"twitter:data1\" content=\"1 minuto\" \/>\n<script type=\"application\/ld+json\" class=\"yoast-schema-graph\">{\"@context\":\"https:\\\/\\\/schema.org\",\"@graph\":[{\"@type\":\"WebPage\",\"@id\":\"https:\\\/\\\/iha-race.com\\\/it\\\/prodotto\\\/adattatore-di-alimentazione-dji-usb-c\\\/\",\"url\":\"https:\\\/\\\/iha-race.com\\\/it\\\/prodotto\\\/adattatore-di-alimentazione-dji-usb-c\\\/\",\"name\":\"Adattatore di alimentazione USB-C DJI - Iha Race\",\"isPartOf\":{\"@id\":\"https:\\\/\\\/iha-race.com\\\/it\\\/#website\"},\"datePublished\":\"2023-03-21T17:48:01+00:00\",\"dateModified\":\"2024-08-29T09:21:46+00:00\",\"breadcrumb\":{\"@id\":\"https:\\\/\\\/iha-race.com\\\/it\\\/prodotto\\\/adattatore-di-alimentazione-dji-usb-c\\\/#breadcrumb\"},\"inLanguage\":\"it-IT\",\"potentialAction\":[{\"@type\":\"ReadAction\",\"target\":[\"https:\\\/\\\/iha-race.com\\\/it\\\/prodotto\\\/adattatore-di-alimentazione-dji-usb-c\\\/\"]}]},{\"@type\":\"BreadcrumbList\",\"@id\":\"https:\\\/\\\/iha-race.com\\\/it\\\/prodotto\\\/adattatore-di-alimentazione-dji-usb-c\\\/#breadcrumb\",\"itemListElement\":[{\"@type\":\"ListItem\",\"position\":1,\"name\":\"Portada\",\"item\":\"https:\\\/\\\/iha-race.com\\\/it\\\/\"},{\"@type\":\"ListItem\",\"position\":2,\"name\":\"Negozio\",\"item\":\"https:\\\/\\\/iha-race.com\\\/it\\\/negozio\\\/\"},{\"@type\":\"ListItem\",\"position\":3,\"name\":\"Adattatore di alimentazione USB-C DJI\"}]},{\"@type\":\"WebSite\",\"@id\":\"https:\\\/\\\/iha-race.com\\\/it\\\/#website\",\"url\":\"https:\\\/\\\/iha-race.com\\\/it\\\/\",\"name\":\"Iha Race\",\"description\":\"Comprar drones de carreras FPV env\u00edos en un d\u00eda desde Espa\u00f1a\",\"publisher\":{\"@id\":\"https:\\\/\\\/iha-race.com\\\/it\\\/#organization\"},\"potentialAction\":[{\"@type\":\"SearchAction\",\"target\":{\"@type\":\"EntryPoint\",\"urlTemplate\":\"https:\\\/\\\/iha-race.com\\\/it\\\/?s={search_term_string}\"},\"query-input\":{\"@type\":\"PropertyValueSpecification\",\"valueRequired\":true,\"valueName\":\"search_term_string\"}}],\"inLanguage\":\"it-IT\"},{\"@type\":\"Organization\",\"@id\":\"https:\\\/\\\/iha-race.com\\\/it\\\/#organization\",\"name\":\"Iha Race\",\"url\":\"https:\\\/\\\/iha-race.com\\\/it\\\/\",\"logo\":{\"@type\":\"ImageObject\",\"inLanguage\":\"it-IT\",\"@id\":\"https:\\\/\\\/iha-race.com\\\/it\\\/#\\\/schema\\\/logo\\\/image\\\/\",\"url\":\"https:\\\/\\\/iha-race.com\\\/wp-content\\\/uploads\\\/2018\\\/07\\\/iha-race-drones-de-carreras-tienda-comprar-drones.png\",\"contentUrl\":\"https:\\\/\\\/iha-race.com\\\/wp-content\\\/uploads\\\/2018\\\/07\\\/iha-race-drones-de-carreras-tienda-comprar-drones.png\",\"width\":300,\"height\":100,\"caption\":\"Iha Race\"},\"image\":{\"@id\":\"https:\\\/\\\/iha-race.com\\\/it\\\/#\\\/schema\\\/logo\\\/image\\\/\"}}]}<\/script>\n<!-- \/ Yoast SEO plugin. -->","yoast_head_json":{"title":"Adattatore di alimentazione USB-C DJI - Iha Race","robots":{"index":"index","follow":"follow","max-snippet":"max-snippet:-1","max-image-preview":"max-image-preview:large","max-video-preview":"max-video-preview:-1"},"canonical":"https:\/\/iha-race.com\/it\/prodotto\/adattatore-di-alimentazione-dji-usb-c\/","og_locale":"it_IT","og_type":"article","og_title":"Adattatore di alimentazione USB-C DJI - Iha Race","og_description":"Adattatore di alimentazione USB-C DJI Descrizione generale L&#8217;adattatore di alimentazione USB-C DJI (100W) serve a ricaricare il velivolo DJI MAVIC 3 Enterprise Series, il telecomando DJI RC Pro Enterprise o","og_url":"https:\/\/iha-race.com\/it\/prodotto\/adattatore-di-alimentazione-dji-usb-c\/","og_site_name":"Iha Race","article_modified_time":"2024-08-29T09:21:46+00:00","twitter_card":"summary_large_image","twitter_misc":{"Tempo di lettura stimato":"1 minuto"},"schema":{"@context":"https:\/\/schema.org","@graph":[{"@type":"WebPage","@id":"https:\/\/iha-race.com\/it\/prodotto\/adattatore-di-alimentazione-dji-usb-c\/","url":"https:\/\/iha-race.com\/it\/prodotto\/adattatore-di-alimentazione-dji-usb-c\/","name":"Adattatore di alimentazione USB-C DJI - Iha Race","isPartOf":{"@id":"https:\/\/iha-race.com\/it\/#website"},"datePublished":"2023-03-21T17:48:01+00:00","dateModified":"2024-08-29T09:21:46+00:00","breadcrumb":{"@id":"https:\/\/iha-race.com\/it\/prodotto\/adattatore-di-alimentazione-dji-usb-c\/#breadcrumb"},"inLanguage":"it-IT","potentialAction":[{"@type":"ReadAction","target":["https:\/\/iha-race.com\/it\/prodotto\/adattatore-di-alimentazione-dji-usb-c\/"]}]},{"@type":"BreadcrumbList","@id":"https:\/\/iha-race.com\/it\/prodotto\/adattatore-di-alimentazione-dji-usb-c\/#breadcrumb","itemListElement":[{"@type":"ListItem","position":1,"name":"Portada","item":"https:\/\/iha-race.com\/it\/"},{"@type":"ListItem","position":2,"name":"Negozio","item":"https:\/\/iha-race.com\/it\/negozio\/"},{"@type":"ListItem","position":3,"name":"Adattatore di alimentazione USB-C DJI"}]},{"@type":"WebSite","@id":"https:\/\/iha-race.com\/it\/#website","url":"https:\/\/iha-race.com\/it\/","name":"Iha Race","description":"Comprar drones de carreras FPV env\u00edos en un d\u00eda desde Espa\u00f1a","publisher":{"@id":"https:\/\/iha-race.com\/it\/#organization"},"potentialAction":[{"@type":"SearchAction","target":{"@type":"EntryPoint","urlTemplate":"https:\/\/iha-race.com\/it\/?s={search_term_string}"},"query-input":{"@type":"PropertyValueSpecification","valueRequired":true,"valueName":"search_term_string"}}],"inLanguage":"it-IT"},{"@type":"Organization","@id":"https:\/\/iha-race.com\/it\/#organization","name":"Iha Race","url":"https:\/\/iha-race.com\/it\/","logo":{"@type":"ImageObject","inLanguage":"it-IT","@id":"https:\/\/iha-race.com\/it\/#\/schema\/logo\/image\/","url":"https:\/\/iha-race.com\/wp-content\/uploads\/2018\/07\/iha-race-drones-de-carreras-tienda-comprar-drones.png","contentUrl":"https:\/\/iha-race.com\/wp-content\/uploads\/2018\/07\/iha-race-drones-de-carreras-tienda-comprar-drones.png","width":300,"height":100,"caption":"Iha Race"},"image":{"@id":"https:\/\/iha-race.com\/it\/#\/schema\/logo\/image\/"}}]}},"jetpack_sharing_enabled":true,"brands":[],"_links":{"self":[{"href":"https:\/\/iha-race.com\/it\/wp-json\/wp\/v2\/product\/230879","targetHints":{"allow":["GET"]}}],"collection":[{"href":"https:\/\/iha-race.com\/it\/wp-json\/wp\/v2\/product"}],"about":[{"href":"https:\/\/iha-race.com\/it\/wp-json\/wp\/v2\/types\/product"}],"replies":[{"embeddable":true,"href":"https:\/\/iha-race.com\/it\/wp-json\/wp\/v2\/comments?post=230879"}],"version-history":[{"count":1,"href":"https:\/\/iha-race.com\/it\/wp-json\/wp\/v2\/product\/230879\/revisions"}],"predecessor-version":[{"id":248550,"href":"https:\/\/iha-race.com\/it\/wp-json\/wp\/v2\/product\/230879\/revisions\/248550"}],"wp:attachment":[{"href":"https:\/\/iha-race.com\/it\/wp-json\/wp\/v2\/media?parent=230879"}],"wp:term":[{"taxonomy":"pwb-brand","embeddable":true,"href":"https:\/\/iha-race.com\/it\/wp-json\/wp\/v2\/pwb-brand?post=230879"},{"taxonomy":"product_cat","embeddable":true,"href":"https:\/\/iha-race.com\/it\/wp-json\/wp\/v2\/product_cat?post=230879"},{"taxonomy":"product_tag","embeddable":true,"href":"https:\/\/iha-race.com\/it\/wp-json\/wp\/v2\/product_tag?post=230879"}],"curies":[{"name":"wp","href":"https:\/\/api.w.org\/{rel}","templated":true}]}}