{"id":230857,"date":"2023-03-21T18:40:01","date_gmt":"2023-03-21T17:40:01","guid":{"rendered":"https:\/\/iha-race.com\/producto\/dji-mavic-3-enterprise-centro-di-ricarica-della-batteria\/"},"modified":"2024-08-29T11:21:48","modified_gmt":"2024-08-29T09:21:48","slug":"dji-mavic-3-enterprise-centro-di-ricarica-della-batteria","status":"publish","type":"product","link":"https:\/\/iha-race.com\/it\/prodotto\/dji-mavic-3-enterprise-centro-di-ricarica-della-batteria\/","title":{"rendered":"DJI Mavic 3 Enterprise &#8211; Centro di ricarica della batteria"},"content":{"rendered":"<h1>DJI Mavic 3 Enterprise &#8211; Hub di ricarica della batteria (100W)<\/h1>\n<p><strong>Panoramica<\/strong> Se collegato a un caricatore portatile da 100W o a un caricatore per auto, il DJI Mavic 3 Battery Charging Hub (100W) pu\u00f2 aumentare il numero di porte di ricarica a tre.<br \/>\nPu\u00f2 caricare le batterie in sequenza, dal livello di carica pi\u00f9 alto a quello pi\u00f9 basso, aumentando notevolmente l&#8217;efficienza della ricarica. <strong>Caratteristiche degne di nota<\/strong> Se collegato a un caricabatterie portatile o da auto da 100W, il DJI Mavic 3 Charging Hub (100W) pu\u00f2 caricare fino a tre batterie in sequenza. <strong>Suggerimenti<\/strong> <\/p>\n<ol>\n<li>Il centro di carico serve solo ad aumentare le interfacce di carico. Si consiglia di utilizzare un adattatore di alimentazione DJI USB-C (100W) per l&#8217;alimentazione.<\/li>\n<li>Il centro di ricarica \u00e8 compatibile solo con le batterie di volo intelligenti BWX260-5000-15,4. NON tentare di utilizzare il centro di ricarica con altri modelli di batterie.<\/li>\n<li>Quando si utilizza il centro di carico, collocarlo su una superficie liscia e stabile. Assicurarsi che il dispositivo sia adeguatamente isolato per evitare il rischio di incendio.<\/li>\n<li>NON toccare i terminali metallici dell&#8217;involucro della batteria.<\/li>\n<li>Pulire i terminali metallici dell&#8217;alloggiamento della batteria con un panno pulito e asciutto se la sporcizia \u00e8 visibile.<\/li>\n<\/ol>\n<p><strong>Specifiche tecniche<\/strong><\/p>\n<ul>\n<li>Dimensioni: 150 \u00d7 55 \u00d7 28 mm ((l. \u00d7 l. \u00d7 h.)<\/li>\n<li>Peso: 116 g<\/li>\n<li>Temperatura di esercizio: da 5 a 40 \u00b0C (da 41 a 104 \u00b0F)<\/li>\n<li>Ingresso: 5-20 V, max. 5 A<\/li>\n<li>Tempo di ricarica: circa. 1 ora e 10 minuti (una batteria)*.<\/li>\n<\/ul>\n<p>* <em> Misurato utilizzando l&#8217;adattatore di alimentazione DJI USB-C (100 W)<\/em><strong>Compatibilit\u00e0<\/strong> della batteria <em> del<\/em> volo intelligente <em> DJI<\/em> Mavic 3 <strong>Contenuto della confezione<\/strong><\/p>\n<ul>\n<li>1 x hub di ricarica della batteria del DJI Mavic 3 (100 W)<\/li>\n<\/ul>\n","protected":false},"excerpt":{"rendered":"<p>DJI Mavic 3 Enterprise &#8211; Hub di ricarica della batteria (100W) Panoramica Se collegato a un caricatore portatile da 100W o a un caricatore per auto, il DJI Mavic 3<\/p>\n","protected":false},"featured_media":0,"comment_status":"open","ping_status":"closed","template":"","meta":{"_joinchat":[]},"pwb-brand":[],"product_cat":[3329],"product_tag":[],"class_list":{"0":"post-230857","1":"product","2":"type-product","3":"status-publish","5":"product_cat-dji-it","7":"first","8":"instock","9":"taxable","10":"shipping-taxable","11":"purchasable","12":"product-type-simple"},"barcode":null,"atum_controlled":true,"out_stock_date":null,"out_stock_threshold":null,"inheritable":false,"stock_on_hold":0,"sold_today":0,"sales_last_days":0,"out_stock_days":0,"lost_sales":0,"update_date":"2026-04-18T22:03:26","atum_locations":[],"atum_stock_status":"instock","restock_status":false,"low_stock_amount":"","sales_update_date":"2026-04-18T22:03:26","calc_backorders":null,"yoast_head":"<!-- This site is optimized with the Yoast SEO plugin v27.3 - https:\/\/yoast.com\/product\/yoast-seo-wordpress\/ -->\n<title>DJI Mavic 3 Enterprise - Centro di ricarica della batteria - Iha Race<\/title>\n<meta name=\"robots\" content=\"index, follow, max-snippet:-1, max-image-preview:large, max-video-preview:-1\" \/>\n<link rel=\"canonical\" href=\"https:\/\/iha-race.com\/it\/prodotto\/dji-mavic-3-enterprise-centro-di-ricarica-della-batteria\/\" \/>\n<meta property=\"og:locale\" content=\"it_IT\" \/>\n<meta property=\"og:type\" content=\"article\" \/>\n<meta property=\"og:title\" content=\"DJI Mavic 3 Enterprise - Centro di ricarica della batteria - Iha Race\" \/>\n<meta property=\"og:description\" content=\"DJI Mavic 3 Enterprise &#8211; Hub di ricarica della batteria (100W) Panoramica Se collegato a un caricatore portatile da 100W o a un caricatore per auto, il DJI Mavic 3\" \/>\n<meta property=\"og:url\" content=\"https:\/\/iha-race.com\/it\/prodotto\/dji-mavic-3-enterprise-centro-di-ricarica-della-batteria\/\" \/>\n<meta property=\"og:site_name\" content=\"Iha Race\" \/>\n<meta property=\"article:modified_time\" content=\"2024-08-29T09:21:48+00:00\" \/>\n<meta name=\"twitter:card\" content=\"summary_large_image\" \/>\n<meta name=\"twitter:label1\" content=\"Tempo di lettura stimato\" \/>\n\t<meta name=\"twitter:data1\" content=\"1 minuto\" \/>\n<script type=\"application\/ld+json\" class=\"yoast-schema-graph\">{\"@context\":\"https:\\\/\\\/schema.org\",\"@graph\":[{\"@type\":\"WebPage\",\"@id\":\"https:\\\/\\\/iha-race.com\\\/it\\\/prodotto\\\/dji-mavic-3-enterprise-centro-di-ricarica-della-batteria\\\/\",\"url\":\"https:\\\/\\\/iha-race.com\\\/it\\\/prodotto\\\/dji-mavic-3-enterprise-centro-di-ricarica-della-batteria\\\/\",\"name\":\"DJI Mavic 3 Enterprise - Centro di ricarica della batteria - Iha Race\",\"isPartOf\":{\"@id\":\"https:\\\/\\\/iha-race.com\\\/it\\\/#website\"},\"datePublished\":\"2023-03-21T17:40:01+00:00\",\"dateModified\":\"2024-08-29T09:21:48+00:00\",\"breadcrumb\":{\"@id\":\"https:\\\/\\\/iha-race.com\\\/it\\\/prodotto\\\/dji-mavic-3-enterprise-centro-di-ricarica-della-batteria\\\/#breadcrumb\"},\"inLanguage\":\"it-IT\",\"potentialAction\":[{\"@type\":\"ReadAction\",\"target\":[\"https:\\\/\\\/iha-race.com\\\/it\\\/prodotto\\\/dji-mavic-3-enterprise-centro-di-ricarica-della-batteria\\\/\"]}]},{\"@type\":\"BreadcrumbList\",\"@id\":\"https:\\\/\\\/iha-race.com\\\/it\\\/prodotto\\\/dji-mavic-3-enterprise-centro-di-ricarica-della-batteria\\\/#breadcrumb\",\"itemListElement\":[{\"@type\":\"ListItem\",\"position\":1,\"name\":\"Portada\",\"item\":\"https:\\\/\\\/iha-race.com\\\/it\\\/\"},{\"@type\":\"ListItem\",\"position\":2,\"name\":\"Negozio\",\"item\":\"https:\\\/\\\/iha-race.com\\\/it\\\/negozio\\\/\"},{\"@type\":\"ListItem\",\"position\":3,\"name\":\"DJI Mavic 3 Enterprise &#8211; Centro di ricarica della batteria\"}]},{\"@type\":\"WebSite\",\"@id\":\"https:\\\/\\\/iha-race.com\\\/it\\\/#website\",\"url\":\"https:\\\/\\\/iha-race.com\\\/it\\\/\",\"name\":\"Iha Race\",\"description\":\"Comprar drones de carreras FPV env\u00edos en un d\u00eda desde Espa\u00f1a\",\"publisher\":{\"@id\":\"https:\\\/\\\/iha-race.com\\\/it\\\/#organization\"},\"potentialAction\":[{\"@type\":\"SearchAction\",\"target\":{\"@type\":\"EntryPoint\",\"urlTemplate\":\"https:\\\/\\\/iha-race.com\\\/it\\\/?s={search_term_string}\"},\"query-input\":{\"@type\":\"PropertyValueSpecification\",\"valueRequired\":true,\"valueName\":\"search_term_string\"}}],\"inLanguage\":\"it-IT\"},{\"@type\":\"Organization\",\"@id\":\"https:\\\/\\\/iha-race.com\\\/it\\\/#organization\",\"name\":\"Iha Race\",\"url\":\"https:\\\/\\\/iha-race.com\\\/it\\\/\",\"logo\":{\"@type\":\"ImageObject\",\"inLanguage\":\"it-IT\",\"@id\":\"https:\\\/\\\/iha-race.com\\\/it\\\/#\\\/schema\\\/logo\\\/image\\\/\",\"url\":\"https:\\\/\\\/iha-race.com\\\/wp-content\\\/uploads\\\/2018\\\/07\\\/iha-race-drones-de-carreras-tienda-comprar-drones.png\",\"contentUrl\":\"https:\\\/\\\/iha-race.com\\\/wp-content\\\/uploads\\\/2018\\\/07\\\/iha-race-drones-de-carreras-tienda-comprar-drones.png\",\"width\":300,\"height\":100,\"caption\":\"Iha Race\"},\"image\":{\"@id\":\"https:\\\/\\\/iha-race.com\\\/it\\\/#\\\/schema\\\/logo\\\/image\\\/\"}}]}<\/script>\n<!-- \/ Yoast SEO plugin. -->","yoast_head_json":{"title":"DJI Mavic 3 Enterprise - Centro di ricarica della batteria - Iha Race","robots":{"index":"index","follow":"follow","max-snippet":"max-snippet:-1","max-image-preview":"max-image-preview:large","max-video-preview":"max-video-preview:-1"},"canonical":"https:\/\/iha-race.com\/it\/prodotto\/dji-mavic-3-enterprise-centro-di-ricarica-della-batteria\/","og_locale":"it_IT","og_type":"article","og_title":"DJI Mavic 3 Enterprise - Centro di ricarica della batteria - Iha Race","og_description":"DJI Mavic 3 Enterprise &#8211; Hub di ricarica della batteria (100W) Panoramica Se collegato a un caricatore portatile da 100W o a un caricatore per auto, il DJI Mavic 3","og_url":"https:\/\/iha-race.com\/it\/prodotto\/dji-mavic-3-enterprise-centro-di-ricarica-della-batteria\/","og_site_name":"Iha Race","article_modified_time":"2024-08-29T09:21:48+00:00","twitter_card":"summary_large_image","twitter_misc":{"Tempo di lettura stimato":"1 minuto"},"schema":{"@context":"https:\/\/schema.org","@graph":[{"@type":"WebPage","@id":"https:\/\/iha-race.com\/it\/prodotto\/dji-mavic-3-enterprise-centro-di-ricarica-della-batteria\/","url":"https:\/\/iha-race.com\/it\/prodotto\/dji-mavic-3-enterprise-centro-di-ricarica-della-batteria\/","name":"DJI Mavic 3 Enterprise - Centro di ricarica della batteria - Iha Race","isPartOf":{"@id":"https:\/\/iha-race.com\/it\/#website"},"datePublished":"2023-03-21T17:40:01+00:00","dateModified":"2024-08-29T09:21:48+00:00","breadcrumb":{"@id":"https:\/\/iha-race.com\/it\/prodotto\/dji-mavic-3-enterprise-centro-di-ricarica-della-batteria\/#breadcrumb"},"inLanguage":"it-IT","potentialAction":[{"@type":"ReadAction","target":["https:\/\/iha-race.com\/it\/prodotto\/dji-mavic-3-enterprise-centro-di-ricarica-della-batteria\/"]}]},{"@type":"BreadcrumbList","@id":"https:\/\/iha-race.com\/it\/prodotto\/dji-mavic-3-enterprise-centro-di-ricarica-della-batteria\/#breadcrumb","itemListElement":[{"@type":"ListItem","position":1,"name":"Portada","item":"https:\/\/iha-race.com\/it\/"},{"@type":"ListItem","position":2,"name":"Negozio","item":"https:\/\/iha-race.com\/it\/negozio\/"},{"@type":"ListItem","position":3,"name":"DJI Mavic 3 Enterprise &#8211; Centro di ricarica della batteria"}]},{"@type":"WebSite","@id":"https:\/\/iha-race.com\/it\/#website","url":"https:\/\/iha-race.com\/it\/","name":"Iha Race","description":"Comprar drones de carreras FPV env\u00edos en un d\u00eda desde Espa\u00f1a","publisher":{"@id":"https:\/\/iha-race.com\/it\/#organization"},"potentialAction":[{"@type":"SearchAction","target":{"@type":"EntryPoint","urlTemplate":"https:\/\/iha-race.com\/it\/?s={search_term_string}"},"query-input":{"@type":"PropertyValueSpecification","valueRequired":true,"valueName":"search_term_string"}}],"inLanguage":"it-IT"},{"@type":"Organization","@id":"https:\/\/iha-race.com\/it\/#organization","name":"Iha Race","url":"https:\/\/iha-race.com\/it\/","logo":{"@type":"ImageObject","inLanguage":"it-IT","@id":"https:\/\/iha-race.com\/it\/#\/schema\/logo\/image\/","url":"https:\/\/iha-race.com\/wp-content\/uploads\/2018\/07\/iha-race-drones-de-carreras-tienda-comprar-drones.png","contentUrl":"https:\/\/iha-race.com\/wp-content\/uploads\/2018\/07\/iha-race-drones-de-carreras-tienda-comprar-drones.png","width":300,"height":100,"caption":"Iha Race"},"image":{"@id":"https:\/\/iha-race.com\/it\/#\/schema\/logo\/image\/"}}]}},"jetpack_sharing_enabled":true,"brands":[],"_links":{"self":[{"href":"https:\/\/iha-race.com\/it\/wp-json\/wp\/v2\/product\/230857","targetHints":{"allow":["GET"]}}],"collection":[{"href":"https:\/\/iha-race.com\/it\/wp-json\/wp\/v2\/product"}],"about":[{"href":"https:\/\/iha-race.com\/it\/wp-json\/wp\/v2\/types\/product"}],"replies":[{"embeddable":true,"href":"https:\/\/iha-race.com\/it\/wp-json\/wp\/v2\/comments?post=230857"}],"version-history":[{"count":1,"href":"https:\/\/iha-race.com\/it\/wp-json\/wp\/v2\/product\/230857\/revisions"}],"predecessor-version":[{"id":248554,"href":"https:\/\/iha-race.com\/it\/wp-json\/wp\/v2\/product\/230857\/revisions\/248554"}],"wp:attachment":[{"href":"https:\/\/iha-race.com\/it\/wp-json\/wp\/v2\/media?parent=230857"}],"wp:term":[{"taxonomy":"pwb-brand","embeddable":true,"href":"https:\/\/iha-race.com\/it\/wp-json\/wp\/v2\/pwb-brand?post=230857"},{"taxonomy":"product_cat","embeddable":true,"href":"https:\/\/iha-race.com\/it\/wp-json\/wp\/v2\/product_cat?post=230857"},{"taxonomy":"product_tag","embeddable":true,"href":"https:\/\/iha-race.com\/it\/wp-json\/wp\/v2\/product_tag?post=230857"}],"curies":[{"name":"wp","href":"https:\/\/api.w.org\/{rel}","templated":true}]}}