{"id":230856,"date":"2023-03-22T18:08:03","date_gmt":"2023-03-22T17:08:03","guid":{"rendered":"https:\/\/iha-race.com\/producto\/eliche-dji-mavic-3-serie-enterprise\/"},"modified":"2024-08-29T11:21:57","modified_gmt":"2024-08-29T09:21:57","slug":"eliche-dji-series-mavic-3-enterprise","status":"publish","type":"product","link":"https:\/\/iha-race.com\/it\/prodotto\/eliche-dji-series-mavic-3-enterprise\/","title":{"rendered":"Eliche DJI Mavic 3 serie Enterprise"},"content":{"rendered":"<p><strong>Descrizione generale<\/strong> Ogni pala dell&#8217;elica ha superato precisi test di bilanciamento dinamico per aumentare la durata del volo con una riduzione del rumore, una maggiore efficienza aerodinamica e un minore consumo energetico.<br \/>\nIl nuovo design di sicurezza provoca meno danni alle persone o ad altri oggetti in caso di incidente. <strong>Caratteristiche eccezionali<\/strong> Le eliche superano test di bilanciamento dinamico per massimizzare la durata e l&#8217;efficienza aerodinamica e ridurre al minimo il rumore e il consumo di energia. <strong>Suggerimenti<\/strong> <\/p>\n<ol>\n<li>Installare le eliche seguendo scrupolosamente le istruzioni del manuale d&#8217;uso.<\/li>\n<li>Se un&#8217;elica \u00e8 danneggiata, sostituirla immediatamente.<\/li>\n<\/ol>\n<p><strong>Specifiche tecniche<\/strong><\/p>\n<ul>\n<li>Dimensioni: Diametro \u00d7 passo della filettatura: 9,4 \u00d7 5,3 pollici<\/li>\n<li>Peso individuale: 8,5 g<\/li>\n<\/ul>\n<p><strong>Compatibilit\u00e0<\/strong> DJI Mavic 3 Enterprise Series <strong>Contenuto della confezione<\/strong><\/p>\n<ul>\n<li>1 x Eliche (coppia)<\/li>\n<\/ul>\n","protected":false},"excerpt":{"rendered":"<p>Descrizione generale Ogni pala dell&#8217;elica ha superato precisi test di bilanciamento dinamico per aumentare la durata del volo con una riduzione del rumore, una maggiore efficienza aerodinamica e un minore<\/p>\n","protected":false},"featured_media":226885,"comment_status":"open","ping_status":"closed","template":"","meta":{"_joinchat":[]},"pwb-brand":[],"product_cat":[3329],"product_tag":[],"class_list":{"0":"post-230856","1":"product","2":"type-product","3":"status-publish","4":"has-post-thumbnail","6":"product_cat-dji-it","8":"first","9":"instock","10":"taxable","11":"shipping-taxable","12":"purchasable","13":"product-type-simple"},"barcode":null,"atum_controlled":true,"out_stock_date":null,"out_stock_threshold":null,"inheritable":false,"stock_on_hold":0,"sold_today":0,"sales_last_days":0,"out_stock_days":0,"lost_sales":0,"update_date":"2026-04-08T16:51:53","atum_locations":[],"atum_stock_status":"instock","restock_status":false,"low_stock_amount":"","sales_update_date":"2024-01-05T08:18:57","calc_backorders":null,"yoast_head":"<!-- This site is optimized with the Yoast SEO plugin v27.3 - https:\/\/yoast.com\/product\/yoast-seo-wordpress\/ -->\n<title>Eliche DJI Mavic 3 serie Enterprise - Iha Race<\/title>\n<meta name=\"robots\" content=\"index, follow, max-snippet:-1, max-image-preview:large, max-video-preview:-1\" \/>\n<link rel=\"canonical\" href=\"https:\/\/iha-race.com\/it\/prodotto\/eliche-dji-series-mavic-3-enterprise\/\" \/>\n<meta property=\"og:locale\" content=\"it_IT\" \/>\n<meta property=\"og:type\" content=\"article\" \/>\n<meta property=\"og:title\" content=\"Eliche DJI Mavic 3 serie Enterprise - Iha Race\" \/>\n<meta property=\"og:description\" content=\"Descrizione generale Ogni pala dell&#8217;elica ha superato precisi test di bilanciamento dinamico per aumentare la durata del volo con una riduzione del rumore, una maggiore efficienza aerodinamica e un minore\" \/>\n<meta property=\"og:url\" content=\"https:\/\/iha-race.com\/it\/prodotto\/eliche-dji-series-mavic-3-enterprise\/\" \/>\n<meta property=\"og:site_name\" content=\"Iha Race\" \/>\n<meta property=\"article:modified_time\" content=\"2024-08-29T09:21:57+00:00\" \/>\n<meta property=\"og:image\" content=\"https:\/\/iha-race.com\/wp-content\/uploads\/2023\/03\/bed3232b3663925a638923a441dd6733-helices-serie-dji-mavic-3-enterprise.jpg.jpeg\" \/>\n\t<meta property=\"og:image:width\" content=\"1100\" \/>\n\t<meta property=\"og:image:height\" content=\"1422\" \/>\n\t<meta property=\"og:image:type\" content=\"image\/jpeg\" \/>\n<meta name=\"twitter:card\" content=\"summary_large_image\" \/>\n<meta name=\"twitter:label1\" content=\"Tempo di lettura stimato\" \/>\n\t<meta name=\"twitter:data1\" content=\"1 minuto\" \/>\n<script type=\"application\/ld+json\" class=\"yoast-schema-graph\">{\"@context\":\"https:\\\/\\\/schema.org\",\"@graph\":[{\"@type\":\"WebPage\",\"@id\":\"https:\\\/\\\/iha-race.com\\\/it\\\/prodotto\\\/eliche-dji-series-mavic-3-enterprise\\\/\",\"url\":\"https:\\\/\\\/iha-race.com\\\/it\\\/prodotto\\\/eliche-dji-series-mavic-3-enterprise\\\/\",\"name\":\"Eliche DJI Mavic 3 serie Enterprise - Iha Race\",\"isPartOf\":{\"@id\":\"https:\\\/\\\/iha-race.com\\\/it\\\/#website\"},\"primaryImageOfPage\":{\"@id\":\"https:\\\/\\\/iha-race.com\\\/it\\\/prodotto\\\/eliche-dji-series-mavic-3-enterprise\\\/#primaryimage\"},\"image\":{\"@id\":\"https:\\\/\\\/iha-race.com\\\/it\\\/prodotto\\\/eliche-dji-series-mavic-3-enterprise\\\/#primaryimage\"},\"thumbnailUrl\":\"https:\\\/\\\/iha-race.com\\\/wp-content\\\/uploads\\\/2023\\\/03\\\/bed3232b3663925a638923a441dd6733-helices-serie-dji-mavic-3-enterprise.jpg.jpeg\",\"datePublished\":\"2023-03-22T17:08:03+00:00\",\"dateModified\":\"2024-08-29T09:21:57+00:00\",\"breadcrumb\":{\"@id\":\"https:\\\/\\\/iha-race.com\\\/it\\\/prodotto\\\/eliche-dji-series-mavic-3-enterprise\\\/#breadcrumb\"},\"inLanguage\":\"it-IT\",\"potentialAction\":[{\"@type\":\"ReadAction\",\"target\":[\"https:\\\/\\\/iha-race.com\\\/it\\\/prodotto\\\/eliche-dji-series-mavic-3-enterprise\\\/\"]}]},{\"@type\":\"ImageObject\",\"inLanguage\":\"it-IT\",\"@id\":\"https:\\\/\\\/iha-race.com\\\/it\\\/prodotto\\\/eliche-dji-series-mavic-3-enterprise\\\/#primaryimage\",\"url\":\"https:\\\/\\\/iha-race.com\\\/wp-content\\\/uploads\\\/2023\\\/03\\\/bed3232b3663925a638923a441dd6733-helices-serie-dji-mavic-3-enterprise.jpg.jpeg\",\"contentUrl\":\"https:\\\/\\\/iha-race.com\\\/wp-content\\\/uploads\\\/2023\\\/03\\\/bed3232b3663925a638923a441dd6733-helices-serie-dji-mavic-3-enterprise.jpg.jpeg\",\"width\":1100,\"height\":1422},{\"@type\":\"BreadcrumbList\",\"@id\":\"https:\\\/\\\/iha-race.com\\\/it\\\/prodotto\\\/eliche-dji-series-mavic-3-enterprise\\\/#breadcrumb\",\"itemListElement\":[{\"@type\":\"ListItem\",\"position\":1,\"name\":\"Portada\",\"item\":\"https:\\\/\\\/iha-race.com\\\/it\\\/\"},{\"@type\":\"ListItem\",\"position\":2,\"name\":\"Negozio\",\"item\":\"https:\\\/\\\/iha-race.com\\\/it\\\/negozio\\\/\"},{\"@type\":\"ListItem\",\"position\":3,\"name\":\"Eliche DJI Mavic 3 serie Enterprise\"}]},{\"@type\":\"WebSite\",\"@id\":\"https:\\\/\\\/iha-race.com\\\/it\\\/#website\",\"url\":\"https:\\\/\\\/iha-race.com\\\/it\\\/\",\"name\":\"Iha Race\",\"description\":\"Comprar drones de carreras FPV env\u00edos en un d\u00eda desde Espa\u00f1a\",\"publisher\":{\"@id\":\"https:\\\/\\\/iha-race.com\\\/it\\\/#organization\"},\"potentialAction\":[{\"@type\":\"SearchAction\",\"target\":{\"@type\":\"EntryPoint\",\"urlTemplate\":\"https:\\\/\\\/iha-race.com\\\/it\\\/?s={search_term_string}\"},\"query-input\":{\"@type\":\"PropertyValueSpecification\",\"valueRequired\":true,\"valueName\":\"search_term_string\"}}],\"inLanguage\":\"it-IT\"},{\"@type\":\"Organization\",\"@id\":\"https:\\\/\\\/iha-race.com\\\/it\\\/#organization\",\"name\":\"Iha Race\",\"url\":\"https:\\\/\\\/iha-race.com\\\/it\\\/\",\"logo\":{\"@type\":\"ImageObject\",\"inLanguage\":\"it-IT\",\"@id\":\"https:\\\/\\\/iha-race.com\\\/it\\\/#\\\/schema\\\/logo\\\/image\\\/\",\"url\":\"https:\\\/\\\/iha-race.com\\\/wp-content\\\/uploads\\\/2018\\\/07\\\/iha-race-drones-de-carreras-tienda-comprar-drones.png\",\"contentUrl\":\"https:\\\/\\\/iha-race.com\\\/wp-content\\\/uploads\\\/2018\\\/07\\\/iha-race-drones-de-carreras-tienda-comprar-drones.png\",\"width\":300,\"height\":100,\"caption\":\"Iha Race\"},\"image\":{\"@id\":\"https:\\\/\\\/iha-race.com\\\/it\\\/#\\\/schema\\\/logo\\\/image\\\/\"}}]}<\/script>\n<!-- \/ Yoast SEO plugin. -->","yoast_head_json":{"title":"Eliche DJI Mavic 3 serie Enterprise - Iha Race","robots":{"index":"index","follow":"follow","max-snippet":"max-snippet:-1","max-image-preview":"max-image-preview:large","max-video-preview":"max-video-preview:-1"},"canonical":"https:\/\/iha-race.com\/it\/prodotto\/eliche-dji-series-mavic-3-enterprise\/","og_locale":"it_IT","og_type":"article","og_title":"Eliche DJI Mavic 3 serie Enterprise - Iha Race","og_description":"Descrizione generale Ogni pala dell&#8217;elica ha superato precisi test di bilanciamento dinamico per aumentare la durata del volo con una riduzione del rumore, una maggiore efficienza aerodinamica e un minore","og_url":"https:\/\/iha-race.com\/it\/prodotto\/eliche-dji-series-mavic-3-enterprise\/","og_site_name":"Iha Race","article_modified_time":"2024-08-29T09:21:57+00:00","og_image":[{"width":1100,"height":1422,"url":"https:\/\/iha-race.com\/wp-content\/uploads\/2023\/03\/bed3232b3663925a638923a441dd6733-helices-serie-dji-mavic-3-enterprise.jpg.jpeg","type":"image\/jpeg"}],"twitter_card":"summary_large_image","twitter_misc":{"Tempo di lettura stimato":"1 minuto"},"schema":{"@context":"https:\/\/schema.org","@graph":[{"@type":"WebPage","@id":"https:\/\/iha-race.com\/it\/prodotto\/eliche-dji-series-mavic-3-enterprise\/","url":"https:\/\/iha-race.com\/it\/prodotto\/eliche-dji-series-mavic-3-enterprise\/","name":"Eliche DJI Mavic 3 serie Enterprise - Iha Race","isPartOf":{"@id":"https:\/\/iha-race.com\/it\/#website"},"primaryImageOfPage":{"@id":"https:\/\/iha-race.com\/it\/prodotto\/eliche-dji-series-mavic-3-enterprise\/#primaryimage"},"image":{"@id":"https:\/\/iha-race.com\/it\/prodotto\/eliche-dji-series-mavic-3-enterprise\/#primaryimage"},"thumbnailUrl":"https:\/\/iha-race.com\/wp-content\/uploads\/2023\/03\/bed3232b3663925a638923a441dd6733-helices-serie-dji-mavic-3-enterprise.jpg.jpeg","datePublished":"2023-03-22T17:08:03+00:00","dateModified":"2024-08-29T09:21:57+00:00","breadcrumb":{"@id":"https:\/\/iha-race.com\/it\/prodotto\/eliche-dji-series-mavic-3-enterprise\/#breadcrumb"},"inLanguage":"it-IT","potentialAction":[{"@type":"ReadAction","target":["https:\/\/iha-race.com\/it\/prodotto\/eliche-dji-series-mavic-3-enterprise\/"]}]},{"@type":"ImageObject","inLanguage":"it-IT","@id":"https:\/\/iha-race.com\/it\/prodotto\/eliche-dji-series-mavic-3-enterprise\/#primaryimage","url":"https:\/\/iha-race.com\/wp-content\/uploads\/2023\/03\/bed3232b3663925a638923a441dd6733-helices-serie-dji-mavic-3-enterprise.jpg.jpeg","contentUrl":"https:\/\/iha-race.com\/wp-content\/uploads\/2023\/03\/bed3232b3663925a638923a441dd6733-helices-serie-dji-mavic-3-enterprise.jpg.jpeg","width":1100,"height":1422},{"@type":"BreadcrumbList","@id":"https:\/\/iha-race.com\/it\/prodotto\/eliche-dji-series-mavic-3-enterprise\/#breadcrumb","itemListElement":[{"@type":"ListItem","position":1,"name":"Portada","item":"https:\/\/iha-race.com\/it\/"},{"@type":"ListItem","position":2,"name":"Negozio","item":"https:\/\/iha-race.com\/it\/negozio\/"},{"@type":"ListItem","position":3,"name":"Eliche DJI Mavic 3 serie Enterprise"}]},{"@type":"WebSite","@id":"https:\/\/iha-race.com\/it\/#website","url":"https:\/\/iha-race.com\/it\/","name":"Iha Race","description":"Comprar drones de carreras FPV env\u00edos en un d\u00eda desde Espa\u00f1a","publisher":{"@id":"https:\/\/iha-race.com\/it\/#organization"},"potentialAction":[{"@type":"SearchAction","target":{"@type":"EntryPoint","urlTemplate":"https:\/\/iha-race.com\/it\/?s={search_term_string}"},"query-input":{"@type":"PropertyValueSpecification","valueRequired":true,"valueName":"search_term_string"}}],"inLanguage":"it-IT"},{"@type":"Organization","@id":"https:\/\/iha-race.com\/it\/#organization","name":"Iha Race","url":"https:\/\/iha-race.com\/it\/","logo":{"@type":"ImageObject","inLanguage":"it-IT","@id":"https:\/\/iha-race.com\/it\/#\/schema\/logo\/image\/","url":"https:\/\/iha-race.com\/wp-content\/uploads\/2018\/07\/iha-race-drones-de-carreras-tienda-comprar-drones.png","contentUrl":"https:\/\/iha-race.com\/wp-content\/uploads\/2018\/07\/iha-race-drones-de-carreras-tienda-comprar-drones.png","width":300,"height":100,"caption":"Iha Race"},"image":{"@id":"https:\/\/iha-race.com\/it\/#\/schema\/logo\/image\/"}}]}},"brands":[],"_links":{"self":[{"href":"https:\/\/iha-race.com\/it\/wp-json\/wp\/v2\/product\/230856","targetHints":{"allow":["GET"]}}],"collection":[{"href":"https:\/\/iha-race.com\/it\/wp-json\/wp\/v2\/product"}],"about":[{"href":"https:\/\/iha-race.com\/it\/wp-json\/wp\/v2\/types\/product"}],"replies":[{"embeddable":true,"href":"https:\/\/iha-race.com\/it\/wp-json\/wp\/v2\/comments?post=230856"}],"version-history":[{"count":1,"href":"https:\/\/iha-race.com\/it\/wp-json\/wp\/v2\/product\/230856\/revisions"}],"predecessor-version":[{"id":248558,"href":"https:\/\/iha-race.com\/it\/wp-json\/wp\/v2\/product\/230856\/revisions\/248558"}],"wp:featuredmedia":[{"embeddable":true,"href":"https:\/\/iha-race.com\/it\/wp-json\/wp\/v2\/media\/226885"}],"wp:attachment":[{"href":"https:\/\/iha-race.com\/it\/wp-json\/wp\/v2\/media?parent=230856"}],"wp:term":[{"taxonomy":"pwb-brand","embeddable":true,"href":"https:\/\/iha-race.com\/it\/wp-json\/wp\/v2\/pwb-brand?post=230856"},{"taxonomy":"product_cat","embeddable":true,"href":"https:\/\/iha-race.com\/it\/wp-json\/wp\/v2\/product_cat?post=230856"},{"taxonomy":"product_tag","embeddable":true,"href":"https:\/\/iha-race.com\/it\/wp-json\/wp\/v2\/product_tag?post=230856"}],"curies":[{"name":"wp","href":"https:\/\/api.w.org\/{rel}","templated":true}]}}