{"id":230621,"date":"2023-03-19T10:40:19","date_gmt":"2023-03-19T09:40:19","guid":{"rendered":"https:\/\/iha-race.com\/producto\/betafpv-cetus-lite-camera-e-modulo-vtx\/"},"modified":"2026-01-21T17:07:12","modified_gmt":"2026-01-21T16:07:12","slug":"betafpv-camera-cetus-lite-e-modulo-vtx","status":"publish","type":"product","link":"https:\/\/iha-race.com\/it\/prodotto\/betafpv-camera-cetus-lite-e-modulo-vtx\/","title":{"rendered":"BetaFPV Cetus Lite Camera e modulo VTX"},"content":{"rendered":"<h2>BetaFPV Cetus Lite Camera e modulo VTX<\/h2>\n<p>&nbsp;<\/p>\n<p><span>La telecamera Cetus Lite e il modulo VTX sono utilizzati per aggiornare il kit Cetus Lite.<\/span><a href=\"https:\/\/betafpv.com\/products\/cetus-lite-fpv-kit\"><span>Kit Cetus Lite<\/span><\/a><span>Il kit supporta la visuale in prima persona ed \u00e8 anche il ricambio per il Cetus Lite FPV. <\/span>La telecamera Cetus Lite e il modulo VTX sono pre-costruiti. Con un connettore plug-n-play, \u00e8 molto facile da installare per i piloti senza saldature.  <img decoding=\"async\" src=\"https:\/\/cdn.shopifycdn.net\/s\/files\/1\/1778\/6615\/files\/79da8860f6c964ff29d0cc335c794701_1d3be52c-aa79-4bee-94b0-67d188d14a57_1024x1024.jpg?v=1666777160\" alt=\"\"><\/p>\n<h2><span>vignette<\/span><\/h2>\n<ul>\n<li><span class=\"a-list-item\"><span>Design miniaturizzato e leggero<\/span><span> con un peso di soli 2,47 <\/span><span>g<\/span><span>  . La telecamera e il VTX originali per Cetus Lite.<\/span><\/span><\/li>\n<li><span class=\"a-list-item\"><span>La risoluzione di 800TVL e il sensore CMOS da 1\/4&#8243; garantiscono immagini chiare e di buona qualit\u00e0.<\/span><\/span><\/li>\n<li><span class=\"a-list-item\"><span>Supporta il WDR globale con un rapporto di aspetto 4:3, per catturare immagini chiare e dinamiche anche in condizioni di scarsa illuminazione.<\/span><\/span><\/li>\n<li><span class=\"a-list-item\"><span>Con un obiettivo da 1,8 mm e un FOV di 150\u00b0, \u00e8 in grado di registrare scene ampie e belle.<\/span><\/span><\/li>\n<\/ul>\n<h3><\/h3>\n<h1><span>Specifiche<\/span><\/h1>\n<ul>\n<li><span>Articolo: Telecamera Cetus Lite e modulo VTX<\/span><\/li>\n<li><span>Sensore di immagine: sensore CMOS da 1\/4<\/span><\/li>\n<li><span>Orizzontale: 800TVL con WDR globale<\/span><\/li>\n<li><span>VTX: 25mW<\/span><\/li>\n<li><span>Sistema di segnale: NTSC (4:3)<\/span><\/li>\n<li><span>Obiettivo: 1,8 mm FOV 150\u00b0.<\/span><\/li>\n<li><span>Diametro esterno della lente: 10 mm<\/span><\/li>\n<li><span>Alimentazione: DC 3,7 V-5,5 V<\/span><\/li>\n<li><span>Dimensioni: 15,5*14,5*16 mm<\/span><\/li>\n<li><span>Peso: 2,47 g (fotocamera e VTX)<\/span><\/li>\n<\/ul>\n<p><img decoding=\"async\" src=\"https:\/\/cdn.shopifycdn.net\/s\/files\/1\/1778\/6615\/files\/468ef44610c31b5b50b747b4f9f5ee49_0dd16482-d2f1-49a0-9406-a1ee602213eb_600x600.jpg?v=1666788447\" alt=\"\"><\/p>\n<h1><\/h1>\n<h3><\/h3>\n<h1><span>Pacchetto<\/span><\/h1>\n<ul>\n<li><span>1 * Telecamera Cetus Lite e modulo VTX<\/span><\/li>\n<li><span>1 * pezzo di montaggio<\/span><\/li>\n<li><span>1 * cavo di alimentazione<\/span><\/li>\n<li><span>4 * viti<\/span><\/li>\n<\/ul>\n<p><img decoding=\"async\" src=\"https:\/\/cdn.shopifycdn.net\/s\/files\/1\/1778\/6615\/files\/36911c0904db1d481a24384dac5a57ea_0e32bb73-8a80-4112-9965-0e7742a1d1e7_600x600.jpg?v=1666788254\" alt=\"\"><\/p>\n","protected":false},"excerpt":{"rendered":"<p>BetaFPV Cetus Lite Camera e modulo VTX &nbsp; La telecamera Cetus Lite e il modulo VTX sono utilizzati per aggiornare il kit Cetus Lite.Kit Cetus LiteIl kit supporta la visuale<\/p>\n","protected":false},"featured_media":226717,"comment_status":"open","ping_status":"closed","template":"","meta":{"_joinchat":[]},"pwb-brand":[],"product_cat":[2410,1165],"product_tag":[],"class_list":{"0":"post-230621","1":"product","2":"type-product","3":"status-publish","4":"has-post-thumbnail","6":"product_cat-telecamere-analogiche","7":"product_cat-telecamere-fpv","9":"first","10":"instock","11":"taxable","12":"shipping-taxable","13":"purchasable","14":"product-type-simple"},"barcode":null,"atum_controlled":true,"out_stock_date":null,"out_stock_threshold":null,"inheritable":false,"stock_on_hold":0,"sold_today":0,"sales_last_days":0,"out_stock_days":0,"lost_sales":0,"update_date":"2026-04-18T09:22:03","atum_locations":[],"atum_stock_status":"instock","restock_status":false,"low_stock_amount":"","sales_update_date":"2026-04-18T09:22:03","calc_backorders":null,"yoast_head":"<!-- This site is optimized with the Yoast SEO plugin v27.3 - https:\/\/yoast.com\/product\/yoast-seo-wordpress\/ -->\n<title>BetaFPV Cetus Lite Camera e modulo VTX - Iha Race<\/title>\n<meta name=\"robots\" content=\"index, follow, max-snippet:-1, max-image-preview:large, max-video-preview:-1\" \/>\n<link rel=\"canonical\" href=\"https:\/\/iha-race.com\/it\/prodotto\/betafpv-camera-cetus-lite-e-modulo-vtx\/\" \/>\n<meta property=\"og:locale\" content=\"it_IT\" \/>\n<meta property=\"og:type\" content=\"article\" \/>\n<meta property=\"og:title\" content=\"BetaFPV Cetus Lite Camera e modulo VTX - Iha Race\" \/>\n<meta property=\"og:description\" content=\"BetaFPV Cetus Lite Camera e modulo VTX &nbsp; La telecamera Cetus Lite e il modulo VTX sono utilizzati per aggiornare il kit Cetus Lite.Kit Cetus LiteIl kit supporta la visuale\" \/>\n<meta property=\"og:url\" content=\"https:\/\/iha-race.com\/it\/prodotto\/betafpv-camera-cetus-lite-e-modulo-vtx\/\" \/>\n<meta property=\"og:site_name\" content=\"Iha Race\" \/>\n<meta property=\"article:modified_time\" content=\"2026-01-21T16:07:12+00:00\" \/>\n<meta property=\"og:image\" content=\"https:\/\/iha-race.com\/wp-content\/uploads\/2023\/03\/BetaFPV-Camara-Cetus-Lite-y-modulo-VTX.webp\" \/>\n\t<meta property=\"og:image:width\" content=\"540\" \/>\n\t<meta property=\"og:image:height\" content=\"540\" \/>\n\t<meta property=\"og:image:type\" content=\"image\/webp\" \/>\n<meta name=\"twitter:card\" content=\"summary_large_image\" \/>\n<meta name=\"twitter:label1\" content=\"Tempo di lettura stimato\" \/>\n\t<meta name=\"twitter:data1\" content=\"1 minuto\" \/>\n<script type=\"application\/ld+json\" class=\"yoast-schema-graph\">{\"@context\":\"https:\\\/\\\/schema.org\",\"@graph\":[{\"@type\":\"WebPage\",\"@id\":\"https:\\\/\\\/iha-race.com\\\/it\\\/prodotto\\\/betafpv-camera-cetus-lite-e-modulo-vtx\\\/\",\"url\":\"https:\\\/\\\/iha-race.com\\\/it\\\/prodotto\\\/betafpv-camera-cetus-lite-e-modulo-vtx\\\/\",\"name\":\"BetaFPV Cetus Lite Camera e modulo VTX - Iha Race\",\"isPartOf\":{\"@id\":\"https:\\\/\\\/iha-race.com\\\/it\\\/#website\"},\"primaryImageOfPage\":{\"@id\":\"https:\\\/\\\/iha-race.com\\\/it\\\/prodotto\\\/betafpv-camera-cetus-lite-e-modulo-vtx\\\/#primaryimage\"},\"image\":{\"@id\":\"https:\\\/\\\/iha-race.com\\\/it\\\/prodotto\\\/betafpv-camera-cetus-lite-e-modulo-vtx\\\/#primaryimage\"},\"thumbnailUrl\":\"https:\\\/\\\/iha-race.com\\\/wp-content\\\/uploads\\\/2023\\\/03\\\/BetaFPV-Camara-Cetus-Lite-y-modulo-VTX.webp\",\"datePublished\":\"2023-03-19T09:40:19+00:00\",\"dateModified\":\"2026-01-21T16:07:12+00:00\",\"breadcrumb\":{\"@id\":\"https:\\\/\\\/iha-race.com\\\/it\\\/prodotto\\\/betafpv-camera-cetus-lite-e-modulo-vtx\\\/#breadcrumb\"},\"inLanguage\":\"it-IT\",\"potentialAction\":[{\"@type\":\"ReadAction\",\"target\":[\"https:\\\/\\\/iha-race.com\\\/it\\\/prodotto\\\/betafpv-camera-cetus-lite-e-modulo-vtx\\\/\"]}]},{\"@type\":\"ImageObject\",\"inLanguage\":\"it-IT\",\"@id\":\"https:\\\/\\\/iha-race.com\\\/it\\\/prodotto\\\/betafpv-camera-cetus-lite-e-modulo-vtx\\\/#primaryimage\",\"url\":\"https:\\\/\\\/iha-race.com\\\/wp-content\\\/uploads\\\/2023\\\/03\\\/BetaFPV-Camara-Cetus-Lite-y-modulo-VTX.webp\",\"contentUrl\":\"https:\\\/\\\/iha-race.com\\\/wp-content\\\/uploads\\\/2023\\\/03\\\/BetaFPV-Camara-Cetus-Lite-y-modulo-VTX.webp\",\"width\":540,\"height\":540,\"caption\":\"Comprar BetaFPV C\u00e1mara Cetus Lite y m\u00f3dulo VTX\"},{\"@type\":\"BreadcrumbList\",\"@id\":\"https:\\\/\\\/iha-race.com\\\/it\\\/prodotto\\\/betafpv-camera-cetus-lite-e-modulo-vtx\\\/#breadcrumb\",\"itemListElement\":[{\"@type\":\"ListItem\",\"position\":1,\"name\":\"Portada\",\"item\":\"https:\\\/\\\/iha-race.com\\\/it\\\/\"},{\"@type\":\"ListItem\",\"position\":2,\"name\":\"Negozio\",\"item\":\"https:\\\/\\\/iha-race.com\\\/it\\\/negozio\\\/\"},{\"@type\":\"ListItem\",\"position\":3,\"name\":\"BetaFPV Cetus Lite Camera e modulo VTX\"}]},{\"@type\":\"WebSite\",\"@id\":\"https:\\\/\\\/iha-race.com\\\/it\\\/#website\",\"url\":\"https:\\\/\\\/iha-race.com\\\/it\\\/\",\"name\":\"Iha Race\",\"description\":\"Comprar drones de carreras FPV env\u00edos en un d\u00eda desde Espa\u00f1a\",\"publisher\":{\"@id\":\"https:\\\/\\\/iha-race.com\\\/it\\\/#organization\"},\"potentialAction\":[{\"@type\":\"SearchAction\",\"target\":{\"@type\":\"EntryPoint\",\"urlTemplate\":\"https:\\\/\\\/iha-race.com\\\/it\\\/?s={search_term_string}\"},\"query-input\":{\"@type\":\"PropertyValueSpecification\",\"valueRequired\":true,\"valueName\":\"search_term_string\"}}],\"inLanguage\":\"it-IT\"},{\"@type\":\"Organization\",\"@id\":\"https:\\\/\\\/iha-race.com\\\/it\\\/#organization\",\"name\":\"Iha Race\",\"url\":\"https:\\\/\\\/iha-race.com\\\/it\\\/\",\"logo\":{\"@type\":\"ImageObject\",\"inLanguage\":\"it-IT\",\"@id\":\"https:\\\/\\\/iha-race.com\\\/it\\\/#\\\/schema\\\/logo\\\/image\\\/\",\"url\":\"https:\\\/\\\/iha-race.com\\\/wp-content\\\/uploads\\\/2018\\\/07\\\/iha-race-drones-de-carreras-tienda-comprar-drones.png\",\"contentUrl\":\"https:\\\/\\\/iha-race.com\\\/wp-content\\\/uploads\\\/2018\\\/07\\\/iha-race-drones-de-carreras-tienda-comprar-drones.png\",\"width\":300,\"height\":100,\"caption\":\"Iha Race\"},\"image\":{\"@id\":\"https:\\\/\\\/iha-race.com\\\/it\\\/#\\\/schema\\\/logo\\\/image\\\/\"}}]}<\/script>\n<!-- \/ Yoast SEO plugin. -->","yoast_head_json":{"title":"BetaFPV Cetus Lite Camera e modulo VTX - Iha Race","robots":{"index":"index","follow":"follow","max-snippet":"max-snippet:-1","max-image-preview":"max-image-preview:large","max-video-preview":"max-video-preview:-1"},"canonical":"https:\/\/iha-race.com\/it\/prodotto\/betafpv-camera-cetus-lite-e-modulo-vtx\/","og_locale":"it_IT","og_type":"article","og_title":"BetaFPV Cetus Lite Camera e modulo VTX - Iha Race","og_description":"BetaFPV Cetus Lite Camera e modulo VTX &nbsp; La telecamera Cetus Lite e il modulo VTX sono utilizzati per aggiornare il kit Cetus Lite.Kit Cetus LiteIl kit supporta la visuale","og_url":"https:\/\/iha-race.com\/it\/prodotto\/betafpv-camera-cetus-lite-e-modulo-vtx\/","og_site_name":"Iha Race","article_modified_time":"2026-01-21T16:07:12+00:00","og_image":[{"width":540,"height":540,"url":"https:\/\/iha-race.com\/wp-content\/uploads\/2023\/03\/BetaFPV-Camara-Cetus-Lite-y-modulo-VTX.webp","type":"image\/webp"}],"twitter_card":"summary_large_image","twitter_misc":{"Tempo di lettura stimato":"1 minuto"},"schema":{"@context":"https:\/\/schema.org","@graph":[{"@type":"WebPage","@id":"https:\/\/iha-race.com\/it\/prodotto\/betafpv-camera-cetus-lite-e-modulo-vtx\/","url":"https:\/\/iha-race.com\/it\/prodotto\/betafpv-camera-cetus-lite-e-modulo-vtx\/","name":"BetaFPV Cetus Lite Camera e modulo VTX - Iha Race","isPartOf":{"@id":"https:\/\/iha-race.com\/it\/#website"},"primaryImageOfPage":{"@id":"https:\/\/iha-race.com\/it\/prodotto\/betafpv-camera-cetus-lite-e-modulo-vtx\/#primaryimage"},"image":{"@id":"https:\/\/iha-race.com\/it\/prodotto\/betafpv-camera-cetus-lite-e-modulo-vtx\/#primaryimage"},"thumbnailUrl":"https:\/\/iha-race.com\/wp-content\/uploads\/2023\/03\/BetaFPV-Camara-Cetus-Lite-y-modulo-VTX.webp","datePublished":"2023-03-19T09:40:19+00:00","dateModified":"2026-01-21T16:07:12+00:00","breadcrumb":{"@id":"https:\/\/iha-race.com\/it\/prodotto\/betafpv-camera-cetus-lite-e-modulo-vtx\/#breadcrumb"},"inLanguage":"it-IT","potentialAction":[{"@type":"ReadAction","target":["https:\/\/iha-race.com\/it\/prodotto\/betafpv-camera-cetus-lite-e-modulo-vtx\/"]}]},{"@type":"ImageObject","inLanguage":"it-IT","@id":"https:\/\/iha-race.com\/it\/prodotto\/betafpv-camera-cetus-lite-e-modulo-vtx\/#primaryimage","url":"https:\/\/iha-race.com\/wp-content\/uploads\/2023\/03\/BetaFPV-Camara-Cetus-Lite-y-modulo-VTX.webp","contentUrl":"https:\/\/iha-race.com\/wp-content\/uploads\/2023\/03\/BetaFPV-Camara-Cetus-Lite-y-modulo-VTX.webp","width":540,"height":540,"caption":"Comprar BetaFPV C\u00e1mara Cetus Lite y m\u00f3dulo VTX"},{"@type":"BreadcrumbList","@id":"https:\/\/iha-race.com\/it\/prodotto\/betafpv-camera-cetus-lite-e-modulo-vtx\/#breadcrumb","itemListElement":[{"@type":"ListItem","position":1,"name":"Portada","item":"https:\/\/iha-race.com\/it\/"},{"@type":"ListItem","position":2,"name":"Negozio","item":"https:\/\/iha-race.com\/it\/negozio\/"},{"@type":"ListItem","position":3,"name":"BetaFPV Cetus Lite Camera e modulo VTX"}]},{"@type":"WebSite","@id":"https:\/\/iha-race.com\/it\/#website","url":"https:\/\/iha-race.com\/it\/","name":"Iha Race","description":"Comprar drones de carreras FPV env\u00edos en un d\u00eda desde Espa\u00f1a","publisher":{"@id":"https:\/\/iha-race.com\/it\/#organization"},"potentialAction":[{"@type":"SearchAction","target":{"@type":"EntryPoint","urlTemplate":"https:\/\/iha-race.com\/it\/?s={search_term_string}"},"query-input":{"@type":"PropertyValueSpecification","valueRequired":true,"valueName":"search_term_string"}}],"inLanguage":"it-IT"},{"@type":"Organization","@id":"https:\/\/iha-race.com\/it\/#organization","name":"Iha Race","url":"https:\/\/iha-race.com\/it\/","logo":{"@type":"ImageObject","inLanguage":"it-IT","@id":"https:\/\/iha-race.com\/it\/#\/schema\/logo\/image\/","url":"https:\/\/iha-race.com\/wp-content\/uploads\/2018\/07\/iha-race-drones-de-carreras-tienda-comprar-drones.png","contentUrl":"https:\/\/iha-race.com\/wp-content\/uploads\/2018\/07\/iha-race-drones-de-carreras-tienda-comprar-drones.png","width":300,"height":100,"caption":"Iha Race"},"image":{"@id":"https:\/\/iha-race.com\/it\/#\/schema\/logo\/image\/"}}]}},"jetpack_sharing_enabled":true,"brands":[],"_links":{"self":[{"href":"https:\/\/iha-race.com\/it\/wp-json\/wp\/v2\/product\/230621","targetHints":{"allow":["GET"]}}],"collection":[{"href":"https:\/\/iha-race.com\/it\/wp-json\/wp\/v2\/product"}],"about":[{"href":"https:\/\/iha-race.com\/it\/wp-json\/wp\/v2\/types\/product"}],"replies":[{"embeddable":true,"href":"https:\/\/iha-race.com\/it\/wp-json\/wp\/v2\/comments?post=230621"}],"version-history":[{"count":1,"href":"https:\/\/iha-race.com\/it\/wp-json\/wp\/v2\/product\/230621\/revisions"}],"predecessor-version":[{"id":248545,"href":"https:\/\/iha-race.com\/it\/wp-json\/wp\/v2\/product\/230621\/revisions\/248545"}],"wp:featuredmedia":[{"embeddable":true,"href":"https:\/\/iha-race.com\/it\/wp-json\/wp\/v2\/media\/226717"}],"wp:attachment":[{"href":"https:\/\/iha-race.com\/it\/wp-json\/wp\/v2\/media?parent=230621"}],"wp:term":[{"taxonomy":"pwb-brand","embeddable":true,"href":"https:\/\/iha-race.com\/it\/wp-json\/wp\/v2\/pwb-brand?post=230621"},{"taxonomy":"product_cat","embeddable":true,"href":"https:\/\/iha-race.com\/it\/wp-json\/wp\/v2\/product_cat?post=230621"},{"taxonomy":"product_tag","embeddable":true,"href":"https:\/\/iha-race.com\/it\/wp-json\/wp\/v2\/product_tag?post=230621"}],"curies":[{"name":"wp","href":"https:\/\/api.w.org\/{rel}","templated":true}]}}