{"id":228982,"date":"2023-04-23T11:42:08","date_gmt":"2023-04-23T09:42:08","guid":{"rendered":"https:\/\/iha-race.com\/producto\/convertitore-da-crsf-a-pwm-matek\/"},"modified":"2024-08-29T11:24:00","modified_gmt":"2024-08-29T09:24:00","slug":"convertitore-matek-crsf-to-pwm","status":"publish","type":"product","link":"https:\/\/iha-race.com\/it\/prodotto\/convertitore-matek-crsf-to-pwm\/","title":{"rendered":"Convertitore da CRSF a PWM Matek"},"content":{"rendered":"<h2>Convertitore da CRSF a PWM Matek<\/h2>\n<h4><strong>Convertitore CRSF-PWM con variometro, CRSF-PWM-V10<\/strong><\/h4>\n<ul>\n<li><strong>Compatibile solo con il ricevitore con protocollo CRSF<\/strong><\/li>\n<li><strong>Supporta qualsiasi ricevitore con protocollo CRSF (compresi 433 MHz, 868 MHz, 915 MHz, 2,4 GHz)<\/strong><\/li>\n<li><strong>10 uscite PWM<\/strong><\/li>\n<li>Frequenza PWM configurabile (default 50 Hz, 100,160,330, 400 Hz)<\/li>\n<li>2x UART (per ricevitore e GPS)<\/li>\n<li>ID telemetria: RxBt, Curr, Capa, Bat%, GPS, GSpd, Hdg, Alt, Sas, Vspd, Baro Alt (Avvio con EdgeTX 2.7.1\/OpenTX 2.3.15 e ExpressLRS 2.5)<\/li>\n<li>36 V max. sensore di tensione della batteria (divisore di tensione 1K:10K integrato)<\/li>\n<li>Compatibile con il sensore di corrente esterno (0~3,3V)<\/li>\n<li>Vbat e scala del sensore di corrente configurabili<\/li>\n<li>Valore di sicurezza configurabile<\/li>\n<li>Firmware aggiornabile<\/li>\n<li><strong>LDO da 5 V (300 mA) integrato per GPS e ricevitore esterno.  <\/strong><\/li>\n<li>Tensione nominale: 4~9V @BEC pad, 0~36V @Vbat, 0~3,3V @Curr<\/li>\n<li><strong>Senza un servocontrollore incorporato, i servi devono essere alimentati attraverso la piazzola BEC da un&#8217;alimentazione esterna da 5-9 V.<\/strong><\/li>\n<li>38 mm x 16 mm, 1,8 g<\/li>\n<\/ul>\n<p><img fetchpriority=\"high\" decoding=\"async\" class=\"alignnone wp-image-228949 size-large\" src=\"https:\/\/iha-race.com\/wp-content\/uploads\/2023\/04\/CRSF-PWM-V10_2-1024x410.jpg\" alt=\"Acquista Matek Convertitore CRSF in PWM\" width=\"840\" height=\"336\" srcset=\"https:\/\/iha-race.com\/wp-content\/uploads\/2023\/04\/CRSF-PWM-V10_2-1024x410.jpg 1024w, https:\/\/iha-race.com\/wp-content\/uploads\/2023\/04\/CRSF-PWM-V10_2-150x60.jpg 150w, https:\/\/iha-race.com\/wp-content\/uploads\/2023\/04\/CRSF-PWM-V10_2-600x240.jpg 600w, https:\/\/iha-race.com\/wp-content\/uploads\/2023\/04\/CRSF-PWM-V10_2-300x120.jpg 300w, https:\/\/iha-race.com\/wp-content\/uploads\/2023\/04\/CRSF-PWM-V10_2-768x307.jpg 768w, https:\/\/iha-race.com\/wp-content\/uploads\/2023\/04\/CRSF-PWM-V10_2-1536x614.jpg 1536w, https:\/\/iha-race.com\/wp-content\/uploads\/2023\/04\/CRSF-PWM-V10_2-2048x819.jpg 2048w, https:\/\/iha-race.com\/wp-content\/uploads\/2023\/04\/CRSF-PWM-V10_2-375x150.jpg 375w, https:\/\/iha-race.com\/wp-content\/uploads\/2023\/04\/CRSF-PWM-V10_2-100x40.jpg 100w, https:\/\/iha-race.com\/wp-content\/uploads\/2023\/04\/CRSF-PWM-V10_2-875x350.jpg 875w, https:\/\/iha-race.com\/wp-content\/uploads\/2023\/04\/CRSF-PWM-V10_2-788x315.jpg 788w, https:\/\/iha-race.com\/wp-content\/uploads\/2023\/04\/CRSF-PWM-V10_2.jpg 1500w\" sizes=\"(max-width: 840px) 100vw, 840px\" \/><\/p>\n<p>&nbsp;<\/p>\n<p><img decoding=\"async\" class=\"alignnone wp-image-228953 size-large\" src=\"https:\/\/iha-race.com\/wp-content\/uploads\/2023\/04\/CRSF-PWM-V10_4-1024x751.jpg\" alt=\"Acquista Matek Convertitore CRSF in PWM\" width=\"840\" height=\"616\" srcset=\"https:\/\/iha-race.com\/wp-content\/uploads\/2023\/04\/CRSF-PWM-V10_4-1024x751.jpg 1024w, https:\/\/iha-race.com\/wp-content\/uploads\/2023\/04\/CRSF-PWM-V10_4-150x110.jpg 150w, https:\/\/iha-race.com\/wp-content\/uploads\/2023\/04\/CRSF-PWM-V10_4-600x440.jpg 600w, https:\/\/iha-race.com\/wp-content\/uploads\/2023\/04\/CRSF-PWM-V10_4-300x220.jpg 300w, https:\/\/iha-race.com\/wp-content\/uploads\/2023\/04\/CRSF-PWM-V10_4-768x563.jpg 768w, https:\/\/iha-race.com\/wp-content\/uploads\/2023\/04\/CRSF-PWM-V10_4-1536x1126.jpg 1536w, https:\/\/iha-race.com\/wp-content\/uploads\/2023\/04\/CRSF-PWM-V10_4-2048x1502.jpg 2048w, https:\/\/iha-race.com\/wp-content\/uploads\/2023\/04\/CRSF-PWM-V10_4-205x150.jpg 205w, https:\/\/iha-race.com\/wp-content\/uploads\/2023\/04\/CRSF-PWM-V10_4-100x73.jpg 100w, https:\/\/iha-race.com\/wp-content\/uploads\/2023\/04\/CRSF-PWM-V10_4-477x350.jpg 477w, https:\/\/iha-race.com\/wp-content\/uploads\/2023\/04\/CRSF-PWM-V10_4-788x577.jpg 788w, https:\/\/iha-race.com\/wp-content\/uploads\/2023\/04\/CRSF-PWM-V10_4.jpg 1500w\" sizes=\"(max-width: 840px) 100vw, 840px\" \/><\/p>\n<h4><strong>Convertitore CRSF-PWM, CRSF-PWM-6<\/strong><\/h4>\n<ul>\n<li><strong>Compatibile solo con il ricevitore con protocollo CRSF<\/strong><\/li>\n<li><strong>Supporta qualsiasi ricevitore con protocollo CRSF (compresi 433 MHz, 868 MHz, 915 MHz, 2,4 GHz)<\/strong><\/li>\n<li>6 uscite PWM<\/li>\n<li>Frequenza PWM configurabile (default 50 Hz, 100,160,330, 400 Hz)<\/li>\n<li>2x UART (per ricevitore e GPS)<\/li>\n<li>ID telemetria: RxBt, Curr, Capa, Bat%, GPS, GSpd, Hdg, Alt, Sat<\/li>\n<li>36 V max. sensore di tensione della batteria (divisore di tensione 1K:10K integrato)<\/li>\n<li>Compatibile con il sensore di corrente esterno (0~3,3V)<\/li>\n<li>Vbat e scala del sensore di corrente configurabili<\/li>\n<li>Impostazione automatica del valore di sicurezza<\/li>\n<li>Firmware aggiornabile<\/li>\n<li>Tensione nominale: 4~9V @5V pad, 0~36V @Vbat, 0~3,3V @Curr<\/li>\n<li><strong>Senza un regolatore a 5 V incorporato, i servi devono essere alimentati attraverso un pad a 5 V da una sorgente esterna a 5 V.<\/strong><\/li>\n<li>25 mm x 16 mm, 1,3 g<\/li>\n<li>Confezione: 1x CRSF-PWM-6, Dupont 2,54 pin<\/li>\n<\/ul>\n<p><img decoding=\"async\" class=\"alignnone wp-image-228957 size-large\" src=\"https:\/\/iha-race.com\/wp-content\/uploads\/2023\/04\/CRSF-PWM-6_2-1024x410.jpg\" alt=\"Comprare Convertitore CRSF-PWM Matek  \" width=\"840\" height=\"336\" srcset=\"https:\/\/iha-race.com\/wp-content\/uploads\/2023\/04\/CRSF-PWM-6_2-1024x410.jpg 1024w, https:\/\/iha-race.com\/wp-content\/uploads\/2023\/04\/CRSF-PWM-6_2-150x60.jpg 150w, https:\/\/iha-race.com\/wp-content\/uploads\/2023\/04\/CRSF-PWM-6_2-600x240.jpg 600w, https:\/\/iha-race.com\/wp-content\/uploads\/2023\/04\/CRSF-PWM-6_2-300x120.jpg 300w, https:\/\/iha-race.com\/wp-content\/uploads\/2023\/04\/CRSF-PWM-6_2-768x307.jpg 768w, https:\/\/iha-race.com\/wp-content\/uploads\/2023\/04\/CRSF-PWM-6_2-1536x614.jpg 1536w, https:\/\/iha-race.com\/wp-content\/uploads\/2023\/04\/CRSF-PWM-6_2-2048x819.jpg 2048w, https:\/\/iha-race.com\/wp-content\/uploads\/2023\/04\/CRSF-PWM-6_2-375x150.jpg 375w, https:\/\/iha-race.com\/wp-content\/uploads\/2023\/04\/CRSF-PWM-6_2-100x40.jpg 100w, https:\/\/iha-race.com\/wp-content\/uploads\/2023\/04\/CRSF-PWM-6_2-875x350.jpg 875w, https:\/\/iha-race.com\/wp-content\/uploads\/2023\/04\/CRSF-PWM-6_2-788x315.jpg 788w, https:\/\/iha-race.com\/wp-content\/uploads\/2023\/04\/CRSF-PWM-6_2.jpg 1500w\" sizes=\"(max-width: 840px) 100vw, 840px\" \/><\/p>\n<p><img loading=\"lazy\" decoding=\"async\" class=\"alignnone wp-image-228961 size-large\" src=\"https:\/\/iha-race.com\/wp-content\/uploads\/2023\/04\/CRSF-PWM-6_3-1024x410.jpg\" alt=\"Comprare Convertitore CRSF-PWM Matek  \" width=\"840\" height=\"336\" srcset=\"https:\/\/iha-race.com\/wp-content\/uploads\/2023\/04\/CRSF-PWM-6_3-1024x410.jpg 1024w, https:\/\/iha-race.com\/wp-content\/uploads\/2023\/04\/CRSF-PWM-6_3-150x60.jpg 150w, https:\/\/iha-race.com\/wp-content\/uploads\/2023\/04\/CRSF-PWM-6_3-600x240.jpg 600w, https:\/\/iha-race.com\/wp-content\/uploads\/2023\/04\/CRSF-PWM-6_3-300x120.jpg 300w, https:\/\/iha-race.com\/wp-content\/uploads\/2023\/04\/CRSF-PWM-6_3-768x307.jpg 768w, https:\/\/iha-race.com\/wp-content\/uploads\/2023\/04\/CRSF-PWM-6_3-1536x614.jpg 1536w, https:\/\/iha-race.com\/wp-content\/uploads\/2023\/04\/CRSF-PWM-6_3-2048x819.jpg 2048w, https:\/\/iha-race.com\/wp-content\/uploads\/2023\/04\/CRSF-PWM-6_3-375x150.jpg 375w, https:\/\/iha-race.com\/wp-content\/uploads\/2023\/04\/CRSF-PWM-6_3-100x40.jpg 100w, https:\/\/iha-race.com\/wp-content\/uploads\/2023\/04\/CRSF-PWM-6_3-875x350.jpg 875w, https:\/\/iha-race.com\/wp-content\/uploads\/2023\/04\/CRSF-PWM-6_3-788x315.jpg 788w, https:\/\/iha-race.com\/wp-content\/uploads\/2023\/04\/CRSF-PWM-6_3.jpg 1500w\" sizes=\"(max-width: 840px) 100vw, 840px\" \/><\/p>\n<p>&nbsp;<\/p>\n<p><img loading=\"lazy\" decoding=\"async\" class=\"alignnone wp-image-228965 size-large\" src=\"https:\/\/iha-race.com\/wp-content\/uploads\/2023\/04\/CRSF-PWM-6_4-1024x546.jpg\" alt=\"Comprare Convertitore CRSF-PWM Matek  \" width=\"840\" height=\"448\" srcset=\"https:\/\/iha-race.com\/wp-content\/uploads\/2023\/04\/CRSF-PWM-6_4-1024x546.jpg 1024w, https:\/\/iha-race.com\/wp-content\/uploads\/2023\/04\/CRSF-PWM-6_4-150x80.jpg 150w, https:\/\/iha-race.com\/wp-content\/uploads\/2023\/04\/CRSF-PWM-6_4-600x320.jpg 600w, https:\/\/iha-race.com\/wp-content\/uploads\/2023\/04\/CRSF-PWM-6_4-300x160.jpg 300w, https:\/\/iha-race.com\/wp-content\/uploads\/2023\/04\/CRSF-PWM-6_4-767x409.jpg 767w, https:\/\/iha-race.com\/wp-content\/uploads\/2023\/04\/CRSF-PWM-6_4-1536x819.jpg 1536w, https:\/\/iha-race.com\/wp-content\/uploads\/2023\/04\/CRSF-PWM-6_4-2048x1092.jpg 2048w, https:\/\/iha-race.com\/wp-content\/uploads\/2023\/04\/CRSF-PWM-6_4-281x150.jpg 281w, https:\/\/iha-race.com\/wp-content\/uploads\/2023\/04\/CRSF-PWM-6_4-100x53.jpg 100w, https:\/\/iha-race.com\/wp-content\/uploads\/2023\/04\/CRSF-PWM-6_4-656x350.jpg 656w, https:\/\/iha-race.com\/wp-content\/uploads\/2023\/04\/CRSF-PWM-6_4-788x420.jpg 788w, https:\/\/iha-race.com\/wp-content\/uploads\/2023\/04\/CRSF-PWM-6_4.jpg 1500w\" sizes=\"(max-width: 840px) 100vw, 840px\" \/><\/p>\n<p>&nbsp;<\/p>\n<h4><strong>Convertitore CRSF-PWM, CRSF-PWM-C<\/strong><\/h4>\n<ul>\n<li><strong>Compatibile solo con il ricevitore con protocollo CRSF<\/strong><\/li>\n<li><strong>Supporta qualsiasi ricevitore con protocollo CRSF (compresi 433 MHz, 868 MHz, 915 MHz, 2,4 GHz)<\/strong><\/li>\n<li>10 uscite PWM<\/li>\n<li>Frequenza PWM configurabile (default 50 Hz, 100,160,330, 400 Hz)<\/li>\n<li>2x UART (per ricevitore e GPS)<\/li>\n<li>ID telemetria: RxBt, Curr, Capa, Bat%, GPS, GSpd, Hdg, Alt, Sat<\/li>\n<li>36 V max. sensore di tensione della batteria (divisore di tensione 1K:10K integrato)<\/li>\n<li><strong>Sensore di corrente incorporato (90 A continui\/220 A di picco), scala di corrente = 150 di default<\/strong><\/li>\n<li>Vbat e scala del sensore di corrente configurabili<\/li>\n<li>Impostazione automatica del valore di sicurezza<\/li>\n<li>Firmware aggiornabile<\/li>\n<li>Tensione nominale: 4~9V @5V pad, 0~36V @BAT+<\/li>\n<li><strong>Senza un regolatore a 5 V incorporato, i servi devono essere alimentati attraverso un pad a 5 V da una sorgente esterna a 5 V.<\/strong><\/li>\n<li>26 mm x 26 mm, 2,8 g<\/li>\n<li>Confezione: 1x CRSF-PWM-C, 1x condensatore a bassa ESR, Dupont 2,54 pin<\/li>\n<\/ul>\n<p><img loading=\"lazy\" decoding=\"async\" class=\"alignnone wp-image-228969 size-large\" src=\"https:\/\/iha-race.com\/wp-content\/uploads\/2023\/04\/CRSF-PWM-C_2-1024x410.jpg\" alt=\"Comprare Convertitore CRSF-PWM Matek  \" width=\"840\" height=\"336\" srcset=\"https:\/\/iha-race.com\/wp-content\/uploads\/2023\/04\/CRSF-PWM-C_2-1024x410.jpg 1024w, https:\/\/iha-race.com\/wp-content\/uploads\/2023\/04\/CRSF-PWM-C_2-150x60.jpg 150w, https:\/\/iha-race.com\/wp-content\/uploads\/2023\/04\/CRSF-PWM-C_2-600x240.jpg 600w, https:\/\/iha-race.com\/wp-content\/uploads\/2023\/04\/CRSF-PWM-C_2-300x120.jpg 300w, https:\/\/iha-race.com\/wp-content\/uploads\/2023\/04\/CRSF-PWM-C_2-768x307.jpg 768w, https:\/\/iha-race.com\/wp-content\/uploads\/2023\/04\/CRSF-PWM-C_2-1536x614.jpg 1536w, https:\/\/iha-race.com\/wp-content\/uploads\/2023\/04\/CRSF-PWM-C_2-2048x819.jpg 2048w, https:\/\/iha-race.com\/wp-content\/uploads\/2023\/04\/CRSF-PWM-C_2-375x150.jpg 375w, https:\/\/iha-race.com\/wp-content\/uploads\/2023\/04\/CRSF-PWM-C_2-100x40.jpg 100w, https:\/\/iha-race.com\/wp-content\/uploads\/2023\/04\/CRSF-PWM-C_2-875x350.jpg 875w, https:\/\/iha-race.com\/wp-content\/uploads\/2023\/04\/CRSF-PWM-C_2-788x315.jpg 788w, https:\/\/iha-race.com\/wp-content\/uploads\/2023\/04\/CRSF-PWM-C_2.jpg 1500w\" sizes=\"(max-width: 840px) 100vw, 840px\" \/><\/p>\n<p>&nbsp;<\/p>\n<p><img loading=\"lazy\" decoding=\"async\" class=\"alignnone wp-image-228973 size-large\" src=\"https:\/\/iha-race.com\/wp-content\/uploads\/2023\/04\/CRSF-PWM-C_3-1024x410.jpg\" alt=\"Comprare Convertitore CRSF-PWM Matek  \" width=\"840\" height=\"336\" srcset=\"https:\/\/iha-race.com\/wp-content\/uploads\/2023\/04\/CRSF-PWM-C_3-1024x410.jpg 1024w, https:\/\/iha-race.com\/wp-content\/uploads\/2023\/04\/CRSF-PWM-C_3-150x60.jpg 150w, https:\/\/iha-race.com\/wp-content\/uploads\/2023\/04\/CRSF-PWM-C_3-600x240.jpg 600w, https:\/\/iha-race.com\/wp-content\/uploads\/2023\/04\/CRSF-PWM-C_3-300x120.jpg 300w, https:\/\/iha-race.com\/wp-content\/uploads\/2023\/04\/CRSF-PWM-C_3-768x307.jpg 768w, https:\/\/iha-race.com\/wp-content\/uploads\/2023\/04\/CRSF-PWM-C_3-1536x614.jpg 1536w, https:\/\/iha-race.com\/wp-content\/uploads\/2023\/04\/CRSF-PWM-C_3-2048x819.jpg 2048w, https:\/\/iha-race.com\/wp-content\/uploads\/2023\/04\/CRSF-PWM-C_3-375x150.jpg 375w, https:\/\/iha-race.com\/wp-content\/uploads\/2023\/04\/CRSF-PWM-C_3-100x40.jpg 100w, https:\/\/iha-race.com\/wp-content\/uploads\/2023\/04\/CRSF-PWM-C_3-875x350.jpg 875w, https:\/\/iha-race.com\/wp-content\/uploads\/2023\/04\/CRSF-PWM-C_3-788x315.jpg 788w, https:\/\/iha-race.com\/wp-content\/uploads\/2023\/04\/CRSF-PWM-C_3.jpg 1500w\" sizes=\"(max-width: 840px) 100vw, 840px\" \/><\/p>\n<p>&nbsp;<\/p>\n<p><img loading=\"lazy\" decoding=\"async\" class=\"alignnone wp-image-228977 size-large\" src=\"https:\/\/iha-race.com\/wp-content\/uploads\/2023\/04\/CRSF-PWM-C_4-1024x751.jpg\" alt=\"Comprare Convertitore CRSF-PWM Matek  \" width=\"840\" height=\"616\" srcset=\"https:\/\/iha-race.com\/wp-content\/uploads\/2023\/04\/CRSF-PWM-C_4-1024x751.jpg 1024w, https:\/\/iha-race.com\/wp-content\/uploads\/2023\/04\/CRSF-PWM-C_4-150x110.jpg 150w, https:\/\/iha-race.com\/wp-content\/uploads\/2023\/04\/CRSF-PWM-C_4-600x440.jpg 600w, https:\/\/iha-race.com\/wp-content\/uploads\/2023\/04\/CRSF-PWM-C_4-300x220.jpg 300w, https:\/\/iha-race.com\/wp-content\/uploads\/2023\/04\/CRSF-PWM-C_4-768x563.jpg 768w, https:\/\/iha-race.com\/wp-content\/uploads\/2023\/04\/CRSF-PWM-C_4-1536x1126.jpg 1536w, https:\/\/iha-race.com\/wp-content\/uploads\/2023\/04\/CRSF-PWM-C_4-2048x1502.jpg 2048w, https:\/\/iha-race.com\/wp-content\/uploads\/2023\/04\/CRSF-PWM-C_4-205x150.jpg 205w, https:\/\/iha-race.com\/wp-content\/uploads\/2023\/04\/CRSF-PWM-C_4-100x73.jpg 100w, https:\/\/iha-race.com\/wp-content\/uploads\/2023\/04\/CRSF-PWM-C_4-477x350.jpg 477w, https:\/\/iha-race.com\/wp-content\/uploads\/2023\/04\/CRSF-PWM-C_4-788x577.jpg 788w, https:\/\/iha-race.com\/wp-content\/uploads\/2023\/04\/CRSF-PWM-C_4.jpg 1500w\" sizes=\"(max-width: 840px) 100vw, 840px\" \/><\/p>\n<p>&nbsp;  Il pacchetto include  <\/p>\n<ul>\n<li>1 x CRSF-PWM (a seconda della variante)<\/li>\n<\/ul>\n<p>&nbsp;<\/p>\n","protected":false},"excerpt":{"rendered":"<p>Convertitore da CRSF a PWM Matek Convertitore CRSF-PWM con variometro, CRSF-PWM-V10 Compatibile solo con il ricevitore con protocollo CRSF Supporta qualsiasi ricevitore con protocollo CRSF (compresi 433 MHz, 868 MHz,<\/p>\n","protected":false},"featured_media":228935,"comment_status":"open","ping_status":"closed","template":"","meta":{"_joinchat":[]},"pwb-brand":[],"product_cat":[1278,2440],"product_tag":[],"class_list":{"0":"post-228982","1":"product","2":"type-product","3":"status-publish","4":"has-post-thumbnail","6":"product_cat-emittenti","7":"product_cat-ricevitori-rx","9":"first","10":"instock","11":"taxable","12":"shipping-taxable","13":"purchasable","14":"product-type-variable"},"barcode":null,"atum_controlled":true,"out_stock_date":null,"out_stock_threshold":null,"inheritable":true,"stock_on_hold":0,"sold_today":0,"sales_last_days":1,"out_stock_days":null,"lost_sales":0,"update_date":"2026-04-18T17:57:51","atum_locations":[],"atum_stock_status":"instock","restock_status":false,"low_stock_amount":"","sales_update_date":"2026-04-18T17:57:51","calc_backorders":null,"yoast_head":"<!-- This site is optimized with the Yoast SEO plugin v27.3 - https:\/\/yoast.com\/product\/yoast-seo-wordpress\/ -->\n<title>Convertitore da CRSF a PWM Matek - Iha Race<\/title>\n<meta name=\"robots\" content=\"index, follow, max-snippet:-1, max-image-preview:large, max-video-preview:-1\" \/>\n<link rel=\"canonical\" href=\"https:\/\/iha-race.com\/it\/prodotto\/convertitore-matek-crsf-to-pwm\/\" \/>\n<meta property=\"og:locale\" content=\"it_IT\" \/>\n<meta property=\"og:type\" content=\"article\" \/>\n<meta property=\"og:title\" content=\"Convertitore da CRSF a PWM Matek - Iha Race\" \/>\n<meta property=\"og:description\" content=\"Convertitore da CRSF a PWM Matek Convertitore CRSF-PWM con variometro, CRSF-PWM-V10 Compatibile solo con il ricevitore con protocollo CRSF Supporta qualsiasi ricevitore con protocollo CRSF (compresi 433 MHz, 868 MHz,\" \/>\n<meta property=\"og:url\" content=\"https:\/\/iha-race.com\/it\/prodotto\/convertitore-matek-crsf-to-pwm\/\" \/>\n<meta property=\"og:site_name\" content=\"Iha Race\" \/>\n<meta property=\"article:modified_time\" content=\"2024-08-29T09:24:00+00:00\" \/>\n<meta property=\"og:image\" content=\"https:\/\/iha-race.com\/wp-content\/uploads\/2023\/04\/Matek-CRSF-PWM-converter_0.jpg\" \/>\n\t<meta property=\"og:image:width\" content=\"1030\" \/>\n\t<meta property=\"og:image:height\" content=\"687\" \/>\n\t<meta property=\"og:image:type\" content=\"image\/jpeg\" \/>\n<meta name=\"twitter:card\" content=\"summary_large_image\" \/>\n<meta name=\"twitter:label1\" content=\"Tempo di lettura stimato\" \/>\n\t<meta name=\"twitter:data1\" content=\"2 minuti\" \/>\n<script type=\"application\/ld+json\" class=\"yoast-schema-graph\">{\"@context\":\"https:\\\/\\\/schema.org\",\"@graph\":[{\"@type\":\"WebPage\",\"@id\":\"https:\\\/\\\/iha-race.com\\\/it\\\/prodotto\\\/convertitore-matek-crsf-to-pwm\\\/\",\"url\":\"https:\\\/\\\/iha-race.com\\\/it\\\/prodotto\\\/convertitore-matek-crsf-to-pwm\\\/\",\"name\":\"Convertitore da CRSF a PWM Matek - Iha Race\",\"isPartOf\":{\"@id\":\"https:\\\/\\\/iha-race.com\\\/it\\\/#website\"},\"primaryImageOfPage\":{\"@id\":\"https:\\\/\\\/iha-race.com\\\/it\\\/prodotto\\\/convertitore-matek-crsf-to-pwm\\\/#primaryimage\"},\"image\":{\"@id\":\"https:\\\/\\\/iha-race.com\\\/it\\\/prodotto\\\/convertitore-matek-crsf-to-pwm\\\/#primaryimage\"},\"thumbnailUrl\":\"https:\\\/\\\/iha-race.com\\\/wp-content\\\/uploads\\\/2023\\\/04\\\/Matek-CRSF-PWM-converter_0.jpg\",\"datePublished\":\"2023-04-23T09:42:08+00:00\",\"dateModified\":\"2024-08-29T09:24:00+00:00\",\"breadcrumb\":{\"@id\":\"https:\\\/\\\/iha-race.com\\\/it\\\/prodotto\\\/convertitore-matek-crsf-to-pwm\\\/#breadcrumb\"},\"inLanguage\":\"it-IT\",\"potentialAction\":[{\"@type\":\"ReadAction\",\"target\":[\"https:\\\/\\\/iha-race.com\\\/it\\\/prodotto\\\/convertitore-matek-crsf-to-pwm\\\/\"]}]},{\"@type\":\"ImageObject\",\"inLanguage\":\"it-IT\",\"@id\":\"https:\\\/\\\/iha-race.com\\\/it\\\/prodotto\\\/convertitore-matek-crsf-to-pwm\\\/#primaryimage\",\"url\":\"https:\\\/\\\/iha-race.com\\\/wp-content\\\/uploads\\\/2023\\\/04\\\/Matek-CRSF-PWM-converter_0.jpg\",\"contentUrl\":\"https:\\\/\\\/iha-race.com\\\/wp-content\\\/uploads\\\/2023\\\/04\\\/Matek-CRSF-PWM-converter_0.jpg\",\"width\":1030,\"height\":687,\"caption\":\"Comprar Matek CONVERTIDOR CRSF A PWM\"},{\"@type\":\"BreadcrumbList\",\"@id\":\"https:\\\/\\\/iha-race.com\\\/it\\\/prodotto\\\/convertitore-matek-crsf-to-pwm\\\/#breadcrumb\",\"itemListElement\":[{\"@type\":\"ListItem\",\"position\":1,\"name\":\"Portada\",\"item\":\"https:\\\/\\\/iha-race.com\\\/it\\\/\"},{\"@type\":\"ListItem\",\"position\":2,\"name\":\"Negozio\",\"item\":\"https:\\\/\\\/iha-race.com\\\/it\\\/negozio\\\/\"},{\"@type\":\"ListItem\",\"position\":3,\"name\":\"Convertitore da CRSF a PWM Matek\"}]},{\"@type\":\"WebSite\",\"@id\":\"https:\\\/\\\/iha-race.com\\\/it\\\/#website\",\"url\":\"https:\\\/\\\/iha-race.com\\\/it\\\/\",\"name\":\"Iha Race\",\"description\":\"Comprar drones de carreras FPV env\u00edos en un d\u00eda desde Espa\u00f1a\",\"publisher\":{\"@id\":\"https:\\\/\\\/iha-race.com\\\/it\\\/#organization\"},\"potentialAction\":[{\"@type\":\"SearchAction\",\"target\":{\"@type\":\"EntryPoint\",\"urlTemplate\":\"https:\\\/\\\/iha-race.com\\\/it\\\/?s={search_term_string}\"},\"query-input\":{\"@type\":\"PropertyValueSpecification\",\"valueRequired\":true,\"valueName\":\"search_term_string\"}}],\"inLanguage\":\"it-IT\"},{\"@type\":\"Organization\",\"@id\":\"https:\\\/\\\/iha-race.com\\\/it\\\/#organization\",\"name\":\"Iha Race\",\"url\":\"https:\\\/\\\/iha-race.com\\\/it\\\/\",\"logo\":{\"@type\":\"ImageObject\",\"inLanguage\":\"it-IT\",\"@id\":\"https:\\\/\\\/iha-race.com\\\/it\\\/#\\\/schema\\\/logo\\\/image\\\/\",\"url\":\"https:\\\/\\\/iha-race.com\\\/wp-content\\\/uploads\\\/2018\\\/07\\\/iha-race-drones-de-carreras-tienda-comprar-drones.png\",\"contentUrl\":\"https:\\\/\\\/iha-race.com\\\/wp-content\\\/uploads\\\/2018\\\/07\\\/iha-race-drones-de-carreras-tienda-comprar-drones.png\",\"width\":300,\"height\":100,\"caption\":\"Iha Race\"},\"image\":{\"@id\":\"https:\\\/\\\/iha-race.com\\\/it\\\/#\\\/schema\\\/logo\\\/image\\\/\"}}]}<\/script>\n<!-- \/ Yoast SEO plugin. -->","yoast_head_json":{"title":"Convertitore da CRSF a PWM Matek - Iha Race","robots":{"index":"index","follow":"follow","max-snippet":"max-snippet:-1","max-image-preview":"max-image-preview:large","max-video-preview":"max-video-preview:-1"},"canonical":"https:\/\/iha-race.com\/it\/prodotto\/convertitore-matek-crsf-to-pwm\/","og_locale":"it_IT","og_type":"article","og_title":"Convertitore da CRSF a PWM Matek - Iha Race","og_description":"Convertitore da CRSF a PWM Matek Convertitore CRSF-PWM con variometro, CRSF-PWM-V10 Compatibile solo con il ricevitore con protocollo CRSF Supporta qualsiasi ricevitore con protocollo CRSF (compresi 433 MHz, 868 MHz,","og_url":"https:\/\/iha-race.com\/it\/prodotto\/convertitore-matek-crsf-to-pwm\/","og_site_name":"Iha Race","article_modified_time":"2024-08-29T09:24:00+00:00","og_image":[{"width":1030,"height":687,"url":"https:\/\/iha-race.com\/wp-content\/uploads\/2023\/04\/Matek-CRSF-PWM-converter_0.jpg","type":"image\/jpeg"}],"twitter_card":"summary_large_image","twitter_misc":{"Tempo di lettura stimato":"2 minuti"},"schema":{"@context":"https:\/\/schema.org","@graph":[{"@type":"WebPage","@id":"https:\/\/iha-race.com\/it\/prodotto\/convertitore-matek-crsf-to-pwm\/","url":"https:\/\/iha-race.com\/it\/prodotto\/convertitore-matek-crsf-to-pwm\/","name":"Convertitore da CRSF a PWM Matek - Iha Race","isPartOf":{"@id":"https:\/\/iha-race.com\/it\/#website"},"primaryImageOfPage":{"@id":"https:\/\/iha-race.com\/it\/prodotto\/convertitore-matek-crsf-to-pwm\/#primaryimage"},"image":{"@id":"https:\/\/iha-race.com\/it\/prodotto\/convertitore-matek-crsf-to-pwm\/#primaryimage"},"thumbnailUrl":"https:\/\/iha-race.com\/wp-content\/uploads\/2023\/04\/Matek-CRSF-PWM-converter_0.jpg","datePublished":"2023-04-23T09:42:08+00:00","dateModified":"2024-08-29T09:24:00+00:00","breadcrumb":{"@id":"https:\/\/iha-race.com\/it\/prodotto\/convertitore-matek-crsf-to-pwm\/#breadcrumb"},"inLanguage":"it-IT","potentialAction":[{"@type":"ReadAction","target":["https:\/\/iha-race.com\/it\/prodotto\/convertitore-matek-crsf-to-pwm\/"]}]},{"@type":"ImageObject","inLanguage":"it-IT","@id":"https:\/\/iha-race.com\/it\/prodotto\/convertitore-matek-crsf-to-pwm\/#primaryimage","url":"https:\/\/iha-race.com\/wp-content\/uploads\/2023\/04\/Matek-CRSF-PWM-converter_0.jpg","contentUrl":"https:\/\/iha-race.com\/wp-content\/uploads\/2023\/04\/Matek-CRSF-PWM-converter_0.jpg","width":1030,"height":687,"caption":"Comprar Matek CONVERTIDOR CRSF A PWM"},{"@type":"BreadcrumbList","@id":"https:\/\/iha-race.com\/it\/prodotto\/convertitore-matek-crsf-to-pwm\/#breadcrumb","itemListElement":[{"@type":"ListItem","position":1,"name":"Portada","item":"https:\/\/iha-race.com\/it\/"},{"@type":"ListItem","position":2,"name":"Negozio","item":"https:\/\/iha-race.com\/it\/negozio\/"},{"@type":"ListItem","position":3,"name":"Convertitore da CRSF a PWM Matek"}]},{"@type":"WebSite","@id":"https:\/\/iha-race.com\/it\/#website","url":"https:\/\/iha-race.com\/it\/","name":"Iha Race","description":"Comprar drones de carreras FPV env\u00edos en un d\u00eda desde Espa\u00f1a","publisher":{"@id":"https:\/\/iha-race.com\/it\/#organization"},"potentialAction":[{"@type":"SearchAction","target":{"@type":"EntryPoint","urlTemplate":"https:\/\/iha-race.com\/it\/?s={search_term_string}"},"query-input":{"@type":"PropertyValueSpecification","valueRequired":true,"valueName":"search_term_string"}}],"inLanguage":"it-IT"},{"@type":"Organization","@id":"https:\/\/iha-race.com\/it\/#organization","name":"Iha Race","url":"https:\/\/iha-race.com\/it\/","logo":{"@type":"ImageObject","inLanguage":"it-IT","@id":"https:\/\/iha-race.com\/it\/#\/schema\/logo\/image\/","url":"https:\/\/iha-race.com\/wp-content\/uploads\/2018\/07\/iha-race-drones-de-carreras-tienda-comprar-drones.png","contentUrl":"https:\/\/iha-race.com\/wp-content\/uploads\/2018\/07\/iha-race-drones-de-carreras-tienda-comprar-drones.png","width":300,"height":100,"caption":"Iha Race"},"image":{"@id":"https:\/\/iha-race.com\/it\/#\/schema\/logo\/image\/"}}]}},"jetpack_sharing_enabled":true,"brands":[],"_links":{"self":[{"href":"https:\/\/iha-race.com\/it\/wp-json\/wp\/v2\/product\/228982","targetHints":{"allow":["GET"]}}],"collection":[{"href":"https:\/\/iha-race.com\/it\/wp-json\/wp\/v2\/product"}],"about":[{"href":"https:\/\/iha-race.com\/it\/wp-json\/wp\/v2\/types\/product"}],"replies":[{"embeddable":true,"href":"https:\/\/iha-race.com\/it\/wp-json\/wp\/v2\/comments?post=228982"}],"version-history":[{"count":3,"href":"https:\/\/iha-race.com\/it\/wp-json\/wp\/v2\/product\/228982\/revisions"}],"predecessor-version":[{"id":248618,"href":"https:\/\/iha-race.com\/it\/wp-json\/wp\/v2\/product\/228982\/revisions\/248618"}],"wp:featuredmedia":[{"embeddable":true,"href":"https:\/\/iha-race.com\/it\/wp-json\/wp\/v2\/media\/228935"}],"wp:attachment":[{"href":"https:\/\/iha-race.com\/it\/wp-json\/wp\/v2\/media?parent=228982"}],"wp:term":[{"taxonomy":"pwb-brand","embeddable":true,"href":"https:\/\/iha-race.com\/it\/wp-json\/wp\/v2\/pwb-brand?post=228982"},{"taxonomy":"product_cat","embeddable":true,"href":"https:\/\/iha-race.com\/it\/wp-json\/wp\/v2\/product_cat?post=228982"},{"taxonomy":"product_tag","embeddable":true,"href":"https:\/\/iha-race.com\/it\/wp-json\/wp\/v2\/product_tag?post=228982"}],"curies":[{"name":"wp","href":"https:\/\/api.w.org\/{rel}","templated":true}]}}