{"id":228688,"date":"2023-04-18T18:28:00","date_gmt":"2023-04-18T16:28:00","guid":{"rendered":"https:\/\/iha-race.com\/producto\/potenziometro-del-trasmettitore-gimbal-literadio-nano-leva-dellacceleratore-o-leva-del-passo\/"},"modified":"2024-08-29T11:23:27","modified_gmt":"2024-08-29T09:23:27","slug":"trasmettitore-literadio-gimbal-power-meter-accelerazione-leva-o-paddle-testata","status":"publish","type":"product","link":"https:\/\/iha-race.com\/it\/prodotto\/trasmettitore-literadio-gimbal-power-meter-accelerazione-leva-o-paddle-testata\/","title":{"rendered":"Potenziometro del trasmettitore gimbal LiteRadio (leva dell&#8217;acceleratore o leva del passo)"},"content":{"rendered":"<h2>Trasmettitore gimbal LiteRadio<\/h2>\n<p>  Questo \u00e8 il joystick gimbal originale per LiteRadio 3 e LiteRadio 2 SE. La sua durata \u00e8 buona e offre una buona esperienza di volo ai piloti. Inoltre, il cardano cablato lo rende molto facile da sostituire. Per i clienti che vogliono sostituire o aggiornare il gimbal di LiteRadio 3 o LiteRadio 2 SE, questo gimbal ha buone prestazioni e un prezzo ragionevole.  <img decoding=\"async\" src=\"https:\/\/cdn.shopify.com\/s\/files\/1\/1778\/6615\/files\/FB_83946ef5-11f6-4039-af0d-5ee2c790d6bf_1024x1024.jpg?v=1642042636\"><\/p>\n<h2>Caratteristiche<\/h2>\n<ul>\n<li>Realizzato in plastica e metallo di alta qualit\u00e0. Con estremit\u00e0 ergonomiche, l&#8217;asta \u00e8 staccabile, antiscivolo e regolabile in altezza.<\/li>\n<li>Il cardano del potenziometro ha una lunga durata fino a 120.000 rotazioni. Il cavo cardanico \u00e8 molto facile da sostituire.<\/li>\n<li>Il potenziometro ha un posizionamento accurato e una sensibilit\u00e0 di risposta rapida, che garantisce una buona esperienza di volo.<\/li>\n<li>Il cardano di Hall \u00e8 dotato di quattro cuscinetti di precisione, tensione della molla regolabile ed estremit\u00e0 della leva ergonomiche per una sensazione impareggiabile.<\/li>\n<li>La leva dell&#8217;acceleratore\/timone viene utilizzata per l&#8217;accelerazione e non pu\u00f2 tornare automaticamente al centro. Mentre la leva pitch\/roll controlla lo sterzo e pu\u00f2 tornare al centro.<\/li>\n<\/ul>\n<h2 style=\"text-align: left;\">Specifiche tecniche<\/h2>\n<ul>\n<li>Articolo: Trasmettitore gimbal LiteRadio Nano<\/li>\n<li>Sensore: Potenziometro\/Hall<\/li>\n<li>Nero<\/li>\n<li>Dimensioni: 35 mm * 42 mm<\/li>\n<li>Firmware richiesto: LiteRadio_PLUS_V1.0.2 (Salon Cardan)<\/li>\n<li>Trasmettitore consigliato: LiteRadio 3, LiteRadio 2 SE<\/li>\n<\/ul>\n<p><img decoding=\"async\" src=\"https:\/\/cdn.shopifycdn.net\/s\/files\/1\/1778\/6615\/files\/9f129dc471796112f26615522eb4b389_360x360.jpg?v=1639479364\"><\/p>\n<h2>Potenziometro o giunto cardanico di Hall<\/h2>\n<p>  La differenza principale tra i due cardanici \u00e8 il sensore. Il potenziometro cardanico contiene diversi componenti elettronici che aumentano o diminuiscono il livello di resistenza durante il movimento. Rispetto ai cardani a potenziometro, i cardani a padiglione utilizzano un sistema magnetico che non si usura a causa del contatto fisico.  <\/p>\n<div class=\"table-wrapper\">\n<table width=\"100%\">\n<tbody>\n<tr>\n<td><\/td>\n<td>potenziometro per albero cardanico<\/td>\n<td>Camera cardanica<\/td>\n<\/tr>\n<tr>\n<td>Sensore<\/td>\n<td>Potenziometro<\/td>\n<td>Effetto Hall<\/td>\n<\/tr>\n<tr>\n<td>Estremit\u00e0 del palo<\/td>\n<td>Regolabile<\/td>\n<td>Regolabile<\/td>\n<\/tr>\n<tr>\n<td>Tensione della molla<\/td>\n<td>non regolabile<\/td>\n<td>Regolabile<\/td>\n<\/tr>\n<tr>\n<td>Dimensioni<\/td>\n<td>35 mm * 42 mm<\/td>\n<td>35 mm * 42 mm<\/td>\n<\/tr>\n<tr>\n<td>Compatibile con TX<\/td>\n<td>Literradio 3\/2 SE<\/td>\n<td>Literradio 3\/2 SE<\/td>\n<\/tr>\n<\/tbody>\n<\/table>\n<\/div>\n<h2>Schema elettrico<\/h2>\n<p>  Lo schema di collegamento del potenziometro cardanico \u00e8 mostrato di seguito. Ecco un esempio in Literadio 2 SE (modalit\u00e0 2).  <img decoding=\"async\" src=\"https:\/\/cdn.shopify.com\/s\/files\/1\/1778\/6615\/files\/LR2_SE_df5d35b1-75b4-479d-b4b0-3cd7f6c2b81b_600x600.jpg?v=1642156940\">  Lo schema di collegamento dell&#8217;albero cardanico del padiglione \u00e8 mostrato di seguito. Ecco un esempio in Literadio 3 (modalit\u00e0 2).  <img decoding=\"async\" src=\"https:\/\/cdn.shopify.com\/s\/files\/1\/1778\/6615\/files\/f4b3da9554de4e60ffd11b8edcb16ff8_44444834-b364-4657-a99b-15b6382d88c5_600x600.jpg?v=1642156954\">  L&#8217;impostazione della tensione della molla per il giunto universale del padiglione \u00e8 mostrata di seguito. Prima di regolare la tensione della molla, \u00e8 necessario rimuovere il coperchio posteriore. Ecco un esempio in Literadio 3 (modalit\u00e0 2).  <img decoding=\"async\" src=\"https:\/\/cdn.shopify.com\/s\/files\/1\/1778\/6615\/files\/8_e4ffb7ce-9055-44bd-9bcf-3a8f3225234b_600x600.jpg?v=1642156972\">  Se LiteRadio 2 SE \u00e8 una versione precedente, \u00e8 necessario tagliare alcune parti del vano batteria. Le parti da tagliare dipendono dal punto in cui \u00e8 installato l&#8217;albero dell&#8217;acceleratore. Per la nuova versione LiteRadio 2 SE, il gimbal pu\u00f2 essere sostituito normalmente.  <em>Nota: anche le parti del vano batteria devono essere tagliate se si desidera sostituire i cardani per LiteRadio 2. Per le parti tagliate, fare riferimento alla versione precedente di LiterRadio 2 SE.<\/em><\/p>\n<p><img decoding=\"async\" src=\"https:\/\/cdn.shopifycdn.net\/s\/files\/1\/1778\/6615\/files\/dca3527c75cbd6f4e37a2ed5c742b2e6_6e9844de-957a-435d-a85e-fb9ccb91dda2_600x600.jpg?v=1639560810\"><\/p>\n<h2>Domande frequenti<\/h2>\n<ul>\n<li><a title=\"Come sostituire i cardani di Literadio 2 SE\" href=\"https:\/\/support.betafpv.com\/hc\/en-us\/articles\/900005704103-How-to-replace-the-gimbals-of-Literadio-2-SE\" target=\"_blank\" rel=\"noopener\">Come sostituire gli alberi cardanici?<\/a>  Il video di istruzioni si riferisce al trasmettitore della serie LiteRadio. (AUDIO IN INGLESE)<\/li>\n<\/ul>\n<p><iframe title=\"BETAFPV LiteRadio 2 SE\/LiteRadio 2 I How to Replace the Gimbals\" width=\"1200\" height=\"675\" src=\"https:\/\/www.youtube.com\/embed\/JtDGNqkaiJ8?feature=oembed\" frameborder=\"0\" allow=\"accelerometer; autoplay; clipboard-write; encrypted-media; gyroscope; picture-in-picture; web-share\" referrerpolicy=\"strict-origin-when-cross-origin\" allowfullscreen><\/iframe><br \/>\n <em>Nota: eseguire una calibrazione del joystick dopo aver sostituito il cardano. Questo video vi aiuter\u00e0 a saperne di pi\u00f9 sulla calibrazione del joystick. I passaggi sono gli stessi per il trasmettitore della serie LiteRadio.<\/em><br \/>\n<iframe title=\"BETAFPV Literadio 2 SE Joystick Calibration\" width=\"1200\" height=\"675\" src=\"https:\/\/www.youtube.com\/embed\/mkDREF-_yOk?feature=oembed\" frameborder=\"0\" allow=\"accelerometer; autoplay; clipboard-write; encrypted-media; gyroscope; picture-in-picture; web-share\" referrerpolicy=\"strict-origin-when-cross-origin\" allowfullscreen><\/iframe><\/p>\n<h2>Il pacchetto comprende<\/h2>\n<ul>\n<li>1 trasmettitore gimbal LiteRadio Nano (leva throttle\/yaw o leva pitch\/roll)<\/li>\n<\/ul>\n","protected":false},"excerpt":{"rendered":"<p>Trasmettitore gimbal LiteRadio Questo \u00e8 il joystick gimbal originale per LiteRadio 3 e LiteRadio 2 SE. La sua durata \u00e8 buona e offre una buona esperienza di volo ai piloti.<\/p>\n","protected":false},"featured_media":228664,"comment_status":"open","ping_status":"closed","template":"","meta":{"_joinchat":[]},"pwb-brand":[],"product_cat":[1278,2449],"product_tag":[],"class_list":{"0":"post-228688","1":"product","2":"type-product","3":"status-publish","4":"has-post-thumbnail","6":"product_cat-emittenti","7":"product_cat-parti-di-ricambio-it","9":"first","10":"instock","11":"taxable","12":"shipping-taxable","13":"purchasable","14":"product-type-variable"},"barcode":null,"atum_controlled":true,"out_stock_date":null,"out_stock_threshold":null,"inheritable":true,"stock_on_hold":0,"sold_today":2,"sales_last_days":2,"out_stock_days":null,"lost_sales":0,"update_date":"2026-04-17T19:24:29","atum_locations":[],"atum_stock_status":"instock","restock_status":false,"low_stock_amount":"","sales_update_date":"2026-04-17T19:24:29","calc_backorders":null,"yoast_head":"<!-- This site is optimized with the Yoast SEO plugin v27.3 - https:\/\/yoast.com\/product\/yoast-seo-wordpress\/ -->\n<title>Potenziometro del trasmettitore gimbal LiteRadio (leva dell&#039;acceleratore o leva del passo) - Iha Race<\/title>\n<meta name=\"robots\" content=\"index, follow, max-snippet:-1, max-image-preview:large, max-video-preview:-1\" \/>\n<link rel=\"canonical\" href=\"https:\/\/iha-race.com\/it\/prodotto\/trasmettitore-literadio-gimbal-power-meter-accelerazione-leva-o-paddle-testata\/\" \/>\n<meta property=\"og:locale\" content=\"it_IT\" \/>\n<meta property=\"og:type\" content=\"article\" \/>\n<meta property=\"og:title\" content=\"Potenziometro del trasmettitore gimbal LiteRadio (leva dell&#039;acceleratore o leva del passo) - Iha Race\" \/>\n<meta property=\"og:description\" content=\"Trasmettitore gimbal LiteRadio Questo \u00e8 il joystick gimbal originale per LiteRadio 3 e LiteRadio 2 SE. La sua durata \u00e8 buona e offre una buona esperienza di volo ai piloti.\" \/>\n<meta property=\"og:url\" content=\"https:\/\/iha-race.com\/it\/prodotto\/trasmettitore-literadio-gimbal-power-meter-accelerazione-leva-o-paddle-testata\/\" \/>\n<meta property=\"og:site_name\" content=\"Iha Race\" \/>\n<meta property=\"article:modified_time\" content=\"2024-08-29T09:23:27+00:00\" \/>\n<meta property=\"og:image\" content=\"https:\/\/iha-race.com\/wp-content\/uploads\/2023\/04\/Transmisor-LiteRadio-Nano-Gimbal-Potenciometro-Palanca-de-aceleracion-Palanca-de-cabeceo.webp\" \/>\n\t<meta property=\"og:image:width\" content=\"720\" \/>\n\t<meta property=\"og:image:height\" content=\"720\" \/>\n\t<meta property=\"og:image:type\" content=\"image\/webp\" \/>\n<meta name=\"twitter:card\" content=\"summary_large_image\" \/>\n<meta name=\"twitter:label1\" content=\"Tempo di lettura stimato\" \/>\n\t<meta name=\"twitter:data1\" content=\"2 minuti\" \/>\n<script type=\"application\/ld+json\" class=\"yoast-schema-graph\">{\"@context\":\"https:\\\/\\\/schema.org\",\"@graph\":[{\"@type\":\"WebPage\",\"@id\":\"https:\\\/\\\/iha-race.com\\\/it\\\/prodotto\\\/trasmettitore-literadio-gimbal-power-meter-accelerazione-leva-o-paddle-testata\\\/\",\"url\":\"https:\\\/\\\/iha-race.com\\\/it\\\/prodotto\\\/trasmettitore-literadio-gimbal-power-meter-accelerazione-leva-o-paddle-testata\\\/\",\"name\":\"Potenziometro del trasmettitore gimbal LiteRadio (leva dell'acceleratore o leva del passo) - Iha Race\",\"isPartOf\":{\"@id\":\"https:\\\/\\\/iha-race.com\\\/it\\\/#website\"},\"primaryImageOfPage\":{\"@id\":\"https:\\\/\\\/iha-race.com\\\/it\\\/prodotto\\\/trasmettitore-literadio-gimbal-power-meter-accelerazione-leva-o-paddle-testata\\\/#primaryimage\"},\"image\":{\"@id\":\"https:\\\/\\\/iha-race.com\\\/it\\\/prodotto\\\/trasmettitore-literadio-gimbal-power-meter-accelerazione-leva-o-paddle-testata\\\/#primaryimage\"},\"thumbnailUrl\":\"https:\\\/\\\/iha-race.com\\\/wp-content\\\/uploads\\\/2023\\\/04\\\/Transmisor-LiteRadio-Nano-Gimbal-Potenciometro-Palanca-de-aceleracion-Palanca-de-cabeceo.webp\",\"datePublished\":\"2023-04-18T16:28:00+00:00\",\"dateModified\":\"2024-08-29T09:23:27+00:00\",\"breadcrumb\":{\"@id\":\"https:\\\/\\\/iha-race.com\\\/it\\\/prodotto\\\/trasmettitore-literadio-gimbal-power-meter-accelerazione-leva-o-paddle-testata\\\/#breadcrumb\"},\"inLanguage\":\"it-IT\",\"potentialAction\":[{\"@type\":\"ReadAction\",\"target\":[\"https:\\\/\\\/iha-race.com\\\/it\\\/prodotto\\\/trasmettitore-literadio-gimbal-power-meter-accelerazione-leva-o-paddle-testata\\\/\"]}]},{\"@type\":\"ImageObject\",\"inLanguage\":\"it-IT\",\"@id\":\"https:\\\/\\\/iha-race.com\\\/it\\\/prodotto\\\/trasmettitore-literadio-gimbal-power-meter-accelerazione-leva-o-paddle-testata\\\/#primaryimage\",\"url\":\"https:\\\/\\\/iha-race.com\\\/wp-content\\\/uploads\\\/2023\\\/04\\\/Transmisor-LiteRadio-Nano-Gimbal-Potenciometro-Palanca-de-aceleracion-Palanca-de-cabeceo.webp\",\"contentUrl\":\"https:\\\/\\\/iha-race.com\\\/wp-content\\\/uploads\\\/2023\\\/04\\\/Transmisor-LiteRadio-Nano-Gimbal-Potenciometro-Palanca-de-aceleracion-Palanca-de-cabeceo.webp\",\"width\":720,\"height\":720},{\"@type\":\"BreadcrumbList\",\"@id\":\"https:\\\/\\\/iha-race.com\\\/it\\\/prodotto\\\/trasmettitore-literadio-gimbal-power-meter-accelerazione-leva-o-paddle-testata\\\/#breadcrumb\",\"itemListElement\":[{\"@type\":\"ListItem\",\"position\":1,\"name\":\"Portada\",\"item\":\"https:\\\/\\\/iha-race.com\\\/it\\\/\"},{\"@type\":\"ListItem\",\"position\":2,\"name\":\"Negozio\",\"item\":\"https:\\\/\\\/iha-race.com\\\/it\\\/negozio\\\/\"},{\"@type\":\"ListItem\",\"position\":3,\"name\":\"Potenziometro del trasmettitore gimbal LiteRadio (leva dell&#8217;acceleratore o leva del passo)\"}]},{\"@type\":\"WebSite\",\"@id\":\"https:\\\/\\\/iha-race.com\\\/it\\\/#website\",\"url\":\"https:\\\/\\\/iha-race.com\\\/it\\\/\",\"name\":\"Iha Race\",\"description\":\"Comprar drones de carreras FPV env\u00edos en un d\u00eda desde Espa\u00f1a\",\"publisher\":{\"@id\":\"https:\\\/\\\/iha-race.com\\\/it\\\/#organization\"},\"potentialAction\":[{\"@type\":\"SearchAction\",\"target\":{\"@type\":\"EntryPoint\",\"urlTemplate\":\"https:\\\/\\\/iha-race.com\\\/it\\\/?s={search_term_string}\"},\"query-input\":{\"@type\":\"PropertyValueSpecification\",\"valueRequired\":true,\"valueName\":\"search_term_string\"}}],\"inLanguage\":\"it-IT\"},{\"@type\":\"Organization\",\"@id\":\"https:\\\/\\\/iha-race.com\\\/it\\\/#organization\",\"name\":\"Iha Race\",\"url\":\"https:\\\/\\\/iha-race.com\\\/it\\\/\",\"logo\":{\"@type\":\"ImageObject\",\"inLanguage\":\"it-IT\",\"@id\":\"https:\\\/\\\/iha-race.com\\\/it\\\/#\\\/schema\\\/logo\\\/image\\\/\",\"url\":\"https:\\\/\\\/iha-race.com\\\/wp-content\\\/uploads\\\/2018\\\/07\\\/iha-race-drones-de-carreras-tienda-comprar-drones.png\",\"contentUrl\":\"https:\\\/\\\/iha-race.com\\\/wp-content\\\/uploads\\\/2018\\\/07\\\/iha-race-drones-de-carreras-tienda-comprar-drones.png\",\"width\":300,\"height\":100,\"caption\":\"Iha Race\"},\"image\":{\"@id\":\"https:\\\/\\\/iha-race.com\\\/it\\\/#\\\/schema\\\/logo\\\/image\\\/\"}}]}<\/script>\n<!-- \/ Yoast SEO plugin. -->","yoast_head_json":{"title":"Potenziometro del trasmettitore gimbal LiteRadio (leva dell'acceleratore o leva del passo) - Iha Race","robots":{"index":"index","follow":"follow","max-snippet":"max-snippet:-1","max-image-preview":"max-image-preview:large","max-video-preview":"max-video-preview:-1"},"canonical":"https:\/\/iha-race.com\/it\/prodotto\/trasmettitore-literadio-gimbal-power-meter-accelerazione-leva-o-paddle-testata\/","og_locale":"it_IT","og_type":"article","og_title":"Potenziometro del trasmettitore gimbal LiteRadio (leva dell'acceleratore o leva del passo) - Iha Race","og_description":"Trasmettitore gimbal LiteRadio Questo \u00e8 il joystick gimbal originale per LiteRadio 3 e LiteRadio 2 SE. La sua durata \u00e8 buona e offre una buona esperienza di volo ai piloti.","og_url":"https:\/\/iha-race.com\/it\/prodotto\/trasmettitore-literadio-gimbal-power-meter-accelerazione-leva-o-paddle-testata\/","og_site_name":"Iha Race","article_modified_time":"2024-08-29T09:23:27+00:00","og_image":[{"width":720,"height":720,"url":"https:\/\/iha-race.com\/wp-content\/uploads\/2023\/04\/Transmisor-LiteRadio-Nano-Gimbal-Potenciometro-Palanca-de-aceleracion-Palanca-de-cabeceo.webp","type":"image\/webp"}],"twitter_card":"summary_large_image","twitter_misc":{"Tempo di lettura stimato":"2 minuti"},"schema":{"@context":"https:\/\/schema.org","@graph":[{"@type":"WebPage","@id":"https:\/\/iha-race.com\/it\/prodotto\/trasmettitore-literadio-gimbal-power-meter-accelerazione-leva-o-paddle-testata\/","url":"https:\/\/iha-race.com\/it\/prodotto\/trasmettitore-literadio-gimbal-power-meter-accelerazione-leva-o-paddle-testata\/","name":"Potenziometro del trasmettitore gimbal LiteRadio (leva dell'acceleratore o leva del passo) - Iha Race","isPartOf":{"@id":"https:\/\/iha-race.com\/it\/#website"},"primaryImageOfPage":{"@id":"https:\/\/iha-race.com\/it\/prodotto\/trasmettitore-literadio-gimbal-power-meter-accelerazione-leva-o-paddle-testata\/#primaryimage"},"image":{"@id":"https:\/\/iha-race.com\/it\/prodotto\/trasmettitore-literadio-gimbal-power-meter-accelerazione-leva-o-paddle-testata\/#primaryimage"},"thumbnailUrl":"https:\/\/iha-race.com\/wp-content\/uploads\/2023\/04\/Transmisor-LiteRadio-Nano-Gimbal-Potenciometro-Palanca-de-aceleracion-Palanca-de-cabeceo.webp","datePublished":"2023-04-18T16:28:00+00:00","dateModified":"2024-08-29T09:23:27+00:00","breadcrumb":{"@id":"https:\/\/iha-race.com\/it\/prodotto\/trasmettitore-literadio-gimbal-power-meter-accelerazione-leva-o-paddle-testata\/#breadcrumb"},"inLanguage":"it-IT","potentialAction":[{"@type":"ReadAction","target":["https:\/\/iha-race.com\/it\/prodotto\/trasmettitore-literadio-gimbal-power-meter-accelerazione-leva-o-paddle-testata\/"]}]},{"@type":"ImageObject","inLanguage":"it-IT","@id":"https:\/\/iha-race.com\/it\/prodotto\/trasmettitore-literadio-gimbal-power-meter-accelerazione-leva-o-paddle-testata\/#primaryimage","url":"https:\/\/iha-race.com\/wp-content\/uploads\/2023\/04\/Transmisor-LiteRadio-Nano-Gimbal-Potenciometro-Palanca-de-aceleracion-Palanca-de-cabeceo.webp","contentUrl":"https:\/\/iha-race.com\/wp-content\/uploads\/2023\/04\/Transmisor-LiteRadio-Nano-Gimbal-Potenciometro-Palanca-de-aceleracion-Palanca-de-cabeceo.webp","width":720,"height":720},{"@type":"BreadcrumbList","@id":"https:\/\/iha-race.com\/it\/prodotto\/trasmettitore-literadio-gimbal-power-meter-accelerazione-leva-o-paddle-testata\/#breadcrumb","itemListElement":[{"@type":"ListItem","position":1,"name":"Portada","item":"https:\/\/iha-race.com\/it\/"},{"@type":"ListItem","position":2,"name":"Negozio","item":"https:\/\/iha-race.com\/it\/negozio\/"},{"@type":"ListItem","position":3,"name":"Potenziometro del trasmettitore gimbal LiteRadio (leva dell&#8217;acceleratore o leva del passo)"}]},{"@type":"WebSite","@id":"https:\/\/iha-race.com\/it\/#website","url":"https:\/\/iha-race.com\/it\/","name":"Iha Race","description":"Comprar drones de carreras FPV env\u00edos en un d\u00eda desde Espa\u00f1a","publisher":{"@id":"https:\/\/iha-race.com\/it\/#organization"},"potentialAction":[{"@type":"SearchAction","target":{"@type":"EntryPoint","urlTemplate":"https:\/\/iha-race.com\/it\/?s={search_term_string}"},"query-input":{"@type":"PropertyValueSpecification","valueRequired":true,"valueName":"search_term_string"}}],"inLanguage":"it-IT"},{"@type":"Organization","@id":"https:\/\/iha-race.com\/it\/#organization","name":"Iha Race","url":"https:\/\/iha-race.com\/it\/","logo":{"@type":"ImageObject","inLanguage":"it-IT","@id":"https:\/\/iha-race.com\/it\/#\/schema\/logo\/image\/","url":"https:\/\/iha-race.com\/wp-content\/uploads\/2018\/07\/iha-race-drones-de-carreras-tienda-comprar-drones.png","contentUrl":"https:\/\/iha-race.com\/wp-content\/uploads\/2018\/07\/iha-race-drones-de-carreras-tienda-comprar-drones.png","width":300,"height":100,"caption":"Iha Race"},"image":{"@id":"https:\/\/iha-race.com\/it\/#\/schema\/logo\/image\/"}}]}},"jetpack_sharing_enabled":true,"brands":[],"_links":{"self":[{"href":"https:\/\/iha-race.com\/it\/wp-json\/wp\/v2\/product\/228688","targetHints":{"allow":["GET"]}}],"collection":[{"href":"https:\/\/iha-race.com\/it\/wp-json\/wp\/v2\/product"}],"about":[{"href":"https:\/\/iha-race.com\/it\/wp-json\/wp\/v2\/types\/product"}],"replies":[{"embeddable":true,"href":"https:\/\/iha-race.com\/it\/wp-json\/wp\/v2\/comments?post=228688"}],"version-history":[{"count":2,"href":"https:\/\/iha-race.com\/it\/wp-json\/wp\/v2\/product\/228688\/revisions"}],"predecessor-version":[{"id":248607,"href":"https:\/\/iha-race.com\/it\/wp-json\/wp\/v2\/product\/228688\/revisions\/248607"}],"wp:featuredmedia":[{"embeddable":true,"href":"https:\/\/iha-race.com\/it\/wp-json\/wp\/v2\/media\/228664"}],"wp:attachment":[{"href":"https:\/\/iha-race.com\/it\/wp-json\/wp\/v2\/media?parent=228688"}],"wp:term":[{"taxonomy":"pwb-brand","embeddable":true,"href":"https:\/\/iha-race.com\/it\/wp-json\/wp\/v2\/pwb-brand?post=228688"},{"taxonomy":"product_cat","embeddable":true,"href":"https:\/\/iha-race.com\/it\/wp-json\/wp\/v2\/product_cat?post=228688"},{"taxonomy":"product_tag","embeddable":true,"href":"https:\/\/iha-race.com\/it\/wp-json\/wp\/v2\/product_tag?post=228688"}],"curies":[{"name":"wp","href":"https:\/\/api.w.org\/{rel}","templated":true}]}}