{"id":228543,"date":"2023-04-14T17:18:21","date_gmt":"2023-04-14T15:18:21","guid":{"rendered":"https:\/\/iha-race.com\/producto\/kit-adattatore-antenna-universale-lumenier-per-dji-goggles-2\/"},"modified":"2026-03-04T19:16:38","modified_gmt":"2026-03-04T18:16:38","slug":"universal-lumenier-universal-antenna-adapter-kit-for-dji-goggles-2","status":"publish","type":"product","link":"https:\/\/iha-race.com\/it\/prodotto\/universal-lumenier-universal-antenna-adapter-kit-for-dji-goggles-2\/","title":{"rendered":"Kit adattatore antenna universale Lumenier per DJI Goggles 2"},"content":{"rendered":"<h2><span data-sheets-value=\"{\"1\":2,\"2\":\"Kit de adaptador de antena universal Lumenier para DJI Goggles 2\"}\" data-sheets-userformat=\"{\"2\":4995,\"3\":{\"1\":0},\"4\":{\"1\":2,\"2\":16777215},\"10\":2,\"11\":4,\"12\":0,\"15\":\"\\\"Segoe UI\\\", \\\"Helvetica Neue\\\", Arial, sans-serif\"}\">Kit adattatore antenna universale Lumenier per DJI Goggles 2<\/span><\/h2>\n<h2 class=\"text-gray-900 text-2xl title-font font-base w-full pb-3\">Informazioni su questo prodotto<\/h2>\n<div class=\"w-full\">\n<div class=\"prose max-w-none\">\n<div data-content-type=\"row\" data-appearance=\"contained\" data-element=\"main\">\n<div data-enable-parallax=\"0\" data-parallax-speed=\"0.5\" data-background-images=\"{}\" data-background-type=\"image\" data-video-loop=\"true\" data-video-play-only-visible=\"true\" data-video-lazy-load=\"true\" data-video-fallback-src=\"\" data-element=\"inner\" data-pb-style=\"PAXGX1Y\">\n<div data-content-type=\"text\" data-appearance=\"default\" data-element=\"main\">  Il <strong>kit adattatore universale per antenne Lumenier<\/strong> ti permette di collegare un&#8217;antenna RP-SMA o SMA, come le antenne Lumenier AXII, ai DJI Goggles 2. \u00c8 sufficiente premere insieme l&#8217;adattatore e il connettore, quindi collegare l&#8217;antenna per un&#8217;esperienza FPV pi\u00f9 versatile. Ora \u00e8 possibile sostituire facilmente le antenne di Goggles 2 con l&#8217;antenna perfetta per il lavoro. Scegliete AXII Stubby per una solida copertura a 360 gradi, o AXII Patch per un volo ad alto guadagno e a lungo raggio, o il meglio di entrambi i mondi con le doppie antenne AXII! Gli adattatori Lumenier ti permettono di scegliere l&#8217;antenna migliore per soddisfare le tue esigenze!  <\/div>\n<\/div>\n<\/div>\n<div data-content-type=\"row\" data-appearance=\"contained\" data-element=\"main\">\n<div data-enable-parallax=\"0\" data-parallax-speed=\"0.5\" data-background-images=\"{}\" data-background-type=\"image\" data-video-loop=\"true\" data-video-play-only-visible=\"true\" data-video-lazy-load=\"true\" data-video-fallback-src=\"\" data-element=\"inner\" data-pb-style=\"AD36V8E\">\n<div data-content-type=\"text\" data-appearance=\"default\" data-element=\"main\">\n<p><strong>Scegliere un adattatore:<\/strong><\/p>\n<ul>\n<li><strong>Da MCX a RP-SMA<\/strong><\/li>\n<li><strong>Da MCX a SMA<\/strong><\/li>\n<\/ul>\n<\/div>\n<\/div>\n<\/div>\n<div data-content-type=\"row\" data-appearance=\"contained\" data-element=\"main\">\n<div data-enable-parallax=\"0\" data-parallax-speed=\"0.5\" data-background-images=\"{}\" data-background-type=\"image\" data-video-loop=\"true\" data-video-play-only-visible=\"true\" data-video-lazy-load=\"true\" data-video-fallback-src=\"\" data-element=\"inner\" data-pb-style=\"FNA0EIV\">\n<div data-content-type=\"text\" data-appearance=\"default\" data-element=\"main\">\n<p><em>Nota: gli occhiali non sono inclusi. Scegliere un tipo di connettore e assicurarsi di abbinare SMA o RP-SMA all&#8217;antenna scelta.<\/em><\/p>\n<\/div>\n<\/div>\n<\/div>\n<div data-content-type=\"row\" data-appearance=\"contained\" data-element=\"main\">\n<div data-enable-parallax=\"0\" data-parallax-speed=\"0.5\" data-background-images=\"{}\" data-background-type=\"image\" data-video-loop=\"true\" data-video-play-only-visible=\"true\" data-video-lazy-load=\"true\" data-video-fallback-src=\"\" data-element=\"inner\" data-pb-style=\"YBCEH8T\">\n<h2 data-content-type=\"heading\" data-appearance=\"default\" data-element=\"main\">Caratteristiche<\/h2>\n<div data-content-type=\"text\" data-appearance=\"default\" data-element=\"main\">\n<ul>\n<li>Adatta i tuoi occhiali DJI alle antenne RP-SMA o SMA<\/li>\n<li>Facile da installare, basta rimuovere le antenne originali e premere gli adattatori MCX fino a sentirli scattare in posizione.<\/li>\n<li>Alloggiamenti dei connettori con chiave a sinistra e a destra stampati a iniezione<\/li>\n<li>Colore abbinato a Goggles 2, aspetto e sensazione OEM.<\/li>\n<\/ul>\n<\/div>\n<\/div>\n<\/div>\n<div data-content-type=\"row\" data-appearance=\"contained\" data-element=\"main\">\n<div data-enable-parallax=\"0\" data-parallax-speed=\"0.5\" data-background-images=\"{}\" data-background-type=\"image\" data-video-loop=\"true\" data-video-play-only-visible=\"true\" data-video-lazy-load=\"true\" data-video-fallback-src=\"\" data-element=\"inner\" data-pb-style=\"P920YL6\">\n<h2 data-content-type=\"heading\" data-appearance=\"default\" data-element=\"main\">Specifiche tecniche<\/h2>\n<div data-content-type=\"text\" data-appearance=\"default\" data-element=\"main\">\n<ul>\n<li>Connettore: scegliere tra MCX e RP-SMA o MCX e SMA<\/li>\n<li>Compatibilit\u00e0: Occhiali DJI 2<\/li>\n<li>Orientamento: adattatori a destra e a sinistra<\/li>\n<li>Peso (kit completo): 6 g<\/li>\n<\/ul>\n<\/div>\n<\/div>\n<\/div>\n<div data-content-type=\"row\" data-appearance=\"contained\" data-element=\"main\">\n<div data-enable-parallax=\"0\" data-parallax-speed=\"0.5\" data-background-images=\"{}\" data-background-type=\"image\" data-video-loop=\"true\" data-video-play-only-visible=\"true\" data-video-lazy-load=\"true\" data-video-fallback-src=\"\" data-element=\"inner\" data-pb-style=\"OPC2EU7\">\n<div data-content-type=\"text\" data-appearance=\"default\" data-element=\"main\">\n<p><em>NOTE IMPORTANTI<\/em><\/p>\n<\/div>\n<div data-content-type=\"text\" data-appearance=\"default\" data-element=\"main\">\n<ul>\n<li id=\"PHHTXSE\">Questi adattatori non funzionano con i DJI Goggles Integra, poich\u00e9 queste antenne non sono rimovibili.<\/li>\n<\/ul>\n<\/div>\n<\/div>\n<\/div>\n<div data-content-type=\"row\" data-appearance=\"contained\" data-element=\"main\">\n<div data-enable-parallax=\"0\" data-parallax-speed=\"0.5\" data-background-images=\"{}\" data-background-type=\"image\" data-video-loop=\"true\" data-video-play-only-visible=\"true\" data-video-lazy-load=\"true\" data-video-fallback-src=\"\" data-element=\"inner\" data-pb-style=\"YG7H1MH\">\n<h2 data-content-type=\"heading\" data-appearance=\"default\" data-element=\"main\">Consigliato (non incluso)<\/h2>\n<div data-content-type=\"text\" data-appearance=\"default\" data-element=\"main\">\n<ul>\n<li>Occhiali DJI 2<\/li>\n<\/ul>\n<\/div>\n<\/div>\n<\/div>\n<div data-content-type=\"row\" data-appearance=\"contained\" data-element=\"main\">\n<div data-enable-parallax=\"0\" data-parallax-speed=\"0.5\" data-background-images=\"{}\" data-background-type=\"image\" data-video-loop=\"true\" data-video-play-only-visible=\"true\" data-video-lazy-load=\"true\" data-video-fallback-src=\"\" data-element=\"inner\" data-pb-style=\"XOVY7TT\">\n<h2 data-content-type=\"heading\" data-appearance=\"default\" data-element=\"main\">Include<\/h2>\n<div data-content-type=\"text\" data-appearance=\"default\" data-element=\"main\">\n<ul>\n<li>2 connettori Lumenier (scegliere tra MCX e RP-SMA o MCX e SMA)<\/li>\n<li>1x Adattatore universale Lumenier per DJI Goggles 2 &#8211; destra (nero)<\/li>\n<li>1x Adattatore universale Lumenier per DJI Goggles 2 &#8211; Sinistra (nero)<\/li>\n<\/ul>\n<\/div>\n<\/div>\n<\/div>\n<div data-content-type=\"row\" data-appearance=\"contained\" data-element=\"main\">\n<div data-enable-parallax=\"0\" data-parallax-speed=\"0.5\" data-background-images=\"{}\" data-background-type=\"image\" data-video-loop=\"true\" data-video-play-only-visible=\"true\" data-video-lazy-load=\"true\" data-video-fallback-src=\"\" data-element=\"inner\" data-pb-style=\"MPIFNTO\">\n<figure data-content-type=\"image\" data-appearance=\"full-width\" data-element=\"main\" data-pb-style=\"GXY4JW3\"><img decoding=\"async\" class=\"pagebuilder-mobile-hidden\" title=\"\" src=\"https:\/\/cdn.getfpv.com\/media\/wysiwyg\/Web-Compatability-Chart-Antenna-Adapters-864-3_copy.webp\" alt=\"\" data-element=\"desktop_image\" data-pb-style=\"PRDL3AQ\"><\/figure>\n<\/div>\n<\/div>\n<\/div>\n<\/div>\n","protected":false},"excerpt":{"rendered":"<p>Kit adattatore antenna universale Lumenier per DJI Goggles 2 Informazioni su questo prodotto Il kit adattatore universale per antenne Lumenier ti permette di collegare un&#8217;antenna RP-SMA o SMA, come le<\/p>\n","protected":false},"featured_media":228504,"comment_status":"open","ping_status":"closed","template":"","meta":{"_joinchat":[]},"pwb-brand":[],"product_cat":[1514,1180],"product_tag":[],"class_list":{"0":"post-228543","1":"product","2":"type-product","3":"status-publish","4":"has-post-thumbnail","6":"product_cat-accessori-per-antenne","7":"product_cat-antenne-fpv","9":"first","10":"instock","11":"taxable","12":"shipping-taxable","13":"purchasable","14":"product-type-variable"},"barcode":null,"atum_controlled":true,"out_stock_date":null,"out_stock_threshold":null,"inheritable":true,"stock_on_hold":0,"sold_today":0,"sales_last_days":2,"out_stock_days":null,"lost_sales":0,"update_date":"2026-04-18T22:03:26","atum_locations":[],"atum_stock_status":"instock","restock_status":false,"low_stock_amount":"","sales_update_date":"2026-04-18T22:03:26","calc_backorders":null,"yoast_head":"<!-- This site is optimized with the Yoast SEO plugin v27.3 - https:\/\/yoast.com\/product\/yoast-seo-wordpress\/ -->\n<title>Kit adattatore antenna universale Lumenier per DJI Goggles 2 - Iha Race<\/title>\n<meta name=\"robots\" content=\"index, follow, max-snippet:-1, max-image-preview:large, max-video-preview:-1\" \/>\n<link rel=\"canonical\" href=\"https:\/\/iha-race.com\/it\/prodotto\/universal-lumenier-universal-antenna-adapter-kit-for-dji-goggles-2\/\" \/>\n<meta property=\"og:locale\" content=\"it_IT\" \/>\n<meta property=\"og:type\" content=\"article\" \/>\n<meta property=\"og:title\" content=\"Kit adattatore antenna universale Lumenier per DJI Goggles 2 - Iha Race\" \/>\n<meta property=\"og:description\" content=\"Kit adattatore antenna universale Lumenier per DJI Goggles 2 Informazioni su questo prodotto Il kit adattatore universale per antenne Lumenier ti permette di collegare un&#8217;antenna RP-SMA o SMA, come le\" \/>\n<meta property=\"og:url\" content=\"https:\/\/iha-race.com\/it\/prodotto\/universal-lumenier-universal-antenna-adapter-kit-for-dji-goggles-2\/\" \/>\n<meta property=\"og:site_name\" content=\"Iha Race\" \/>\n<meta property=\"article:modified_time\" content=\"2026-03-04T18:16:38+00:00\" \/>\n<meta property=\"og:image\" content=\"https:\/\/iha-race.com\/wp-content\/uploads\/2023\/04\/Kit-de-adaptador-de-antena-universal-Lumenier-para-DJI-Goggles-2.jpeg\" \/>\n\t<meta property=\"og:image:width\" content=\"1920\" \/>\n\t<meta property=\"og:image:height\" content=\"1920\" \/>\n\t<meta property=\"og:image:type\" content=\"image\/jpeg\" \/>\n<meta name=\"twitter:card\" content=\"summary_large_image\" \/>\n<meta name=\"twitter:label1\" content=\"Tempo di lettura stimato\" \/>\n\t<meta name=\"twitter:data1\" content=\"1 minuto\" \/>\n<script type=\"application\/ld+json\" class=\"yoast-schema-graph\">{\"@context\":\"https:\\\/\\\/schema.org\",\"@graph\":[{\"@type\":\"WebPage\",\"@id\":\"https:\\\/\\\/iha-race.com\\\/it\\\/prodotto\\\/universal-lumenier-universal-antenna-adapter-kit-for-dji-goggles-2\\\/\",\"url\":\"https:\\\/\\\/iha-race.com\\\/it\\\/prodotto\\\/universal-lumenier-universal-antenna-adapter-kit-for-dji-goggles-2\\\/\",\"name\":\"Kit adattatore antenna universale Lumenier per DJI Goggles 2 - Iha Race\",\"isPartOf\":{\"@id\":\"https:\\\/\\\/iha-race.com\\\/it\\\/#website\"},\"primaryImageOfPage\":{\"@id\":\"https:\\\/\\\/iha-race.com\\\/it\\\/prodotto\\\/universal-lumenier-universal-antenna-adapter-kit-for-dji-goggles-2\\\/#primaryimage\"},\"image\":{\"@id\":\"https:\\\/\\\/iha-race.com\\\/it\\\/prodotto\\\/universal-lumenier-universal-antenna-adapter-kit-for-dji-goggles-2\\\/#primaryimage\"},\"thumbnailUrl\":\"https:\\\/\\\/iha-race.com\\\/wp-content\\\/uploads\\\/2023\\\/04\\\/Kit-de-adaptador-de-antena-universal-Lumenier-para-DJI-Goggles-2.jpeg\",\"datePublished\":\"2023-04-14T15:18:21+00:00\",\"dateModified\":\"2026-03-04T18:16:38+00:00\",\"breadcrumb\":{\"@id\":\"https:\\\/\\\/iha-race.com\\\/it\\\/prodotto\\\/universal-lumenier-universal-antenna-adapter-kit-for-dji-goggles-2\\\/#breadcrumb\"},\"inLanguage\":\"it-IT\",\"potentialAction\":[{\"@type\":\"ReadAction\",\"target\":[\"https:\\\/\\\/iha-race.com\\\/it\\\/prodotto\\\/universal-lumenier-universal-antenna-adapter-kit-for-dji-goggles-2\\\/\"]}]},{\"@type\":\"ImageObject\",\"inLanguage\":\"it-IT\",\"@id\":\"https:\\\/\\\/iha-race.com\\\/it\\\/prodotto\\\/universal-lumenier-universal-antenna-adapter-kit-for-dji-goggles-2\\\/#primaryimage\",\"url\":\"https:\\\/\\\/iha-race.com\\\/wp-content\\\/uploads\\\/2023\\\/04\\\/Kit-de-adaptador-de-antena-universal-Lumenier-para-DJI-Goggles-2.jpeg\",\"contentUrl\":\"https:\\\/\\\/iha-race.com\\\/wp-content\\\/uploads\\\/2023\\\/04\\\/Kit-de-adaptador-de-antena-universal-Lumenier-para-DJI-Goggles-2.jpeg\",\"width\":1920,\"height\":1920,\"caption\":\"Comprar Kit de adaptador de antena universal Lumenier para DJI Goggles 2\"},{\"@type\":\"BreadcrumbList\",\"@id\":\"https:\\\/\\\/iha-race.com\\\/it\\\/prodotto\\\/universal-lumenier-universal-antenna-adapter-kit-for-dji-goggles-2\\\/#breadcrumb\",\"itemListElement\":[{\"@type\":\"ListItem\",\"position\":1,\"name\":\"Portada\",\"item\":\"https:\\\/\\\/iha-race.com\\\/it\\\/\"},{\"@type\":\"ListItem\",\"position\":2,\"name\":\"Negozio\",\"item\":\"https:\\\/\\\/iha-race.com\\\/it\\\/negozio\\\/\"},{\"@type\":\"ListItem\",\"position\":3,\"name\":\"Kit adattatore antenna universale Lumenier per DJI Goggles 2\"}]},{\"@type\":\"WebSite\",\"@id\":\"https:\\\/\\\/iha-race.com\\\/it\\\/#website\",\"url\":\"https:\\\/\\\/iha-race.com\\\/it\\\/\",\"name\":\"Iha Race\",\"description\":\"Comprar drones de carreras FPV env\u00edos en un d\u00eda desde Espa\u00f1a\",\"publisher\":{\"@id\":\"https:\\\/\\\/iha-race.com\\\/it\\\/#organization\"},\"potentialAction\":[{\"@type\":\"SearchAction\",\"target\":{\"@type\":\"EntryPoint\",\"urlTemplate\":\"https:\\\/\\\/iha-race.com\\\/it\\\/?s={search_term_string}\"},\"query-input\":{\"@type\":\"PropertyValueSpecification\",\"valueRequired\":true,\"valueName\":\"search_term_string\"}}],\"inLanguage\":\"it-IT\"},{\"@type\":\"Organization\",\"@id\":\"https:\\\/\\\/iha-race.com\\\/it\\\/#organization\",\"name\":\"Iha Race\",\"url\":\"https:\\\/\\\/iha-race.com\\\/it\\\/\",\"logo\":{\"@type\":\"ImageObject\",\"inLanguage\":\"it-IT\",\"@id\":\"https:\\\/\\\/iha-race.com\\\/it\\\/#\\\/schema\\\/logo\\\/image\\\/\",\"url\":\"https:\\\/\\\/iha-race.com\\\/wp-content\\\/uploads\\\/2018\\\/07\\\/iha-race-drones-de-carreras-tienda-comprar-drones.png\",\"contentUrl\":\"https:\\\/\\\/iha-race.com\\\/wp-content\\\/uploads\\\/2018\\\/07\\\/iha-race-drones-de-carreras-tienda-comprar-drones.png\",\"width\":300,\"height\":100,\"caption\":\"Iha Race\"},\"image\":{\"@id\":\"https:\\\/\\\/iha-race.com\\\/it\\\/#\\\/schema\\\/logo\\\/image\\\/\"}}]}<\/script>\n<!-- \/ Yoast SEO plugin. -->","yoast_head_json":{"title":"Kit adattatore antenna universale Lumenier per DJI Goggles 2 - Iha Race","robots":{"index":"index","follow":"follow","max-snippet":"max-snippet:-1","max-image-preview":"max-image-preview:large","max-video-preview":"max-video-preview:-1"},"canonical":"https:\/\/iha-race.com\/it\/prodotto\/universal-lumenier-universal-antenna-adapter-kit-for-dji-goggles-2\/","og_locale":"it_IT","og_type":"article","og_title":"Kit adattatore antenna universale Lumenier per DJI Goggles 2 - Iha Race","og_description":"Kit adattatore antenna universale Lumenier per DJI Goggles 2 Informazioni su questo prodotto Il kit adattatore universale per antenne Lumenier ti permette di collegare un&#8217;antenna RP-SMA o SMA, come le","og_url":"https:\/\/iha-race.com\/it\/prodotto\/universal-lumenier-universal-antenna-adapter-kit-for-dji-goggles-2\/","og_site_name":"Iha Race","article_modified_time":"2026-03-04T18:16:38+00:00","og_image":[{"width":1920,"height":1920,"url":"https:\/\/iha-race.com\/wp-content\/uploads\/2023\/04\/Kit-de-adaptador-de-antena-universal-Lumenier-para-DJI-Goggles-2.jpeg","type":"image\/jpeg"}],"twitter_card":"summary_large_image","twitter_misc":{"Tempo di lettura stimato":"1 minuto"},"schema":{"@context":"https:\/\/schema.org","@graph":[{"@type":"WebPage","@id":"https:\/\/iha-race.com\/it\/prodotto\/universal-lumenier-universal-antenna-adapter-kit-for-dji-goggles-2\/","url":"https:\/\/iha-race.com\/it\/prodotto\/universal-lumenier-universal-antenna-adapter-kit-for-dji-goggles-2\/","name":"Kit adattatore antenna universale Lumenier per DJI Goggles 2 - Iha Race","isPartOf":{"@id":"https:\/\/iha-race.com\/it\/#website"},"primaryImageOfPage":{"@id":"https:\/\/iha-race.com\/it\/prodotto\/universal-lumenier-universal-antenna-adapter-kit-for-dji-goggles-2\/#primaryimage"},"image":{"@id":"https:\/\/iha-race.com\/it\/prodotto\/universal-lumenier-universal-antenna-adapter-kit-for-dji-goggles-2\/#primaryimage"},"thumbnailUrl":"https:\/\/iha-race.com\/wp-content\/uploads\/2023\/04\/Kit-de-adaptador-de-antena-universal-Lumenier-para-DJI-Goggles-2.jpeg","datePublished":"2023-04-14T15:18:21+00:00","dateModified":"2026-03-04T18:16:38+00:00","breadcrumb":{"@id":"https:\/\/iha-race.com\/it\/prodotto\/universal-lumenier-universal-antenna-adapter-kit-for-dji-goggles-2\/#breadcrumb"},"inLanguage":"it-IT","potentialAction":[{"@type":"ReadAction","target":["https:\/\/iha-race.com\/it\/prodotto\/universal-lumenier-universal-antenna-adapter-kit-for-dji-goggles-2\/"]}]},{"@type":"ImageObject","inLanguage":"it-IT","@id":"https:\/\/iha-race.com\/it\/prodotto\/universal-lumenier-universal-antenna-adapter-kit-for-dji-goggles-2\/#primaryimage","url":"https:\/\/iha-race.com\/wp-content\/uploads\/2023\/04\/Kit-de-adaptador-de-antena-universal-Lumenier-para-DJI-Goggles-2.jpeg","contentUrl":"https:\/\/iha-race.com\/wp-content\/uploads\/2023\/04\/Kit-de-adaptador-de-antena-universal-Lumenier-para-DJI-Goggles-2.jpeg","width":1920,"height":1920,"caption":"Comprar Kit de adaptador de antena universal Lumenier para DJI Goggles 2"},{"@type":"BreadcrumbList","@id":"https:\/\/iha-race.com\/it\/prodotto\/universal-lumenier-universal-antenna-adapter-kit-for-dji-goggles-2\/#breadcrumb","itemListElement":[{"@type":"ListItem","position":1,"name":"Portada","item":"https:\/\/iha-race.com\/it\/"},{"@type":"ListItem","position":2,"name":"Negozio","item":"https:\/\/iha-race.com\/it\/negozio\/"},{"@type":"ListItem","position":3,"name":"Kit adattatore antenna universale Lumenier per DJI Goggles 2"}]},{"@type":"WebSite","@id":"https:\/\/iha-race.com\/it\/#website","url":"https:\/\/iha-race.com\/it\/","name":"Iha Race","description":"Comprar drones de carreras FPV env\u00edos en un d\u00eda desde Espa\u00f1a","publisher":{"@id":"https:\/\/iha-race.com\/it\/#organization"},"potentialAction":[{"@type":"SearchAction","target":{"@type":"EntryPoint","urlTemplate":"https:\/\/iha-race.com\/it\/?s={search_term_string}"},"query-input":{"@type":"PropertyValueSpecification","valueRequired":true,"valueName":"search_term_string"}}],"inLanguage":"it-IT"},{"@type":"Organization","@id":"https:\/\/iha-race.com\/it\/#organization","name":"Iha Race","url":"https:\/\/iha-race.com\/it\/","logo":{"@type":"ImageObject","inLanguage":"it-IT","@id":"https:\/\/iha-race.com\/it\/#\/schema\/logo\/image\/","url":"https:\/\/iha-race.com\/wp-content\/uploads\/2018\/07\/iha-race-drones-de-carreras-tienda-comprar-drones.png","contentUrl":"https:\/\/iha-race.com\/wp-content\/uploads\/2018\/07\/iha-race-drones-de-carreras-tienda-comprar-drones.png","width":300,"height":100,"caption":"Iha Race"},"image":{"@id":"https:\/\/iha-race.com\/it\/#\/schema\/logo\/image\/"}}]}},"jetpack_sharing_enabled":true,"brands":[],"_links":{"self":[{"href":"https:\/\/iha-race.com\/it\/wp-json\/wp\/v2\/product\/228543","targetHints":{"allow":["GET"]}}],"collection":[{"href":"https:\/\/iha-race.com\/it\/wp-json\/wp\/v2\/product"}],"about":[{"href":"https:\/\/iha-race.com\/it\/wp-json\/wp\/v2\/types\/product"}],"replies":[{"embeddable":true,"href":"https:\/\/iha-race.com\/it\/wp-json\/wp\/v2\/comments?post=228543"}],"version-history":[{"count":3,"href":"https:\/\/iha-race.com\/it\/wp-json\/wp\/v2\/product\/228543\/revisions"}],"predecessor-version":[{"id":248600,"href":"https:\/\/iha-race.com\/it\/wp-json\/wp\/v2\/product\/228543\/revisions\/248600"}],"wp:featuredmedia":[{"embeddable":true,"href":"https:\/\/iha-race.com\/it\/wp-json\/wp\/v2\/media\/228504"}],"wp:attachment":[{"href":"https:\/\/iha-race.com\/it\/wp-json\/wp\/v2\/media?parent=228543"}],"wp:term":[{"taxonomy":"pwb-brand","embeddable":true,"href":"https:\/\/iha-race.com\/it\/wp-json\/wp\/v2\/pwb-brand?post=228543"},{"taxonomy":"product_cat","embeddable":true,"href":"https:\/\/iha-race.com\/it\/wp-json\/wp\/v2\/product_cat?post=228543"},{"taxonomy":"product_tag","embeddable":true,"href":"https:\/\/iha-race.com\/it\/wp-json\/wp\/v2\/product_tag?post=228543"}],"curies":[{"name":"wp","href":"https:\/\/api.w.org\/{rel}","templated":true}]}}