{"id":228310,"date":"2023-03-23T10:53:11","date_gmt":"2023-03-23T09:53:11","guid":{"rendered":"https:\/\/iha-race.com\/producto\/defender-25-4s-hd-dji-o3-air-unit-4s\/"},"modified":"2025-07-06T11:45:06","modified_gmt":"2025-07-06T09:45:06","slug":"defender-25-4s-hd-dji-o3-air-unit-4s","status":"publish","type":"product","link":"https:\/\/iha-race.com\/it\/prodotto\/defender-25-4s-hd-dji-o3-air-unit-4s\/","title":{"rendered":"Defender 25 4S HD DJI O3 Air Unit 4S"},"content":{"rendered":"<h2><span data-sheets-value=\"{\"1\":2,\"2\":\"Defender 25 4S HD DJI O3 Air Unit 4S\"}\" data-sheets-userformat=\"{\"2\":15107,\"3\":{\"1\":0},\"4\":{\"1\":2,\"2\":16777215},\"11\":4,\"12\":0,\"14\":{\"1\":2,\"2\":-654311424},\"15\":\"Arial\",\"16\":12}\">Defender 25 4S HD DJI O3 Air Unit 4S<\/span><\/h2>\n<div class=\"w-full\">\n<div class=\"prose max-w-none\">\n<div data-content-type=\"row\" data-appearance=\"contained\" data-element=\"main\">\n<div data-enable-parallax=\"0\" data-parallax-speed=\"0.5\" data-background-images=\"{}\" data-background-type=\"image\" data-video-loop=\"true\" data-video-play-only-visible=\"true\" data-video-lazy-load=\"true\" data-video-fallback-src=\"\" data-element=\"inner\" data-pb-style=\"H2GIFM6\">\n<div data-content-type=\"text\" data-appearance=\"default\" data-element=\"main\">\n<p><span style=\"color: #ff0000;\"><strong>Tempi di consegna 7\/10 giorni<\/strong><\/span>&nbsp; L&#8217;<strong>iFlight Defender 25<\/strong> \u00e8 un drone Sub250 4S da 2,5&#8243; con unit\u00e0 aerea DJI O3 FPV. Dopo 2 anni di successi con la serie ProTek, iFlight continua ad impegnarsi per migliorare l&#8217;esperienza di volo e le prestazioni con il prossimo passo innovativo. Conosciamo il Defender 25!  <\/div>\n<\/div>\n<\/div>\n<div data-content-type=\"row\" data-appearance=\"contained\" data-element=\"main\">\n<div data-enable-parallax=\"0\" data-parallax-speed=\"0.5\" data-background-images=\"{}\" data-background-type=\"image\" data-video-loop=\"true\" data-video-play-only-visible=\"true\" data-video-lazy-load=\"true\" data-video-fallback-src=\"\" data-element=\"inner\" data-pb-style=\"R5K2S72\">\n<div data-content-type=\"text\" data-appearance=\"default\" data-element=\"main\">\n<p><strong>Scegliete il vostro ricevitore:<\/strong><\/p>\n<ul>\n<li><strong>TBS Crossfire<\/strong><\/li>\n<li><strong>ELR 2,4 GHz<\/strong><\/li>\n<li><strong>DJI BNF<\/strong><\/li>\n<\/ul>\n<\/div>\n<\/div>\n<\/div>\n<div data-content-type=\"row\" data-appearance=\"contained\" data-element=\"main\">\n<div data-enable-parallax=\"0\" data-parallax-speed=\"0.5\" data-background-images=\"{}\" data-background-type=\"image\" data-video-loop=\"true\" data-video-play-only-visible=\"true\" data-video-lazy-load=\"true\" data-video-fallback-src=\"\" data-element=\"inner\" data-pb-style=\"T8GVOSK\">\n<div data-content-type=\"text\" data-appearance=\"default\" data-element=\"main\">\n<p><strong>VIDEO: Defender 25 | Volare con coraggio<\/strong><\/p>\n<\/div>\n<div data-content-type=\"video\" data-appearance=\"default\" data-element=\"main\" data-pb-style=\"E0Q04I9\">\n<div class=\"pagebuilder-video-inner\" data-element=\"inner\">\n<div class=\"pagebuilder-video-wrapper\" data-element=\"wrapper\">\n<div class=\"pagebuilder-video-container\"><iframe src=\"https:\/\/www.youtube.com\/embed\/ySA3Oupf2OE\" width=\"796\" height=\"447.75\" frameborder=\"0\" allowfullscreen=\"allowfullscreen\" data-element=\"video\" data-mce-fragment=\"1\"><\/iframe><\/div>\n<\/div>\n<\/div>\n<\/div>\n<\/div>\n<\/div>\n<div data-content-type=\"row\" data-appearance=\"contained\" data-element=\"main\">\n<div data-enable-parallax=\"0\" data-parallax-speed=\"0.5\" data-background-images=\"{}\" data-background-type=\"image\" data-video-loop=\"true\" data-video-play-only-visible=\"true\" data-video-lazy-load=\"true\" data-video-fallback-src=\"\" data-element=\"inner\" data-pb-style=\"GRQD1P1\">\n<h2 data-content-type=\"heading\" data-appearance=\"default\" data-element=\"main\">Caratteristiche<\/h2>\n<div data-content-type=\"text\" data-appearance=\"default\" data-element=\"main\">\n<ul>\n<li>Carrello di atterraggio ottimizzato per il decollo in ambienti complessi<\/li>\n<li>Antenne video e di ricezione integrate ad alte prestazioni<\/li>\n<li>Video stabilizzati in 4K con obiettivo ultragrandangolare da 155\u00b0<\/li>\n<li>Batteria a sgancio rapido protetta dagli urti<\/li>\n<li>Innumerevoli funzioni di facile utilizzo<\/li>\n<li>Ultraleggero e libero di volare<\/li>\n<li>Piccolo e potente<\/li>\n<\/ul>\n<\/div>\n<\/div>\n<\/div>\n<div data-content-type=\"row\" data-appearance=\"contained\" data-element=\"main\">\n<div data-enable-parallax=\"0\" data-parallax-speed=\"0.5\" data-background-images=\"{}\" data-background-type=\"image\" data-video-loop=\"true\" data-video-play-only-visible=\"true\" data-video-lazy-load=\"true\" data-video-fallback-src=\"\" data-element=\"inner\" data-pb-style=\"HPT178V\">\n<div data-content-type=\"text\" data-appearance=\"default\" data-element=\"main\">\n<p><strong>ULTRALEGGERO E LIBERO DI VOLARE<\/strong><\/p>\n<\/div>\n<div data-content-type=\"text\" data-appearance=\"default\" data-element=\"main\">  Con un peso inferiore a 249 g, il Defender25 non richiede la registrazione nella maggior parte dei paesi. Il design compatto e leggero ne facilita il trasporto e lo stoccaggio. Sar\u00e0 il tuo miglior compagno di viaggio per ridefinire la tua avventura FPV.  <\/div>\n<\/div>\n<\/div>\n<div data-content-type=\"row\" data-appearance=\"contained\" data-element=\"main\">\n<div data-enable-parallax=\"0\" data-parallax-speed=\"0.5\" data-background-images=\"{}\" data-background-type=\"image\" data-video-loop=\"true\" data-video-play-only-visible=\"true\" data-video-lazy-load=\"true\" data-video-fallback-src=\"\" data-element=\"inner\" data-pb-style=\"JW8XW4F\">\n<div data-content-type=\"text\" data-appearance=\"default\" data-element=\"main\">\n<p><strong>PICCOLO E POTENTE<\/strong><\/p>\n<\/div>\n<div data-content-type=\"text\" data-appearance=\"default\" data-element=\"main\">  Le protezioni integrate per le eliche da 2,5 pollici sono state progettate per volare in modo audace. Sperimenterete una libert\u00e0 creativa completamente nuova per volare quando e dove volete. Il resistente telaio stampato a iniezione evita di danneggiare i motori o le eliche e protegge l&#8217;ambiente da piccoli errori di volo.  <\/div>\n<\/div>\n<\/div>\n<div data-content-type=\"row\" data-appearance=\"contained\" data-element=\"main\">\n<div data-enable-parallax=\"0\" data-parallax-speed=\"0.5\" data-background-images=\"{}\" data-background-type=\"image\" data-video-loop=\"true\" data-video-play-only-visible=\"true\" data-video-lazy-load=\"true\" data-video-fallback-src=\"\" data-element=\"inner\" data-pb-style=\"M79DVXF\">\n<div data-content-type=\"text\" data-appearance=\"default\" data-element=\"main\">\n<p><strong>VIDEO STABILIZZATI IN 4K CON OBIETTIVO ULTRAGRANDANGOLARE DA 155\u00b0<\/strong><\/p>\n<\/div>\n<div data-content-type=\"text\" data-appearance=\"default\" data-element=\"main\">  Dotato della pi\u00f9 recente tecnologia di DJI: il sistema di trasmissione DJI O3 Air Unit HD. Il Defender25 supporta i video 4K e registra immagini con un FOV super ampio, fino a 155\u00b0, per immagini straordinarie. Inoltre, la modalit\u00e0 colore D-Cinelike offre una maggiore libert\u00e0 creativa per il color grading, consentendo di modificare e regolare le riprese. iFlight ha anche aggiunto uno speciale supporto per la fotocamera con smorzamento delle vibrazioni per mantenere le immagini grezze il pi\u00f9 fluide possibile, oltre a garantire buoni dati giroscopici per la stabilizzazione a bordo o della fotocamera posteriore.  <\/div>\n<\/div>\n<\/div>\n<div data-content-type=\"row\" data-appearance=\"contained\" data-element=\"main\">\n<div data-enable-parallax=\"0\" data-parallax-speed=\"0.5\" data-background-images=\"{}\" data-background-type=\"image\" data-video-loop=\"true\" data-video-play-only-visible=\"true\" data-video-lazy-load=\"true\" data-video-fallback-src=\"\" data-element=\"inner\" data-pb-style=\"I1VG2RF\">\n<div data-content-type=\"text\" data-appearance=\"default\" data-element=\"main\">\n<p><strong>BATTERIA A SGANCIO RAPIDO PROTETTA DAGLI URTI<\/strong><\/p>\n<\/div>\n<div data-content-type=\"text\" data-appearance=\"default\" data-element=\"main\">  La nuova batteria innovativa a sgancio rapido e l&#8217;adattatore di ricarica rendono tutto pi\u00f9 semplice. Il Defender25 viene fornito con una 4S 550mAh di serie. Una batteria Endurance da 900 mAh \u00e8 opzionale.  <\/div>\n<\/div>\n<\/div>\n<div data-content-type=\"row\" data-appearance=\"contained\" data-element=\"main\">\n<div data-enable-parallax=\"0\" data-parallax-speed=\"0.5\" data-background-images=\"{}\" data-background-type=\"image\" data-video-loop=\"true\" data-video-play-only-visible=\"true\" data-video-lazy-load=\"true\" data-video-fallback-src=\"\" data-element=\"inner\" data-pb-style=\"IO72TDP\">\n<div data-content-type=\"text\" data-appearance=\"default\" data-element=\"main\">\n<p><strong>INNUMEREVOLI FUNZIONI DI FACILE UTILIZZO<\/strong><\/p>\n<\/div>\n<div data-content-type=\"text\" data-appearance=\"default\" data-element=\"main\">\n<ul>\n<li>Eliche con colonna di posizionamento per una facile installazione<\/li>\n<li>Supporto per mini videocamera (GoPro nuda, Insta360, ecc.)<\/li>\n<li>Presa della batteria XT30 fissata con filtro parascintille<\/li>\n<li>Tutte le porte e i pulsanti sono facilmente accessibili<\/li>\n<li>Motori con frecce di sterzo<\/li>\n<li>Preimpostazione della modalit\u00e0 Turtle<\/li>\n<\/ul>\n<\/div>\n<\/div>\n<\/div>\n<div data-content-type=\"row\" data-appearance=\"contained\" data-element=\"main\">\n<div data-enable-parallax=\"0\" data-parallax-speed=\"0.5\" data-background-images=\"{}\" data-background-type=\"image\" data-video-loop=\"true\" data-video-play-only-visible=\"true\" data-video-lazy-load=\"true\" data-video-fallback-src=\"\" data-element=\"inner\" data-pb-style=\"G41P0JO\">\n<div data-content-type=\"text\" data-appearance=\"default\" data-element=\"main\">\n<p><strong>PREIMPOSTATO E PREIMPOSTATO<\/strong><\/p>\n<\/div>\n<div data-content-type=\"text\" data-appearance=\"default\" data-element=\"main\">  Questo RTF \u00e8 completamente costruito e testato dai tecnici di iFlight.  <\/div>\n<\/div>\n<\/div>\n<div data-content-type=\"row\" data-appearance=\"contained\" data-element=\"main\">\n<div data-enable-parallax=\"0\" data-parallax-speed=\"0.5\" data-background-images=\"{}\" data-background-type=\"image\" data-video-loop=\"true\" data-video-play-only-visible=\"true\" data-video-lazy-load=\"true\" data-video-fallback-src=\"\" data-element=\"inner\" data-pb-style=\"RSX06CV\">\n<h2 data-content-type=\"heading\" data-appearance=\"default\" data-element=\"main\">Specifiche tecniche<\/h2>\n<div data-content-type=\"text\" data-appearance=\"default\" data-element=\"main\">\n<ul>\n<li>Tempo massimo di volo da fermo: circa. 6 minuti (con batteria da 550 mAh), 10 minuti (con batteria da 900 mAh)<\/li>\n<li>Potenza di trasmissione (EIRP): FCC: &lt; 33 dBm \/ CE: &lt; 14 dBm \/ SRRC: &lt; 30 dBm<\/li>\n<li>it Rango de temperatura de funcionamiento: -10\u00b0 a 40\u00b0 C (14\u00b0 a 104\u00b0 F)<\/li>\n<li>Velocit\u00e0 massima di discesa: 6 m\/s (modalit\u00e0 normale, modalit\u00e0 sport)<\/li>\n<li>Velocit\u00e0 massima di salita: 6 m\/s (modalit\u00e0 normale, modalit\u00e0 sport)<\/li>\n<li>Resistenza massima alla velocit\u00e0 del vento: 80 km\/h (livello 5)<\/li>\n<li>Eliche: eliche Defender25 2525 (2,5 pollici)<\/li>\n<li>Peso al decollo incluso. Batteria da 550 mAh: \u2264 249 g<\/li>\n<li>Peso al decollo incluso. Batteria da 900 mAh: \u2264 280 g<\/li>\n<li>Dimensioni (L\u00d7L\u00d7H): 158x155x69 mm<\/li>\n<li>Nome prodotto: Defender25 O3 4S HD<\/li>\n<li>Velocit\u00e0 massima: 100 km\/h (modalit\u00e0 manuale)<\/li>\n<li>Elettronica di volo: BLITZ D25 F7 AIO<\/li>\n<li>Trasmissione video: Unit\u00e0 aerea DJI O3<\/li>\n<li>Altitudine massima di decollo: 200 m<\/li>\n<li>Distanza massima di volo: 2-3 km<\/li>\n<li>Peso del velivolo: 180 g<\/li>\n<li>Antenne: doppie antenne<\/li>\n<li>Motore: Defender25 1404<\/li>\n<li>Telaio: 112\u00b12 mm<\/li>\n<li>GPS: N\/A<\/li>\n<\/ul>\n<\/div>\n<\/div>\n<\/div>\n<div data-content-type=\"row\" data-appearance=\"contained\" data-element=\"main\"><\/div>\n<div data-content-type=\"row\" data-appearance=\"contained\" data-element=\"main\">\n<div data-enable-parallax=\"0\" data-parallax-speed=\"0.5\" data-background-images=\"{}\" data-background-type=\"image\" data-video-loop=\"true\" data-video-play-only-visible=\"true\" data-video-lazy-load=\"true\" data-video-fallback-src=\"\" data-element=\"inner\" data-pb-style=\"GGAV06L\">\n<h2 data-content-type=\"heading\" data-appearance=\"default\" data-element=\"main\">Il pacchetto comprende<\/h2>\n<div data-content-type=\"text\" data-appearance=\"default\" data-element=\"main\">\n<ul>\n<li>1 x iFlight Defender 25 2,5&#8243; Sub250 HD Drone con DJI O3 &#8211; 4S (precostruito, messo a punto e testato &#8211; Scegliere il ricevitore)<\/li>\n<li>2 eliche Flight Defender 2525 (set di 4)<\/li>\n<li>1 x batteria Flight Defender 2S &#8211; 550 mAh<\/li>\n<li>1 piastra adattatore di ricarica.<\/li>\n<\/ul>\n<\/div>\n<\/div>\n<\/div>\n<\/div>\n<\/div>\n","protected":false},"excerpt":{"rendered":"<p><span style=\"color: #ff0000;\"><strong>Tempi di consegna 7 \/ 10 giorni<\/strong><\/span><\/p>\n","protected":false},"featured_media":226944,"comment_status":"open","ping_status":"closed","template":"","meta":{"_joinchat":[]},"pwb-brand":[3571],"product_cat":[1438,3673],"product_tag":[],"class_list":{"0":"post-228310","1":"product","2":"type-product","3":"status-publish","4":"has-post-thumbnail","6":"pwb-brand-iflight","7":"product_cat-droni-fpv","8":"product_cat-rtf-montato","10":"first","11":"instock","12":"taxable","13":"shipping-taxable","14":"purchasable","15":"product-type-variable"},"barcode":null,"atum_controlled":true,"out_stock_date":"2023-08-31 15:34:32","out_stock_threshold":null,"inheritable":true,"stock_on_hold":0,"sold_today":0,"sales_last_days":1,"out_stock_days":498,"lost_sales":0,"update_date":"2026-04-18T23:35:23","atum_locations":[],"atum_stock_status":"instock","restock_status":false,"low_stock_amount":"","sales_update_date":"2026-04-18T23:35:23","calc_backorders":null,"yoast_head":"<!-- This site is optimized with the Yoast SEO plugin v27.3 - https:\/\/yoast.com\/product\/yoast-seo-wordpress\/ -->\n<title>Defender 25 4S HD DJI O3 Air Unit 4S - Iha Race<\/title>\n<meta name=\"robots\" content=\"index, follow, max-snippet:-1, max-image-preview:large, max-video-preview:-1\" \/>\n<link rel=\"canonical\" href=\"https:\/\/iha-race.com\/it\/prodotto\/defender-25-4s-hd-dji-o3-air-unit-4s\/\" \/>\n<meta property=\"og:locale\" content=\"it_IT\" \/>\n<meta property=\"og:type\" content=\"article\" \/>\n<meta property=\"og:title\" content=\"Defender 25 4S HD DJI O3 Air Unit 4S - Iha Race\" \/>\n<meta property=\"og:description\" content=\"Tempi di consegna 7 \/ 10 giorni\" \/>\n<meta property=\"og:url\" content=\"https:\/\/iha-race.com\/it\/prodotto\/defender-25-4s-hd-dji-o3-air-unit-4s\/\" \/>\n<meta property=\"og:site_name\" content=\"Iha Race\" \/>\n<meta property=\"article:modified_time\" content=\"2025-07-06T09:45:06+00:00\" \/>\n<meta property=\"og:image\" content=\"https:\/\/iha-race.com\/wp-content\/uploads\/2023\/03\/Defender-25-4S-HD-DJI-O3-Air-Unit-4S.png\" \/>\n\t<meta property=\"og:image:width\" content=\"1000\" \/>\n\t<meta property=\"og:image:height\" content=\"1000\" \/>\n\t<meta property=\"og:image:type\" content=\"image\/png\" \/>\n<meta name=\"twitter:card\" content=\"summary_large_image\" \/>\n<meta name=\"twitter:label1\" content=\"Tempo di lettura stimato\" \/>\n\t<meta name=\"twitter:data1\" content=\"3 minuti\" \/>\n<script type=\"application\/ld+json\" class=\"yoast-schema-graph\">{\"@context\":\"https:\\\/\\\/schema.org\",\"@graph\":[{\"@type\":\"WebPage\",\"@id\":\"https:\\\/\\\/iha-race.com\\\/it\\\/prodotto\\\/defender-25-4s-hd-dji-o3-air-unit-4s\\\/\",\"url\":\"https:\\\/\\\/iha-race.com\\\/it\\\/prodotto\\\/defender-25-4s-hd-dji-o3-air-unit-4s\\\/\",\"name\":\"Defender 25 4S HD DJI O3 Air Unit 4S - Iha Race\",\"isPartOf\":{\"@id\":\"https:\\\/\\\/iha-race.com\\\/it\\\/#website\"},\"primaryImageOfPage\":{\"@id\":\"https:\\\/\\\/iha-race.com\\\/it\\\/prodotto\\\/defender-25-4s-hd-dji-o3-air-unit-4s\\\/#primaryimage\"},\"image\":{\"@id\":\"https:\\\/\\\/iha-race.com\\\/it\\\/prodotto\\\/defender-25-4s-hd-dji-o3-air-unit-4s\\\/#primaryimage\"},\"thumbnailUrl\":\"https:\\\/\\\/iha-race.com\\\/wp-content\\\/uploads\\\/2023\\\/03\\\/Defender-25-4S-HD-DJI-O3-Air-Unit-4S.png\",\"datePublished\":\"2023-03-23T09:53:11+00:00\",\"dateModified\":\"2025-07-06T09:45:06+00:00\",\"breadcrumb\":{\"@id\":\"https:\\\/\\\/iha-race.com\\\/it\\\/prodotto\\\/defender-25-4s-hd-dji-o3-air-unit-4s\\\/#breadcrumb\"},\"inLanguage\":\"it-IT\",\"potentialAction\":[{\"@type\":\"ReadAction\",\"target\":[\"https:\\\/\\\/iha-race.com\\\/it\\\/prodotto\\\/defender-25-4s-hd-dji-o3-air-unit-4s\\\/\"]}]},{\"@type\":\"ImageObject\",\"inLanguage\":\"it-IT\",\"@id\":\"https:\\\/\\\/iha-race.com\\\/it\\\/prodotto\\\/defender-25-4s-hd-dji-o3-air-unit-4s\\\/#primaryimage\",\"url\":\"https:\\\/\\\/iha-race.com\\\/wp-content\\\/uploads\\\/2023\\\/03\\\/Defender-25-4S-HD-DJI-O3-Air-Unit-4S.png\",\"contentUrl\":\"https:\\\/\\\/iha-race.com\\\/wp-content\\\/uploads\\\/2023\\\/03\\\/Defender-25-4S-HD-DJI-O3-Air-Unit-4S.png\",\"width\":1000,\"height\":1000,\"caption\":\"Comprar Defender 25 4S HD DJI O3 Air Unit 4S\"},{\"@type\":\"BreadcrumbList\",\"@id\":\"https:\\\/\\\/iha-race.com\\\/it\\\/prodotto\\\/defender-25-4s-hd-dji-o3-air-unit-4s\\\/#breadcrumb\",\"itemListElement\":[{\"@type\":\"ListItem\",\"position\":1,\"name\":\"Portada\",\"item\":\"https:\\\/\\\/iha-race.com\\\/it\\\/\"},{\"@type\":\"ListItem\",\"position\":2,\"name\":\"Negozio\",\"item\":\"https:\\\/\\\/iha-race.com\\\/it\\\/negozio\\\/\"},{\"@type\":\"ListItem\",\"position\":3,\"name\":\"Defender 25 4S HD DJI O3 Air Unit 4S\"}]},{\"@type\":\"WebSite\",\"@id\":\"https:\\\/\\\/iha-race.com\\\/it\\\/#website\",\"url\":\"https:\\\/\\\/iha-race.com\\\/it\\\/\",\"name\":\"Iha Race\",\"description\":\"Comprar drones de carreras FPV env\u00edos en un d\u00eda desde Espa\u00f1a\",\"publisher\":{\"@id\":\"https:\\\/\\\/iha-race.com\\\/it\\\/#organization\"},\"potentialAction\":[{\"@type\":\"SearchAction\",\"target\":{\"@type\":\"EntryPoint\",\"urlTemplate\":\"https:\\\/\\\/iha-race.com\\\/it\\\/?s={search_term_string}\"},\"query-input\":{\"@type\":\"PropertyValueSpecification\",\"valueRequired\":true,\"valueName\":\"search_term_string\"}}],\"inLanguage\":\"it-IT\"},{\"@type\":\"Organization\",\"@id\":\"https:\\\/\\\/iha-race.com\\\/it\\\/#organization\",\"name\":\"Iha Race\",\"url\":\"https:\\\/\\\/iha-race.com\\\/it\\\/\",\"logo\":{\"@type\":\"ImageObject\",\"inLanguage\":\"it-IT\",\"@id\":\"https:\\\/\\\/iha-race.com\\\/it\\\/#\\\/schema\\\/logo\\\/image\\\/\",\"url\":\"https:\\\/\\\/iha-race.com\\\/wp-content\\\/uploads\\\/2018\\\/07\\\/iha-race-drones-de-carreras-tienda-comprar-drones.png\",\"contentUrl\":\"https:\\\/\\\/iha-race.com\\\/wp-content\\\/uploads\\\/2018\\\/07\\\/iha-race-drones-de-carreras-tienda-comprar-drones.png\",\"width\":300,\"height\":100,\"caption\":\"Iha Race\"},\"image\":{\"@id\":\"https:\\\/\\\/iha-race.com\\\/it\\\/#\\\/schema\\\/logo\\\/image\\\/\"}}]}<\/script>\n<!-- \/ Yoast SEO plugin. -->","yoast_head_json":{"title":"Defender 25 4S HD DJI O3 Air Unit 4S - Iha Race","robots":{"index":"index","follow":"follow","max-snippet":"max-snippet:-1","max-image-preview":"max-image-preview:large","max-video-preview":"max-video-preview:-1"},"canonical":"https:\/\/iha-race.com\/it\/prodotto\/defender-25-4s-hd-dji-o3-air-unit-4s\/","og_locale":"it_IT","og_type":"article","og_title":"Defender 25 4S HD DJI O3 Air Unit 4S - Iha Race","og_description":"Tempi di consegna 7 \/ 10 giorni","og_url":"https:\/\/iha-race.com\/it\/prodotto\/defender-25-4s-hd-dji-o3-air-unit-4s\/","og_site_name":"Iha Race","article_modified_time":"2025-07-06T09:45:06+00:00","og_image":[{"width":1000,"height":1000,"url":"https:\/\/iha-race.com\/wp-content\/uploads\/2023\/03\/Defender-25-4S-HD-DJI-O3-Air-Unit-4S.png","type":"image\/png"}],"twitter_card":"summary_large_image","twitter_misc":{"Tempo di lettura stimato":"3 minuti"},"schema":{"@context":"https:\/\/schema.org","@graph":[{"@type":"WebPage","@id":"https:\/\/iha-race.com\/it\/prodotto\/defender-25-4s-hd-dji-o3-air-unit-4s\/","url":"https:\/\/iha-race.com\/it\/prodotto\/defender-25-4s-hd-dji-o3-air-unit-4s\/","name":"Defender 25 4S HD DJI O3 Air Unit 4S - Iha Race","isPartOf":{"@id":"https:\/\/iha-race.com\/it\/#website"},"primaryImageOfPage":{"@id":"https:\/\/iha-race.com\/it\/prodotto\/defender-25-4s-hd-dji-o3-air-unit-4s\/#primaryimage"},"image":{"@id":"https:\/\/iha-race.com\/it\/prodotto\/defender-25-4s-hd-dji-o3-air-unit-4s\/#primaryimage"},"thumbnailUrl":"https:\/\/iha-race.com\/wp-content\/uploads\/2023\/03\/Defender-25-4S-HD-DJI-O3-Air-Unit-4S.png","datePublished":"2023-03-23T09:53:11+00:00","dateModified":"2025-07-06T09:45:06+00:00","breadcrumb":{"@id":"https:\/\/iha-race.com\/it\/prodotto\/defender-25-4s-hd-dji-o3-air-unit-4s\/#breadcrumb"},"inLanguage":"it-IT","potentialAction":[{"@type":"ReadAction","target":["https:\/\/iha-race.com\/it\/prodotto\/defender-25-4s-hd-dji-o3-air-unit-4s\/"]}]},{"@type":"ImageObject","inLanguage":"it-IT","@id":"https:\/\/iha-race.com\/it\/prodotto\/defender-25-4s-hd-dji-o3-air-unit-4s\/#primaryimage","url":"https:\/\/iha-race.com\/wp-content\/uploads\/2023\/03\/Defender-25-4S-HD-DJI-O3-Air-Unit-4S.png","contentUrl":"https:\/\/iha-race.com\/wp-content\/uploads\/2023\/03\/Defender-25-4S-HD-DJI-O3-Air-Unit-4S.png","width":1000,"height":1000,"caption":"Comprar Defender 25 4S HD DJI O3 Air Unit 4S"},{"@type":"BreadcrumbList","@id":"https:\/\/iha-race.com\/it\/prodotto\/defender-25-4s-hd-dji-o3-air-unit-4s\/#breadcrumb","itemListElement":[{"@type":"ListItem","position":1,"name":"Portada","item":"https:\/\/iha-race.com\/it\/"},{"@type":"ListItem","position":2,"name":"Negozio","item":"https:\/\/iha-race.com\/it\/negozio\/"},{"@type":"ListItem","position":3,"name":"Defender 25 4S HD DJI O3 Air Unit 4S"}]},{"@type":"WebSite","@id":"https:\/\/iha-race.com\/it\/#website","url":"https:\/\/iha-race.com\/it\/","name":"Iha Race","description":"Comprar drones de carreras FPV env\u00edos en un d\u00eda desde Espa\u00f1a","publisher":{"@id":"https:\/\/iha-race.com\/it\/#organization"},"potentialAction":[{"@type":"SearchAction","target":{"@type":"EntryPoint","urlTemplate":"https:\/\/iha-race.com\/it\/?s={search_term_string}"},"query-input":{"@type":"PropertyValueSpecification","valueRequired":true,"valueName":"search_term_string"}}],"inLanguage":"it-IT"},{"@type":"Organization","@id":"https:\/\/iha-race.com\/it\/#organization","name":"Iha Race","url":"https:\/\/iha-race.com\/it\/","logo":{"@type":"ImageObject","inLanguage":"it-IT","@id":"https:\/\/iha-race.com\/it\/#\/schema\/logo\/image\/","url":"https:\/\/iha-race.com\/wp-content\/uploads\/2018\/07\/iha-race-drones-de-carreras-tienda-comprar-drones.png","contentUrl":"https:\/\/iha-race.com\/wp-content\/uploads\/2018\/07\/iha-race-drones-de-carreras-tienda-comprar-drones.png","width":300,"height":100,"caption":"Iha Race"},"image":{"@id":"https:\/\/iha-race.com\/it\/#\/schema\/logo\/image\/"}}]}},"jetpack_sharing_enabled":true,"brands":[{"id":3571,"name":"iFlight","slug":"iflight"}],"_links":{"self":[{"href":"https:\/\/iha-race.com\/it\/wp-json\/wp\/v2\/product\/228310","targetHints":{"allow":["GET"]}}],"collection":[{"href":"https:\/\/iha-race.com\/it\/wp-json\/wp\/v2\/product"}],"about":[{"href":"https:\/\/iha-race.com\/it\/wp-json\/wp\/v2\/types\/product"}],"replies":[{"embeddable":true,"href":"https:\/\/iha-race.com\/it\/wp-json\/wp\/v2\/comments?post=228310"}],"version-history":[{"count":3,"href":"https:\/\/iha-race.com\/it\/wp-json\/wp\/v2\/product\/228310\/revisions"}],"predecessor-version":[{"id":248564,"href":"https:\/\/iha-race.com\/it\/wp-json\/wp\/v2\/product\/228310\/revisions\/248564"}],"wp:featuredmedia":[{"embeddable":true,"href":"https:\/\/iha-race.com\/it\/wp-json\/wp\/v2\/media\/226944"}],"wp:attachment":[{"href":"https:\/\/iha-race.com\/it\/wp-json\/wp\/v2\/media?parent=228310"}],"wp:term":[{"taxonomy":"pwb-brand","embeddable":true,"href":"https:\/\/iha-race.com\/it\/wp-json\/wp\/v2\/pwb-brand?post=228310"},{"taxonomy":"product_cat","embeddable":true,"href":"https:\/\/iha-race.com\/it\/wp-json\/wp\/v2\/product_cat?post=228310"},{"taxonomy":"product_tag","embeddable":true,"href":"https:\/\/iha-race.com\/it\/wp-json\/wp\/v2\/product_tag?post=228310"}],"curies":[{"name":"wp","href":"https:\/\/api.w.org\/{rel}","templated":true}]}}