{"id":226535,"date":"2023-03-13T17:57:37","date_gmt":"2023-03-13T16:57:37","guid":{"rendered":"https:\/\/iha-race.com\/producto\/vivavoce-serie-dji-mavic-3-enterprise\/"},"modified":"2024-08-29T11:21:19","modified_gmt":"2024-08-29T09:21:19","slug":"serie-di-altoparlanti-dji-mavic-3-enterprise","status":"publish","type":"product","link":"https:\/\/iha-race.com\/it\/prodotto\/serie-di-altoparlanti-dji-mavic-3-enterprise\/","title":{"rendered":"Vivavoce serie DJI Mavic 3 Enterprise"},"content":{"rendered":"<h1>Vivavoce serie DJI Mavic 3 Enterprise<\/h1>\n<p><strong>Descrizione generale<\/strong> Trasmette l&#8217;audio su lunghe distanze per rendere pi\u00f9 efficienti le missioni di salvataggio e altre emergenze.<br \/>\nPu\u00f2 memorizzare pi\u00f9 registrazioni audio e supporta la riproduzione automatica in loop. <strong>Caratteristiche salienti<\/strong> Trasmette l&#8217;audio su lunghe distanze per le missioni di soccorso e altre emergenze.<br \/>\nSalva le registrazioni audio e supporta la riproduzione automatica in loop. <strong>Suggerimenti<\/strong> NON utilizzare il vivavoce troppo vicino a persone o in aree urbane dove si concentrano strutture sensibili al rumore, poich\u00e9 il volume potrebbe causare incidenti o lesioni.   Si consiglia di utilizzare il telecomando DJI RC Pro Enterprise per riprodurre i messaggi vocali o importare una sorgente audio vocale per ottenere il miglior effetto di riproduzione. Per evitare danni irreversibili all&#8217;altoparlante, si sconsiglia di riprodurre suoni a frequenza singola come gli allarmi.  <strong>Specifiche tecniche<\/strong><\/p>\n<ul>\n<li>Dimensioni: 114,1 \u00d7 82,0 \u00d7 54,7 mm (L \u00d7 L \u00d7 A)<\/li>\n<li>Peso: 85 \u00b1 2 g<\/li>\n<li>Interfaccia: USB-C<\/li>\n<li>Potenza nominale: 3 W<\/li>\n<li>Volume massimo: 110 dB a 1 m*.<\/li>\n<li>Distanza di emissione effettiva: 100 m a 70 dB*.<\/li>\n<li>Velocit\u00e0 di trasmissione: 16\/32 kb\/s<\/li>\n<li>Temperatura di esercizio: da -10 a 40 \u00b0C (da 14 a 104 \u00b0F)<\/li>\n<\/ul>\n<p>  * Tutti i dati sono stati misurati in un ambiente sperimentale e sono forniti solo come riferimento. La situazione reale pu\u00f2 differire leggermente a causa delle diverse versioni del software, delle sorgenti sonore, dei tipi di ambienti e di altre condizioni. Il risultato finale dipende dall&#8217;uso effettivo. <strong>Compatibilit\u00e0<\/strong> del velivolo DJI Mavic 3 Enterprise Serie Mavic <strong>Il pacchetto include<\/strong><\/p>\n<ul>\n<li>1 altoparlante<\/li>\n<\/ul>\n","protected":false},"excerpt":{"rendered":"<p>Vivavoce serie DJI Mavic 3 Enterprise Descrizione generale Trasmette l&#8217;audio su lunghe distanze per rendere pi\u00f9 efficienti le missioni di salvataggio e altre emergenze. Pu\u00f2 memorizzare pi\u00f9 registrazioni audio e<\/p>\n","protected":false},"featured_media":226513,"comment_status":"open","ping_status":"closed","template":"","meta":{"_joinchat":[]},"pwb-brand":[],"product_cat":[3329],"product_tag":[],"class_list":{"0":"post-226535","1":"product","2":"type-product","3":"status-publish","4":"has-post-thumbnail","6":"product_cat-dji-it","8":"first","9":"instock","10":"taxable","11":"shipping-taxable","12":"purchasable","13":"product-type-simple"},"barcode":null,"atum_controlled":true,"out_stock_date":null,"out_stock_threshold":null,"inheritable":false,"stock_on_hold":0,"sold_today":0,"sales_last_days":0,"out_stock_days":0,"lost_sales":0,"update_date":"2026-04-08T16:51:17","atum_locations":[],"atum_stock_status":"instock","restock_status":false,"low_stock_amount":"","sales_update_date":"2024-01-05T08:18:35","calc_backorders":null,"yoast_head":"<!-- This site is optimized with the Yoast SEO plugin v27.3 - https:\/\/yoast.com\/product\/yoast-seo-wordpress\/ -->\n<title>Vivavoce serie DJI Mavic 3 Enterprise - Iha Race<\/title>\n<meta name=\"robots\" content=\"index, follow, max-snippet:-1, max-image-preview:large, max-video-preview:-1\" \/>\n<link rel=\"canonical\" href=\"https:\/\/iha-race.com\/it\/prodotto\/serie-di-altoparlanti-dji-mavic-3-enterprise\/\" \/>\n<meta property=\"og:locale\" content=\"it_IT\" \/>\n<meta property=\"og:type\" content=\"article\" \/>\n<meta property=\"og:title\" content=\"Vivavoce serie DJI Mavic 3 Enterprise - Iha Race\" \/>\n<meta property=\"og:description\" content=\"Vivavoce serie DJI Mavic 3 Enterprise Descrizione generale Trasmette l&#8217;audio su lunghe distanze per rendere pi\u00f9 efficienti le missioni di salvataggio e altre emergenze. Pu\u00f2 memorizzare pi\u00f9 registrazioni audio e\" \/>\n<meta property=\"og:url\" content=\"https:\/\/iha-race.com\/it\/prodotto\/serie-di-altoparlanti-dji-mavic-3-enterprise\/\" \/>\n<meta property=\"og:site_name\" content=\"Iha Race\" \/>\n<meta property=\"article:modified_time\" content=\"2024-08-29T09:21:19+00:00\" \/>\n<meta property=\"og:image\" content=\"https:\/\/iha-race.com\/wp-content\/uploads\/2023\/03\/e87aafd60023f22bd36b15b72342a4d8-altavoz-serie-dji-mavic-3-enterprise.jpg.jpeg\" \/>\n\t<meta property=\"og:image:width\" content=\"1100\" \/>\n\t<meta property=\"og:image:height\" content=\"1422\" \/>\n\t<meta property=\"og:image:type\" content=\"image\/jpeg\" \/>\n<meta name=\"twitter:card\" content=\"summary_large_image\" \/>\n<meta name=\"twitter:label1\" content=\"Tempo di lettura stimato\" \/>\n\t<meta name=\"twitter:data1\" content=\"1 minuto\" \/>\n<script type=\"application\/ld+json\" class=\"yoast-schema-graph\">{\"@context\":\"https:\\\/\\\/schema.org\",\"@graph\":[{\"@type\":\"WebPage\",\"@id\":\"https:\\\/\\\/iha-race.com\\\/it\\\/prodotto\\\/serie-di-altoparlanti-dji-mavic-3-enterprise\\\/\",\"url\":\"https:\\\/\\\/iha-race.com\\\/it\\\/prodotto\\\/serie-di-altoparlanti-dji-mavic-3-enterprise\\\/\",\"name\":\"Vivavoce serie DJI Mavic 3 Enterprise - Iha Race\",\"isPartOf\":{\"@id\":\"https:\\\/\\\/iha-race.com\\\/it\\\/#website\"},\"primaryImageOfPage\":{\"@id\":\"https:\\\/\\\/iha-race.com\\\/it\\\/prodotto\\\/serie-di-altoparlanti-dji-mavic-3-enterprise\\\/#primaryimage\"},\"image\":{\"@id\":\"https:\\\/\\\/iha-race.com\\\/it\\\/prodotto\\\/serie-di-altoparlanti-dji-mavic-3-enterprise\\\/#primaryimage\"},\"thumbnailUrl\":\"https:\\\/\\\/iha-race.com\\\/wp-content\\\/uploads\\\/2023\\\/03\\\/e87aafd60023f22bd36b15b72342a4d8-altavoz-serie-dji-mavic-3-enterprise.jpg.jpeg\",\"datePublished\":\"2023-03-13T16:57:37+00:00\",\"dateModified\":\"2024-08-29T09:21:19+00:00\",\"breadcrumb\":{\"@id\":\"https:\\\/\\\/iha-race.com\\\/it\\\/prodotto\\\/serie-di-altoparlanti-dji-mavic-3-enterprise\\\/#breadcrumb\"},\"inLanguage\":\"it-IT\",\"potentialAction\":[{\"@type\":\"ReadAction\",\"target\":[\"https:\\\/\\\/iha-race.com\\\/it\\\/prodotto\\\/serie-di-altoparlanti-dji-mavic-3-enterprise\\\/\"]}]},{\"@type\":\"ImageObject\",\"inLanguage\":\"it-IT\",\"@id\":\"https:\\\/\\\/iha-race.com\\\/it\\\/prodotto\\\/serie-di-altoparlanti-dji-mavic-3-enterprise\\\/#primaryimage\",\"url\":\"https:\\\/\\\/iha-race.com\\\/wp-content\\\/uploads\\\/2023\\\/03\\\/e87aafd60023f22bd36b15b72342a4d8-altavoz-serie-dji-mavic-3-enterprise.jpg.jpeg\",\"contentUrl\":\"https:\\\/\\\/iha-race.com\\\/wp-content\\\/uploads\\\/2023\\\/03\\\/e87aafd60023f22bd36b15b72342a4d8-altavoz-serie-dji-mavic-3-enterprise.jpg.jpeg\",\"width\":1100,\"height\":1422},{\"@type\":\"BreadcrumbList\",\"@id\":\"https:\\\/\\\/iha-race.com\\\/it\\\/prodotto\\\/serie-di-altoparlanti-dji-mavic-3-enterprise\\\/#breadcrumb\",\"itemListElement\":[{\"@type\":\"ListItem\",\"position\":1,\"name\":\"Portada\",\"item\":\"https:\\\/\\\/iha-race.com\\\/it\\\/\"},{\"@type\":\"ListItem\",\"position\":2,\"name\":\"Negozio\",\"item\":\"https:\\\/\\\/iha-race.com\\\/it\\\/negozio\\\/\"},{\"@type\":\"ListItem\",\"position\":3,\"name\":\"Vivavoce serie DJI Mavic 3 Enterprise\"}]},{\"@type\":\"WebSite\",\"@id\":\"https:\\\/\\\/iha-race.com\\\/it\\\/#website\",\"url\":\"https:\\\/\\\/iha-race.com\\\/it\\\/\",\"name\":\"Iha Race\",\"description\":\"Comprar drones de carreras FPV env\u00edos en un d\u00eda desde Espa\u00f1a\",\"publisher\":{\"@id\":\"https:\\\/\\\/iha-race.com\\\/it\\\/#organization\"},\"potentialAction\":[{\"@type\":\"SearchAction\",\"target\":{\"@type\":\"EntryPoint\",\"urlTemplate\":\"https:\\\/\\\/iha-race.com\\\/it\\\/?s={search_term_string}\"},\"query-input\":{\"@type\":\"PropertyValueSpecification\",\"valueRequired\":true,\"valueName\":\"search_term_string\"}}],\"inLanguage\":\"it-IT\"},{\"@type\":\"Organization\",\"@id\":\"https:\\\/\\\/iha-race.com\\\/it\\\/#organization\",\"name\":\"Iha Race\",\"url\":\"https:\\\/\\\/iha-race.com\\\/it\\\/\",\"logo\":{\"@type\":\"ImageObject\",\"inLanguage\":\"it-IT\",\"@id\":\"https:\\\/\\\/iha-race.com\\\/it\\\/#\\\/schema\\\/logo\\\/image\\\/\",\"url\":\"https:\\\/\\\/iha-race.com\\\/wp-content\\\/uploads\\\/2018\\\/07\\\/iha-race-drones-de-carreras-tienda-comprar-drones.png\",\"contentUrl\":\"https:\\\/\\\/iha-race.com\\\/wp-content\\\/uploads\\\/2018\\\/07\\\/iha-race-drones-de-carreras-tienda-comprar-drones.png\",\"width\":300,\"height\":100,\"caption\":\"Iha Race\"},\"image\":{\"@id\":\"https:\\\/\\\/iha-race.com\\\/it\\\/#\\\/schema\\\/logo\\\/image\\\/\"}}]}<\/script>\n<!-- \/ Yoast SEO plugin. -->","yoast_head_json":{"title":"Vivavoce serie DJI Mavic 3 Enterprise - Iha Race","robots":{"index":"index","follow":"follow","max-snippet":"max-snippet:-1","max-image-preview":"max-image-preview:large","max-video-preview":"max-video-preview:-1"},"canonical":"https:\/\/iha-race.com\/it\/prodotto\/serie-di-altoparlanti-dji-mavic-3-enterprise\/","og_locale":"it_IT","og_type":"article","og_title":"Vivavoce serie DJI Mavic 3 Enterprise - Iha Race","og_description":"Vivavoce serie DJI Mavic 3 Enterprise Descrizione generale Trasmette l&#8217;audio su lunghe distanze per rendere pi\u00f9 efficienti le missioni di salvataggio e altre emergenze. Pu\u00f2 memorizzare pi\u00f9 registrazioni audio e","og_url":"https:\/\/iha-race.com\/it\/prodotto\/serie-di-altoparlanti-dji-mavic-3-enterprise\/","og_site_name":"Iha Race","article_modified_time":"2024-08-29T09:21:19+00:00","og_image":[{"width":1100,"height":1422,"url":"https:\/\/iha-race.com\/wp-content\/uploads\/2023\/03\/e87aafd60023f22bd36b15b72342a4d8-altavoz-serie-dji-mavic-3-enterprise.jpg.jpeg","type":"image\/jpeg"}],"twitter_card":"summary_large_image","twitter_misc":{"Tempo di lettura stimato":"1 minuto"},"schema":{"@context":"https:\/\/schema.org","@graph":[{"@type":"WebPage","@id":"https:\/\/iha-race.com\/it\/prodotto\/serie-di-altoparlanti-dji-mavic-3-enterprise\/","url":"https:\/\/iha-race.com\/it\/prodotto\/serie-di-altoparlanti-dji-mavic-3-enterprise\/","name":"Vivavoce serie DJI Mavic 3 Enterprise - Iha Race","isPartOf":{"@id":"https:\/\/iha-race.com\/it\/#website"},"primaryImageOfPage":{"@id":"https:\/\/iha-race.com\/it\/prodotto\/serie-di-altoparlanti-dji-mavic-3-enterprise\/#primaryimage"},"image":{"@id":"https:\/\/iha-race.com\/it\/prodotto\/serie-di-altoparlanti-dji-mavic-3-enterprise\/#primaryimage"},"thumbnailUrl":"https:\/\/iha-race.com\/wp-content\/uploads\/2023\/03\/e87aafd60023f22bd36b15b72342a4d8-altavoz-serie-dji-mavic-3-enterprise.jpg.jpeg","datePublished":"2023-03-13T16:57:37+00:00","dateModified":"2024-08-29T09:21:19+00:00","breadcrumb":{"@id":"https:\/\/iha-race.com\/it\/prodotto\/serie-di-altoparlanti-dji-mavic-3-enterprise\/#breadcrumb"},"inLanguage":"it-IT","potentialAction":[{"@type":"ReadAction","target":["https:\/\/iha-race.com\/it\/prodotto\/serie-di-altoparlanti-dji-mavic-3-enterprise\/"]}]},{"@type":"ImageObject","inLanguage":"it-IT","@id":"https:\/\/iha-race.com\/it\/prodotto\/serie-di-altoparlanti-dji-mavic-3-enterprise\/#primaryimage","url":"https:\/\/iha-race.com\/wp-content\/uploads\/2023\/03\/e87aafd60023f22bd36b15b72342a4d8-altavoz-serie-dji-mavic-3-enterprise.jpg.jpeg","contentUrl":"https:\/\/iha-race.com\/wp-content\/uploads\/2023\/03\/e87aafd60023f22bd36b15b72342a4d8-altavoz-serie-dji-mavic-3-enterprise.jpg.jpeg","width":1100,"height":1422},{"@type":"BreadcrumbList","@id":"https:\/\/iha-race.com\/it\/prodotto\/serie-di-altoparlanti-dji-mavic-3-enterprise\/#breadcrumb","itemListElement":[{"@type":"ListItem","position":1,"name":"Portada","item":"https:\/\/iha-race.com\/it\/"},{"@type":"ListItem","position":2,"name":"Negozio","item":"https:\/\/iha-race.com\/it\/negozio\/"},{"@type":"ListItem","position":3,"name":"Vivavoce serie DJI Mavic 3 Enterprise"}]},{"@type":"WebSite","@id":"https:\/\/iha-race.com\/it\/#website","url":"https:\/\/iha-race.com\/it\/","name":"Iha Race","description":"Comprar drones de carreras FPV env\u00edos en un d\u00eda desde Espa\u00f1a","publisher":{"@id":"https:\/\/iha-race.com\/it\/#organization"},"potentialAction":[{"@type":"SearchAction","target":{"@type":"EntryPoint","urlTemplate":"https:\/\/iha-race.com\/it\/?s={search_term_string}"},"query-input":{"@type":"PropertyValueSpecification","valueRequired":true,"valueName":"search_term_string"}}],"inLanguage":"it-IT"},{"@type":"Organization","@id":"https:\/\/iha-race.com\/it\/#organization","name":"Iha Race","url":"https:\/\/iha-race.com\/it\/","logo":{"@type":"ImageObject","inLanguage":"it-IT","@id":"https:\/\/iha-race.com\/it\/#\/schema\/logo\/image\/","url":"https:\/\/iha-race.com\/wp-content\/uploads\/2018\/07\/iha-race-drones-de-carreras-tienda-comprar-drones.png","contentUrl":"https:\/\/iha-race.com\/wp-content\/uploads\/2018\/07\/iha-race-drones-de-carreras-tienda-comprar-drones.png","width":300,"height":100,"caption":"Iha Race"},"image":{"@id":"https:\/\/iha-race.com\/it\/#\/schema\/logo\/image\/"}}]}},"brands":[],"_links":{"self":[{"href":"https:\/\/iha-race.com\/it\/wp-json\/wp\/v2\/product\/226535","targetHints":{"allow":["GET"]}}],"collection":[{"href":"https:\/\/iha-race.com\/it\/wp-json\/wp\/v2\/product"}],"about":[{"href":"https:\/\/iha-race.com\/it\/wp-json\/wp\/v2\/types\/product"}],"replies":[{"embeddable":true,"href":"https:\/\/iha-race.com\/it\/wp-json\/wp\/v2\/comments?post=226535"}],"version-history":[{"count":2,"href":"https:\/\/iha-race.com\/it\/wp-json\/wp\/v2\/product\/226535\/revisions"}],"predecessor-version":[{"id":248532,"href":"https:\/\/iha-race.com\/it\/wp-json\/wp\/v2\/product\/226535\/revisions\/248532"}],"wp:featuredmedia":[{"embeddable":true,"href":"https:\/\/iha-race.com\/it\/wp-json\/wp\/v2\/media\/226513"}],"wp:attachment":[{"href":"https:\/\/iha-race.com\/it\/wp-json\/wp\/v2\/media?parent=226535"}],"wp:term":[{"taxonomy":"pwb-brand","embeddable":true,"href":"https:\/\/iha-race.com\/it\/wp-json\/wp\/v2\/pwb-brand?post=226535"},{"taxonomy":"product_cat","embeddable":true,"href":"https:\/\/iha-race.com\/it\/wp-json\/wp\/v2\/product_cat?post=226535"},{"taxonomy":"product_tag","embeddable":true,"href":"https:\/\/iha-race.com\/it\/wp-json\/wp\/v2\/product_tag?post=226535"}],"curies":[{"name":"wp","href":"https:\/\/api.w.org\/{rel}","templated":true}]}}