{"id":226480,"date":"2023-03-13T17:51:48","date_gmt":"2023-03-13T16:51:48","guid":{"rendered":"https:\/\/iha-race.com\/producto\/dji-avata-senza-telecomando\/"},"modified":"2024-08-29T11:21:06","modified_gmt":"2024-08-29T09:21:06","slug":"dji-avata-senza-controllo-remoto-2","status":"publish","type":"product","link":"https:\/\/iha-race.com\/it\/prodotto\/dji-avata-senza-controllo-remoto-2\/","title":{"rendered":"DJI Avata &#8211; (senza telecomando)"},"content":{"rendered":"<h1>DJI Avata &#8211; (senza telecomando)<\/h1>\n<p><strong>Dotata di un sensore CMOS da 1\/1,7 pollici, Avata supporta la registrazione ultra-grandangolare 4K con un&#8217;apertura di f\/2,8. Unitamente a prestazioni d&#8217;immagine di alta qualit\u00e0, offre immagini eccezionali che lasceranno il pubblico a bocca aperta.<\/strong><\/p>\n<p><em><strong>***Trasmettitore e occhiali FPV non inclusi***.<\/strong><\/em><strong>Nato per volare<\/strong> Quando combini Avata con gli occhiali e il controller di movimento, il volo diventa accessibile a tutti. Provate l&#8217;emozione di un&#8217;immersione totale con una sicurezza e un controllo senza pari. Abbracciate la vostra spontaneit\u00e0 e catturate il mondo che vi circonda. Alcuni di noi sono nati per volare. Compatto e leggero, DJI Avata \u00e8 agile in spazi ristretti.Ogni aspetto del suo design \u00e8 stato realizzato per permetterti di essere audace.La protezione integrata dell&#8217;elica significa che se Avata entra in contatto con un oggetto, pu\u00f2 rimbalzare, rimanere in volo e continuare a volare. <strong>DJI Motion ControllerEsperimenta<\/strong><strong>la magia del volo<\/strong> Il DJI Motion Controller mette il volo intuitivo nelle tue mani.<br \/>\n<img>I comandi sono facili da usare e offrono un modo del tutto unico di volare.<strong>Mosse<\/strong><strong>fantastiche meritano video fantasticiUn&#8217;<\/strong><strong>innovazione negli effetti visivi dell&#8217;FPV<\/strong> Dotato di un sensore CMOS da 1\/1,7 pollici, DJI Avata consente la registrazione ultra-grandangolare in 4K con un&#8217;apertura f\/2,8. Insieme a una qualit\u00e0 d&#8217;immagine superiore, offre effetti visivi eccezionali che terranno il tuo pubblico con il fiato sospeso.   <\/p>\n<table>\n<tbody>\n<tr>\n<td><strong>1\/1,7 pollici<\/strong><strong>Sensore<\/strong><\/td>\n<td><strong>4K\/60 fps[6]<\/strong><strong>Video<\/strong><\/td>\n<\/tr>\n<tr>\n<td><strong>155\u00b0<\/strong><strong>Campo visivo super ampio<\/strong><\/td>\n<td><strong>D-Cinelike<\/strong><strong>Modalit\u00e0 colore<\/strong><\/td>\n<\/tr>\n<tr>\n<td><strong>RockSteady 2.0<\/strong><strong>Stabilizzazione elettronica dell&#8217;immagine<\/strong><\/td>\n<td><strong>HorizonSteady<\/strong><strong>Stabilizzazione elettronica dell&#8217;immagine<\/strong><\/td>\n<\/tr>\n<\/tbody>\n<\/table>\n<p><strong>Campo visivo super ampio di 155\u00b0<\/strong> La maggior parte dei droni con telecamera offre, al massimo, un campo visivo di 84\u00b0. DJI Avata fa un passo avanti con il suo campo visivo super ampio di 155\u00b0. Questa prospettiva ingrandita \u00e8 pi\u00f9 vicina a quella che vediamo con i nostri occhi e crea effetti visivi sorprendenti ed estremamente coinvolgenti. <strong>Registrazione superba<\/strong> Mantieni i tuoi video stabili durante le acrobazie con RockSteady 2.0 e HorizonSteady.[8] Queste tecnologie di punta aprono un mondo di possibilit\u00e0 cinematografiche riducendo il tremolio della fotocamera e garantendo video ultra-HD fluidi.  <strong>RockSteady 2.0<\/strong> RockSteady riduce attivamente le vibrazioni della fotocamera in tempo reale.<br \/>\n<strong> HorizonSteady<\/strong> HorizonSteady blocca il livello dell&#8217;orizzonte dei tuoi video per ottenere effetti cinematografici.<br \/>\n<strong>Agilit\u00e0 in sala di montaggio<\/strong> Immergiti in un mondo di colori quando riprendi in modalit\u00e0 D-Cinelike.Fai risaltare i tuoi filmati con il color grading post-editing e trasforma la tua creazione in un capolavoro.<br \/>\n<strong>La tua compagna pi\u00f9 resistentePortabile<\/strong><strong>e pronta all&#8217;avventura<\/strong>, Avata adotta un nuovo design innovativo pensando al tuo comfort.     \u00c8 pi\u00f9 leggero, pi\u00f9 compatto e pi\u00f9 facile da trasportare.  <img><\/p>\n<p><strong>Osate volare via.<\/strong>  DJI Avata \u00e8 robusto, quindi puoi essere coraggioso. La sua robusta struttura riduce il rischio di danni e garantisce una maggiore tranquillit\u00e0. Il nuovo design aerodinamico a nervature ottimizza l&#8217;efficienza energetica per consentire un&#8217;impressionante durata di volo di 18 minuti. <strong>Vola ed esplora<\/strong> Riscopri l&#8217;ambiente che ti circonda in totale libert\u00e0 e scopri incredibili modi di fare riprese video.<br \/>\nLa flessibilit\u00e0 di DJI Avata in vari scenari apre un nuovo mondo di possibilit\u00e0 creative. <strong>Vola dove gli altri non possono<\/strong> Cattura video davvero unici mentre zigzaghi tra i rami degli alberi, passi sotto i ponti e attraverso i corridoi, filmando in luoghi prima inaccessibili. <strong>Fiducia nella sicurezzaOltre<\/strong> alla protezione integrata per le eliche, Avata \u00e8 dotato di visione binoculare<strong>inferiore<\/strong> e di rilevamento ToF a infrarossi per una sicurezza ancora maggiore.Questi sensori rilevano gli ostacoli al di sotto e al di sopra di Avata, in modo che tu possa volare a bassa quota o in ambienti chiusi.   <\/p>\n<ul>\n<li><strong>Volo a bassa quota<\/strong>: provate il volo a bassa quota di Avata e planate a poca distanza dal suolo.[11] Questo, in combinazione con il campo visivo super ampio, crea una prospettiva emozionante e assolutamente unica.<\/li>\n<\/ul>\n<ul>\n<li><strong>Fermati e aspetta<\/strong>: premi il pulsante del freno di emergenza se ti trovi in una situazione che richiede un arresto brusco. Avata manterr\u00e0 il volo in hovering per ridurre il rischio di potenziali incidenti.<\/li>\n<\/ul>\n<p><strong>Trasmissione affidabile<\/strong><\/p>\n<table>\n<tbody>\n<tr>\n<td><strong>1080p<\/strong><strong>Qualit\u00e0 massima di trasmissione video[12]<\/strong><\/td>\n<td><strong>100 fps<\/strong><strong>Frequenza massima di trasmissione video<\/strong><\/td>\n<\/tr>\n<tr>\n<td><strong>30 ms<\/strong><strong>Latenza minima di trasmissione video[12]<\/strong><\/td>\n<td><strong>10 km<\/strong><strong>Portata massima di trasmissione video[13]<\/strong><\/td>\n<\/tr>\n<tr>\n<td><strong>50 Mb\/s<\/strong><strong>Bitrate video massimo[14]<\/strong><\/td>\n<td><strong>H.265<\/strong><strong>Codifica dello streaming video<\/strong><\/td>\n<\/tr>\n<\/tbody>\n<\/table>\n<p>*** <strong> Quando utilizzi i DJI Goggles 2 in un ambiente esterno aperto e senza interferenze *** Domina le<\/strong><strong>tue mosse<\/strong> DJI Avata \u00e8 compatibile con diversi dispositivi di controllo remoto, ognuno dei quali offre diverse possibilit\u00e0. Il simulatore di volo \u00e8 perfetto per affinare le tue abilit\u00e0 o per provare diverse modalit\u00e0 di controllo che offrono effetti visivi migliorati e nuove opportunit\u00e0.  <\/p>\n<ul>\n<li><strong>Massima precisione<\/strong>: volare in modalit\u00e0 manuale con il DJI FPV Remote Control 2 per movimenti di volo avanzati, effetti di fotografia aerea stabili e un linguaggio visivo diversificato per le registrazioni.<\/li>\n<\/ul>\n<ul>\n<li>La <strong>pratica rende perfetti:<\/strong> l&#8217;app DJI Virtual Flight pu\u00f2 essere utilizzata sia su computer che su smartphone e contiene diversi scenari simulati.[16] Potete esercitarvi al chiuso e all&#8217;aperto, affinare le vostre abilit\u00e0 di volo e diventare un pilota provetto passo dopo passo.<\/li>\n<\/ul>\n<p><img><\/p>\n<ol>\n<li>DJI Avata \u00e8 compatibile con DJI Goggles 2, DJI FPV Remote Control 2 e DJI FPV Goggles V2.<\/li>\n<li>L&#8217;esperienza dell&#8217;utente e della visualizzazione pu\u00f2 variare da persona a persona.<\/li>\n<li>La frequenza di aggiornamento dello schermo cambia in base alla frequenza dei fotogrammi del flusso video. \u00c8 possibile passare da 100 Hz a 60 Hz in base alla frequenza dei fotogrammi del flusso video.<\/li>\n<li>I DJI Goggles 2 non consentono la correzione dell&#8217;astigmatismo. Se si hanno esigenze specifiche di visione, consultare il proprio medico prima dell&#8217;uso.<\/li>\n<li>L&#8217;esperienza di visione pu\u00f2 variare.<\/li>\n<li>I video a 4K\/60 fps non sono compatibili con il formato 4:3, ma sono supportati solo quelli in formato 16:9.<\/li>\n<li>Il campo visivo di 155\u00b0 \u00e8 disponibile solo quando il rapporto d&#8217;aspetto \u00e8 4:3 e le specifiche di registrazione video sono 2,7K a 50\/60 fps o 1080p a 50\/60 fps, oppure quando il rapporto d&#8217;aspetto \u00e8 16:9 e le specifiche di registrazione video sono 4K a 50\/60 fps, 2,7K a 50\/60 fps o 1080p a 50\/60 fps.<\/li>\n<li>HorizonSteady \u00e8 disponibile solo con il campo visivo in modalit\u00e0 Normale con un rapporto d&#8217;aspetto di 16:9 e le specifiche di registrazione video di 4K a 50\/60 fps, 2,7K a 50\/60 fps o 1080p a 50\/60 fps.RockSteady non \u00e8 disponibile quando le specifiche di registrazione video sono 2,7K a 100\/120 fps o 1080p a 100\/120 fps.<\/li>\n<li>Testato in hovering in un ambiente privo di vento e di interferenze.<\/li>\n<li>DJI Avata consente il rilevamento di ostacoli inferiori solo quando viene utilizzato con il telecomando DJI FPV 2 o il controller di movimento DJI in modalit\u00e0 N o S.<\/li>\n<li>L&#8217;aereo deve mantenere una distanza di almeno 0,25 metri dal suolo.<\/li>\n<li>La latenza della trasmissione video varia a seconda dei modelli. DJI FPV Goggles V2 pu\u00f2 raggiungere una trasmissione video fino a 810p.Quando si utilizzano DJI FPV Goggles V2 con trasmissione video a 810p\/120 fps, la latenza minima della trasmissione video \u00e8 inferiore a 28ms.<\/li>\n<li>Conforme alle norme FCC e testato in un ambiente esterno senza interferenze.<\/li>\n<li>Testato in un ambiente esterno aperto e senza interferenze.La velocit\u00e0 di trasmissione video varia a seconda degli ambienti operativi.<\/li>\n<li>Compatibile con il DJI FPV Remote Control 2 e il DJI Motion Controller, venduti separatamente.<\/li>\n<li>Il client per PC \u00e8 compatibile con i sistemi operativi Windows. Il client per dispositivi mobili \u00e8 compatibile con iOS 12.0 e versioni successive e Android v9.0 e versioni successive.<\/li>\n<\/ol>\n<p>&nbsp;<\/p>\n<h2><strong>Il pacchetto comprende<\/strong><br \/>\n<b><\/b><b><\/b><\/h2>\n<ul>\n<li>1 x DJI Avata<\/li>\n<li>1 x batteria di volo DJI Avata<\/li>\n<li>1 x Eliche (coppia)<\/li>\n<li>1 cavo PD (tipo C-tipo C)<\/li>\n<li>1 x Protezione dello stabilizzatore<\/li>\n<li>1 x Cacciavite<\/li>\n<li>7 x viti (M2 x7)<\/li>\n<li>1 controllore di movimento<\/li>\n<li>1 x DJI FPV Goggles 2<\/li>\n<li>1 batteria per DJI Goggles 2<\/li>\n<li>1 x fascia per occhiali FPV DJI<\/li>\n<li>1 x Cavo di alimentazione (USB-C) DJI FPV Goggles<\/li>\n<li>1 x antenna a doppia banda DJI FPV Goggles<\/li>\n<li>1 cavo USB-C per occhiali DJI<\/li>\n<\/ul>\n","protected":false},"excerpt":{"rendered":"<p>DJI Avata &#8211; (senza telecomando) Dotata di un sensore CMOS da 1\/1,7 pollici, Avata supporta la registrazione ultra-grandangolare 4K con un&#8217;apertura di f\/2,8. Unitamente a prestazioni d&#8217;immagine di alta qualit\u00e0,<\/p>\n","protected":false},"featured_media":226437,"comment_status":"open","ping_status":"closed","template":"","meta":{"_joinchat":[]},"pwb-brand":[],"product_cat":[3329],"product_tag":[],"class_list":{"0":"post-226480","1":"product","2":"type-product","3":"status-publish","4":"has-post-thumbnail","6":"product_cat-dji-it","8":"first","9":"instock","10":"taxable","11":"shipping-taxable","12":"purchasable","13":"product-type-simple"},"barcode":null,"atum_controlled":true,"out_stock_date":null,"out_stock_threshold":null,"inheritable":false,"stock_on_hold":0,"sold_today":0,"sales_last_days":0,"out_stock_days":0,"lost_sales":0,"update_date":"2026-04-18T20:30:54","atum_locations":[],"atum_stock_status":"instock","restock_status":false,"low_stock_amount":"","sales_update_date":"2026-04-18T20:30:54","calc_backorders":null,"yoast_head":"<!-- This site is optimized with the Yoast SEO plugin v27.3 - https:\/\/yoast.com\/product\/yoast-seo-wordpress\/ -->\n<title>DJI Avata - (senza telecomando) - Iha Race<\/title>\n<meta name=\"robots\" content=\"index, follow, max-snippet:-1, max-image-preview:large, max-video-preview:-1\" \/>\n<link rel=\"canonical\" href=\"https:\/\/iha-race.com\/it\/prodotto\/dji-avata-senza-controllo-remoto-2\/\" \/>\n<meta property=\"og:locale\" content=\"it_IT\" \/>\n<meta property=\"og:type\" content=\"article\" \/>\n<meta property=\"og:title\" content=\"DJI Avata - (senza telecomando) - Iha Race\" \/>\n<meta property=\"og:description\" content=\"DJI Avata &#8211; (senza telecomando) Dotata di un sensore CMOS da 1\/1,7 pollici, Avata supporta la registrazione ultra-grandangolare 4K con un&#8217;apertura di f\/2,8. Unitamente a prestazioni d&#8217;immagine di alta qualit\u00e0,\" \/>\n<meta property=\"og:url\" content=\"https:\/\/iha-race.com\/it\/prodotto\/dji-avata-senza-controllo-remoto-2\/\" \/>\n<meta property=\"og:site_name\" content=\"Iha Race\" \/>\n<meta property=\"article:modified_time\" content=\"2024-08-29T09:21:06+00:00\" \/>\n<meta property=\"og:image\" content=\"https:\/\/iha-race.com\/wp-content\/uploads\/2023\/03\/3d7bc11ccb797415cbd42bbc8bff2fe8-dji-avata-sin-control-remoto.jpg.jpeg\" \/>\n\t<meta property=\"og:image:width\" content=\"1100\" \/>\n\t<meta property=\"og:image:height\" content=\"1422\" \/>\n\t<meta property=\"og:image:type\" content=\"image\/jpeg\" \/>\n<meta name=\"twitter:card\" content=\"summary_large_image\" \/>\n<meta name=\"twitter:label1\" content=\"Tempo di lettura stimato\" \/>\n\t<meta name=\"twitter:data1\" content=\"6 minuti\" \/>\n<script type=\"application\/ld+json\" class=\"yoast-schema-graph\">{\"@context\":\"https:\\\/\\\/schema.org\",\"@graph\":[{\"@type\":\"WebPage\",\"@id\":\"https:\\\/\\\/iha-race.com\\\/it\\\/prodotto\\\/dji-avata-senza-controllo-remoto-2\\\/\",\"url\":\"https:\\\/\\\/iha-race.com\\\/it\\\/prodotto\\\/dji-avata-senza-controllo-remoto-2\\\/\",\"name\":\"DJI Avata - (senza telecomando) - Iha Race\",\"isPartOf\":{\"@id\":\"https:\\\/\\\/iha-race.com\\\/it\\\/#website\"},\"primaryImageOfPage\":{\"@id\":\"https:\\\/\\\/iha-race.com\\\/it\\\/prodotto\\\/dji-avata-senza-controllo-remoto-2\\\/#primaryimage\"},\"image\":{\"@id\":\"https:\\\/\\\/iha-race.com\\\/it\\\/prodotto\\\/dji-avata-senza-controllo-remoto-2\\\/#primaryimage\"},\"thumbnailUrl\":\"https:\\\/\\\/iha-race.com\\\/wp-content\\\/uploads\\\/2023\\\/03\\\/3d7bc11ccb797415cbd42bbc8bff2fe8-dji-avata-sin-control-remoto.jpg.jpeg\",\"datePublished\":\"2023-03-13T16:51:48+00:00\",\"dateModified\":\"2024-08-29T09:21:06+00:00\",\"breadcrumb\":{\"@id\":\"https:\\\/\\\/iha-race.com\\\/it\\\/prodotto\\\/dji-avata-senza-controllo-remoto-2\\\/#breadcrumb\"},\"inLanguage\":\"it-IT\",\"potentialAction\":[{\"@type\":\"ReadAction\",\"target\":[\"https:\\\/\\\/iha-race.com\\\/it\\\/prodotto\\\/dji-avata-senza-controllo-remoto-2\\\/\"]}]},{\"@type\":\"ImageObject\",\"inLanguage\":\"it-IT\",\"@id\":\"https:\\\/\\\/iha-race.com\\\/it\\\/prodotto\\\/dji-avata-senza-controllo-remoto-2\\\/#primaryimage\",\"url\":\"https:\\\/\\\/iha-race.com\\\/wp-content\\\/uploads\\\/2023\\\/03\\\/3d7bc11ccb797415cbd42bbc8bff2fe8-dji-avata-sin-control-remoto.jpg.jpeg\",\"contentUrl\":\"https:\\\/\\\/iha-race.com\\\/wp-content\\\/uploads\\\/2023\\\/03\\\/3d7bc11ccb797415cbd42bbc8bff2fe8-dji-avata-sin-control-remoto.jpg.jpeg\",\"width\":1100,\"height\":1422},{\"@type\":\"BreadcrumbList\",\"@id\":\"https:\\\/\\\/iha-race.com\\\/it\\\/prodotto\\\/dji-avata-senza-controllo-remoto-2\\\/#breadcrumb\",\"itemListElement\":[{\"@type\":\"ListItem\",\"position\":1,\"name\":\"Portada\",\"item\":\"https:\\\/\\\/iha-race.com\\\/it\\\/\"},{\"@type\":\"ListItem\",\"position\":2,\"name\":\"Negozio\",\"item\":\"https:\\\/\\\/iha-race.com\\\/it\\\/negozio\\\/\"},{\"@type\":\"ListItem\",\"position\":3,\"name\":\"DJI Avata &#8211; (senza telecomando)\"}]},{\"@type\":\"WebSite\",\"@id\":\"https:\\\/\\\/iha-race.com\\\/it\\\/#website\",\"url\":\"https:\\\/\\\/iha-race.com\\\/it\\\/\",\"name\":\"Iha Race\",\"description\":\"Comprar drones de carreras FPV env\u00edos en un d\u00eda desde Espa\u00f1a\",\"publisher\":{\"@id\":\"https:\\\/\\\/iha-race.com\\\/it\\\/#organization\"},\"potentialAction\":[{\"@type\":\"SearchAction\",\"target\":{\"@type\":\"EntryPoint\",\"urlTemplate\":\"https:\\\/\\\/iha-race.com\\\/it\\\/?s={search_term_string}\"},\"query-input\":{\"@type\":\"PropertyValueSpecification\",\"valueRequired\":true,\"valueName\":\"search_term_string\"}}],\"inLanguage\":\"it-IT\"},{\"@type\":\"Organization\",\"@id\":\"https:\\\/\\\/iha-race.com\\\/it\\\/#organization\",\"name\":\"Iha Race\",\"url\":\"https:\\\/\\\/iha-race.com\\\/it\\\/\",\"logo\":{\"@type\":\"ImageObject\",\"inLanguage\":\"it-IT\",\"@id\":\"https:\\\/\\\/iha-race.com\\\/it\\\/#\\\/schema\\\/logo\\\/image\\\/\",\"url\":\"https:\\\/\\\/iha-race.com\\\/wp-content\\\/uploads\\\/2018\\\/07\\\/iha-race-drones-de-carreras-tienda-comprar-drones.png\",\"contentUrl\":\"https:\\\/\\\/iha-race.com\\\/wp-content\\\/uploads\\\/2018\\\/07\\\/iha-race-drones-de-carreras-tienda-comprar-drones.png\",\"width\":300,\"height\":100,\"caption\":\"Iha Race\"},\"image\":{\"@id\":\"https:\\\/\\\/iha-race.com\\\/it\\\/#\\\/schema\\\/logo\\\/image\\\/\"}}]}<\/script>\n<!-- \/ Yoast SEO plugin. -->","yoast_head_json":{"title":"DJI Avata - (senza telecomando) - Iha Race","robots":{"index":"index","follow":"follow","max-snippet":"max-snippet:-1","max-image-preview":"max-image-preview:large","max-video-preview":"max-video-preview:-1"},"canonical":"https:\/\/iha-race.com\/it\/prodotto\/dji-avata-senza-controllo-remoto-2\/","og_locale":"it_IT","og_type":"article","og_title":"DJI Avata - (senza telecomando) - Iha Race","og_description":"DJI Avata &#8211; (senza telecomando) Dotata di un sensore CMOS da 1\/1,7 pollici, Avata supporta la registrazione ultra-grandangolare 4K con un&#8217;apertura di f\/2,8. Unitamente a prestazioni d&#8217;immagine di alta qualit\u00e0,","og_url":"https:\/\/iha-race.com\/it\/prodotto\/dji-avata-senza-controllo-remoto-2\/","og_site_name":"Iha Race","article_modified_time":"2024-08-29T09:21:06+00:00","og_image":[{"width":1100,"height":1422,"url":"https:\/\/iha-race.com\/wp-content\/uploads\/2023\/03\/3d7bc11ccb797415cbd42bbc8bff2fe8-dji-avata-sin-control-remoto.jpg.jpeg","type":"image\/jpeg"}],"twitter_card":"summary_large_image","twitter_misc":{"Tempo di lettura stimato":"6 minuti"},"schema":{"@context":"https:\/\/schema.org","@graph":[{"@type":"WebPage","@id":"https:\/\/iha-race.com\/it\/prodotto\/dji-avata-senza-controllo-remoto-2\/","url":"https:\/\/iha-race.com\/it\/prodotto\/dji-avata-senza-controllo-remoto-2\/","name":"DJI Avata - (senza telecomando) - Iha Race","isPartOf":{"@id":"https:\/\/iha-race.com\/it\/#website"},"primaryImageOfPage":{"@id":"https:\/\/iha-race.com\/it\/prodotto\/dji-avata-senza-controllo-remoto-2\/#primaryimage"},"image":{"@id":"https:\/\/iha-race.com\/it\/prodotto\/dji-avata-senza-controllo-remoto-2\/#primaryimage"},"thumbnailUrl":"https:\/\/iha-race.com\/wp-content\/uploads\/2023\/03\/3d7bc11ccb797415cbd42bbc8bff2fe8-dji-avata-sin-control-remoto.jpg.jpeg","datePublished":"2023-03-13T16:51:48+00:00","dateModified":"2024-08-29T09:21:06+00:00","breadcrumb":{"@id":"https:\/\/iha-race.com\/it\/prodotto\/dji-avata-senza-controllo-remoto-2\/#breadcrumb"},"inLanguage":"it-IT","potentialAction":[{"@type":"ReadAction","target":["https:\/\/iha-race.com\/it\/prodotto\/dji-avata-senza-controllo-remoto-2\/"]}]},{"@type":"ImageObject","inLanguage":"it-IT","@id":"https:\/\/iha-race.com\/it\/prodotto\/dji-avata-senza-controllo-remoto-2\/#primaryimage","url":"https:\/\/iha-race.com\/wp-content\/uploads\/2023\/03\/3d7bc11ccb797415cbd42bbc8bff2fe8-dji-avata-sin-control-remoto.jpg.jpeg","contentUrl":"https:\/\/iha-race.com\/wp-content\/uploads\/2023\/03\/3d7bc11ccb797415cbd42bbc8bff2fe8-dji-avata-sin-control-remoto.jpg.jpeg","width":1100,"height":1422},{"@type":"BreadcrumbList","@id":"https:\/\/iha-race.com\/it\/prodotto\/dji-avata-senza-controllo-remoto-2\/#breadcrumb","itemListElement":[{"@type":"ListItem","position":1,"name":"Portada","item":"https:\/\/iha-race.com\/it\/"},{"@type":"ListItem","position":2,"name":"Negozio","item":"https:\/\/iha-race.com\/it\/negozio\/"},{"@type":"ListItem","position":3,"name":"DJI Avata &#8211; (senza telecomando)"}]},{"@type":"WebSite","@id":"https:\/\/iha-race.com\/it\/#website","url":"https:\/\/iha-race.com\/it\/","name":"Iha Race","description":"Comprar drones de carreras FPV env\u00edos en un d\u00eda desde Espa\u00f1a","publisher":{"@id":"https:\/\/iha-race.com\/it\/#organization"},"potentialAction":[{"@type":"SearchAction","target":{"@type":"EntryPoint","urlTemplate":"https:\/\/iha-race.com\/it\/?s={search_term_string}"},"query-input":{"@type":"PropertyValueSpecification","valueRequired":true,"valueName":"search_term_string"}}],"inLanguage":"it-IT"},{"@type":"Organization","@id":"https:\/\/iha-race.com\/it\/#organization","name":"Iha Race","url":"https:\/\/iha-race.com\/it\/","logo":{"@type":"ImageObject","inLanguage":"it-IT","@id":"https:\/\/iha-race.com\/it\/#\/schema\/logo\/image\/","url":"https:\/\/iha-race.com\/wp-content\/uploads\/2018\/07\/iha-race-drones-de-carreras-tienda-comprar-drones.png","contentUrl":"https:\/\/iha-race.com\/wp-content\/uploads\/2018\/07\/iha-race-drones-de-carreras-tienda-comprar-drones.png","width":300,"height":100,"caption":"Iha Race"},"image":{"@id":"https:\/\/iha-race.com\/it\/#\/schema\/logo\/image\/"}}]}},"jetpack_sharing_enabled":true,"brands":[],"_links":{"self":[{"href":"https:\/\/iha-race.com\/it\/wp-json\/wp\/v2\/product\/226480","targetHints":{"allow":["GET"]}}],"collection":[{"href":"https:\/\/iha-race.com\/it\/wp-json\/wp\/v2\/product"}],"about":[{"href":"https:\/\/iha-race.com\/it\/wp-json\/wp\/v2\/types\/product"}],"replies":[{"embeddable":true,"href":"https:\/\/iha-race.com\/it\/wp-json\/wp\/v2\/comments?post=226480"}],"version-history":[{"count":2,"href":"https:\/\/iha-race.com\/it\/wp-json\/wp\/v2\/product\/226480\/revisions"}],"predecessor-version":[{"id":248527,"href":"https:\/\/iha-race.com\/it\/wp-json\/wp\/v2\/product\/226480\/revisions\/248527"}],"wp:featuredmedia":[{"embeddable":true,"href":"https:\/\/iha-race.com\/it\/wp-json\/wp\/v2\/media\/226437"}],"wp:attachment":[{"href":"https:\/\/iha-race.com\/it\/wp-json\/wp\/v2\/media?parent=226480"}],"wp:term":[{"taxonomy":"pwb-brand","embeddable":true,"href":"https:\/\/iha-race.com\/it\/wp-json\/wp\/v2\/pwb-brand?post=226480"},{"taxonomy":"product_cat","embeddable":true,"href":"https:\/\/iha-race.com\/it\/wp-json\/wp\/v2\/product_cat?post=226480"},{"taxonomy":"product_tag","embeddable":true,"href":"https:\/\/iha-race.com\/it\/wp-json\/wp\/v2\/product_tag?post=226480"}],"curies":[{"name":"wp","href":"https:\/\/api.w.org\/{rel}","templated":true}]}}