{"id":225973,"date":"2023-02-28T18:54:38","date_gmt":"2023-02-28T17:54:38","guid":{"rendered":"https:\/\/iha-race.com\/producto\/drone-fpv-dji-combinato\/"},"modified":"2024-08-29T11:20:48","modified_gmt":"2024-08-29T09:20:48","slug":"dji-fpv-drone-combo-2","status":"publish","type":"product","link":"https:\/\/iha-race.com\/it\/prodotto\/dji-fpv-drone-combo-2\/","title":{"rendered":"Drone FPV DJI combinato"},"content":{"rendered":"<h1><strong>Drone FPV DJI combinato<\/strong><\/h1>\n<p><strong>Specifiche tecniche<\/strong><\/p>\n<table>\n<tbody>\n<tr>\n<td><strong>Fotocamera<\/strong><\/td>\n<td>Sensore<\/td>\n<td>CMOS da 1\/2,3&#8243; Pixel effettivi: 12 milioni<\/td>\n<\/tr>\n<tr>\n<td><\/td>\n<td>Obiettivo<\/td>\n<td>Campo visivo: 150\u00b0 Formato equivalente a 35 mm: 14,66 mm Apertura: f\/2,8 Modalit\u00e0 di messa a fuoco: Messa a fuoco fissa Campo di messa a fuoco: da 0,6 m a \u221e<\/td>\n<\/tr>\n<tr>\n<td><\/td>\n<td>ISO<\/td>\n<td>100-12800<\/td>\n<\/tr>\n<tr>\n<td><\/td>\n<td>Velocit\u00e0 dell&#8217;otturatore<\/td>\n<td>1\/50-1\/8000 s<\/td>\n<\/tr>\n<tr>\n<td><\/td>\n<td>Modalit\u00e0 di scatto<\/td>\n<td>Scatto singolo<\/td>\n<\/tr>\n<tr>\n<td><\/td>\n<td>Dimensione massima dell&#8217;immagine<\/td>\n<td>3840\u00d72160<\/td>\n<\/tr>\n<tr>\n<td><\/td>\n<td>Formati delle foto<\/td>\n<td>JPEG<\/td>\n<\/tr>\n<tr>\n<td><\/td>\n<td>Risoluzione video<\/td>\n<td>4K: 3840\u00d72160 @ 50\/60 fps FHD: 1920\u00d71080 @ 50\/60\/100\/120 fps<\/td>\n<\/tr>\n<tr>\n<td><\/td>\n<td>Formati video<\/td>\n<td>MP4\/MOV (H.264\/MPEG-4 AVC, H.265\/HEVC\uff09<\/td>\n<\/tr>\n<tr>\n<td><\/td>\n<td>Bitrate video massimo<\/td>\n<td>120 Mbps<\/td>\n<\/tr>\n<tr>\n<td><\/td>\n<td>Profilo colore<\/td>\n<td>Standard e D-Cinelike.<\/td>\n<\/tr>\n<tr>\n<td><\/td>\n<td>EIS RockSteady<\/td>\n<td>Disponibile<\/td>\n<\/tr>\n<tr>\n<td><\/td>\n<td>Correzione della distorsione<\/td>\n<td>Disponibile<\/td>\n<\/tr>\n<tr>\n<td><\/td>\n<td>Formati di file supportati<\/td>\n<td>exFAT (consigliato) FAT32<\/td>\n<\/tr>\n<\/tbody>\n<\/table>\n<p>&nbsp;<\/p>\n<table>\n<tbody>\n<tr>\n<td><strong>Stabilizzatori<\/strong><\/td>\n<td>Gamma meccanica<\/td>\n<td>Inclinazione: -65\u00b0 a 70\u00b0<\/td>\n<\/tr>\n<tr>\n<td><\/td>\n<td>Intervallo controllabile<\/td>\n<td>Inclinazione: -50\u00b0 a 58\u00b0<\/td>\n<\/tr>\n<tr>\n<td><\/td>\n<td>Stabilizzazione<\/td>\n<td>Stabilizzatore a 1 asse (inclinazione), asse di rotazione elettronico<\/td>\n<\/tr>\n<tr>\n<td><\/td>\n<td>Velocit\u00e0 massima di controllo<\/td>\n<td>60\u00b0\/s<\/td>\n<\/tr>\n<tr>\n<td><\/td>\n<td>Gamma di vibrazioni angolari<\/td>\n<td>\u00b10,01\u00b0 (modalit\u00e0 N)<\/td>\n<\/tr>\n<tr>\n<td><\/td>\n<td>Asse di rotazione elettronico<\/td>\n<td>Disponibile (pu\u00f2 stabilizzare il video quando l&#8217;aereo \u00e8 inclinato fino a 10\u00b0)<\/td>\n<\/tr>\n<\/tbody>\n<\/table>\n<p>&nbsp;<\/p>\n<table>\n<tbody>\n<tr>\n<td>Aereo<\/td>\n<td>Peso al decollo<\/td>\n<td>Circa. 795 g<\/td>\n<\/tr>\n<tr>\n<td><\/td>\n<td>Dimensioni<\/td>\n<td>255 \u00d7 312 \u00d7 127 mm (con eliche) 178 \u00d7 232 \u00d7 127 mm (senza eliche)<\/td>\n<\/tr>\n<tr>\n<td><\/td>\n<td>Distanza diagonale<\/td>\n<td>245 mm<\/td>\n<\/tr>\n<tr>\n<td><\/td>\n<td>Velocit\u00e0 massima di salita<\/td>\n<td>Modalit\u00e0 M: nessun limite &lt;br&gt;Modalit\u00e0 S: 15 m\/s &lt;br&gt;Modalit\u00e0 N: 8 m\/s<\/td>\n<\/tr>\n<tr>\n<td><\/td>\n<td>Velocit\u00e0 massima di discesa<\/td>\n<td>Modalit\u00e0 M: nessun limite &lt;br&gt;Modalit\u00e0 S: 10 m\/s &lt;br&gt;Modalit\u00e0 N: 5 m\/s<\/td>\n<\/tr>\n<tr>\n<td><\/td>\n<td>Velocit\u00e0 massima<\/td>\n<td>140 km\/h; Modalit\u00e0 M: 39 m\/s (27 m\/s nella Cina continentale) Modalit\u00e0 S: 27 m\/s Modalit\u00e0 N: 15 m\/s<\/td>\n<\/tr>\n<tr>\n<td><\/td>\n<td>Accelerazione massima<\/td>\n<td>0-100 km\/h: 2 s (in condizioni ideali quando si vola in modalit\u00e0 M)<\/td>\n<\/tr>\n<tr>\n<td><\/td>\n<td>Altitudine massima di servizio sul livello del mare<\/td>\n<td>6000 m<\/td>\n<\/tr>\n<tr>\n<td><\/td>\n<td>Tempo di volo massimo<\/td>\n<td>Circa. 20 min (misurato in volo a 40 km\/h e in assenza di vento)<\/td>\n<\/tr>\n<tr>\n<td><\/td>\n<td>Tempo massimo di volo da fermo<\/td>\n<td>Circa. 16 min (misurazione effettuata in assenza di vento)<\/td>\n<\/tr>\n<tr>\n<td><\/td>\n<td>Distanza massima di volo<\/td>\n<td>16,8 km (misurata senza vento)<\/td>\n<\/tr>\n<tr>\n<td><\/td>\n<td>Resistenza massima al vento<\/td>\n<td>39-49 km\/h (25-31 mi\/h)<\/td>\n<\/tr>\n<tr>\n<td><\/td>\n<td>Temperatura di esercizio<\/td>\n<td>Da -10 a 40 \u00b0C (da 14 a 104 \u00b0F)<\/td>\n<\/tr>\n<tr>\n<td><\/td>\n<td>Potenza del trasmettitore (EIRP)<\/td>\n<td>2,400-2,4835 GHz&lt;br&gt;  FCC: \u226431,5 dBm&lt;br&gt;EC: \u226420 dBm&lt;br&gt;SRRC: \u226420 dBm&lt;br&gt;MIC: \u226420 dBm FCC: \u226431,5 dBm&lt;br&gt;EC: \u226414 dBm&lt;br&gt;SRRC: \u226425,5 dBm<\/td>\n<\/tr>\n<tr>\n<td><\/td>\n<td>Numero di antenne<\/td>\n<td>Quattro<\/td>\n<\/tr>\n<tr>\n<td><\/td>\n<td>GNSS<\/td>\n<td>GPS + GLONASS + GALILEO<\/td>\n<\/tr>\n<tr>\n<td><\/td>\n<td>Campo di precisione in volo librato<\/td>\n<td>Verticale:&lt;br&gt;  \u00b10,1 m (con posizionamento visivo)&lt;br&gt;  \u00b10,5 m (con posizionamento GPS) Orizzontale:&lt;br&gt;  \u00b10,3 m (con posizionamento visivo)&lt;br&gt;  \u00b11,5 m (con posizionamento GPS)<\/td>\n<\/tr>\n<tr>\n<td><\/td>\n<td>Schede SD supportate<\/td>\n<td>microSD (fino a 256 GB)<\/td>\n<\/tr>\n<tr>\n<td><\/td>\n<td>Memoria interna<\/td>\n<td>N\/D<\/td>\n<\/tr>\n<\/tbody>\n<\/table>\n<p>&nbsp;<\/p>\n<table>\n<tbody>\n<tr>\n<td><strong>Sistema di rilevamento<\/strong><\/td>\n<td>In avanti<\/td>\n<td>Campo di misurazione preciso: 0,5-18 m Rilevamento ostacoli: disponibile solo in modalit\u00e0 N Campo visivo: 56\u00b0 (orizzontale), 71\u00b0 (verticale)<\/td>\n<\/tr>\n<tr>\n<td><\/td>\n<td>Inferiore (doppio sensore di visione + TOF)<\/td>\n<td>Altezza di rilevamento effettiva (ToF): 10 m Raggio di volo stazionario: 0,5-15 m Raggio di volo stazionario del sensore di visione: 0,5-30 m<\/td>\n<\/tr>\n<tr>\n<td><\/td>\n<td>Luce ausiliaria inferiore<\/td>\n<td>LED singolo<\/td>\n<\/tr>\n<tr>\n<td><\/td>\n<td>Ambiente operativo<\/td>\n<td>&lt;&gt; &gt; &gt;Si riferisce a una superficie riconoscibile e non riflettente br Riflettenza diffusa 20 % (ad es. muri, alberi, persone) Condizioni di illuminazione adeguate (lux 15 in condizioni normali con poca luce)<\/td>\n<\/tr>\n<\/tbody>\n<\/table>\n<p>&nbsp;<\/p>\n<table>\n<tbody>\n<tr>\n<td><strong>Caricabatterie<\/strong><\/td>\n<td>Ingresso<\/td>\n<td>100-240 V, 50\/60 Hz, 1,8 A<\/td>\n<\/tr>\n<tr>\n<td><\/td>\n<td>Potenza nominale in uscita<\/td>\n<td>Interfaccia di ricarica della batteria: 25,2 V \u00b1 0,1 V 3,57 A \u00b1 0,1 A (alta corrente)1 A \u00b1 0,2 A (bassa corrente) Porta USB: 5 V\/2 A (\u00d72)90W<\/td>\n<\/tr>\n<\/tbody>\n<\/table>\n<p>&nbsp;<\/p>\n<table>\n<tbody>\n<tr>\n<td><strong>Batteria di volo intelligente<\/strong><\/td>\n<td>Capacit\u00e0 della batteria<\/td>\n<td>2000 mAh<\/td>\n<\/tr>\n<tr>\n<td><\/td>\n<td>Tensione<\/td>\n<td>22.2 V<\/td>\n<\/tr>\n<tr>\n<td><\/td>\n<td>Tensione di carica massima<\/td>\n<td>25.2 V<\/td>\n<\/tr>\n<tr>\n<td><\/td>\n<td>Tipo di batteria<\/td>\n<td>LiPo 6S<\/td>\n<\/tr>\n<tr>\n<td><\/td>\n<td>Potenza<\/td>\n<td>44,4 Wh a 0,5C<\/td>\n<\/tr>\n<tr>\n<td><\/td>\n<td>Costante di scarica<\/td>\n<td>&lt;Standard: 10C br&gt;<\/td>\n<\/tr>\n<tr>\n<td><\/td>\n<td>Peso<\/td>\n<td>295 g<\/td>\n<\/tr>\n<tr>\n<td><\/td>\n<td>Temperatura di carica<\/td>\n<td>Da 5 a 40 \u00b0C (da 41 a 104 \u00b0F)<\/td>\n<\/tr>\n<tr>\n<td><\/td>\n<td>Potenza di carico massima<\/td>\n<td>90 W<\/td>\n<\/tr>\n<\/tbody>\n<\/table>\n<p>&nbsp;<\/p>\n<table>\n<tbody>\n<tr>\n<td><strong>Trasmissione video<\/strong><\/td>\n<td>Frequenza operativa<\/td>\n<td>&lt;&gt; 2,400-2,4835 GHz br 5,725-5,850 GHz<\/td>\n<\/tr>\n<tr>\n<td><\/td>\n<td>Larghezza di banda di comunicazione<\/td>\n<td>40 MHz (max.)<\/td>\n<\/tr>\n<tr>\n<td><\/td>\n<td>Modalit\u00e0 video live<\/td>\n<td>Modalit\u00e0 a bassa latenza: 810p\/120 fps \u226428 ms Modalit\u00e0 ad alta qualit\u00e0: 810p\/60 fps \u226440 ms<\/td>\n<\/tr>\n<tr>\n<td><\/td>\n<td>Bitrate video massimo<\/td>\n<td>50 Mbps<\/td>\n<\/tr>\n<tr>\n<td><\/td>\n<td>Portata di trasmissione<\/td>\n<td>10 km (FCC); 6 km (EC); 6 km (SRRC); 6 km (MIC)<\/td>\n<\/tr>\n<tr>\n<td><\/td>\n<td>Trasmissione audio<\/td>\n<td>S\u00ec<\/td>\n<\/tr>\n<\/tbody>\n<\/table>\n<p>&nbsp;<\/p>\n<table>\n<tbody>\n<tr>\n<td><strong>Occhiali FPV DJI V2<\/strong><\/td>\n<td>Peso<\/td>\n<td>Circa. 420 g (compresi archetto e antenne)<\/td>\n<\/tr>\n<tr>\n<td><\/td>\n<td>Dimensioni<\/td>\n<td>184 \u00d7 122 \u00d7 110 mm (antenne incluse) 202 \u00d7 126 \u00d7 110 mm (antenne escluse)<\/td>\n<\/tr>\n<tr>\n<td><\/td>\n<td>Dimensioni dello schermo<\/td>\n<td>2 pollici \u00d7 2<\/td>\n<\/tr>\n<tr>\n<td><\/td>\n<td>Frequenza di aggiornamento dello schermo<\/td>\n<td>144 Hz<\/td>\n<\/tr>\n<tr>\n<td><\/td>\n<td>Frequenza di comunicazione&lt;sup&gt;[1]&lt;\/sup&gt;<\/td>\n<td>&lt;&gt; 2,400-2,4835 GHz br 5,725-5,850 GHz<\/td>\n<\/tr>\n<tr>\n<td><\/td>\n<td>Potenza del trasmettitore (EIRP)<\/td>\n<td>2,400-2,4835 GHz&lt;br&gt;  FCC: \u226428,5 dBm&lt;br&gt;EC: \u226420 dBm&lt;br&gt;SRRC: \u226420 dBm&lt;br&gt;MIC: \u226420 dBm&lt;br&gt;&lt;br&gt;  5,725-5,850 GHz&lt;br&gt;  FCC: \u226431,5 dBm&lt;br&gt;EC: \u226414 dBm&lt;br&gt;SRRC: \u226419 dBm<\/td>\n<\/tr>\n<tr>\n<td><\/td>\n<td>Larghezza di banda di comunicazione<\/td>\n<td>40 MHz (max.)<\/td>\n<\/tr>\n<tr>\n<td><\/td>\n<td>Modalit\u00e0 video live<\/td>\n<td>&lt;&gt;&lt;&gt; Modalit\u00e0 a bassa latenza: 810p\/120 fps \u226428 ms* br Modalit\u00e0 ad alta qualit\u00e0: 810p\/60 fps \u226440 ms* br * Un campo visivo di 150\u00b0 \u00e8 disponibile quando si catturano immagini a 50 o 100 fps. Per altre frequenze di fotogrammi, il campo visivo sar\u00e0 di 142\u00b0.<\/td>\n<\/tr>\n<tr>\n<td><\/td>\n<td>Bitrate video massimo<\/td>\n<td>50 Mbps<\/td>\n<\/tr>\n<tr>\n<td><\/td>\n<td>Campo di trasmissione&lt;sup&gt;[2]&lt;\/sup&gt;<\/td>\n<td>10 km (FCC); 6 km (CE); 6 km (SRRC); 6 km (MIC)<\/td>\n<\/tr>\n<tr>\n<td><\/td>\n<td>Formato video<\/td>\n<td>MP4 (codec video: H.264)<\/td>\n<\/tr>\n<tr>\n<td><\/td>\n<td>Formati di riproduzione audio e video supportati<\/td>\n<td>MP4, MOV, MKV (formato video: H.264; formato audio: AAC-LC, AAC-HE, AC-3, MP3\uff09. &nbsp;<\/td>\n<\/tr>\n<tr>\n<td><\/td>\n<td>Temperatura di esercizio<\/td>\n<td>Da 0 a 40 \u00b0C (da 32 a 104 \u00b0F)<\/td>\n<\/tr>\n<tr>\n<td><\/td>\n<td>Potenza in ingresso<\/td>\n<td>Batterie specifiche per DJI Goggles o altre batterie 11.1.-25.2 V.<\/td>\n<\/tr>\n<tr>\n<td><\/td>\n<td>FOV<\/td>\n<td>Campo visivo: da 30\u00b0 a 54\u00b0; dimensione dell&#8217;immagine: 50-100 %.<\/td>\n<\/tr>\n<tr>\n<td><\/td>\n<td>Intervallo di distanza interpupillare<\/td>\n<td>58-70 mm<\/td>\n<\/tr>\n<tr>\n<td><\/td>\n<td>Schede microSD compatibili<\/td>\n<td>microSD (fino a 256 GB)<\/td>\n<\/tr>\n<\/tbody>\n<\/table>\n<p>&nbsp;<\/p>\n<table>\n<tbody>\n<tr>\n<td><strong>Batteria degli occhiali FPV DJI<\/strong><\/td>\n<td>Capacit\u00e0<\/td>\n<td>1800 mAh<\/td>\n<\/tr>\n<tr>\n<td><\/td>\n<td>Tensione<\/td>\n<td>9 V (massimo)<\/td>\n<\/tr>\n<tr>\n<td><\/td>\n<td>Tipo<\/td>\n<td>LiPo 2S<\/td>\n<\/tr>\n<tr>\n<td><\/td>\n<td>Energia<\/td>\n<td>18 Wh<\/td>\n<\/tr>\n<tr>\n<td><\/td>\n<td>Temperatura di carica<\/td>\n<td>Da 0 a 45 \u00b0C<\/td>\n<\/tr>\n<tr>\n<td><\/td>\n<td>Potenza di carico massima<\/td>\n<td>10 W<\/td>\n<\/tr>\n<tr>\n<td><\/td>\n<td>Durata della batteria<\/td>\n<td>Circa. 110 minuti (misurati in un ambiente di 25 \u00b0C al massimo livello di luminosit\u00e0)<\/td>\n<\/tr>\n<\/tbody>\n<\/table>\n<p>&nbsp;<\/p>\n<table>\n<tbody>\n<tr>\n<td><strong>Telecomando FPV DJI<\/strong><\/td>\n<td>Frequenza operativa<\/td>\n<td>&lt;&gt; 2.400-2.4835 GHz br 5.725-5.850 GHz<\/td>\n<\/tr>\n<tr>\n<td><\/td>\n<td>Potenza del trasmettitore (EIRP)<\/td>\n<td>2,400-2,4835 GHz&lt;br&gt;  FCC: \u226428,5 dBm&lt;br&gt;EC: \u226420 dBm&lt;br&gt;SRRC: \u226420 dBm&lt;br&gt;MIC: \u226420 dBm&lt;br&gt;&lt;br&gt;  5.725-5.850 GHz&lt;br&gt;  FCC: \u226431,5 dBm&lt;br&gt;EC: \u226414 dBm&lt;br&gt;SRRC: \u226419 dBm<\/td>\n<\/tr>\n<tr>\n<td><\/td>\n<td>Max. Gamma di trasmissione<\/td>\n<td>10 km (FCC); 6 km (CE); 6 km (SRRC); 6 km (MIC)<\/td>\n<\/tr>\n<tr>\n<td><\/td>\n<td>Dimensioni dello stabilizzatore<\/td>\n<td>190 \u00d7 140 \u00d7 51 mm<\/td>\n<\/tr>\n<tr>\n<td><\/td>\n<td>Peso<\/td>\n<td>346 g<\/td>\n<\/tr>\n<tr>\n<td><\/td>\n<td>Durata della batteria<\/td>\n<td>circa. 9 h<\/td>\n<\/tr>\n<tr>\n<td><\/td>\n<td>Tempo di ricarica<\/td>\n<td>2,5 ore<\/td>\n<\/tr>\n<\/tbody>\n<\/table>\n<p><img><\/p>\n<h2><strong>Il pacchetto comprende<\/strong><\/h2>\n<ul>\n<li>1 x DJI FPV Drone da corsa<\/li>\n<li>1 telecomando DJI<\/li>\n<li>1 X DJI FPV Occhiali V2<\/li>\n<li>8 X eliche (4XCW 4XCCW)<\/li>\n<\/ul>\n<p><img><\/p>\n","protected":false},"excerpt":{"rendered":"<p>Drone FPV DJI combinato Specifiche tecniche Fotocamera Sensore CMOS da 1\/2,3&#8243; Pixel effettivi: 12 milioni Obiettivo Campo visivo: 150\u00b0 Formato equivalente a 35 mm: 14,66 mm Apertura: f\/2,8 Modalit\u00e0 di<\/p>\n","protected":false},"featured_media":225790,"comment_status":"open","ping_status":"closed","template":"","meta":{"_joinchat":[]},"pwb-brand":[],"product_cat":[3329],"product_tag":[],"class_list":{"0":"post-225973","1":"product","2":"type-product","3":"status-publish","4":"has-post-thumbnail","6":"product_cat-dji-it","8":"first","9":"instock","10":"taxable","11":"shipping-taxable","12":"purchasable","13":"product-type-simple"},"barcode":null,"atum_controlled":true,"out_stock_date":null,"out_stock_threshold":null,"inheritable":false,"stock_on_hold":0,"sold_today":0,"sales_last_days":0,"out_stock_days":0,"lost_sales":0,"update_date":"2026-04-27T19:56:07","atum_locations":[],"atum_stock_status":"instock","restock_status":false,"low_stock_amount":"","sales_update_date":"2026-04-27T19:56:07","calc_backorders":null,"yoast_head":"<!-- This site is optimized with the Yoast SEO plugin v27.3 - https:\/\/yoast.com\/product\/yoast-seo-wordpress\/ -->\n<title>Drone FPV DJI combinato - Iha Race<\/title>\n<meta name=\"robots\" content=\"index, follow, max-snippet:-1, max-image-preview:large, max-video-preview:-1\" \/>\n<link rel=\"canonical\" href=\"https:\/\/iha-race.com\/it\/prodotto\/dji-fpv-drone-combo-2\/\" \/>\n<meta property=\"og:locale\" content=\"it_IT\" \/>\n<meta property=\"og:type\" content=\"article\" \/>\n<meta property=\"og:title\" content=\"Drone FPV DJI combinato - Iha Race\" \/>\n<meta property=\"og:description\" content=\"Drone FPV DJI combinato Specifiche tecniche Fotocamera Sensore CMOS da 1\/2,3&#8243; Pixel effettivi: 12 milioni Obiettivo Campo visivo: 150\u00b0 Formato equivalente a 35 mm: 14,66 mm Apertura: f\/2,8 Modalit\u00e0 di\" \/>\n<meta property=\"og:url\" content=\"https:\/\/iha-race.com\/it\/prodotto\/dji-fpv-drone-combo-2\/\" \/>\n<meta property=\"og:site_name\" content=\"Iha Race\" \/>\n<meta property=\"article:modified_time\" content=\"2024-08-29T09:20:48+00:00\" \/>\n<meta property=\"og:image\" content=\"https:\/\/iha-race.com\/wp-content\/uploads\/2023\/02\/c2e36a200eabe2c73d6c504ac4dd4d8d-dji-fpv-drone-combo.jpg-1.png\" \/>\n\t<meta property=\"og:image:width\" content=\"1100\" \/>\n\t<meta property=\"og:image:height\" content=\"1422\" \/>\n\t<meta property=\"og:image:type\" content=\"image\/png\" \/>\n<meta name=\"twitter:card\" content=\"summary_large_image\" \/>\n<meta name=\"twitter:label1\" content=\"Tempo di lettura stimato\" \/>\n\t<meta name=\"twitter:data1\" content=\"5 minuti\" \/>\n<script type=\"application\/ld+json\" class=\"yoast-schema-graph\">{\"@context\":\"https:\\\/\\\/schema.org\",\"@graph\":[{\"@type\":\"WebPage\",\"@id\":\"https:\\\/\\\/iha-race.com\\\/it\\\/prodotto\\\/dji-fpv-drone-combo-2\\\/\",\"url\":\"https:\\\/\\\/iha-race.com\\\/it\\\/prodotto\\\/dji-fpv-drone-combo-2\\\/\",\"name\":\"Drone FPV DJI combinato - Iha Race\",\"isPartOf\":{\"@id\":\"https:\\\/\\\/iha-race.com\\\/it\\\/#website\"},\"primaryImageOfPage\":{\"@id\":\"https:\\\/\\\/iha-race.com\\\/it\\\/prodotto\\\/dji-fpv-drone-combo-2\\\/#primaryimage\"},\"image\":{\"@id\":\"https:\\\/\\\/iha-race.com\\\/it\\\/prodotto\\\/dji-fpv-drone-combo-2\\\/#primaryimage\"},\"thumbnailUrl\":\"https:\\\/\\\/iha-race.com\\\/wp-content\\\/uploads\\\/2023\\\/02\\\/c2e36a200eabe2c73d6c504ac4dd4d8d-dji-fpv-drone-combo.jpg-1.png\",\"datePublished\":\"2023-02-28T17:54:38+00:00\",\"dateModified\":\"2024-08-29T09:20:48+00:00\",\"breadcrumb\":{\"@id\":\"https:\\\/\\\/iha-race.com\\\/it\\\/prodotto\\\/dji-fpv-drone-combo-2\\\/#breadcrumb\"},\"inLanguage\":\"it-IT\",\"potentialAction\":[{\"@type\":\"ReadAction\",\"target\":[\"https:\\\/\\\/iha-race.com\\\/it\\\/prodotto\\\/dji-fpv-drone-combo-2\\\/\"]}]},{\"@type\":\"ImageObject\",\"inLanguage\":\"it-IT\",\"@id\":\"https:\\\/\\\/iha-race.com\\\/it\\\/prodotto\\\/dji-fpv-drone-combo-2\\\/#primaryimage\",\"url\":\"https:\\\/\\\/iha-race.com\\\/wp-content\\\/uploads\\\/2023\\\/02\\\/c2e36a200eabe2c73d6c504ac4dd4d8d-dji-fpv-drone-combo.jpg-1.png\",\"contentUrl\":\"https:\\\/\\\/iha-race.com\\\/wp-content\\\/uploads\\\/2023\\\/02\\\/c2e36a200eabe2c73d6c504ac4dd4d8d-dji-fpv-drone-combo.jpg-1.png\",\"width\":1100,\"height\":1422},{\"@type\":\"BreadcrumbList\",\"@id\":\"https:\\\/\\\/iha-race.com\\\/it\\\/prodotto\\\/dji-fpv-drone-combo-2\\\/#breadcrumb\",\"itemListElement\":[{\"@type\":\"ListItem\",\"position\":1,\"name\":\"Portada\",\"item\":\"https:\\\/\\\/iha-race.com\\\/it\\\/\"},{\"@type\":\"ListItem\",\"position\":2,\"name\":\"Negozio\",\"item\":\"https:\\\/\\\/iha-race.com\\\/it\\\/negozio\\\/\"},{\"@type\":\"ListItem\",\"position\":3,\"name\":\"Drone FPV DJI combinato\"}]},{\"@type\":\"WebSite\",\"@id\":\"https:\\\/\\\/iha-race.com\\\/it\\\/#website\",\"url\":\"https:\\\/\\\/iha-race.com\\\/it\\\/\",\"name\":\"Iha Race\",\"description\":\"Comprar drones de carreras FPV env\u00edos en un d\u00eda desde Espa\u00f1a\",\"publisher\":{\"@id\":\"https:\\\/\\\/iha-race.com\\\/it\\\/#organization\"},\"potentialAction\":[{\"@type\":\"SearchAction\",\"target\":{\"@type\":\"EntryPoint\",\"urlTemplate\":\"https:\\\/\\\/iha-race.com\\\/it\\\/?s={search_term_string}\"},\"query-input\":{\"@type\":\"PropertyValueSpecification\",\"valueRequired\":true,\"valueName\":\"search_term_string\"}}],\"inLanguage\":\"it-IT\"},{\"@type\":\"Organization\",\"@id\":\"https:\\\/\\\/iha-race.com\\\/it\\\/#organization\",\"name\":\"Iha Race\",\"url\":\"https:\\\/\\\/iha-race.com\\\/it\\\/\",\"logo\":{\"@type\":\"ImageObject\",\"inLanguage\":\"it-IT\",\"@id\":\"https:\\\/\\\/iha-race.com\\\/it\\\/#\\\/schema\\\/logo\\\/image\\\/\",\"url\":\"https:\\\/\\\/iha-race.com\\\/wp-content\\\/uploads\\\/2018\\\/07\\\/iha-race-drones-de-carreras-tienda-comprar-drones.png\",\"contentUrl\":\"https:\\\/\\\/iha-race.com\\\/wp-content\\\/uploads\\\/2018\\\/07\\\/iha-race-drones-de-carreras-tienda-comprar-drones.png\",\"width\":300,\"height\":100,\"caption\":\"Iha Race\"},\"image\":{\"@id\":\"https:\\\/\\\/iha-race.com\\\/it\\\/#\\\/schema\\\/logo\\\/image\\\/\"}}]}<\/script>\n<!-- \/ Yoast SEO plugin. -->","yoast_head_json":{"title":"Drone FPV DJI combinato - Iha Race","robots":{"index":"index","follow":"follow","max-snippet":"max-snippet:-1","max-image-preview":"max-image-preview:large","max-video-preview":"max-video-preview:-1"},"canonical":"https:\/\/iha-race.com\/it\/prodotto\/dji-fpv-drone-combo-2\/","og_locale":"it_IT","og_type":"article","og_title":"Drone FPV DJI combinato - Iha Race","og_description":"Drone FPV DJI combinato Specifiche tecniche Fotocamera Sensore CMOS da 1\/2,3&#8243; Pixel effettivi: 12 milioni Obiettivo Campo visivo: 150\u00b0 Formato equivalente a 35 mm: 14,66 mm Apertura: f\/2,8 Modalit\u00e0 di","og_url":"https:\/\/iha-race.com\/it\/prodotto\/dji-fpv-drone-combo-2\/","og_site_name":"Iha Race","article_modified_time":"2024-08-29T09:20:48+00:00","og_image":[{"width":1100,"height":1422,"url":"https:\/\/iha-race.com\/wp-content\/uploads\/2023\/02\/c2e36a200eabe2c73d6c504ac4dd4d8d-dji-fpv-drone-combo.jpg-1.png","type":"image\/png"}],"twitter_card":"summary_large_image","twitter_misc":{"Tempo di lettura stimato":"5 minuti"},"schema":{"@context":"https:\/\/schema.org","@graph":[{"@type":"WebPage","@id":"https:\/\/iha-race.com\/it\/prodotto\/dji-fpv-drone-combo-2\/","url":"https:\/\/iha-race.com\/it\/prodotto\/dji-fpv-drone-combo-2\/","name":"Drone FPV DJI combinato - Iha Race","isPartOf":{"@id":"https:\/\/iha-race.com\/it\/#website"},"primaryImageOfPage":{"@id":"https:\/\/iha-race.com\/it\/prodotto\/dji-fpv-drone-combo-2\/#primaryimage"},"image":{"@id":"https:\/\/iha-race.com\/it\/prodotto\/dji-fpv-drone-combo-2\/#primaryimage"},"thumbnailUrl":"https:\/\/iha-race.com\/wp-content\/uploads\/2023\/02\/c2e36a200eabe2c73d6c504ac4dd4d8d-dji-fpv-drone-combo.jpg-1.png","datePublished":"2023-02-28T17:54:38+00:00","dateModified":"2024-08-29T09:20:48+00:00","breadcrumb":{"@id":"https:\/\/iha-race.com\/it\/prodotto\/dji-fpv-drone-combo-2\/#breadcrumb"},"inLanguage":"it-IT","potentialAction":[{"@type":"ReadAction","target":["https:\/\/iha-race.com\/it\/prodotto\/dji-fpv-drone-combo-2\/"]}]},{"@type":"ImageObject","inLanguage":"it-IT","@id":"https:\/\/iha-race.com\/it\/prodotto\/dji-fpv-drone-combo-2\/#primaryimage","url":"https:\/\/iha-race.com\/wp-content\/uploads\/2023\/02\/c2e36a200eabe2c73d6c504ac4dd4d8d-dji-fpv-drone-combo.jpg-1.png","contentUrl":"https:\/\/iha-race.com\/wp-content\/uploads\/2023\/02\/c2e36a200eabe2c73d6c504ac4dd4d8d-dji-fpv-drone-combo.jpg-1.png","width":1100,"height":1422},{"@type":"BreadcrumbList","@id":"https:\/\/iha-race.com\/it\/prodotto\/dji-fpv-drone-combo-2\/#breadcrumb","itemListElement":[{"@type":"ListItem","position":1,"name":"Portada","item":"https:\/\/iha-race.com\/it\/"},{"@type":"ListItem","position":2,"name":"Negozio","item":"https:\/\/iha-race.com\/it\/negozio\/"},{"@type":"ListItem","position":3,"name":"Drone FPV DJI combinato"}]},{"@type":"WebSite","@id":"https:\/\/iha-race.com\/it\/#website","url":"https:\/\/iha-race.com\/it\/","name":"Iha Race","description":"Comprar drones de carreras FPV env\u00edos en un d\u00eda desde Espa\u00f1a","publisher":{"@id":"https:\/\/iha-race.com\/it\/#organization"},"potentialAction":[{"@type":"SearchAction","target":{"@type":"EntryPoint","urlTemplate":"https:\/\/iha-race.com\/it\/?s={search_term_string}"},"query-input":{"@type":"PropertyValueSpecification","valueRequired":true,"valueName":"search_term_string"}}],"inLanguage":"it-IT"},{"@type":"Organization","@id":"https:\/\/iha-race.com\/it\/#organization","name":"Iha Race","url":"https:\/\/iha-race.com\/it\/","logo":{"@type":"ImageObject","inLanguage":"it-IT","@id":"https:\/\/iha-race.com\/it\/#\/schema\/logo\/image\/","url":"https:\/\/iha-race.com\/wp-content\/uploads\/2018\/07\/iha-race-drones-de-carreras-tienda-comprar-drones.png","contentUrl":"https:\/\/iha-race.com\/wp-content\/uploads\/2018\/07\/iha-race-drones-de-carreras-tienda-comprar-drones.png","width":300,"height":100,"caption":"Iha Race"},"image":{"@id":"https:\/\/iha-race.com\/it\/#\/schema\/logo\/image\/"}}]}},"jetpack_sharing_enabled":true,"brands":[],"_links":{"self":[{"href":"https:\/\/iha-race.com\/it\/wp-json\/wp\/v2\/product\/225973","targetHints":{"allow":["GET"]}}],"collection":[{"href":"https:\/\/iha-race.com\/it\/wp-json\/wp\/v2\/product"}],"about":[{"href":"https:\/\/iha-race.com\/it\/wp-json\/wp\/v2\/types\/product"}],"replies":[{"embeddable":true,"href":"https:\/\/iha-race.com\/it\/wp-json\/wp\/v2\/comments?post=225973"}],"version-history":[{"count":1,"href":"https:\/\/iha-race.com\/it\/wp-json\/wp\/v2\/product\/225973\/revisions"}],"predecessor-version":[{"id":248513,"href":"https:\/\/iha-race.com\/it\/wp-json\/wp\/v2\/product\/225973\/revisions\/248513"}],"wp:featuredmedia":[{"embeddable":true,"href":"https:\/\/iha-race.com\/it\/wp-json\/wp\/v2\/media\/225790"}],"wp:attachment":[{"href":"https:\/\/iha-race.com\/it\/wp-json\/wp\/v2\/media?parent=225973"}],"wp:term":[{"taxonomy":"pwb-brand","embeddable":true,"href":"https:\/\/iha-race.com\/it\/wp-json\/wp\/v2\/pwb-brand?post=225973"},{"taxonomy":"product_cat","embeddable":true,"href":"https:\/\/iha-race.com\/it\/wp-json\/wp\/v2\/product_cat?post=225973"},{"taxonomy":"product_tag","embeddable":true,"href":"https:\/\/iha-race.com\/it\/wp-json\/wp\/v2\/product_tag?post=225973"}],"curies":[{"name":"wp","href":"https:\/\/api.w.org\/{rel}","templated":true}]}}