{"id":224823,"date":"2023-02-21T19:21:23","date_gmt":"2023-02-21T18:21:23","guid":{"rendered":"https:\/\/iha-race.com\/producto\/radiocomando-boxer-m2-4-in-1-e-elrs\/"},"modified":"2025-03-06T14:08:09","modified_gmt":"2025-03-06T13:08:09","slug":"radio-boxer-m2-4-in-1-e-elrs-controller","status":"publish","type":"product","link":"https:\/\/iha-race.com\/it\/prodotto\/radio-boxer-m2-4-in-1-e-elrs-controller\/","title":{"rendered":"Radiomaster Boxer M2 Trasmettitore radio (4 in 1 e ELRS)"},"content":{"rendered":"<h2>Radiomaster Boxer M2 Trasmettitore radio (4 in 1 e ELRS)<\/h2>\n<p>  La perfetta combinazione di dimensioni ed ergonomia rende il BOXER la scelta ideale per i piloti in movimento. Grazie ai bracciali lounge full-size per un controllo preciso e a una disposizione intuitiva dei pulsanti, il BOXER vi offre una radio compatta senza compromettere il comfort e le funzioni.  &nbsp;<\/p>\n<p><img decoding=\"async\" src=\"https:\/\/cdn.shopify.com\/s\/files\/1\/0609\/8324\/7079\/files\/Boxer-Details-Page-EN-PC_01_1024x1024.jpg?v=1669107618\" alt=\"\"><\/p>\n<h2>Video di lancio<\/h2>\n<div class=\"video-wrapper\"><iframe title=\"lettore video youtube\" src=\"https:\/\/www.youtube.com\/embed\/7NCR-KLOfSc\" width=\"560\" height=\"315\" frameborder=\"0\" allowfullscreen=\"allowfullscreen\" data-mce-fragment=\"1\"><\/iframe><\/div>\n<h2>Caratteristiche<\/h2>\n<ul>\n<li>Disponibile con moduli RF integrati ExpressLRS o 4-in-1\/CC2500 MPM<\/li>\n<li>Con un potente processore STM32VGT6 con 1 MB di RAM<\/li>\n<li>Firmware EdgeTX preinstallato<\/li>\n<li>Modulo ELRS interno con capacit\u00e0 di aggiornamento a 1000 Hz<\/li>\n<li>Uscita RF ELRS regolabile (30dBm max FCC o 20dBm max EU LBT)<\/li>\n<li>Solo versione 4-in-1 o CC2500 con capacit\u00e0 di uscita RF fino a 20 dBm<\/li>\n<li>Supporto per la ricarica rapida QC3.0 2.0A MAX<\/li>\n<li>Design compatto e ottima ergonomia<\/li>\n<li>Nuovo interruttore di interblocco SE a basso profilo e interruttore momentaneo SF<\/li>\n<li>Vano batteria maggiorato: spazio per un pacco 2S da 6200 mAh, fino a 20 ore di autonomia (batterie non incluse)<\/li>\n<li>Denti cardanici full-size a effetto Hall V4.0 di serie, aggiornabili con denti cardanici a effetto Hall AG01 CNC<\/li>\n<li>Vano per modulo JR standard<\/li>\n<li>Ventola interna di raffreddamento del modulo integrata (versione ELRS)<\/li>\n<li>Il design standardizzato dei pulsanti di RadioMaster<\/li>\n<li>Interruttore versatile a 6 posizioni per accedere alla modalit\u00e0 di volo<\/li>\n<li>Antenna a T regolabile e rimovibile<\/li>\n<li>Il primo manico in tessuto del settore per una maggiore portabilit\u00e0<\/li>\n<li>Impugnature ergonomiche intercambiabili<\/li>\n<li>Slot per schede SD ridisegnato con scheda SD precaricata in dotazione<\/li>\n<li>Slot per l&#8217;alimentazione del modulo esterno nel coperchio della batteria<\/li>\n<li>L&#8217;esclusiva custodia per il trasporto e la protezione cardanica di RadioMaster sono incluse di serie per garantire la sicurezza della radio durante gli spostamenti.<\/li>\n<\/ul>\n<h2>Specifiche tecniche<\/h2>\n<ul>\n<li>Articolo: BOXEADOR Radio<\/li>\n<li>Dimensioni: 235*178*77 mm<\/li>\n<li>Peso: 532,5 g<\/li>\n<li>Frequenza: 2.400GHz-2.480GHz<\/li>\n<li>Opzioni RF interne: CC2500 multiprotocollo\/4 in 1 multiprotocollo\/ELRS 2,4 GHz<\/li>\n<li>Protocolli supportati: Dipende dal modulo<\/li>\n<li>Potenza di trasmissione CC2500 e 4IN1: max 20dBm<\/li>\n<li>Potenza di trasmissione ExpressLRS: max 30dBm (internazionale) \/ max 20dBm (EU LBT)<\/li>\n<li>Ventola di raffreddamento: integrata (versione ELRS)<\/li>\n<li>Intervallo di tensione: 6,6-8,4 V CC<\/li>\n<li>Firmware radio: EdgeTX (trasmettitore)\/multimodulo (modulo RF)\/ELRS<\/li>\n<li>Canali: Max 16 canali (a seconda del ricevitore)<\/li>\n<li>Batteria: 2 celle ai polimeri di litio da 7,4 V \/ due celle agli ioni di litio da 3,7 V 18650 (batterie non incluse)<\/li>\n<li>Display: display LCD monocromatico 128*64<\/li>\n<li>Gimbal: gimbal Hall 4.0 ad alta precisione di serie (AG01 opzionale)<\/li>\n<li>Modulo esterno: compatibile con JR\/FrSKY\/Crossfire<\/li>\n<li>Metodo di aggiornamento: scheda USB\/SD e software PC EdgeTX Companion<\/li>\n<\/ul>\n<h2>Sistema operativo EdgeTX<\/h2>\n<p>  Preinstallato con EdgeTX, il BOXER dispone di un software all&#8217;avanguardia adatto al suo hardware leader di categoria. RadioMaster lavora a stretto contatto con il team EdgeTX per sviluppare funzionalit\u00e0 e ottimizzare l&#8217;esperienza dell&#8217;utente. Continueremo a contribuire e a sostenere progetti come EdgeTX, assicurando che i concetti di standard aperti vengano portati avanti.  &nbsp;<\/p>\n<p><img decoding=\"async\" style=\"font-size: 1.4em;\" src=\"https:\/\/cdn.shopify.com\/s\/files\/1\/0609\/8324\/7079\/files\/Boxer-Details-Page-EN-PC_03_1024x1024.jpg?v=1669107862\" alt=\"\"><\/p>\n<h2>Disponibile con ExpressLRS e la versione 4in1\/CC2500<\/h2>\n<p>  Oltre al popolare multimodulo interno 4-in-1 (CC2500, NRF24L01, A7105 e CYRF6936) e alla versione solo CC2500, il BOXER \u00e8 ora disponibile anche con un ExpressLRS (modulo ELRS) interno ad alta potenza, raffreddato a ventola, da 1 W a 2,4 GHz. Progettato per fornire un controllo affidabile a lunga distanza, una latenza minima e un&#8217;elevata frequenza di aggiornamento. L&#8217;ELRS \u00e8 un rivoluzionario protocollo open source che sta conquistando il settore R\/C.  <img decoding=\"async\" src=\"https:\/\/cdn.shopify.com\/s\/files\/1\/0609\/8324\/7079\/files\/Boxer-Details-Page-EN-PC_02_1024x1024.jpg?v=1669107878\" alt=\"\"><\/p>\n<h2>Disponibile versione FCC e versione EU LBT<\/h2>\n<p>  Attualmente offriamo la versione standard FCC e la versione EU LBT. Vedi i protocolli supportati di seguito.  <strong>Versione standard FCC<\/strong><\/p>\n<ul>\n<li>La versione CC2500 (FCC) supporta tutti i protocolli CC2500.<\/li>\n<li>La versione 4in1 (FCC) supporta tutti i protocolli MPM.<\/li>\n<li>ELRS (FCC) \u00e8 preinstallato con ExpressLRS ISM FW (la potenza massima dipende dall&#8217;hardware).<\/li>\n<\/ul>\n<p><strong>Versione LBT UE<\/strong><\/p>\n<article class=\"4ever-article\" data-clipboard-cangjie=\"[\"root\",{\"copyFrom\":641913426},[\"p\",{\"uuid\":\"lbefvbppx7irrffqrzn\",\"list\":{\"listId\":\"8ryyjn7ww1j\",\"level\":0,\"isOrdered\":false,\"isTaskList\":false,\"listStyleType\":\"SCIR_ECIR_SREC\",\"symbolStyle\":{},\"listStyle\":{\"format\":\"bullet\",\"text\":\"\u25cf\",\"align\":\"left\"},\"hideSymbol\":false},\"ind\":{\"left\":0}},[\"span\",{\"data-type\":\"text\"},[\"span\",{\"data-type\":\"leaf\"},\"CC2500 LBT Version (Europe) is limited to LBT compliant protocols FrSKY X\/X2 LBT &amp; HoTT LBT\"]]],[\"p\",{\"uuid\":\"lbefvbppx455b3zl7f\",\"list\":{\"listId\":\"8ryyjn7ww1j\",\"level\":0,\"isOrdered\":false,\"isTaskList\":false,\"listStyleType\":\"SCIR_ECIR_SREC\",\"symbolStyle\":{},\"listStyle\":{\"format\":\"bullet\",\"text\":\"\u25cf\",\"align\":\"left\"},\"hideSymbol\":false},\"ind\":{\"left\":0}},[\"span\",{\"data-type\":\"text\"},[\"span\",{\"data-type\":\"leaf\"},\"4in1 LBT Version (Europe) is limited to LBT compliant protocols FrSKY X\/X2 LBT, HoTT LBT and DSMX\"]]],[\"p\",{\"uuid\":\"lbefvbpp9z14n32bn75\",\"list\":{\"listId\":\"8ryyjn7ww1j\",\"level\":0,\"isOrdered\":false,\"isTaskList\":false,\"listStyleType\":\"SCIR_ECIR_SREC\",\"symbolStyle\":{},\"listStyle\":{\"format\":\"bullet\",\"text\":\"\u25cf\",\"align\":\"left\"},\"hideSymbol\":false},\"ind\":{\"left\":0}},[\"span\",{\"data-type\":\"text\"},[\"span\",{\"data-type\":\"leaf\"},\"ELRS LBT (Europe) Version is pre-installed with ExpressLRS CE EU domain LBT FW (Limited to 100mw power output)\"]]]]\" data-identifier-application__slash__x-cangjie-fragment=\"JTdCJTIya2xhc3MlMjIlM0ElMjJkb2N1bWVudCUyMiUyQyUyMmRhdGElMjIlM0ElN0IlN0QlMkMlMjJub2RlcyUyMiUzQSU1QiU3QiUyMmtsYXNzJTIyJTNBJTIyYmxvY2slMjIlMkMlMjJ0eXBlJTIyJTNBJTIycGFyYWdyYXBoJTIyJTJDJTIyZGF0YSUyMiUzQSU3QiUyMnV1aWQlMjIlM0ElMjJsYmVmdmJwcHg3aXJyZmZxcnpuJTIyJTJDJTIybGlzdCUyMiUzQSU3QiUyMmxpc3RJZCUyMiUzQSUyMjhyeXlqbjd3dzFqJTIyJTJDJTIybGV2ZWwlMjIlM0EwJTJDJTIyaXNPcmRlcmVkJTIyJTNBZmFsc2UlMkMlMjJpc1Rhc2tMaXN0JTIyJTNBZmFsc2UlMkMlMjJsaXN0U3R5bGVUeXBlJTIyJTNBJTIyU0NJUl9FQ0lSX1NSRUMlMjIlMkMlMjJzeW1ib2xTdHlsZSUyMiUzQSU3QiU3RCUyQyUyMmxpc3RTdHlsZSUyMiUzQSU3QiUyMmZvcm1hdCUyMiUzQSUyMmJ1bGxldCUyMiUyQyUyMnRleHQlMjIlM0ElMjIlRTIlOTclOEYlMjIlMkMlMjJhbGlnbiUyMiUzQSUyMmxlZnQlMjIlN0QlMkMlMjJoaWRlU3ltYm9sJTIyJTNBZmFsc2UlN0QlMkMlMjJpbmQlMjIlM0ElN0IlMjJsZWZ0JTIyJTNBMCU3RCU3RCUyQyUyMm5vZGVzJTIyJTNBJTVCJTdCJTIya2xhc3MlMjIlM0ElMjJ0ZXh0JTIyJTJDJTIybGVhdmVzJTIyJTNBJTVCJTdCJTIya2xhc3MlMjIlM0ElMjJsZWFmJTIyJTJDJTIydGV4dCUyMiUzQSUyMkNDMjUwMCUyMExCVCUyMFZlcnNpb24lMjAoRXVyb3BlKSUyMGlzJTIwbGltaXRlZCUyMHRvJTIwTEJUJTIwY29tcGxpYW50JTIwcHJvdG9jb2xzJTIwRnJTS1klMjBYJTJGWDIlMjBMQlQlMjAlMjYlMjBIb1RUJTIwTEJUJTIyJTJDJTIybWFya3MlMjIlM0ElNUIlNUQlN0QlNUQlN0QlNUQlN0QlMkMlN0IlMjJrbGFzcyUyMiUzQSUyMmJsb2NrJTIyJTJDJTIydHlwZSUyMiUzQSUyMnBhcmFncmFwaCUyMiUyQyUyMmRhdGElMjIlM0ElN0IlMjJ1dWlkJTIyJTNBJTIybGJlZnZicHB4NDU1YjN6bDdmJTIyJTJDJTIybGlzdCUyMiUzQSU3QiUyMmxpc3RJZCUyMiUzQSUyMjhyeXlqbjd3dzFqJTIyJTJDJTIybGV2ZWwlMjIlM0EwJTJDJTIyaXNPcmRlcmVkJTIyJTNBZmFsc2UlMkMlMjJpc1Rhc2tMaXN0JTIyJTNBZmFsc2UlMkMlMjJsaXN0U3R5bGVUeXBlJTIyJTNBJTIyU0NJUl9FQ0lSX1NSRUMlMjIlMkMlMjJzeW1ib2xTdHlsZSUyMiUzQSU3QiU3RCUyQyUyMmxpc3RTdHlsZSUyMiUzQSU3QiUyMmZvcm1hdCUyMiUzQSUyMmJ1bGxldCUyMiUyQyUyMnRleHQlMjIlM0ElMjIlRTIlOTclOEYlMjIlMkMlMjJhbGlnbiUyMiUzQSUyMmxlZnQlMjIlN0QlMkMlMjJoaWRlU3ltYm9sJTIyJTNBZmFsc2UlN0QlMkMlMjJpbmQlMjIlM0ElN0IlMjJsZWZ0JTIyJTNBMCU3RCU3RCUyQyUyMm5vZGVzJTIyJTNBJTVCJTdCJTIya2xhc3MlMjIlM0ElMjJ0ZXh0JTIyJTJDJTIybGVhdmVzJTIyJTNBJTVCJTdCJTIya2xhc3MlMjIlM0ElMjJsZWFmJTIyJTJDJTIydGV4dCUyMiUzQSUyMjRpbjElMjBMQlQlMjBWZXJzaW9uJTIwKEV1cm9wZSklMjAlMjBpcyUyMGxpbWl0ZWQlMjB0byUyMExCVCUyMGNvbXBsaWFudCUyMHByb3RvY29scyUyMEZyU0tZJTIwWCUyRlgyJTIwTEJUJTJDJTIwSG9UVCUyMExCVCUyMGFuZCUyMERTTVglMjIlMkMlMjJtYXJrcyUyMiUzQSU1QiU1RCU3RCU1RCU3RCU1RCU3RCUyQyU3QiUyMmtsYXNzJTIyJTNBJTIyYmxvY2slMjIlMkMlMjJ0eXBlJTIyJTNBJTIycGFyYWdyYXBoJTIyJTJDJTIyZGF0YSUyMiUzQSU3QiUyMnV1aWQlMjIlM0ElMjJsYmVmdmJwcDl6MTRuMzJibjc1JTIyJTJDJTIybGlzdCUyMiUzQSU3QiUyMmxpc3RJZCUyMiUzQSUyMjhyeXlqbjd3dzFqJTIyJTJDJTIybGV2ZWwlMjIlM0EwJTJDJTIyaXNPcmRlcmVkJTIyJTNBZmFsc2UlMkMlMjJpc1Rhc2tMaXN0JTIyJTNBZmFsc2UlMkMlMjJsaXN0U3R5bGVUeXBlJTIyJTNBJTIyU0NJUl9FQ0lSX1NSRUMlMjIlMkMlMjJzeW1ib2xTdHlsZSUyMiUzQSU3QiU3RCUyQyUyMmxpc3RTdHlsZSUyMiUzQSU3QiUyMmZvcm1hdCUyMiUzQSUyMmJ1bGxldCUyMiUyQyUyMnRleHQlMjIlM0ElMjIlRTIlOTclOEYlMjIlMkMlMjJhbGlnbiUyMiUzQSUyMmxlZnQlMjIlN0QlMkMlMjJoaWRlU3ltYm9sJTIyJTNBZmFsc2UlN0QlMkMlMjJpbmQlMjIlM0ElN0IlMjJsZWZ0JTIyJTNBMCU3RCU3RCUyQyUyMm5vZGVzJTIyJTNBJTVCJTdCJTIya2xhc3MlMjIlM0ElMjJ0ZXh0JTIyJTJDJTIybGVhdmVzJTIyJTNBJTVCJTdCJTIya2xhc3MlMjIlM0ElMjJsZWFmJTIyJTJDJTIydGV4dCUyMiUzQSUyMkVMUlMlMjBMQlQlMjAoRXVyb3BlKSUyMFZlcnNpb24lMjBpcyUyMHByZS1pbnN0YWxsZWQlMjB3aXRoJTIwRXhwcmVzc0xSUyUyMENFJTIwRVUlMjBkb21haW4lMjBMQlQlMjBGVyUyMChMaW1pdGVkJTIwdG8lMjAxMDBtdyUyMHBvd2VyJTIwb3V0cHV0KSUyMiUyQyUyMm1hcmtzJTIyJTNBJTVCJTVEJTdEJTVEJTdEJTVEJTdEJTVEJTdE\" data-identifier-application__slash__x-doc-key=\"AmPdnp5E2d4eqw98\">\n<ul>\n<li>La versione CC2500 LBT (Europa) \u00e8 limitata ai protocolli LBT FrSKY X\/X2 LBT e HoTT LBT compatibili.<\/li>\n<li>La versione LBT 4 in 1 (Europa) \u00e8 limitata ai protocolli LBT FrSKY X\/X2 LBT, HoTT LBT e DSMX compatibili.<\/li>\n<li>La versione ELRS LBT (Europa) \u00e8 preinstallata con il dominio ExpressLRS CE EU LBT FW (potenza di uscita limitata a 100 mw).<\/li>\n<\/ul>\n<\/article>\n<h2>Potente processore STM32VGT6 con 1 MB di RAM<\/h2>\n<p><img decoding=\"async\" src=\"https:\/\/cdn.shopify.com\/s\/files\/1\/0609\/8324\/7079\/files\/Boxer-Details-Page-EN-PC_04_1024x1024.jpg?v=1669107926\" alt=\"\"><\/p>\n<p>&nbsp;<\/p>\n<h2>Design compatto e ottima ergonomia<\/h2>\n<p><img decoding=\"async\" src=\"https:\/\/cdn.shopify.com\/s\/files\/1\/0609\/8324\/7079\/files\/Boxer-Details-Page-EN-PC_07_1024x1024.jpg?v=1669108018\" alt=\"\"><br \/>\n<img decoding=\"async\" src=\"https:\/\/cdn.shopify.com\/s\/files\/1\/0609\/8324\/7079\/files\/Boxer-Details-Page-EN-PC_06_1024x1024.jpg?v=1669108001\" alt=\"\"><img decoding=\"async\" src=\"https:\/\/cdn.shopify.com\/s\/files\/1\/0609\/8324\/7079\/files\/Boxer-Details-Page-EN-PC_08_1024x1024.jpg?v=1669108072\" alt=\"\"><img decoding=\"async\" src=\"https:\/\/cdn.shopify.com\/s\/files\/1\/0609\/8324\/7079\/files\/Boxer-Details-Page-EN-PC_09_1024x1024.jpg?v=1669108086\" alt=\"\"><img decoding=\"async\" src=\"https:\/\/cdn.shopify.com\/s\/files\/1\/0609\/8324\/7079\/files\/Boxer-Details-Page-EN-PC_10_1024x1024.jpg?v=1669108109\" alt=\"\"><img decoding=\"async\" src=\"https:\/\/cdn.shopify.com\/s\/files\/1\/0609\/8324\/7079\/files\/Boxer-Details-Page-EN-PC_12_1024x1024.jpg?v=1669108133\" alt=\"\"><img decoding=\"async\" src=\"https:\/\/cdn.shopify.com\/s\/files\/1\/0609\/8324\/7079\/files\/Boxer-Details-Page-EN-PC_13_1024x1024.jpg?v=1669108161\" alt=\"\"><br \/>\n<img decoding=\"async\" src=\"https:\/\/cdn.shopify.com\/s\/files\/1\/0609\/8324\/7079\/files\/Boxer-Details-Page-EN-PC_14_1024x1024.jpg?v=1669108182\" alt=\"\"><img decoding=\"async\" src=\"https:\/\/cdn.shopify.com\/s\/files\/1\/0609\/8324\/7079\/files\/Boxer-Details-Page-EN-PC_16_1024x1024.jpg?v=1669109187\" alt=\"\"><br \/>\n<img decoding=\"async\" src=\"https:\/\/cdn.shopify.com\/s\/files\/1\/0609\/8324\/7079\/files\/Boxer-Details-Page-EN-PC_19_1024x1024.jpg?v=1669108295\" alt=\"\"><img decoding=\"async\" src=\"https:\/\/cdn.shopify.com\/s\/files\/1\/0609\/8324\/7079\/files\/Boxer-Details-Page-EN-PC_21_1024x1024.jpg?v=1669108367\" alt=\"\"><\/p>\n<p>&nbsp;<\/p>\n<h2>Dimensione<\/h2>\n<div><img decoding=\"async\" src=\"https:\/\/cdn.shopify.com\/s\/files\/1\/0609\/8324\/7079\/files\/BOXER-1000X1000_1024x1024.jpg?v=1671436477\" alt=\"Radiocomando Boxer (M2)\"><\/div>\n<h2>Descrizione generale della radio<\/h2>\n<div style=\"text-align: left;\"><img decoding=\"async\" style=\"float: none;\" src=\"https:\/\/cdn.shopify.com\/s\/files\/1\/0609\/8324\/7079\/files\/Boxer-Details-Page-EN-PC_20_1024x1024.jpg?v=1669108324\"><\/div>\n<h2>Accessori<\/h2>\n<ul>\n<li>Batteria Lipo 2S 7,4V 6200mAh<\/li>\n<li>AG01 Cimali da salone CNC<\/li>\n<li>AG01 CNC Hall Gimbal imposta nuovi colori<\/li>\n<\/ul>\n<h2>Il pacchetto comprende<\/h2>\n<ul>\n<li>1 x Radio BOXER<\/li>\n<li>1 x Custodia esclusiva per il trasporto<\/li>\n<li>1 x antenna a T.<\/li>\n<li>1 cavo USB-C<\/li>\n<li>1 protezione cardanica<\/li>\n<li>1 chiave a brugola da 1,5 mm.<\/li>\n<li>2 viti M4 x 4.<\/li>\n<li>4 molle a bassa tensione.<\/li>\n<li>1 vassoio per batteria 18650.<\/li>\n<li>1 x adesivi<\/li>\n<\/ul>\n<p>&nbsp;<\/p>\n<p>&nbsp;<\/p>\n","protected":false},"excerpt":{"rendered":"<p>Radiomaster Boxer M2 Trasmettitore radio (4 in 1 e ELRS) La perfetta combinazione di dimensioni ed ergonomia rende il BOXER la scelta ideale per i piloti in movimento. Grazie ai<\/p>\n","protected":false},"featured_media":224775,"comment_status":"open","ping_status":"closed","template":"","meta":{"_joinchat":[]},"pwb-brand":[],"product_cat":[1278,2446],"product_tag":[],"class_list":{"0":"post-224823","1":"product","2":"type-product","3":"status-publish","4":"has-post-thumbnail","6":"product_cat-emittenti","7":"product_cat-radio-tx","9":"first","10":"instock","11":"taxable","12":"shipping-taxable","13":"purchasable","14":"product-type-variable"},"barcode":null,"atum_controlled":true,"out_stock_date":null,"out_stock_threshold":null,"inheritable":true,"stock_on_hold":0,"sold_today":0,"sales_last_days":1,"out_stock_days":null,"lost_sales":0,"update_date":"2026-04-16T13:04:20","atum_locations":[],"atum_stock_status":"instock","restock_status":false,"low_stock_amount":"","sales_update_date":"2026-04-16T06:55:23","calc_backorders":null,"yoast_head":"<!-- This site is optimized with the Yoast SEO plugin v27.3 - https:\/\/yoast.com\/product\/yoast-seo-wordpress\/ -->\n<title>Radiomaster Boxer M2 Trasmettitore radio (4 in 1 e ELRS) - Iha Race<\/title>\n<meta name=\"robots\" content=\"index, follow, max-snippet:-1, max-image-preview:large, max-video-preview:-1\" \/>\n<link rel=\"canonical\" href=\"https:\/\/iha-race.com\/it\/prodotto\/radio-boxer-m2-4-in-1-e-elrs-controller\/\" \/>\n<meta property=\"og:locale\" content=\"it_IT\" \/>\n<meta property=\"og:type\" content=\"article\" \/>\n<meta property=\"og:title\" content=\"Radiomaster Boxer M2 Trasmettitore radio (4 in 1 e ELRS) - Iha Race\" \/>\n<meta property=\"og:description\" content=\"Radiomaster Boxer M2 Trasmettitore radio (4 in 1 e ELRS) La perfetta combinazione di dimensioni ed ergonomia rende il BOXER la scelta ideale per i piloti in movimento. Grazie ai\" \/>\n<meta property=\"og:url\" content=\"https:\/\/iha-race.com\/it\/prodotto\/radio-boxer-m2-4-in-1-e-elrs-controller\/\" \/>\n<meta property=\"og:site_name\" content=\"Iha Race\" \/>\n<meta property=\"article:modified_time\" content=\"2025-03-06T13:08:09+00:00\" \/>\n<meta property=\"og:image\" content=\"https:\/\/iha-race.com\/wp-content\/uploads\/2023\/02\/Controlador-de-radio-Boxer-M2-4-en-1-y-ELRS.webp\" \/>\n\t<meta property=\"og:image:width\" content=\"1000\" \/>\n\t<meta property=\"og:image:height\" content=\"1000\" \/>\n\t<meta property=\"og:image:type\" content=\"image\/webp\" \/>\n<meta name=\"twitter:card\" content=\"summary_large_image\" \/>\n<meta name=\"twitter:label1\" content=\"Tempo di lettura stimato\" \/>\n\t<meta name=\"twitter:data1\" content=\"4 minuti\" \/>\n<script type=\"application\/ld+json\" class=\"yoast-schema-graph\">{\"@context\":\"https:\\\/\\\/schema.org\",\"@graph\":[{\"@type\":\"WebPage\",\"@id\":\"https:\\\/\\\/iha-race.com\\\/it\\\/prodotto\\\/radio-boxer-m2-4-in-1-e-elrs-controller\\\/\",\"url\":\"https:\\\/\\\/iha-race.com\\\/it\\\/prodotto\\\/radio-boxer-m2-4-in-1-e-elrs-controller\\\/\",\"name\":\"Radiomaster Boxer M2 Trasmettitore radio (4 in 1 e ELRS) - Iha Race\",\"isPartOf\":{\"@id\":\"https:\\\/\\\/iha-race.com\\\/it\\\/#website\"},\"primaryImageOfPage\":{\"@id\":\"https:\\\/\\\/iha-race.com\\\/it\\\/prodotto\\\/radio-boxer-m2-4-in-1-e-elrs-controller\\\/#primaryimage\"},\"image\":{\"@id\":\"https:\\\/\\\/iha-race.com\\\/it\\\/prodotto\\\/radio-boxer-m2-4-in-1-e-elrs-controller\\\/#primaryimage\"},\"thumbnailUrl\":\"https:\\\/\\\/iha-race.com\\\/wp-content\\\/uploads\\\/2023\\\/02\\\/Controlador-de-radio-Boxer-M2-4-en-1-y-ELRS.webp\",\"datePublished\":\"2023-02-21T18:21:23+00:00\",\"dateModified\":\"2025-03-06T13:08:09+00:00\",\"breadcrumb\":{\"@id\":\"https:\\\/\\\/iha-race.com\\\/it\\\/prodotto\\\/radio-boxer-m2-4-in-1-e-elrs-controller\\\/#breadcrumb\"},\"inLanguage\":\"it-IT\",\"potentialAction\":[{\"@type\":\"ReadAction\",\"target\":[\"https:\\\/\\\/iha-race.com\\\/it\\\/prodotto\\\/radio-boxer-m2-4-in-1-e-elrs-controller\\\/\"]}]},{\"@type\":\"ImageObject\",\"inLanguage\":\"it-IT\",\"@id\":\"https:\\\/\\\/iha-race.com\\\/it\\\/prodotto\\\/radio-boxer-m2-4-in-1-e-elrs-controller\\\/#primaryimage\",\"url\":\"https:\\\/\\\/iha-race.com\\\/wp-content\\\/uploads\\\/2023\\\/02\\\/Controlador-de-radio-Boxer-M2-4-en-1-y-ELRS.webp\",\"contentUrl\":\"https:\\\/\\\/iha-race.com\\\/wp-content\\\/uploads\\\/2023\\\/02\\\/Controlador-de-radio-Boxer-M2-4-en-1-y-ELRS.webp\",\"width\":1000,\"height\":1000,\"caption\":\"Comprar Controlador de radio Boxer M2 (4 en 1 y ELRS)\"},{\"@type\":\"BreadcrumbList\",\"@id\":\"https:\\\/\\\/iha-race.com\\\/it\\\/prodotto\\\/radio-boxer-m2-4-in-1-e-elrs-controller\\\/#breadcrumb\",\"itemListElement\":[{\"@type\":\"ListItem\",\"position\":1,\"name\":\"Portada\",\"item\":\"https:\\\/\\\/iha-race.com\\\/it\\\/\"},{\"@type\":\"ListItem\",\"position\":2,\"name\":\"Negozio\",\"item\":\"https:\\\/\\\/iha-race.com\\\/it\\\/negozio\\\/\"},{\"@type\":\"ListItem\",\"position\":3,\"name\":\"Radiomaster Boxer M2 Trasmettitore radio (4 in 1 e ELRS)\"}]},{\"@type\":\"WebSite\",\"@id\":\"https:\\\/\\\/iha-race.com\\\/it\\\/#website\",\"url\":\"https:\\\/\\\/iha-race.com\\\/it\\\/\",\"name\":\"Iha Race\",\"description\":\"Comprar drones de carreras FPV env\u00edos en un d\u00eda desde Espa\u00f1a\",\"publisher\":{\"@id\":\"https:\\\/\\\/iha-race.com\\\/it\\\/#organization\"},\"potentialAction\":[{\"@type\":\"SearchAction\",\"target\":{\"@type\":\"EntryPoint\",\"urlTemplate\":\"https:\\\/\\\/iha-race.com\\\/it\\\/?s={search_term_string}\"},\"query-input\":{\"@type\":\"PropertyValueSpecification\",\"valueRequired\":true,\"valueName\":\"search_term_string\"}}],\"inLanguage\":\"it-IT\"},{\"@type\":\"Organization\",\"@id\":\"https:\\\/\\\/iha-race.com\\\/it\\\/#organization\",\"name\":\"Iha Race\",\"url\":\"https:\\\/\\\/iha-race.com\\\/it\\\/\",\"logo\":{\"@type\":\"ImageObject\",\"inLanguage\":\"it-IT\",\"@id\":\"https:\\\/\\\/iha-race.com\\\/it\\\/#\\\/schema\\\/logo\\\/image\\\/\",\"url\":\"https:\\\/\\\/iha-race.com\\\/wp-content\\\/uploads\\\/2018\\\/07\\\/iha-race-drones-de-carreras-tienda-comprar-drones.png\",\"contentUrl\":\"https:\\\/\\\/iha-race.com\\\/wp-content\\\/uploads\\\/2018\\\/07\\\/iha-race-drones-de-carreras-tienda-comprar-drones.png\",\"width\":300,\"height\":100,\"caption\":\"Iha Race\"},\"image\":{\"@id\":\"https:\\\/\\\/iha-race.com\\\/it\\\/#\\\/schema\\\/logo\\\/image\\\/\"}}]}<\/script>\n<!-- \/ Yoast SEO plugin. -->","yoast_head_json":{"title":"Radiomaster Boxer M2 Trasmettitore radio (4 in 1 e ELRS) - Iha Race","robots":{"index":"index","follow":"follow","max-snippet":"max-snippet:-1","max-image-preview":"max-image-preview:large","max-video-preview":"max-video-preview:-1"},"canonical":"https:\/\/iha-race.com\/it\/prodotto\/radio-boxer-m2-4-in-1-e-elrs-controller\/","og_locale":"it_IT","og_type":"article","og_title":"Radiomaster Boxer M2 Trasmettitore radio (4 in 1 e ELRS) - Iha Race","og_description":"Radiomaster Boxer M2 Trasmettitore radio (4 in 1 e ELRS) La perfetta combinazione di dimensioni ed ergonomia rende il BOXER la scelta ideale per i piloti in movimento. Grazie ai","og_url":"https:\/\/iha-race.com\/it\/prodotto\/radio-boxer-m2-4-in-1-e-elrs-controller\/","og_site_name":"Iha Race","article_modified_time":"2025-03-06T13:08:09+00:00","og_image":[{"width":1000,"height":1000,"url":"https:\/\/iha-race.com\/wp-content\/uploads\/2023\/02\/Controlador-de-radio-Boxer-M2-4-en-1-y-ELRS.webp","type":"image\/webp"}],"twitter_card":"summary_large_image","twitter_misc":{"Tempo di lettura stimato":"4 minuti"},"schema":{"@context":"https:\/\/schema.org","@graph":[{"@type":"WebPage","@id":"https:\/\/iha-race.com\/it\/prodotto\/radio-boxer-m2-4-in-1-e-elrs-controller\/","url":"https:\/\/iha-race.com\/it\/prodotto\/radio-boxer-m2-4-in-1-e-elrs-controller\/","name":"Radiomaster Boxer M2 Trasmettitore radio (4 in 1 e ELRS) - Iha Race","isPartOf":{"@id":"https:\/\/iha-race.com\/it\/#website"},"primaryImageOfPage":{"@id":"https:\/\/iha-race.com\/it\/prodotto\/radio-boxer-m2-4-in-1-e-elrs-controller\/#primaryimage"},"image":{"@id":"https:\/\/iha-race.com\/it\/prodotto\/radio-boxer-m2-4-in-1-e-elrs-controller\/#primaryimage"},"thumbnailUrl":"https:\/\/iha-race.com\/wp-content\/uploads\/2023\/02\/Controlador-de-radio-Boxer-M2-4-en-1-y-ELRS.webp","datePublished":"2023-02-21T18:21:23+00:00","dateModified":"2025-03-06T13:08:09+00:00","breadcrumb":{"@id":"https:\/\/iha-race.com\/it\/prodotto\/radio-boxer-m2-4-in-1-e-elrs-controller\/#breadcrumb"},"inLanguage":"it-IT","potentialAction":[{"@type":"ReadAction","target":["https:\/\/iha-race.com\/it\/prodotto\/radio-boxer-m2-4-in-1-e-elrs-controller\/"]}]},{"@type":"ImageObject","inLanguage":"it-IT","@id":"https:\/\/iha-race.com\/it\/prodotto\/radio-boxer-m2-4-in-1-e-elrs-controller\/#primaryimage","url":"https:\/\/iha-race.com\/wp-content\/uploads\/2023\/02\/Controlador-de-radio-Boxer-M2-4-en-1-y-ELRS.webp","contentUrl":"https:\/\/iha-race.com\/wp-content\/uploads\/2023\/02\/Controlador-de-radio-Boxer-M2-4-en-1-y-ELRS.webp","width":1000,"height":1000,"caption":"Comprar Controlador de radio Boxer M2 (4 en 1 y ELRS)"},{"@type":"BreadcrumbList","@id":"https:\/\/iha-race.com\/it\/prodotto\/radio-boxer-m2-4-in-1-e-elrs-controller\/#breadcrumb","itemListElement":[{"@type":"ListItem","position":1,"name":"Portada","item":"https:\/\/iha-race.com\/it\/"},{"@type":"ListItem","position":2,"name":"Negozio","item":"https:\/\/iha-race.com\/it\/negozio\/"},{"@type":"ListItem","position":3,"name":"Radiomaster Boxer M2 Trasmettitore radio (4 in 1 e ELRS)"}]},{"@type":"WebSite","@id":"https:\/\/iha-race.com\/it\/#website","url":"https:\/\/iha-race.com\/it\/","name":"Iha Race","description":"Comprar drones de carreras FPV env\u00edos en un d\u00eda desde Espa\u00f1a","publisher":{"@id":"https:\/\/iha-race.com\/it\/#organization"},"potentialAction":[{"@type":"SearchAction","target":{"@type":"EntryPoint","urlTemplate":"https:\/\/iha-race.com\/it\/?s={search_term_string}"},"query-input":{"@type":"PropertyValueSpecification","valueRequired":true,"valueName":"search_term_string"}}],"inLanguage":"it-IT"},{"@type":"Organization","@id":"https:\/\/iha-race.com\/it\/#organization","name":"Iha Race","url":"https:\/\/iha-race.com\/it\/","logo":{"@type":"ImageObject","inLanguage":"it-IT","@id":"https:\/\/iha-race.com\/it\/#\/schema\/logo\/image\/","url":"https:\/\/iha-race.com\/wp-content\/uploads\/2018\/07\/iha-race-drones-de-carreras-tienda-comprar-drones.png","contentUrl":"https:\/\/iha-race.com\/wp-content\/uploads\/2018\/07\/iha-race-drones-de-carreras-tienda-comprar-drones.png","width":300,"height":100,"caption":"Iha Race"},"image":{"@id":"https:\/\/iha-race.com\/it\/#\/schema\/logo\/image\/"}}]}},"brands":[],"_links":{"self":[{"href":"https:\/\/iha-race.com\/it\/wp-json\/wp\/v2\/product\/224823","targetHints":{"allow":["GET"]}}],"collection":[{"href":"https:\/\/iha-race.com\/it\/wp-json\/wp\/v2\/product"}],"about":[{"href":"https:\/\/iha-race.com\/it\/wp-json\/wp\/v2\/types\/product"}],"replies":[{"embeddable":true,"href":"https:\/\/iha-race.com\/it\/wp-json\/wp\/v2\/comments?post=224823"}],"version-history":[{"count":4,"href":"https:\/\/iha-race.com\/it\/wp-json\/wp\/v2\/product\/224823\/revisions"}],"predecessor-version":[{"id":248509,"href":"https:\/\/iha-race.com\/it\/wp-json\/wp\/v2\/product\/224823\/revisions\/248509"}],"wp:featuredmedia":[{"embeddable":true,"href":"https:\/\/iha-race.com\/it\/wp-json\/wp\/v2\/media\/224775"}],"wp:attachment":[{"href":"https:\/\/iha-race.com\/it\/wp-json\/wp\/v2\/media?parent=224823"}],"wp:term":[{"taxonomy":"pwb-brand","embeddable":true,"href":"https:\/\/iha-race.com\/it\/wp-json\/wp\/v2\/pwb-brand?post=224823"},{"taxonomy":"product_cat","embeddable":true,"href":"https:\/\/iha-race.com\/it\/wp-json\/wp\/v2\/product_cat?post=224823"},{"taxonomy":"product_tag","embeddable":true,"href":"https:\/\/iha-race.com\/it\/wp-json\/wp\/v2\/product_tag?post=224823"}],"curies":[{"name":"wp","href":"https:\/\/api.w.org\/{rel}","templated":true}]}}