{"id":224708,"date":"2023-02-20T17:10:01","date_gmt":"2023-02-20T16:10:01","guid":{"rendered":"https:\/\/iha-race.com\/producto\/kit-telaio-speedybee-flex25-da-25-pollici\/"},"modified":"2024-12-12T12:10:50","modified_gmt":"2024-12-12T11:10:50","slug":"kit-telaio-speedbee-flex25-25-pollici","status":"publish","type":"product","link":"https:\/\/iha-race.com\/it\/prodotto\/kit-telaio-speedbee-flex25-25-pollici\/","title":{"rendered":"SpeedyBee Flex25 Kit telaio da 2,5 pollici"},"content":{"rendered":"<h1><span data-sheets-value=\"{\"1\":2,\"2\":\"Kit de cuadro SpeedyBee Flex25 de 2,5 pulgadas\"}\" data-sheets-userformat=\"{\"2\":15235,\"3\":{\"1\":0},\"4\":{\"1\":2,\"2\":16777215},\"10\":2,\"11\":4,\"12\":0,\"14\":{\"1\":2,\"2\":4473924},\"15\":\"Montserrat, Arial, Helvetica, sans-serif\",\"16\":12}\">SpeedyBee Flex25 Kit telaio da 2,5 pollici<\/span><\/h1>\n<p>&nbsp;<\/p>\n<div class=\"section section2\"><img decoding=\"async\" title=\"Telaio SpeedyBee Flex25\" src=\"https:\/\/store-fhxxhuiq8q.mybigcommerce.com\/product_images\/img_SpeedyBee_Flex25_Frame\/Flex25_Frame_1.jpg\" alt=\"Telaio SpeedyBee Flex25\"><\/div>\n<div class=\"section section2\"><img decoding=\"async\" title=\"Telaio SpeedyBee Flex25\" src=\"https:\/\/store-fhxxhuiq8q.mybigcommerce.com\/product_images\/img_SpeedyBee_Flex25_Frame\/Flex25_Frame_2.jpg\" alt=\"Telaio SpeedyBee Flex25\"><\/div>\n<div class=\"section section2\"><img decoding=\"async\" title=\"Telaio SpeedyBee Flex25\" src=\"https:\/\/store-fhxxhuiq8q.mybigcommerce.com\/product_images\/img_SpeedyBee_Flex25_Frame\/Flex25_Frame-3.jpg\" alt=\"Telaio SpeedyBee Flex25\"><\/div>\n<div class=\"section section2\"><img decoding=\"async\" title=\"Telaio SpeedyBee Flex25\" src=\"https:\/\/store-fhxxhuiq8q.mybigcommerce.com\/product_images\/img_SpeedyBee_Flex25_Frame\/Flex25_Frame_4.jpg\" alt=\"Telaio SpeedyBee Flex25\"><\/div>\n<div class=\"section section2\"><img decoding=\"async\" title=\"Telaio SpeedyBee Flex25\" src=\"https:\/\/store-fhxxhuiq8q.mybigcommerce.com\/product_images\/img_SpeedyBee_Flex25_Frame\/Flex25_Frame_5.jpg\" alt=\"Telaio SpeedyBee Flex25\"><\/div>\n<div class=\"section section2\"><img decoding=\"async\" title=\"Telaio SpeedyBee Flex25\" src=\"https:\/\/store-fhxxhuiq8q.mybigcommerce.com\/product_images\/img_SpeedyBee_Flex25_Frame\/Flex25_Frame_6.jpg\" alt=\"Telaio SpeedyBee Flex25\"><\/div>\n<div class=\"section section2\"><img decoding=\"async\" title=\"Telaio SpeedyBee Flex25\" src=\"https:\/\/store-fhxxhuiq8q.mybigcommerce.com\/product_images\/img_SpeedyBee_Flex25_Frame\/Flex25_Frame_7.jpg\" alt=\"Telaio SpeedyBee Flex25\"><\/div>\n<div class=\"section section2\"><img decoding=\"async\" title=\"Telaio SpeedyBee Flex25\" src=\"https:\/\/store-fhxxhuiq8q.mybigcommerce.com\/product_images\/img_SpeedyBee_Flex25_Frame\/Flex25_Frame_8.jpg\" alt=\"Telaio SpeedyBee Flex25\"><\/div>\n<div class=\"section section2\"><img decoding=\"async\" title=\"Telaio SpeedyBee Flex25\" src=\"https:\/\/store-fhxxhuiq8q.mybigcommerce.com\/product_images\/img_SpeedyBee_Flex25_Frame\/Flex25_Frame_9.jpg\" alt=\"Telaio SpeedyBee Flex25\"><\/div>\n<div class=\"section section2\"><img decoding=\"async\" title=\"Telaio SpeedyBee Flex25\" src=\"https:\/\/store-fhxxhuiq8q.mybigcommerce.com\/product_images\/img_SpeedyBee_Flex25_Frame\/Flex25_Frame_10.jpg\" alt=\"Telaio SpeedyBee Flex25\"><\/div>\n<div class=\"section-Specifications\">\n<div class=\"position-absolute\">\n<h3 id=\"Parameters\" class=\"Specifications\">Specifiche tecniche<\/h3>\n<div><\/div>\n<\/div>\n<table class=\"speedybee-table\">\n<tbody>\n<tr>\n<td width=\"30%\">Nome del prodotto<\/td>\n<td width=\"70%\">Telaio SpeedyBee Flex25<\/td>\n<\/tr>\n<tr>\n<td>Tipo<\/td>\n<td>Telaio da 2,5 pollici<\/td>\n<\/tr>\n<tr>\n<td>Interasse<\/td>\n<td>78 mm<\/td>\n<\/tr>\n<tr>\n<td>Dimensioni<\/td>\n<td>135&#215;135 mm<\/td>\n<\/tr>\n<tr>\n<td>Colonna in alluminio<\/td>\n<td>M2.5-15mm<\/td>\n<\/tr>\n<tr>\n<td>Foro di montaggio FC<\/td>\n<td>25,5&#215;25,5 mm<\/td>\n<\/tr>\n<tr>\n<td>Foro di montaggio del motore<\/td>\n<td>9x9mm (Motore consigliato: serie 11\/12\/13\/14)<\/td>\n<\/tr>\n<tr>\n<td>Spaziatura camme FPV<\/td>\n<td>14 mm (nano)<\/td>\n<\/tr>\n<tr>\n<td>Peso<\/td>\n<td>Analogico 54g \/ HD 59g<\/td>\n<\/tr>\n<tr>\n<td>Colore<\/td>\n<td>\n<p>Telaio-Nero Anello di protezione dell&#8217;elica-Grigio trasparente Accessori per la stampa 3D Versione analogica-Giallo fluorescente Accessori per la stampa 3D Versione HD-Nero<\/td>\n<\/tr>\n<\/tbody>\n<\/table>\n<\/div>\n<p>&nbsp;<\/p>\n<div class=\"speedybee-section section8\">\n<h3 id=\"Manual\" class=\"manual\">Il pacchetto comprende<\/h3>\n<ul>\n<li>1 kit telaio SpeedyBee Flex25 da 2,5 pollici<\/li>\n<\/ul>\n<\/div>\n","protected":false},"excerpt":{"rendered":"<p>SpeedyBee Flex25 Kit telaio da 2,5 pollici &nbsp; Specifiche tecniche Nome del prodotto Telaio SpeedyBee Flex25 Tipo Telaio da 2,5 pollici Interasse 78 mm Dimensioni 135&#215;135 mm Colonna in alluminio<\/p>\n","protected":false},"featured_media":224671,"comment_status":"open","ping_status":"closed","template":"","meta":{"_joinchat":[]},"pwb-brand":[],"product_cat":[3670,1438,4117],"product_tag":[],"class_list":{"0":"post-224708","1":"product","2":"type-product","3":"status-publish","4":"has-post-thumbnail","6":"product_cat-cornici","7":"product_cat-droni-fpv","8":"product_cat-venerdi-nero-2024","10":"first","11":"instock","12":"sale","13":"taxable","14":"shipping-taxable","15":"purchasable","16":"product-type-variable"},"barcode":null,"atum_controlled":true,"out_stock_date":null,"out_stock_threshold":null,"inheritable":true,"stock_on_hold":0,"sold_today":1,"sales_last_days":1,"out_stock_days":0,"lost_sales":0,"update_date":"2026-04-18T20:21:02","atum_locations":[],"atum_stock_status":"instock","restock_status":false,"low_stock_amount":"","sales_update_date":"2026-04-17T19:24:30","calc_backorders":null,"yoast_head":"<!-- This site is optimized with the Yoast SEO plugin v27.3 - https:\/\/yoast.com\/product\/yoast-seo-wordpress\/ -->\n<title>SpeedyBee Flex25 Kit telaio da 2,5 pollici - Iha Race<\/title>\n<meta name=\"robots\" content=\"index, follow, max-snippet:-1, max-image-preview:large, max-video-preview:-1\" \/>\n<link rel=\"canonical\" href=\"https:\/\/iha-race.com\/it\/prodotto\/kit-telaio-speedbee-flex25-25-pollici\/\" \/>\n<meta property=\"og:locale\" content=\"it_IT\" \/>\n<meta property=\"og:type\" content=\"article\" \/>\n<meta property=\"og:title\" content=\"SpeedyBee Flex25 Kit telaio da 2,5 pollici - Iha Race\" \/>\n<meta property=\"og:description\" content=\"SpeedyBee Flex25 Kit telaio da 2,5 pollici &nbsp; Specifiche tecniche Nome del prodotto Telaio SpeedyBee Flex25 Tipo Telaio da 2,5 pollici Interasse 78 mm Dimensioni 135&#215;135 mm Colonna in alluminio\" \/>\n<meta property=\"og:url\" content=\"https:\/\/iha-race.com\/it\/prodotto\/kit-telaio-speedbee-flex25-25-pollici\/\" \/>\n<meta property=\"og:site_name\" content=\"Iha Race\" \/>\n<meta property=\"article:modified_time\" content=\"2024-12-12T11:10:50+00:00\" \/>\n<meta property=\"og:image\" content=\"https:\/\/iha-race.com\/wp-content\/uploads\/2023\/02\/Frame-3__81533.jpg\" \/>\n\t<meta property=\"og:image:width\" content=\"500\" \/>\n\t<meta property=\"og:image:height\" content=\"500\" \/>\n\t<meta property=\"og:image:type\" content=\"image\/jpeg\" \/>\n<meta name=\"twitter:card\" content=\"summary_large_image\" \/>\n<script type=\"application\/ld+json\" class=\"yoast-schema-graph\">{\"@context\":\"https:\\\/\\\/schema.org\",\"@graph\":[{\"@type\":\"WebPage\",\"@id\":\"https:\\\/\\\/iha-race.com\\\/it\\\/prodotto\\\/kit-telaio-speedbee-flex25-25-pollici\\\/\",\"url\":\"https:\\\/\\\/iha-race.com\\\/it\\\/prodotto\\\/kit-telaio-speedbee-flex25-25-pollici\\\/\",\"name\":\"SpeedyBee Flex25 Kit telaio da 2,5 pollici - Iha Race\",\"isPartOf\":{\"@id\":\"https:\\\/\\\/iha-race.com\\\/it\\\/#website\"},\"primaryImageOfPage\":{\"@id\":\"https:\\\/\\\/iha-race.com\\\/it\\\/prodotto\\\/kit-telaio-speedbee-flex25-25-pollici\\\/#primaryimage\"},\"image\":{\"@id\":\"https:\\\/\\\/iha-race.com\\\/it\\\/prodotto\\\/kit-telaio-speedbee-flex25-25-pollici\\\/#primaryimage\"},\"thumbnailUrl\":\"https:\\\/\\\/iha-race.com\\\/wp-content\\\/uploads\\\/2023\\\/02\\\/Frame-3__81533.jpg\",\"datePublished\":\"2023-02-20T16:10:01+00:00\",\"dateModified\":\"2024-12-12T11:10:50+00:00\",\"breadcrumb\":{\"@id\":\"https:\\\/\\\/iha-race.com\\\/it\\\/prodotto\\\/kit-telaio-speedbee-flex25-25-pollici\\\/#breadcrumb\"},\"inLanguage\":\"it-IT\",\"potentialAction\":[{\"@type\":\"ReadAction\",\"target\":[\"https:\\\/\\\/iha-race.com\\\/it\\\/prodotto\\\/kit-telaio-speedbee-flex25-25-pollici\\\/\"]}]},{\"@type\":\"ImageObject\",\"inLanguage\":\"it-IT\",\"@id\":\"https:\\\/\\\/iha-race.com\\\/it\\\/prodotto\\\/kit-telaio-speedbee-flex25-25-pollici\\\/#primaryimage\",\"url\":\"https:\\\/\\\/iha-race.com\\\/wp-content\\\/uploads\\\/2023\\\/02\\\/Frame-3__81533.jpg\",\"contentUrl\":\"https:\\\/\\\/iha-race.com\\\/wp-content\\\/uploads\\\/2023\\\/02\\\/Frame-3__81533.jpg\",\"width\":500,\"height\":500,\"caption\":\"Comprar Kit de cuadro SpeedyBee Flex25 de 2,5 pulgadas\"},{\"@type\":\"BreadcrumbList\",\"@id\":\"https:\\\/\\\/iha-race.com\\\/it\\\/prodotto\\\/kit-telaio-speedbee-flex25-25-pollici\\\/#breadcrumb\",\"itemListElement\":[{\"@type\":\"ListItem\",\"position\":1,\"name\":\"Portada\",\"item\":\"https:\\\/\\\/iha-race.com\\\/it\\\/\"},{\"@type\":\"ListItem\",\"position\":2,\"name\":\"Negozio\",\"item\":\"https:\\\/\\\/iha-race.com\\\/it\\\/negozio\\\/\"},{\"@type\":\"ListItem\",\"position\":3,\"name\":\"SpeedyBee Flex25 Kit telaio da 2,5 pollici\"}]},{\"@type\":\"WebSite\",\"@id\":\"https:\\\/\\\/iha-race.com\\\/it\\\/#website\",\"url\":\"https:\\\/\\\/iha-race.com\\\/it\\\/\",\"name\":\"Iha Race\",\"description\":\"Comprar drones de carreras FPV env\u00edos en un d\u00eda desde Espa\u00f1a\",\"publisher\":{\"@id\":\"https:\\\/\\\/iha-race.com\\\/it\\\/#organization\"},\"potentialAction\":[{\"@type\":\"SearchAction\",\"target\":{\"@type\":\"EntryPoint\",\"urlTemplate\":\"https:\\\/\\\/iha-race.com\\\/it\\\/?s={search_term_string}\"},\"query-input\":{\"@type\":\"PropertyValueSpecification\",\"valueRequired\":true,\"valueName\":\"search_term_string\"}}],\"inLanguage\":\"it-IT\"},{\"@type\":\"Organization\",\"@id\":\"https:\\\/\\\/iha-race.com\\\/it\\\/#organization\",\"name\":\"Iha Race\",\"url\":\"https:\\\/\\\/iha-race.com\\\/it\\\/\",\"logo\":{\"@type\":\"ImageObject\",\"inLanguage\":\"it-IT\",\"@id\":\"https:\\\/\\\/iha-race.com\\\/it\\\/#\\\/schema\\\/logo\\\/image\\\/\",\"url\":\"https:\\\/\\\/iha-race.com\\\/wp-content\\\/uploads\\\/2018\\\/07\\\/iha-race-drones-de-carreras-tienda-comprar-drones.png\",\"contentUrl\":\"https:\\\/\\\/iha-race.com\\\/wp-content\\\/uploads\\\/2018\\\/07\\\/iha-race-drones-de-carreras-tienda-comprar-drones.png\",\"width\":300,\"height\":100,\"caption\":\"Iha Race\"},\"image\":{\"@id\":\"https:\\\/\\\/iha-race.com\\\/it\\\/#\\\/schema\\\/logo\\\/image\\\/\"}}]}<\/script>\n<!-- \/ Yoast SEO plugin. -->","yoast_head_json":{"title":"SpeedyBee Flex25 Kit telaio da 2,5 pollici - Iha Race","robots":{"index":"index","follow":"follow","max-snippet":"max-snippet:-1","max-image-preview":"max-image-preview:large","max-video-preview":"max-video-preview:-1"},"canonical":"https:\/\/iha-race.com\/it\/prodotto\/kit-telaio-speedbee-flex25-25-pollici\/","og_locale":"it_IT","og_type":"article","og_title":"SpeedyBee Flex25 Kit telaio da 2,5 pollici - Iha Race","og_description":"SpeedyBee Flex25 Kit telaio da 2,5 pollici &nbsp; Specifiche tecniche Nome del prodotto Telaio SpeedyBee Flex25 Tipo Telaio da 2,5 pollici Interasse 78 mm Dimensioni 135&#215;135 mm Colonna in alluminio","og_url":"https:\/\/iha-race.com\/it\/prodotto\/kit-telaio-speedbee-flex25-25-pollici\/","og_site_name":"Iha Race","article_modified_time":"2024-12-12T11:10:50+00:00","og_image":[{"width":500,"height":500,"url":"https:\/\/iha-race.com\/wp-content\/uploads\/2023\/02\/Frame-3__81533.jpg","type":"image\/jpeg"}],"twitter_card":"summary_large_image","schema":{"@context":"https:\/\/schema.org","@graph":[{"@type":"WebPage","@id":"https:\/\/iha-race.com\/it\/prodotto\/kit-telaio-speedbee-flex25-25-pollici\/","url":"https:\/\/iha-race.com\/it\/prodotto\/kit-telaio-speedbee-flex25-25-pollici\/","name":"SpeedyBee Flex25 Kit telaio da 2,5 pollici - Iha Race","isPartOf":{"@id":"https:\/\/iha-race.com\/it\/#website"},"primaryImageOfPage":{"@id":"https:\/\/iha-race.com\/it\/prodotto\/kit-telaio-speedbee-flex25-25-pollici\/#primaryimage"},"image":{"@id":"https:\/\/iha-race.com\/it\/prodotto\/kit-telaio-speedbee-flex25-25-pollici\/#primaryimage"},"thumbnailUrl":"https:\/\/iha-race.com\/wp-content\/uploads\/2023\/02\/Frame-3__81533.jpg","datePublished":"2023-02-20T16:10:01+00:00","dateModified":"2024-12-12T11:10:50+00:00","breadcrumb":{"@id":"https:\/\/iha-race.com\/it\/prodotto\/kit-telaio-speedbee-flex25-25-pollici\/#breadcrumb"},"inLanguage":"it-IT","potentialAction":[{"@type":"ReadAction","target":["https:\/\/iha-race.com\/it\/prodotto\/kit-telaio-speedbee-flex25-25-pollici\/"]}]},{"@type":"ImageObject","inLanguage":"it-IT","@id":"https:\/\/iha-race.com\/it\/prodotto\/kit-telaio-speedbee-flex25-25-pollici\/#primaryimage","url":"https:\/\/iha-race.com\/wp-content\/uploads\/2023\/02\/Frame-3__81533.jpg","contentUrl":"https:\/\/iha-race.com\/wp-content\/uploads\/2023\/02\/Frame-3__81533.jpg","width":500,"height":500,"caption":"Comprar Kit de cuadro SpeedyBee Flex25 de 2,5 pulgadas"},{"@type":"BreadcrumbList","@id":"https:\/\/iha-race.com\/it\/prodotto\/kit-telaio-speedbee-flex25-25-pollici\/#breadcrumb","itemListElement":[{"@type":"ListItem","position":1,"name":"Portada","item":"https:\/\/iha-race.com\/it\/"},{"@type":"ListItem","position":2,"name":"Negozio","item":"https:\/\/iha-race.com\/it\/negozio\/"},{"@type":"ListItem","position":3,"name":"SpeedyBee Flex25 Kit telaio da 2,5 pollici"}]},{"@type":"WebSite","@id":"https:\/\/iha-race.com\/it\/#website","url":"https:\/\/iha-race.com\/it\/","name":"Iha Race","description":"Comprar drones de carreras FPV env\u00edos en un d\u00eda desde Espa\u00f1a","publisher":{"@id":"https:\/\/iha-race.com\/it\/#organization"},"potentialAction":[{"@type":"SearchAction","target":{"@type":"EntryPoint","urlTemplate":"https:\/\/iha-race.com\/it\/?s={search_term_string}"},"query-input":{"@type":"PropertyValueSpecification","valueRequired":true,"valueName":"search_term_string"}}],"inLanguage":"it-IT"},{"@type":"Organization","@id":"https:\/\/iha-race.com\/it\/#organization","name":"Iha Race","url":"https:\/\/iha-race.com\/it\/","logo":{"@type":"ImageObject","inLanguage":"it-IT","@id":"https:\/\/iha-race.com\/it\/#\/schema\/logo\/image\/","url":"https:\/\/iha-race.com\/wp-content\/uploads\/2018\/07\/iha-race-drones-de-carreras-tienda-comprar-drones.png","contentUrl":"https:\/\/iha-race.com\/wp-content\/uploads\/2018\/07\/iha-race-drones-de-carreras-tienda-comprar-drones.png","width":300,"height":100,"caption":"Iha Race"},"image":{"@id":"https:\/\/iha-race.com\/it\/#\/schema\/logo\/image\/"}}]}},"jetpack_sharing_enabled":true,"brands":[],"_links":{"self":[{"href":"https:\/\/iha-race.com\/it\/wp-json\/wp\/v2\/product\/224708","targetHints":{"allow":["GET"]}}],"collection":[{"href":"https:\/\/iha-race.com\/it\/wp-json\/wp\/v2\/product"}],"about":[{"href":"https:\/\/iha-race.com\/it\/wp-json\/wp\/v2\/types\/product"}],"replies":[{"embeddable":true,"href":"https:\/\/iha-race.com\/it\/wp-json\/wp\/v2\/comments?post=224708"}],"version-history":[{"count":4,"href":"https:\/\/iha-race.com\/it\/wp-json\/wp\/v2\/product\/224708\/revisions"}],"predecessor-version":[{"id":252536,"href":"https:\/\/iha-race.com\/it\/wp-json\/wp\/v2\/product\/224708\/revisions\/252536"}],"wp:featuredmedia":[{"embeddable":true,"href":"https:\/\/iha-race.com\/it\/wp-json\/wp\/v2\/media\/224671"}],"wp:attachment":[{"href":"https:\/\/iha-race.com\/it\/wp-json\/wp\/v2\/media?parent=224708"}],"wp:term":[{"taxonomy":"pwb-brand","embeddable":true,"href":"https:\/\/iha-race.com\/it\/wp-json\/wp\/v2\/pwb-brand?post=224708"},{"taxonomy":"product_cat","embeddable":true,"href":"https:\/\/iha-race.com\/it\/wp-json\/wp\/v2\/product_cat?post=224708"},{"taxonomy":"product_tag","embeddable":true,"href":"https:\/\/iha-race.com\/it\/wp-json\/wp\/v2\/product_tag?post=224708"}],"curies":[{"name":"wp","href":"https:\/\/api.w.org\/{rel}","templated":true}]}}