{"id":224623,"date":"2023-02-20T12:35:04","date_gmt":"2023-02-20T11:35:04","guid":{"rendered":"https:\/\/iha-race.com\/producto\/scatola-di-protezione-per-ispezione-industriale-mavic-2-con-led\/"},"modified":"2023-02-20T12:35:04","modified_gmt":"2023-02-20T11:35:04","slug":"scatola-di-protezione-per-ispezione-industriale-mavic-2-con-led","status":"publish","type":"product","link":"https:\/\/iha-race.com\/it\/prodotto\/scatola-di-protezione-per-ispezione-industriale-mavic-2-con-led\/","title":{"rendered":"Scatola di protezione per ispezione industriale Mavic 2 (con led)"},"content":{"rendered":"<h2><strong>Scatola di protezione per ispezione industriale Mavic 2 (con led)<\/strong><\/h2>\n<\/p>\n<p>***Drone non incluso<\/p>\n<p>La nostra gabbia protettiva antiurto per spazi confinati industriali Mavic PRO 360\u00b0 \u00e8 stata progettata per rivoluzionare il mondo delle ispezioni industriali. Realizzato principalmente in carbonio e strutturato a nido d&#8217;ape, vi permetter\u00e0 di volare mantenendo leggerezza, comfort, resistenza ma anche tolleranza agli urti.<\/p>\n<p>Sviluppato su un unico asse a 360\u00b0, vi permetter\u00e0 di non alterare le prestazioni del drone in azione e quindi di domare qualsiasi parete grazie alla sua forma.<\/p>\n<p>Per migliorare la vostra esperienza, il feedback video vi consentir\u00e0 inizialmente di verificare e perfezionare la vostra ricerca mentre viene condotto il volo, ma anche di guidare il pilota remoto in modo pi\u00f9 efficiente. Infine, naturalmente, vi permetter\u00e0 di ottenere una migliore concentrazione per una migliore esperienza.<\/p><\/p>\n","protected":false},"excerpt":{"rendered":"<p>Scatola di protezione per ispezione industriale Mavic 2 (con led) ***Drone non incluso La nostra gabbia protettiva antiurto per spazi confinati industriali Mavic PRO 360\u00b0 \u00e8 stata progettata per rivoluzionare<\/p>\n","protected":false},"featured_media":224615,"comment_status":"open","ping_status":"closed","template":"","meta":{"_joinchat":[]},"pwb-brand":[],"product_cat":[166],"product_tag":[],"class_list":{"0":"post-224623","1":"product","2":"type-product","3":"status-publish","4":"has-post-thumbnail","6":"product_cat-aviones-alas","8":"first","9":"instock","10":"taxable","11":"shipping-taxable","12":"purchasable","13":"product-type-simple"},"barcode":null,"atum_controlled":true,"out_stock_date":null,"out_stock_threshold":null,"inheritable":false,"stock_on_hold":0,"sold_today":0,"sales_last_days":0,"out_stock_days":0,"lost_sales":0,"update_date":"2024-01-05T08:16:48","atum_locations":[],"atum_stock_status":"instock","restock_status":false,"low_stock_amount":"","sales_update_date":"2024-01-05T08:16:48","calc_backorders":null,"yoast_head":"<!-- This site is optimized with the Yoast SEO plugin v27.3 - https:\/\/yoast.com\/product\/yoast-seo-wordpress\/ -->\n<title>Scatola di protezione per ispezione industriale Mavic 2 (con led) - Iha Race<\/title>\n<meta name=\"robots\" content=\"index, follow, max-snippet:-1, max-image-preview:large, max-video-preview:-1\" \/>\n<link rel=\"canonical\" href=\"https:\/\/iha-race.com\/it\/prodotto\/scatola-di-protezione-per-ispezione-industriale-mavic-2-con-led\/\" \/>\n<meta property=\"og:locale\" content=\"it_IT\" \/>\n<meta property=\"og:type\" content=\"article\" \/>\n<meta property=\"og:title\" content=\"Scatola di protezione per ispezione industriale Mavic 2 (con led) - Iha Race\" \/>\n<meta property=\"og:description\" content=\"Scatola di protezione per ispezione industriale Mavic 2 (con led) ***Drone non incluso La nostra gabbia protettiva antiurto per spazi confinati industriali Mavic PRO 360\u00b0 \u00e8 stata progettata per rivoluzionare\" \/>\n<meta property=\"og:url\" content=\"https:\/\/iha-race.com\/it\/prodotto\/scatola-di-protezione-per-ispezione-industriale-mavic-2-con-led\/\" \/>\n<meta property=\"og:site_name\" content=\"Iha Race\" \/>\n<meta name=\"twitter:card\" content=\"summary_large_image\" \/>\n<meta name=\"twitter:label1\" content=\"Tempo di lettura stimato\" \/>\n\t<meta name=\"twitter:data1\" content=\"1 minuto\" \/>\n<script type=\"application\/ld+json\" class=\"yoast-schema-graph\">{\"@context\":\"https:\\\/\\\/schema.org\",\"@graph\":[{\"@type\":\"WebPage\",\"@id\":\"https:\\\/\\\/iha-race.com\\\/it\\\/prodotto\\\/scatola-di-protezione-per-ispezione-industriale-mavic-2-con-led\\\/\",\"url\":\"https:\\\/\\\/iha-race.com\\\/it\\\/prodotto\\\/scatola-di-protezione-per-ispezione-industriale-mavic-2-con-led\\\/\",\"name\":\"Scatola di protezione per ispezione industriale Mavic 2 (con led) - Iha Race\",\"isPartOf\":{\"@id\":\"https:\\\/\\\/iha-race.com\\\/it\\\/#website\"},\"primaryImageOfPage\":{\"@id\":\"https:\\\/\\\/iha-race.com\\\/it\\\/prodotto\\\/scatola-di-protezione-per-ispezione-industriale-mavic-2-con-led\\\/#primaryimage\"},\"image\":{\"@id\":\"https:\\\/\\\/iha-race.com\\\/it\\\/prodotto\\\/scatola-di-protezione-per-ispezione-industriale-mavic-2-con-led\\\/#primaryimage\"},\"thumbnailUrl\":\"https:\\\/\\\/iha-race.com\\\/wp-content\\\/uploads\\\/2023\\\/02\\\/da6e68730887dcca4e0e59685aaed8dc-mavic-2-caja-de-proteccion-para-inspeccion-industrial-con-led.jpg.jpeg\",\"datePublished\":\"2023-02-20T11:35:04+00:00\",\"breadcrumb\":{\"@id\":\"https:\\\/\\\/iha-race.com\\\/it\\\/prodotto\\\/scatola-di-protezione-per-ispezione-industriale-mavic-2-con-led\\\/#breadcrumb\"},\"inLanguage\":\"it-IT\",\"potentialAction\":[{\"@type\":\"ReadAction\",\"target\":[\"https:\\\/\\\/iha-race.com\\\/it\\\/prodotto\\\/scatola-di-protezione-per-ispezione-industriale-mavic-2-con-led\\\/\"]}]},{\"@type\":\"ImageObject\",\"inLanguage\":\"it-IT\",\"@id\":\"https:\\\/\\\/iha-race.com\\\/it\\\/prodotto\\\/scatola-di-protezione-per-ispezione-industriale-mavic-2-con-led\\\/#primaryimage\",\"url\":\"https:\\\/\\\/iha-race.com\\\/wp-content\\\/uploads\\\/2023\\\/02\\\/da6e68730887dcca4e0e59685aaed8dc-mavic-2-caja-de-proteccion-para-inspeccion-industrial-con-led.jpg.jpeg\",\"contentUrl\":\"https:\\\/\\\/iha-race.com\\\/wp-content\\\/uploads\\\/2023\\\/02\\\/da6e68730887dcca4e0e59685aaed8dc-mavic-2-caja-de-proteccion-para-inspeccion-industrial-con-led.jpg.jpeg\",\"width\":1100,\"height\":1422},{\"@type\":\"BreadcrumbList\",\"@id\":\"https:\\\/\\\/iha-race.com\\\/it\\\/prodotto\\\/scatola-di-protezione-per-ispezione-industriale-mavic-2-con-led\\\/#breadcrumb\",\"itemListElement\":[{\"@type\":\"ListItem\",\"position\":1,\"name\":\"Portada\",\"item\":\"https:\\\/\\\/iha-race.com\\\/it\\\/\"},{\"@type\":\"ListItem\",\"position\":2,\"name\":\"Negozio\",\"item\":\"https:\\\/\\\/iha-race.com\\\/it\\\/negozio\\\/\"},{\"@type\":\"ListItem\",\"position\":3,\"name\":\"Scatola di protezione per ispezione industriale Mavic 2 (con led)\"}]},{\"@type\":\"WebSite\",\"@id\":\"https:\\\/\\\/iha-race.com\\\/it\\\/#website\",\"url\":\"https:\\\/\\\/iha-race.com\\\/it\\\/\",\"name\":\"Iha Race\",\"description\":\"Comprar drones de carreras FPV env\u00edos en un d\u00eda desde Espa\u00f1a\",\"publisher\":{\"@id\":\"https:\\\/\\\/iha-race.com\\\/it\\\/#organization\"},\"potentialAction\":[{\"@type\":\"SearchAction\",\"target\":{\"@type\":\"EntryPoint\",\"urlTemplate\":\"https:\\\/\\\/iha-race.com\\\/it\\\/?s={search_term_string}\"},\"query-input\":{\"@type\":\"PropertyValueSpecification\",\"valueRequired\":true,\"valueName\":\"search_term_string\"}}],\"inLanguage\":\"it-IT\"},{\"@type\":\"Organization\",\"@id\":\"https:\\\/\\\/iha-race.com\\\/it\\\/#organization\",\"name\":\"Iha Race\",\"url\":\"https:\\\/\\\/iha-race.com\\\/it\\\/\",\"logo\":{\"@type\":\"ImageObject\",\"inLanguage\":\"it-IT\",\"@id\":\"https:\\\/\\\/iha-race.com\\\/it\\\/#\\\/schema\\\/logo\\\/image\\\/\",\"url\":\"https:\\\/\\\/iha-race.com\\\/wp-content\\\/uploads\\\/2018\\\/07\\\/iha-race-drones-de-carreras-tienda-comprar-drones.png\",\"contentUrl\":\"https:\\\/\\\/iha-race.com\\\/wp-content\\\/uploads\\\/2018\\\/07\\\/iha-race-drones-de-carreras-tienda-comprar-drones.png\",\"width\":300,\"height\":100,\"caption\":\"Iha Race\"},\"image\":{\"@id\":\"https:\\\/\\\/iha-race.com\\\/it\\\/#\\\/schema\\\/logo\\\/image\\\/\"}}]}<\/script>\n<!-- \/ Yoast SEO plugin. -->","yoast_head_json":{"title":"Scatola di protezione per ispezione industriale Mavic 2 (con led) - Iha Race","robots":{"index":"index","follow":"follow","max-snippet":"max-snippet:-1","max-image-preview":"max-image-preview:large","max-video-preview":"max-video-preview:-1"},"canonical":"https:\/\/iha-race.com\/it\/prodotto\/scatola-di-protezione-per-ispezione-industriale-mavic-2-con-led\/","og_locale":"it_IT","og_type":"article","og_title":"Scatola di protezione per ispezione industriale Mavic 2 (con led) - Iha Race","og_description":"Scatola di protezione per ispezione industriale Mavic 2 (con led) ***Drone non incluso La nostra gabbia protettiva antiurto per spazi confinati industriali Mavic PRO 360\u00b0 \u00e8 stata progettata per rivoluzionare","og_url":"https:\/\/iha-race.com\/it\/prodotto\/scatola-di-protezione-per-ispezione-industriale-mavic-2-con-led\/","og_site_name":"Iha Race","twitter_card":"summary_large_image","twitter_misc":{"Tempo di lettura stimato":"1 minuto"},"schema":{"@context":"https:\/\/schema.org","@graph":[{"@type":"WebPage","@id":"https:\/\/iha-race.com\/it\/prodotto\/scatola-di-protezione-per-ispezione-industriale-mavic-2-con-led\/","url":"https:\/\/iha-race.com\/it\/prodotto\/scatola-di-protezione-per-ispezione-industriale-mavic-2-con-led\/","name":"Scatola di protezione per ispezione industriale Mavic 2 (con led) - Iha Race","isPartOf":{"@id":"https:\/\/iha-race.com\/it\/#website"},"primaryImageOfPage":{"@id":"https:\/\/iha-race.com\/it\/prodotto\/scatola-di-protezione-per-ispezione-industriale-mavic-2-con-led\/#primaryimage"},"image":{"@id":"https:\/\/iha-race.com\/it\/prodotto\/scatola-di-protezione-per-ispezione-industriale-mavic-2-con-led\/#primaryimage"},"thumbnailUrl":"https:\/\/iha-race.com\/wp-content\/uploads\/2023\/02\/da6e68730887dcca4e0e59685aaed8dc-mavic-2-caja-de-proteccion-para-inspeccion-industrial-con-led.jpg.jpeg","datePublished":"2023-02-20T11:35:04+00:00","breadcrumb":{"@id":"https:\/\/iha-race.com\/it\/prodotto\/scatola-di-protezione-per-ispezione-industriale-mavic-2-con-led\/#breadcrumb"},"inLanguage":"it-IT","potentialAction":[{"@type":"ReadAction","target":["https:\/\/iha-race.com\/it\/prodotto\/scatola-di-protezione-per-ispezione-industriale-mavic-2-con-led\/"]}]},{"@type":"ImageObject","inLanguage":"it-IT","@id":"https:\/\/iha-race.com\/it\/prodotto\/scatola-di-protezione-per-ispezione-industriale-mavic-2-con-led\/#primaryimage","url":"https:\/\/iha-race.com\/wp-content\/uploads\/2023\/02\/da6e68730887dcca4e0e59685aaed8dc-mavic-2-caja-de-proteccion-para-inspeccion-industrial-con-led.jpg.jpeg","contentUrl":"https:\/\/iha-race.com\/wp-content\/uploads\/2023\/02\/da6e68730887dcca4e0e59685aaed8dc-mavic-2-caja-de-proteccion-para-inspeccion-industrial-con-led.jpg.jpeg","width":1100,"height":1422},{"@type":"BreadcrumbList","@id":"https:\/\/iha-race.com\/it\/prodotto\/scatola-di-protezione-per-ispezione-industriale-mavic-2-con-led\/#breadcrumb","itemListElement":[{"@type":"ListItem","position":1,"name":"Portada","item":"https:\/\/iha-race.com\/it\/"},{"@type":"ListItem","position":2,"name":"Negozio","item":"https:\/\/iha-race.com\/it\/negozio\/"},{"@type":"ListItem","position":3,"name":"Scatola di protezione per ispezione industriale Mavic 2 (con led)"}]},{"@type":"WebSite","@id":"https:\/\/iha-race.com\/it\/#website","url":"https:\/\/iha-race.com\/it\/","name":"Iha Race","description":"Comprar drones de carreras FPV env\u00edos en un d\u00eda desde Espa\u00f1a","publisher":{"@id":"https:\/\/iha-race.com\/it\/#organization"},"potentialAction":[{"@type":"SearchAction","target":{"@type":"EntryPoint","urlTemplate":"https:\/\/iha-race.com\/it\/?s={search_term_string}"},"query-input":{"@type":"PropertyValueSpecification","valueRequired":true,"valueName":"search_term_string"}}],"inLanguage":"it-IT"},{"@type":"Organization","@id":"https:\/\/iha-race.com\/it\/#organization","name":"Iha Race","url":"https:\/\/iha-race.com\/it\/","logo":{"@type":"ImageObject","inLanguage":"it-IT","@id":"https:\/\/iha-race.com\/it\/#\/schema\/logo\/image\/","url":"https:\/\/iha-race.com\/wp-content\/uploads\/2018\/07\/iha-race-drones-de-carreras-tienda-comprar-drones.png","contentUrl":"https:\/\/iha-race.com\/wp-content\/uploads\/2018\/07\/iha-race-drones-de-carreras-tienda-comprar-drones.png","width":300,"height":100,"caption":"Iha Race"},"image":{"@id":"https:\/\/iha-race.com\/it\/#\/schema\/logo\/image\/"}}]}},"jetpack_sharing_enabled":true,"brands":[],"_links":{"self":[{"href":"https:\/\/iha-race.com\/it\/wp-json\/wp\/v2\/product\/224623","targetHints":{"allow":["GET"]}}],"collection":[{"href":"https:\/\/iha-race.com\/it\/wp-json\/wp\/v2\/product"}],"about":[{"href":"https:\/\/iha-race.com\/it\/wp-json\/wp\/v2\/types\/product"}],"replies":[{"embeddable":true,"href":"https:\/\/iha-race.com\/it\/wp-json\/wp\/v2\/comments?post=224623"}],"version-history":[{"count":0,"href":"https:\/\/iha-race.com\/it\/wp-json\/wp\/v2\/product\/224623\/revisions"}],"wp:featuredmedia":[{"embeddable":true,"href":"https:\/\/iha-race.com\/it\/wp-json\/wp\/v2\/media\/224615"}],"wp:attachment":[{"href":"https:\/\/iha-race.com\/it\/wp-json\/wp\/v2\/media?parent=224623"}],"wp:term":[{"taxonomy":"pwb-brand","embeddable":true,"href":"https:\/\/iha-race.com\/it\/wp-json\/wp\/v2\/pwb-brand?post=224623"},{"taxonomy":"product_cat","embeddable":true,"href":"https:\/\/iha-race.com\/it\/wp-json\/wp\/v2\/product_cat?post=224623"},{"taxonomy":"product_tag","embeddable":true,"href":"https:\/\/iha-race.com\/it\/wp-json\/wp\/v2\/product_tag?post=224623"}],"curies":[{"name":"wp","href":"https:\/\/api.w.org\/{rel}","templated":true}]}}