{"id":216706,"date":"2023-02-07T12:56:14","date_gmt":"2023-02-07T11:56:14","guid":{"rendered":"https:\/\/iha-race.com\/producto\/hqprop-6x25x3-grigio-chiaro-2cw2ccw\/"},"modified":"2024-07-25T11:10:06","modified_gmt":"2024-07-25T09:10:06","slug":"hqprop-6x2-5x3-gris-claro-2cw2ccw","status":"publish","type":"product","link":"https:\/\/iha-race.com\/it\/prodotto\/hqprop-6x2-5x3-gris-claro-2cw2ccw\/","title":{"rendered":"HQProp 6X2,5X3 grigio chiaro (2CW+2CCW)"},"content":{"rendered":"<h1><span data-sheets-value=\"{\"1\":2,\"2\":\"HQProp 6X2.5X3 gris claro (2CW+2CCW)\"}\" data-sheets-userformat=\"{\"2\":14979,\"3\":{\"1\":0},\"4\":{\"1\":2,\"2\":16777215},\"10\":2,\"12\":0,\"14\":{\"1\":2,\"2\":0},\"15\":\"or, Arial\",\"16\":12}\">HQProp 6X2,5X3 grigio chiaro (2CW+2CCW)<\/span><\/h1>\n<ul>\n<li>Diametro dell&#8217;elica: 6 pollici<\/li>\n<li>Passo: 2,5<\/li>\n<li>Lame: 3<\/li>\n<li>Materiale:<\/li>\n<li>policarbonato<\/li>\n<li>Peso: 5,3 g<\/li>\n<li>Diametro del mozzo: 13,2 mm<\/li>\n<li>Spessore del mozzo: 6,3 mm<\/li>\n<li>Albero: 5 mm<\/li>\n<li>Anelli adattatori: NO<\/li>\n<\/ul>\n<h3>Il pacchetto comprende<\/h3>\n<ul>\n<li>2 eliche CW HQProp 6X2.5X3<\/li>\n<li>2 x CCW HQProp 6X2 Elica .5X3<\/li>\n<\/ul>\n<p>&nbsp;<\/p>\n","protected":false},"excerpt":{"rendered":"<p>HQProp 6X2,5X3 grigio chiaro (2CW+2CCW) Diametro dell&#8217;elica: 6 pollici Passo: 2,5 Lame: 3 Materiale: policarbonato Peso: 5,3 g Diametro del mozzo: 13,2 mm Spessore del mozzo: 6,3 mm Albero: 5<\/p>\n","protected":false},"featured_media":216698,"comment_status":"open","ping_status":"closed","template":"","meta":{"_joinchat":[]},"pwb-brand":[],"product_cat":[1657,1238,1390],"product_tag":[],"class_list":{"0":"post-216706","1":"product","2":"type-product","3":"status-publish","4":"has-post-thumbnail","6":"product_cat-6-it","7":"product_cat-eliche-fpv","8":"product_cat-tripalas-it","10":"first","11":"outofstock","12":"taxable","13":"shipping-taxable","14":"purchasable","15":"product-type-simple"},"barcode":null,"atum_controlled":true,"out_stock_date":"2026-03-19 15:23:57","out_stock_threshold":null,"inheritable":false,"stock_on_hold":0,"sold_today":0,"sales_last_days":0,"out_stock_days":27,"lost_sales":153,"update_date":"2026-04-16T08:25:46","atum_locations":[],"atum_stock_status":"outofstock","restock_status":false,"low_stock_amount":"","sales_update_date":"2026-04-16T08:25:46","calc_backorders":null,"yoast_head":"<!-- This site is optimized with the Yoast SEO plugin v27.3 - https:\/\/yoast.com\/product\/yoast-seo-wordpress\/ -->\n<title>HQProp Eliche FPV 6x2.5x3 Grigio chiaro (2CW+2CCW) | Iha Race<\/title>\n<meta name=\"description\" content=\"HQProp 6x2,5x3 Grigio chiaro (2CW+2CCW) eliche a 3 pale leggere e di alta qualit\u00e0. Mettete le mani sulle eliche HQProp FPV 6x2.5x3 grigio chiaro (2CW+2CCW)!\" \/>\n<meta name=\"robots\" content=\"index, follow, max-snippet:-1, max-image-preview:large, max-video-preview:-1\" \/>\n<link rel=\"canonical\" href=\"https:\/\/iha-race.com\/it\/prodotto\/hqprop-6x2-5x3-gris-claro-2cw2ccw\/\" \/>\n<meta property=\"og:locale\" content=\"it_IT\" \/>\n<meta property=\"og:type\" content=\"article\" \/>\n<meta property=\"og:title\" content=\"HQProp Eliche FPV 6x2.5x3 Grigio chiaro (2CW+2CCW) | Iha Race\" \/>\n<meta property=\"og:description\" content=\"HQProp 6x2,5x3 Grigio chiaro (2CW+2CCW) eliche a 3 pale leggere e di alta qualit\u00e0. Mettete le mani sulle eliche HQProp FPV 6x2.5x3 grigio chiaro (2CW+2CCW)!\" \/>\n<meta property=\"og:url\" content=\"https:\/\/iha-race.com\/it\/prodotto\/hqprop-6x2-5x3-gris-claro-2cw2ccw\/\" \/>\n<meta property=\"og:site_name\" content=\"Iha Race\" \/>\n<meta property=\"article:modified_time\" content=\"2024-07-25T09:10:06+00:00\" \/>\n<meta property=\"og:image\" content=\"https:\/\/iha-race.com\/wp-content\/uploads\/2023\/02\/HQProp-6X2.5X3-gris-claro-2CW2CCW.jpg\" \/>\n\t<meta property=\"og:image:width\" content=\"640\" \/>\n\t<meta property=\"og:image:height\" content=\"640\" \/>\n\t<meta property=\"og:image:type\" content=\"image\/jpeg\" \/>\n<meta name=\"twitter:card\" content=\"summary_large_image\" \/>\n<script type=\"application\/ld+json\" class=\"yoast-schema-graph\">{\"@context\":\"https:\\\/\\\/schema.org\",\"@graph\":[{\"@type\":\"WebPage\",\"@id\":\"https:\\\/\\\/iha-race.com\\\/it\\\/prodotto\\\/hqprop-6x2-5x3-gris-claro-2cw2ccw\\\/\",\"url\":\"https:\\\/\\\/iha-race.com\\\/it\\\/prodotto\\\/hqprop-6x2-5x3-gris-claro-2cw2ccw\\\/\",\"name\":\"HQProp Eliche FPV 6x2.5x3 Grigio chiaro (2CW+2CCW) | Iha Race\",\"isPartOf\":{\"@id\":\"https:\\\/\\\/iha-race.com\\\/it\\\/#website\"},\"primaryImageOfPage\":{\"@id\":\"https:\\\/\\\/iha-race.com\\\/it\\\/prodotto\\\/hqprop-6x2-5x3-gris-claro-2cw2ccw\\\/#primaryimage\"},\"image\":{\"@id\":\"https:\\\/\\\/iha-race.com\\\/it\\\/prodotto\\\/hqprop-6x2-5x3-gris-claro-2cw2ccw\\\/#primaryimage\"},\"thumbnailUrl\":\"https:\\\/\\\/iha-race.com\\\/wp-content\\\/uploads\\\/2023\\\/02\\\/HQProp-6X2.5X3-gris-claro-2CW2CCW.jpg\",\"datePublished\":\"2023-02-07T11:56:14+00:00\",\"dateModified\":\"2024-07-25T09:10:06+00:00\",\"description\":\"HQProp 6x2,5x3 Grigio chiaro (2CW+2CCW) eliche a 3 pale leggere e di alta qualit\u00e0. Mettete le mani sulle eliche HQProp FPV 6x2.5x3 grigio chiaro (2CW+2CCW)!\",\"breadcrumb\":{\"@id\":\"https:\\\/\\\/iha-race.com\\\/it\\\/prodotto\\\/hqprop-6x2-5x3-gris-claro-2cw2ccw\\\/#breadcrumb\"},\"inLanguage\":\"it-IT\",\"potentialAction\":[{\"@type\":\"ReadAction\",\"target\":[\"https:\\\/\\\/iha-race.com\\\/it\\\/prodotto\\\/hqprop-6x2-5x3-gris-claro-2cw2ccw\\\/\"]}]},{\"@type\":\"ImageObject\",\"inLanguage\":\"it-IT\",\"@id\":\"https:\\\/\\\/iha-race.com\\\/it\\\/prodotto\\\/hqprop-6x2-5x3-gris-claro-2cw2ccw\\\/#primaryimage\",\"url\":\"https:\\\/\\\/iha-race.com\\\/wp-content\\\/uploads\\\/2023\\\/02\\\/HQProp-6X2.5X3-gris-claro-2CW2CCW.jpg\",\"contentUrl\":\"https:\\\/\\\/iha-race.com\\\/wp-content\\\/uploads\\\/2023\\\/02\\\/HQProp-6X2.5X3-gris-claro-2CW2CCW.jpg\",\"width\":640,\"height\":640,\"caption\":\"H\u00e9lices FPV HQProp 6x2.5x3 Gris Claro (2CW+2CCW)\"},{\"@type\":\"BreadcrumbList\",\"@id\":\"https:\\\/\\\/iha-race.com\\\/it\\\/prodotto\\\/hqprop-6x2-5x3-gris-claro-2cw2ccw\\\/#breadcrumb\",\"itemListElement\":[{\"@type\":\"ListItem\",\"position\":1,\"name\":\"Portada\",\"item\":\"https:\\\/\\\/iha-race.com\\\/it\\\/\"},{\"@type\":\"ListItem\",\"position\":2,\"name\":\"Negozio\",\"item\":\"https:\\\/\\\/iha-race.com\\\/it\\\/negozio\\\/\"},{\"@type\":\"ListItem\",\"position\":3,\"name\":\"HQProp 6X2,5X3 grigio chiaro (2CW+2CCW)\"}]},{\"@type\":\"WebSite\",\"@id\":\"https:\\\/\\\/iha-race.com\\\/it\\\/#website\",\"url\":\"https:\\\/\\\/iha-race.com\\\/it\\\/\",\"name\":\"Iha Race\",\"description\":\"Comprar drones de carreras FPV env\u00edos en un d\u00eda desde Espa\u00f1a\",\"publisher\":{\"@id\":\"https:\\\/\\\/iha-race.com\\\/it\\\/#organization\"},\"potentialAction\":[{\"@type\":\"SearchAction\",\"target\":{\"@type\":\"EntryPoint\",\"urlTemplate\":\"https:\\\/\\\/iha-race.com\\\/it\\\/?s={search_term_string}\"},\"query-input\":{\"@type\":\"PropertyValueSpecification\",\"valueRequired\":true,\"valueName\":\"search_term_string\"}}],\"inLanguage\":\"it-IT\"},{\"@type\":\"Organization\",\"@id\":\"https:\\\/\\\/iha-race.com\\\/it\\\/#organization\",\"name\":\"Iha Race\",\"url\":\"https:\\\/\\\/iha-race.com\\\/it\\\/\",\"logo\":{\"@type\":\"ImageObject\",\"inLanguage\":\"it-IT\",\"@id\":\"https:\\\/\\\/iha-race.com\\\/it\\\/#\\\/schema\\\/logo\\\/image\\\/\",\"url\":\"https:\\\/\\\/iha-race.com\\\/wp-content\\\/uploads\\\/2018\\\/07\\\/iha-race-drones-de-carreras-tienda-comprar-drones.png\",\"contentUrl\":\"https:\\\/\\\/iha-race.com\\\/wp-content\\\/uploads\\\/2018\\\/07\\\/iha-race-drones-de-carreras-tienda-comprar-drones.png\",\"width\":300,\"height\":100,\"caption\":\"Iha Race\"},\"image\":{\"@id\":\"https:\\\/\\\/iha-race.com\\\/it\\\/#\\\/schema\\\/logo\\\/image\\\/\"}}]}<\/script>\n<!-- \/ Yoast SEO plugin. -->","yoast_head_json":{"title":"HQProp Eliche FPV 6x2.5x3 Grigio chiaro (2CW+2CCW) | Iha Race","description":"HQProp 6x2,5x3 Grigio chiaro (2CW+2CCW) eliche a 3 pale leggere e di alta qualit\u00e0. Mettete le mani sulle eliche HQProp FPV 6x2.5x3 grigio chiaro (2CW+2CCW)!","robots":{"index":"index","follow":"follow","max-snippet":"max-snippet:-1","max-image-preview":"max-image-preview:large","max-video-preview":"max-video-preview:-1"},"canonical":"https:\/\/iha-race.com\/it\/prodotto\/hqprop-6x2-5x3-gris-claro-2cw2ccw\/","og_locale":"it_IT","og_type":"article","og_title":"HQProp Eliche FPV 6x2.5x3 Grigio chiaro (2CW+2CCW) | Iha Race","og_description":"HQProp 6x2,5x3 Grigio chiaro (2CW+2CCW) eliche a 3 pale leggere e di alta qualit\u00e0. Mettete le mani sulle eliche HQProp FPV 6x2.5x3 grigio chiaro (2CW+2CCW)!","og_url":"https:\/\/iha-race.com\/it\/prodotto\/hqprop-6x2-5x3-gris-claro-2cw2ccw\/","og_site_name":"Iha Race","article_modified_time":"2024-07-25T09:10:06+00:00","og_image":[{"width":640,"height":640,"url":"https:\/\/iha-race.com\/wp-content\/uploads\/2023\/02\/HQProp-6X2.5X3-gris-claro-2CW2CCW.jpg","type":"image\/jpeg"}],"twitter_card":"summary_large_image","schema":{"@context":"https:\/\/schema.org","@graph":[{"@type":"WebPage","@id":"https:\/\/iha-race.com\/it\/prodotto\/hqprop-6x2-5x3-gris-claro-2cw2ccw\/","url":"https:\/\/iha-race.com\/it\/prodotto\/hqprop-6x2-5x3-gris-claro-2cw2ccw\/","name":"HQProp Eliche FPV 6x2.5x3 Grigio chiaro (2CW+2CCW) | Iha Race","isPartOf":{"@id":"https:\/\/iha-race.com\/it\/#website"},"primaryImageOfPage":{"@id":"https:\/\/iha-race.com\/it\/prodotto\/hqprop-6x2-5x3-gris-claro-2cw2ccw\/#primaryimage"},"image":{"@id":"https:\/\/iha-race.com\/it\/prodotto\/hqprop-6x2-5x3-gris-claro-2cw2ccw\/#primaryimage"},"thumbnailUrl":"https:\/\/iha-race.com\/wp-content\/uploads\/2023\/02\/HQProp-6X2.5X3-gris-claro-2CW2CCW.jpg","datePublished":"2023-02-07T11:56:14+00:00","dateModified":"2024-07-25T09:10:06+00:00","description":"HQProp 6x2,5x3 Grigio chiaro (2CW+2CCW) eliche a 3 pale leggere e di alta qualit\u00e0. Mettete le mani sulle eliche HQProp FPV 6x2.5x3 grigio chiaro (2CW+2CCW)!","breadcrumb":{"@id":"https:\/\/iha-race.com\/it\/prodotto\/hqprop-6x2-5x3-gris-claro-2cw2ccw\/#breadcrumb"},"inLanguage":"it-IT","potentialAction":[{"@type":"ReadAction","target":["https:\/\/iha-race.com\/it\/prodotto\/hqprop-6x2-5x3-gris-claro-2cw2ccw\/"]}]},{"@type":"ImageObject","inLanguage":"it-IT","@id":"https:\/\/iha-race.com\/it\/prodotto\/hqprop-6x2-5x3-gris-claro-2cw2ccw\/#primaryimage","url":"https:\/\/iha-race.com\/wp-content\/uploads\/2023\/02\/HQProp-6X2.5X3-gris-claro-2CW2CCW.jpg","contentUrl":"https:\/\/iha-race.com\/wp-content\/uploads\/2023\/02\/HQProp-6X2.5X3-gris-claro-2CW2CCW.jpg","width":640,"height":640,"caption":"H\u00e9lices FPV HQProp 6x2.5x3 Gris Claro (2CW+2CCW)"},{"@type":"BreadcrumbList","@id":"https:\/\/iha-race.com\/it\/prodotto\/hqprop-6x2-5x3-gris-claro-2cw2ccw\/#breadcrumb","itemListElement":[{"@type":"ListItem","position":1,"name":"Portada","item":"https:\/\/iha-race.com\/it\/"},{"@type":"ListItem","position":2,"name":"Negozio","item":"https:\/\/iha-race.com\/it\/negozio\/"},{"@type":"ListItem","position":3,"name":"HQProp 6X2,5X3 grigio chiaro (2CW+2CCW)"}]},{"@type":"WebSite","@id":"https:\/\/iha-race.com\/it\/#website","url":"https:\/\/iha-race.com\/it\/","name":"Iha Race","description":"Comprar drones de carreras FPV env\u00edos en un d\u00eda desde Espa\u00f1a","publisher":{"@id":"https:\/\/iha-race.com\/it\/#organization"},"potentialAction":[{"@type":"SearchAction","target":{"@type":"EntryPoint","urlTemplate":"https:\/\/iha-race.com\/it\/?s={search_term_string}"},"query-input":{"@type":"PropertyValueSpecification","valueRequired":true,"valueName":"search_term_string"}}],"inLanguage":"it-IT"},{"@type":"Organization","@id":"https:\/\/iha-race.com\/it\/#organization","name":"Iha Race","url":"https:\/\/iha-race.com\/it\/","logo":{"@type":"ImageObject","inLanguage":"it-IT","@id":"https:\/\/iha-race.com\/it\/#\/schema\/logo\/image\/","url":"https:\/\/iha-race.com\/wp-content\/uploads\/2018\/07\/iha-race-drones-de-carreras-tienda-comprar-drones.png","contentUrl":"https:\/\/iha-race.com\/wp-content\/uploads\/2018\/07\/iha-race-drones-de-carreras-tienda-comprar-drones.png","width":300,"height":100,"caption":"Iha Race"},"image":{"@id":"https:\/\/iha-race.com\/it\/#\/schema\/logo\/image\/"}}]}},"brands":[],"_links":{"self":[{"href":"https:\/\/iha-race.com\/it\/wp-json\/wp\/v2\/product\/216706","targetHints":{"allow":["GET"]}}],"collection":[{"href":"https:\/\/iha-race.com\/it\/wp-json\/wp\/v2\/product"}],"about":[{"href":"https:\/\/iha-race.com\/it\/wp-json\/wp\/v2\/types\/product"}],"replies":[{"embeddable":true,"href":"https:\/\/iha-race.com\/it\/wp-json\/wp\/v2\/comments?post=216706"}],"version-history":[{"count":3,"href":"https:\/\/iha-race.com\/it\/wp-json\/wp\/v2\/product\/216706\/revisions"}],"predecessor-version":[{"id":216727,"href":"https:\/\/iha-race.com\/it\/wp-json\/wp\/v2\/product\/216706\/revisions\/216727"}],"wp:featuredmedia":[{"embeddable":true,"href":"https:\/\/iha-race.com\/it\/wp-json\/wp\/v2\/media\/216698"}],"wp:attachment":[{"href":"https:\/\/iha-race.com\/it\/wp-json\/wp\/v2\/media?parent=216706"}],"wp:term":[{"taxonomy":"pwb-brand","embeddable":true,"href":"https:\/\/iha-race.com\/it\/wp-json\/wp\/v2\/pwb-brand?post=216706"},{"taxonomy":"product_cat","embeddable":true,"href":"https:\/\/iha-race.com\/it\/wp-json\/wp\/v2\/product_cat?post=216706"},{"taxonomy":"product_tag","embeddable":true,"href":"https:\/\/iha-race.com\/it\/wp-json\/wp\/v2\/product_tag?post=216706"}],"curies":[{"name":"wp","href":"https:\/\/api.w.org\/{rel}","templated":true}]}}