{"id":216205,"date":"2023-01-25T18:35:04","date_gmt":"2023-01-25T17:35:04","guid":{"rendered":"https:\/\/iha-race.com\/producto\/dji-mini-3-dji-rc\/"},"modified":"2023-01-26T18:21:38","modified_gmt":"2023-01-26T17:21:38","slug":"dji-mini-3-dji-rc","status":"publish","type":"product","link":"https:\/\/iha-race.com\/it\/prodotto\/dji-mini-3-dji-rc\/","title":{"rendered":"DJI Mini 3 (DJI RC)"},"content":{"rendered":"<h1>DJI Mini 3 (DJI RC)<\/h1>\n<p><img decoding=\"async\" src=\"https:\/\/djiarsmadrid.com\/img\/cms\/Mini%203\/1920_750.png\" alt=\"1920_750.png\"><\/p>\n<h3><b><strong>Toccare il cielo<\/strong><\/b><\/h3>\n<ul style=\"font-weight: 400;\">\n<li>Meno di 249 g<\/li>\n<li>Maggiore durata della batteria<\/li>\n<li>Video 4K HDR<\/li>\n<li>Registrazione verticale<\/li>\n<li>Funzioni intelligenti<\/li>\n<li>Resistenza al vento di 38 km\/h (livello 5)<\/li>\n<\/ul>\n<p><img decoding=\"async\" src=\"https:\/\/djiarsmadrid.com\/img\/cms\/Mini%203\/Producto\/1.jpg\" alt=\"1\"><img decoding=\"async\" src=\"https:\/\/djiarsmadrid.com\/img\/cms\/Mini%203\/Producto\/2.jpg\" alt=\"\"><\/p>\n<h3 style=\"font-weight: 400;\"><b><strong>Al di sopra della norma<\/strong><\/b><\/h3>\n<p><img decoding=\"async\" src=\"https:\/\/djiarsmadrid.com\/img\/cms\/Mini%203\/Producto\/3.jpg\" alt=\"\"><\/p>\n<h3 style=\"font-weight: 400;\"><b><strong>Voli <em>lunghi<\/em><\/strong><\/b><\/h3>\n<p style=\"font-weight: 400;\">Dimenticate l&#8217;ansia da batteria e volate con fiducia e tranquillit\u00e0. Il DJI Mini 3 viene fornito con la batteria di volo intelligente standard che offre un tempo di volo massimo di 38 minuti.<\/p>\n<p><img decoding=\"async\" src=\"https:\/\/djiarsmadrid.com\/img\/cms\/Mini%203\/Producto\/4.jpg\" alt=\"\"><\/p>\n<h3 style=\"font-weight: 400;\"><b><strong>Trasformate la vostra immaginazione in immagini nitide<\/strong><\/b><\/h3>\n<h4 style=\"font-weight: 400;\"><b><strong>Fai volare i colori<\/strong><\/b><\/h4>\n<p style=\"font-weight: 400;\">Riprendete splendidi video 4K HDR con colori fedeli sia di giorno che di notte. <sup>[3]<\/sup> La fotocamera del Mavic 3 \u00e8 dotata di un sensore CMOS da 1\/1,3 pollici con doppio ISO nativo e tecnologia HDR a livello di chip.<\/p>\n<p style=\"font-weight: 400;\">Durante il giorno, cattura i dettagli nelle luci e nelle ombre per ottenere risultati visivi ricchi di sfumature e profondit\u00e0.<\/p>\n<p style=\"font-weight: 400;\">Cattura ancora con chiarezza e brillantezza, anche dopo il tramonto.<\/p>\n<h4 style=\"font-weight: 400;\"><b><strong>Tutto sta nei dettagli<\/strong><\/b><\/h4>\n<p style=\"font-weight: 400;\">L&#8217;apertura f\/1,7 della fotocamera e i pixel 4-in-1 pi\u00f9 grandi da 2,4 \u03bcm registrano dettagli pi\u00f9 nitidi e producono immagini eccezionali anche in situazioni di scarsa illuminazione. E con lo zoom 4x \u00e8 possibile esplorare di pi\u00f9 e pianificare le inquadrature prima di scattare.<\/p>\n<h4 style=\"font-weight: 400;\"><b><strong>Veramente verticale<\/strong><\/b><\/h4>\n<p style=\"font-weight: 400;\">Che si tratti di un albero rigoglioso o di un imponente grattacielo, \u00e8 possibile comporre esteticamente gli scatti e mantenere tutto nell&#8217;inquadratura. L&#8217;innovativo design dello stabilizzatore consente alla telecamera di inclinarsi con angolazioni ampie. Con un rapido passaggio alla registrazione verticale, uno scatto casuale diventa una vera e propria opera d&#8217;arte, pronta per essere condivisa sui social media.<\/p>\n<p><img decoding=\"async\" src=\"https:\/\/djiarsmadrid.com\/img\/cms\/Mini%203\/Producto\/7.jpg\" alt=\"\"><\/p>\n<h4 style=\"font-weight: 400;\"><b><strong>Massimo impatto, minimo sforzo<\/strong><\/b><\/h4>\n<p style=\"font-weight: 400;\">Per ottenere colpi di livello avanzato in pochi secondi, basta premere i QuickShots, come Dronie, Orbit, Spiral, Rocket e Boomerang.<\/p>\n<p style=\"font-weight: 400;\">\u00c8 possibile inviare i risultati al proprio dispositivo mobile per salvarli o condividerli rapidamente con QuickTransfer.<\/p>\n<p><img decoding=\"async\" src=\"https:\/\/djiarsmadrid.com\/img\/cms\/Mini%203\/Producto\/8.jpg\" alt=\"8\"><\/p>\n<p style=\"font-weight: 400;\"><b><strong>Libero come il vento<\/strong><\/b><\/p>\n<p style=\"font-weight: 400;\">Volete filmare sulle coste o nelle valli ventose? Nessun problema. Il DJI Mini 3 vola senza problemi e in modo stabile con venti fino a 10,7 m\/s. Inoltre, grazie alla trasmissione video digitale DJI O2, gode di una portata di 10 km <sup>[4]<\/sup> e di una potente capacit\u00e0 anti-jamming.<\/p>\n<p>&nbsp;<\/p>\n<p><img decoding=\"async\" src=\"https:\/\/djiarsmadrid.com\/img\/cms\/Mini%203\/Producto\/10.jpg\" alt=\"10\"><\/p>\n<h3 style=\"font-weight: 400;\"><b><strong>Godetevi il panorama<\/strong><\/b><\/h3>\n<p><img decoding=\"async\" src=\"https:\/\/djiarsmadrid.com\/img\/cms\/Mini%203\/Producto\/12.jpg\" alt=\"\"><\/p>\n<h3 style=\"font-weight: 400;\"><b><strong>\u00c8 tutto cos\u00ec semplice<\/strong><\/b><\/h3>\n<p style=\"font-weight: 400;\">Volare \u00e8 pi\u00f9 facile di quanto si pensi e il DJI Mini 3 \u00e8 dotato di una serie di funzioni intelligenti che vi aiuteranno a iniziare prima possibile.<\/p>\n<ul>\n<li style=\"font-weight: 400;\">La funzione di decollo automatico vi aiuta a iniziare il vostro viaggio in aria.<\/li>\n<li style=\"font-weight: 400;\">La funzione di ritorno al punto di origine (RPO) comprende Smart RPO, Low Battery RPO e Safety RPO. Questa funzione indica al velivolo di tornare automaticamente al punto di origine in situazioni quali la perdita di segnale o la batteria scarica.<\/li>\n<li style=\"font-weight: 400;\">Il velivolo combina il GNSS con il sistema di visione inferiore e il sistema di rilevamento a infrarossi per mantenere un hovering stabile e preciso, in modo da poter volare in tutta tranquillit\u00e0.<\/li>\n<\/ul>\n<h3 style=\"font-weight: 400;\"><b><br \/>\n  <strong>Un kit di strumenti per liberare la vostra creativit\u00e0 <\/strong><br \/>\n<\/b><b><br \/>\n  <strong>Accessori realizzati per il Mini<\/strong><br \/>\n<\/b><\/h3>\n<ol>\n<li style=\"font-weight: 400;\"><b><strong> DJI RC<\/strong><\/b><\/li>\n<\/ol>\n<p style=\"font-weight: 400;\">Un telecomando leggero e facile da usare con display integrato. Grazie all&#8217;app DJI Fly integrata, \u00e8 pronto per l&#8217;uso senza la necessit\u00e0 di collegarsi a uno smartphone, in modo da poter decollare immediatamente e godere di un maggior numero di riprese aeree.<\/p>\n<ol start=\"2\">\n<li style=\"font-weight: 400;\"><b><strong>  Batteria di volo intelligente<\/strong><\/b><\/li>\n<\/ol>\n<p style=\"font-weight: 400;\">Garantiscono un volo tranquillo e senza problemi. La batteria smart flight standard ha un&#8217;autonomia massima di 38 minuti.<\/p>\n<ol start=\"3\">\n<li style=\"font-weight: 400;\"><b><strong>  Centro di carico bidirezionale<\/strong><\/b><\/li>\n<\/ol>\n<p style=\"font-weight: 400;\">Caricare il telecomando e le tre batterie in sequenza. Inoltre, funge da alimentatore mobile e consente di riporre le batterie per un comodo trasporto.<\/p>\n<ol start=\"4\">\n<li style=\"font-weight: 400;\"><b><strong>  Set di filtri ND<\/strong><\/b><\/li>\n<\/ol>\n<p style=\"font-weight: 400;\">Adattate la fotocamera Mini 3 all&#8217;illuminazione intensa con i filtri ND16\/64\/256 per essere sempre pronti allo scatto perfetto.<\/p>\n<ol start=\"5\">\n<li style=\"font-weight: 400;\"><b><strong>  Protezione dell&#8217;elica a 360\u00b0<\/strong><\/b><\/li>\n<\/ol>\n<p style=\"font-weight: 400;\">Protegge completamente le eliche ed \u00e8 facile da montare e smontare, per garantire la sicurezza del volo in modo semplice ed efficiente.<\/p>\n<ol start=\"6\">\n<li style=\"font-weight: 400;\"><b><strong>  Fissaggio dell&#8217;elica<\/strong><\/b><\/li>\n<\/ol>\n<p style=\"font-weight: 400;\">Fissa le eliche anteriori e posteriori quando l&#8217;aereo \u00e8 ripiegato per riporlo comodamente. Basta metterlo nello zaino e partire.<\/p>\n<p>&nbsp;<\/p>\n<h3>Il pacchetto comprende<\/h3>\n<p>&nbsp;<\/p>\n<p><img decoding=\"async\" src=\"https:\/\/djiarsmadrid.com\/img\/cms\/Mini%203\/combos\/DJI%20RC\/6941565949912%20-%208.jpg\" alt=\"6941565949912_-_7\"><\/p>\n<p>&nbsp;<\/p>\n<p style=\"font-weight: 400;\"><strong><em>* Prima di volare, verificare sempre le leggi e le normative locali e rispettarle in ogni momento.<\/em><\/strong><\/p>\n<p style=\"font-weight: 400;\"><strong><em>** Testato con un modello di produzione DJI Mini 3 in un ambiente controllato. L&#8217;esperienza effettiva pu\u00f2 variare a seconda dell&#8217;ambiente, dell&#8217;uso e della versione del firmware.<\/em><\/strong><\/p>\n<p style=\"font-weight: 400;\"><strong><em>*** Tutti i video e le foto di questa pagina sono stati registrati nel pieno rispetto delle leggi e delle normative locali.<\/em><\/strong><\/p>\n<p style=\"font-weight: 400;\"><strong><em>**** Il DJI Mini 3 deve essere attivato tramite l&#8217;applicazione DJI Fly prima dell&#8217;uso.<\/em><\/strong><\/p>\n<ol>\n<li style=\"font-weight: 400;\"><em>Peso standard dell&#8217;aeromobile (compresi batteria di volo intelligente, eliche e scheda microSD). Il peso effettivo del prodotto pu\u00f2 variare a causa di differenze nei materiali del lotto e di fattori esterni. In alcuni Paesi e regioni non \u00e8 richiesta alcuna registrazione. Prima dell&#8217;uso, verificare sempre le leggi e le normative locali.<\/em><\/li>\n<li style=\"font-weight: 400;\"><em>Misurato a una velocit\u00e0 costante di 21,6 km\/h e in assenza di vento. Con la batteria di volo intelligente, l&#8217;aereo pu\u00f2 volare fino a 38 minuti. Prima di volare, controllate sempre le leggi e le normative locali e rispettatele in ogni momento.<\/em><\/li>\n<li style=\"font-weight: 400;\"><em>I video HDR non supportano la registrazione video a pi\u00f9 di 30 fps.<\/em><\/li>\n<li style=\"font-weight: 400;\"><em>Conforme alle norme FCC e testato in un ambiente esterno aperto e privo di interferenze.<\/em><\/li>\n<li style=\"font-weight: 400;\"><em>Gli accessori elencati sono venduti separatamente. La disponibilit\u00e0 pu\u00f2 variare.<\/em><\/li>\n<\/ol>\n<p style=\"font-weight: 400;\">\n","protected":false},"excerpt":{"rendered":"<h3><span style=\"color: #ff0000;\"><strong>PRE-ORDINE 60 GIORNI<\/strong><\/span><\/h3>\n","protected":false},"featured_media":216185,"comment_status":"open","ping_status":"closed","template":"","meta":{"_joinchat":[]},"pwb-brand":[3567],"product_cat":[3329,3376],"product_tag":[],"class_list":{"0":"post-216205","1":"product","2":"type-product","3":"status-publish","4":"has-post-thumbnail","6":"pwb-brand-dji","7":"product_cat-dji-it","8":"product_cat-mavic-it","10":"first","11":"instock","12":"taxable","13":"shipping-taxable","14":"purchasable","15":"product-type-simple"},"barcode":null,"atum_controlled":true,"out_stock_date":null,"out_stock_threshold":null,"inheritable":false,"stock_on_hold":0,"sold_today":0,"sales_last_days":0,"out_stock_days":0,"lost_sales":0,"update_date":"2025-05-12T10:50:30","atum_locations":[],"atum_stock_status":"instock","restock_status":false,"low_stock_amount":"","sales_update_date":"2024-01-05T08:17:03","calc_backorders":null,"yoast_head":"<!-- This site is optimized with the Yoast SEO plugin v27.3 - https:\/\/yoast.com\/product\/yoast-seo-wordpress\/ -->\n<title>DJI Mini 3 (DJI RC) - Iha Race<\/title>\n<meta name=\"robots\" content=\"index, follow, max-snippet:-1, max-image-preview:large, max-video-preview:-1\" \/>\n<link rel=\"canonical\" href=\"https:\/\/iha-race.com\/it\/prodotto\/dji-mini-3-dji-rc\/\" \/>\n<meta property=\"og:locale\" content=\"it_IT\" \/>\n<meta property=\"og:type\" content=\"article\" \/>\n<meta property=\"og:title\" content=\"DJI Mini 3 (DJI RC) - Iha Race\" \/>\n<meta property=\"og:description\" content=\"PRE-ORDINE 60 GIORNI\" \/>\n<meta property=\"og:url\" content=\"https:\/\/iha-race.com\/it\/prodotto\/dji-mini-3-dji-rc\/\" \/>\n<meta property=\"og:site_name\" content=\"Iha Race\" \/>\n<meta property=\"article:modified_time\" content=\"2023-01-26T17:21:38+00:00\" \/>\n<meta property=\"og:image\" content=\"https:\/\/iha-race.com\/wp-content\/uploads\/2023\/01\/Pack-DJI-Mini-3-Vuela-Mas-DJI-RC.png\" \/>\n\t<meta property=\"og:image:width\" content=\"1100\" \/>\n\t<meta property=\"og:image:height\" content=\"1422\" \/>\n\t<meta property=\"og:image:type\" content=\"image\/png\" \/>\n<meta name=\"twitter:card\" content=\"summary_large_image\" \/>\n<meta name=\"twitter:label1\" content=\"Tempo di lettura stimato\" \/>\n\t<meta name=\"twitter:data1\" content=\"4 minuti\" \/>\n<script type=\"application\/ld+json\" class=\"yoast-schema-graph\">{\"@context\":\"https:\\\/\\\/schema.org\",\"@graph\":[{\"@type\":\"WebPage\",\"@id\":\"https:\\\/\\\/iha-race.com\\\/it\\\/prodotto\\\/dji-mini-3-dji-rc\\\/\",\"url\":\"https:\\\/\\\/iha-race.com\\\/it\\\/prodotto\\\/dji-mini-3-dji-rc\\\/\",\"name\":\"DJI Mini 3 (DJI RC) - Iha Race\",\"isPartOf\":{\"@id\":\"https:\\\/\\\/iha-race.com\\\/it\\\/#website\"},\"primaryImageOfPage\":{\"@id\":\"https:\\\/\\\/iha-race.com\\\/it\\\/prodotto\\\/dji-mini-3-dji-rc\\\/#primaryimage\"},\"image\":{\"@id\":\"https:\\\/\\\/iha-race.com\\\/it\\\/prodotto\\\/dji-mini-3-dji-rc\\\/#primaryimage\"},\"thumbnailUrl\":\"https:\\\/\\\/iha-race.com\\\/wp-content\\\/uploads\\\/2023\\\/01\\\/Pack-DJI-Mini-3-Vuela-Mas-DJI-RC.png\",\"datePublished\":\"2023-01-25T17:35:04+00:00\",\"dateModified\":\"2023-01-26T17:21:38+00:00\",\"breadcrumb\":{\"@id\":\"https:\\\/\\\/iha-race.com\\\/it\\\/prodotto\\\/dji-mini-3-dji-rc\\\/#breadcrumb\"},\"inLanguage\":\"it-IT\",\"potentialAction\":[{\"@type\":\"ReadAction\",\"target\":[\"https:\\\/\\\/iha-race.com\\\/it\\\/prodotto\\\/dji-mini-3-dji-rc\\\/\"]}]},{\"@type\":\"ImageObject\",\"inLanguage\":\"it-IT\",\"@id\":\"https:\\\/\\\/iha-race.com\\\/it\\\/prodotto\\\/dji-mini-3-dji-rc\\\/#primaryimage\",\"url\":\"https:\\\/\\\/iha-race.com\\\/wp-content\\\/uploads\\\/2023\\\/01\\\/Pack-DJI-Mini-3-Vuela-Mas-DJI-RC.png\",\"contentUrl\":\"https:\\\/\\\/iha-race.com\\\/wp-content\\\/uploads\\\/2023\\\/01\\\/Pack-DJI-Mini-3-Vuela-Mas-DJI-RC.png\",\"width\":1100,\"height\":1422},{\"@type\":\"BreadcrumbList\",\"@id\":\"https:\\\/\\\/iha-race.com\\\/it\\\/prodotto\\\/dji-mini-3-dji-rc\\\/#breadcrumb\",\"itemListElement\":[{\"@type\":\"ListItem\",\"position\":1,\"name\":\"Portada\",\"item\":\"https:\\\/\\\/iha-race.com\\\/it\\\/\"},{\"@type\":\"ListItem\",\"position\":2,\"name\":\"Negozio\",\"item\":\"https:\\\/\\\/iha-race.com\\\/it\\\/negozio\\\/\"},{\"@type\":\"ListItem\",\"position\":3,\"name\":\"DJI Mini 3 (DJI RC)\"}]},{\"@type\":\"WebSite\",\"@id\":\"https:\\\/\\\/iha-race.com\\\/it\\\/#website\",\"url\":\"https:\\\/\\\/iha-race.com\\\/it\\\/\",\"name\":\"Iha Race\",\"description\":\"Comprar drones de carreras FPV env\u00edos en un d\u00eda desde Espa\u00f1a\",\"publisher\":{\"@id\":\"https:\\\/\\\/iha-race.com\\\/it\\\/#organization\"},\"potentialAction\":[{\"@type\":\"SearchAction\",\"target\":{\"@type\":\"EntryPoint\",\"urlTemplate\":\"https:\\\/\\\/iha-race.com\\\/it\\\/?s={search_term_string}\"},\"query-input\":{\"@type\":\"PropertyValueSpecification\",\"valueRequired\":true,\"valueName\":\"search_term_string\"}}],\"inLanguage\":\"it-IT\"},{\"@type\":\"Organization\",\"@id\":\"https:\\\/\\\/iha-race.com\\\/it\\\/#organization\",\"name\":\"Iha Race\",\"url\":\"https:\\\/\\\/iha-race.com\\\/it\\\/\",\"logo\":{\"@type\":\"ImageObject\",\"inLanguage\":\"it-IT\",\"@id\":\"https:\\\/\\\/iha-race.com\\\/it\\\/#\\\/schema\\\/logo\\\/image\\\/\",\"url\":\"https:\\\/\\\/iha-race.com\\\/wp-content\\\/uploads\\\/2018\\\/07\\\/iha-race-drones-de-carreras-tienda-comprar-drones.png\",\"contentUrl\":\"https:\\\/\\\/iha-race.com\\\/wp-content\\\/uploads\\\/2018\\\/07\\\/iha-race-drones-de-carreras-tienda-comprar-drones.png\",\"width\":300,\"height\":100,\"caption\":\"Iha Race\"},\"image\":{\"@id\":\"https:\\\/\\\/iha-race.com\\\/it\\\/#\\\/schema\\\/logo\\\/image\\\/\"}}]}<\/script>\n<!-- \/ Yoast SEO plugin. -->","yoast_head_json":{"title":"DJI Mini 3 (DJI RC) - Iha Race","robots":{"index":"index","follow":"follow","max-snippet":"max-snippet:-1","max-image-preview":"max-image-preview:large","max-video-preview":"max-video-preview:-1"},"canonical":"https:\/\/iha-race.com\/it\/prodotto\/dji-mini-3-dji-rc\/","og_locale":"it_IT","og_type":"article","og_title":"DJI Mini 3 (DJI RC) - Iha Race","og_description":"PRE-ORDINE 60 GIORNI","og_url":"https:\/\/iha-race.com\/it\/prodotto\/dji-mini-3-dji-rc\/","og_site_name":"Iha Race","article_modified_time":"2023-01-26T17:21:38+00:00","og_image":[{"width":1100,"height":1422,"url":"https:\/\/iha-race.com\/wp-content\/uploads\/2023\/01\/Pack-DJI-Mini-3-Vuela-Mas-DJI-RC.png","type":"image\/png"}],"twitter_card":"summary_large_image","twitter_misc":{"Tempo di lettura stimato":"4 minuti"},"schema":{"@context":"https:\/\/schema.org","@graph":[{"@type":"WebPage","@id":"https:\/\/iha-race.com\/it\/prodotto\/dji-mini-3-dji-rc\/","url":"https:\/\/iha-race.com\/it\/prodotto\/dji-mini-3-dji-rc\/","name":"DJI Mini 3 (DJI RC) - Iha Race","isPartOf":{"@id":"https:\/\/iha-race.com\/it\/#website"},"primaryImageOfPage":{"@id":"https:\/\/iha-race.com\/it\/prodotto\/dji-mini-3-dji-rc\/#primaryimage"},"image":{"@id":"https:\/\/iha-race.com\/it\/prodotto\/dji-mini-3-dji-rc\/#primaryimage"},"thumbnailUrl":"https:\/\/iha-race.com\/wp-content\/uploads\/2023\/01\/Pack-DJI-Mini-3-Vuela-Mas-DJI-RC.png","datePublished":"2023-01-25T17:35:04+00:00","dateModified":"2023-01-26T17:21:38+00:00","breadcrumb":{"@id":"https:\/\/iha-race.com\/it\/prodotto\/dji-mini-3-dji-rc\/#breadcrumb"},"inLanguage":"it-IT","potentialAction":[{"@type":"ReadAction","target":["https:\/\/iha-race.com\/it\/prodotto\/dji-mini-3-dji-rc\/"]}]},{"@type":"ImageObject","inLanguage":"it-IT","@id":"https:\/\/iha-race.com\/it\/prodotto\/dji-mini-3-dji-rc\/#primaryimage","url":"https:\/\/iha-race.com\/wp-content\/uploads\/2023\/01\/Pack-DJI-Mini-3-Vuela-Mas-DJI-RC.png","contentUrl":"https:\/\/iha-race.com\/wp-content\/uploads\/2023\/01\/Pack-DJI-Mini-3-Vuela-Mas-DJI-RC.png","width":1100,"height":1422},{"@type":"BreadcrumbList","@id":"https:\/\/iha-race.com\/it\/prodotto\/dji-mini-3-dji-rc\/#breadcrumb","itemListElement":[{"@type":"ListItem","position":1,"name":"Portada","item":"https:\/\/iha-race.com\/it\/"},{"@type":"ListItem","position":2,"name":"Negozio","item":"https:\/\/iha-race.com\/it\/negozio\/"},{"@type":"ListItem","position":3,"name":"DJI Mini 3 (DJI RC)"}]},{"@type":"WebSite","@id":"https:\/\/iha-race.com\/it\/#website","url":"https:\/\/iha-race.com\/it\/","name":"Iha Race","description":"Comprar drones de carreras FPV env\u00edos en un d\u00eda desde Espa\u00f1a","publisher":{"@id":"https:\/\/iha-race.com\/it\/#organization"},"potentialAction":[{"@type":"SearchAction","target":{"@type":"EntryPoint","urlTemplate":"https:\/\/iha-race.com\/it\/?s={search_term_string}"},"query-input":{"@type":"PropertyValueSpecification","valueRequired":true,"valueName":"search_term_string"}}],"inLanguage":"it-IT"},{"@type":"Organization","@id":"https:\/\/iha-race.com\/it\/#organization","name":"Iha Race","url":"https:\/\/iha-race.com\/it\/","logo":{"@type":"ImageObject","inLanguage":"it-IT","@id":"https:\/\/iha-race.com\/it\/#\/schema\/logo\/image\/","url":"https:\/\/iha-race.com\/wp-content\/uploads\/2018\/07\/iha-race-drones-de-carreras-tienda-comprar-drones.png","contentUrl":"https:\/\/iha-race.com\/wp-content\/uploads\/2018\/07\/iha-race-drones-de-carreras-tienda-comprar-drones.png","width":300,"height":100,"caption":"Iha Race"},"image":{"@id":"https:\/\/iha-race.com\/it\/#\/schema\/logo\/image\/"}}]}},"jetpack_sharing_enabled":true,"brands":[{"id":3567,"name":"DJI","slug":"dji"}],"_links":{"self":[{"href":"https:\/\/iha-race.com\/it\/wp-json\/wp\/v2\/product\/216205","targetHints":{"allow":["GET"]}}],"collection":[{"href":"https:\/\/iha-race.com\/it\/wp-json\/wp\/v2\/product"}],"about":[{"href":"https:\/\/iha-race.com\/it\/wp-json\/wp\/v2\/types\/product"}],"replies":[{"embeddable":true,"href":"https:\/\/iha-race.com\/it\/wp-json\/wp\/v2\/comments?post=216205"}],"version-history":[{"count":1,"href":"https:\/\/iha-race.com\/it\/wp-json\/wp\/v2\/product\/216205\/revisions"}],"predecessor-version":[{"id":216321,"href":"https:\/\/iha-race.com\/it\/wp-json\/wp\/v2\/product\/216205\/revisions\/216321"}],"wp:featuredmedia":[{"embeddable":true,"href":"https:\/\/iha-race.com\/it\/wp-json\/wp\/v2\/media\/216185"}],"wp:attachment":[{"href":"https:\/\/iha-race.com\/it\/wp-json\/wp\/v2\/media?parent=216205"}],"wp:term":[{"taxonomy":"pwb-brand","embeddable":true,"href":"https:\/\/iha-race.com\/it\/wp-json\/wp\/v2\/pwb-brand?post=216205"},{"taxonomy":"product_cat","embeddable":true,"href":"https:\/\/iha-race.com\/it\/wp-json\/wp\/v2\/product_cat?post=216205"},{"taxonomy":"product_tag","embeddable":true,"href":"https:\/\/iha-race.com\/it\/wp-json\/wp\/v2\/product_tag?post=216205"}],"curies":[{"name":"wp","href":"https:\/\/api.w.org\/{rel}","templated":true}]}}