{"id":216164,"date":"2023-01-25T17:47:10","date_gmt":"2023-01-25T16:47:10","guid":{"rendered":"https:\/\/iha-race.com\/producto\/dji-mini-3-pro-dji-rc\/"},"modified":"2024-08-29T11:28:08","modified_gmt":"2024-08-29T09:28:08","slug":"dji-mini-3-pro-dji-rc","status":"publish","type":"product","link":"https:\/\/iha-race.com\/it\/prodotto\/dji-mini-3-pro-dji-rc\/","title":{"rendered":"DJI Mini 4 Pro + DJI RC"},"content":{"rendered":"<h1 class=\"h1 page-title\">DJI Mini 4 Pro + DJI RC<\/h1>\n<div class=\"product-prices\">\n<div id=\"ProductInfoTabs\" class=\"ui-tabs ui-widget ui-widget-content ui-corner-all epProductInfoTabs ep-js\" data-js=\"\">\n<div id=\"tab-product-description\" class=\"ui-tabs-panel ui-widget-content ui-corner-bottom\" role=\"tabpanel\" aria-labelledby=\"ui-id-1\" aria-hidden=\"false\">\n<div class=\"description\">\n<ul class=\"index__list___oIsDn\">\n<li class=\"index__item___ghRdR index__col-12___FyENw\">\n<div class=\"index__info___DkMXq index__bg___4xV-E\">\n<div class=\"index__desc___YCsc0\">  Con un peso inferiore a 249 g, Mini 4 Pro \u00e8 progettato per essere utilizzato in movimento. Nella maggior parte dei paesi e delle regioni non \u00e8 richiesta alcuna formazione o esame.  <\/p>\n<div class=\"index__img-box___HCCi2\"><span class=\"lazyload-wrapper\"><img fetchpriority=\"high\" decoding=\"async\" src=\"https:\/\/djiarsmadrid.com\/img\/cms\/Mini%204%20pro1\/mini%204%20pro_dji%20madrid%20(5).jpg\" alt=\"\" width=\"800\" height=\"782\"><\/span><\/div>\n<\/div>\n<\/div>\n<\/li>\n<li class=\"index__item___ghRdR index__col-5___2lV-6\">\n<div class=\"index__info___DkMXq\">\n<div class=\"index__desc___YCsc0\">\n<h4>Vola di pi\u00f9, crea di pi\u00f9<\/h4>\n<p>  La batteria di volo intelligente standard offre un&#8217;autonomia fino a 34 minuti, sufficiente per tutte le riprese aeree di cui hai bisogno.  <\/p>\n<div class=\"index__img-box___HCCi2\"><\/div>\n<div class=\"index__img-box___HCCi2\"><\/div>\n<div class=\"index__img-box___HCCi2\"><img decoding=\"async\" src=\"https:\/\/djiarsmadrid.com\/img\/cms\/Mini%204%20pro1\/mini%204%20pro_dji%20madrid%20(1).jpg\" alt=\"\" width=\"800\" height=\"553\"><\/div>\n<\/div>\n<\/div>\n<\/li>\n<li class=\"index__item___ghRdR index__col-7___KDnW2\">\n<div class=\"index__info___DkMXq\">\n<div class=\"index__desc___YCsc0\">\n<h4>Prestazioni d&#8217;immagine? Extra-large<\/h4>\n<p>  Dotato di un sensore CMOS da 1\/1,3&#8243;, consente la registrazione HDR verticale in 4K\/60 fps. Con le modalit\u00e0 colore D-Log M e HLG a 10 bit, registra fino a un miliardo di colori.  <\/p>\n<div class=\"index__img-box___HCCi2\"><\/div>\n<div class=\"index__img-box___HCCi2\"><img decoding=\"async\" src=\"https:\/\/djiarsmadrid.com\/img\/cms\/Mini%204%20pro1\/mini%204%20pro_dji%20madrid%20(3).jpg\" alt=\"\" width=\"800\" height=\"553\"><\/div>\n<\/div>\n<\/div>\n<\/li>\n<li class=\"index__item___ghRdR index__col-7___KDnW2\">\n<div class=\"index__info___DkMXq\">\n<div class=\"index__desc___YCsc0\">\n<h4>Trasmissione video stabile e affidabile<\/h4>\n<p>  Il drone \u00e8 dotato di trasmissione video O4 di DJI. Goditi i segnali in diretta a 1080p\/60 fps fino a 20 km.  <\/p>\n<div class=\"index__img-box___HCCi2\"><\/div>\n<div class=\"index__img-box___HCCi2\"><img loading=\"lazy\" decoding=\"async\" src=\"https:\/\/djiarsmadrid.com\/img\/cms\/Mini%204%20pro1\/mini%204%20pro_dji%20madrid%20(4).jpg\" alt=\"\" width=\"800\" height=\"782\"><\/div>\n<\/div>\n<\/div>\n<\/li>\n<li class=\"index__item___ghRdR index__col-5___2lV-6\">\n<div class=\"index__info___DkMXq\">\n<div class=\"index__desc___YCsc0\">\n<h4>Rilevare di pi\u00f9 per aumentare la sicurezza<\/h4>\n<p>  Il primo prodotto della serie Mini in grado di rilevare ed evitare in modo flessibile gli ostacoli in tutte le direzioni. Anche i piloti principianti possono volare senza preoccupazioni.  <\/p>\n<div class=\"index__img-box___HCCi2\"><\/div>\n<div class=\"index__img-box___HCCi2\"><img loading=\"lazy\" decoding=\"async\" src=\"https:\/\/djiarsmadrid.com\/img\/cms\/Mini%204%20pro1\/mini%204%20pro_dji%20madrid%20(2).jpg\" alt=\"\" width=\"800\" height=\"320\"><\/div>\n<div class=\"index__img-box___HCCi2\"><\/div>\n<div class=\"index__img-box___HCCi2\"><\/div>\n<div class=\"index__img-box___HCCi2\"><img loading=\"lazy\" decoding=\"async\" src=\"https:\/\/djiarsmadrid.com\/img\/cms\/DJI%20RC%202.png\" alt=\"\" width=\"800\" height=\"411\"><\/div>\n<\/div>\n<\/div>\n<\/li>\n<\/ul>\n<\/div>\n<\/div>\n<\/div>\n<p><span class=\"AlsoBrowseThisCat\">Cerca anche queste categorie: <a href=\"https:\/\/tienda.stockrc.com\/epages\/eb0140.sf\/es_ES\/?ObjectPath=\/Shops\/eb0140\/Categories\/Mini_4_PRO\">DJI Mini 4 PRO<\/a>, <a href=\"https:\/\/tienda.stockrc.com\/epages\/eb0140.sf\/es_ES\/?ObjectPath=\/Shops\/eb0140\/Categories\/Novedades1\">Nuovi prodotti<\/a><\/span><\/p>\n<\/div>\n","protected":false},"excerpt":{"rendered":"<p>DJI Mini 4 Pro + DJI RC Con un peso inferiore a 249 g, Mini 4 Pro \u00e8 progettato per essere utilizzato in movimento. Nella maggior parte dei paesi e<\/p>\n","protected":false},"featured_media":247445,"comment_status":"open","ping_status":"closed","template":"","meta":{"_joinchat":[]},"pwb-brand":[3567],"product_cat":[3329,3376],"product_tag":[],"class_list":{"0":"post-216164","1":"product","2":"type-product","3":"status-publish","4":"has-post-thumbnail","6":"pwb-brand-dji","7":"product_cat-dji-it","8":"product_cat-mavic-it","10":"first","11":"instock","12":"taxable","13":"shipping-taxable","14":"purchasable","15":"product-type-simple"},"barcode":null,"atum_controlled":true,"out_stock_date":null,"out_stock_threshold":null,"inheritable":false,"stock_on_hold":0,"sold_today":0,"sales_last_days":0,"out_stock_days":0,"lost_sales":0,"update_date":"2026-04-18T22:03:26","atum_locations":[],"atum_stock_status":"instock","restock_status":false,"low_stock_amount":"","sales_update_date":"2026-04-18T22:03:26","calc_backorders":null,"yoast_head":"<!-- This site is optimized with the Yoast SEO plugin v27.3 - https:\/\/yoast.com\/product\/yoast-seo-wordpress\/ -->\n<title>DJI Mini 4 Pro + DJI RC - Iha Race<\/title>\n<meta name=\"robots\" content=\"index, follow, max-snippet:-1, max-image-preview:large, max-video-preview:-1\" \/>\n<link rel=\"canonical\" href=\"https:\/\/iha-race.com\/it\/prodotto\/dji-mini-3-pro-dji-rc\/\" \/>\n<meta property=\"og:locale\" content=\"it_IT\" \/>\n<meta property=\"og:type\" content=\"article\" \/>\n<meta property=\"og:title\" content=\"DJI Mini 4 Pro + DJI RC - Iha Race\" \/>\n<meta property=\"og:description\" content=\"DJI Mini 4 Pro + DJI RC Con un peso inferiore a 249 g, Mini 4 Pro \u00e8 progettato per essere utilizzato in movimento. Nella maggior parte dei paesi e\" \/>\n<meta property=\"og:url\" content=\"https:\/\/iha-race.com\/it\/prodotto\/dji-mini-3-pro-dji-rc\/\" \/>\n<meta property=\"og:site_name\" content=\"Iha Race\" \/>\n<meta property=\"article:modified_time\" content=\"2024-08-29T09:28:08+00:00\" \/>\n<meta property=\"og:image\" content=\"https:\/\/iha-race.com\/wp-content\/uploads\/2023\/01\/DJI-Mini-4-Pro-DJI-RC1.png\" \/>\n\t<meta property=\"og:image:width\" content=\"1082\" \/>\n\t<meta property=\"og:image:height\" content=\"1080\" \/>\n\t<meta property=\"og:image:type\" content=\"image\/png\" \/>\n<meta name=\"twitter:card\" content=\"summary_large_image\" \/>\n<meta name=\"twitter:label1\" content=\"Tempo di lettura stimato\" \/>\n\t<meta name=\"twitter:data1\" content=\"1 minuto\" \/>\n<script type=\"application\/ld+json\" class=\"yoast-schema-graph\">{\"@context\":\"https:\\\/\\\/schema.org\",\"@graph\":[{\"@type\":\"WebPage\",\"@id\":\"https:\\\/\\\/iha-race.com\\\/it\\\/prodotto\\\/dji-mini-3-pro-dji-rc\\\/\",\"url\":\"https:\\\/\\\/iha-race.com\\\/it\\\/prodotto\\\/dji-mini-3-pro-dji-rc\\\/\",\"name\":\"DJI Mini 4 Pro + DJI RC - Iha Race\",\"isPartOf\":{\"@id\":\"https:\\\/\\\/iha-race.com\\\/it\\\/#website\"},\"primaryImageOfPage\":{\"@id\":\"https:\\\/\\\/iha-race.com\\\/it\\\/prodotto\\\/dji-mini-3-pro-dji-rc\\\/#primaryimage\"},\"image\":{\"@id\":\"https:\\\/\\\/iha-race.com\\\/it\\\/prodotto\\\/dji-mini-3-pro-dji-rc\\\/#primaryimage\"},\"thumbnailUrl\":\"https:\\\/\\\/iha-race.com\\\/wp-content\\\/uploads\\\/2023\\\/01\\\/DJI-Mini-4-Pro-DJI-RC1.png\",\"datePublished\":\"2023-01-25T16:47:10+00:00\",\"dateModified\":\"2024-08-29T09:28:08+00:00\",\"breadcrumb\":{\"@id\":\"https:\\\/\\\/iha-race.com\\\/it\\\/prodotto\\\/dji-mini-3-pro-dji-rc\\\/#breadcrumb\"},\"inLanguage\":\"it-IT\",\"potentialAction\":[{\"@type\":\"ReadAction\",\"target\":[\"https:\\\/\\\/iha-race.com\\\/it\\\/prodotto\\\/dji-mini-3-pro-dji-rc\\\/\"]}]},{\"@type\":\"ImageObject\",\"inLanguage\":\"it-IT\",\"@id\":\"https:\\\/\\\/iha-race.com\\\/it\\\/prodotto\\\/dji-mini-3-pro-dji-rc\\\/#primaryimage\",\"url\":\"https:\\\/\\\/iha-race.com\\\/wp-content\\\/uploads\\\/2023\\\/01\\\/DJI-Mini-4-Pro-DJI-RC1.png\",\"contentUrl\":\"https:\\\/\\\/iha-race.com\\\/wp-content\\\/uploads\\\/2023\\\/01\\\/DJI-Mini-4-Pro-DJI-RC1.png\",\"width\":1082,\"height\":1080,\"caption\":\"Comprar DJI Mini 4 Pro + DJI RC\"},{\"@type\":\"BreadcrumbList\",\"@id\":\"https:\\\/\\\/iha-race.com\\\/it\\\/prodotto\\\/dji-mini-3-pro-dji-rc\\\/#breadcrumb\",\"itemListElement\":[{\"@type\":\"ListItem\",\"position\":1,\"name\":\"Portada\",\"item\":\"https:\\\/\\\/iha-race.com\\\/it\\\/\"},{\"@type\":\"ListItem\",\"position\":2,\"name\":\"Negozio\",\"item\":\"https:\\\/\\\/iha-race.com\\\/it\\\/negozio\\\/\"},{\"@type\":\"ListItem\",\"position\":3,\"name\":\"DJI Mini 4 Pro + DJI RC\"}]},{\"@type\":\"WebSite\",\"@id\":\"https:\\\/\\\/iha-race.com\\\/it\\\/#website\",\"url\":\"https:\\\/\\\/iha-race.com\\\/it\\\/\",\"name\":\"Iha Race\",\"description\":\"Comprar drones de carreras FPV env\u00edos en un d\u00eda desde Espa\u00f1a\",\"publisher\":{\"@id\":\"https:\\\/\\\/iha-race.com\\\/it\\\/#organization\"},\"potentialAction\":[{\"@type\":\"SearchAction\",\"target\":{\"@type\":\"EntryPoint\",\"urlTemplate\":\"https:\\\/\\\/iha-race.com\\\/it\\\/?s={search_term_string}\"},\"query-input\":{\"@type\":\"PropertyValueSpecification\",\"valueRequired\":true,\"valueName\":\"search_term_string\"}}],\"inLanguage\":\"it-IT\"},{\"@type\":\"Organization\",\"@id\":\"https:\\\/\\\/iha-race.com\\\/it\\\/#organization\",\"name\":\"Iha Race\",\"url\":\"https:\\\/\\\/iha-race.com\\\/it\\\/\",\"logo\":{\"@type\":\"ImageObject\",\"inLanguage\":\"it-IT\",\"@id\":\"https:\\\/\\\/iha-race.com\\\/it\\\/#\\\/schema\\\/logo\\\/image\\\/\",\"url\":\"https:\\\/\\\/iha-race.com\\\/wp-content\\\/uploads\\\/2018\\\/07\\\/iha-race-drones-de-carreras-tienda-comprar-drones.png\",\"contentUrl\":\"https:\\\/\\\/iha-race.com\\\/wp-content\\\/uploads\\\/2018\\\/07\\\/iha-race-drones-de-carreras-tienda-comprar-drones.png\",\"width\":300,\"height\":100,\"caption\":\"Iha Race\"},\"image\":{\"@id\":\"https:\\\/\\\/iha-race.com\\\/it\\\/#\\\/schema\\\/logo\\\/image\\\/\"}}]}<\/script>\n<!-- \/ Yoast SEO plugin. -->","yoast_head_json":{"title":"DJI Mini 4 Pro + DJI RC - Iha Race","robots":{"index":"index","follow":"follow","max-snippet":"max-snippet:-1","max-image-preview":"max-image-preview:large","max-video-preview":"max-video-preview:-1"},"canonical":"https:\/\/iha-race.com\/it\/prodotto\/dji-mini-3-pro-dji-rc\/","og_locale":"it_IT","og_type":"article","og_title":"DJI Mini 4 Pro + DJI RC - Iha Race","og_description":"DJI Mini 4 Pro + DJI RC Con un peso inferiore a 249 g, Mini 4 Pro \u00e8 progettato per essere utilizzato in movimento. Nella maggior parte dei paesi e","og_url":"https:\/\/iha-race.com\/it\/prodotto\/dji-mini-3-pro-dji-rc\/","og_site_name":"Iha Race","article_modified_time":"2024-08-29T09:28:08+00:00","og_image":[{"width":1082,"height":1080,"url":"https:\/\/iha-race.com\/wp-content\/uploads\/2023\/01\/DJI-Mini-4-Pro-DJI-RC1.png","type":"image\/png"}],"twitter_card":"summary_large_image","twitter_misc":{"Tempo di lettura stimato":"1 minuto"},"schema":{"@context":"https:\/\/schema.org","@graph":[{"@type":"WebPage","@id":"https:\/\/iha-race.com\/it\/prodotto\/dji-mini-3-pro-dji-rc\/","url":"https:\/\/iha-race.com\/it\/prodotto\/dji-mini-3-pro-dji-rc\/","name":"DJI Mini 4 Pro + DJI RC - Iha Race","isPartOf":{"@id":"https:\/\/iha-race.com\/it\/#website"},"primaryImageOfPage":{"@id":"https:\/\/iha-race.com\/it\/prodotto\/dji-mini-3-pro-dji-rc\/#primaryimage"},"image":{"@id":"https:\/\/iha-race.com\/it\/prodotto\/dji-mini-3-pro-dji-rc\/#primaryimage"},"thumbnailUrl":"https:\/\/iha-race.com\/wp-content\/uploads\/2023\/01\/DJI-Mini-4-Pro-DJI-RC1.png","datePublished":"2023-01-25T16:47:10+00:00","dateModified":"2024-08-29T09:28:08+00:00","breadcrumb":{"@id":"https:\/\/iha-race.com\/it\/prodotto\/dji-mini-3-pro-dji-rc\/#breadcrumb"},"inLanguage":"it-IT","potentialAction":[{"@type":"ReadAction","target":["https:\/\/iha-race.com\/it\/prodotto\/dji-mini-3-pro-dji-rc\/"]}]},{"@type":"ImageObject","inLanguage":"it-IT","@id":"https:\/\/iha-race.com\/it\/prodotto\/dji-mini-3-pro-dji-rc\/#primaryimage","url":"https:\/\/iha-race.com\/wp-content\/uploads\/2023\/01\/DJI-Mini-4-Pro-DJI-RC1.png","contentUrl":"https:\/\/iha-race.com\/wp-content\/uploads\/2023\/01\/DJI-Mini-4-Pro-DJI-RC1.png","width":1082,"height":1080,"caption":"Comprar DJI Mini 4 Pro + DJI RC"},{"@type":"BreadcrumbList","@id":"https:\/\/iha-race.com\/it\/prodotto\/dji-mini-3-pro-dji-rc\/#breadcrumb","itemListElement":[{"@type":"ListItem","position":1,"name":"Portada","item":"https:\/\/iha-race.com\/it\/"},{"@type":"ListItem","position":2,"name":"Negozio","item":"https:\/\/iha-race.com\/it\/negozio\/"},{"@type":"ListItem","position":3,"name":"DJI Mini 4 Pro + DJI RC"}]},{"@type":"WebSite","@id":"https:\/\/iha-race.com\/it\/#website","url":"https:\/\/iha-race.com\/it\/","name":"Iha Race","description":"Comprar drones de carreras FPV env\u00edos en un d\u00eda desde Espa\u00f1a","publisher":{"@id":"https:\/\/iha-race.com\/it\/#organization"},"potentialAction":[{"@type":"SearchAction","target":{"@type":"EntryPoint","urlTemplate":"https:\/\/iha-race.com\/it\/?s={search_term_string}"},"query-input":{"@type":"PropertyValueSpecification","valueRequired":true,"valueName":"search_term_string"}}],"inLanguage":"it-IT"},{"@type":"Organization","@id":"https:\/\/iha-race.com\/it\/#organization","name":"Iha Race","url":"https:\/\/iha-race.com\/it\/","logo":{"@type":"ImageObject","inLanguage":"it-IT","@id":"https:\/\/iha-race.com\/it\/#\/schema\/logo\/image\/","url":"https:\/\/iha-race.com\/wp-content\/uploads\/2018\/07\/iha-race-drones-de-carreras-tienda-comprar-drones.png","contentUrl":"https:\/\/iha-race.com\/wp-content\/uploads\/2018\/07\/iha-race-drones-de-carreras-tienda-comprar-drones.png","width":300,"height":100,"caption":"Iha Race"},"image":{"@id":"https:\/\/iha-race.com\/it\/#\/schema\/logo\/image\/"}}]}},"jetpack_sharing_enabled":true,"brands":[{"id":3567,"name":"DJI","slug":"dji"}],"_links":{"self":[{"href":"https:\/\/iha-race.com\/it\/wp-json\/wp\/v2\/product\/216164","targetHints":{"allow":["GET"]}}],"collection":[{"href":"https:\/\/iha-race.com\/it\/wp-json\/wp\/v2\/product"}],"about":[{"href":"https:\/\/iha-race.com\/it\/wp-json\/wp\/v2\/types\/product"}],"replies":[{"embeddable":true,"href":"https:\/\/iha-race.com\/it\/wp-json\/wp\/v2\/comments?post=216164"}],"version-history":[{"count":3,"href":"https:\/\/iha-race.com\/it\/wp-json\/wp\/v2\/product\/216164\/revisions"}],"predecessor-version":[{"id":248686,"href":"https:\/\/iha-race.com\/it\/wp-json\/wp\/v2\/product\/216164\/revisions\/248686"}],"wp:featuredmedia":[{"embeddable":true,"href":"https:\/\/iha-race.com\/it\/wp-json\/wp\/v2\/media\/247445"}],"wp:attachment":[{"href":"https:\/\/iha-race.com\/it\/wp-json\/wp\/v2\/media?parent=216164"}],"wp:term":[{"taxonomy":"pwb-brand","embeddable":true,"href":"https:\/\/iha-race.com\/it\/wp-json\/wp\/v2\/pwb-brand?post=216164"},{"taxonomy":"product_cat","embeddable":true,"href":"https:\/\/iha-race.com\/it\/wp-json\/wp\/v2\/product_cat?post=216164"},{"taxonomy":"product_tag","embeddable":true,"href":"https:\/\/iha-race.com\/it\/wp-json\/wp\/v2\/product_tag?post=216164"}],"curies":[{"name":"wp","href":"https:\/\/api.w.org\/{rel}","templated":true}]}}