{"id":216080,"date":"2023-01-25T16:45:15","date_gmt":"2023-01-25T15:45:15","guid":{"rendered":"https:\/\/iha-race.com\/producto\/mavic-3-classic-dji-rc\/"},"modified":"2024-08-29T11:34:51","modified_gmt":"2024-08-29T09:34:51","slug":"mavic-3-classic-dji-rc","status":"publish","type":"product","link":"https:\/\/iha-race.com\/it\/prodotto\/mavic-3-classic-dji-rc\/","title":{"rendered":"Mavic 3 Classic + DJI RC"},"content":{"rendered":"<h1 class=\"h1 page-title\">Mavic 3 Classic + DJI RC<\/h1>\n<h3 class=\"product-prices\">Nitidezza aerea<\/h3>\n<div>\n<table style=\"font-weight: 400; height: 229px;\" width=\"867\">\n<tbody>\n<tr>\n<td width=\"167\">Fotocamera CMOS Hasselblad 4\/3<\/td>\n<td width=\"167\">Video HD 5.1K<sup>[1]<\/sup><\/td>\n<td width=\"167\">46 minuti di volo massimo<sup>[2]<\/sup><\/td>\n<\/tr>\n<tr>\n<td width=\"167\">Rilevamento omnidirezionale degli ostacoli<sup>[3]<\/sup><\/td>\n<td width=\"167\">Trasmissione video HD su 15 km<sup>[4]<\/sup><\/td>\n<td width=\"167\">RPO avanzato<\/td>\n<\/tr>\n<\/tbody>\n<\/table>\n<p>&nbsp;<\/p>\n<p style=\"font-weight: 400;\"><img decoding=\"async\" src=\"https:\/\/djiarsmadrid.com\/img\/cms\/MAVIC%203%20CLASSIC\/2.jpg\"><\/p>\n<\/div>\n<h3>Panoramica<\/h3>\n<p style=\"font-weight: 400;\">Con le sue potenti prestazioni di volo e la sua fotocamera Hasselblad, il Mavic 3 Classic offre la massima essenza della produzione di immagini di alto livello. Portatelo con voi in qualsiasi avventura per creare lavori indimenticabili.<\/p>\n<h3>Macchina fotografica Hasselblad, creata per ispirare<\/h3>\n<p style=\"font-weight: 400;\">Il leggendario marchio svedese Hasselblad ha progettato e costruito la fotocamera aerea L2D-20c specificamente per la serie Mavic 3, integrando un CMOS 4\/3 di qualit\u00e0 professionale in uno spazio incredibilmente compatto. Gli esigenti standard di Hasselblad sono applicati sia alle prestazioni hardware che agli algoritmi software per portare la qualit\u00e0 dell&#8217;immagine a un livello completamente nuovo.<\/p>\n<table style=\"font-weight: 400; height: 294px;\" width=\"811\">\n<tbody>\n<tr>\n<td width=\"184\">20 MP Pixel effettivi<\/td>\n<td width=\"184\">RAW a 12 bit 12,8 stop Gamma dinamica nativa<\/td>\n<td width=\"184\">12,8 stop Gamma dinamica nativa<\/td>\n<\/tr>\n<tr>\n<td width=\"184\">f\/2,8-f\/11 Apertura regolabile<\/td>\n<td width=\"184\">Lunghezza focale equivalente a 24 mm<\/td>\n<td width=\"184\">VDAF Tecnologia di messa a fuoco automatica a rilevamento visivo<\/td>\n<\/tr>\n<\/tbody>\n<\/table>\n<h3 style=\"font-weight: 400;\"><b><strong>Soluzione colore naturale Hasselblad (HNCS)<\/strong><\/b><\/h3>\n<p style=\"font-weight: 400;\">Per garantire che il Mavic 3 Classic catturi i colori naturali come le altre fotocamere Hasselblad, l&#8217;obiettivo L2D-20c adotta gli stessi standard rigorosi e ha tutti i pixel del sensore calibrati, con HNCS incorporato. Il culmine di decenni di esperienza fotografica offre colori vividi e naturali al tocco dell&#8217;otturatore, consentendo di catturare splendidi paesaggi o il bagliore del tramonto senza bisogno di complicate modifiche o preimpostazioni del colore.<\/p>\n<h3>Immagini professionali<\/h3>\n<p style=\"font-weight: 400;\"><b><strong>5.1K\/50 fps &#8211; <\/strong><\/b>Registra dettagli pi\u00f9 nitidi. La tecnologia di sovracampionamento consente la registrazione video 4K\/60 fps.<\/p>\n<p style=\"font-weight: 400;\"><b><strong>4K\/120 fps <\/strong><\/b>L&#8217;alta risoluzione e l&#8217;elevato frame rate consentono di realizzare facilmente video HD in slow motion.<sup>[1]<\/sup><\/p>\n<p style=\"font-weight: 400;\"><b><strong>D-Log a 10 bit <\/strong><\/b>Fornisce gradazioni di colore naturali, conservando maggiori dettagli nelle luci e nelle ombre per una maggiore flessibilit\u00e0 in fase di editing.<\/p>\n<h3 style=\"font-weight: 400;\"><b><strong>HLG<\/strong><\/b><\/h3>\n<p style=\"font-weight: 400;\">Offre una gamma dinamica pi\u00f9 ampia, adatta a un&#8217;ampia variet\u00e0 di dispositivi, e produce video che non richiedono la regolazione del colore in post-produzione.<\/p>\n<h3 style=\"font-weight: 400;\"><b><strong>Video notturni<\/strong><\/b><\/h3>\n<p style=\"font-weight: 400;\">Questa modalit\u00e0 video ottimizza la registrazione in scenari di scarsa luminosit\u00e0, come albe e tramonti, e riduce il rumore per ottenere riprese pi\u00f9 nitide.<\/p>\n<h3>Pi\u00f9 tempo di volo<\/h3>\n<p style=\"font-weight: 400;\">Mavic 3 Classic \u00e8 compatibile con le batterie della serie Mavic 3 per offrire 40 minuti di volo in hovering e 46 minuti di volo,<sup>[2]<\/sup> dandovi pi\u00f9 tempo per creare e meno per preoccuparvi della batteria.<\/p>\n<ul>\n<li style=\"font-weight: 400;\"><b><strong>40 min &#8211; <\/strong><\/b>Tempo di volo da fermo<\/li>\n<li style=\"font-weight: 400;\"><b><strong>46 min &#8211; <\/strong><\/b>Tempo di volo<\/li>\n<\/ul>\n<p><img decoding=\"async\" src=\"https:\/\/djiarsmadrid.com\/img\/cms\/MAVIC%203%20CLASSIC\/3.jpg\"><\/p>\n<p>&nbsp;<\/p>\n<h3>Volo semplificato<\/h3>\n<h4>Rilevamento degli ostacoli omnidirezionale<\/h4>\n<p style=\"font-weight: 400;\">Con APAS 5.0, Mavic 3 Classic rileva continuamente gli oggetti in tutte le direzioni e li schiva<sup>[3]<\/sup> in modo rapido e fluido. Anche i piloti alle prime armi possono volare con fiducia e sicurezza e creare video fluidi in scenari complessi.<\/p>\n<ul>\n<li style=\"font-weight: 400;\"><b><strong>Sistema di visione orizzontale omnidirezionale<\/strong><\/b><\/li>\n<li style=\"font-weight: 400;\"><b><strong>Sistema di visione inferiore<\/strong><\/b><\/li>\n<li style=\"font-weight: 400;\"><b><strong>Sistema di visione superiore<\/strong><\/b><\/li>\n<\/ul>\n<h4>Estrema precisione<\/h4>\n<p style=\"font-weight: 400;\">L&#8217;elevata precisione di posizionamento al decimetro rende il Mavic 3 Classic estremamente stabile durante l&#8217;hovering, il che non solo garantisce scatti pi\u00f9 nitidi con lunghi tempi di esposizione, ma aiuta anche a registrare video in timelapse pi\u00f9 fluidi.<\/p>\n<h4>Controllo della velocit\u00e0 di crociera<\/h4>\n<p style=\"font-weight: 400;\">Il Mavic 3 Classic pu\u00f2 volare in qualsiasi direzione senza dover muovere continuamente gli stick di controllo, il che non solo facilita i voli a lunga distanza, ma riduce anche il tremolio durante il controllo manuale per consentire un movimento pi\u00f9 fluido della fotocamera.<\/p>\n<h4>RPO avanzato<\/h4>\n<p style=\"font-weight: 400;\">Questa funzione aggiornata di ritorno automatico consente al Mavic 3 Classic di determinare automaticamente il percorso ottimale per tornare al punto di origine e di volarlo rapidamente. Il Mavic 3 Classic pu\u00f2 volare a un&#8217;altitudine indicata e poi trovare un percorso sicuro ed efficiente per tornare al punto di origine, combinando i vantaggi dell&#8217;Advanced RPO e dell&#8217;RPO tradizionale, consentendo agli utenti di scegliere l&#8217;opzione migliore in base all&#8217;ambiente.<\/p>\n<h3>Potente trasmissione video<\/h3>\n<h4>Trasmissione di O3+ e oltre<\/h4>\n<p style=\"font-weight: 400;\">Con una distanza di trasmissione fino a 15 km,<sup>[4]<\/sup> puoi volare in tutta tranquillit\u00e0, pi\u00f9 lontano e in modo pi\u00f9 stabile. La trasmissione O3+ pu\u00f2 inviare un segnale live a 1080p\/60fps.<sup>[5]<\/sup> Questo permette di visualizzare la visuale della videocamera con specifiche simili a quelle che la videocamera effettivamente registra. Inoltre, conferisce al Mavic 3 Classic una maggiore reattivit\u00e0 ai tuoi comandi.<\/p>\n<ul>\n<li style=\"font-weight: 400;\">1080p\/60 fps <b><strong>Segnale live<\/strong><\/b><\/li>\n<li style=\"font-weight: 400;\">15 km &#8211; A<b><strong>ranghi di trasmissione<\/strong><\/b><\/li>\n<\/ul>\n<h3>Funzioni utili per creare in modo intuitivo<\/h3>\n<table style=\"font-weight: 400; height: 242px;\" width=\"1029\">\n<tbody>\n<tr>\n<td width=\"184\"><b><strong>ActiveTrack 5.0<\/strong><\/b><\/td>\n<td width=\"184\"><b><strong>MasterShots<\/strong><\/b><\/td>\n<td width=\"184\"><b><strong>QuickShots<\/strong><\/b><\/td>\n<\/tr>\n<tr>\n<td width=\"184\">Segui l&#8217;obiettivo da diverse direzioni per ampliare il tuo linguaggio cinematografico.<sup>[1]<\/sup>.<\/td>\n<td width=\"184\">Registrazione e montaggio automatici per creare video cinematografici.<\/td>\n<td width=\"184\">Esegui automaticamente movimenti di camera professionali come Dronie, Rocket, Orbit e Spiral.<\/td>\n<\/tr>\n<\/tbody>\n<\/table>\n<table style=\"font-weight: 400; height: 270px;\" width=\"1030\">\n<tbody>\n<tr>\n<td width=\"184\"><b><strong>Hyperlapse<\/strong><\/b><\/td>\n<td width=\"184\"><b><strong>Panorama<\/strong><\/b><\/td>\n<td width=\"184\"><b><strong>Trasferimento rapido ad alta velocit\u00e0<\/strong><\/b><\/td>\n<\/tr>\n<tr>\n<td width=\"184\">Video sorprendenti che catturano e accelerano lo scorrere del tempo.<\/td>\n<td width=\"184\">Catturate scatti pi\u00f9 grandi e dettagliati dell&#8217;ambiente circostante con il panorama.<\/td>\n<td width=\"184\">Foto e video possono essere trasferiti rapidamente su uno smartphone per essere modificati e condivisi.<\/td>\n<\/tr>\n<\/tbody>\n<\/table>\n<h3>Ampia gamma di accessori<\/h3>\n<ul>\n<li>DJI Mavic 3 Classic ND Filter Set: include filtri ND8\/16\/32\/32\/64.<\/li>\n<li>Obiettivo grandangolare DJI Mavic 3 Classic: compatibile con la fotocamera Hasselblad del Mavic 3 Classic per fornire una vista ultra-grandangolare di 108\u00b0 e catturare di pi\u00f9 in ogni fotogramma.<\/li>\n<li>Caricatore portatile DJI 65W: include un cavo USB-C da 65W per caricare la batteria del Mavic 3 Classic. Con un&#8217;altra porta USB-A e un cavo dati USB-C inclusi nella confezione, \u00e8 possibile caricare anche il telecomando allo stesso tempo.<\/li>\n<li>DJI Mavic 3 Battery Charging Hub: se collegato a un caricatore portatile o a un caricatore per auto da 65W, il Battery Charging Hub pu\u00f2 essere ampliato per caricare tre batterie. Il Battery Charging Hub migliora l&#8217;efficienza caricando le batterie in sequenza in base al loro livello, caricando per prime le batterie pi\u00f9 cariche.<\/li>\n<li>DJI RC Pro: con un display da 1000 nits, un processore ad alte prestazioni e una trasmissione video di 15 km, DJI RC Pro \u00e8 una scelta impareggiabile per la creazione professionale.<\/li>\n<li>DJI RC: DJI RC \u00e8 un telecomando per droni che offre un&#8217;esperienza d&#8217;uso eccezionale, con un corpo leggero, un display HD e una batteria di lunghissima durata, \u00e8 compatibile con la tecnologia di trasmissione video DJI O3+.<\/li>\n<\/ul>\n<p style=\"font-weight: 400;\"><em>Note:<\/em><\/p>\n<p style=\"font-weight: 400;\"><em>* Testato con un modello di produzione del DJI Mavic 3 Classic in un ambiente chiuso, in condizioni favorevoli e con un segnale wireless non ostruito. I risultati possono variare a seconda dell&#8217;ambiente, del metodo di utilizzo e della versione del firmware.<\/em><\/p>\n<p style=\"font-weight: 400;\"><em>** Tutti i video e le fotografie di questa pagina sono stati registrati in stretta osservanza delle leggi e delle normative locali e gli utenti devono sempre volare in stretta osservanza delle leggi e delle normative locali della propria area di volo.<\/em><\/p>\n<ol>\n<li style=\"font-weight: 400;\"><em>ActiveTrack non \u00e8 disponibile con risoluzioni video superiori a 4K o con frame rate superiori a 60 fps.<\/em><\/li>\n<li style=\"font-weight: 400;\"><em>Misurato da Mavic 3 Classic volando a una velocit\u00e0 costante di 32,4 km\/h a livello del mare in un ambiente privo di vento fino a quando la batteria ha raggiunto lo 0 %.I dati sono solo di riferimento.Durante il volo, prestare attenzione agli avvisi di ritorno all&#8217;origine nell&#8217;app DJI Fly.<\/em><\/li>\n<li style=\"font-weight: 400;\"><em>NON utilizzare l&#8217;aeromobile in condizioni meteorologiche avverse, tra cui velocit\u00e0 del vento superiori a 12,8 m\/s, neve, pioggia, nebbia, grandine o fulmini.NON volare ad un&#8217;altitudine pari o superiore a 6000 m (19 685 ft) sul livello del mare.NON volare in ambienti in cui la temperatura \u00e8 inferiore a -10 \u00b0C (14 \u00b0F) o superiore a 40 \u00b0C (104 \u00b0F).NON decollare da oggetti in movimento, come automobili o imbarcazioni.NON volare in prossimit\u00e0 di superfici riflettenti, come acqua o neve.In caso contrario, il sistema di visione potrebbe essere limitato.Se il segnale GNSS \u00e8 debole, il segnale GNSS potrebbe essere limitato.NON decollare da oggetti in movimento, come automobili o imbarcazioni.NON volare in prossimit\u00e0 di superfici riflettenti, come acqua o neve, o il sistema di visione potrebbe essere limitato.Se il segnale GNSS \u00e8 debole, far volare l&#8217;aeromobile solo in ambienti con buona illuminazione e visibilit\u00e0.La scarsa illuminazione dell&#8217;ambiente pu\u00f2 causare un funzionamento anomalo del sistema di visione.NON volare in prossimit\u00e0 di aree con interferenze magnetiche o radiofoniche.Le fonti comuni di interferenze magnetiche o radiofoniche includono hotspot Wi-Fi, router, dispositivi Bluetooth, linee elettriche ad alta tensione, grandi stazioni di trasmissione elettrica, stazioni radar, stazioni di base mobili e torri di trasmissione.Fare attenzione quando si decolla in un deserto o su una spiaggia, per evitare che la sabbia finisca nell&#8217;aereo. volare l&#8217;aereo in aree aperte. edifici, montagne o alberi possono influenzare la bussola di bordo e bloccare il segnale GPS.<\/em><\/li>\n<li style=\"font-weight: 400;\"><em>Misurato in un ambiente privo di ostacoli e di interferenze con una portata massima di volo di 15 km, in conformit\u00e0 con le normative FCC.I dati sopra riportati mostrano la portata di comunicazione pi\u00f9 lontana per i voli di sola andata e senza ritorno per ogni standard.Durante il volo, prestare attenzione agli avvisi di ritorno alla sorgente nell&#8217;app DJI Fly.<\/em><\/li>\n<li style=\"font-weight: 400;\"><em>Testato in un ambiente esterno aperto senza interferenze, la risoluzione pu\u00f2 variare a seconda della qualit\u00e0 del segnale di trasmissione.<\/em><\/li>\n<li style=\"font-weight: 400;\"><em>Venduto separatamente.<\/em><\/li>\n<\/ol>\n","protected":false},"excerpt":{"rendered":"<p>Mavic 3 Classic + DJI RC Nitidezza aerea Fotocamera CMOS Hasselblad 4\/3 Video HD 5.1K[1] 46 minuti di volo massimo[2] Rilevamento omnidirezionale degli ostacoli[3] Trasmissione video HD su 15 km[4]<\/p>\n","protected":false},"featured_media":216060,"comment_status":"open","ping_status":"closed","template":"","meta":{"_joinchat":[]},"pwb-brand":[3567],"product_cat":[3329,3376],"product_tag":[],"class_list":{"0":"post-216080","1":"product","2":"type-product","3":"status-publish","4":"has-post-thumbnail","6":"pwb-brand-dji","7":"product_cat-dji-it","8":"product_cat-mavic-it","10":"first","11":"instock","12":"taxable","13":"shipping-taxable","14":"purchasable","15":"product-type-simple"},"barcode":null,"atum_controlled":true,"out_stock_date":null,"out_stock_threshold":null,"inheritable":false,"stock_on_hold":0,"sold_today":0,"sales_last_days":0,"out_stock_days":0,"lost_sales":0,"update_date":"2026-04-18T09:55:47","atum_locations":[],"atum_stock_status":"instock","restock_status":false,"low_stock_amount":"","sales_update_date":"2026-04-18T09:55:47","calc_backorders":null,"yoast_head":"<!-- This site is optimized with the Yoast SEO plugin v27.3 - https:\/\/yoast.com\/product\/yoast-seo-wordpress\/ -->\n<title>Mavic 3 Classic + DJI RC - Iha Race<\/title>\n<meta name=\"robots\" content=\"index, follow, max-snippet:-1, max-image-preview:large, max-video-preview:-1\" \/>\n<link rel=\"canonical\" href=\"https:\/\/iha-race.com\/it\/prodotto\/mavic-3-classic-dji-rc\/\" \/>\n<meta property=\"og:locale\" content=\"it_IT\" \/>\n<meta property=\"og:type\" content=\"article\" \/>\n<meta property=\"og:title\" content=\"Mavic 3 Classic + DJI RC - Iha Race\" \/>\n<meta property=\"og:description\" content=\"Mavic 3 Classic + DJI RC Nitidezza aerea Fotocamera CMOS Hasselblad 4\/3 Video HD 5.1K[1] 46 minuti di volo massimo[2] Rilevamento omnidirezionale degli ostacoli[3] Trasmissione video HD su 15 km[4]\" \/>\n<meta property=\"og:url\" content=\"https:\/\/iha-race.com\/it\/prodotto\/mavic-3-classic-dji-rc\/\" \/>\n<meta property=\"og:site_name\" content=\"Iha Race\" \/>\n<meta property=\"article:modified_time\" content=\"2024-08-29T09:34:51+00:00\" \/>\n<meta property=\"og:image\" content=\"https:\/\/iha-race.com\/wp-content\/uploads\/2023\/01\/Mavic-3-Classic-DJI-RC.png\" \/>\n\t<meta property=\"og:image:width\" content=\"800\" \/>\n\t<meta property=\"og:image:height\" content=\"800\" \/>\n\t<meta property=\"og:image:type\" content=\"image\/png\" \/>\n<meta name=\"twitter:card\" content=\"summary_large_image\" \/>\n<meta name=\"twitter:label1\" content=\"Tempo di lettura stimato\" \/>\n\t<meta name=\"twitter:data1\" content=\"7 minuti\" \/>\n<script type=\"application\/ld+json\" class=\"yoast-schema-graph\">{\"@context\":\"https:\\\/\\\/schema.org\",\"@graph\":[{\"@type\":\"WebPage\",\"@id\":\"https:\\\/\\\/iha-race.com\\\/it\\\/prodotto\\\/mavic-3-classic-dji-rc\\\/\",\"url\":\"https:\\\/\\\/iha-race.com\\\/it\\\/prodotto\\\/mavic-3-classic-dji-rc\\\/\",\"name\":\"Mavic 3 Classic + DJI RC - Iha Race\",\"isPartOf\":{\"@id\":\"https:\\\/\\\/iha-race.com\\\/it\\\/#website\"},\"primaryImageOfPage\":{\"@id\":\"https:\\\/\\\/iha-race.com\\\/it\\\/prodotto\\\/mavic-3-classic-dji-rc\\\/#primaryimage\"},\"image\":{\"@id\":\"https:\\\/\\\/iha-race.com\\\/it\\\/prodotto\\\/mavic-3-classic-dji-rc\\\/#primaryimage\"},\"thumbnailUrl\":\"https:\\\/\\\/iha-race.com\\\/wp-content\\\/uploads\\\/2023\\\/01\\\/Mavic-3-Classic-DJI-RC.png\",\"datePublished\":\"2023-01-25T15:45:15+00:00\",\"dateModified\":\"2024-08-29T09:34:51+00:00\",\"breadcrumb\":{\"@id\":\"https:\\\/\\\/iha-race.com\\\/it\\\/prodotto\\\/mavic-3-classic-dji-rc\\\/#breadcrumb\"},\"inLanguage\":\"it-IT\",\"potentialAction\":[{\"@type\":\"ReadAction\",\"target\":[\"https:\\\/\\\/iha-race.com\\\/it\\\/prodotto\\\/mavic-3-classic-dji-rc\\\/\"]}]},{\"@type\":\"ImageObject\",\"inLanguage\":\"it-IT\",\"@id\":\"https:\\\/\\\/iha-race.com\\\/it\\\/prodotto\\\/mavic-3-classic-dji-rc\\\/#primaryimage\",\"url\":\"https:\\\/\\\/iha-race.com\\\/wp-content\\\/uploads\\\/2023\\\/01\\\/Mavic-3-Classic-DJI-RC.png\",\"contentUrl\":\"https:\\\/\\\/iha-race.com\\\/wp-content\\\/uploads\\\/2023\\\/01\\\/Mavic-3-Classic-DJI-RC.png\",\"width\":800,\"height\":800},{\"@type\":\"BreadcrumbList\",\"@id\":\"https:\\\/\\\/iha-race.com\\\/it\\\/prodotto\\\/mavic-3-classic-dji-rc\\\/#breadcrumb\",\"itemListElement\":[{\"@type\":\"ListItem\",\"position\":1,\"name\":\"Portada\",\"item\":\"https:\\\/\\\/iha-race.com\\\/it\\\/\"},{\"@type\":\"ListItem\",\"position\":2,\"name\":\"Negozio\",\"item\":\"https:\\\/\\\/iha-race.com\\\/it\\\/negozio\\\/\"},{\"@type\":\"ListItem\",\"position\":3,\"name\":\"Mavic 3 Classic + DJI RC\"}]},{\"@type\":\"WebSite\",\"@id\":\"https:\\\/\\\/iha-race.com\\\/it\\\/#website\",\"url\":\"https:\\\/\\\/iha-race.com\\\/it\\\/\",\"name\":\"Iha Race\",\"description\":\"Comprar drones de carreras FPV env\u00edos en un d\u00eda desde Espa\u00f1a\",\"publisher\":{\"@id\":\"https:\\\/\\\/iha-race.com\\\/it\\\/#organization\"},\"potentialAction\":[{\"@type\":\"SearchAction\",\"target\":{\"@type\":\"EntryPoint\",\"urlTemplate\":\"https:\\\/\\\/iha-race.com\\\/it\\\/?s={search_term_string}\"},\"query-input\":{\"@type\":\"PropertyValueSpecification\",\"valueRequired\":true,\"valueName\":\"search_term_string\"}}],\"inLanguage\":\"it-IT\"},{\"@type\":\"Organization\",\"@id\":\"https:\\\/\\\/iha-race.com\\\/it\\\/#organization\",\"name\":\"Iha Race\",\"url\":\"https:\\\/\\\/iha-race.com\\\/it\\\/\",\"logo\":{\"@type\":\"ImageObject\",\"inLanguage\":\"it-IT\",\"@id\":\"https:\\\/\\\/iha-race.com\\\/it\\\/#\\\/schema\\\/logo\\\/image\\\/\",\"url\":\"https:\\\/\\\/iha-race.com\\\/wp-content\\\/uploads\\\/2018\\\/07\\\/iha-race-drones-de-carreras-tienda-comprar-drones.png\",\"contentUrl\":\"https:\\\/\\\/iha-race.com\\\/wp-content\\\/uploads\\\/2018\\\/07\\\/iha-race-drones-de-carreras-tienda-comprar-drones.png\",\"width\":300,\"height\":100,\"caption\":\"Iha Race\"},\"image\":{\"@id\":\"https:\\\/\\\/iha-race.com\\\/it\\\/#\\\/schema\\\/logo\\\/image\\\/\"}}]}<\/script>\n<!-- \/ Yoast SEO plugin. -->","yoast_head_json":{"title":"Mavic 3 Classic + DJI RC - Iha Race","robots":{"index":"index","follow":"follow","max-snippet":"max-snippet:-1","max-image-preview":"max-image-preview:large","max-video-preview":"max-video-preview:-1"},"canonical":"https:\/\/iha-race.com\/it\/prodotto\/mavic-3-classic-dji-rc\/","og_locale":"it_IT","og_type":"article","og_title":"Mavic 3 Classic + DJI RC - Iha Race","og_description":"Mavic 3 Classic + DJI RC Nitidezza aerea Fotocamera CMOS Hasselblad 4\/3 Video HD 5.1K[1] 46 minuti di volo massimo[2] Rilevamento omnidirezionale degli ostacoli[3] Trasmissione video HD su 15 km[4]","og_url":"https:\/\/iha-race.com\/it\/prodotto\/mavic-3-classic-dji-rc\/","og_site_name":"Iha Race","article_modified_time":"2024-08-29T09:34:51+00:00","og_image":[{"width":800,"height":800,"url":"https:\/\/iha-race.com\/wp-content\/uploads\/2023\/01\/Mavic-3-Classic-DJI-RC.png","type":"image\/png"}],"twitter_card":"summary_large_image","twitter_misc":{"Tempo di lettura stimato":"7 minuti"},"schema":{"@context":"https:\/\/schema.org","@graph":[{"@type":"WebPage","@id":"https:\/\/iha-race.com\/it\/prodotto\/mavic-3-classic-dji-rc\/","url":"https:\/\/iha-race.com\/it\/prodotto\/mavic-3-classic-dji-rc\/","name":"Mavic 3 Classic + DJI RC - Iha Race","isPartOf":{"@id":"https:\/\/iha-race.com\/it\/#website"},"primaryImageOfPage":{"@id":"https:\/\/iha-race.com\/it\/prodotto\/mavic-3-classic-dji-rc\/#primaryimage"},"image":{"@id":"https:\/\/iha-race.com\/it\/prodotto\/mavic-3-classic-dji-rc\/#primaryimage"},"thumbnailUrl":"https:\/\/iha-race.com\/wp-content\/uploads\/2023\/01\/Mavic-3-Classic-DJI-RC.png","datePublished":"2023-01-25T15:45:15+00:00","dateModified":"2024-08-29T09:34:51+00:00","breadcrumb":{"@id":"https:\/\/iha-race.com\/it\/prodotto\/mavic-3-classic-dji-rc\/#breadcrumb"},"inLanguage":"it-IT","potentialAction":[{"@type":"ReadAction","target":["https:\/\/iha-race.com\/it\/prodotto\/mavic-3-classic-dji-rc\/"]}]},{"@type":"ImageObject","inLanguage":"it-IT","@id":"https:\/\/iha-race.com\/it\/prodotto\/mavic-3-classic-dji-rc\/#primaryimage","url":"https:\/\/iha-race.com\/wp-content\/uploads\/2023\/01\/Mavic-3-Classic-DJI-RC.png","contentUrl":"https:\/\/iha-race.com\/wp-content\/uploads\/2023\/01\/Mavic-3-Classic-DJI-RC.png","width":800,"height":800},{"@type":"BreadcrumbList","@id":"https:\/\/iha-race.com\/it\/prodotto\/mavic-3-classic-dji-rc\/#breadcrumb","itemListElement":[{"@type":"ListItem","position":1,"name":"Portada","item":"https:\/\/iha-race.com\/it\/"},{"@type":"ListItem","position":2,"name":"Negozio","item":"https:\/\/iha-race.com\/it\/negozio\/"},{"@type":"ListItem","position":3,"name":"Mavic 3 Classic + DJI RC"}]},{"@type":"WebSite","@id":"https:\/\/iha-race.com\/it\/#website","url":"https:\/\/iha-race.com\/it\/","name":"Iha Race","description":"Comprar drones de carreras FPV env\u00edos en un d\u00eda desde Espa\u00f1a","publisher":{"@id":"https:\/\/iha-race.com\/it\/#organization"},"potentialAction":[{"@type":"SearchAction","target":{"@type":"EntryPoint","urlTemplate":"https:\/\/iha-race.com\/it\/?s={search_term_string}"},"query-input":{"@type":"PropertyValueSpecification","valueRequired":true,"valueName":"search_term_string"}}],"inLanguage":"it-IT"},{"@type":"Organization","@id":"https:\/\/iha-race.com\/it\/#organization","name":"Iha Race","url":"https:\/\/iha-race.com\/it\/","logo":{"@type":"ImageObject","inLanguage":"it-IT","@id":"https:\/\/iha-race.com\/it\/#\/schema\/logo\/image\/","url":"https:\/\/iha-race.com\/wp-content\/uploads\/2018\/07\/iha-race-drones-de-carreras-tienda-comprar-drones.png","contentUrl":"https:\/\/iha-race.com\/wp-content\/uploads\/2018\/07\/iha-race-drones-de-carreras-tienda-comprar-drones.png","width":300,"height":100,"caption":"Iha Race"},"image":{"@id":"https:\/\/iha-race.com\/it\/#\/schema\/logo\/image\/"}}]}},"jetpack_sharing_enabled":true,"brands":[{"id":3567,"name":"DJI","slug":"dji"}],"_links":{"self":[{"href":"https:\/\/iha-race.com\/it\/wp-json\/wp\/v2\/product\/216080","targetHints":{"allow":["GET"]}}],"collection":[{"href":"https:\/\/iha-race.com\/it\/wp-json\/wp\/v2\/product"}],"about":[{"href":"https:\/\/iha-race.com\/it\/wp-json\/wp\/v2\/types\/product"}],"replies":[{"embeddable":true,"href":"https:\/\/iha-race.com\/it\/wp-json\/wp\/v2\/comments?post=216080"}],"version-history":[{"count":2,"href":"https:\/\/iha-race.com\/it\/wp-json\/wp\/v2\/product\/216080\/revisions"}],"predecessor-version":[{"id":248884,"href":"https:\/\/iha-race.com\/it\/wp-json\/wp\/v2\/product\/216080\/revisions\/248884"}],"wp:featuredmedia":[{"embeddable":true,"href":"https:\/\/iha-race.com\/it\/wp-json\/wp\/v2\/media\/216060"}],"wp:attachment":[{"href":"https:\/\/iha-race.com\/it\/wp-json\/wp\/v2\/media?parent=216080"}],"wp:term":[{"taxonomy":"pwb-brand","embeddable":true,"href":"https:\/\/iha-race.com\/it\/wp-json\/wp\/v2\/pwb-brand?post=216080"},{"taxonomy":"product_cat","embeddable":true,"href":"https:\/\/iha-race.com\/it\/wp-json\/wp\/v2\/product_cat?post=216080"},{"taxonomy":"product_tag","embeddable":true,"href":"https:\/\/iha-race.com\/it\/wp-json\/wp\/v2\/product_tag?post=216080"}],"curies":[{"name":"wp","href":"https:\/\/api.w.org\/{rel}","templated":true}]}}