{"id":215811,"date":"2023-01-20T16:41:35","date_gmt":"2023-01-20T15:41:35","guid":{"rendered":"https:\/\/iha-race.com\/producto\/telecamera-dazione-caddx-walnut\/"},"modified":"2024-08-29T11:34:17","modified_gmt":"2024-08-29T09:34:17","slug":"caddx-camera-dazione-noce","status":"publish","type":"product","link":"https:\/\/iha-race.com\/it\/prodotto\/caddx-camera-dazione-noce\/","title":{"rendered":"Telecamera d&#8217;azione Caddx Walnut"},"content":{"rendered":"<h1>Telecamera d&#8217;azione Caddx Walnut<\/h1>\n<p>&nbsp;<\/p>\n<div class=\"c-accordion__header-icons\"><\/div>\n<div id=\"c-accordion__panel--efe0d88a-d707-4bb1-add8-cbbb8e054990\" class=\"c-accordion__panel is-active c-accordion__panel--efe0d88a-d707-4bb1-add8-cbbb8e054990 c-accordion__panel--\" data-parent=\"#c-accordion--efe0d88a-d707-4bb1-add8-cbbb8e054990\">\n<div class=\"c-accordion__inner\">\n<p><img decoding=\"async\" style=\"float: none;\" src=\"https:\/\/cdn.shopify.com\/s\/files\/1\/0036\/3921\/4169\/files\/01_be2b3ebe-ec4a-42c2-8e5a-2fe3b72b788e.jpg?v=1669109205\" alt=\"\"><\/p>\n<div style=\"text-align: center;\"><\/div>\n<div style=\"text-align: center;\"><\/div>\n<div style=\"text-align: center;\"><\/div>\n<div style=\"text-align: center;\"><\/div>\n<div style=\"text-align: center;\"><\/div>\n<div style=\"text-align: center;\"><strong>Caratteristiche del prodotto:<\/strong><\/div>\n<div style=\"text-align: center;\">4K\/60 fps, 62,8 g, 30 minuti, Gyroflow, ricarica magnetica, filtro ND, telecomando, 38*38*36 mm, IP64<\/div>\n<div style=\"text-align: center;\"><\/div>\n<div style=\"text-align: center;\"><\/div>\n<div style=\"text-align: center;\"><img decoding=\"async\" style=\"float: none;\" src=\"https:\/\/cdn.shopify.com\/s\/files\/1\/0036\/3921\/4169\/files\/02_a4f5abb4-1cf0-4f6f-9119-83a4f7ab1f02.jpg?v=1669109241\"><\/div>\n<div style=\"text-align: center;\"><\/div>\n<div style=\"text-align: center;\"><\/div>\n<div style=\"text-align: center;\"><\/div>\n<div style=\"text-align: center;\"><\/div>\n<div style=\"text-align: center;\"><\/div>\n<div style=\"text-align: center;\"><\/div>\n<div style=\"text-align: center;\"><\/div>\n<div><\/div>\n<div><\/div>\n<div style=\"text-align: center;\"><\/div>\n<div style=\"text-align: center;\"><\/div>\n<div style=\"text-align: center;\"><\/div>\n<div style=\"text-align: center;\"><\/div>\n<div style=\"text-align: center;\"><\/div>\n<div style=\"text-align: center;\"><\/div>\n<div style=\"text-align: center;\"><\/div>\n<div style=\"text-align: center;\"><strong>Alta qualit\u00e0 delle immagini<\/strong> Compatibile con la risoluzione 4K\/60fps, 2.7K\/60fps@30fps, bit rate fino a 100mbps, porta le tue immagini a un livello superiore.<\/div>\n<div style=\"text-align: center;\"><img decoding=\"async\" style=\"float: none;\" src=\"https:\/\/cdn.shopify.com\/s\/files\/1\/0036\/3921\/4169\/files\/1_7af79f13-9e4d-40c8-a06c-a5bd13f03358.jpg?v=1669107717\" alt=\"\"><\/div>\n<p style=\"text-align: center;\"><strong>62,8 g di peso leggero<\/strong> La Nut pesa solo 62,8 g, un peso inferiore a quello della maggior parte delle action camera 4K\/60fps presenti sul mercato.<img decoding=\"async\" style=\"float: none;\" src=\"https:\/\/cdn.shopify.com\/s\/files\/1\/0036\/3921\/4169\/files\/2_68519981-41aa-4521-ad52-57555027a68d.jpg?v=1669107722\" alt=\"\"><\/p>\n<p style=\"text-align: center;\"><strong>Batteria integrata da 600mAh Ricarica magnetica <\/strong><strong>Batteria integrata da 600mAh <\/strong>, tempo di registrazione fino a 30 minuti in risoluzione 4K.<br \/>\nInoltre, \u00e8 dotata di uno speciale caricatore magnetico per FPV, in modo da non doversi preoccupare dell&#8217;alimentazione durante le riprese; la ricarica magnetica pu\u00f2 essere utilizzata anche per trasferire i file. <img decoding=\"async\" src=\"https:\/\/cdn.shopify.com\/s\/files\/1\/0036\/3921\/4169\/files\/6_4a490894-9762-4263-99e8-07cb9d33fded.jpg?v=1670049266\" alt=\"\"><\/p>\n<p style=\"text-align: center;\"> <strong>Compatibile con Gyroflow <\/strong><strong>+ ElS<\/strong> Walnut integrato con EIS integrato e compatibile con Gyroflow, ti offre una qualit\u00e0 video fluida e stabilizzata.<img decoding=\"async\" src=\"https:\/\/cdn.shopify.com\/s\/files\/1\/0036\/3921\/4169\/files\/16_a129dd81-409d-4255-b4d1-78ece62e4d55.jpg?v=1669290272\" alt=\"\"><\/p>\n<p style=\"text-align: center;\"><strong>Filtri ND e ND<\/strong> sostituibili con filettatura Filtri ND8 e ND16 sostituibili, facili da installare, in grado di proteggere efficacemente l&#8217;obiettivo e di offrire un&#8217;immagine cinematografica<img decoding=\"async\" style=\"float: none;\" src=\"https:\/\/cdn.shopify.com\/s\/files\/1\/0036\/3921\/4169\/files\/5_758d541e-5897-4527-8691-a9bd8ba1e732.jpg?v=1669107740\" alt=\"\"><\/p>\n<div style=\"text-align: center;\"><strong>Super HDR<\/strong><\/div>\n<div style=\"text-align: center;\">Walnut utilizza un sensore HDR da 1\/2,3 pollici in grado di fornire un&#8217;elevata gamma dinamica e di mantenere maggiori dettagli sia nelle luci che nelle ombre.  <img decoding=\"async\" style=\"float: none;\" src=\"https:\/\/cdn.shopify.com\/s\/files\/1\/0036\/3921\/4169\/files\/63892BC7-4474-49fb-8FD7-E94989AB3882.png?v=1669292608\" alt=\"\"><\/div>\n<p style=\"text-align: center;\"><strong>FOV ampio 150\u00b0, <\/strong>senza distorsioni Walnut utilizza un obiettivo 8g a bassissima distorsione per ridurre l&#8217;allungamento, offre un FOV ampio 150\u00b0 e garantisce riprese pi\u00f9 naturali e realistiche.<img decoding=\"async\" src=\"https:\/\/cdn.shopify.com\/s\/files\/1\/0036\/3921\/4169\/files\/3_2_33e2cd1e-ce1b-4c93-98c8-ab4492bcb8f8.jpg?v=1669285510\" alt=\"\"><\/p>\n<p style=\"text-align: center;\"><img decoding=\"async\" src=\"https:\/\/cdn.shopify.com\/s\/files\/1\/0036\/3921\/4169\/files\/02_f33d2990-7843-4816-b267-d41c316e1228.jpg?v=1669286380\" alt=\"\"><\/p>\n<p style=\"text-align: center;\">Il noce ha <strong>una dimensione di<\/strong> 38 mm x 38 mm x 36 mm, \u00e8 dotato di una robusta staffa di montaggio ed \u00e8 compatibile con le basi di montaggio esistenti sul mercato.<img decoding=\"async\" src=\"https:\/\/cdn.shopify.com\/s\/files\/1\/0036\/3921\/4169\/files\/6_348401cc-656e-45d4-a75f-c7c219121d1c.jpg?v=1669107746\" alt=\"\"><\/p>\n<div style=\"text-align: center;\">La linea di segnale KEY pu\u00f2 controllare a distanza la telecamera tramite il controllo di volo,<\/div>\n<div style=\"text-align: center;\">leggere le precauzioni pertinenti<img decoding=\"async\" style=\"float: none;\" src=\"https:\/\/cdn.shopify.com\/s\/files\/1\/0036\/3921\/4169\/files\/7_d83dffc0-d1a8-4525-a031-593637cb10a5.jpg?v=1669107751\" alt=\"\"><\/div>\n<div style=\"text-align: center;\"><\/div>\n<div style=\"text-align: center;\"><\/div>\n<div style=\"text-align: center;\"><\/div>\n<div style=\"text-align: center;\">Dimensioni del prodotto<img decoding=\"async\" style=\"float: none;\" src=\"https:\/\/cdn.shopify.com\/s\/files\/1\/0036\/3921\/4169\/files\/8_74d94f53-4202-4b75-9097-7659530e83d3.jpg?v=1669107756\" alt=\"\"><\/div>\n<table width=\"100%\">\n<tbody>\n<tr>\n<td><strong>Specifiche<\/strong><\/td>\n<td><\/td>\n<\/tr>\n<tr>\n<td>Modello<\/td>\n<td>CADDX Noce<\/td>\n<\/tr>\n<tr>\n<td>Sensore di immagine<\/td>\n<td>Sensore HDR da 1\/2,3<\/td>\n<\/tr>\n<tr>\n<td>Risoluzione principale<\/td>\n<td>4K\/60fps,4K\/30fps(4\/3),2,7K\/60fps(4\/3),2,7K\/30fps(4\/3), 1440P\/60fps,1080p\/120fps.<\/td>\n<\/tr>\n<tr>\n<td>Dimensioni<\/td>\n<td>38mm*38mm*36mm<\/td>\n<\/tr>\n<tr>\n<td>Peso<\/td>\n<td>62,8g<\/td>\n<\/tr>\n<tr>\n<td>Campo visivo<\/td>\n<td>150\u00b0<\/td>\n<\/tr>\n<tr>\n<td>Wifi<\/td>\n<td>Supporto<\/td>\n<\/tr>\n<tr>\n<td>Formato del file video<\/td>\n<td>MP4<\/td>\n<\/tr>\n<tr>\n<td>Audio<\/td>\n<td>Supporto<\/td>\n<\/tr>\n<tr>\n<td>Velocit\u00e0 di trasmissione della telecamera<\/td>\n<td>Bit rate massimo di 100M<\/td>\n<\/tr>\n<tr>\n<td>DIA<\/td>\n<td>Integrato\/Giroflusso<\/td>\n<\/tr>\n<tr>\n<td>Codifica video<\/td>\n<td>H264<\/td>\n<\/tr>\n<tr>\n<td>Lingua<\/td>\n<td>Auto<\/td>\n<\/tr>\n<tr>\n<td>Ruota l&#8217;immagine<\/td>\n<td>Supporto<\/td>\n<\/tr>\n<tr>\n<td>Tempo di registrazione<\/td>\n<td>Massimo 30 minuti<\/td>\n<\/tr>\n<tr>\n<td>Capacit\u00e0 della batteria<\/td>\n<td>600mAh<\/td>\n<\/tr>\n<tr>\n<td>Impermeabile<\/td>\n<td>IP64<\/td>\n<\/tr>\n<tr>\n<td>Ingresso alimentazione<\/td>\n<td>Connettore USB magnetico di tipo C<\/td>\n<\/tr>\n<tr>\n<td>Scheda SD<\/td>\n<td>Massimo 256G<\/td>\n<\/tr>\n<tr>\n<td><strong>Elenco degli imballaggi<\/strong><\/td>\n<td><\/td>\n<\/tr>\n<tr>\n<td>camma d&#8217;azione in noce<\/td>\n<td>x1<\/td>\n<\/tr>\n<tr>\n<td>Connettore USB magnetico<\/td>\n<td>x1<\/td>\n<\/tr>\n<tr>\n<td>scatola di montaggio<\/td>\n<td>x1<\/td>\n<\/tr>\n<tr>\n<td>Modulo ingranaggi 2~6S<\/td>\n<td>x1<\/td>\n<\/tr>\n<tr>\n<td>Linea in silicone a 3 pin Sh1.25<\/td>\n<td>x1<\/td>\n<\/tr>\n<tr>\n<td>Viti M5<\/td>\n<td>x1<\/td>\n<\/tr>\n<tr>\n<td>Cavo di tipo C<\/td>\n<td>x1<\/td>\n<\/tr>\n<tr>\n<td>panno per specchi<\/td>\n<td>x1<\/td>\n<\/tr>\n<tr>\n<td>Borsa portaoggetti portatile<\/td>\n<td>x1<\/td>\n<\/tr>\n<\/tbody>\n<\/table>\n<p>&nbsp;<\/p>\n<p>&nbsp;<\/p>\n<\/div>\n<\/div>\n<p>&nbsp;<\/p>\n<p>&nbsp;<\/p>\n","protected":false},"excerpt":{"rendered":"<p>Telecamera d&#8217;azione Caddx Walnut &nbsp; Caratteristiche del prodotto: 4K\/60 fps, 62,8 g, 30 minuti, Gyroflow, ricarica magnetica, filtro ND, telecomando, 38*38*36 mm, IP64 Alta qualit\u00e0 delle immagini Compatibile con la<\/p>\n","protected":false},"featured_media":215791,"comment_status":"open","ping_status":"closed","template":"","meta":{"_joinchat":[]},"pwb-brand":[],"product_cat":[2423,1165],"product_tag":[],"class_list":{"0":"post-215811","1":"product","2":"type-product","3":"status-publish","4":"has-post-thumbnail","6":"product_cat-telecamere-di-registrazione","7":"product_cat-telecamere-fpv","9":"first","10":"instock","11":"sale","12":"taxable","13":"shipping-taxable","14":"purchasable","15":"product-type-simple"},"barcode":null,"atum_controlled":true,"out_stock_date":null,"out_stock_threshold":null,"inheritable":false,"stock_on_hold":0,"sold_today":0,"sales_last_days":0,"out_stock_days":0,"lost_sales":0,"update_date":"2026-04-21T10:58:44","atum_locations":[],"atum_stock_status":"instock","restock_status":false,"low_stock_amount":"","sales_update_date":"2026-04-18T09:22:03","calc_backorders":null,"yoast_head":"<!-- This site is optimized with the Yoast SEO plugin v27.3 - https:\/\/yoast.com\/product\/yoast-seo-wordpress\/ -->\n<title>Telecamera d&#039;azione Caddx Walnut - Iha Race<\/title>\n<meta name=\"robots\" content=\"index, follow, max-snippet:-1, max-image-preview:large, max-video-preview:-1\" \/>\n<link rel=\"canonical\" href=\"https:\/\/iha-race.com\/it\/prodotto\/caddx-camera-dazione-noce\/\" \/>\n<meta property=\"og:locale\" content=\"it_IT\" \/>\n<meta property=\"og:type\" content=\"article\" \/>\n<meta property=\"og:title\" content=\"Telecamera d&#039;azione Caddx Walnut - Iha Race\" \/>\n<meta property=\"og:description\" content=\"Telecamera d&#8217;azione Caddx Walnut &nbsp; Caratteristiche del prodotto: 4K\/60 fps, 62,8 g, 30 minuti, Gyroflow, ricarica magnetica, filtro ND, telecomando, 38*38*36 mm, IP64 Alta qualit\u00e0 delle immagini Compatibile con la\" \/>\n<meta property=\"og:url\" content=\"https:\/\/iha-race.com\/it\/prodotto\/caddx-camera-dazione-noce\/\" \/>\n<meta property=\"og:site_name\" content=\"Iha Race\" \/>\n<meta property=\"article:modified_time\" content=\"2024-08-29T09:34:17+00:00\" \/>\n<meta property=\"og:image\" content=\"https:\/\/iha-race.com\/wp-content\/uploads\/2023\/01\/Caddx-Walnut-Action-Camera1.webp\" \/>\n\t<meta property=\"og:image:width\" content=\"2000\" \/>\n\t<meta property=\"og:image:height\" content=\"2000\" \/>\n\t<meta property=\"og:image:type\" content=\"image\/webp\" \/>\n<meta name=\"twitter:card\" content=\"summary_large_image\" \/>\n<meta name=\"twitter:label1\" content=\"Tempo di lettura stimato\" \/>\n\t<meta name=\"twitter:data1\" content=\"2 minuti\" \/>\n<script type=\"application\/ld+json\" class=\"yoast-schema-graph\">{\"@context\":\"https:\\\/\\\/schema.org\",\"@graph\":[{\"@type\":\"WebPage\",\"@id\":\"https:\\\/\\\/iha-race.com\\\/it\\\/prodotto\\\/caddx-camera-dazione-noce\\\/\",\"url\":\"https:\\\/\\\/iha-race.com\\\/it\\\/prodotto\\\/caddx-camera-dazione-noce\\\/\",\"name\":\"Telecamera d'azione Caddx Walnut - Iha Race\",\"isPartOf\":{\"@id\":\"https:\\\/\\\/iha-race.com\\\/it\\\/#website\"},\"primaryImageOfPage\":{\"@id\":\"https:\\\/\\\/iha-race.com\\\/it\\\/prodotto\\\/caddx-camera-dazione-noce\\\/#primaryimage\"},\"image\":{\"@id\":\"https:\\\/\\\/iha-race.com\\\/it\\\/prodotto\\\/caddx-camera-dazione-noce\\\/#primaryimage\"},\"thumbnailUrl\":\"https:\\\/\\\/iha-race.com\\\/wp-content\\\/uploads\\\/2023\\\/01\\\/Caddx-Walnut-Action-Camera1.webp\",\"datePublished\":\"2023-01-20T15:41:35+00:00\",\"dateModified\":\"2024-08-29T09:34:17+00:00\",\"breadcrumb\":{\"@id\":\"https:\\\/\\\/iha-race.com\\\/it\\\/prodotto\\\/caddx-camera-dazione-noce\\\/#breadcrumb\"},\"inLanguage\":\"it-IT\",\"potentialAction\":[{\"@type\":\"ReadAction\",\"target\":[\"https:\\\/\\\/iha-race.com\\\/it\\\/prodotto\\\/caddx-camera-dazione-noce\\\/\"]}]},{\"@type\":\"ImageObject\",\"inLanguage\":\"it-IT\",\"@id\":\"https:\\\/\\\/iha-race.com\\\/it\\\/prodotto\\\/caddx-camera-dazione-noce\\\/#primaryimage\",\"url\":\"https:\\\/\\\/iha-race.com\\\/wp-content\\\/uploads\\\/2023\\\/01\\\/Caddx-Walnut-Action-Camera1.webp\",\"contentUrl\":\"https:\\\/\\\/iha-race.com\\\/wp-content\\\/uploads\\\/2023\\\/01\\\/Caddx-Walnut-Action-Camera1.webp\",\"width\":2000,\"height\":2000,\"caption\":\"Comprar Caddx C\u00e1mara de Acci\u00f3n Walnut\"},{\"@type\":\"BreadcrumbList\",\"@id\":\"https:\\\/\\\/iha-race.com\\\/it\\\/prodotto\\\/caddx-camera-dazione-noce\\\/#breadcrumb\",\"itemListElement\":[{\"@type\":\"ListItem\",\"position\":1,\"name\":\"Portada\",\"item\":\"https:\\\/\\\/iha-race.com\\\/it\\\/\"},{\"@type\":\"ListItem\",\"position\":2,\"name\":\"Negozio\",\"item\":\"https:\\\/\\\/iha-race.com\\\/it\\\/negozio\\\/\"},{\"@type\":\"ListItem\",\"position\":3,\"name\":\"Telecamera d&#8217;azione Caddx Walnut\"}]},{\"@type\":\"WebSite\",\"@id\":\"https:\\\/\\\/iha-race.com\\\/it\\\/#website\",\"url\":\"https:\\\/\\\/iha-race.com\\\/it\\\/\",\"name\":\"Iha Race\",\"description\":\"Comprar drones de carreras FPV env\u00edos en un d\u00eda desde Espa\u00f1a\",\"publisher\":{\"@id\":\"https:\\\/\\\/iha-race.com\\\/it\\\/#organization\"},\"potentialAction\":[{\"@type\":\"SearchAction\",\"target\":{\"@type\":\"EntryPoint\",\"urlTemplate\":\"https:\\\/\\\/iha-race.com\\\/it\\\/?s={search_term_string}\"},\"query-input\":{\"@type\":\"PropertyValueSpecification\",\"valueRequired\":true,\"valueName\":\"search_term_string\"}}],\"inLanguage\":\"it-IT\"},{\"@type\":\"Organization\",\"@id\":\"https:\\\/\\\/iha-race.com\\\/it\\\/#organization\",\"name\":\"Iha Race\",\"url\":\"https:\\\/\\\/iha-race.com\\\/it\\\/\",\"logo\":{\"@type\":\"ImageObject\",\"inLanguage\":\"it-IT\",\"@id\":\"https:\\\/\\\/iha-race.com\\\/it\\\/#\\\/schema\\\/logo\\\/image\\\/\",\"url\":\"https:\\\/\\\/iha-race.com\\\/wp-content\\\/uploads\\\/2018\\\/07\\\/iha-race-drones-de-carreras-tienda-comprar-drones.png\",\"contentUrl\":\"https:\\\/\\\/iha-race.com\\\/wp-content\\\/uploads\\\/2018\\\/07\\\/iha-race-drones-de-carreras-tienda-comprar-drones.png\",\"width\":300,\"height\":100,\"caption\":\"Iha Race\"},\"image\":{\"@id\":\"https:\\\/\\\/iha-race.com\\\/it\\\/#\\\/schema\\\/logo\\\/image\\\/\"}}]}<\/script>\n<!-- \/ Yoast SEO plugin. -->","yoast_head_json":{"title":"Telecamera d'azione Caddx Walnut - Iha Race","robots":{"index":"index","follow":"follow","max-snippet":"max-snippet:-1","max-image-preview":"max-image-preview:large","max-video-preview":"max-video-preview:-1"},"canonical":"https:\/\/iha-race.com\/it\/prodotto\/caddx-camera-dazione-noce\/","og_locale":"it_IT","og_type":"article","og_title":"Telecamera d'azione Caddx Walnut - Iha Race","og_description":"Telecamera d&#8217;azione Caddx Walnut &nbsp; Caratteristiche del prodotto: 4K\/60 fps, 62,8 g, 30 minuti, Gyroflow, ricarica magnetica, filtro ND, telecomando, 38*38*36 mm, IP64 Alta qualit\u00e0 delle immagini Compatibile con la","og_url":"https:\/\/iha-race.com\/it\/prodotto\/caddx-camera-dazione-noce\/","og_site_name":"Iha Race","article_modified_time":"2024-08-29T09:34:17+00:00","og_image":[{"width":2000,"height":2000,"url":"https:\/\/iha-race.com\/wp-content\/uploads\/2023\/01\/Caddx-Walnut-Action-Camera1.webp","type":"image\/webp"}],"twitter_card":"summary_large_image","twitter_misc":{"Tempo di lettura stimato":"2 minuti"},"schema":{"@context":"https:\/\/schema.org","@graph":[{"@type":"WebPage","@id":"https:\/\/iha-race.com\/it\/prodotto\/caddx-camera-dazione-noce\/","url":"https:\/\/iha-race.com\/it\/prodotto\/caddx-camera-dazione-noce\/","name":"Telecamera d'azione Caddx Walnut - Iha Race","isPartOf":{"@id":"https:\/\/iha-race.com\/it\/#website"},"primaryImageOfPage":{"@id":"https:\/\/iha-race.com\/it\/prodotto\/caddx-camera-dazione-noce\/#primaryimage"},"image":{"@id":"https:\/\/iha-race.com\/it\/prodotto\/caddx-camera-dazione-noce\/#primaryimage"},"thumbnailUrl":"https:\/\/iha-race.com\/wp-content\/uploads\/2023\/01\/Caddx-Walnut-Action-Camera1.webp","datePublished":"2023-01-20T15:41:35+00:00","dateModified":"2024-08-29T09:34:17+00:00","breadcrumb":{"@id":"https:\/\/iha-race.com\/it\/prodotto\/caddx-camera-dazione-noce\/#breadcrumb"},"inLanguage":"it-IT","potentialAction":[{"@type":"ReadAction","target":["https:\/\/iha-race.com\/it\/prodotto\/caddx-camera-dazione-noce\/"]}]},{"@type":"ImageObject","inLanguage":"it-IT","@id":"https:\/\/iha-race.com\/it\/prodotto\/caddx-camera-dazione-noce\/#primaryimage","url":"https:\/\/iha-race.com\/wp-content\/uploads\/2023\/01\/Caddx-Walnut-Action-Camera1.webp","contentUrl":"https:\/\/iha-race.com\/wp-content\/uploads\/2023\/01\/Caddx-Walnut-Action-Camera1.webp","width":2000,"height":2000,"caption":"Comprar Caddx C\u00e1mara de Acci\u00f3n Walnut"},{"@type":"BreadcrumbList","@id":"https:\/\/iha-race.com\/it\/prodotto\/caddx-camera-dazione-noce\/#breadcrumb","itemListElement":[{"@type":"ListItem","position":1,"name":"Portada","item":"https:\/\/iha-race.com\/it\/"},{"@type":"ListItem","position":2,"name":"Negozio","item":"https:\/\/iha-race.com\/it\/negozio\/"},{"@type":"ListItem","position":3,"name":"Telecamera d&#8217;azione Caddx Walnut"}]},{"@type":"WebSite","@id":"https:\/\/iha-race.com\/it\/#website","url":"https:\/\/iha-race.com\/it\/","name":"Iha Race","description":"Comprar drones de carreras FPV env\u00edos en un d\u00eda desde Espa\u00f1a","publisher":{"@id":"https:\/\/iha-race.com\/it\/#organization"},"potentialAction":[{"@type":"SearchAction","target":{"@type":"EntryPoint","urlTemplate":"https:\/\/iha-race.com\/it\/?s={search_term_string}"},"query-input":{"@type":"PropertyValueSpecification","valueRequired":true,"valueName":"search_term_string"}}],"inLanguage":"it-IT"},{"@type":"Organization","@id":"https:\/\/iha-race.com\/it\/#organization","name":"Iha Race","url":"https:\/\/iha-race.com\/it\/","logo":{"@type":"ImageObject","inLanguage":"it-IT","@id":"https:\/\/iha-race.com\/it\/#\/schema\/logo\/image\/","url":"https:\/\/iha-race.com\/wp-content\/uploads\/2018\/07\/iha-race-drones-de-carreras-tienda-comprar-drones.png","contentUrl":"https:\/\/iha-race.com\/wp-content\/uploads\/2018\/07\/iha-race-drones-de-carreras-tienda-comprar-drones.png","width":300,"height":100,"caption":"Iha Race"},"image":{"@id":"https:\/\/iha-race.com\/it\/#\/schema\/logo\/image\/"}}]}},"jetpack_sharing_enabled":true,"brands":[],"_links":{"self":[{"href":"https:\/\/iha-race.com\/it\/wp-json\/wp\/v2\/product\/215811","targetHints":{"allow":["GET"]}}],"collection":[{"href":"https:\/\/iha-race.com\/it\/wp-json\/wp\/v2\/product"}],"about":[{"href":"https:\/\/iha-race.com\/it\/wp-json\/wp\/v2\/types\/product"}],"replies":[{"embeddable":true,"href":"https:\/\/iha-race.com\/it\/wp-json\/wp\/v2\/comments?post=215811"}],"version-history":[{"count":2,"href":"https:\/\/iha-race.com\/it\/wp-json\/wp\/v2\/product\/215811\/revisions"}],"predecessor-version":[{"id":248857,"href":"https:\/\/iha-race.com\/it\/wp-json\/wp\/v2\/product\/215811\/revisions\/248857"}],"wp:featuredmedia":[{"embeddable":true,"href":"https:\/\/iha-race.com\/it\/wp-json\/wp\/v2\/media\/215791"}],"wp:attachment":[{"href":"https:\/\/iha-race.com\/it\/wp-json\/wp\/v2\/media?parent=215811"}],"wp:term":[{"taxonomy":"pwb-brand","embeddable":true,"href":"https:\/\/iha-race.com\/it\/wp-json\/wp\/v2\/pwb-brand?post=215811"},{"taxonomy":"product_cat","embeddable":true,"href":"https:\/\/iha-race.com\/it\/wp-json\/wp\/v2\/product_cat?post=215811"},{"taxonomy":"product_tag","embeddable":true,"href":"https:\/\/iha-race.com\/it\/wp-json\/wp\/v2\/product_tag?post=215811"}],"curies":[{"name":"wp","href":"https:\/\/api.w.org\/{rel}","templated":true}]}}