{"id":215737,"date":"2023-01-19T11:55:51","date_gmt":"2023-01-19T10:55:51","guid":{"rendered":"https:\/\/iha-race.com\/producto\/kit-telaio-hglrc-sector-6-v3-hd-freestyle-3k-in-fibra-di-carbonio\/"},"modified":"2024-12-12T12:11:50","modified_gmt":"2024-12-12T11:11:50","slug":"frame-kit-hglrc-sector-6-v3-hd-freestyle-3k-di-fibra-di-carbonio","status":"publish","type":"product","link":"https:\/\/iha-race.com\/it\/prodotto\/frame-kit-hglrc-sector-6-v3-hd-freestyle-3k-di-fibra-di-carbonio\/","title":{"rendered":"Kit telaio HGLRC Sector 6 V3 HD Freestyle 3K in fibra di carbonio"},"content":{"rendered":"<h1><span data-sheets-value=\"{\"1\":2,\"2\":\"Frame Kit HGLRC Sector 6 V3 HD Freestyle 3K de Fibra de Carbono\"}\" data-sheets-userformat=\"{\"2\":771,\"3\":{\"1\":0},\"4\":{\"1\":2,\"2\":15389148},\"11\":4,\"12\":0}\">Kit telaio HGLRC Sector 6 V3 HD Freestyle 3K in fibra di carbonio<\/span><\/h1>\n<p><iframe src=\"https:\/\/www.youtube.com\/embed\/u3erGY6IZXY\" width=\"560\" height=\"315\" frameborder=\"0\" allowfullscreen=\"allowfullscreen\" data-mce-fragment=\"1\"><\/iframe><\/p>\n<p><iframe src=\"https:\/\/www.youtube.com\/embed\/Zd0nrKVFBDw\" width=\"560\" height=\"315\" frameborder=\"0\" allowfullscreen=\"allowfullscreen\" data-mce-fragment=\"1\"><\/iframe><\/p>\n<h2><strong>Telaio HGLRC Sector 5 V3 Freestyle da 5 pollici per drone da corsa FPV Compatibile con VTX 5.8G e unit\u00e0 DJI Air<\/strong><\/h2>\n<h3><strong>Nessun accessorio in vista<\/strong><\/h3>\n<p>Con il V3 non ci sono pi\u00f9 accessori in vista. Godetevi la visione chiara del volo!<\/p>\n<h3><strong>Angolo di montaggio della telecamera regolabile<\/strong><\/h3>\n<p>Regolare l&#8217;angolo di montaggio della telecamera da 25\u00b0, 30\u00b0, 35\u00b0 e 40\u00b0 in base alle proprie esigenze.<\/p>\n<h3><strong>Slot per condensatore per nascondere il condensatore per un aspetto pi\u00f9 ordinato<\/strong><\/h3>\n<p>Non riuscite a trovare il condensatore nel drone? \u00e8 &#8220;nascosto&#8221; da qualche parte \ud83d\ude42<\/p>\n<h3><strong>Una gamma completa di parti in TPU<\/strong><\/h3>\n<p>Tutti i file STL delle parti in TPU utilizzate in questo drone saranno disponibili gratuitamente! Se si dispone di una stampante 3D, \u00e8 sempre possibile stampare da soli i pezzi di ricambio. Consulta gli archivi <a href=\"https:\/\/www.thingiverse.com\/thing:4420924\" target=\"_blank\" rel=\"noopener\">qui<\/a><\/p>\n<p><strong>Nota: l&#8217;attacco GoPro 7 non \u00e8 incluso nella confezione, ma \u00e8 possibile stamparlo con i file STL condivisi sopra. Per l&#8217;assemblaggio di Go Pro 8 puoi ottenere il file  <\/strong><\/p>\n<h3><strong>Parti consigliate<\/strong><\/h3>\n<ul>\n<li>Controllore di volo: HGLRC Zeus F722 (il pi\u00f9 conveniente e affidabile F722 FC)<\/li>\n<li>ESC: HGLRC avanti 60A ESC<\/li>\n<li>Marchio: HGLRC<\/li>\n<li>Modello: Sector 5 V3 Frame Kit<\/li>\n<li>Materiale: fibra di carbonio 3K<\/li>\n<li>Spessore della piastra superiore: 2 mm<\/li>\n<li>Spessore della piastra inferiore: 2 mm<\/li>\n<li>Spessore medio della piastra 2 mm<\/li>\n<li>Spessore del pannello laterale della fotocamera: 2 mm<\/li>\n<li>Spessore del braccio: 5 mm<\/li>\n<li>Distanza tra le piastre superiore e centrale: 25 mm<\/li>\n<li>Fori di installazione: 20&#215;20 \/ 30,5&#215;30,5 mm<\/li>\n<li>Staffa per fotocamera: 19&#215;19\/22&#215;22 mm<\/li>\n<li>Fori di montaggio del motore: \u220516-19 (7 pollici)<\/li>\n<\/ul>\n<h3><strong>Sector 5 V3 Freestyle telaio da 5 pollici<\/strong><\/h3>\n<ul>\n<li>Tipo: telaio da 5<\/li>\n<li>Interasse: 218 mm<\/li>\n<li>Supporto elica: fino a 5,2 pollici<\/li>\n<li>Dimensioni complessive: 172,5 * 136,7 mm<\/li>\n<li>Peso: 124,2 g (escluso TPU)<\/li>\n<li>Passo:\n<ul>\n<li>6&#8243; \/ 260 mm<\/li>\n<li>7&#8243; \/ 290 mm<\/li>\n<\/ul>\n<\/li>\n<\/ul>\n<p>&nbsp;<\/p>\n<h3><strong>Caratteristiche<\/strong><\/h3>\n<ul>\n<li>Installazione del sistema di smorzamento dei comandi di volo<\/li>\n<li>Supporto universale per Gopro<\/li>\n<li>Supporto Gopro<\/li>\n<li>protezione fissa del supporto Gopro<\/li>\n<li>Gopro Lens Protector Motor Mount<\/li>\n<li>Antenna con montaggio a T<\/li>\n<li>Montaggio del GPS<\/li>\n<li>Antenna con montaggio SMA<\/li>\n<li>Supporto antenna DJI ANT<\/li>\n<li>Protezione della piastra di base Montaggio<\/li>\n<li>Supporto per unit\u00e0 aerea DJI<\/li>\n<li>Protezione dell&#8217;obiettivo della telecamera DJI FPV<\/li>\n<li>Cavo di alimentazione fisso<\/li>\n<li>Scanalatura per il montaggio del condensatore<\/li>\n<\/ul>\n<h3><strong>Il pacchetto comprende<\/strong><\/h3>\n<ul>\n<li>1 piastra superiore da 2 mm<\/li>\n<li>1 piastra inferiore da 2 mm<\/li>\n<li>1 piastra intermedia da 2 mm<\/li>\n<li>4 bracci da 5 mm<\/li>\n<li>Piastra laterale da 2 mm<\/li>\n<li>2 colonne in alluminio nero M3 * 32mm<\/li>\n<li>6 colonne in alluminio nero M3 * 25 mm 3 colonne in alluminio nero M3 * 23 mm<\/li>\n<li>5x vite a testa tonda M3*25<\/li>\n<li>4x vite a testa tonda M3*16<\/li>\n<li>4x vite a testa tonda M3*12<\/li>\n<li>12x vite a testa tonda M3*8<\/li>\n<li>2x vite a testa tonda M3*6<\/li>\n<li>1x vite a testa tonda M2*30<\/li>\n<li>4x vite a testa tonda M2*25<\/li>\n<li>4x vite a testa tonda M2*12<\/li>\n<li>2x vite a testa tonda M2*6<\/li>\n<li>2x vite a testa tonda M2*4<\/li>\n<li>4x M2*5 colonna in nylon nero<\/li>\n<li>6x dado M3<\/li>\n<li>dado autoregolante 10x M2<\/li>\n<li>tubo di protezione dell&#8217;antenna 4x autoregolante<\/li>\n<li>12x M3*6,6 ammortizzatore a sfera<\/li>\n<li>8 sfere per ammortizzatori M2*6 2 fascette per 20 cavi della batteria<\/li>\n<li>200 mm 2 fascette per cavi della batteria 20x 250 mm<\/li>\n<li>1 nastro antiscivolo per<\/li>\n<li>batteria 1 supporto universale per<\/li>\n<li>Gopro 1 Protezione dell&#8217;obiettivo per Gopro<\/li>\n<li>1 supporto per la protezione del motore<\/li>\n<li>1 staffa per antenna a T<\/li>\n<li>1 supporto per GPS<\/li>\n<li>1 supporto per antenna SMA<\/li>\n<li>1 protezione della piastra di base<\/li>\n<li>1 supporto per unit\u00e0 aerea DJI<\/li>\n<li>1 protezione per la lente della telecamera DJI FPV<\/li>\n<li>1 supporto per antenna DJI ANT<\/li>\n<li>1 staffa fissa per il cavo di alimentazione<\/li>\n<\/ul>\n<p>&nbsp;<\/p>\n<h3><strong>Parti consigliate (non incluse)<\/strong><\/h3>\n<ul>\n<li>Controllore di volo: Zeus\/F4 \/F7 FC<\/li>\n<li>Motore: Eolo 2207.5\/Eolo 2306.5\/FD2408<\/li>\n<li>ESC: 35A-65A<\/li>\n<li>Fotocamera: dimensioni 19&#215;19\/22x22mm<\/li>\n<li>Elica: Settore 5 &#8211; 5 ~ 5,5 pollici<\/li>\n<li>Batteria: 4S 1500mAh ~ 6S 1600mAh<\/li>\n<\/ul>\n<p><img decoding=\"async\" src=\"https:\/\/cdn.shopifycdn.net\/s\/files\/1\/2672\/8290\/files\/SEC5-003_687241c4-74e2-4cb1-a547-066260891a5c_1024x1024.jpg?v=1599893848\" alt=\"\"><img decoding=\"async\" src=\"https:\/\/cdn.shopifycdn.net\/s\/files\/1\/2672\/8290\/files\/SEC5-004.jpg?v=1592296752\" alt=\"\"><\/p>\n","protected":false},"excerpt":{"rendered":"<p>Kit telaio HGLRC Sector 6 V3 HD Freestyle 3K in fibra di carbonio Telaio HGLRC Sector 5 V3 Freestyle da 5 pollici per drone da corsa FPV Compatibile con VTX<\/p>\n","protected":false},"featured_media":215750,"comment_status":"open","ping_status":"closed","template":"","meta":{"_joinchat":[]},"pwb-brand":[],"product_cat":[3667,27,4114],"product_tag":[],"class_list":{"0":"post-215737","1":"product","2":"type-product","3":"status-publish","4":"has-post-thumbnail","6":"product_cat-cuadros-frame","7":"product_cat-drones-fpv","8":"product_cat-black-friday-2024","10":"first","11":"instock","12":"taxable","13":"shipping-taxable","14":"purchasable","15":"product-type-simple"},"barcode":null,"atum_controlled":true,"out_stock_date":null,"out_stock_threshold":null,"inheritable":false,"stock_on_hold":0,"sold_today":0,"sales_last_days":0,"out_stock_days":0,"lost_sales":0,"update_date":"2026-04-18T22:18:12","atum_locations":[],"atum_stock_status":"instock","restock_status":false,"low_stock_amount":"","sales_update_date":"2026-04-18T22:18:12","calc_backorders":null,"yoast_head":"<!-- This site is optimized with the Yoast SEO plugin v27.3 - https:\/\/yoast.com\/product\/yoast-seo-wordpress\/ -->\n<title>Kit telaio HGLRC Sector 6 V3 HD Freestyle 3K in fibra di carbonio - Iha Race<\/title>\n<meta name=\"robots\" content=\"index, follow, max-snippet:-1, max-image-preview:large, max-video-preview:-1\" \/>\n<link rel=\"canonical\" href=\"https:\/\/iha-race.com\/it\/prodotto\/frame-kit-hglrc-sector-6-v3-hd-freestyle-3k-di-fibra-di-carbonio\/\" \/>\n<meta property=\"og:locale\" content=\"it_IT\" \/>\n<meta property=\"og:type\" content=\"article\" \/>\n<meta property=\"og:title\" content=\"Kit telaio HGLRC Sector 6 V3 HD Freestyle 3K in fibra di carbonio - Iha Race\" \/>\n<meta property=\"og:description\" content=\"Kit telaio HGLRC Sector 6 V3 HD Freestyle 3K in fibra di carbonio Telaio HGLRC Sector 5 V3 Freestyle da 5 pollici per drone da corsa FPV Compatibile con VTX\" \/>\n<meta property=\"og:url\" content=\"https:\/\/iha-race.com\/it\/prodotto\/frame-kit-hglrc-sector-6-v3-hd-freestyle-3k-di-fibra-di-carbonio\/\" \/>\n<meta property=\"og:site_name\" content=\"Iha Race\" \/>\n<meta property=\"article:modified_time\" content=\"2024-12-12T11:11:50+00:00\" \/>\n<meta property=\"og:image\" content=\"https:\/\/iha-race.com\/wp-content\/uploads\/2023\/01\/HGLRC-SECTOR5-V3-HD-FREESTYLE-FRAME-0.jpg\" \/>\n\t<meta property=\"og:image:width\" content=\"800\" \/>\n\t<meta property=\"og:image:height\" content=\"800\" \/>\n\t<meta property=\"og:image:type\" content=\"image\/jpeg\" \/>\n<meta name=\"twitter:card\" content=\"summary_large_image\" \/>\n<meta name=\"twitter:label1\" content=\"Tempo di lettura stimato\" \/>\n\t<meta name=\"twitter:data1\" content=\"3 minuti\" \/>\n<script type=\"application\/ld+json\" class=\"yoast-schema-graph\">{\"@context\":\"https:\\\/\\\/schema.org\",\"@graph\":[{\"@type\":\"WebPage\",\"@id\":\"https:\\\/\\\/iha-race.com\\\/it\\\/prodotto\\\/frame-kit-hglrc-sector-6-v3-hd-freestyle-3k-di-fibra-di-carbonio\\\/\",\"url\":\"https:\\\/\\\/iha-race.com\\\/it\\\/prodotto\\\/frame-kit-hglrc-sector-6-v3-hd-freestyle-3k-di-fibra-di-carbonio\\\/\",\"name\":\"Kit telaio HGLRC Sector 6 V3 HD Freestyle 3K in fibra di carbonio - Iha Race\",\"isPartOf\":{\"@id\":\"https:\\\/\\\/iha-race.com\\\/it\\\/#website\"},\"primaryImageOfPage\":{\"@id\":\"https:\\\/\\\/iha-race.com\\\/it\\\/prodotto\\\/frame-kit-hglrc-sector-6-v3-hd-freestyle-3k-di-fibra-di-carbonio\\\/#primaryimage\"},\"image\":{\"@id\":\"https:\\\/\\\/iha-race.com\\\/it\\\/prodotto\\\/frame-kit-hglrc-sector-6-v3-hd-freestyle-3k-di-fibra-di-carbonio\\\/#primaryimage\"},\"thumbnailUrl\":\"https:\\\/\\\/iha-race.com\\\/wp-content\\\/uploads\\\/2023\\\/01\\\/HGLRC-SECTOR5-V3-HD-FREESTYLE-FRAME-0.jpg\",\"datePublished\":\"2023-01-19T10:55:51+00:00\",\"dateModified\":\"2024-12-12T11:11:50+00:00\",\"breadcrumb\":{\"@id\":\"https:\\\/\\\/iha-race.com\\\/it\\\/prodotto\\\/frame-kit-hglrc-sector-6-v3-hd-freestyle-3k-di-fibra-di-carbonio\\\/#breadcrumb\"},\"inLanguage\":\"it-IT\",\"potentialAction\":[{\"@type\":\"ReadAction\",\"target\":[\"https:\\\/\\\/iha-race.com\\\/it\\\/prodotto\\\/frame-kit-hglrc-sector-6-v3-hd-freestyle-3k-di-fibra-di-carbonio\\\/\"]}]},{\"@type\":\"ImageObject\",\"inLanguage\":\"it-IT\",\"@id\":\"https:\\\/\\\/iha-race.com\\\/it\\\/prodotto\\\/frame-kit-hglrc-sector-6-v3-hd-freestyle-3k-di-fibra-di-carbonio\\\/#primaryimage\",\"url\":\"https:\\\/\\\/iha-race.com\\\/wp-content\\\/uploads\\\/2023\\\/01\\\/HGLRC-SECTOR5-V3-HD-FREESTYLE-FRAME-0.jpg\",\"contentUrl\":\"https:\\\/\\\/iha-race.com\\\/wp-content\\\/uploads\\\/2023\\\/01\\\/HGLRC-SECTOR5-V3-HD-FREESTYLE-FRAME-0.jpg\",\"width\":800,\"height\":800,\"caption\":\"Comprar Frame Kit HGLRC Sector 6 V3 HD Freestyle 3K de Fibra de Carbono\"},{\"@type\":\"BreadcrumbList\",\"@id\":\"https:\\\/\\\/iha-race.com\\\/it\\\/prodotto\\\/frame-kit-hglrc-sector-6-v3-hd-freestyle-3k-di-fibra-di-carbonio\\\/#breadcrumb\",\"itemListElement\":[{\"@type\":\"ListItem\",\"position\":1,\"name\":\"Portada\",\"item\":\"https:\\\/\\\/iha-race.com\\\/it\\\/\"},{\"@type\":\"ListItem\",\"position\":2,\"name\":\"Negozio\",\"item\":\"https:\\\/\\\/iha-race.com\\\/it\\\/negozio\\\/\"},{\"@type\":\"ListItem\",\"position\":3,\"name\":\"Kit telaio HGLRC Sector 6 V3 HD Freestyle 3K in fibra di carbonio\"}]},{\"@type\":\"WebSite\",\"@id\":\"https:\\\/\\\/iha-race.com\\\/it\\\/#website\",\"url\":\"https:\\\/\\\/iha-race.com\\\/it\\\/\",\"name\":\"Iha Race\",\"description\":\"Comprar drones de carreras FPV env\u00edos en un d\u00eda desde Espa\u00f1a\",\"publisher\":{\"@id\":\"https:\\\/\\\/iha-race.com\\\/it\\\/#organization\"},\"potentialAction\":[{\"@type\":\"SearchAction\",\"target\":{\"@type\":\"EntryPoint\",\"urlTemplate\":\"https:\\\/\\\/iha-race.com\\\/it\\\/?s={search_term_string}\"},\"query-input\":{\"@type\":\"PropertyValueSpecification\",\"valueRequired\":true,\"valueName\":\"search_term_string\"}}],\"inLanguage\":\"it-IT\"},{\"@type\":\"Organization\",\"@id\":\"https:\\\/\\\/iha-race.com\\\/it\\\/#organization\",\"name\":\"Iha Race\",\"url\":\"https:\\\/\\\/iha-race.com\\\/it\\\/\",\"logo\":{\"@type\":\"ImageObject\",\"inLanguage\":\"it-IT\",\"@id\":\"https:\\\/\\\/iha-race.com\\\/it\\\/#\\\/schema\\\/logo\\\/image\\\/\",\"url\":\"https:\\\/\\\/iha-race.com\\\/wp-content\\\/uploads\\\/2018\\\/07\\\/iha-race-drones-de-carreras-tienda-comprar-drones.png\",\"contentUrl\":\"https:\\\/\\\/iha-race.com\\\/wp-content\\\/uploads\\\/2018\\\/07\\\/iha-race-drones-de-carreras-tienda-comprar-drones.png\",\"width\":300,\"height\":100,\"caption\":\"Iha Race\"},\"image\":{\"@id\":\"https:\\\/\\\/iha-race.com\\\/it\\\/#\\\/schema\\\/logo\\\/image\\\/\"}}]}<\/script>\n<!-- \/ Yoast SEO plugin. -->","yoast_head_json":{"title":"Kit telaio HGLRC Sector 6 V3 HD Freestyle 3K in fibra di carbonio - Iha Race","robots":{"index":"index","follow":"follow","max-snippet":"max-snippet:-1","max-image-preview":"max-image-preview:large","max-video-preview":"max-video-preview:-1"},"canonical":"https:\/\/iha-race.com\/it\/prodotto\/frame-kit-hglrc-sector-6-v3-hd-freestyle-3k-di-fibra-di-carbonio\/","og_locale":"it_IT","og_type":"article","og_title":"Kit telaio HGLRC Sector 6 V3 HD Freestyle 3K in fibra di carbonio - Iha Race","og_description":"Kit telaio HGLRC Sector 6 V3 HD Freestyle 3K in fibra di carbonio Telaio HGLRC Sector 5 V3 Freestyle da 5 pollici per drone da corsa FPV Compatibile con VTX","og_url":"https:\/\/iha-race.com\/it\/prodotto\/frame-kit-hglrc-sector-6-v3-hd-freestyle-3k-di-fibra-di-carbonio\/","og_site_name":"Iha Race","article_modified_time":"2024-12-12T11:11:50+00:00","og_image":[{"width":800,"height":800,"url":"https:\/\/iha-race.com\/wp-content\/uploads\/2023\/01\/HGLRC-SECTOR5-V3-HD-FREESTYLE-FRAME-0.jpg","type":"image\/jpeg"}],"twitter_card":"summary_large_image","twitter_misc":{"Tempo di lettura stimato":"3 minuti"},"schema":{"@context":"https:\/\/schema.org","@graph":[{"@type":"WebPage","@id":"https:\/\/iha-race.com\/it\/prodotto\/frame-kit-hglrc-sector-6-v3-hd-freestyle-3k-di-fibra-di-carbonio\/","url":"https:\/\/iha-race.com\/it\/prodotto\/frame-kit-hglrc-sector-6-v3-hd-freestyle-3k-di-fibra-di-carbonio\/","name":"Kit telaio HGLRC Sector 6 V3 HD Freestyle 3K in fibra di carbonio - Iha Race","isPartOf":{"@id":"https:\/\/iha-race.com\/it\/#website"},"primaryImageOfPage":{"@id":"https:\/\/iha-race.com\/it\/prodotto\/frame-kit-hglrc-sector-6-v3-hd-freestyle-3k-di-fibra-di-carbonio\/#primaryimage"},"image":{"@id":"https:\/\/iha-race.com\/it\/prodotto\/frame-kit-hglrc-sector-6-v3-hd-freestyle-3k-di-fibra-di-carbonio\/#primaryimage"},"thumbnailUrl":"https:\/\/iha-race.com\/wp-content\/uploads\/2023\/01\/HGLRC-SECTOR5-V3-HD-FREESTYLE-FRAME-0.jpg","datePublished":"2023-01-19T10:55:51+00:00","dateModified":"2024-12-12T11:11:50+00:00","breadcrumb":{"@id":"https:\/\/iha-race.com\/it\/prodotto\/frame-kit-hglrc-sector-6-v3-hd-freestyle-3k-di-fibra-di-carbonio\/#breadcrumb"},"inLanguage":"it-IT","potentialAction":[{"@type":"ReadAction","target":["https:\/\/iha-race.com\/it\/prodotto\/frame-kit-hglrc-sector-6-v3-hd-freestyle-3k-di-fibra-di-carbonio\/"]}]},{"@type":"ImageObject","inLanguage":"it-IT","@id":"https:\/\/iha-race.com\/it\/prodotto\/frame-kit-hglrc-sector-6-v3-hd-freestyle-3k-di-fibra-di-carbonio\/#primaryimage","url":"https:\/\/iha-race.com\/wp-content\/uploads\/2023\/01\/HGLRC-SECTOR5-V3-HD-FREESTYLE-FRAME-0.jpg","contentUrl":"https:\/\/iha-race.com\/wp-content\/uploads\/2023\/01\/HGLRC-SECTOR5-V3-HD-FREESTYLE-FRAME-0.jpg","width":800,"height":800,"caption":"Comprar Frame Kit HGLRC Sector 6 V3 HD Freestyle 3K de Fibra de Carbono"},{"@type":"BreadcrumbList","@id":"https:\/\/iha-race.com\/it\/prodotto\/frame-kit-hglrc-sector-6-v3-hd-freestyle-3k-di-fibra-di-carbonio\/#breadcrumb","itemListElement":[{"@type":"ListItem","position":1,"name":"Portada","item":"https:\/\/iha-race.com\/it\/"},{"@type":"ListItem","position":2,"name":"Negozio","item":"https:\/\/iha-race.com\/it\/negozio\/"},{"@type":"ListItem","position":3,"name":"Kit telaio HGLRC Sector 6 V3 HD Freestyle 3K in fibra di carbonio"}]},{"@type":"WebSite","@id":"https:\/\/iha-race.com\/it\/#website","url":"https:\/\/iha-race.com\/it\/","name":"Iha Race","description":"Comprar drones de carreras FPV env\u00edos en un d\u00eda desde Espa\u00f1a","publisher":{"@id":"https:\/\/iha-race.com\/it\/#organization"},"potentialAction":[{"@type":"SearchAction","target":{"@type":"EntryPoint","urlTemplate":"https:\/\/iha-race.com\/it\/?s={search_term_string}"},"query-input":{"@type":"PropertyValueSpecification","valueRequired":true,"valueName":"search_term_string"}}],"inLanguage":"it-IT"},{"@type":"Organization","@id":"https:\/\/iha-race.com\/it\/#organization","name":"Iha Race","url":"https:\/\/iha-race.com\/it\/","logo":{"@type":"ImageObject","inLanguage":"it-IT","@id":"https:\/\/iha-race.com\/it\/#\/schema\/logo\/image\/","url":"https:\/\/iha-race.com\/wp-content\/uploads\/2018\/07\/iha-race-drones-de-carreras-tienda-comprar-drones.png","contentUrl":"https:\/\/iha-race.com\/wp-content\/uploads\/2018\/07\/iha-race-drones-de-carreras-tienda-comprar-drones.png","width":300,"height":100,"caption":"Iha Race"},"image":{"@id":"https:\/\/iha-race.com\/it\/#\/schema\/logo\/image\/"}}]}},"jetpack_sharing_enabled":true,"brands":[],"_links":{"self":[{"href":"https:\/\/iha-race.com\/it\/wp-json\/wp\/v2\/product\/215737","targetHints":{"allow":["GET"]}}],"collection":[{"href":"https:\/\/iha-race.com\/it\/wp-json\/wp\/v2\/product"}],"about":[{"href":"https:\/\/iha-race.com\/it\/wp-json\/wp\/v2\/types\/product"}],"replies":[{"embeddable":true,"href":"https:\/\/iha-race.com\/it\/wp-json\/wp\/v2\/comments?post=215737"}],"version-history":[{"count":5,"href":"https:\/\/iha-race.com\/it\/wp-json\/wp\/v2\/product\/215737\/revisions"}],"predecessor-version":[{"id":252552,"href":"https:\/\/iha-race.com\/it\/wp-json\/wp\/v2\/product\/215737\/revisions\/252552"}],"wp:featuredmedia":[{"embeddable":true,"href":"https:\/\/iha-race.com\/it\/wp-json\/wp\/v2\/media\/215750"}],"wp:attachment":[{"href":"https:\/\/iha-race.com\/it\/wp-json\/wp\/v2\/media?parent=215737"}],"wp:term":[{"taxonomy":"pwb-brand","embeddable":true,"href":"https:\/\/iha-race.com\/it\/wp-json\/wp\/v2\/pwb-brand?post=215737"},{"taxonomy":"product_cat","embeddable":true,"href":"https:\/\/iha-race.com\/it\/wp-json\/wp\/v2\/product_cat?post=215737"},{"taxonomy":"product_tag","embeddable":true,"href":"https:\/\/iha-race.com\/it\/wp-json\/wp\/v2\/product_tag?post=215737"}],"curies":[{"name":"wp","href":"https:\/\/api.w.org\/{rel}","templated":true}]}}