{"id":215231,"date":"2023-01-11T12:09:12","date_gmt":"2023-01-11T11:09:12","guid":{"rendered":"https:\/\/iha-race.com\/producto\/set-di-filtri-nd-nd-8-16-32-dji-avata\/"},"modified":"2024-08-29T11:33:36","modified_gmt":"2024-08-29T09:33:36","slug":"juego-de-filtros-nd-nd-8-16-32-dji-avata","status":"publish","type":"product","link":"https:\/\/iha-race.com\/it\/prodotto\/juego-de-filtros-nd-nd-8-16-32-dji-avata\/","title":{"rendered":"Set di filtri ND (ND\/8\/16\/32) DJI Avata"},"content":{"rendered":"<h1 class=\"h1 page-title\">Set di filtri ND (ND\/8\/16\/32) DJI Avata<\/h1>\n<div class=\"temp-specs-tr\">\n<h3 class=\"temp-specs-td name\"><strong>Descrizione generale:<\/strong><\/h3>\n<div class=\"temp-specs-td value\">  Questo set di filtri ND DJI Avata include ND8, ND16 e ND32. I filtri sono realizzati con materiali di alta qualit\u00e0 per la riduzione della luce e possono aiutare a catturare colori reali con dettagli sorprendenti nelle luci e nelle ombre. Scegliendo il filtro appropriato, potrai avere maggiore libert\u00e0 di controllo dell&#8217;apertura o dell&#8217;otturatore, offrendoti pi\u00f9 opzioni di esposizione e spazio per la tua creazione.  <\/div>\n<\/div>\n<div class=\"temp-specs-tr\">\n<div class=\"temp-specs-td value\">\n<h3><strong>Specifiche:<\/strong><\/h3>\n<\/div>\n<\/div>\n<div class=\"temp-specs-tr\">\n<div class=\"temp-specs-td value\">\n<ul>\n<li>Dimensioni (L \u00d7 H): 22 \u00d7 18 mm<\/li>\n<li>Peso di un filtro: circa. 0,5 kg<\/li>\n<\/ul>\n<\/div>\n<\/div>\n<h3 class=\"temp-specs-td name\"><strong>Compatibilit\u00e0:<\/strong><\/h3>\n<ul>\n<li>DJI Avata<\/li>\n<\/ul>\n<h3 class=\"temp-specs-td name\"><strong>Il pacchetto comprende:<\/strong><\/h3>\n<div class=\"temp-specs-td value\">\n<ul>\n<li>1 filtro ND8<\/li>\n<li>1 filtro ND16<\/li>\n<li class=\"temp-specs-td name\">1 filtro ND32<\/li>\n<\/ul>\n<p>&nbsp;<\/p>\n<\/div>\n<p>&nbsp;<\/p>\n","protected":false},"excerpt":{"rendered":"<p>Set di filtri ND (ND\/8\/16\/32) DJI Avata Descrizione generale: Questo set di filtri ND DJI Avata include ND8, ND16 e ND32. I filtri sono realizzati con materiali di alta qualit\u00e0<\/p>\n","protected":false},"featured_media":215219,"comment_status":"open","ping_status":"closed","template":"","meta":{"_joinchat":[]},"pwb-brand":[3567],"product_cat":[3324,3339],"product_tag":[],"class_list":{"0":"post-215231","1":"product","2":"type-product","3":"status-publish","4":"has-post-thumbnail","6":"pwb-brand-dji","7":"product_cat-dji-2","8":"product_cat-dji-fpv-dji-2","10":"first","11":"outofstock","12":"taxable","13":"shipping-taxable","14":"purchasable","15":"product-type-simple"},"barcode":null,"atum_controlled":true,"out_stock_date":"2023-09-11 10:05:33","out_stock_threshold":null,"inheritable":false,"stock_on_hold":0,"sold_today":0,"sales_last_days":0,"out_stock_days":680,"lost_sales":0,"update_date":"2025-07-23T07:59:50","atum_locations":[],"atum_stock_status":"outofstock","restock_status":false,"low_stock_amount":"","sales_update_date":"2025-07-23T07:59:50","calc_backorders":null,"yoast_head":"<!-- This site is optimized with the Yoast SEO plugin v27.3 - https:\/\/yoast.com\/product\/yoast-seo-wordpress\/ -->\n<title>Set di filtri ND (ND\/8\/16\/32) DJI Avata - Iha Race<\/title>\n<meta name=\"robots\" content=\"index, follow, max-snippet:-1, max-image-preview:large, max-video-preview:-1\" \/>\n<link rel=\"canonical\" href=\"https:\/\/iha-race.com\/it\/prodotto\/juego-de-filtros-nd-nd-8-16-32-dji-avata\/\" \/>\n<meta property=\"og:locale\" content=\"it_IT\" \/>\n<meta property=\"og:type\" content=\"article\" \/>\n<meta property=\"og:title\" content=\"Set di filtri ND (ND\/8\/16\/32) DJI Avata - Iha Race\" \/>\n<meta property=\"og:description\" content=\"Set di filtri ND (ND\/8\/16\/32) DJI Avata Descrizione generale: Questo set di filtri ND DJI Avata include ND8, ND16 e ND32. I filtri sono realizzati con materiali di alta qualit\u00e0\" \/>\n<meta property=\"og:url\" content=\"https:\/\/iha-race.com\/it\/prodotto\/juego-de-filtros-nd-nd-8-16-32-dji-avata\/\" \/>\n<meta property=\"og:site_name\" content=\"Iha Race\" \/>\n<meta property=\"article:modified_time\" content=\"2024-08-29T09:33:36+00:00\" \/>\n<meta property=\"og:image\" content=\"https:\/\/iha-race.com\/wp-content\/uploads\/2023\/01\/Juego-de-filtros-ND-ND81632-DJI-Avata.jpeg\" \/>\n\t<meta property=\"og:image:width\" content=\"1100\" \/>\n\t<meta property=\"og:image:height\" content=\"1422\" \/>\n\t<meta property=\"og:image:type\" content=\"image\/jpeg\" \/>\n<meta name=\"twitter:card\" content=\"summary_large_image\" \/>\n<script type=\"application\/ld+json\" class=\"yoast-schema-graph\">{\"@context\":\"https:\\\/\\\/schema.org\",\"@graph\":[{\"@type\":\"WebPage\",\"@id\":\"https:\\\/\\\/iha-race.com\\\/it\\\/prodotto\\\/juego-de-filtros-nd-nd-8-16-32-dji-avata\\\/\",\"url\":\"https:\\\/\\\/iha-race.com\\\/it\\\/prodotto\\\/juego-de-filtros-nd-nd-8-16-32-dji-avata\\\/\",\"name\":\"Set di filtri ND (ND\\\/8\\\/16\\\/32) DJI Avata - Iha Race\",\"isPartOf\":{\"@id\":\"https:\\\/\\\/iha-race.com\\\/it\\\/#website\"},\"primaryImageOfPage\":{\"@id\":\"https:\\\/\\\/iha-race.com\\\/it\\\/prodotto\\\/juego-de-filtros-nd-nd-8-16-32-dji-avata\\\/#primaryimage\"},\"image\":{\"@id\":\"https:\\\/\\\/iha-race.com\\\/it\\\/prodotto\\\/juego-de-filtros-nd-nd-8-16-32-dji-avata\\\/#primaryimage\"},\"thumbnailUrl\":\"https:\\\/\\\/iha-race.com\\\/wp-content\\\/uploads\\\/2023\\\/01\\\/Juego-de-filtros-ND-ND81632-DJI-Avata.jpeg\",\"datePublished\":\"2023-01-11T11:09:12+00:00\",\"dateModified\":\"2024-08-29T09:33:36+00:00\",\"breadcrumb\":{\"@id\":\"https:\\\/\\\/iha-race.com\\\/it\\\/prodotto\\\/juego-de-filtros-nd-nd-8-16-32-dji-avata\\\/#breadcrumb\"},\"inLanguage\":\"it-IT\",\"potentialAction\":[{\"@type\":\"ReadAction\",\"target\":[\"https:\\\/\\\/iha-race.com\\\/it\\\/prodotto\\\/juego-de-filtros-nd-nd-8-16-32-dji-avata\\\/\"]}]},{\"@type\":\"ImageObject\",\"inLanguage\":\"it-IT\",\"@id\":\"https:\\\/\\\/iha-race.com\\\/it\\\/prodotto\\\/juego-de-filtros-nd-nd-8-16-32-dji-avata\\\/#primaryimage\",\"url\":\"https:\\\/\\\/iha-race.com\\\/wp-content\\\/uploads\\\/2023\\\/01\\\/Juego-de-filtros-ND-ND81632-DJI-Avata.jpeg\",\"contentUrl\":\"https:\\\/\\\/iha-race.com\\\/wp-content\\\/uploads\\\/2023\\\/01\\\/Juego-de-filtros-ND-ND81632-DJI-Avata.jpeg\",\"width\":1100,\"height\":1422,\"caption\":\"Comprar Juego de filtros ND (ND\\\/8\\\/16\\\/32) DJI Avata\"},{\"@type\":\"BreadcrumbList\",\"@id\":\"https:\\\/\\\/iha-race.com\\\/it\\\/prodotto\\\/juego-de-filtros-nd-nd-8-16-32-dji-avata\\\/#breadcrumb\",\"itemListElement\":[{\"@type\":\"ListItem\",\"position\":1,\"name\":\"Portada\",\"item\":\"https:\\\/\\\/iha-race.com\\\/it\\\/\"},{\"@type\":\"ListItem\",\"position\":2,\"name\":\"Negozio\",\"item\":\"https:\\\/\\\/iha-race.com\\\/it\\\/negozio\\\/\"},{\"@type\":\"ListItem\",\"position\":3,\"name\":\"Set di filtri ND (ND\\\/8\\\/16\\\/32) DJI Avata\"}]},{\"@type\":\"WebSite\",\"@id\":\"https:\\\/\\\/iha-race.com\\\/it\\\/#website\",\"url\":\"https:\\\/\\\/iha-race.com\\\/it\\\/\",\"name\":\"Iha Race\",\"description\":\"Comprar drones de carreras FPV env\u00edos en un d\u00eda desde Espa\u00f1a\",\"publisher\":{\"@id\":\"https:\\\/\\\/iha-race.com\\\/it\\\/#organization\"},\"potentialAction\":[{\"@type\":\"SearchAction\",\"target\":{\"@type\":\"EntryPoint\",\"urlTemplate\":\"https:\\\/\\\/iha-race.com\\\/it\\\/?s={search_term_string}\"},\"query-input\":{\"@type\":\"PropertyValueSpecification\",\"valueRequired\":true,\"valueName\":\"search_term_string\"}}],\"inLanguage\":\"it-IT\"},{\"@type\":\"Organization\",\"@id\":\"https:\\\/\\\/iha-race.com\\\/it\\\/#organization\",\"name\":\"Iha Race\",\"url\":\"https:\\\/\\\/iha-race.com\\\/it\\\/\",\"logo\":{\"@type\":\"ImageObject\",\"inLanguage\":\"it-IT\",\"@id\":\"https:\\\/\\\/iha-race.com\\\/it\\\/#\\\/schema\\\/logo\\\/image\\\/\",\"url\":\"https:\\\/\\\/iha-race.com\\\/wp-content\\\/uploads\\\/2018\\\/07\\\/iha-race-drones-de-carreras-tienda-comprar-drones.png\",\"contentUrl\":\"https:\\\/\\\/iha-race.com\\\/wp-content\\\/uploads\\\/2018\\\/07\\\/iha-race-drones-de-carreras-tienda-comprar-drones.png\",\"width\":300,\"height\":100,\"caption\":\"Iha Race\"},\"image\":{\"@id\":\"https:\\\/\\\/iha-race.com\\\/it\\\/#\\\/schema\\\/logo\\\/image\\\/\"}}]}<\/script>\n<!-- \/ Yoast SEO plugin. -->","yoast_head_json":{"title":"Set di filtri ND (ND\/8\/16\/32) DJI Avata - Iha Race","robots":{"index":"index","follow":"follow","max-snippet":"max-snippet:-1","max-image-preview":"max-image-preview:large","max-video-preview":"max-video-preview:-1"},"canonical":"https:\/\/iha-race.com\/it\/prodotto\/juego-de-filtros-nd-nd-8-16-32-dji-avata\/","og_locale":"it_IT","og_type":"article","og_title":"Set di filtri ND (ND\/8\/16\/32) DJI Avata - Iha Race","og_description":"Set di filtri ND (ND\/8\/16\/32) DJI Avata Descrizione generale: Questo set di filtri ND DJI Avata include ND8, ND16 e ND32. I filtri sono realizzati con materiali di alta qualit\u00e0","og_url":"https:\/\/iha-race.com\/it\/prodotto\/juego-de-filtros-nd-nd-8-16-32-dji-avata\/","og_site_name":"Iha Race","article_modified_time":"2024-08-29T09:33:36+00:00","og_image":[{"width":1100,"height":1422,"url":"https:\/\/iha-race.com\/wp-content\/uploads\/2023\/01\/Juego-de-filtros-ND-ND81632-DJI-Avata.jpeg","type":"image\/jpeg"}],"twitter_card":"summary_large_image","schema":{"@context":"https:\/\/schema.org","@graph":[{"@type":"WebPage","@id":"https:\/\/iha-race.com\/it\/prodotto\/juego-de-filtros-nd-nd-8-16-32-dji-avata\/","url":"https:\/\/iha-race.com\/it\/prodotto\/juego-de-filtros-nd-nd-8-16-32-dji-avata\/","name":"Set di filtri ND (ND\/8\/16\/32) DJI Avata - Iha Race","isPartOf":{"@id":"https:\/\/iha-race.com\/it\/#website"},"primaryImageOfPage":{"@id":"https:\/\/iha-race.com\/it\/prodotto\/juego-de-filtros-nd-nd-8-16-32-dji-avata\/#primaryimage"},"image":{"@id":"https:\/\/iha-race.com\/it\/prodotto\/juego-de-filtros-nd-nd-8-16-32-dji-avata\/#primaryimage"},"thumbnailUrl":"https:\/\/iha-race.com\/wp-content\/uploads\/2023\/01\/Juego-de-filtros-ND-ND81632-DJI-Avata.jpeg","datePublished":"2023-01-11T11:09:12+00:00","dateModified":"2024-08-29T09:33:36+00:00","breadcrumb":{"@id":"https:\/\/iha-race.com\/it\/prodotto\/juego-de-filtros-nd-nd-8-16-32-dji-avata\/#breadcrumb"},"inLanguage":"it-IT","potentialAction":[{"@type":"ReadAction","target":["https:\/\/iha-race.com\/it\/prodotto\/juego-de-filtros-nd-nd-8-16-32-dji-avata\/"]}]},{"@type":"ImageObject","inLanguage":"it-IT","@id":"https:\/\/iha-race.com\/it\/prodotto\/juego-de-filtros-nd-nd-8-16-32-dji-avata\/#primaryimage","url":"https:\/\/iha-race.com\/wp-content\/uploads\/2023\/01\/Juego-de-filtros-ND-ND81632-DJI-Avata.jpeg","contentUrl":"https:\/\/iha-race.com\/wp-content\/uploads\/2023\/01\/Juego-de-filtros-ND-ND81632-DJI-Avata.jpeg","width":1100,"height":1422,"caption":"Comprar Juego de filtros ND (ND\/8\/16\/32) DJI Avata"},{"@type":"BreadcrumbList","@id":"https:\/\/iha-race.com\/it\/prodotto\/juego-de-filtros-nd-nd-8-16-32-dji-avata\/#breadcrumb","itemListElement":[{"@type":"ListItem","position":1,"name":"Portada","item":"https:\/\/iha-race.com\/it\/"},{"@type":"ListItem","position":2,"name":"Negozio","item":"https:\/\/iha-race.com\/it\/negozio\/"},{"@type":"ListItem","position":3,"name":"Set di filtri ND (ND\/8\/16\/32) DJI Avata"}]},{"@type":"WebSite","@id":"https:\/\/iha-race.com\/it\/#website","url":"https:\/\/iha-race.com\/it\/","name":"Iha Race","description":"Comprar drones de carreras FPV env\u00edos en un d\u00eda desde Espa\u00f1a","publisher":{"@id":"https:\/\/iha-race.com\/it\/#organization"},"potentialAction":[{"@type":"SearchAction","target":{"@type":"EntryPoint","urlTemplate":"https:\/\/iha-race.com\/it\/?s={search_term_string}"},"query-input":{"@type":"PropertyValueSpecification","valueRequired":true,"valueName":"search_term_string"}}],"inLanguage":"it-IT"},{"@type":"Organization","@id":"https:\/\/iha-race.com\/it\/#organization","name":"Iha Race","url":"https:\/\/iha-race.com\/it\/","logo":{"@type":"ImageObject","inLanguage":"it-IT","@id":"https:\/\/iha-race.com\/it\/#\/schema\/logo\/image\/","url":"https:\/\/iha-race.com\/wp-content\/uploads\/2018\/07\/iha-race-drones-de-carreras-tienda-comprar-drones.png","contentUrl":"https:\/\/iha-race.com\/wp-content\/uploads\/2018\/07\/iha-race-drones-de-carreras-tienda-comprar-drones.png","width":300,"height":100,"caption":"Iha Race"},"image":{"@id":"https:\/\/iha-race.com\/it\/#\/schema\/logo\/image\/"}}]}},"brands":[{"id":3567,"name":"DJI","slug":"dji"}],"_links":{"self":[{"href":"https:\/\/iha-race.com\/it\/wp-json\/wp\/v2\/product\/215231","targetHints":{"allow":["GET"]}}],"collection":[{"href":"https:\/\/iha-race.com\/it\/wp-json\/wp\/v2\/product"}],"about":[{"href":"https:\/\/iha-race.com\/it\/wp-json\/wp\/v2\/types\/product"}],"replies":[{"embeddable":true,"href":"https:\/\/iha-race.com\/it\/wp-json\/wp\/v2\/comments?post=215231"}],"version-history":[{"count":2,"href":"https:\/\/iha-race.com\/it\/wp-json\/wp\/v2\/product\/215231\/revisions"}],"predecessor-version":[{"id":248841,"href":"https:\/\/iha-race.com\/it\/wp-json\/wp\/v2\/product\/215231\/revisions\/248841"}],"wp:featuredmedia":[{"embeddable":true,"href":"https:\/\/iha-race.com\/it\/wp-json\/wp\/v2\/media\/215219"}],"wp:attachment":[{"href":"https:\/\/iha-race.com\/it\/wp-json\/wp\/v2\/media?parent=215231"}],"wp:term":[{"taxonomy":"pwb-brand","embeddable":true,"href":"https:\/\/iha-race.com\/it\/wp-json\/wp\/v2\/pwb-brand?post=215231"},{"taxonomy":"product_cat","embeddable":true,"href":"https:\/\/iha-race.com\/it\/wp-json\/wp\/v2\/product_cat?post=215231"},{"taxonomy":"product_tag","embeddable":true,"href":"https:\/\/iha-race.com\/it\/wp-json\/wp\/v2\/product_tag?post=215231"}],"curies":[{"name":"wp","href":"https:\/\/api.w.org\/{rel}","templated":true}]}}