{"id":215144,"date":"2023-01-10T17:55:50","date_gmt":"2023-01-10T16:55:50","guid":{"rendered":"https:\/\/iha-race.com\/producto\/batteria-di-volo-intelligente-dji-avata\/"},"modified":"2024-08-29T11:33:21","modified_gmt":"2024-08-29T09:33:21","slug":"batteria-smart-flight-dji-avata","status":"publish","type":"product","link":"https:\/\/iha-race.com\/it\/prodotto\/batteria-smart-flight-dji-avata\/","title":{"rendered":"Batteria di volo intelligente DJI Avata"},"content":{"rendered":"<h1 class=\"h1 page-title\">Batteria di volo intelligente DJI Avata<\/h1>\n<div class=\"temp-specs-tr\">\n<h3 class=\"temp-specs-td name\"><strong>Descrizione generale<\/strong><\/h3>\n<div class=\"temp-specs-td value\">  La batteria di volo intelligente ha una capacit\u00e0 nominale di 35,71 Wh e una potente autonomia di circa 18 minuti. Grazie al DJI Intelligent Battery Management System integrato, lo stato della batteria viene monitorato e segnalato in tempo reale, permettendoti di non preoccuparti dei livelli di carica e di concentrarti sul volo.  <\/p>\n<ul>\n<li>Testato in hovering in un ambiente privo di vento e di interferenze.<\/li>\n<\/ul>\n<\/div>\n<\/div>\n<div class=\"temp-specs-tr\">\n<h3 class=\"temp-specs-td name\"><strong>Specifiche:<\/strong><\/h3>\n<div class=\"temp-specs-td value\">\n<ul>\n<li>Capacit\u00e0 della batteria: 2420 mAh<\/li>\n<li>Tensione nominale: 14,76 V<\/li>\n<li>Limite di tensione di carica: 17 V<\/li>\n<li>Tipo di batteria: ioni di litio<\/li>\n<li>Potenza: 35,71 Wh a 0,5C<\/li>\n<li>Velocit\u00e0 di scarica: 7C (tipica)<\/li>\n<li>Peso: circa. 162 g<\/li>\n<li>Intervallo di temperatura di carica: da 5 a 40 \u00b0C (da 41 a 104 \u00b0F)<\/li>\n<\/ul>\n<\/div>\n<\/div>\n<div class=\"temp-specs-tr\">\n<h3 class=\"temp-specs-td name\"><strong>Compatibilit\u00e0 con<\/strong>:<\/h3>\n<div class=\"temp-specs-td value\">\n<ul>\n<li>DJI Avata<\/li>\n<\/ul>\n<h3 class=\"temp-specs-td name\"><strong>Il pacchetto comprende<\/strong><\/h3>\n<div class=\"temp-specs-td value\">\n<ul>\n<li>1 x batteria di volo intelligente DJI Avata<\/li>\n<\/ul>\n<\/div>\n<\/div>\n<\/div>\n","protected":false},"excerpt":{"rendered":"<p>Batteria di volo intelligente DJI Avata Descrizione generale La batteria di volo intelligente ha una capacit\u00e0 nominale di 35,71 Wh e una potente autonomia di circa 18 minuti. Grazie al<\/p>\n","protected":false},"featured_media":215132,"comment_status":"open","ping_status":"closed","template":"","meta":{"_joinchat":[]},"pwb-brand":[3567],"product_cat":[3329,3341],"product_tag":[],"class_list":{"0":"post-215144","1":"product","2":"type-product","3":"status-publish","4":"has-post-thumbnail","6":"pwb-brand-dji","7":"product_cat-dji-it","8":"product_cat-dji-fpv-it","10":"first","11":"outofstock","12":"taxable","13":"shipping-taxable","14":"purchasable","15":"product-type-simple"},"barcode":null,"atum_controlled":true,"out_stock_date":"2024-02-23 12:31:21","out_stock_threshold":null,"inheritable":false,"stock_on_hold":0,"sold_today":0,"sales_last_days":0,"out_stock_days":740,"lost_sales":0,"update_date":"2026-03-05T08:34:10","atum_locations":[],"atum_stock_status":"outofstock","restock_status":false,"low_stock_amount":"","sales_update_date":"2026-03-05T08:34:10","calc_backorders":null,"yoast_head":"<!-- This site is optimized with the Yoast SEO plugin v27.3 - https:\/\/yoast.com\/product\/yoast-seo-wordpress\/ -->\n<title>Batteria di volo intelligente DJI Avata - Iha Race<\/title>\n<meta name=\"robots\" content=\"index, follow, max-snippet:-1, max-image-preview:large, max-video-preview:-1\" \/>\n<link rel=\"canonical\" href=\"https:\/\/iha-race.com\/it\/prodotto\/batteria-smart-flight-dji-avata\/\" \/>\n<meta property=\"og:locale\" content=\"it_IT\" \/>\n<meta property=\"og:type\" content=\"article\" \/>\n<meta property=\"og:title\" content=\"Batteria di volo intelligente DJI Avata - Iha Race\" \/>\n<meta property=\"og:description\" content=\"Batteria di volo intelligente DJI Avata Descrizione generale La batteria di volo intelligente ha una capacit\u00e0 nominale di 35,71 Wh e una potente autonomia di circa 18 minuti. Grazie al\" \/>\n<meta property=\"og:url\" content=\"https:\/\/iha-race.com\/it\/prodotto\/batteria-smart-flight-dji-avata\/\" \/>\n<meta property=\"og:site_name\" content=\"Iha Race\" \/>\n<meta property=\"article:modified_time\" content=\"2024-08-29T09:33:21+00:00\" \/>\n<meta property=\"og:image\" content=\"https:\/\/iha-race.com\/wp-content\/uploads\/2023\/01\/Bateria-de-vuelo-inteligente-DJI-Avata.jpeg\" \/>\n\t<meta property=\"og:image:width\" content=\"1100\" \/>\n\t<meta property=\"og:image:height\" content=\"1422\" \/>\n\t<meta property=\"og:image:type\" content=\"image\/jpeg\" \/>\n<meta name=\"twitter:card\" content=\"summary_large_image\" \/>\n<meta name=\"twitter:label1\" content=\"Tempo di lettura stimato\" \/>\n\t<meta name=\"twitter:data1\" content=\"1 minuto\" \/>\n<script type=\"application\/ld+json\" class=\"yoast-schema-graph\">{\"@context\":\"https:\\\/\\\/schema.org\",\"@graph\":[{\"@type\":\"WebPage\",\"@id\":\"https:\\\/\\\/iha-race.com\\\/it\\\/prodotto\\\/batteria-smart-flight-dji-avata\\\/\",\"url\":\"https:\\\/\\\/iha-race.com\\\/it\\\/prodotto\\\/batteria-smart-flight-dji-avata\\\/\",\"name\":\"Batteria di volo intelligente DJI Avata - Iha Race\",\"isPartOf\":{\"@id\":\"https:\\\/\\\/iha-race.com\\\/it\\\/#website\"},\"primaryImageOfPage\":{\"@id\":\"https:\\\/\\\/iha-race.com\\\/it\\\/prodotto\\\/batteria-smart-flight-dji-avata\\\/#primaryimage\"},\"image\":{\"@id\":\"https:\\\/\\\/iha-race.com\\\/it\\\/prodotto\\\/batteria-smart-flight-dji-avata\\\/#primaryimage\"},\"thumbnailUrl\":\"https:\\\/\\\/iha-race.com\\\/wp-content\\\/uploads\\\/2023\\\/01\\\/Bateria-de-vuelo-inteligente-DJI-Avata.jpeg\",\"datePublished\":\"2023-01-10T16:55:50+00:00\",\"dateModified\":\"2024-08-29T09:33:21+00:00\",\"breadcrumb\":{\"@id\":\"https:\\\/\\\/iha-race.com\\\/it\\\/prodotto\\\/batteria-smart-flight-dji-avata\\\/#breadcrumb\"},\"inLanguage\":\"it-IT\",\"potentialAction\":[{\"@type\":\"ReadAction\",\"target\":[\"https:\\\/\\\/iha-race.com\\\/it\\\/prodotto\\\/batteria-smart-flight-dji-avata\\\/\"]}]},{\"@type\":\"ImageObject\",\"inLanguage\":\"it-IT\",\"@id\":\"https:\\\/\\\/iha-race.com\\\/it\\\/prodotto\\\/batteria-smart-flight-dji-avata\\\/#primaryimage\",\"url\":\"https:\\\/\\\/iha-race.com\\\/wp-content\\\/uploads\\\/2023\\\/01\\\/Bateria-de-vuelo-inteligente-DJI-Avata.jpeg\",\"contentUrl\":\"https:\\\/\\\/iha-race.com\\\/wp-content\\\/uploads\\\/2023\\\/01\\\/Bateria-de-vuelo-inteligente-DJI-Avata.jpeg\",\"width\":1100,\"height\":1422,\"caption\":\"Comprar Bater\u00eda de vuelo inteligente DJI Avata\"},{\"@type\":\"BreadcrumbList\",\"@id\":\"https:\\\/\\\/iha-race.com\\\/it\\\/prodotto\\\/batteria-smart-flight-dji-avata\\\/#breadcrumb\",\"itemListElement\":[{\"@type\":\"ListItem\",\"position\":1,\"name\":\"Portada\",\"item\":\"https:\\\/\\\/iha-race.com\\\/it\\\/\"},{\"@type\":\"ListItem\",\"position\":2,\"name\":\"Negozio\",\"item\":\"https:\\\/\\\/iha-race.com\\\/it\\\/negozio\\\/\"},{\"@type\":\"ListItem\",\"position\":3,\"name\":\"Batteria di volo intelligente DJI Avata\"}]},{\"@type\":\"WebSite\",\"@id\":\"https:\\\/\\\/iha-race.com\\\/it\\\/#website\",\"url\":\"https:\\\/\\\/iha-race.com\\\/it\\\/\",\"name\":\"Iha Race\",\"description\":\"Comprar drones de carreras FPV env\u00edos en un d\u00eda desde Espa\u00f1a\",\"publisher\":{\"@id\":\"https:\\\/\\\/iha-race.com\\\/it\\\/#organization\"},\"potentialAction\":[{\"@type\":\"SearchAction\",\"target\":{\"@type\":\"EntryPoint\",\"urlTemplate\":\"https:\\\/\\\/iha-race.com\\\/it\\\/?s={search_term_string}\"},\"query-input\":{\"@type\":\"PropertyValueSpecification\",\"valueRequired\":true,\"valueName\":\"search_term_string\"}}],\"inLanguage\":\"it-IT\"},{\"@type\":\"Organization\",\"@id\":\"https:\\\/\\\/iha-race.com\\\/it\\\/#organization\",\"name\":\"Iha Race\",\"url\":\"https:\\\/\\\/iha-race.com\\\/it\\\/\",\"logo\":{\"@type\":\"ImageObject\",\"inLanguage\":\"it-IT\",\"@id\":\"https:\\\/\\\/iha-race.com\\\/it\\\/#\\\/schema\\\/logo\\\/image\\\/\",\"url\":\"https:\\\/\\\/iha-race.com\\\/wp-content\\\/uploads\\\/2018\\\/07\\\/iha-race-drones-de-carreras-tienda-comprar-drones.png\",\"contentUrl\":\"https:\\\/\\\/iha-race.com\\\/wp-content\\\/uploads\\\/2018\\\/07\\\/iha-race-drones-de-carreras-tienda-comprar-drones.png\",\"width\":300,\"height\":100,\"caption\":\"Iha Race\"},\"image\":{\"@id\":\"https:\\\/\\\/iha-race.com\\\/it\\\/#\\\/schema\\\/logo\\\/image\\\/\"}}]}<\/script>\n<!-- \/ Yoast SEO plugin. -->","yoast_head_json":{"title":"Batteria di volo intelligente DJI Avata - Iha Race","robots":{"index":"index","follow":"follow","max-snippet":"max-snippet:-1","max-image-preview":"max-image-preview:large","max-video-preview":"max-video-preview:-1"},"canonical":"https:\/\/iha-race.com\/it\/prodotto\/batteria-smart-flight-dji-avata\/","og_locale":"it_IT","og_type":"article","og_title":"Batteria di volo intelligente DJI Avata - Iha Race","og_description":"Batteria di volo intelligente DJI Avata Descrizione generale La batteria di volo intelligente ha una capacit\u00e0 nominale di 35,71 Wh e una potente autonomia di circa 18 minuti. Grazie al","og_url":"https:\/\/iha-race.com\/it\/prodotto\/batteria-smart-flight-dji-avata\/","og_site_name":"Iha Race","article_modified_time":"2024-08-29T09:33:21+00:00","og_image":[{"width":1100,"height":1422,"url":"https:\/\/iha-race.com\/wp-content\/uploads\/2023\/01\/Bateria-de-vuelo-inteligente-DJI-Avata.jpeg","type":"image\/jpeg"}],"twitter_card":"summary_large_image","twitter_misc":{"Tempo di lettura stimato":"1 minuto"},"schema":{"@context":"https:\/\/schema.org","@graph":[{"@type":"WebPage","@id":"https:\/\/iha-race.com\/it\/prodotto\/batteria-smart-flight-dji-avata\/","url":"https:\/\/iha-race.com\/it\/prodotto\/batteria-smart-flight-dji-avata\/","name":"Batteria di volo intelligente DJI Avata - Iha Race","isPartOf":{"@id":"https:\/\/iha-race.com\/it\/#website"},"primaryImageOfPage":{"@id":"https:\/\/iha-race.com\/it\/prodotto\/batteria-smart-flight-dji-avata\/#primaryimage"},"image":{"@id":"https:\/\/iha-race.com\/it\/prodotto\/batteria-smart-flight-dji-avata\/#primaryimage"},"thumbnailUrl":"https:\/\/iha-race.com\/wp-content\/uploads\/2023\/01\/Bateria-de-vuelo-inteligente-DJI-Avata.jpeg","datePublished":"2023-01-10T16:55:50+00:00","dateModified":"2024-08-29T09:33:21+00:00","breadcrumb":{"@id":"https:\/\/iha-race.com\/it\/prodotto\/batteria-smart-flight-dji-avata\/#breadcrumb"},"inLanguage":"it-IT","potentialAction":[{"@type":"ReadAction","target":["https:\/\/iha-race.com\/it\/prodotto\/batteria-smart-flight-dji-avata\/"]}]},{"@type":"ImageObject","inLanguage":"it-IT","@id":"https:\/\/iha-race.com\/it\/prodotto\/batteria-smart-flight-dji-avata\/#primaryimage","url":"https:\/\/iha-race.com\/wp-content\/uploads\/2023\/01\/Bateria-de-vuelo-inteligente-DJI-Avata.jpeg","contentUrl":"https:\/\/iha-race.com\/wp-content\/uploads\/2023\/01\/Bateria-de-vuelo-inteligente-DJI-Avata.jpeg","width":1100,"height":1422,"caption":"Comprar Bater\u00eda de vuelo inteligente DJI Avata"},{"@type":"BreadcrumbList","@id":"https:\/\/iha-race.com\/it\/prodotto\/batteria-smart-flight-dji-avata\/#breadcrumb","itemListElement":[{"@type":"ListItem","position":1,"name":"Portada","item":"https:\/\/iha-race.com\/it\/"},{"@type":"ListItem","position":2,"name":"Negozio","item":"https:\/\/iha-race.com\/it\/negozio\/"},{"@type":"ListItem","position":3,"name":"Batteria di volo intelligente DJI Avata"}]},{"@type":"WebSite","@id":"https:\/\/iha-race.com\/it\/#website","url":"https:\/\/iha-race.com\/it\/","name":"Iha Race","description":"Comprar drones de carreras FPV env\u00edos en un d\u00eda desde Espa\u00f1a","publisher":{"@id":"https:\/\/iha-race.com\/it\/#organization"},"potentialAction":[{"@type":"SearchAction","target":{"@type":"EntryPoint","urlTemplate":"https:\/\/iha-race.com\/it\/?s={search_term_string}"},"query-input":{"@type":"PropertyValueSpecification","valueRequired":true,"valueName":"search_term_string"}}],"inLanguage":"it-IT"},{"@type":"Organization","@id":"https:\/\/iha-race.com\/it\/#organization","name":"Iha Race","url":"https:\/\/iha-race.com\/it\/","logo":{"@type":"ImageObject","inLanguage":"it-IT","@id":"https:\/\/iha-race.com\/it\/#\/schema\/logo\/image\/","url":"https:\/\/iha-race.com\/wp-content\/uploads\/2018\/07\/iha-race-drones-de-carreras-tienda-comprar-drones.png","contentUrl":"https:\/\/iha-race.com\/wp-content\/uploads\/2018\/07\/iha-race-drones-de-carreras-tienda-comprar-drones.png","width":300,"height":100,"caption":"Iha Race"},"image":{"@id":"https:\/\/iha-race.com\/it\/#\/schema\/logo\/image\/"}}]}},"jetpack_sharing_enabled":true,"brands":[{"id":3567,"name":"DJI","slug":"dji"}],"_links":{"self":[{"href":"https:\/\/iha-race.com\/it\/wp-json\/wp\/v2\/product\/215144","targetHints":{"allow":["GET"]}}],"collection":[{"href":"https:\/\/iha-race.com\/it\/wp-json\/wp\/v2\/product"}],"about":[{"href":"https:\/\/iha-race.com\/it\/wp-json\/wp\/v2\/types\/product"}],"replies":[{"embeddable":true,"href":"https:\/\/iha-race.com\/it\/wp-json\/wp\/v2\/comments?post=215144"}],"version-history":[{"count":2,"href":"https:\/\/iha-race.com\/it\/wp-json\/wp\/v2\/product\/215144\/revisions"}],"predecessor-version":[{"id":248831,"href":"https:\/\/iha-race.com\/it\/wp-json\/wp\/v2\/product\/215144\/revisions\/248831"}],"wp:featuredmedia":[{"embeddable":true,"href":"https:\/\/iha-race.com\/it\/wp-json\/wp\/v2\/media\/215132"}],"wp:attachment":[{"href":"https:\/\/iha-race.com\/it\/wp-json\/wp\/v2\/media?parent=215144"}],"wp:term":[{"taxonomy":"pwb-brand","embeddable":true,"href":"https:\/\/iha-race.com\/it\/wp-json\/wp\/v2\/pwb-brand?post=215144"},{"taxonomy":"product_cat","embeddable":true,"href":"https:\/\/iha-race.com\/it\/wp-json\/wp\/v2\/product_cat?post=215144"},{"taxonomy":"product_tag","embeddable":true,"href":"https:\/\/iha-race.com\/it\/wp-json\/wp\/v2\/product_tag?post=215144"}],"curies":[{"name":"wp","href":"https:\/\/api.w.org\/{rel}","templated":true}]}}