{"id":214811,"date":"2023-01-02T16:56:36","date_gmt":"2023-01-02T15:56:36","guid":{"rendered":"https:\/\/iha-race.com\/producto\/occhiali-dji-2\/"},"modified":"2024-08-29T11:32:56","modified_gmt":"2024-08-29T09:32:56","slug":"dji-occhiali-2","status":"publish","type":"product","link":"https:\/\/iha-race.com\/it\/prodotto\/dji-occhiali-2\/","title":{"rendered":"Occhiali DJI 2"},"content":{"rendered":"<h1 class=\"h1 page-title\">Occhiali DJI 2<\/h1>\n<h3>Caratteristiche<\/h3>\n<ul>\n<li><strong>Peso:<\/strong> circa. 290 g<\/li>\n<li><strong>Design dell&#8217;antenna:<\/strong> pieghevole<\/li>\n<li><strong>Durata della batteria:<\/strong> due ore<\/li>\n<li><strong>Carica rapida e vola alto<\/strong> con una batteria di lunga durata.<\/li>\n<li><strong>Tecnologia del display:<\/strong> Micro-OLED<\/li>\n<li><strong>Risoluzione dello schermo:<\/strong> 1080p<\/li>\n<li><strong>Luminosit\u00e0 massima:<\/strong> 700 nits<\/li>\n<li><strong>Frequenza massima dei fotogrammi:<\/strong> 100 Hz<\/li>\n<li><strong>Formato del codec di streaming:<\/strong> H.264 e H.265<\/li>\n<li><strong>Trasmissione video fluida<\/strong> e affidabile a bassissima latenza.<\/li>\n<li><strong>Diottrie regolabili.<\/strong><\/li>\n<\/ul>\n<h3>Il pacchetto comprende:<\/h3>\n<ul>\n<li>1 x Occhiali DJI 2<\/li>\n<\/ul>\n<p>&nbsp;<\/p>\n","protected":false},"excerpt":{"rendered":"<p><span style=\"color: #ff0000;\">Consegnabile in 30 giorni<\/span><\/p>\n","protected":false},"featured_media":214799,"comment_status":"open","ping_status":"closed","template":"","meta":{"_joinchat":[]},"pwb-brand":[3567],"product_cat":[3329,3341,2455,1114],"product_tag":[],"class_list":{"0":"post-214811","1":"product","2":"type-product","3":"status-publish","4":"has-post-thumbnail","6":"pwb-brand-dji","7":"product_cat-dji-it","8":"product_cat-dji-fpv-it","9":"product_cat-occhiali-e-monitor","10":"product_cat-occhiali-fpv","12":"first","13":"onbackorder","14":"taxable","15":"shipping-taxable","16":"purchasable","17":"product-type-simple"},"barcode":null,"atum_controlled":true,"out_stock_date":"2023-07-05 16:20:59","out_stock_threshold":null,"inheritable":false,"stock_on_hold":0,"sold_today":0,"sales_last_days":0,"out_stock_days":847,"lost_sales":0,"update_date":"2025-10-30T15:07:24","atum_locations":[],"atum_stock_status":"onbackorder","restock_status":false,"low_stock_amount":"","sales_update_date":"2025-10-30T15:07:24","calc_backorders":null,"yoast_head":"<!-- This site is optimized with the Yoast SEO plugin v27.3 - https:\/\/yoast.com\/product\/yoast-seo-wordpress\/ -->\n<title>Occhiali DJI 2 - Iha Race<\/title>\n<meta name=\"robots\" content=\"index, follow, max-snippet:-1, max-image-preview:large, max-video-preview:-1\" \/>\n<link rel=\"canonical\" href=\"https:\/\/iha-race.com\/it\/prodotto\/dji-occhiali-2\/\" \/>\n<meta property=\"og:locale\" content=\"it_IT\" \/>\n<meta property=\"og:type\" content=\"article\" \/>\n<meta property=\"og:title\" content=\"Occhiali DJI 2 - Iha Race\" \/>\n<meta property=\"og:description\" content=\"Consegnabile in 30 giorni\" \/>\n<meta property=\"og:url\" content=\"https:\/\/iha-race.com\/it\/prodotto\/dji-occhiali-2\/\" \/>\n<meta property=\"og:site_name\" content=\"Iha Race\" \/>\n<meta property=\"article:modified_time\" content=\"2024-08-29T09:32:56+00:00\" \/>\n<meta property=\"og:image\" content=\"https:\/\/iha-race.com\/wp-content\/uploads\/2023\/01\/dji-goggles-2.png\" \/>\n\t<meta property=\"og:image:width\" content=\"1100\" \/>\n\t<meta property=\"og:image:height\" content=\"1422\" \/>\n\t<meta property=\"og:image:type\" content=\"image\/png\" \/>\n<meta name=\"twitter:card\" content=\"summary_large_image\" \/>\n<script type=\"application\/ld+json\" class=\"yoast-schema-graph\">{\"@context\":\"https:\\\/\\\/schema.org\",\"@graph\":[{\"@type\":\"WebPage\",\"@id\":\"https:\\\/\\\/iha-race.com\\\/it\\\/prodotto\\\/dji-occhiali-2\\\/\",\"url\":\"https:\\\/\\\/iha-race.com\\\/it\\\/prodotto\\\/dji-occhiali-2\\\/\",\"name\":\"Occhiali DJI 2 - Iha Race\",\"isPartOf\":{\"@id\":\"https:\\\/\\\/iha-race.com\\\/it\\\/#website\"},\"primaryImageOfPage\":{\"@id\":\"https:\\\/\\\/iha-race.com\\\/it\\\/prodotto\\\/dji-occhiali-2\\\/#primaryimage\"},\"image\":{\"@id\":\"https:\\\/\\\/iha-race.com\\\/it\\\/prodotto\\\/dji-occhiali-2\\\/#primaryimage\"},\"thumbnailUrl\":\"https:\\\/\\\/iha-race.com\\\/wp-content\\\/uploads\\\/2023\\\/01\\\/dji-goggles-2.png\",\"datePublished\":\"2023-01-02T15:56:36+00:00\",\"dateModified\":\"2024-08-29T09:32:56+00:00\",\"breadcrumb\":{\"@id\":\"https:\\\/\\\/iha-race.com\\\/it\\\/prodotto\\\/dji-occhiali-2\\\/#breadcrumb\"},\"inLanguage\":\"it-IT\",\"potentialAction\":[{\"@type\":\"ReadAction\",\"target\":[\"https:\\\/\\\/iha-race.com\\\/it\\\/prodotto\\\/dji-occhiali-2\\\/\"]}]},{\"@type\":\"ImageObject\",\"inLanguage\":\"it-IT\",\"@id\":\"https:\\\/\\\/iha-race.com\\\/it\\\/prodotto\\\/dji-occhiali-2\\\/#primaryimage\",\"url\":\"https:\\\/\\\/iha-race.com\\\/wp-content\\\/uploads\\\/2023\\\/01\\\/dji-goggles-2.png\",\"contentUrl\":\"https:\\\/\\\/iha-race.com\\\/wp-content\\\/uploads\\\/2023\\\/01\\\/dji-goggles-2.png\",\"width\":1100,\"height\":1422,\"caption\":\"Comprar DJI Goggles 2\"},{\"@type\":\"BreadcrumbList\",\"@id\":\"https:\\\/\\\/iha-race.com\\\/it\\\/prodotto\\\/dji-occhiali-2\\\/#breadcrumb\",\"itemListElement\":[{\"@type\":\"ListItem\",\"position\":1,\"name\":\"Portada\",\"item\":\"https:\\\/\\\/iha-race.com\\\/it\\\/\"},{\"@type\":\"ListItem\",\"position\":2,\"name\":\"Negozio\",\"item\":\"https:\\\/\\\/iha-race.com\\\/it\\\/negozio\\\/\"},{\"@type\":\"ListItem\",\"position\":3,\"name\":\"Occhiali DJI 2\"}]},{\"@type\":\"WebSite\",\"@id\":\"https:\\\/\\\/iha-race.com\\\/it\\\/#website\",\"url\":\"https:\\\/\\\/iha-race.com\\\/it\\\/\",\"name\":\"Iha Race\",\"description\":\"Comprar drones de carreras FPV env\u00edos en un d\u00eda desde Espa\u00f1a\",\"publisher\":{\"@id\":\"https:\\\/\\\/iha-race.com\\\/it\\\/#organization\"},\"potentialAction\":[{\"@type\":\"SearchAction\",\"target\":{\"@type\":\"EntryPoint\",\"urlTemplate\":\"https:\\\/\\\/iha-race.com\\\/it\\\/?s={search_term_string}\"},\"query-input\":{\"@type\":\"PropertyValueSpecification\",\"valueRequired\":true,\"valueName\":\"search_term_string\"}}],\"inLanguage\":\"it-IT\"},{\"@type\":\"Organization\",\"@id\":\"https:\\\/\\\/iha-race.com\\\/it\\\/#organization\",\"name\":\"Iha Race\",\"url\":\"https:\\\/\\\/iha-race.com\\\/it\\\/\",\"logo\":{\"@type\":\"ImageObject\",\"inLanguage\":\"it-IT\",\"@id\":\"https:\\\/\\\/iha-race.com\\\/it\\\/#\\\/schema\\\/logo\\\/image\\\/\",\"url\":\"https:\\\/\\\/iha-race.com\\\/wp-content\\\/uploads\\\/2018\\\/07\\\/iha-race-drones-de-carreras-tienda-comprar-drones.png\",\"contentUrl\":\"https:\\\/\\\/iha-race.com\\\/wp-content\\\/uploads\\\/2018\\\/07\\\/iha-race-drones-de-carreras-tienda-comprar-drones.png\",\"width\":300,\"height\":100,\"caption\":\"Iha Race\"},\"image\":{\"@id\":\"https:\\\/\\\/iha-race.com\\\/it\\\/#\\\/schema\\\/logo\\\/image\\\/\"}}]}<\/script>\n<!-- \/ Yoast SEO plugin. -->","yoast_head_json":{"title":"Occhiali DJI 2 - Iha Race","robots":{"index":"index","follow":"follow","max-snippet":"max-snippet:-1","max-image-preview":"max-image-preview:large","max-video-preview":"max-video-preview:-1"},"canonical":"https:\/\/iha-race.com\/it\/prodotto\/dji-occhiali-2\/","og_locale":"it_IT","og_type":"article","og_title":"Occhiali DJI 2 - Iha Race","og_description":"Consegnabile in 30 giorni","og_url":"https:\/\/iha-race.com\/it\/prodotto\/dji-occhiali-2\/","og_site_name":"Iha Race","article_modified_time":"2024-08-29T09:32:56+00:00","og_image":[{"width":1100,"height":1422,"url":"https:\/\/iha-race.com\/wp-content\/uploads\/2023\/01\/dji-goggles-2.png","type":"image\/png"}],"twitter_card":"summary_large_image","schema":{"@context":"https:\/\/schema.org","@graph":[{"@type":"WebPage","@id":"https:\/\/iha-race.com\/it\/prodotto\/dji-occhiali-2\/","url":"https:\/\/iha-race.com\/it\/prodotto\/dji-occhiali-2\/","name":"Occhiali DJI 2 - Iha Race","isPartOf":{"@id":"https:\/\/iha-race.com\/it\/#website"},"primaryImageOfPage":{"@id":"https:\/\/iha-race.com\/it\/prodotto\/dji-occhiali-2\/#primaryimage"},"image":{"@id":"https:\/\/iha-race.com\/it\/prodotto\/dji-occhiali-2\/#primaryimage"},"thumbnailUrl":"https:\/\/iha-race.com\/wp-content\/uploads\/2023\/01\/dji-goggles-2.png","datePublished":"2023-01-02T15:56:36+00:00","dateModified":"2024-08-29T09:32:56+00:00","breadcrumb":{"@id":"https:\/\/iha-race.com\/it\/prodotto\/dji-occhiali-2\/#breadcrumb"},"inLanguage":"it-IT","potentialAction":[{"@type":"ReadAction","target":["https:\/\/iha-race.com\/it\/prodotto\/dji-occhiali-2\/"]}]},{"@type":"ImageObject","inLanguage":"it-IT","@id":"https:\/\/iha-race.com\/it\/prodotto\/dji-occhiali-2\/#primaryimage","url":"https:\/\/iha-race.com\/wp-content\/uploads\/2023\/01\/dji-goggles-2.png","contentUrl":"https:\/\/iha-race.com\/wp-content\/uploads\/2023\/01\/dji-goggles-2.png","width":1100,"height":1422,"caption":"Comprar DJI Goggles 2"},{"@type":"BreadcrumbList","@id":"https:\/\/iha-race.com\/it\/prodotto\/dji-occhiali-2\/#breadcrumb","itemListElement":[{"@type":"ListItem","position":1,"name":"Portada","item":"https:\/\/iha-race.com\/it\/"},{"@type":"ListItem","position":2,"name":"Negozio","item":"https:\/\/iha-race.com\/it\/negozio\/"},{"@type":"ListItem","position":3,"name":"Occhiali DJI 2"}]},{"@type":"WebSite","@id":"https:\/\/iha-race.com\/it\/#website","url":"https:\/\/iha-race.com\/it\/","name":"Iha Race","description":"Comprar drones de carreras FPV env\u00edos en un d\u00eda desde Espa\u00f1a","publisher":{"@id":"https:\/\/iha-race.com\/it\/#organization"},"potentialAction":[{"@type":"SearchAction","target":{"@type":"EntryPoint","urlTemplate":"https:\/\/iha-race.com\/it\/?s={search_term_string}"},"query-input":{"@type":"PropertyValueSpecification","valueRequired":true,"valueName":"search_term_string"}}],"inLanguage":"it-IT"},{"@type":"Organization","@id":"https:\/\/iha-race.com\/it\/#organization","name":"Iha Race","url":"https:\/\/iha-race.com\/it\/","logo":{"@type":"ImageObject","inLanguage":"it-IT","@id":"https:\/\/iha-race.com\/it\/#\/schema\/logo\/image\/","url":"https:\/\/iha-race.com\/wp-content\/uploads\/2018\/07\/iha-race-drones-de-carreras-tienda-comprar-drones.png","contentUrl":"https:\/\/iha-race.com\/wp-content\/uploads\/2018\/07\/iha-race-drones-de-carreras-tienda-comprar-drones.png","width":300,"height":100,"caption":"Iha Race"},"image":{"@id":"https:\/\/iha-race.com\/it\/#\/schema\/logo\/image\/"}}]}},"brands":[{"id":3567,"name":"DJI","slug":"dji"}],"_links":{"self":[{"href":"https:\/\/iha-race.com\/it\/wp-json\/wp\/v2\/product\/214811","targetHints":{"allow":["GET"]}}],"collection":[{"href":"https:\/\/iha-race.com\/it\/wp-json\/wp\/v2\/product"}],"about":[{"href":"https:\/\/iha-race.com\/it\/wp-json\/wp\/v2\/types\/product"}],"replies":[{"embeddable":true,"href":"https:\/\/iha-race.com\/it\/wp-json\/wp\/v2\/comments?post=214811"}],"version-history":[{"count":3,"href":"https:\/\/iha-race.com\/it\/wp-json\/wp\/v2\/product\/214811\/revisions"}],"predecessor-version":[{"id":226162,"href":"https:\/\/iha-race.com\/it\/wp-json\/wp\/v2\/product\/214811\/revisions\/226162"}],"wp:featuredmedia":[{"embeddable":true,"href":"https:\/\/iha-race.com\/it\/wp-json\/wp\/v2\/media\/214799"}],"wp:attachment":[{"href":"https:\/\/iha-race.com\/it\/wp-json\/wp\/v2\/media?parent=214811"}],"wp:term":[{"taxonomy":"pwb-brand","embeddable":true,"href":"https:\/\/iha-race.com\/it\/wp-json\/wp\/v2\/pwb-brand?post=214811"},{"taxonomy":"product_cat","embeddable":true,"href":"https:\/\/iha-race.com\/it\/wp-json\/wp\/v2\/product_cat?post=214811"},{"taxonomy":"product_tag","embeddable":true,"href":"https:\/\/iha-race.com\/it\/wp-json\/wp\/v2\/product_tag?post=214811"}],"curies":[{"name":"wp","href":"https:\/\/api.w.org\/{rel}","templated":true}]}}