{"id":214734,"date":"2023-01-02T16:10:27","date_gmt":"2023-01-02T15:10:27","guid":{"rendered":"https:\/\/iha-race.com\/producto\/dji-avata-pro-view-combo\/"},"modified":"2024-08-29T11:32:43","modified_gmt":"2024-08-29T09:32:43","slug":"dji-avata-pro-view-combo","status":"publish","type":"product","link":"https:\/\/iha-race.com\/it\/prodotto\/dji-avata-pro-view-combo\/","title":{"rendered":"DJI Avata &#8211; Pro View COMBO"},"content":{"rendered":"<h1><span data-sheets-value=\"{\"1\":2,\"2\":\"DJI Avata - Pro View COMBO\"}\" data-sheets-userformat=\"{\"2\":514,\"4\":{\"1\":3,\"3\":2},\"12\":0}\">DJI Avata &#8211; Pro View COMBO<\/span><\/h1>\n<div class=\"rte-content\">  Dotata di un sensore CMOS da 1\/1,7 pollici, Avata supporta la registrazione 4K ultra-grandangolare con un&#8217;apertura di f\/2,8. Unitamente a prestazioni di alta qualit\u00e0, offre immagini eccezionali che lasceranno il tuo pubblico a bocca aperta.  <\/div>\n<div class=\"elementor\">\n<div class=\"elementor-section elementor-element elementor-element-vty9x04 elementor-top-section elementor-section-boxed elementor-section-height-default elementor-section-height-default\" data-element_type=\"section\">\n<div class=\"elementor-container elementor-column-gap-default\">\n<div class=\"elementor-row\">\n<div class=\"elementor-column elementor-element elementor-element-5786u11 elementor-col-100 elementor-top-column\" data-element_type=\"column\">\n<div class=\"elementor-column-wrap elementor-element-populated\">\n<div class=\"elementor-widget-wrap\">\n<div class=\"elementor-widget elementor-element elementor-element-ar3j5uk elementor-widget-image\" data-element_type=\"image\">\n<div class=\"elementor-widget-container\">\n<div class=\"elementor-image\"><img decoding=\"async\" src=\"https:\/\/djiarsmadrid.com\/img\/cms\/DJI%20Avata\/8.jpg\" alt=\"\"><\/div>\n<\/div>\n<\/div>\n<\/div>\n<\/div>\n<\/div>\n<\/div>\n<\/div>\n<\/div>\n<div class=\"elementor-section elementor-element elementor-element-fycr53q elementor-top-section elementor-section-boxed elementor-section-height-default elementor-section-height-default\" data-element_type=\"section\">\n<div class=\"elementor-container elementor-column-gap-default\">\n<div class=\"elementor-row\">\n<div class=\"elementor-column elementor-element elementor-element-hkp2aye elementor-col-100 elementor-top-column\" data-element_type=\"column\">\n<div class=\"elementor-column-wrap elementor-element-populated\">\n<div class=\"elementor-widget-wrap\">\n<div class=\"elementor-widget elementor-element elementor-element-3awmpau elementor-widget-text-editor\" data-element_type=\"text-editor\">\n<div class=\"elementor-widget-container\">\n<div class=\"elementor-text-editor rte-content\">\n<h3><strong>Nato per volare<\/strong><\/h3>\n<\/div>\n<\/div>\n<\/div>\n<\/div>\n<\/div>\n<\/div>\n<\/div>\n<\/div>\n<\/div>\n<div class=\"elementor-section elementor-element elementor-element-zajdsts elementor-top-section elementor-section-boxed elementor-section-height-default elementor-section-height-default\" data-element_type=\"section\">\n<div class=\"elementor-container elementor-column-gap-default\">\n<div class=\"elementor-row\">\n<div class=\"elementor-column elementor-element elementor-element-ch5crwm elementor-col-100 elementor-top-column\" data-element_type=\"column\">\n<div class=\"elementor-column-wrap elementor-element-populated\">\n<div class=\"elementor-widget-wrap\">\n<div class=\"elementor-widget elementor-element elementor-element-gkvx6u1 elementor-widget-text-editor\" data-element_type=\"text-editor\">\n<div class=\"elementor-widget-container\">\n<div class=\"elementor-text-editor rte-content\">  Combinando Avata con gli occhiali e il controller di movimento, il volo diventa accessibile a tutti. Provate l&#8217;emozione di un&#8217;immersione totale con una sicurezza e un controllo senza pari. Abbracciate la vostra spontaneit\u00e0 e catturate il mondo che vi circonda. Alcuni di noi sono nati per volare. Compatto e leggero, DJI Avata \u00e8 agile negli spazi ristretti e ogni aspetto del suo design \u00e8 stato realizzato per permettervi di essere audaci. La protezione integrata dell&#8217;elica significa che se Avata entra in contatto con un oggetto, pu\u00f2 rimbalzare, rimanere in volo e continuare a volare.  <\/div>\n<\/div>\n<\/div>\n<\/div>\n<\/div>\n<\/div>\n<\/div>\n<\/div>\n<\/div>\n<div class=\"elementor-section elementor-element elementor-element-udaixgl elementor-top-section elementor-section-boxed elementor-section-height-default elementor-section-height-default\" data-element_type=\"section\">\n<div class=\"elementor-container elementor-column-gap-default\">\n<div class=\"elementor-row\">\n<div class=\"elementor-column elementor-element elementor-element-sqdndjt elementor-col-100 elementor-top-column\" data-element_type=\"column\">\n<div class=\"elementor-column-wrap elementor-element-populated\">\n<div class=\"elementor-widget-wrap\">\n<div class=\"elementor-widget elementor-element elementor-element-mn2isa0 elementor-widget-text-editor\" data-element_type=\"text-editor\">\n<div class=\"elementor-widget-container\">\n<div class=\"elementor-text-editor rte-content\"><\/div>\n<\/div>\n<\/div>\n<\/div>\n<\/div>\n<\/div>\n<\/div>\n<\/div>\n<\/div>\n<div class=\"elementor-section elementor-element elementor-element-us9jpnp elementor-top-section elementor-section-boxed elementor-section-height-default elementor-section-height-default\" data-element_type=\"section\">\n<div class=\"elementor-container elementor-column-gap-default\">\n<div class=\"elementor-row\">\n<div class=\"elementor-column elementor-element elementor-element-upeyxpz elementor-col-100 elementor-top-column\" data-element_type=\"column\">\n<div class=\"elementor-column-wrap elementor-element-populated\">\n<div class=\"elementor-widget-wrap\">\n<div class=\"elementor-widget elementor-element elementor-element-ep793uf elementor-widget-image\" data-element_type=\"image\">\n<div class=\"elementor-widget-container\">\n<div class=\"elementor-image\"><img decoding=\"async\" src=\"https:\/\/djiarsmadrid.com\/img\/cms\/DJI%20Avata\/1.jpg\" alt=\"\"><\/div>\n<\/div>\n<\/div>\n<div class=\"elementor-widget elementor-element elementor-element-usncif6 elementor-widget-image\" data-element_type=\"image\">\n<div class=\"elementor-widget-container\">\n<div class=\"elementor-image\"><img decoding=\"async\" src=\"https:\/\/djiarsmadrid.com\/img\/cms\/DJI%20Avata\/10.jpg\" alt=\"\"><\/div>\n<div>\n<h3><strong>Il pacchetto comprende:<\/strong><\/h3>\n<ul>\n<li>1 x DJI Avata<\/li>\n<li>1 x batteria di volo DJI Avata<\/li>\n<li>1 x Eliche (coppia)<\/li>\n<li>1 adattatore di alimentazione<\/li>\n<li>1 cavo PD (tipo C-tipo C)<\/li>\n<li>1 x Protezione dello stabilizzatore<\/li>\n<li>1 x Cacciavite<\/li>\n<li>7 x viti (M2)<\/li>\n<li>1 controllore di movimento<\/li>\n<li>1 x DJI FPV Goggles 2<\/li>\n<li>1 batteria per DJI Goggles 2<\/li>\n<li>1 x protezione dello schermo degli occhiali DJI<\/li>\n<li>1 x fascia DJI Goggles 2<\/li>\n<li>1 x DJI Goggles 2 Antenna a doppia banda (coppia)<\/li>\n<li>1 cavo di alimentazione DJI Goggles 2<\/li>\n<li>1 cavo OTG<\/li>\n<li>1 cinturino<\/li>\n<\/ul>\n<\/div>\n<\/div>\n<\/div>\n<\/div>\n<\/div>\n<\/div>\n<\/div>\n<\/div>\n<\/div>\n<\/div>\n","protected":false},"excerpt":{"rendered":"<p>DJI Avata &#8211; Pro View COMBO Dotata di un sensore CMOS da 1\/1,7 pollici, Avata supporta la registrazione 4K ultra-grandangolare con un&#8217;apertura di f\/2,8. Unitamente a prestazioni di alta qualit\u00e0,<\/p>\n","protected":false},"featured_media":258250,"comment_status":"open","ping_status":"closed","template":"","meta":{"_joinchat":[]},"pwb-brand":[3567],"product_cat":[3329,3341],"product_tag":[],"class_list":{"0":"post-214734","1":"product","2":"type-product","3":"status-publish","4":"has-post-thumbnail","6":"pwb-brand-dji","7":"product_cat-dji-it","8":"product_cat-dji-fpv-it","10":"first","11":"instock","12":"taxable","13":"shipping-taxable","14":"purchasable","15":"product-type-simple"},"barcode":null,"atum_controlled":true,"out_stock_date":null,"out_stock_threshold":null,"inheritable":false,"stock_on_hold":0,"sold_today":0,"sales_last_days":0,"out_stock_days":0,"lost_sales":0,"update_date":"2026-04-18T20:30:54","atum_locations":[],"atum_stock_status":"instock","restock_status":false,"low_stock_amount":"","sales_update_date":"2026-04-18T20:30:54","calc_backorders":null,"yoast_head":"<!-- This site is optimized with the Yoast SEO plugin v27.3 - https:\/\/yoast.com\/product\/yoast-seo-wordpress\/ -->\n<title>DJI Avata - Pro View COMBO - Iha Race<\/title>\n<meta name=\"robots\" content=\"index, follow, max-snippet:-1, max-image-preview:large, max-video-preview:-1\" \/>\n<link rel=\"canonical\" href=\"https:\/\/iha-race.com\/it\/prodotto\/dji-avata-pro-view-combo\/\" \/>\n<meta property=\"og:locale\" content=\"it_IT\" \/>\n<meta property=\"og:type\" content=\"article\" \/>\n<meta property=\"og:title\" content=\"DJI Avata - Pro View COMBO - Iha Race\" \/>\n<meta property=\"og:description\" content=\"DJI Avata &#8211; Pro View COMBO Dotata di un sensore CMOS da 1\/1,7 pollici, Avata supporta la registrazione 4K ultra-grandangolare con un&#8217;apertura di f\/2,8. Unitamente a prestazioni di alta qualit\u00e0,\" \/>\n<meta property=\"og:url\" content=\"https:\/\/iha-race.com\/it\/prodotto\/dji-avata-pro-view-combo\/\" \/>\n<meta property=\"og:site_name\" content=\"Iha Race\" \/>\n<meta property=\"article:modified_time\" content=\"2024-08-29T09:32:43+00:00\" \/>\n<meta property=\"og:image\" content=\"https:\/\/iha-race.com\/wp-content\/uploads\/2023\/01\/DJI-Avata-Pro-View-COMBO.jpeg\" \/>\n\t<meta property=\"og:image:width\" content=\"1100\" \/>\n\t<meta property=\"og:image:height\" content=\"1422\" \/>\n\t<meta property=\"og:image:type\" content=\"image\/jpeg\" \/>\n<meta name=\"twitter:card\" content=\"summary_large_image\" \/>\n<meta name=\"twitter:label1\" content=\"Tempo di lettura stimato\" \/>\n\t<meta name=\"twitter:data1\" content=\"1 minuto\" \/>\n<script type=\"application\/ld+json\" class=\"yoast-schema-graph\">{\"@context\":\"https:\\\/\\\/schema.org\",\"@graph\":[{\"@type\":\"WebPage\",\"@id\":\"https:\\\/\\\/iha-race.com\\\/it\\\/prodotto\\\/dji-avata-pro-view-combo\\\/\",\"url\":\"https:\\\/\\\/iha-race.com\\\/it\\\/prodotto\\\/dji-avata-pro-view-combo\\\/\",\"name\":\"DJI Avata - Pro View COMBO - Iha Race\",\"isPartOf\":{\"@id\":\"https:\\\/\\\/iha-race.com\\\/it\\\/#website\"},\"primaryImageOfPage\":{\"@id\":\"https:\\\/\\\/iha-race.com\\\/it\\\/prodotto\\\/dji-avata-pro-view-combo\\\/#primaryimage\"},\"image\":{\"@id\":\"https:\\\/\\\/iha-race.com\\\/it\\\/prodotto\\\/dji-avata-pro-view-combo\\\/#primaryimage\"},\"thumbnailUrl\":\"https:\\\/\\\/iha-race.com\\\/wp-content\\\/uploads\\\/2023\\\/01\\\/DJI-Avata-2-Fly-More-Combo-1-BAT.jpg\",\"datePublished\":\"2023-01-02T15:10:27+00:00\",\"dateModified\":\"2024-08-29T09:32:43+00:00\",\"breadcrumb\":{\"@id\":\"https:\\\/\\\/iha-race.com\\\/it\\\/prodotto\\\/dji-avata-pro-view-combo\\\/#breadcrumb\"},\"inLanguage\":\"it-IT\",\"potentialAction\":[{\"@type\":\"ReadAction\",\"target\":[\"https:\\\/\\\/iha-race.com\\\/it\\\/prodotto\\\/dji-avata-pro-view-combo\\\/\"]}]},{\"@type\":\"ImageObject\",\"inLanguage\":\"it-IT\",\"@id\":\"https:\\\/\\\/iha-race.com\\\/it\\\/prodotto\\\/dji-avata-pro-view-combo\\\/#primaryimage\",\"url\":\"https:\\\/\\\/iha-race.com\\\/wp-content\\\/uploads\\\/2023\\\/01\\\/DJI-Avata-2-Fly-More-Combo-1-BAT.jpg\",\"contentUrl\":\"https:\\\/\\\/iha-race.com\\\/wp-content\\\/uploads\\\/2023\\\/01\\\/DJI-Avata-2-Fly-More-Combo-1-BAT.jpg\",\"width\":1100,\"height\":1422,\"caption\":\"Comprar DJI Avata 2 Fly More Combo (1 BAT)\"},{\"@type\":\"BreadcrumbList\",\"@id\":\"https:\\\/\\\/iha-race.com\\\/it\\\/prodotto\\\/dji-avata-pro-view-combo\\\/#breadcrumb\",\"itemListElement\":[{\"@type\":\"ListItem\",\"position\":1,\"name\":\"Portada\",\"item\":\"https:\\\/\\\/iha-race.com\\\/it\\\/\"},{\"@type\":\"ListItem\",\"position\":2,\"name\":\"Negozio\",\"item\":\"https:\\\/\\\/iha-race.com\\\/it\\\/negozio\\\/\"},{\"@type\":\"ListItem\",\"position\":3,\"name\":\"DJI Avata &#8211; Pro View COMBO\"}]},{\"@type\":\"WebSite\",\"@id\":\"https:\\\/\\\/iha-race.com\\\/it\\\/#website\",\"url\":\"https:\\\/\\\/iha-race.com\\\/it\\\/\",\"name\":\"Iha Race\",\"description\":\"Comprar drones de carreras FPV env\u00edos en un d\u00eda desde Espa\u00f1a\",\"publisher\":{\"@id\":\"https:\\\/\\\/iha-race.com\\\/it\\\/#organization\"},\"potentialAction\":[{\"@type\":\"SearchAction\",\"target\":{\"@type\":\"EntryPoint\",\"urlTemplate\":\"https:\\\/\\\/iha-race.com\\\/it\\\/?s={search_term_string}\"},\"query-input\":{\"@type\":\"PropertyValueSpecification\",\"valueRequired\":true,\"valueName\":\"search_term_string\"}}],\"inLanguage\":\"it-IT\"},{\"@type\":\"Organization\",\"@id\":\"https:\\\/\\\/iha-race.com\\\/it\\\/#organization\",\"name\":\"Iha Race\",\"url\":\"https:\\\/\\\/iha-race.com\\\/it\\\/\",\"logo\":{\"@type\":\"ImageObject\",\"inLanguage\":\"it-IT\",\"@id\":\"https:\\\/\\\/iha-race.com\\\/it\\\/#\\\/schema\\\/logo\\\/image\\\/\",\"url\":\"https:\\\/\\\/iha-race.com\\\/wp-content\\\/uploads\\\/2018\\\/07\\\/iha-race-drones-de-carreras-tienda-comprar-drones.png\",\"contentUrl\":\"https:\\\/\\\/iha-race.com\\\/wp-content\\\/uploads\\\/2018\\\/07\\\/iha-race-drones-de-carreras-tienda-comprar-drones.png\",\"width\":300,\"height\":100,\"caption\":\"Iha Race\"},\"image\":{\"@id\":\"https:\\\/\\\/iha-race.com\\\/it\\\/#\\\/schema\\\/logo\\\/image\\\/\"}}]}<\/script>\n<!-- \/ Yoast SEO plugin. -->","yoast_head_json":{"title":"DJI Avata - Pro View COMBO - Iha Race","robots":{"index":"index","follow":"follow","max-snippet":"max-snippet:-1","max-image-preview":"max-image-preview:large","max-video-preview":"max-video-preview:-1"},"canonical":"https:\/\/iha-race.com\/it\/prodotto\/dji-avata-pro-view-combo\/","og_locale":"it_IT","og_type":"article","og_title":"DJI Avata - Pro View COMBO - Iha Race","og_description":"DJI Avata &#8211; Pro View COMBO Dotata di un sensore CMOS da 1\/1,7 pollici, Avata supporta la registrazione 4K ultra-grandangolare con un&#8217;apertura di f\/2,8. Unitamente a prestazioni di alta qualit\u00e0,","og_url":"https:\/\/iha-race.com\/it\/prodotto\/dji-avata-pro-view-combo\/","og_site_name":"Iha Race","article_modified_time":"2024-08-29T09:32:43+00:00","og_image":[{"width":1100,"height":1422,"url":"https:\/\/iha-race.com\/wp-content\/uploads\/2023\/01\/DJI-Avata-Pro-View-COMBO.jpeg","type":"image\/jpeg"}],"twitter_card":"summary_large_image","twitter_misc":{"Tempo di lettura stimato":"1 minuto"},"schema":{"@context":"https:\/\/schema.org","@graph":[{"@type":"WebPage","@id":"https:\/\/iha-race.com\/it\/prodotto\/dji-avata-pro-view-combo\/","url":"https:\/\/iha-race.com\/it\/prodotto\/dji-avata-pro-view-combo\/","name":"DJI Avata - Pro View COMBO - Iha Race","isPartOf":{"@id":"https:\/\/iha-race.com\/it\/#website"},"primaryImageOfPage":{"@id":"https:\/\/iha-race.com\/it\/prodotto\/dji-avata-pro-view-combo\/#primaryimage"},"image":{"@id":"https:\/\/iha-race.com\/it\/prodotto\/dji-avata-pro-view-combo\/#primaryimage"},"thumbnailUrl":"https:\/\/iha-race.com\/wp-content\/uploads\/2023\/01\/DJI-Avata-2-Fly-More-Combo-1-BAT.jpg","datePublished":"2023-01-02T15:10:27+00:00","dateModified":"2024-08-29T09:32:43+00:00","breadcrumb":{"@id":"https:\/\/iha-race.com\/it\/prodotto\/dji-avata-pro-view-combo\/#breadcrumb"},"inLanguage":"it-IT","potentialAction":[{"@type":"ReadAction","target":["https:\/\/iha-race.com\/it\/prodotto\/dji-avata-pro-view-combo\/"]}]},{"@type":"ImageObject","inLanguage":"it-IT","@id":"https:\/\/iha-race.com\/it\/prodotto\/dji-avata-pro-view-combo\/#primaryimage","url":"https:\/\/iha-race.com\/wp-content\/uploads\/2023\/01\/DJI-Avata-2-Fly-More-Combo-1-BAT.jpg","contentUrl":"https:\/\/iha-race.com\/wp-content\/uploads\/2023\/01\/DJI-Avata-2-Fly-More-Combo-1-BAT.jpg","width":1100,"height":1422,"caption":"Comprar DJI Avata 2 Fly More Combo (1 BAT)"},{"@type":"BreadcrumbList","@id":"https:\/\/iha-race.com\/it\/prodotto\/dji-avata-pro-view-combo\/#breadcrumb","itemListElement":[{"@type":"ListItem","position":1,"name":"Portada","item":"https:\/\/iha-race.com\/it\/"},{"@type":"ListItem","position":2,"name":"Negozio","item":"https:\/\/iha-race.com\/it\/negozio\/"},{"@type":"ListItem","position":3,"name":"DJI Avata &#8211; Pro View COMBO"}]},{"@type":"WebSite","@id":"https:\/\/iha-race.com\/it\/#website","url":"https:\/\/iha-race.com\/it\/","name":"Iha Race","description":"Comprar drones de carreras FPV env\u00edos en un d\u00eda desde Espa\u00f1a","publisher":{"@id":"https:\/\/iha-race.com\/it\/#organization"},"potentialAction":[{"@type":"SearchAction","target":{"@type":"EntryPoint","urlTemplate":"https:\/\/iha-race.com\/it\/?s={search_term_string}"},"query-input":{"@type":"PropertyValueSpecification","valueRequired":true,"valueName":"search_term_string"}}],"inLanguage":"it-IT"},{"@type":"Organization","@id":"https:\/\/iha-race.com\/it\/#organization","name":"Iha Race","url":"https:\/\/iha-race.com\/it\/","logo":{"@type":"ImageObject","inLanguage":"it-IT","@id":"https:\/\/iha-race.com\/it\/#\/schema\/logo\/image\/","url":"https:\/\/iha-race.com\/wp-content\/uploads\/2018\/07\/iha-race-drones-de-carreras-tienda-comprar-drones.png","contentUrl":"https:\/\/iha-race.com\/wp-content\/uploads\/2018\/07\/iha-race-drones-de-carreras-tienda-comprar-drones.png","width":300,"height":100,"caption":"Iha Race"},"image":{"@id":"https:\/\/iha-race.com\/it\/#\/schema\/logo\/image\/"}}]}},"jetpack_sharing_enabled":true,"brands":[{"id":3567,"name":"DJI","slug":"dji"}],"_links":{"self":[{"href":"https:\/\/iha-race.com\/it\/wp-json\/wp\/v2\/product\/214734","targetHints":{"allow":["GET"]}}],"collection":[{"href":"https:\/\/iha-race.com\/it\/wp-json\/wp\/v2\/product"}],"about":[{"href":"https:\/\/iha-race.com\/it\/wp-json\/wp\/v2\/types\/product"}],"replies":[{"embeddable":true,"href":"https:\/\/iha-race.com\/it\/wp-json\/wp\/v2\/comments?post=214734"}],"version-history":[{"count":2,"href":"https:\/\/iha-race.com\/it\/wp-json\/wp\/v2\/product\/214734\/revisions"}],"predecessor-version":[{"id":248820,"href":"https:\/\/iha-race.com\/it\/wp-json\/wp\/v2\/product\/214734\/revisions\/248820"}],"wp:featuredmedia":[{"embeddable":true,"href":"https:\/\/iha-race.com\/it\/wp-json\/wp\/v2\/media\/258250"}],"wp:attachment":[{"href":"https:\/\/iha-race.com\/it\/wp-json\/wp\/v2\/media?parent=214734"}],"wp:term":[{"taxonomy":"pwb-brand","embeddable":true,"href":"https:\/\/iha-race.com\/it\/wp-json\/wp\/v2\/pwb-brand?post=214734"},{"taxonomy":"product_cat","embeddable":true,"href":"https:\/\/iha-race.com\/it\/wp-json\/wp\/v2\/product_cat?post=214734"},{"taxonomy":"product_tag","embeddable":true,"href":"https:\/\/iha-race.com\/it\/wp-json\/wp\/v2\/product_tag?post=214734"}],"curies":[{"name":"wp","href":"https:\/\/api.w.org\/{rel}","templated":true}]}}