{"id":214455,"date":"2022-12-29T17:06:28","date_gmt":"2022-12-29T16:06:28","guid":{"rendered":"https:\/\/iha-race.com\/producto\/stazione-di-ricarica-per-batterie-matrice-300-bs60\/"},"modified":"2024-08-29T11:31:42","modified_gmt":"2024-08-29T09:31:42","slug":"stazione-di-ricarica-per-batterie-matrice-300-bs60","status":"publish","type":"product","link":"https:\/\/iha-race.com\/it\/prodotto\/stazione-di-ricarica-per-batterie-matrice-300-bs60\/","title":{"rendered":"Stazione di ricarica per batterie Matrice 300 BS60"},"content":{"rendered":"<h1><span data-sheets-value=\"{\"1\":2,\"2\":\"Estaci\u00f3n de carga de bater\u00edas de Matrice 300 BS60\"}\" data-sheets-userformat=\"{\"2\":15263,\"3\":{\"1\":0},\"4\":{\"1\":2,\"2\":15462878},\"5\":{\"1\":[{\"1\":2,\"2\":0,\"5\":{\"1\":2,\"2\":12900251}},{\"1\":0,\"2\":0,\"3\":3},{\"1\":1,\"2\":0,\"4\":1}]},\"6\":{\"1\":[{\"1\":2,\"2\":0,\"5\":{\"1\":2,\"2\":12900251}},{\"1\":0,\"2\":0,\"3\":3},{\"1\":1,\"2\":0,\"4\":1}]},\"7\":{\"1\":[{\"1\":2,\"2\":0,\"5\":{\"1\":2,\"2\":12900251}},{\"1\":0,\"2\":0,\"3\":3},{\"1\":1,\"2\":0,\"4\":1}]},\"10\":2,\"11\":0,\"12\":0,\"14\":{\"1\":2,\"2\":0},\"15\":\"Calibri, sans-serif\",\"16\":11}\">Stazione di ricarica per batterie Matrice 300 BS60<\/span><\/h1>\n<div class=\"temp-specs-tr\">\n<div class=\"temp-specs-td name\"><strong>Descrizione generale<\/strong><\/div>\n<div class=\"temp-specs-td value\">  La stazione per batterie BS60, portatile e facile da usare, pu\u00f2 essere utilizzata per caricare, conservare e trasportare le batterie. Consente di caricare contemporaneamente quattro batterie del drone e quattro batterie del telecomando, in modo da poterle sostituire senza problemi durante il funzionamento. Pu\u00f2 essere trasportato comodamente grazie al suo design trolley. La stazione batteria richiede un&#8217;alimentazione da 220-240V. Ci vogliono circa 60 minuti per caricare completamente due batterie di volo intelligenti TB60 e 30 minuti per caricarle al 20-90%.  <\/div>\n<\/div>\n<div class=\"temp-specs-tr\">\n<h4 class=\"temp-specs-td name\">Consigli<\/h4>\n<div class=\"temp-specs-td value\">  La stazione batteria \u00e8 compatibile solo con le batterie di volo intelligenti TB60 e le batterie intelligenti WB37. Pertanto, non usarlo per caricare altre batterie.  <\/div>\n<h4 class=\"temp-specs-td name\">Compatibilit\u00e0<\/h4>\n<div class=\"temp-specs-td value\">  Matrice 300 RTK  <\/div>\n<\/div>\n<div class=\"temp-specs-tr\">\n<h4 class=\"temp-specs-td name\">Specifiche tecniche<\/h4>\n<div class=\"temp-specs-td value\">\n<ul>\n<li>Dimensioni: 510 \u00d7 403 \u00d7 252 mm<\/li>\n<li>Peso senza batteria: 8,37 kg (18 libbre)<\/li>\n<li>Carico massimo: 12 kg (26 libbre)<\/li>\n<li>Tempo di ricarica:<\/li>\n<li>100-120 V: 70 min<\/li>\n<li>220-240 V: 60 min<\/li>\n<li>Potenza massima in ingresso: 1070 W<\/li>\n<li>Temperatura di esercizio: -20 ~ +40 \u00b0C (-68 ~ +104 \u00b0F)<\/li>\n<\/ul>\n<h4 class=\"temp-specs-td name\">Il pacchetto comprende<\/h4>\n<div class=\"temp-specs-td value\">\n<ul>\n<li>1 x stazione batteria<\/li>\n<li>1 cavo di alimentazione<\/li>\n<\/ul>\n<\/div>\n<\/div>\n<\/div>\n<div class=\"temp-specs-tr\">\n<div class=\"temp-specs-td value\">\n<p>&nbsp;<\/p>\n<\/div>\n<\/div>\n","protected":false},"excerpt":{"rendered":"<p>Stazione di ricarica per batterie Matrice 300 BS60 Descrizione generale La stazione per batterie BS60, portatile e facile da usare, pu\u00f2 essere utilizzata per caricare, conservare e trasportare le batterie.<\/p>\n","protected":false},"featured_media":214451,"comment_status":"open","ping_status":"closed","template":"","meta":{"_joinchat":[]},"pwb-brand":[3567],"product_cat":[3331,3329],"product_tag":[],"class_list":{"0":"post-214455","1":"product","2":"type-product","3":"status-publish","4":"has-post-thumbnail","6":"pwb-brand-dji","7":"product_cat-azienda-dji","8":"product_cat-dji-it","10":"first","11":"instock","12":"taxable","13":"shipping-taxable","14":"purchasable","15":"product-type-simple"},"barcode":null,"atum_controlled":true,"out_stock_date":null,"out_stock_threshold":null,"inheritable":false,"stock_on_hold":0,"sold_today":0,"sales_last_days":0,"out_stock_days":0,"lost_sales":0,"update_date":"2026-04-18T22:18:12","atum_locations":[],"atum_stock_status":"instock","restock_status":false,"low_stock_amount":"","sales_update_date":"2026-04-18T22:18:12","calc_backorders":null,"yoast_head":"<!-- This site is optimized with the Yoast SEO plugin v27.3 - https:\/\/yoast.com\/product\/yoast-seo-wordpress\/ -->\n<title>Stazione di ricarica per batterie Matrice 300 BS60 - Iha Race<\/title>\n<meta name=\"robots\" content=\"index, follow, max-snippet:-1, max-image-preview:large, max-video-preview:-1\" \/>\n<link rel=\"canonical\" href=\"https:\/\/iha-race.com\/it\/prodotto\/stazione-di-ricarica-per-batterie-matrice-300-bs60\/\" \/>\n<meta property=\"og:locale\" content=\"it_IT\" \/>\n<meta property=\"og:type\" content=\"article\" \/>\n<meta property=\"og:title\" content=\"Stazione di ricarica per batterie Matrice 300 BS60 - Iha Race\" \/>\n<meta property=\"og:description\" content=\"Stazione di ricarica per batterie Matrice 300 BS60 Descrizione generale La stazione per batterie BS60, portatile e facile da usare, pu\u00f2 essere utilizzata per caricare, conservare e trasportare le batterie.\" \/>\n<meta property=\"og:url\" content=\"https:\/\/iha-race.com\/it\/prodotto\/stazione-di-ricarica-per-batterie-matrice-300-bs60\/\" \/>\n<meta property=\"og:site_name\" content=\"Iha Race\" \/>\n<meta property=\"article:modified_time\" content=\"2024-08-29T09:31:42+00:00\" \/>\n<meta property=\"og:image\" content=\"https:\/\/iha-race.com\/wp-content\/uploads\/2022\/12\/Estacion-de-carga-de-baterias-de-Matrice-300-BS60.png\" \/>\n\t<meta property=\"og:image:width\" content=\"1051\" \/>\n\t<meta property=\"og:image:height\" content=\"794\" \/>\n\t<meta property=\"og:image:type\" content=\"image\/png\" \/>\n<meta name=\"twitter:card\" content=\"summary_large_image\" \/>\n<meta name=\"twitter:label1\" content=\"Tempo di lettura stimato\" \/>\n\t<meta name=\"twitter:data1\" content=\"1 minuto\" \/>\n<script type=\"application\/ld+json\" class=\"yoast-schema-graph\">{\"@context\":\"https:\\\/\\\/schema.org\",\"@graph\":[{\"@type\":\"WebPage\",\"@id\":\"https:\\\/\\\/iha-race.com\\\/it\\\/prodotto\\\/stazione-di-ricarica-per-batterie-matrice-300-bs60\\\/\",\"url\":\"https:\\\/\\\/iha-race.com\\\/it\\\/prodotto\\\/stazione-di-ricarica-per-batterie-matrice-300-bs60\\\/\",\"name\":\"Stazione di ricarica per batterie Matrice 300 BS60 - Iha Race\",\"isPartOf\":{\"@id\":\"https:\\\/\\\/iha-race.com\\\/it\\\/#website\"},\"primaryImageOfPage\":{\"@id\":\"https:\\\/\\\/iha-race.com\\\/it\\\/prodotto\\\/stazione-di-ricarica-per-batterie-matrice-300-bs60\\\/#primaryimage\"},\"image\":{\"@id\":\"https:\\\/\\\/iha-race.com\\\/it\\\/prodotto\\\/stazione-di-ricarica-per-batterie-matrice-300-bs60\\\/#primaryimage\"},\"thumbnailUrl\":\"https:\\\/\\\/iha-race.com\\\/wp-content\\\/uploads\\\/2022\\\/12\\\/Estacion-de-carga-de-baterias-de-Matrice-300-BS60.png\",\"datePublished\":\"2022-12-29T16:06:28+00:00\",\"dateModified\":\"2024-08-29T09:31:42+00:00\",\"breadcrumb\":{\"@id\":\"https:\\\/\\\/iha-race.com\\\/it\\\/prodotto\\\/stazione-di-ricarica-per-batterie-matrice-300-bs60\\\/#breadcrumb\"},\"inLanguage\":\"it-IT\",\"potentialAction\":[{\"@type\":\"ReadAction\",\"target\":[\"https:\\\/\\\/iha-race.com\\\/it\\\/prodotto\\\/stazione-di-ricarica-per-batterie-matrice-300-bs60\\\/\"]}]},{\"@type\":\"ImageObject\",\"inLanguage\":\"it-IT\",\"@id\":\"https:\\\/\\\/iha-race.com\\\/it\\\/prodotto\\\/stazione-di-ricarica-per-batterie-matrice-300-bs60\\\/#primaryimage\",\"url\":\"https:\\\/\\\/iha-race.com\\\/wp-content\\\/uploads\\\/2022\\\/12\\\/Estacion-de-carga-de-baterias-de-Matrice-300-BS60.png\",\"contentUrl\":\"https:\\\/\\\/iha-race.com\\\/wp-content\\\/uploads\\\/2022\\\/12\\\/Estacion-de-carga-de-baterias-de-Matrice-300-BS60.png\",\"width\":1051,\"height\":794,\"caption\":\"Comprar Estaci\u00f3n de carga de bater\u00edas de Matrice 300 BS60\"},{\"@type\":\"BreadcrumbList\",\"@id\":\"https:\\\/\\\/iha-race.com\\\/it\\\/prodotto\\\/stazione-di-ricarica-per-batterie-matrice-300-bs60\\\/#breadcrumb\",\"itemListElement\":[{\"@type\":\"ListItem\",\"position\":1,\"name\":\"Portada\",\"item\":\"https:\\\/\\\/iha-race.com\\\/it\\\/\"},{\"@type\":\"ListItem\",\"position\":2,\"name\":\"Negozio\",\"item\":\"https:\\\/\\\/iha-race.com\\\/it\\\/negozio\\\/\"},{\"@type\":\"ListItem\",\"position\":3,\"name\":\"Stazione di ricarica per batterie Matrice 300 BS60\"}]},{\"@type\":\"WebSite\",\"@id\":\"https:\\\/\\\/iha-race.com\\\/it\\\/#website\",\"url\":\"https:\\\/\\\/iha-race.com\\\/it\\\/\",\"name\":\"Iha Race\",\"description\":\"Comprar drones de carreras FPV env\u00edos en un d\u00eda desde Espa\u00f1a\",\"publisher\":{\"@id\":\"https:\\\/\\\/iha-race.com\\\/it\\\/#organization\"},\"potentialAction\":[{\"@type\":\"SearchAction\",\"target\":{\"@type\":\"EntryPoint\",\"urlTemplate\":\"https:\\\/\\\/iha-race.com\\\/it\\\/?s={search_term_string}\"},\"query-input\":{\"@type\":\"PropertyValueSpecification\",\"valueRequired\":true,\"valueName\":\"search_term_string\"}}],\"inLanguage\":\"it-IT\"},{\"@type\":\"Organization\",\"@id\":\"https:\\\/\\\/iha-race.com\\\/it\\\/#organization\",\"name\":\"Iha Race\",\"url\":\"https:\\\/\\\/iha-race.com\\\/it\\\/\",\"logo\":{\"@type\":\"ImageObject\",\"inLanguage\":\"it-IT\",\"@id\":\"https:\\\/\\\/iha-race.com\\\/it\\\/#\\\/schema\\\/logo\\\/image\\\/\",\"url\":\"https:\\\/\\\/iha-race.com\\\/wp-content\\\/uploads\\\/2018\\\/07\\\/iha-race-drones-de-carreras-tienda-comprar-drones.png\",\"contentUrl\":\"https:\\\/\\\/iha-race.com\\\/wp-content\\\/uploads\\\/2018\\\/07\\\/iha-race-drones-de-carreras-tienda-comprar-drones.png\",\"width\":300,\"height\":100,\"caption\":\"Iha Race\"},\"image\":{\"@id\":\"https:\\\/\\\/iha-race.com\\\/it\\\/#\\\/schema\\\/logo\\\/image\\\/\"}}]}<\/script>\n<!-- \/ Yoast SEO plugin. -->","yoast_head_json":{"title":"Stazione di ricarica per batterie Matrice 300 BS60 - Iha Race","robots":{"index":"index","follow":"follow","max-snippet":"max-snippet:-1","max-image-preview":"max-image-preview:large","max-video-preview":"max-video-preview:-1"},"canonical":"https:\/\/iha-race.com\/it\/prodotto\/stazione-di-ricarica-per-batterie-matrice-300-bs60\/","og_locale":"it_IT","og_type":"article","og_title":"Stazione di ricarica per batterie Matrice 300 BS60 - Iha Race","og_description":"Stazione di ricarica per batterie Matrice 300 BS60 Descrizione generale La stazione per batterie BS60, portatile e facile da usare, pu\u00f2 essere utilizzata per caricare, conservare e trasportare le batterie.","og_url":"https:\/\/iha-race.com\/it\/prodotto\/stazione-di-ricarica-per-batterie-matrice-300-bs60\/","og_site_name":"Iha Race","article_modified_time":"2024-08-29T09:31:42+00:00","og_image":[{"width":1051,"height":794,"url":"https:\/\/iha-race.com\/wp-content\/uploads\/2022\/12\/Estacion-de-carga-de-baterias-de-Matrice-300-BS60.png","type":"image\/png"}],"twitter_card":"summary_large_image","twitter_misc":{"Tempo di lettura stimato":"1 minuto"},"schema":{"@context":"https:\/\/schema.org","@graph":[{"@type":"WebPage","@id":"https:\/\/iha-race.com\/it\/prodotto\/stazione-di-ricarica-per-batterie-matrice-300-bs60\/","url":"https:\/\/iha-race.com\/it\/prodotto\/stazione-di-ricarica-per-batterie-matrice-300-bs60\/","name":"Stazione di ricarica per batterie Matrice 300 BS60 - Iha Race","isPartOf":{"@id":"https:\/\/iha-race.com\/it\/#website"},"primaryImageOfPage":{"@id":"https:\/\/iha-race.com\/it\/prodotto\/stazione-di-ricarica-per-batterie-matrice-300-bs60\/#primaryimage"},"image":{"@id":"https:\/\/iha-race.com\/it\/prodotto\/stazione-di-ricarica-per-batterie-matrice-300-bs60\/#primaryimage"},"thumbnailUrl":"https:\/\/iha-race.com\/wp-content\/uploads\/2022\/12\/Estacion-de-carga-de-baterias-de-Matrice-300-BS60.png","datePublished":"2022-12-29T16:06:28+00:00","dateModified":"2024-08-29T09:31:42+00:00","breadcrumb":{"@id":"https:\/\/iha-race.com\/it\/prodotto\/stazione-di-ricarica-per-batterie-matrice-300-bs60\/#breadcrumb"},"inLanguage":"it-IT","potentialAction":[{"@type":"ReadAction","target":["https:\/\/iha-race.com\/it\/prodotto\/stazione-di-ricarica-per-batterie-matrice-300-bs60\/"]}]},{"@type":"ImageObject","inLanguage":"it-IT","@id":"https:\/\/iha-race.com\/it\/prodotto\/stazione-di-ricarica-per-batterie-matrice-300-bs60\/#primaryimage","url":"https:\/\/iha-race.com\/wp-content\/uploads\/2022\/12\/Estacion-de-carga-de-baterias-de-Matrice-300-BS60.png","contentUrl":"https:\/\/iha-race.com\/wp-content\/uploads\/2022\/12\/Estacion-de-carga-de-baterias-de-Matrice-300-BS60.png","width":1051,"height":794,"caption":"Comprar Estaci\u00f3n de carga de bater\u00edas de Matrice 300 BS60"},{"@type":"BreadcrumbList","@id":"https:\/\/iha-race.com\/it\/prodotto\/stazione-di-ricarica-per-batterie-matrice-300-bs60\/#breadcrumb","itemListElement":[{"@type":"ListItem","position":1,"name":"Portada","item":"https:\/\/iha-race.com\/it\/"},{"@type":"ListItem","position":2,"name":"Negozio","item":"https:\/\/iha-race.com\/it\/negozio\/"},{"@type":"ListItem","position":3,"name":"Stazione di ricarica per batterie Matrice 300 BS60"}]},{"@type":"WebSite","@id":"https:\/\/iha-race.com\/it\/#website","url":"https:\/\/iha-race.com\/it\/","name":"Iha Race","description":"Comprar drones de carreras FPV env\u00edos en un d\u00eda desde Espa\u00f1a","publisher":{"@id":"https:\/\/iha-race.com\/it\/#organization"},"potentialAction":[{"@type":"SearchAction","target":{"@type":"EntryPoint","urlTemplate":"https:\/\/iha-race.com\/it\/?s={search_term_string}"},"query-input":{"@type":"PropertyValueSpecification","valueRequired":true,"valueName":"search_term_string"}}],"inLanguage":"it-IT"},{"@type":"Organization","@id":"https:\/\/iha-race.com\/it\/#organization","name":"Iha Race","url":"https:\/\/iha-race.com\/it\/","logo":{"@type":"ImageObject","inLanguage":"it-IT","@id":"https:\/\/iha-race.com\/it\/#\/schema\/logo\/image\/","url":"https:\/\/iha-race.com\/wp-content\/uploads\/2018\/07\/iha-race-drones-de-carreras-tienda-comprar-drones.png","contentUrl":"https:\/\/iha-race.com\/wp-content\/uploads\/2018\/07\/iha-race-drones-de-carreras-tienda-comprar-drones.png","width":300,"height":100,"caption":"Iha Race"},"image":{"@id":"https:\/\/iha-race.com\/it\/#\/schema\/logo\/image\/"}}]}},"jetpack_sharing_enabled":true,"brands":[{"id":3567,"name":"DJI","slug":"dji"}],"_links":{"self":[{"href":"https:\/\/iha-race.com\/it\/wp-json\/wp\/v2\/product\/214455","targetHints":{"allow":["GET"]}}],"collection":[{"href":"https:\/\/iha-race.com\/it\/wp-json\/wp\/v2\/product"}],"about":[{"href":"https:\/\/iha-race.com\/it\/wp-json\/wp\/v2\/types\/product"}],"replies":[{"embeddable":true,"href":"https:\/\/iha-race.com\/it\/wp-json\/wp\/v2\/comments?post=214455"}],"version-history":[{"count":2,"href":"https:\/\/iha-race.com\/it\/wp-json\/wp\/v2\/product\/214455\/revisions"}],"predecessor-version":[{"id":248785,"href":"https:\/\/iha-race.com\/it\/wp-json\/wp\/v2\/product\/214455\/revisions\/248785"}],"wp:featuredmedia":[{"embeddable":true,"href":"https:\/\/iha-race.com\/it\/wp-json\/wp\/v2\/media\/214451"}],"wp:attachment":[{"href":"https:\/\/iha-race.com\/it\/wp-json\/wp\/v2\/media?parent=214455"}],"wp:term":[{"taxonomy":"pwb-brand","embeddable":true,"href":"https:\/\/iha-race.com\/it\/wp-json\/wp\/v2\/pwb-brand?post=214455"},{"taxonomy":"product_cat","embeddable":true,"href":"https:\/\/iha-race.com\/it\/wp-json\/wp\/v2\/product_cat?post=214455"},{"taxonomy":"product_tag","embeddable":true,"href":"https:\/\/iha-race.com\/it\/wp-json\/wp\/v2\/product_tag?post=214455"}],"curies":[{"name":"wp","href":"https:\/\/api.w.org\/{rel}","templated":true}]}}