{"id":214228,"date":"2022-12-28T17:38:33","date_gmt":"2022-12-28T16:38:33","guid":{"rendered":"https:\/\/iha-race.com\/producto\/pacchetto-mavic-3t-plus\/"},"modified":"2024-08-29T11:30:08","modified_gmt":"2024-08-29T09:30:08","slug":"pacchetto-basic-mavic-3t-2-anni-vecchio","status":"publish","type":"product","link":"https:\/\/iha-race.com\/it\/prodotto\/pacchetto-basic-mavic-3t-2-anni-vecchio\/","title":{"rendered":"Mavic 3T Basic Pack 2 anni"},"content":{"rendered":"<h2>Mavic 3T Basic Pack 2 anni<\/h2>\n<p>  Include 2 anni di Care Enterprise Basic  &nbsp;<\/p>\n<p><img decoding=\"async\" src=\"https:\/\/tienda.stockrc.com\/WebRoot\/StoreES2\/Shops\/eb0140\/MediaGallery\/DJI_Mavic_3_Enterprise\/Mavic3E_RollUp.jpg\" alt=\"Mavic3E_RollUp\"><\/p>\n<p>&nbsp;<\/p>\n<h3>La nuova serie DJI Mavic 3 Enterprise stabilisce lo standard definitivo per i droni commerciali portatili<\/h3>\n<p>&nbsp;<\/p>\n<h2>Vedere l&#8217;invisibile con il DJI Mavic 3T<\/h2>\n<p>  Progettato per rispondere alle esigenze particolari delle operazioni aeree di antincendio, ricerca e soccorso, ispezioni e missioni notturne, il DJI Mavic 3T ha la stessa telecamera per il telerilevamento del Mavic 3E, una fotocamera da 48 MP con un sensore CMOS da 1\/2&#8243;, oltre a una telecamera termica con un campo visivo di 61\u00b0 (DFOV) e una lunghezza focale equivalente a 40 mm con una risoluzione di 640 \u00d7 512 px. La termocamera del Mavic 3T supporta la misurazione della temperatura di punti e aree, gli avvisi di temperatura elevata, le tavolozze di colori e le isoterme per aiutare i professionisti a trovare i punti caldi e a prendere decisioni rapide. Con lo zoom simultaneo a schermo diviso, le fotocamere termiche e lo zoom del Mavic 3T supportano uno zoom digitale continuo da lato a lato di 28\u00d7 per facilitare i confronti.  &nbsp;<\/p>\n<p><img decoding=\"async\" src=\"https:\/\/tienda.stockrc.com\/WebRoot\/StoreES2\/Shops\/eb0140\/MediaGallery\/DJI_Mavic_3_Enterprise\/B0004077-1.jpg\" alt=\"B0004077-1\"><\/p>\n<p>&nbsp;<\/p>\n<h2>Sollevarsi con velocit\u00e0 con il DJI Mavic 3E<\/h2>\n<p>  La straordinaria combinazione di funzioni del DJI Mavic 3E consente di effettuare missioni di mappatura e rilievo altamente efficienti senza la necessit\u00e0 di punti di controllo a terra. Integra una fotocamera grandangolare da 20 MP con un sensore CMOS 4\/3 con grandi pixel da 3,3\u03bcm che, insieme alla modalit\u00e0 Intelligent Low Light, offre prestazioni notevolmente migliorate in condizioni di scarsa illuminazione. La sua potente fotocamera con zoom ibrido fino a 56x ha una lunghezza focale equivalente di 162 mm per immagini da 12 MP. L&#8217;otturatore meccanico impedisce l&#8217;effetto mosso e consente di scattare velocemente a intervalli di 0,7 secondi.  <\/p>\n<h2><\/h2>\n<h2>Trasmissione di immagini di nuova generazione<\/h2>\n<p>  Con un raggio di controllo massimo di 15 km, la trasmissione DJI O3 Enterprise consente ai droni Mavic 3 Enterprise di volare pi\u00f9 lontano e di trasmettere segnali con maggiore stabilit\u00e0, offrendo ai piloti una maggiore tranquillit\u00e0 durante il volo. Fornisce streaming live ad alta velocit\u00e0 a 1080p\/30fps. La distanza di trasmissione \u00e8 un indicatore della potenza del segnale; vola sempre in conformit\u00e0 con le leggi e i regolamenti locali, compreso il volo del drone entro la linea di vista dell&#8217;operatore, se non diversamente autorizzato.  <\/p>\n<h2><\/h2>\n<h2>Voli spensierati con una maggiore sicurezza di volo<\/h2>\n<p>  DJI ha sempre guidato l&#8217;industria dei droni nello sviluppo di funzioni di sicurezza innovative e la serie Mavic 3 Enterprise continua questa tradizione con sistemi di rilevamento degli ostacoli e di navigazione migliorati per dare ai piloti di droni la guida di cui hanno bisogno per stare al sicuro. I droni della serie Mavic 3 Enterprise includono DJI AirSense, che riceve i segnali ADS-B dagli aerei tradizionali presenti nell&#8217;area per avvisare i piloti di droni dell&#8217;esistenza di altro traffico aereo nelle vicinanze. Il nuovo sistema potenziato DJI APAS 5.0 per il rilevamento degli ostacoli senza angoli morti \u00e8 supportato da sei sensori fisheye omnidirezionali.  <\/p>\n<h2><\/h2>\n<p><img decoding=\"async\" src=\"https:\/\/tienda.stockrc.com\/WebRoot\/StoreES2\/Shops\/eb0140\/MediaGallery\/DJI_Mavic_3_Enterprise\/B0002812-1-0726.jpg\" alt=\"B0002812-1-0726\"><\/p>\n<p>&nbsp;<\/p>\n<h2>Un nuovo kit di strumenti per i professionisti<\/h2>\n<p>  La serie Mavic 3 Enterprise \u00e8 dotata di nuovi strumenti che combinano accessori e software per missioni professionali. Il <u>DJI RC Pro<\/u> Enterprise \u00e8 un controller remoto professionale con un display ad alta luminosit\u00e0 da 1.000 nit per una chiara visibilit\u00e0 alla luce del sole e un microfono incorporato per una comunicazione chiara. Il <u>modulo RTK<\/u> consente ai professionisti del rilievo di ottenere una precisione centimetrica grazie al supporto di Network RTK, servizi RTK di rete personalizzati e <u>D-RTK 2 Mobile Station.<\/u> La <u>D-RTK 2 Mobile Station<\/u> \u00e8 il ricevitore GNSS ad alta precisione di DJI che supporta tutti i principali sistemi di navigazione satellitare globali e fornisce correzioni differenziali in tempo reale.<br \/>\nCollegando il <u>vivavoce<\/u><br \/>\nIl D-RTK 2 \u00e8 un ricevitore GNSS ad alta precisione che supporta i principali sistemi di navigazione satellitare globali e fornisce correzioni differenziali in tempo reale.   &nbsp;<\/p>\n<h2>Pacchetto software completo<\/h2>\n<p><strong>I droni della serie Mavic 3 Enterprise sono al centro di un ecosistema software avanzato e in crescita per le operazioni con i droni, che consente alle piattaforme aeree di raggiungere il loro pieno potenziale come strumenti per la raccolta di dati, la mappatura, la gestione della flotta e le operazioni di volo.<\/strong><\/p>\n<p><u>DJI Pilot 2  <\/u>\u00e8 la rinnovata interfaccia di volo progettata per migliorare l&#8217;efficienza del pilota e la sicurezza del volo. I comandi del drone e del carico utile sono facilmente accessibili con un solo tocco. Gli utenti possono accedere all&#8217;hardware dei droni, allo streaming video in diretta e ai dati fotografici.  <u>DJI FlightHub 2<\/u>il software di gestione delle operazioni per flotte di droni basato sul cloud, permette agli operatori di droni di gestire in modo efficiente le operazioni di volo con la pianificazione delle rotte e la gestione delle missioni.  <u>DJI Terra<\/u>  \u00e8 il software di mappatura completo per tutte le fasi di lavoro, dalla pianificazione della missione all&#8217;elaborazione dei modelli 2D e 3D.  <u>Strumento di analisi termica DJI 3.0<\/u>  aiuta i professionisti ad analizzare, annotare ed elaborare le immagini catturate dal Mavic 3T utilizzando DTAT 3.0 per rilevare le anomalie di temperatura nelle loro ispezioni.  &nbsp;<\/p>\n<p><strong><img decoding=\"async\" src=\"https:\/\/tienda.stockrc.com\/WebRoot\/StoreES2\/Shops\/eb0140\/MediaGallery\/DJI_Mavic_3_Enterprise\/M3T_on_box_in_forest.jpg\" alt=\"M3T_on_box_in_foresta\"><\/strong><\/p>\n<h2><\/h2>\n<h2>Rispetto dei pi\u00f9 alti protocolli professionali di sicurezza dei dati<\/h2>\n<p>  I clienti di DJI Enterprise si aspettano i pi\u00f9 alti standard di sicurezza e privacy per i loro dati. La serie Mavic 3 Enterprise offre funzioni di sicurezza all&#8217;avanguardia per proteggere l&#8217;integrit\u00e0 di foto, video, registri di volo e altri dati generati durante i voli sensibili. Se attivata, la modalit\u00e0 Dati locali impedisce all&#8217;applicazione di controllo del volo DJI Pilot 2 di inviare o ricevere dati su Internet. Ci\u00f2 fornisce ulteriori garanzie di sicurezza agli operatori di voli che coinvolgono infrastrutture critiche, progetti governativi o altre missioni sensibili. Il collegamento radio tra il velivolo e il telecomando \u00e8 dotato di una robusta crittografia AES-256.  &nbsp;<\/p>\n<h2>DJI Care Enterprise e il programma di manutenzione DJI<\/h2>\n<p>  DJI Care Enterprise \u00e8 un piano di protezione completo che offre alla serie DJI Mavic 3 Enterprise una copertura per una serie di danni accidentali. DJI Care Enterprise Basic offre fino a tre sostituzioni a prezzi accessibili entro due anni (la durata dell&#8217;estensione varia a seconda della regione). Per ridurre i tempi di inattivit\u00e0 del progetto dovuti a incidenti, DJI Care Express pu\u00f2 fornire agli utenti un servizio di sostituzione rapida. DJI Care Enterprise Plus offre un numero illimitato di riparazioni gratuite entro il limite di copertura.  <\/p>\n<h2><\/h2>\n<h2><\/h2>\n<h2><img decoding=\"async\" src=\"https:\/\/tienda.stockrc.com\/WebRoot\/StoreES2\/Shops\/eb0140\/MediaGallery\/DJI_Mavic_3_Enterprise\/Mavic_3T_SKU_Universal_down.jpg\" alt=\"Mavic_3T_SKU_Universal_down\"><\/h2>\n","protected":false},"excerpt":{"rendered":"<p>Mavic 3T Basic Pack 2 anni Include 2 anni di Care Enterprise Basic &nbsp; &nbsp; La nuova serie DJI Mavic 3 Enterprise stabilisce lo standard definitivo per i droni commerciali<\/p>\n","protected":false},"featured_media":214182,"comment_status":"open","ping_status":"closed","template":"","meta":{"_joinchat":[]},"pwb-brand":[3567],"product_cat":[3331,3329],"product_tag":[],"class_list":{"0":"post-214228","1":"product","2":"type-product","3":"status-publish","4":"has-post-thumbnail","6":"pwb-brand-dji","7":"product_cat-azienda-dji","8":"product_cat-dji-it","10":"first","11":"instock","12":"taxable","13":"shipping-taxable","14":"purchasable","15":"product-type-simple"},"barcode":null,"atum_controlled":true,"out_stock_date":null,"out_stock_threshold":null,"inheritable":false,"stock_on_hold":0,"sold_today":0,"sales_last_days":0,"out_stock_days":0,"lost_sales":0,"update_date":"2026-04-16T22:22:49","atum_locations":[],"atum_stock_status":"instock","restock_status":false,"low_stock_amount":"","sales_update_date":"2026-04-16T22:22:49","calc_backorders":null,"yoast_head":"<!-- This site is optimized with the Yoast SEO plugin v27.3 - https:\/\/yoast.com\/product\/yoast-seo-wordpress\/ -->\n<title>Mavic 3T Basic Pack 2 anni - Iha Race<\/title>\n<meta name=\"robots\" content=\"index, follow, max-snippet:-1, max-image-preview:large, max-video-preview:-1\" \/>\n<link rel=\"canonical\" href=\"https:\/\/iha-race.com\/it\/prodotto\/pacchetto-basic-mavic-3t-2-anni-vecchio\/\" \/>\n<meta property=\"og:locale\" content=\"it_IT\" \/>\n<meta property=\"og:type\" content=\"article\" \/>\n<meta property=\"og:title\" content=\"Mavic 3T Basic Pack 2 anni - Iha Race\" \/>\n<meta property=\"og:description\" content=\"Mavic 3T Basic Pack 2 anni Include 2 anni di Care Enterprise Basic &nbsp; &nbsp; La nuova serie DJI Mavic 3 Enterprise stabilisce lo standard definitivo per i droni commerciali\" \/>\n<meta property=\"og:url\" content=\"https:\/\/iha-race.com\/it\/prodotto\/pacchetto-basic-mavic-3t-2-anni-vecchio\/\" \/>\n<meta property=\"og:site_name\" content=\"Iha Race\" \/>\n<meta property=\"article:modified_time\" content=\"2024-08-29T09:30:08+00:00\" \/>\n<meta property=\"og:image\" content=\"https:\/\/iha-race.com\/wp-content\/uploads\/2022\/12\/Mavic3TUgCS.png\" \/>\n\t<meta property=\"og:image:width\" content=\"1441\" \/>\n\t<meta property=\"og:image:height\" content=\"1080\" \/>\n\t<meta property=\"og:image:type\" content=\"image\/png\" \/>\n<meta name=\"twitter:card\" content=\"summary_large_image\" \/>\n<meta name=\"twitter:label1\" content=\"Tempo di lettura stimato\" \/>\n\t<meta name=\"twitter:data1\" content=\"5 minuti\" \/>\n<script type=\"application\/ld+json\" class=\"yoast-schema-graph\">{\"@context\":\"https:\\\/\\\/schema.org\",\"@graph\":[{\"@type\":\"WebPage\",\"@id\":\"https:\\\/\\\/iha-race.com\\\/it\\\/prodotto\\\/pacchetto-basic-mavic-3t-2-anni-vecchio\\\/\",\"url\":\"https:\\\/\\\/iha-race.com\\\/it\\\/prodotto\\\/pacchetto-basic-mavic-3t-2-anni-vecchio\\\/\",\"name\":\"Mavic 3T Basic Pack 2 anni - Iha Race\",\"isPartOf\":{\"@id\":\"https:\\\/\\\/iha-race.com\\\/it\\\/#website\"},\"primaryImageOfPage\":{\"@id\":\"https:\\\/\\\/iha-race.com\\\/it\\\/prodotto\\\/pacchetto-basic-mavic-3t-2-anni-vecchio\\\/#primaryimage\"},\"image\":{\"@id\":\"https:\\\/\\\/iha-race.com\\\/it\\\/prodotto\\\/pacchetto-basic-mavic-3t-2-anni-vecchio\\\/#primaryimage\"},\"thumbnailUrl\":\"https:\\\/\\\/iha-race.com\\\/wp-content\\\/uploads\\\/2022\\\/12\\\/Mavic3TUgCS.png\",\"datePublished\":\"2022-12-28T16:38:33+00:00\",\"dateModified\":\"2024-08-29T09:30:08+00:00\",\"breadcrumb\":{\"@id\":\"https:\\\/\\\/iha-race.com\\\/it\\\/prodotto\\\/pacchetto-basic-mavic-3t-2-anni-vecchio\\\/#breadcrumb\"},\"inLanguage\":\"it-IT\",\"potentialAction\":[{\"@type\":\"ReadAction\",\"target\":[\"https:\\\/\\\/iha-race.com\\\/it\\\/prodotto\\\/pacchetto-basic-mavic-3t-2-anni-vecchio\\\/\"]}]},{\"@type\":\"ImageObject\",\"inLanguage\":\"it-IT\",\"@id\":\"https:\\\/\\\/iha-race.com\\\/it\\\/prodotto\\\/pacchetto-basic-mavic-3t-2-anni-vecchio\\\/#primaryimage\",\"url\":\"https:\\\/\\\/iha-race.com\\\/wp-content\\\/uploads\\\/2022\\\/12\\\/Mavic3TUgCS.png\",\"contentUrl\":\"https:\\\/\\\/iha-race.com\\\/wp-content\\\/uploads\\\/2022\\\/12\\\/Mavic3TUgCS.png\",\"width\":1441,\"height\":1080,\"caption\":\"Comprar Pack Plus Mavic 3T\"},{\"@type\":\"BreadcrumbList\",\"@id\":\"https:\\\/\\\/iha-race.com\\\/it\\\/prodotto\\\/pacchetto-basic-mavic-3t-2-anni-vecchio\\\/#breadcrumb\",\"itemListElement\":[{\"@type\":\"ListItem\",\"position\":1,\"name\":\"Portada\",\"item\":\"https:\\\/\\\/iha-race.com\\\/it\\\/\"},{\"@type\":\"ListItem\",\"position\":2,\"name\":\"Negozio\",\"item\":\"https:\\\/\\\/iha-race.com\\\/it\\\/negozio\\\/\"},{\"@type\":\"ListItem\",\"position\":3,\"name\":\"Mavic 3T Basic Pack 2 anni\"}]},{\"@type\":\"WebSite\",\"@id\":\"https:\\\/\\\/iha-race.com\\\/it\\\/#website\",\"url\":\"https:\\\/\\\/iha-race.com\\\/it\\\/\",\"name\":\"Iha Race\",\"description\":\"Comprar drones de carreras FPV env\u00edos en un d\u00eda desde Espa\u00f1a\",\"publisher\":{\"@id\":\"https:\\\/\\\/iha-race.com\\\/it\\\/#organization\"},\"potentialAction\":[{\"@type\":\"SearchAction\",\"target\":{\"@type\":\"EntryPoint\",\"urlTemplate\":\"https:\\\/\\\/iha-race.com\\\/it\\\/?s={search_term_string}\"},\"query-input\":{\"@type\":\"PropertyValueSpecification\",\"valueRequired\":true,\"valueName\":\"search_term_string\"}}],\"inLanguage\":\"it-IT\"},{\"@type\":\"Organization\",\"@id\":\"https:\\\/\\\/iha-race.com\\\/it\\\/#organization\",\"name\":\"Iha Race\",\"url\":\"https:\\\/\\\/iha-race.com\\\/it\\\/\",\"logo\":{\"@type\":\"ImageObject\",\"inLanguage\":\"it-IT\",\"@id\":\"https:\\\/\\\/iha-race.com\\\/it\\\/#\\\/schema\\\/logo\\\/image\\\/\",\"url\":\"https:\\\/\\\/iha-race.com\\\/wp-content\\\/uploads\\\/2018\\\/07\\\/iha-race-drones-de-carreras-tienda-comprar-drones.png\",\"contentUrl\":\"https:\\\/\\\/iha-race.com\\\/wp-content\\\/uploads\\\/2018\\\/07\\\/iha-race-drones-de-carreras-tienda-comprar-drones.png\",\"width\":300,\"height\":100,\"caption\":\"Iha Race\"},\"image\":{\"@id\":\"https:\\\/\\\/iha-race.com\\\/it\\\/#\\\/schema\\\/logo\\\/image\\\/\"}}]}<\/script>\n<!-- \/ Yoast SEO plugin. -->","yoast_head_json":{"title":"Mavic 3T Basic Pack 2 anni - Iha Race","robots":{"index":"index","follow":"follow","max-snippet":"max-snippet:-1","max-image-preview":"max-image-preview:large","max-video-preview":"max-video-preview:-1"},"canonical":"https:\/\/iha-race.com\/it\/prodotto\/pacchetto-basic-mavic-3t-2-anni-vecchio\/","og_locale":"it_IT","og_type":"article","og_title":"Mavic 3T Basic Pack 2 anni - Iha Race","og_description":"Mavic 3T Basic Pack 2 anni Include 2 anni di Care Enterprise Basic &nbsp; &nbsp; La nuova serie DJI Mavic 3 Enterprise stabilisce lo standard definitivo per i droni commerciali","og_url":"https:\/\/iha-race.com\/it\/prodotto\/pacchetto-basic-mavic-3t-2-anni-vecchio\/","og_site_name":"Iha Race","article_modified_time":"2024-08-29T09:30:08+00:00","og_image":[{"width":1441,"height":1080,"url":"https:\/\/iha-race.com\/wp-content\/uploads\/2022\/12\/Mavic3TUgCS.png","type":"image\/png"}],"twitter_card":"summary_large_image","twitter_misc":{"Tempo di lettura stimato":"5 minuti"},"schema":{"@context":"https:\/\/schema.org","@graph":[{"@type":"WebPage","@id":"https:\/\/iha-race.com\/it\/prodotto\/pacchetto-basic-mavic-3t-2-anni-vecchio\/","url":"https:\/\/iha-race.com\/it\/prodotto\/pacchetto-basic-mavic-3t-2-anni-vecchio\/","name":"Mavic 3T Basic Pack 2 anni - Iha Race","isPartOf":{"@id":"https:\/\/iha-race.com\/it\/#website"},"primaryImageOfPage":{"@id":"https:\/\/iha-race.com\/it\/prodotto\/pacchetto-basic-mavic-3t-2-anni-vecchio\/#primaryimage"},"image":{"@id":"https:\/\/iha-race.com\/it\/prodotto\/pacchetto-basic-mavic-3t-2-anni-vecchio\/#primaryimage"},"thumbnailUrl":"https:\/\/iha-race.com\/wp-content\/uploads\/2022\/12\/Mavic3TUgCS.png","datePublished":"2022-12-28T16:38:33+00:00","dateModified":"2024-08-29T09:30:08+00:00","breadcrumb":{"@id":"https:\/\/iha-race.com\/it\/prodotto\/pacchetto-basic-mavic-3t-2-anni-vecchio\/#breadcrumb"},"inLanguage":"it-IT","potentialAction":[{"@type":"ReadAction","target":["https:\/\/iha-race.com\/it\/prodotto\/pacchetto-basic-mavic-3t-2-anni-vecchio\/"]}]},{"@type":"ImageObject","inLanguage":"it-IT","@id":"https:\/\/iha-race.com\/it\/prodotto\/pacchetto-basic-mavic-3t-2-anni-vecchio\/#primaryimage","url":"https:\/\/iha-race.com\/wp-content\/uploads\/2022\/12\/Mavic3TUgCS.png","contentUrl":"https:\/\/iha-race.com\/wp-content\/uploads\/2022\/12\/Mavic3TUgCS.png","width":1441,"height":1080,"caption":"Comprar Pack Plus Mavic 3T"},{"@type":"BreadcrumbList","@id":"https:\/\/iha-race.com\/it\/prodotto\/pacchetto-basic-mavic-3t-2-anni-vecchio\/#breadcrumb","itemListElement":[{"@type":"ListItem","position":1,"name":"Portada","item":"https:\/\/iha-race.com\/it\/"},{"@type":"ListItem","position":2,"name":"Negozio","item":"https:\/\/iha-race.com\/it\/negozio\/"},{"@type":"ListItem","position":3,"name":"Mavic 3T Basic Pack 2 anni"}]},{"@type":"WebSite","@id":"https:\/\/iha-race.com\/it\/#website","url":"https:\/\/iha-race.com\/it\/","name":"Iha Race","description":"Comprar drones de carreras FPV env\u00edos en un d\u00eda desde Espa\u00f1a","publisher":{"@id":"https:\/\/iha-race.com\/it\/#organization"},"potentialAction":[{"@type":"SearchAction","target":{"@type":"EntryPoint","urlTemplate":"https:\/\/iha-race.com\/it\/?s={search_term_string}"},"query-input":{"@type":"PropertyValueSpecification","valueRequired":true,"valueName":"search_term_string"}}],"inLanguage":"it-IT"},{"@type":"Organization","@id":"https:\/\/iha-race.com\/it\/#organization","name":"Iha Race","url":"https:\/\/iha-race.com\/it\/","logo":{"@type":"ImageObject","inLanguage":"it-IT","@id":"https:\/\/iha-race.com\/it\/#\/schema\/logo\/image\/","url":"https:\/\/iha-race.com\/wp-content\/uploads\/2018\/07\/iha-race-drones-de-carreras-tienda-comprar-drones.png","contentUrl":"https:\/\/iha-race.com\/wp-content\/uploads\/2018\/07\/iha-race-drones-de-carreras-tienda-comprar-drones.png","width":300,"height":100,"caption":"Iha Race"},"image":{"@id":"https:\/\/iha-race.com\/it\/#\/schema\/logo\/image\/"}}]}},"brands":[{"id":3567,"name":"DJI","slug":"dji"}],"_links":{"self":[{"href":"https:\/\/iha-race.com\/it\/wp-json\/wp\/v2\/product\/214228","targetHints":{"allow":["GET"]}}],"collection":[{"href":"https:\/\/iha-race.com\/it\/wp-json\/wp\/v2\/product"}],"about":[{"href":"https:\/\/iha-race.com\/it\/wp-json\/wp\/v2\/types\/product"}],"replies":[{"embeddable":true,"href":"https:\/\/iha-race.com\/it\/wp-json\/wp\/v2\/comments?post=214228"}],"version-history":[{"count":4,"href":"https:\/\/iha-race.com\/it\/wp-json\/wp\/v2\/product\/214228\/revisions"}],"predecessor-version":[{"id":248735,"href":"https:\/\/iha-race.com\/it\/wp-json\/wp\/v2\/product\/214228\/revisions\/248735"}],"wp:featuredmedia":[{"embeddable":true,"href":"https:\/\/iha-race.com\/it\/wp-json\/wp\/v2\/media\/214182"}],"wp:attachment":[{"href":"https:\/\/iha-race.com\/it\/wp-json\/wp\/v2\/media?parent=214228"}],"wp:term":[{"taxonomy":"pwb-brand","embeddable":true,"href":"https:\/\/iha-race.com\/it\/wp-json\/wp\/v2\/pwb-brand?post=214228"},{"taxonomy":"product_cat","embeddable":true,"href":"https:\/\/iha-race.com\/it\/wp-json\/wp\/v2\/product_cat?post=214228"},{"taxonomy":"product_tag","embeddable":true,"href":"https:\/\/iha-race.com\/it\/wp-json\/wp\/v2\/product_tag?post=214228"}],"curies":[{"name":"wp","href":"https:\/\/api.w.org\/{rel}","templated":true}]}}