{"id":213090,"date":"2022-11-25T09:40:49","date_gmt":"2022-11-25T08:40:49","guid":{"rendered":"https:\/\/iha-race.com\/producto\/runcam-link-wasp\/"},"modified":"2026-01-22T23:53:53","modified_gmt":"2026-01-22T22:53:53","slug":"runcam-link-wasp","status":"publish","type":"product","link":"https:\/\/iha-race.com\/it\/prodotto\/runcam-link-wasp\/","title":{"rendered":"RunCam Link Wasp"},"content":{"rendered":"<h2>RunCam Link Wasp<\/h2>\n<div class=\"Section\">\n<div class=\"Zone MobileZone1 manual\">\n<div class=\"WASP Common ProductFont\">\n<div class=\"Section Section1\"><img decoding=\"async\" class=\"BigImage\" title=\"RunCam WASP\" src=\"https:\/\/store-m8o52p.mybigcommerce.com\/product_images\/img_RunCam_Link_Wasp\/RUNCAM-LINK-WASP-01.jpg\" alt=\"RunCam WASP\"><\/div>\n<div class=\"Section Section2\">\n<div class=\"position-absolute\">\n<div class=\"title\"><span>MICROCAMERA RUNCAM VESPA<\/span><\/div>\n<\/div>\n<p><img decoding=\"async\" class=\"BigImage\" title=\"RunCam WASP\" src=\"https:\/\/store-m8o52p.mybigcommerce.com\/product_images\/img_RunCam_Link_Wasp\/RUNCAM-LINK-WASP-02.jpg\" alt=\"RunCam WASP\"><\/div>\n<div class=\"Section Section3\">\n<div class=\"position-absolute\">\n<h3 class=\"title\"><span>FOV DI 155\u00b0 ESTESO RISPETTO A <\/span><span>CON LE GENERAZIONI PRECEDENTI<\/span><\/h3>\n<\/div>\n<p><img decoding=\"async\" class=\"BigImage\" title=\"RunCam WASP\" src=\"https:\/\/store-m8o52p.mybigcommerce.com\/product_images\/img_RunCam_Link_Wasp\/RUNCAM-LINK-WASP-03.jpg\" alt=\"RunCam WASP\"><\/div>\n<div class=\"Section Section4\">\n<div class=\"position-absolute\">\n<h3 class=\"title\"><span>FINO A 8 CANALI PER 8 DRONI<\/span><\/h3>\n<h4 class=\"text\"><span>Il sistema di trasmissione HD dell&#8217;unit\u00e0 aerea FPV pu\u00f2 far volare fino a otto droni.  <\/span><span>contemporaneamente. Ogni operatore ha un canale dedicato per ridurre<\/span><span>interferenze incrociate e fornire un&#8217;esperienza immersiva ottimale.<\/span><\/h4>\n<\/div>\n<p><img decoding=\"async\" class=\"BigImage\" title=\"RunCam WASP\" src=\"https:\/\/store-m8o52p.mybigcommerce.com\/product_images\/img_RunCam_Link_Wasp\/RUNCAM-LINK-WASP-04.jpg\" alt=\"RunCam WASP\"><\/div>\n<div class=\"Section Section5\">\n<div class=\"position-absolute\">\n<h3 class=\"title\"><span>TELECOMANDO DJI FPV <\/span><span>COMPATIBILE<\/span><\/h3>\n<h4 class=\"text\"><span>Gli utenti possono collegare il proprio controller remoto DJI FPV senza bisogno di  <\/span><span>di dover acquistare altri ricevitori. Questo riduce i costi  <\/span><span>ed \u00e8 facile da configurare per ogni pilota.<\/span><\/h4>\n<\/div>\n<p><img decoding=\"async\" class=\"BigImage\" title=\"RunCam WASP\" src=\"https:\/\/store-m8o52p.mybigcommerce.com\/product_images\/img_RunCam_Link_Wasp\/RUNCAM-LINK-WASP-05.jpg\" alt=\"RunCam WASP\"><\/div>\n<div class=\"Section Section6\">\n<div class=\"position-absolute\"><\/div>\n<p><img decoding=\"async\" class=\"BigImage\" title=\"RunCam WASP\" src=\"https:\/\/store-m8o52p.mybigcommerce.com\/product_images\/img_RunCam_Link_Wasp\/RUNCAM-LINK-WASP-06.jpg\" alt=\"RunCam WASP\"><\/div>\n<div class=\"Section Section6\">\n<div class=\"position-absolute\"><\/div>\n<p><img decoding=\"async\" class=\"BigImage\" title=\"RunCam WASP\" src=\"https:\/\/store-m8o52p.mybigcommerce.com\/product_images\/img_RunCam_Link_Wasp\/RUNCAM-LINK-WASP-06-7.jpg\" alt=\"RunCam WASP\"><\/div>\n<div class=\"Section Section6\">\n<div class=\"position-absolute\"><\/div>\n<p><img decoding=\"async\" class=\"BigImage\" title=\"RunCam WASP\" src=\"https:\/\/store-m8o52p.mybigcommerce.com\/product_images\/img_RunCam_Link_Wasp\/RUNCAM-LINK-WASP_07.jpg\" alt=\"RunCam WASP\"><\/div>\n<div class=\"Section Section6\">\n<div class=\"position-absolute\"><\/div>\n<p><img decoding=\"async\" class=\"BigImage\" title=\"RunCam WASP\" src=\"https:\/\/store-m8o52p.mybigcommerce.com\/product_images\/img_RunCam_Link_Wasp\/RUNCAM-LINK-WASP-008.jpg\" alt=\"RunCam WASP\"><\/div>\n<\/div>\n<div class=\"Section\">\n<div class=\"Zone MobileZone2\">\n<h6 class=\"MicroSwift2PackageTitle\"><span>Specifiche tecniche<\/span><\/h6>\n<table border=\"0\" cellspacing=\"0\">\n<tbody>\n<tr>\n<td width=\"30%\"><span>NOME DEL PRODOTTO<\/span><\/td>\n<td width=\"70%\"><span>RunCam Wasp<\/span><\/td>\n<\/tr>\n<tr>\n<td><span>Sensore di immagine<\/span><\/td>\n<td><span>1\/3&#8243;<\/span><\/td>\n<\/tr>\n<tr>\n<td><span>LENTE<\/span><\/td>\n<td><span>Campo visivo D: 155\u00b0 H: 125\u00b0 V: 96\u00b0 D: 155\u00b0 H: 125\u00b0 V: 96\u00b0 V: 96<\/span><\/td>\n<\/tr>\n<tr>\n<td><span>Cavo coassiale<\/span><\/td>\n<td><span>120 mm<\/span><\/td>\n<\/tr>\n<tr>\n<td><span>Dimensioni<\/span><\/td>\n<td><span>L19mm*L19mm*H19mm<\/span><\/td>\n<\/tr>\n<tr>\n<td><span>Tapparella<\/span><\/td>\n<td><span>Tapparella<\/span><\/td>\n<\/tr>\n<tr>\n<td><span>Peso netto<\/span><\/td>\n<td><span>7,5 g (con cavo)<\/span><\/td>\n<\/tr>\n<tr>\n<td><span>Risoluzione<\/span><\/td>\n<td><span>720P@120fps(4:3)<\/span><\/td>\n<\/tr>\n<\/tbody>\n<\/table>\n<table border=\"0\" cellspacing=\"0\">\n<tbody>\n<tr>\n<td width=\"30%\"><span>Nome del prodotto<\/span><\/td>\n<td width=\"70%\"><span>RunCam Link<\/span><\/td>\n<\/tr>\n<tr>\n<td><span>Frequenza<\/span><\/td>\n<td><span>5,725-5,850 GHz<\/span><\/td>\n<\/tr>\n<tr>\n<td><span>max. Distanza<\/span><\/td>\n<td><span>FCC\/SRRC:&lt;4 km<\/span><\/td>\n<\/tr>\n<tr>\n<td><span>Potenza<\/span><\/td>\n<td><span>7,4-26,4 V@ 4-9W<\/span><\/td>\n<\/tr>\n<tr>\n<td><span>Dimensioni<\/span><\/td>\n<td><span>L29mm*L29mm*H13mm<\/span><\/td>\n<\/tr>\n<tr>\n<td><span>Peso netto<\/span><\/td>\n<td><span>19,5g<\/span><\/td>\n<\/tr>\n<\/tbody>\n<\/table>\n<table border=\"0\" cellspacing=\"0\">\n<tbody>\n<tr>\n<td width=\"30%\"><span>NOME DEL PRODOTTO<\/span><\/td>\n<td width=\"70%\"><span>UNIT\u00c0 DJI AIR<\/span><\/td>\n<\/tr>\n<tr>\n<td><span>Frequenza<\/span><\/td>\n<td><span>5,725-5,850 GHz<\/span><\/td>\n<\/tr>\n<tr>\n<td><span>max. Distanza<\/span><\/td>\n<td><span>FCC\/SRRC:&lt;4 km<\/span><\/td>\n<\/tr>\n<tr>\n<td><span>Potenza<\/span><\/td>\n<td><span>7,4-17,6V a 4-9W<\/span><\/td>\n<\/tr>\n<tr>\n<td><span>Dimensioni<\/span><\/td>\n<td><span>44*37,8*14,4mm<\/span><\/td>\n<\/tr>\n<tr>\n<td><span>Peso netto<\/span><\/td>\n<td><span>33g<\/span><\/td>\n<\/tr>\n<\/tbody>\n<\/table>\n<\/div>\n<\/div>\n<div class=\"Section\">\n<div class=\"Zone MobileZone1 manual\">\n<p><span>Manuale<\/span><a href=\"https:\/\/store-m8o52p.mybigcommerce.com\/product_images\/img_RunCam_Link_Wasp\/RunCam-Wasp-manual_EN.pdf\" target=\"_blank\" rel=\"noopener\"><img decoding=\"async\" src=\"https:\/\/store-m8o52p.mybigcommerce.com\/product_images\/img_hybrid\/PDF_icon.jpg\" alt=\"Manuale d'uso\"><span>Inglese<\/span><\/a> <a href=\"https:\/\/store-m8o52p.mybigcommerce.com\/product_images\/img_RunCam_Link_Wasp\/RunCam-Wasp-manual_CN.pdf\" target=\"_blank\" rel=\"noopener\"><\/p>\n<p><\/a><\/div>\n<\/div>\n<\/div>\n<\/div>\n","protected":false},"excerpt":{"rendered":"<p>RunCam Link Wasp MICROCAMERA RUNCAM VESPA FOV DI 155\u00b0 ESTESO RISPETTO A CON LE GENERAZIONI PRECEDENTI FINO A 8 CANALI PER 8 DRONI Il sistema di trasmissione HD dell&#8217;unit\u00e0 aerea<\/p>\n","protected":false},"featured_media":213070,"comment_status":"open","ping_status":"closed","template":"","meta":{"_joinchat":[]},"pwb-brand":[],"product_cat":[2417,1017],"product_tag":[],"class_list":{"0":"post-213090","1":"product","2":"type-product","3":"status-publish","4":"has-post-thumbnail","6":"product_cat-runcam","7":"product_cat-sistemas-digitales","9":"first","10":"instock","11":"taxable","12":"shipping-taxable","13":"purchasable","14":"product-type-simple"},"barcode":null,"atum_controlled":true,"out_stock_date":null,"out_stock_threshold":null,"inheritable":false,"stock_on_hold":0,"sold_today":0,"sales_last_days":0,"out_stock_days":0,"lost_sales":0,"update_date":"2026-04-16T22:22:49","atum_locations":[],"atum_stock_status":"instock","restock_status":false,"low_stock_amount":"","sales_update_date":"2026-04-16T22:22:49","calc_backorders":null,"yoast_head":"<!-- This site is optimized with the Yoast SEO plugin v27.3 - https:\/\/yoast.com\/product\/yoast-seo-wordpress\/ -->\n<title>RunCam Link Wasp - Iha Race<\/title>\n<meta name=\"robots\" content=\"index, follow, max-snippet:-1, max-image-preview:large, max-video-preview:-1\" \/>\n<link rel=\"canonical\" href=\"https:\/\/iha-race.com\/it\/prodotto\/runcam-link-wasp\/\" \/>\n<meta property=\"og:locale\" content=\"it_IT\" \/>\n<meta property=\"og:type\" content=\"article\" \/>\n<meta property=\"og:title\" content=\"RunCam Link Wasp - Iha Race\" \/>\n<meta property=\"og:description\" content=\"RunCam Link Wasp MICROCAMERA RUNCAM VESPA FOV DI 155\u00b0 ESTESO RISPETTO A CON LE GENERAZIONI PRECEDENTI FINO A 8 CANALI PER 8 DRONI Il sistema di trasmissione HD dell&#8217;unit\u00e0 aerea\" \/>\n<meta property=\"og:url\" content=\"https:\/\/iha-race.com\/it\/prodotto\/runcam-link-wasp\/\" \/>\n<meta property=\"og:site_name\" content=\"Iha Race\" \/>\n<meta property=\"article:modified_time\" content=\"2026-01-22T22:53:53+00:00\" \/>\n<meta property=\"og:image\" content=\"https:\/\/iha-race.com\/wp-content\/uploads\/2022\/11\/1415_zoom_1664422234.jpeg\" \/>\n\t<meta property=\"og:image:width\" content=\"1000\" \/>\n\t<meta property=\"og:image:height\" content=\"1000\" \/>\n\t<meta property=\"og:image:type\" content=\"image\/jpeg\" \/>\n<meta name=\"twitter:card\" content=\"summary_large_image\" \/>\n<meta name=\"twitter:label1\" content=\"Tempo di lettura stimato\" \/>\n\t<meta name=\"twitter:data1\" content=\"1 minuto\" \/>\n<script type=\"application\/ld+json\" class=\"yoast-schema-graph\">{\"@context\":\"https:\\\/\\\/schema.org\",\"@graph\":[{\"@type\":\"WebPage\",\"@id\":\"https:\\\/\\\/iha-race.com\\\/it\\\/prodotto\\\/runcam-link-wasp\\\/\",\"url\":\"https:\\\/\\\/iha-race.com\\\/it\\\/prodotto\\\/runcam-link-wasp\\\/\",\"name\":\"RunCam Link Wasp - Iha Race\",\"isPartOf\":{\"@id\":\"https:\\\/\\\/iha-race.com\\\/it\\\/#website\"},\"primaryImageOfPage\":{\"@id\":\"https:\\\/\\\/iha-race.com\\\/it\\\/prodotto\\\/runcam-link-wasp\\\/#primaryimage\"},\"image\":{\"@id\":\"https:\\\/\\\/iha-race.com\\\/it\\\/prodotto\\\/runcam-link-wasp\\\/#primaryimage\"},\"thumbnailUrl\":\"https:\\\/\\\/iha-race.com\\\/wp-content\\\/uploads\\\/2022\\\/11\\\/1415_zoom_1664422234.jpeg\",\"datePublished\":\"2022-11-25T08:40:49+00:00\",\"dateModified\":\"2026-01-22T22:53:53+00:00\",\"breadcrumb\":{\"@id\":\"https:\\\/\\\/iha-race.com\\\/it\\\/prodotto\\\/runcam-link-wasp\\\/#breadcrumb\"},\"inLanguage\":\"it-IT\",\"potentialAction\":[{\"@type\":\"ReadAction\",\"target\":[\"https:\\\/\\\/iha-race.com\\\/it\\\/prodotto\\\/runcam-link-wasp\\\/\"]}]},{\"@type\":\"ImageObject\",\"inLanguage\":\"it-IT\",\"@id\":\"https:\\\/\\\/iha-race.com\\\/it\\\/prodotto\\\/runcam-link-wasp\\\/#primaryimage\",\"url\":\"https:\\\/\\\/iha-race.com\\\/wp-content\\\/uploads\\\/2022\\\/11\\\/1415_zoom_1664422234.jpeg\",\"contentUrl\":\"https:\\\/\\\/iha-race.com\\\/wp-content\\\/uploads\\\/2022\\\/11\\\/1415_zoom_1664422234.jpeg\",\"width\":1000,\"height\":1000,\"caption\":\"Comprar RunCam Link Wasp\"},{\"@type\":\"BreadcrumbList\",\"@id\":\"https:\\\/\\\/iha-race.com\\\/it\\\/prodotto\\\/runcam-link-wasp\\\/#breadcrumb\",\"itemListElement\":[{\"@type\":\"ListItem\",\"position\":1,\"name\":\"Portada\",\"item\":\"https:\\\/\\\/iha-race.com\\\/it\\\/\"},{\"@type\":\"ListItem\",\"position\":2,\"name\":\"Negozio\",\"item\":\"https:\\\/\\\/iha-race.com\\\/it\\\/negozio\\\/\"},{\"@type\":\"ListItem\",\"position\":3,\"name\":\"RunCam Link Wasp\"}]},{\"@type\":\"WebSite\",\"@id\":\"https:\\\/\\\/iha-race.com\\\/it\\\/#website\",\"url\":\"https:\\\/\\\/iha-race.com\\\/it\\\/\",\"name\":\"Iha Race\",\"description\":\"Comprar drones de carreras FPV env\u00edos en un d\u00eda desde Espa\u00f1a\",\"publisher\":{\"@id\":\"https:\\\/\\\/iha-race.com\\\/it\\\/#organization\"},\"potentialAction\":[{\"@type\":\"SearchAction\",\"target\":{\"@type\":\"EntryPoint\",\"urlTemplate\":\"https:\\\/\\\/iha-race.com\\\/it\\\/?s={search_term_string}\"},\"query-input\":{\"@type\":\"PropertyValueSpecification\",\"valueRequired\":true,\"valueName\":\"search_term_string\"}}],\"inLanguage\":\"it-IT\"},{\"@type\":\"Organization\",\"@id\":\"https:\\\/\\\/iha-race.com\\\/it\\\/#organization\",\"name\":\"Iha Race\",\"url\":\"https:\\\/\\\/iha-race.com\\\/it\\\/\",\"logo\":{\"@type\":\"ImageObject\",\"inLanguage\":\"it-IT\",\"@id\":\"https:\\\/\\\/iha-race.com\\\/it\\\/#\\\/schema\\\/logo\\\/image\\\/\",\"url\":\"https:\\\/\\\/iha-race.com\\\/wp-content\\\/uploads\\\/2018\\\/07\\\/iha-race-drones-de-carreras-tienda-comprar-drones.png\",\"contentUrl\":\"https:\\\/\\\/iha-race.com\\\/wp-content\\\/uploads\\\/2018\\\/07\\\/iha-race-drones-de-carreras-tienda-comprar-drones.png\",\"width\":300,\"height\":100,\"caption\":\"Iha Race\"},\"image\":{\"@id\":\"https:\\\/\\\/iha-race.com\\\/it\\\/#\\\/schema\\\/logo\\\/image\\\/\"}}]}<\/script>\n<!-- \/ Yoast SEO plugin. -->","yoast_head_json":{"title":"RunCam Link Wasp - Iha Race","robots":{"index":"index","follow":"follow","max-snippet":"max-snippet:-1","max-image-preview":"max-image-preview:large","max-video-preview":"max-video-preview:-1"},"canonical":"https:\/\/iha-race.com\/it\/prodotto\/runcam-link-wasp\/","og_locale":"it_IT","og_type":"article","og_title":"RunCam Link Wasp - Iha Race","og_description":"RunCam Link Wasp MICROCAMERA RUNCAM VESPA FOV DI 155\u00b0 ESTESO RISPETTO A CON LE GENERAZIONI PRECEDENTI FINO A 8 CANALI PER 8 DRONI Il sistema di trasmissione HD dell&#8217;unit\u00e0 aerea","og_url":"https:\/\/iha-race.com\/it\/prodotto\/runcam-link-wasp\/","og_site_name":"Iha Race","article_modified_time":"2026-01-22T22:53:53+00:00","og_image":[{"width":1000,"height":1000,"url":"https:\/\/iha-race.com\/wp-content\/uploads\/2022\/11\/1415_zoom_1664422234.jpeg","type":"image\/jpeg"}],"twitter_card":"summary_large_image","twitter_misc":{"Tempo di lettura stimato":"1 minuto"},"schema":{"@context":"https:\/\/schema.org","@graph":[{"@type":"WebPage","@id":"https:\/\/iha-race.com\/it\/prodotto\/runcam-link-wasp\/","url":"https:\/\/iha-race.com\/it\/prodotto\/runcam-link-wasp\/","name":"RunCam Link Wasp - Iha Race","isPartOf":{"@id":"https:\/\/iha-race.com\/it\/#website"},"primaryImageOfPage":{"@id":"https:\/\/iha-race.com\/it\/prodotto\/runcam-link-wasp\/#primaryimage"},"image":{"@id":"https:\/\/iha-race.com\/it\/prodotto\/runcam-link-wasp\/#primaryimage"},"thumbnailUrl":"https:\/\/iha-race.com\/wp-content\/uploads\/2022\/11\/1415_zoom_1664422234.jpeg","datePublished":"2022-11-25T08:40:49+00:00","dateModified":"2026-01-22T22:53:53+00:00","breadcrumb":{"@id":"https:\/\/iha-race.com\/it\/prodotto\/runcam-link-wasp\/#breadcrumb"},"inLanguage":"it-IT","potentialAction":[{"@type":"ReadAction","target":["https:\/\/iha-race.com\/it\/prodotto\/runcam-link-wasp\/"]}]},{"@type":"ImageObject","inLanguage":"it-IT","@id":"https:\/\/iha-race.com\/it\/prodotto\/runcam-link-wasp\/#primaryimage","url":"https:\/\/iha-race.com\/wp-content\/uploads\/2022\/11\/1415_zoom_1664422234.jpeg","contentUrl":"https:\/\/iha-race.com\/wp-content\/uploads\/2022\/11\/1415_zoom_1664422234.jpeg","width":1000,"height":1000,"caption":"Comprar RunCam Link Wasp"},{"@type":"BreadcrumbList","@id":"https:\/\/iha-race.com\/it\/prodotto\/runcam-link-wasp\/#breadcrumb","itemListElement":[{"@type":"ListItem","position":1,"name":"Portada","item":"https:\/\/iha-race.com\/it\/"},{"@type":"ListItem","position":2,"name":"Negozio","item":"https:\/\/iha-race.com\/it\/negozio\/"},{"@type":"ListItem","position":3,"name":"RunCam Link Wasp"}]},{"@type":"WebSite","@id":"https:\/\/iha-race.com\/it\/#website","url":"https:\/\/iha-race.com\/it\/","name":"Iha Race","description":"Comprar drones de carreras FPV env\u00edos en un d\u00eda desde Espa\u00f1a","publisher":{"@id":"https:\/\/iha-race.com\/it\/#organization"},"potentialAction":[{"@type":"SearchAction","target":{"@type":"EntryPoint","urlTemplate":"https:\/\/iha-race.com\/it\/?s={search_term_string}"},"query-input":{"@type":"PropertyValueSpecification","valueRequired":true,"valueName":"search_term_string"}}],"inLanguage":"it-IT"},{"@type":"Organization","@id":"https:\/\/iha-race.com\/it\/#organization","name":"Iha Race","url":"https:\/\/iha-race.com\/it\/","logo":{"@type":"ImageObject","inLanguage":"it-IT","@id":"https:\/\/iha-race.com\/it\/#\/schema\/logo\/image\/","url":"https:\/\/iha-race.com\/wp-content\/uploads\/2018\/07\/iha-race-drones-de-carreras-tienda-comprar-drones.png","contentUrl":"https:\/\/iha-race.com\/wp-content\/uploads\/2018\/07\/iha-race-drones-de-carreras-tienda-comprar-drones.png","width":300,"height":100,"caption":"Iha Race"},"image":{"@id":"https:\/\/iha-race.com\/it\/#\/schema\/logo\/image\/"}}]}},"brands":[],"_links":{"self":[{"href":"https:\/\/iha-race.com\/it\/wp-json\/wp\/v2\/product\/213090","targetHints":{"allow":["GET"]}}],"collection":[{"href":"https:\/\/iha-race.com\/it\/wp-json\/wp\/v2\/product"}],"about":[{"href":"https:\/\/iha-race.com\/it\/wp-json\/wp\/v2\/types\/product"}],"replies":[{"embeddable":true,"href":"https:\/\/iha-race.com\/it\/wp-json\/wp\/v2\/comments?post=213090"}],"version-history":[{"count":2,"href":"https:\/\/iha-race.com\/it\/wp-json\/wp\/v2\/product\/213090\/revisions"}],"predecessor-version":[{"id":248706,"href":"https:\/\/iha-race.com\/it\/wp-json\/wp\/v2\/product\/213090\/revisions\/248706"}],"wp:featuredmedia":[{"embeddable":true,"href":"https:\/\/iha-race.com\/it\/wp-json\/wp\/v2\/media\/213070"}],"wp:attachment":[{"href":"https:\/\/iha-race.com\/it\/wp-json\/wp\/v2\/media?parent=213090"}],"wp:term":[{"taxonomy":"pwb-brand","embeddable":true,"href":"https:\/\/iha-race.com\/it\/wp-json\/wp\/v2\/pwb-brand?post=213090"},{"taxonomy":"product_cat","embeddable":true,"href":"https:\/\/iha-race.com\/it\/wp-json\/wp\/v2\/product_cat?post=213090"},{"taxonomy":"product_tag","embeddable":true,"href":"https:\/\/iha-race.com\/it\/wp-json\/wp\/v2\/product_tag?post=213090"}],"curies":[{"name":"wp","href":"https:\/\/api.w.org\/{rel}","templated":true}]}}