{"id":212711,"date":"2022-11-19T19:44:27","date_gmt":"2022-11-19T18:44:27","guid":{"rendered":"https:\/\/iha-race.com\/producto\/telaio-whoop-senza-spazzole-cetus-x\/"},"modified":"2024-12-12T12:12:08","modified_gmt":"2024-12-12T11:12:08","slug":"cornice-whoop-senza-spazzole-cetus-x","status":"publish","type":"product","link":"https:\/\/iha-race.com\/it\/prodotto\/cornice-whoop-senza-spazzole-cetus-x\/","title":{"rendered":"Telaio Whoop senza spazzole Cetus X"},"content":{"rendered":"<h2><span data-sheets-value=\"{\"1\":2,\"2\":\"Cuadro Whoop sin escobillas Cetus X\"}\" data-sheets-userformat=\"{\"2\":7107,\"3\":{\"1\":0},\"4\":{\"1\":2,\"2\":16777215},\"9\":0,\"10\":2,\"11\":4,\"12\":0,\"14\":{\"1\":2,\"2\":0},\"15\":\"\\\"Work Sans\\\", sans-serif\"}\">Telaio Whoop senza spazzole Cetus X<\/span><\/h2>\n<p>Il telaio cigolante senza spazzole Cetus X \u00e8 ora disponibile per l&#8217;acquisto! Questo \u00e8 il telaio di ricambio originale per il Cetus X Brushless Quadcopter e il Cetus X FPV Kit. Acquistarlo insieme al drone come backup sar\u00e0 una buona opzione.<\/p>\n<p><img decoding=\"async\" src=\"https:\/\/cdn.shopifycdn.net\/s\/files\/1\/1778\/6615\/files\/FB_23fbbe94-4160-4ba6-aa54-581526b8fd3c_1024x1024.jpg?v=1665742036\" alt=\"\"><\/p>\n<p>&nbsp;<\/p>\n<h2><a href=\"https:\/\/betafpv.com\/collections\/cetus-series\/products\/cetus-x-brushless-quadcopter\">Quadcopter brushless Cetus X<\/a><\/h2>\n<p>Il quadcopter brushless Cetus X \u00e8 un drone alimentato a 2S ed \u00e8 la scelta migliore per i principianti che vogliono acquisire abilit\u00e0 di volo avanzate. Ha un sistema di propulsione pi\u00f9 robusto per un volo pi\u00f9 veloce e violento, in grado di eseguire vari trick di freestyle. Dotato di VTX M04 da 400mW e telecamera FPV C04 ottimizzata per trasmissioni radio e video pi\u00f9 lunghe. Nel frattempo, \u00e8 compatibile con il configuratore Betaflight, una popolare applicazione per la configurazione degli aerei RC.<\/p>\n<p><img decoding=\"async\" src=\"https:\/\/cdn.shopifycdn.net\/s\/files\/1\/1778\/6615\/files\/2fcff80837b53a294056d927199f8372_1024x1024.jpg?v=1660207637\"><\/p>\n<p>&nbsp;<\/p>\n<h2>Caratteristiche<\/h2>\n<ul>\n<li>Il telaio di ricambio originale per il quadcopter Cetus X Brushless e il kit Cetus X FPV.<\/li>\n<li>Realizzato in materiale PA12, il telaio ha un&#8217;eccellente resistenza alle cadute e agli urti. Nel frattempo, la protezione a 360\u00b0 del telaio del whoop garantisce voli sicuri sia all&#8217;interno che all&#8217;esterno.<\/li>\n<li>Telaio leggero e resistente. Acquistarlo insieme al drone per avere un backup \u00e8 una buona opzione.<\/li>\n<li>Si consiglia di utilizzare il motore BETAFPV 1103 11000KV e gli accessori Gemfan 2020 a 4 lame.<\/li>\n<\/ul>\n<p>&nbsp;<\/p>\n<h2>Specifiche tecniche<\/h2>\n<ul>\n<li>Articolo: Telaio per cigolii senza spazzole Cetus X<\/li>\n<li>Materiali: PA12<\/li>\n<li>Dimensioni: 94,75 mm<\/li>\n<li>Peso: 24,22 g<\/li>\n<li>Colore bianco<\/li>\n<li>Foro di montaggio del motore: \u03c62,00 mm<\/li>\n<\/ul>\n<p><img decoding=\"async\" src=\"https:\/\/cdn.shopifycdn.net\/s\/files\/1\/1778\/6615\/files\/8b465053d72bf33c227fa9eedfc2486b_50b6747d-fe28-4713-a0c0-8b12438b3e4e_600x600.jpg?v=1665742208\" alt=\"\"><\/p>\n<h2>Parti consigliate (non incluse)<\/h2>\n<ul>\n<li>Controllore di volo: <a href=\"https:\/\/iha-race.com\/producto\/controlador-de-vuelo-sin-escobillas-f4-1s-12a-aio-2022\/\">F4 1S 12A 12A FC<\/a><\/li>\n<li>VTX: M04 25-400 mW VTX<\/li>\n<li>Telecamera: telecamera FPV C04 (telecamera Caddx Nano Ant\/Runcam Nano 4)<\/li>\n<li>Motore: <a href=\"https:\/\/iha-race.com\/producto\/motores-betafpv-1103-8000kv-11000kv-4-piezas\/\">Motore 1103 11000KV<\/a><\/li>\n<li>Eliche: accessori per eliche Gemfan 2020 a 4 pale<\/li>\n<li>Batteria: 2 <a href=\"https:\/\/iha-race.com\/producto\/bateria-betafpv-bt2-0-450mah-1s-30c-4-unidades\/\">batterie BT2.0 450mAh 1S<\/a><\/li>\n<\/ul>\n<h2 class=\"p1\">Il pacchetto comprende<\/h2>\n<ul>\n<li>1 x telaio Whoop senza spazzole Cetus X (inclusa la cappottina)<\/li>\n<\/ul>\n","protected":false},"excerpt":{"rendered":"<p>Telaio Whoop senza spazzole Cetus X Il telaio cigolante senza spazzole Cetus X \u00e8 ora disponibile per l&#8217;acquisto! Questo \u00e8 il telaio di ricambio originale per il Cetus X Brushless<\/p>\n","protected":false},"featured_media":212695,"comment_status":"open","ping_status":"closed","template":"","meta":{"_joinchat":[]},"pwb-brand":[],"product_cat":[3670,1438,1505,4117],"product_tag":[],"class_list":{"0":"post-212711","1":"product","2":"type-product","3":"status-publish","4":"has-post-thumbnail","6":"product_cat-cornici","7":"product_cat-droni-fpv","8":"product_cat-droni-starter","9":"product_cat-venerdi-nero-2024","11":"first","12":"instock","13":"taxable","14":"shipping-taxable","15":"purchasable","16":"product-type-simple"},"barcode":null,"atum_controlled":true,"out_stock_date":null,"out_stock_threshold":null,"inheritable":false,"stock_on_hold":0,"sold_today":0,"sales_last_days":0,"out_stock_days":0,"lost_sales":0,"update_date":"2026-04-18T09:22:07","atum_locations":[],"atum_stock_status":"instock","restock_status":false,"low_stock_amount":"","sales_update_date":"2026-04-18T09:22:07","calc_backorders":null,"yoast_head":"<!-- This site is optimized with the Yoast SEO plugin v27.3 - https:\/\/yoast.com\/product\/yoast-seo-wordpress\/ -->\n<title>Telaio Whoop senza spazzole Cetus X - Iha Race<\/title>\n<meta name=\"robots\" content=\"index, follow, max-snippet:-1, max-image-preview:large, max-video-preview:-1\" \/>\n<link rel=\"canonical\" href=\"https:\/\/iha-race.com\/it\/prodotto\/cornice-whoop-senza-spazzole-cetus-x\/\" \/>\n<meta property=\"og:locale\" content=\"it_IT\" \/>\n<meta property=\"og:type\" content=\"article\" \/>\n<meta property=\"og:title\" content=\"Telaio Whoop senza spazzole Cetus X - Iha Race\" \/>\n<meta property=\"og:description\" content=\"Telaio Whoop senza spazzole Cetus X Il telaio cigolante senza spazzole Cetus X \u00e8 ora disponibile per l&#8217;acquisto! Questo \u00e8 il telaio di ricambio originale per il Cetus X Brushless\" \/>\n<meta property=\"og:url\" content=\"https:\/\/iha-race.com\/it\/prodotto\/cornice-whoop-senza-spazzole-cetus-x\/\" \/>\n<meta property=\"og:site_name\" content=\"Iha Race\" \/>\n<meta property=\"article:modified_time\" content=\"2024-12-12T11:12:08+00:00\" \/>\n<meta property=\"og:image\" content=\"https:\/\/iha-race.com\/wp-content\/uploads\/2022\/11\/74b96dbb2d19db9758ba306fc55ad040_ba43dfdc-b01d-4188-acde-9b7a74245959_720x.webp\" \/>\n\t<meta property=\"og:image:width\" content=\"720\" \/>\n\t<meta property=\"og:image:height\" content=\"720\" \/>\n\t<meta property=\"og:image:type\" content=\"image\/webp\" \/>\n<meta name=\"twitter:card\" content=\"summary_large_image\" \/>\n<meta name=\"twitter:label1\" content=\"Tempo di lettura stimato\" \/>\n\t<meta name=\"twitter:data1\" content=\"1 minuto\" \/>\n<script type=\"application\/ld+json\" class=\"yoast-schema-graph\">{\"@context\":\"https:\\\/\\\/schema.org\",\"@graph\":[{\"@type\":\"WebPage\",\"@id\":\"https:\\\/\\\/iha-race.com\\\/it\\\/prodotto\\\/cornice-whoop-senza-spazzole-cetus-x\\\/\",\"url\":\"https:\\\/\\\/iha-race.com\\\/it\\\/prodotto\\\/cornice-whoop-senza-spazzole-cetus-x\\\/\",\"name\":\"Telaio Whoop senza spazzole Cetus X - Iha Race\",\"isPartOf\":{\"@id\":\"https:\\\/\\\/iha-race.com\\\/it\\\/#website\"},\"primaryImageOfPage\":{\"@id\":\"https:\\\/\\\/iha-race.com\\\/it\\\/prodotto\\\/cornice-whoop-senza-spazzole-cetus-x\\\/#primaryimage\"},\"image\":{\"@id\":\"https:\\\/\\\/iha-race.com\\\/it\\\/prodotto\\\/cornice-whoop-senza-spazzole-cetus-x\\\/#primaryimage\"},\"thumbnailUrl\":\"https:\\\/\\\/iha-race.com\\\/wp-content\\\/uploads\\\/2022\\\/11\\\/74b96dbb2d19db9758ba306fc55ad040_ba43dfdc-b01d-4188-acde-9b7a74245959_720x.webp\",\"datePublished\":\"2022-11-19T18:44:27+00:00\",\"dateModified\":\"2024-12-12T11:12:08+00:00\",\"breadcrumb\":{\"@id\":\"https:\\\/\\\/iha-race.com\\\/it\\\/prodotto\\\/cornice-whoop-senza-spazzole-cetus-x\\\/#breadcrumb\"},\"inLanguage\":\"it-IT\",\"potentialAction\":[{\"@type\":\"ReadAction\",\"target\":[\"https:\\\/\\\/iha-race.com\\\/it\\\/prodotto\\\/cornice-whoop-senza-spazzole-cetus-x\\\/\"]}]},{\"@type\":\"ImageObject\",\"inLanguage\":\"it-IT\",\"@id\":\"https:\\\/\\\/iha-race.com\\\/it\\\/prodotto\\\/cornice-whoop-senza-spazzole-cetus-x\\\/#primaryimage\",\"url\":\"https:\\\/\\\/iha-race.com\\\/wp-content\\\/uploads\\\/2022\\\/11\\\/74b96dbb2d19db9758ba306fc55ad040_ba43dfdc-b01d-4188-acde-9b7a74245959_720x.webp\",\"contentUrl\":\"https:\\\/\\\/iha-race.com\\\/wp-content\\\/uploads\\\/2022\\\/11\\\/74b96dbb2d19db9758ba306fc55ad040_ba43dfdc-b01d-4188-acde-9b7a74245959_720x.webp\",\"width\":720,\"height\":720,\"caption\":\"Comprar Cuadro Whoop sin escobillas Cetus X\"},{\"@type\":\"BreadcrumbList\",\"@id\":\"https:\\\/\\\/iha-race.com\\\/it\\\/prodotto\\\/cornice-whoop-senza-spazzole-cetus-x\\\/#breadcrumb\",\"itemListElement\":[{\"@type\":\"ListItem\",\"position\":1,\"name\":\"Portada\",\"item\":\"https:\\\/\\\/iha-race.com\\\/it\\\/\"},{\"@type\":\"ListItem\",\"position\":2,\"name\":\"Negozio\",\"item\":\"https:\\\/\\\/iha-race.com\\\/it\\\/negozio\\\/\"},{\"@type\":\"ListItem\",\"position\":3,\"name\":\"Telaio Whoop senza spazzole Cetus X\"}]},{\"@type\":\"WebSite\",\"@id\":\"https:\\\/\\\/iha-race.com\\\/it\\\/#website\",\"url\":\"https:\\\/\\\/iha-race.com\\\/it\\\/\",\"name\":\"Iha Race\",\"description\":\"Comprar drones de carreras FPV env\u00edos en un d\u00eda desde Espa\u00f1a\",\"publisher\":{\"@id\":\"https:\\\/\\\/iha-race.com\\\/it\\\/#organization\"},\"potentialAction\":[{\"@type\":\"SearchAction\",\"target\":{\"@type\":\"EntryPoint\",\"urlTemplate\":\"https:\\\/\\\/iha-race.com\\\/it\\\/?s={search_term_string}\"},\"query-input\":{\"@type\":\"PropertyValueSpecification\",\"valueRequired\":true,\"valueName\":\"search_term_string\"}}],\"inLanguage\":\"it-IT\"},{\"@type\":\"Organization\",\"@id\":\"https:\\\/\\\/iha-race.com\\\/it\\\/#organization\",\"name\":\"Iha Race\",\"url\":\"https:\\\/\\\/iha-race.com\\\/it\\\/\",\"logo\":{\"@type\":\"ImageObject\",\"inLanguage\":\"it-IT\",\"@id\":\"https:\\\/\\\/iha-race.com\\\/it\\\/#\\\/schema\\\/logo\\\/image\\\/\",\"url\":\"https:\\\/\\\/iha-race.com\\\/wp-content\\\/uploads\\\/2018\\\/07\\\/iha-race-drones-de-carreras-tienda-comprar-drones.png\",\"contentUrl\":\"https:\\\/\\\/iha-race.com\\\/wp-content\\\/uploads\\\/2018\\\/07\\\/iha-race-drones-de-carreras-tienda-comprar-drones.png\",\"width\":300,\"height\":100,\"caption\":\"Iha Race\"},\"image\":{\"@id\":\"https:\\\/\\\/iha-race.com\\\/it\\\/#\\\/schema\\\/logo\\\/image\\\/\"}}]}<\/script>\n<!-- \/ Yoast SEO plugin. -->","yoast_head_json":{"title":"Telaio Whoop senza spazzole Cetus X - Iha Race","robots":{"index":"index","follow":"follow","max-snippet":"max-snippet:-1","max-image-preview":"max-image-preview:large","max-video-preview":"max-video-preview:-1"},"canonical":"https:\/\/iha-race.com\/it\/prodotto\/cornice-whoop-senza-spazzole-cetus-x\/","og_locale":"it_IT","og_type":"article","og_title":"Telaio Whoop senza spazzole Cetus X - Iha Race","og_description":"Telaio Whoop senza spazzole Cetus X Il telaio cigolante senza spazzole Cetus X \u00e8 ora disponibile per l&#8217;acquisto! Questo \u00e8 il telaio di ricambio originale per il Cetus X Brushless","og_url":"https:\/\/iha-race.com\/it\/prodotto\/cornice-whoop-senza-spazzole-cetus-x\/","og_site_name":"Iha Race","article_modified_time":"2024-12-12T11:12:08+00:00","og_image":[{"width":720,"height":720,"url":"https:\/\/iha-race.com\/wp-content\/uploads\/2022\/11\/74b96dbb2d19db9758ba306fc55ad040_ba43dfdc-b01d-4188-acde-9b7a74245959_720x.webp","type":"image\/webp"}],"twitter_card":"summary_large_image","twitter_misc":{"Tempo di lettura stimato":"1 minuto"},"schema":{"@context":"https:\/\/schema.org","@graph":[{"@type":"WebPage","@id":"https:\/\/iha-race.com\/it\/prodotto\/cornice-whoop-senza-spazzole-cetus-x\/","url":"https:\/\/iha-race.com\/it\/prodotto\/cornice-whoop-senza-spazzole-cetus-x\/","name":"Telaio Whoop senza spazzole Cetus X - Iha Race","isPartOf":{"@id":"https:\/\/iha-race.com\/it\/#website"},"primaryImageOfPage":{"@id":"https:\/\/iha-race.com\/it\/prodotto\/cornice-whoop-senza-spazzole-cetus-x\/#primaryimage"},"image":{"@id":"https:\/\/iha-race.com\/it\/prodotto\/cornice-whoop-senza-spazzole-cetus-x\/#primaryimage"},"thumbnailUrl":"https:\/\/iha-race.com\/wp-content\/uploads\/2022\/11\/74b96dbb2d19db9758ba306fc55ad040_ba43dfdc-b01d-4188-acde-9b7a74245959_720x.webp","datePublished":"2022-11-19T18:44:27+00:00","dateModified":"2024-12-12T11:12:08+00:00","breadcrumb":{"@id":"https:\/\/iha-race.com\/it\/prodotto\/cornice-whoop-senza-spazzole-cetus-x\/#breadcrumb"},"inLanguage":"it-IT","potentialAction":[{"@type":"ReadAction","target":["https:\/\/iha-race.com\/it\/prodotto\/cornice-whoop-senza-spazzole-cetus-x\/"]}]},{"@type":"ImageObject","inLanguage":"it-IT","@id":"https:\/\/iha-race.com\/it\/prodotto\/cornice-whoop-senza-spazzole-cetus-x\/#primaryimage","url":"https:\/\/iha-race.com\/wp-content\/uploads\/2022\/11\/74b96dbb2d19db9758ba306fc55ad040_ba43dfdc-b01d-4188-acde-9b7a74245959_720x.webp","contentUrl":"https:\/\/iha-race.com\/wp-content\/uploads\/2022\/11\/74b96dbb2d19db9758ba306fc55ad040_ba43dfdc-b01d-4188-acde-9b7a74245959_720x.webp","width":720,"height":720,"caption":"Comprar Cuadro Whoop sin escobillas Cetus X"},{"@type":"BreadcrumbList","@id":"https:\/\/iha-race.com\/it\/prodotto\/cornice-whoop-senza-spazzole-cetus-x\/#breadcrumb","itemListElement":[{"@type":"ListItem","position":1,"name":"Portada","item":"https:\/\/iha-race.com\/it\/"},{"@type":"ListItem","position":2,"name":"Negozio","item":"https:\/\/iha-race.com\/it\/negozio\/"},{"@type":"ListItem","position":3,"name":"Telaio Whoop senza spazzole Cetus X"}]},{"@type":"WebSite","@id":"https:\/\/iha-race.com\/it\/#website","url":"https:\/\/iha-race.com\/it\/","name":"Iha Race","description":"Comprar drones de carreras FPV env\u00edos en un d\u00eda desde Espa\u00f1a","publisher":{"@id":"https:\/\/iha-race.com\/it\/#organization"},"potentialAction":[{"@type":"SearchAction","target":{"@type":"EntryPoint","urlTemplate":"https:\/\/iha-race.com\/it\/?s={search_term_string}"},"query-input":{"@type":"PropertyValueSpecification","valueRequired":true,"valueName":"search_term_string"}}],"inLanguage":"it-IT"},{"@type":"Organization","@id":"https:\/\/iha-race.com\/it\/#organization","name":"Iha Race","url":"https:\/\/iha-race.com\/it\/","logo":{"@type":"ImageObject","inLanguage":"it-IT","@id":"https:\/\/iha-race.com\/it\/#\/schema\/logo\/image\/","url":"https:\/\/iha-race.com\/wp-content\/uploads\/2018\/07\/iha-race-drones-de-carreras-tienda-comprar-drones.png","contentUrl":"https:\/\/iha-race.com\/wp-content\/uploads\/2018\/07\/iha-race-drones-de-carreras-tienda-comprar-drones.png","width":300,"height":100,"caption":"Iha Race"},"image":{"@id":"https:\/\/iha-race.com\/it\/#\/schema\/logo\/image\/"}}]}},"jetpack_sharing_enabled":true,"brands":[],"_links":{"self":[{"href":"https:\/\/iha-race.com\/it\/wp-json\/wp\/v2\/product\/212711","targetHints":{"allow":["GET"]}}],"collection":[{"href":"https:\/\/iha-race.com\/it\/wp-json\/wp\/v2\/product"}],"about":[{"href":"https:\/\/iha-race.com\/it\/wp-json\/wp\/v2\/types\/product"}],"replies":[{"embeddable":true,"href":"https:\/\/iha-race.com\/it\/wp-json\/wp\/v2\/comments?post=212711"}],"version-history":[{"count":4,"href":"https:\/\/iha-race.com\/it\/wp-json\/wp\/v2\/product\/212711\/revisions"}],"predecessor-version":[{"id":252560,"href":"https:\/\/iha-race.com\/it\/wp-json\/wp\/v2\/product\/212711\/revisions\/252560"}],"wp:featuredmedia":[{"embeddable":true,"href":"https:\/\/iha-race.com\/it\/wp-json\/wp\/v2\/media\/212695"}],"wp:attachment":[{"href":"https:\/\/iha-race.com\/it\/wp-json\/wp\/v2\/media?parent=212711"}],"wp:term":[{"taxonomy":"pwb-brand","embeddable":true,"href":"https:\/\/iha-race.com\/it\/wp-json\/wp\/v2\/pwb-brand?post=212711"},{"taxonomy":"product_cat","embeddable":true,"href":"https:\/\/iha-race.com\/it\/wp-json\/wp\/v2\/product_cat?post=212711"},{"taxonomy":"product_tag","embeddable":true,"href":"https:\/\/iha-race.com\/it\/wp-json\/wp\/v2\/product_tag?post=212711"}],"curies":[{"name":"wp","href":"https:\/\/api.w.org\/{rel}","templated":true}]}}