{"id":211675,"date":"2022-11-09T10:16:40","date_gmt":"2022-11-09T09:16:40","guid":{"rendered":"https:\/\/iha-race.com\/producto\/batteria-tattu-r-line-850mah-14-8v-4s1p-95c-xt30-lipo-tattu-r-line\/"},"modified":"2024-07-10T10:55:47","modified_gmt":"2024-07-10T08:55:47","slug":"paquete-de-bateria-lipo-tattu-r-line-850mah-14-8v-4s1p-95c-xt30","status":"publish","type":"product","link":"https:\/\/iha-race.com\/it\/prodotto\/paquete-de-bateria-lipo-tattu-r-line-850mah-14-8v-4s1p-95c-xt30\/","title":{"rendered":"Batteria Lipo Tattu R-Line 850mAh 14,8V 4S1P 95C (XT30\/XT60)"},"content":{"rendered":"<h2>Batteria Lipo Tattu R-Line 850mAh 14,8V 4S1P 95C (XT30\/XT60)<\/h2>\n<p><strong>La batteria Lipo Tattu R-Line 850mAh 14,8V 95C 4S1P con spina XT30<\/strong> ha una capacit\u00e0 e una velocit\u00e0 di scarica complete. Si tratta di una batteria lipo da competizione FPV ad alto tasso di scarica. Il 95C fornisce una potenza sufficiente sotto carico. \u00c8 molto compatto e leggero. Funziona perfettamente con i multirotori FPV dalla taglia 100 alla 180.<\/p>\n<p><strong>Tattu R-Line<\/strong> \u00e8 una nuova linea di prodotti progettati specificamente per le competizioni FPV professionali. Questa \u00e8 la versione commerciale delle batterie Toppilot. \u00c8 anche una filiale del marchio Tattu. Ha una maggiore capacit\u00e0, una minore resistenza interna e temperature di atterraggio pi\u00f9 basse. Sono pi\u00f9 potenti di qualsiasi batteria al grafene. In generale, le batterie R-Line hanno le stesse specifiche delle nostre popolari batterie Toppilot. Esistono diverse versioni R-Line per le esigenze delle diverse competizioni FPV.<\/p>\n<h3><strong>Caratteristiche:<\/strong><\/h3>\n<ul>\n<li>La notevole tecnologia di impilamento consente di ottenere capacit\u00e0 di 850 mAh per singola cella.<\/li>\n<li>Elevate prestazioni di scarica e alta densit\u00e0 energetica.<\/li>\n<li>Materie prime di polimeri di litio di qualit\u00e0 superiore provenienti dal Giappone e dalla Corea.<\/li>\n<li>Assistenza post-vendita locale (con sede a D\u00fcsseldorf, Germania).<\/li>\n<\/ul>\n<h3><strong>Specifiche:<\/strong><\/h3>\n<ul>\n<li>Capacit\u00e0: 850mAh<\/li>\n<li>Configurazione: 4S1P \/ 14,8V \/ 4 celle<\/li>\n<li>Velocit\u00e0 di scarica: 95C<\/li>\n<li>Peso netto (\u00b1 10 g): 108 g<\/li>\n<li>Dimensioni (\u00b15): 58*30*33 mm<\/li>\n<li>Presa di ricarica: JST-XHR-5P<\/li>\n<li>Spina di scarico: XT30<\/li>\n<\/ul>\n<h3><strong>Applicazioni:<\/strong><\/h3>\n<ul>\n<li>La batteria Lipo Tattu R-Line 850mAh 14.8V 95C 4S1P con connettore XT30 \u00e8 adatta per multirotori FPV di dimensioni da 100 a 180.<\/li>\n<\/ul>\n<h3>Il pacchetto comprende:<\/h3>\n<ul>\n<li>1 x Tattu R-Line 850mAh 14.8V 4S1P 95C XT30 Lipo Tattu R-Line pacco batteria<\/li>\n<\/ul>\n","protected":false},"excerpt":{"rendered":"<p>Batteria Lipo Tattu R-Line 850mAh 14,8V 4S1P 95C (XT30\/XT60) La batteria Lipo Tattu R-Line 850mAh 14,8V 95C 4S1P con spina XT30 ha una capacit\u00e0 e una velocit\u00e0 di scarica complete.<\/p>\n","protected":false},"featured_media":211670,"comment_status":"open","ping_status":"closed","template":"","meta":{"_joinchat":[]},"pwb-brand":[],"product_cat":[1065,1074],"product_tag":[],"class_list":{"0":"post-211675","1":"product","2":"type-product","3":"status-publish","4":"has-post-thumbnail","6":"product_cat-batterie-fpv","7":"product_cat-s4-it","9":"first","10":"instock","11":"taxable","12":"shipping-taxable","13":"purchasable","14":"product-type-variable"},"barcode":null,"atum_controlled":true,"out_stock_date":null,"out_stock_threshold":null,"inheritable":true,"stock_on_hold":0,"sold_today":0,"sales_last_days":2,"out_stock_days":0,"lost_sales":0,"update_date":"2026-04-28T00:02:28","atum_locations":[],"atum_stock_status":"instock","restock_status":false,"low_stock_amount":"","sales_update_date":"2026-04-27T19:47:02","calc_backorders":null,"yoast_head":"<!-- This site is optimized with the Yoast SEO plugin v27.3 - https:\/\/yoast.com\/product\/yoast-seo-wordpress\/ -->\n<title>Batteria Lipo Tattu R-Line 850mAh 14,8V 4S1P 95C (XT30\/XT60) - Iha Race<\/title>\n<meta name=\"robots\" content=\"index, follow, max-snippet:-1, max-image-preview:large, max-video-preview:-1\" \/>\n<link rel=\"canonical\" href=\"https:\/\/iha-race.com\/it\/prodotto\/paquete-de-bateria-lipo-tattu-r-line-850mah-14-8v-4s1p-95c-xt30\/\" \/>\n<meta property=\"og:locale\" content=\"it_IT\" \/>\n<meta property=\"og:type\" content=\"article\" \/>\n<meta property=\"og:title\" content=\"Batteria Lipo Tattu R-Line 850mAh 14,8V 4S1P 95C (XT30\/XT60) - Iha Race\" \/>\n<meta property=\"og:description\" content=\"Batteria Lipo Tattu R-Line 850mAh 14,8V 4S1P 95C (XT30\/XT60) La batteria Lipo Tattu R-Line 850mAh 14,8V 95C 4S1P con spina XT30 ha una capacit\u00e0 e una velocit\u00e0 di scarica complete.\" \/>\n<meta property=\"og:url\" content=\"https:\/\/iha-race.com\/it\/prodotto\/paquete-de-bateria-lipo-tattu-r-line-850mah-14-8v-4s1p-95c-xt30\/\" \/>\n<meta property=\"og:site_name\" content=\"Iha Race\" \/>\n<meta property=\"article:modified_time\" content=\"2024-07-10T08:55:47+00:00\" \/>\n<meta property=\"og:image\" content=\"https:\/\/iha-race.com\/wp-content\/uploads\/2022\/11\/bateria-tattu-r-line-850mah-148v-95c-4s1p.jpg\" \/>\n\t<meta property=\"og:image:width\" content=\"800\" \/>\n\t<meta property=\"og:image:height\" content=\"800\" \/>\n\t<meta property=\"og:image:type\" content=\"image\/jpeg\" \/>\n<meta name=\"twitter:card\" content=\"summary_large_image\" \/>\n<meta name=\"twitter:label1\" content=\"Tempo di lettura stimato\" \/>\n\t<meta name=\"twitter:data1\" content=\"1 minuto\" \/>\n<script type=\"application\/ld+json\" class=\"yoast-schema-graph\">{\"@context\":\"https:\\\/\\\/schema.org\",\"@graph\":[{\"@type\":\"WebPage\",\"@id\":\"https:\\\/\\\/iha-race.com\\\/it\\\/prodotto\\\/paquete-de-bateria-lipo-tattu-r-line-850mah-14-8v-4s1p-95c-xt30\\\/\",\"url\":\"https:\\\/\\\/iha-race.com\\\/it\\\/prodotto\\\/paquete-de-bateria-lipo-tattu-r-line-850mah-14-8v-4s1p-95c-xt30\\\/\",\"name\":\"Batteria Lipo Tattu R-Line 850mAh 14,8V 4S1P 95C (XT30\\\/XT60) - Iha Race\",\"isPartOf\":{\"@id\":\"https:\\\/\\\/iha-race.com\\\/it\\\/#website\"},\"primaryImageOfPage\":{\"@id\":\"https:\\\/\\\/iha-race.com\\\/it\\\/prodotto\\\/paquete-de-bateria-lipo-tattu-r-line-850mah-14-8v-4s1p-95c-xt30\\\/#primaryimage\"},\"image\":{\"@id\":\"https:\\\/\\\/iha-race.com\\\/it\\\/prodotto\\\/paquete-de-bateria-lipo-tattu-r-line-850mah-14-8v-4s1p-95c-xt30\\\/#primaryimage\"},\"thumbnailUrl\":\"https:\\\/\\\/iha-race.com\\\/wp-content\\\/uploads\\\/2022\\\/11\\\/bateria-tattu-r-line-850mah-148v-95c-4s1p.jpg\",\"datePublished\":\"2022-11-09T09:16:40+00:00\",\"dateModified\":\"2024-07-10T08:55:47+00:00\",\"breadcrumb\":{\"@id\":\"https:\\\/\\\/iha-race.com\\\/it\\\/prodotto\\\/paquete-de-bateria-lipo-tattu-r-line-850mah-14-8v-4s1p-95c-xt30\\\/#breadcrumb\"},\"inLanguage\":\"it-IT\",\"potentialAction\":[{\"@type\":\"ReadAction\",\"target\":[\"https:\\\/\\\/iha-race.com\\\/it\\\/prodotto\\\/paquete-de-bateria-lipo-tattu-r-line-850mah-14-8v-4s1p-95c-xt30\\\/\"]}]},{\"@type\":\"ImageObject\",\"inLanguage\":\"it-IT\",\"@id\":\"https:\\\/\\\/iha-race.com\\\/it\\\/prodotto\\\/paquete-de-bateria-lipo-tattu-r-line-850mah-14-8v-4s1p-95c-xt30\\\/#primaryimage\",\"url\":\"https:\\\/\\\/iha-race.com\\\/wp-content\\\/uploads\\\/2022\\\/11\\\/bateria-tattu-r-line-850mah-148v-95c-4s1p.jpg\",\"contentUrl\":\"https:\\\/\\\/iha-race.com\\\/wp-content\\\/uploads\\\/2022\\\/11\\\/bateria-tattu-r-line-850mah-148v-95c-4s1p.jpg\",\"width\":800,\"height\":800,\"caption\":\"Comprar Paquete de bater\u00eda Lipo Tattu R-Line 850mAh 14.8V 4S1P 95C XT30\"},{\"@type\":\"BreadcrumbList\",\"@id\":\"https:\\\/\\\/iha-race.com\\\/it\\\/prodotto\\\/paquete-de-bateria-lipo-tattu-r-line-850mah-14-8v-4s1p-95c-xt30\\\/#breadcrumb\",\"itemListElement\":[{\"@type\":\"ListItem\",\"position\":1,\"name\":\"Portada\",\"item\":\"https:\\\/\\\/iha-race.com\\\/it\\\/\"},{\"@type\":\"ListItem\",\"position\":2,\"name\":\"Negozio\",\"item\":\"https:\\\/\\\/iha-race.com\\\/it\\\/negozio\\\/\"},{\"@type\":\"ListItem\",\"position\":3,\"name\":\"Batteria Lipo Tattu R-Line 850mAh 14,8V 4S1P 95C (XT30\\\/XT60)\"}]},{\"@type\":\"WebSite\",\"@id\":\"https:\\\/\\\/iha-race.com\\\/it\\\/#website\",\"url\":\"https:\\\/\\\/iha-race.com\\\/it\\\/\",\"name\":\"Iha Race\",\"description\":\"Comprar drones de carreras FPV env\u00edos en un d\u00eda desde Espa\u00f1a\",\"publisher\":{\"@id\":\"https:\\\/\\\/iha-race.com\\\/it\\\/#organization\"},\"potentialAction\":[{\"@type\":\"SearchAction\",\"target\":{\"@type\":\"EntryPoint\",\"urlTemplate\":\"https:\\\/\\\/iha-race.com\\\/it\\\/?s={search_term_string}\"},\"query-input\":{\"@type\":\"PropertyValueSpecification\",\"valueRequired\":true,\"valueName\":\"search_term_string\"}}],\"inLanguage\":\"it-IT\"},{\"@type\":\"Organization\",\"@id\":\"https:\\\/\\\/iha-race.com\\\/it\\\/#organization\",\"name\":\"Iha Race\",\"url\":\"https:\\\/\\\/iha-race.com\\\/it\\\/\",\"logo\":{\"@type\":\"ImageObject\",\"inLanguage\":\"it-IT\",\"@id\":\"https:\\\/\\\/iha-race.com\\\/it\\\/#\\\/schema\\\/logo\\\/image\\\/\",\"url\":\"https:\\\/\\\/iha-race.com\\\/wp-content\\\/uploads\\\/2018\\\/07\\\/iha-race-drones-de-carreras-tienda-comprar-drones.png\",\"contentUrl\":\"https:\\\/\\\/iha-race.com\\\/wp-content\\\/uploads\\\/2018\\\/07\\\/iha-race-drones-de-carreras-tienda-comprar-drones.png\",\"width\":300,\"height\":100,\"caption\":\"Iha Race\"},\"image\":{\"@id\":\"https:\\\/\\\/iha-race.com\\\/it\\\/#\\\/schema\\\/logo\\\/image\\\/\"}}]}<\/script>\n<!-- \/ Yoast SEO plugin. -->","yoast_head_json":{"title":"Batteria Lipo Tattu R-Line 850mAh 14,8V 4S1P 95C (XT30\/XT60) - Iha Race","robots":{"index":"index","follow":"follow","max-snippet":"max-snippet:-1","max-image-preview":"max-image-preview:large","max-video-preview":"max-video-preview:-1"},"canonical":"https:\/\/iha-race.com\/it\/prodotto\/paquete-de-bateria-lipo-tattu-r-line-850mah-14-8v-4s1p-95c-xt30\/","og_locale":"it_IT","og_type":"article","og_title":"Batteria Lipo Tattu R-Line 850mAh 14,8V 4S1P 95C (XT30\/XT60) - Iha Race","og_description":"Batteria Lipo Tattu R-Line 850mAh 14,8V 4S1P 95C (XT30\/XT60) La batteria Lipo Tattu R-Line 850mAh 14,8V 95C 4S1P con spina XT30 ha una capacit\u00e0 e una velocit\u00e0 di scarica complete.","og_url":"https:\/\/iha-race.com\/it\/prodotto\/paquete-de-bateria-lipo-tattu-r-line-850mah-14-8v-4s1p-95c-xt30\/","og_site_name":"Iha Race","article_modified_time":"2024-07-10T08:55:47+00:00","og_image":[{"width":800,"height":800,"url":"https:\/\/iha-race.com\/wp-content\/uploads\/2022\/11\/bateria-tattu-r-line-850mah-148v-95c-4s1p.jpg","type":"image\/jpeg"}],"twitter_card":"summary_large_image","twitter_misc":{"Tempo di lettura stimato":"1 minuto"},"schema":{"@context":"https:\/\/schema.org","@graph":[{"@type":"WebPage","@id":"https:\/\/iha-race.com\/it\/prodotto\/paquete-de-bateria-lipo-tattu-r-line-850mah-14-8v-4s1p-95c-xt30\/","url":"https:\/\/iha-race.com\/it\/prodotto\/paquete-de-bateria-lipo-tattu-r-line-850mah-14-8v-4s1p-95c-xt30\/","name":"Batteria Lipo Tattu R-Line 850mAh 14,8V 4S1P 95C (XT30\/XT60) - Iha Race","isPartOf":{"@id":"https:\/\/iha-race.com\/it\/#website"},"primaryImageOfPage":{"@id":"https:\/\/iha-race.com\/it\/prodotto\/paquete-de-bateria-lipo-tattu-r-line-850mah-14-8v-4s1p-95c-xt30\/#primaryimage"},"image":{"@id":"https:\/\/iha-race.com\/it\/prodotto\/paquete-de-bateria-lipo-tattu-r-line-850mah-14-8v-4s1p-95c-xt30\/#primaryimage"},"thumbnailUrl":"https:\/\/iha-race.com\/wp-content\/uploads\/2022\/11\/bateria-tattu-r-line-850mah-148v-95c-4s1p.jpg","datePublished":"2022-11-09T09:16:40+00:00","dateModified":"2024-07-10T08:55:47+00:00","breadcrumb":{"@id":"https:\/\/iha-race.com\/it\/prodotto\/paquete-de-bateria-lipo-tattu-r-line-850mah-14-8v-4s1p-95c-xt30\/#breadcrumb"},"inLanguage":"it-IT","potentialAction":[{"@type":"ReadAction","target":["https:\/\/iha-race.com\/it\/prodotto\/paquete-de-bateria-lipo-tattu-r-line-850mah-14-8v-4s1p-95c-xt30\/"]}]},{"@type":"ImageObject","inLanguage":"it-IT","@id":"https:\/\/iha-race.com\/it\/prodotto\/paquete-de-bateria-lipo-tattu-r-line-850mah-14-8v-4s1p-95c-xt30\/#primaryimage","url":"https:\/\/iha-race.com\/wp-content\/uploads\/2022\/11\/bateria-tattu-r-line-850mah-148v-95c-4s1p.jpg","contentUrl":"https:\/\/iha-race.com\/wp-content\/uploads\/2022\/11\/bateria-tattu-r-line-850mah-148v-95c-4s1p.jpg","width":800,"height":800,"caption":"Comprar Paquete de bater\u00eda Lipo Tattu R-Line 850mAh 14.8V 4S1P 95C XT30"},{"@type":"BreadcrumbList","@id":"https:\/\/iha-race.com\/it\/prodotto\/paquete-de-bateria-lipo-tattu-r-line-850mah-14-8v-4s1p-95c-xt30\/#breadcrumb","itemListElement":[{"@type":"ListItem","position":1,"name":"Portada","item":"https:\/\/iha-race.com\/it\/"},{"@type":"ListItem","position":2,"name":"Negozio","item":"https:\/\/iha-race.com\/it\/negozio\/"},{"@type":"ListItem","position":3,"name":"Batteria Lipo Tattu R-Line 850mAh 14,8V 4S1P 95C (XT30\/XT60)"}]},{"@type":"WebSite","@id":"https:\/\/iha-race.com\/it\/#website","url":"https:\/\/iha-race.com\/it\/","name":"Iha Race","description":"Comprar drones de carreras FPV env\u00edos en un d\u00eda desde Espa\u00f1a","publisher":{"@id":"https:\/\/iha-race.com\/it\/#organization"},"potentialAction":[{"@type":"SearchAction","target":{"@type":"EntryPoint","urlTemplate":"https:\/\/iha-race.com\/it\/?s={search_term_string}"},"query-input":{"@type":"PropertyValueSpecification","valueRequired":true,"valueName":"search_term_string"}}],"inLanguage":"it-IT"},{"@type":"Organization","@id":"https:\/\/iha-race.com\/it\/#organization","name":"Iha Race","url":"https:\/\/iha-race.com\/it\/","logo":{"@type":"ImageObject","inLanguage":"it-IT","@id":"https:\/\/iha-race.com\/it\/#\/schema\/logo\/image\/","url":"https:\/\/iha-race.com\/wp-content\/uploads\/2018\/07\/iha-race-drones-de-carreras-tienda-comprar-drones.png","contentUrl":"https:\/\/iha-race.com\/wp-content\/uploads\/2018\/07\/iha-race-drones-de-carreras-tienda-comprar-drones.png","width":300,"height":100,"caption":"Iha Race"},"image":{"@id":"https:\/\/iha-race.com\/it\/#\/schema\/logo\/image\/"}}]}},"jetpack_sharing_enabled":true,"brands":[],"_links":{"self":[{"href":"https:\/\/iha-race.com\/it\/wp-json\/wp\/v2\/product\/211675","targetHints":{"allow":["GET"]}}],"collection":[{"href":"https:\/\/iha-race.com\/it\/wp-json\/wp\/v2\/product"}],"about":[{"href":"https:\/\/iha-race.com\/it\/wp-json\/wp\/v2\/types\/product"}],"replies":[{"embeddable":true,"href":"https:\/\/iha-race.com\/it\/wp-json\/wp\/v2\/comments?post=211675"}],"version-history":[{"count":2,"href":"https:\/\/iha-race.com\/it\/wp-json\/wp\/v2\/product\/211675\/revisions"}],"predecessor-version":[{"id":224112,"href":"https:\/\/iha-race.com\/it\/wp-json\/wp\/v2\/product\/211675\/revisions\/224112"}],"wp:featuredmedia":[{"embeddable":true,"href":"https:\/\/iha-race.com\/it\/wp-json\/wp\/v2\/media\/211670"}],"wp:attachment":[{"href":"https:\/\/iha-race.com\/it\/wp-json\/wp\/v2\/media?parent=211675"}],"wp:term":[{"taxonomy":"pwb-brand","embeddable":true,"href":"https:\/\/iha-race.com\/it\/wp-json\/wp\/v2\/pwb-brand?post=211675"},{"taxonomy":"product_cat","embeddable":true,"href":"https:\/\/iha-race.com\/it\/wp-json\/wp\/v2\/product_cat?post=211675"},{"taxonomy":"product_tag","embeddable":true,"href":"https:\/\/iha-race.com\/it\/wp-json\/wp\/v2\/product_tag?post=211675"}],"curies":[{"name":"wp","href":"https:\/\/api.w.org\/{rel}","templated":true}]}}