{"id":211665,"date":"2022-11-09T10:08:22","date_gmt":"2022-11-09T09:08:22","guid":{"rendered":"https:\/\/iha-race.com\/producto\/batteria-tattu-r-line-650mah-14-8v-4s1p-95c-xt30-lipo-tattu-r-line\/"},"modified":"2026-03-09T16:56:28","modified_gmt":"2026-03-09T15:56:28","slug":"bateria-lipo-tattu-r-line-650mah-14-8v-4s1p-95c-xt30","status":"publish","type":"product","link":"https:\/\/iha-race.com\/it\/prodotto\/bateria-lipo-tattu-r-line-650mah-14-8v-4s1p-95c-xt30\/","title":{"rendered":"Batteria Tattu R-Line 650mAh 14.8V 4S1P 95C XT30 Lipo Tattu R-Line"},"content":{"rendered":"<h2><span data-sheets-value=\"{\"1\":2,\"2\":\"Bater\u00eda Lipo Tattu R-Line 650mAh 14.8V 4S1P 95C XT30\"}\" data-sheets-userformat=\"{\"2\":15299,\"3\":{\"1\":0},\"4\":{\"1\":2,\"2\":16777215},\"9\":0,\"10\":2,\"11\":4,\"12\":0,\"14\":{\"1\":2,\"2\":3355443},\"15\":\"Arial\",\"16\":12}\">Batteria Tattu R-Line 650mAh 14.8V 4S1P 95C XT30 Lipo Tattu R-Line<\/span><\/h2>\n<p><strong>La batteria Lipo Tattu R-Line 650mAh 14,8V 95C 4S1P <\/strong> ha una capacit\u00e0 e una velocit\u00e0 di scarica complete. Si tratta di una batteria lipo da competizione FPV ad alto tasso di scarica. Il 95C fornisce una potenza sufficiente sotto carico. \u00c8 molto compatto e leggero. Funziona perfettamente con i multirotori FPV da 100 a 180. <strong>Tattu R-Line<\/strong> \u00e8 una nuova linea di prodotti progettati specificamente per le competizioni FPV professionali. Questa \u00e8 la versione commerciale delle batterie Toppilot. \u00c8 anche una filiale del marchio Tattu. Ha una maggiore capacit\u00e0, una minore resistenza interna e temperature di atterraggio pi\u00f9 basse. Sono pi\u00f9 potenti di qualsiasi batteria al grafene. In generale, le batterie R-Line hanno le stesse specifiche delle nostre popolari batterie Toppilot. Esistono diverse versioni di R-Line per le esigenze delle diverse competizioni FPV.  &nbsp;<\/p>\n<p><img fetchpriority=\"high\" decoding=\"async\" class=\"aligncenter wp-image-211654 size-full\" src=\"https:\/\/iha-race.com\/wp-content\/uploads\/2022\/11\/71tYloJcQ7L._AC_SX569_.jpg\" alt=\"Comprare la batteria Tattu R-Line 650mAh 14.8V 4S1P 95C Lipo Tattu\" width=\"569\" height=\"569\" srcset=\"https:\/\/iha-race.com\/wp-content\/uploads\/2022\/11\/71tYloJcQ7L._AC_SX569_.jpg 569w, https:\/\/iha-race.com\/wp-content\/uploads\/2022\/11\/71tYloJcQ7L._AC_SX569_-300x300.jpg 300w, https:\/\/iha-race.com\/wp-content\/uploads\/2022\/11\/71tYloJcQ7L._AC_SX569_-150x150.jpg 150w, https:\/\/iha-race.com\/wp-content\/uploads\/2022\/11\/71tYloJcQ7L._AC_SX569_-1024x1024.jpg 1024w, https:\/\/iha-race.com\/wp-content\/uploads\/2022\/11\/71tYloJcQ7L._AC_SX569_-768x768.jpg 768w, https:\/\/iha-race.com\/wp-content\/uploads\/2022\/11\/71tYloJcQ7L._AC_SX569_-1536x1536.jpg 1536w, https:\/\/iha-race.com\/wp-content\/uploads\/2022\/11\/71tYloJcQ7L._AC_SX569_-2048x2048.jpg 2048w, https:\/\/iha-race.com\/wp-content\/uploads\/2022\/11\/71tYloJcQ7L._AC_SX569_-100x100.jpg 100w, https:\/\/iha-race.com\/wp-content\/uploads\/2022\/11\/71tYloJcQ7L._AC_SX569_-350x350.jpg 350w, https:\/\/iha-race.com\/wp-content\/uploads\/2022\/11\/71tYloJcQ7L._AC_SX569_-788x788.jpg 788w, https:\/\/iha-race.com\/wp-content\/uploads\/2022\/11\/71tYloJcQ7L._AC_SX569_-600x600.jpg 600w, https:\/\/iha-race.com\/wp-content\/uploads\/2022\/11\/71tYloJcQ7L._AC_SX569_-50x50.jpg 50w, https:\/\/iha-race.com\/wp-content\/uploads\/2022\/11\/71tYloJcQ7L._AC_SX569_-135x135.jpg 135w\" sizes=\"(max-width: 569px) 100vw, 569px\" \/><\/p>\n<h3><strong>Caratteristiche:<\/strong><\/h3>\n<ul>\n<li>La notevole tecnologia di impilamento consente di ottenere capacit\u00e0 di 650 mAh per singola cella.<\/li>\n<li>Elevate prestazioni di scarica e alta densit\u00e0 energetica.<\/li>\n<li>Materie prime di polimeri di litio di qualit\u00e0 superiore provenienti dal Giappone e dalla Corea.<\/li>\n<li>Assistenza post-vendita locale (con sede a D\u00fcsseldorf, Germania).<\/li>\n<\/ul>\n<h3><strong>Specifiche:<\/strong><\/h3>\n<ul>\n<li>Capacit\u00e0: 650mAh<\/li>\n<li>Configurazione: 4S1P \/ 14,8V<\/li>\n<li>Velocit\u00e0 di scarica: 95C<\/li>\n<li>Velocit\u00e0 massima di scarica: 190C<\/li>\n<li>Peso netto (\u00b1 10 g): 80 g<\/li>\n<li>Dimensioni (\u00b15): 60*31*25 mm<\/li>\n<li>Presa di ricarica: JST-PHR<\/li>\n<\/ul>\n<h3><strong>Applicazioni:<\/strong><\/h3>\n<ul>\n<li>La batteria Lipo Tattu R-Line 650mAh 14,8V 95C 4S1P \u00e8 adatta per multirotori FPV di dimensioni da 100 a 180.<\/li>\n<\/ul>\n<h3>Il pacchetto comprende:<\/h3>\n<ul>\n<li>1 x Tattu R-Line 650mAh 14.8V 4S1P 95C XT30 Lipo Batteria Tattu<\/li>\n<\/ul>\n","protected":false},"excerpt":{"rendered":"<p>Batteria Tattu R-Line 650mAh 14.8V 4S1P 95C XT30 Lipo Tattu R-Line La batteria Lipo Tattu R-Line 650mAh 14,8V 95C 4S1P ha una capacit\u00e0 e una velocit\u00e0 di scarica complete. Si<\/p>\n","protected":false},"featured_media":211660,"comment_status":"open","ping_status":"closed","template":"","meta":{"_joinchat":[]},"pwb-brand":[],"product_cat":[1065,1074],"product_tag":[],"class_list":{"0":"post-211665","1":"product","2":"type-product","3":"status-publish","4":"has-post-thumbnail","6":"product_cat-batterie-fpv","7":"product_cat-s4-it","9":"first","10":"outofstock","11":"taxable","12":"shipping-taxable","13":"purchasable","14":"product-type-simple"},"barcode":null,"atum_controlled":true,"out_stock_date":"2026-03-09 16:56:28","out_stock_threshold":null,"inheritable":false,"stock_on_hold":0,"sold_today":0,"sales_last_days":0,"out_stock_days":33,"lost_sales":0,"update_date":"2026-04-12T07:50:31","atum_locations":[],"atum_stock_status":"outofstock","restock_status":false,"low_stock_amount":"","sales_update_date":"2026-04-12T07:50:31","calc_backorders":null,"yoast_head":"<!-- This site is optimized with the Yoast SEO plugin v27.3 - https:\/\/yoast.com\/product\/yoast-seo-wordpress\/ -->\n<title>Batteria Tattu R-Line 650mAh 14.8V 4S1P 95C XT30 Lipo Tattu R-Line - Iha Race<\/title>\n<meta name=\"robots\" content=\"index, follow, max-snippet:-1, max-image-preview:large, max-video-preview:-1\" \/>\n<link rel=\"canonical\" href=\"https:\/\/iha-race.com\/it\/prodotto\/bateria-lipo-tattu-r-line-650mah-14-8v-4s1p-95c-xt30\/\" \/>\n<meta property=\"og:locale\" content=\"it_IT\" \/>\n<meta property=\"og:type\" content=\"article\" \/>\n<meta property=\"og:title\" content=\"Batteria Tattu R-Line 650mAh 14.8V 4S1P 95C XT30 Lipo Tattu R-Line - Iha Race\" \/>\n<meta property=\"og:description\" content=\"Batteria Tattu R-Line 650mAh 14.8V 4S1P 95C XT30 Lipo Tattu R-Line La batteria Lipo Tattu R-Line 650mAh 14,8V 95C 4S1P ha una capacit\u00e0 e una velocit\u00e0 di scarica complete. Si\" \/>\n<meta property=\"og:url\" content=\"https:\/\/iha-race.com\/it\/prodotto\/bateria-lipo-tattu-r-line-650mah-14-8v-4s1p-95c-xt30\/\" \/>\n<meta property=\"og:site_name\" content=\"Iha Race\" \/>\n<meta property=\"article:modified_time\" content=\"2026-03-09T15:56:28+00:00\" \/>\n<meta property=\"og:image\" content=\"https:\/\/iha-race.com\/wp-content\/uploads\/2022\/11\/Tattu_R-Line_650mAh_14.8V_4S1P_95C_Lipo_Battery__ml.jpg\" \/>\n\t<meta property=\"og:image:width\" content=\"800\" \/>\n\t<meta property=\"og:image:height\" content=\"800\" \/>\n\t<meta property=\"og:image:type\" content=\"image\/jpeg\" \/>\n<meta name=\"twitter:card\" content=\"summary_large_image\" \/>\n<meta name=\"twitter:label1\" content=\"Tempo di lettura stimato\" \/>\n\t<meta name=\"twitter:data1\" content=\"1 minuto\" \/>\n<script type=\"application\/ld+json\" class=\"yoast-schema-graph\">{\"@context\":\"https:\\\/\\\/schema.org\",\"@graph\":[{\"@type\":\"WebPage\",\"@id\":\"https:\\\/\\\/iha-race.com\\\/it\\\/prodotto\\\/bateria-lipo-tattu-r-line-650mah-14-8v-4s1p-95c-xt30\\\/\",\"url\":\"https:\\\/\\\/iha-race.com\\\/it\\\/prodotto\\\/bateria-lipo-tattu-r-line-650mah-14-8v-4s1p-95c-xt30\\\/\",\"name\":\"Batteria Tattu R-Line 650mAh 14.8V 4S1P 95C XT30 Lipo Tattu R-Line - Iha Race\",\"isPartOf\":{\"@id\":\"https:\\\/\\\/iha-race.com\\\/it\\\/#website\"},\"primaryImageOfPage\":{\"@id\":\"https:\\\/\\\/iha-race.com\\\/it\\\/prodotto\\\/bateria-lipo-tattu-r-line-650mah-14-8v-4s1p-95c-xt30\\\/#primaryimage\"},\"image\":{\"@id\":\"https:\\\/\\\/iha-race.com\\\/it\\\/prodotto\\\/bateria-lipo-tattu-r-line-650mah-14-8v-4s1p-95c-xt30\\\/#primaryimage\"},\"thumbnailUrl\":\"https:\\\/\\\/iha-race.com\\\/wp-content\\\/uploads\\\/2022\\\/11\\\/Tattu_R-Line_650mAh_14.8V_4S1P_95C_Lipo_Battery__ml.jpg\",\"datePublished\":\"2022-11-09T09:08:22+00:00\",\"dateModified\":\"2026-03-09T15:56:28+00:00\",\"breadcrumb\":{\"@id\":\"https:\\\/\\\/iha-race.com\\\/it\\\/prodotto\\\/bateria-lipo-tattu-r-line-650mah-14-8v-4s1p-95c-xt30\\\/#breadcrumb\"},\"inLanguage\":\"it-IT\",\"potentialAction\":[{\"@type\":\"ReadAction\",\"target\":[\"https:\\\/\\\/iha-race.com\\\/it\\\/prodotto\\\/bateria-lipo-tattu-r-line-650mah-14-8v-4s1p-95c-xt30\\\/\"]}]},{\"@type\":\"ImageObject\",\"inLanguage\":\"it-IT\",\"@id\":\"https:\\\/\\\/iha-race.com\\\/it\\\/prodotto\\\/bateria-lipo-tattu-r-line-650mah-14-8v-4s1p-95c-xt30\\\/#primaryimage\",\"url\":\"https:\\\/\\\/iha-race.com\\\/wp-content\\\/uploads\\\/2022\\\/11\\\/Tattu_R-Line_650mAh_14.8V_4S1P_95C_Lipo_Battery__ml.jpg\",\"contentUrl\":\"https:\\\/\\\/iha-race.com\\\/wp-content\\\/uploads\\\/2022\\\/11\\\/Tattu_R-Line_650mAh_14.8V_4S1P_95C_Lipo_Battery__ml.jpg\",\"width\":800,\"height\":800,\"caption\":\"Comprar Bater\u00eda Lipo Tattu R-Line 650mAh 14.8V 4S1P 95C\"},{\"@type\":\"BreadcrumbList\",\"@id\":\"https:\\\/\\\/iha-race.com\\\/it\\\/prodotto\\\/bateria-lipo-tattu-r-line-650mah-14-8v-4s1p-95c-xt30\\\/#breadcrumb\",\"itemListElement\":[{\"@type\":\"ListItem\",\"position\":1,\"name\":\"Portada\",\"item\":\"https:\\\/\\\/iha-race.com\\\/it\\\/\"},{\"@type\":\"ListItem\",\"position\":2,\"name\":\"Negozio\",\"item\":\"https:\\\/\\\/iha-race.com\\\/it\\\/negozio\\\/\"},{\"@type\":\"ListItem\",\"position\":3,\"name\":\"Batteria Tattu R-Line 650mAh 14.8V 4S1P 95C XT30 Lipo Tattu R-Line\"}]},{\"@type\":\"WebSite\",\"@id\":\"https:\\\/\\\/iha-race.com\\\/it\\\/#website\",\"url\":\"https:\\\/\\\/iha-race.com\\\/it\\\/\",\"name\":\"Iha Race\",\"description\":\"Comprar drones de carreras FPV env\u00edos en un d\u00eda desde Espa\u00f1a\",\"publisher\":{\"@id\":\"https:\\\/\\\/iha-race.com\\\/it\\\/#organization\"},\"potentialAction\":[{\"@type\":\"SearchAction\",\"target\":{\"@type\":\"EntryPoint\",\"urlTemplate\":\"https:\\\/\\\/iha-race.com\\\/it\\\/?s={search_term_string}\"},\"query-input\":{\"@type\":\"PropertyValueSpecification\",\"valueRequired\":true,\"valueName\":\"search_term_string\"}}],\"inLanguage\":\"it-IT\"},{\"@type\":\"Organization\",\"@id\":\"https:\\\/\\\/iha-race.com\\\/it\\\/#organization\",\"name\":\"Iha Race\",\"url\":\"https:\\\/\\\/iha-race.com\\\/it\\\/\",\"logo\":{\"@type\":\"ImageObject\",\"inLanguage\":\"it-IT\",\"@id\":\"https:\\\/\\\/iha-race.com\\\/it\\\/#\\\/schema\\\/logo\\\/image\\\/\",\"url\":\"https:\\\/\\\/iha-race.com\\\/wp-content\\\/uploads\\\/2018\\\/07\\\/iha-race-drones-de-carreras-tienda-comprar-drones.png\",\"contentUrl\":\"https:\\\/\\\/iha-race.com\\\/wp-content\\\/uploads\\\/2018\\\/07\\\/iha-race-drones-de-carreras-tienda-comprar-drones.png\",\"width\":300,\"height\":100,\"caption\":\"Iha Race\"},\"image\":{\"@id\":\"https:\\\/\\\/iha-race.com\\\/it\\\/#\\\/schema\\\/logo\\\/image\\\/\"}}]}<\/script>\n<!-- \/ Yoast SEO plugin. -->","yoast_head_json":{"title":"Batteria Tattu R-Line 650mAh 14.8V 4S1P 95C XT30 Lipo Tattu R-Line - Iha Race","robots":{"index":"index","follow":"follow","max-snippet":"max-snippet:-1","max-image-preview":"max-image-preview:large","max-video-preview":"max-video-preview:-1"},"canonical":"https:\/\/iha-race.com\/it\/prodotto\/bateria-lipo-tattu-r-line-650mah-14-8v-4s1p-95c-xt30\/","og_locale":"it_IT","og_type":"article","og_title":"Batteria Tattu R-Line 650mAh 14.8V 4S1P 95C XT30 Lipo Tattu R-Line - Iha Race","og_description":"Batteria Tattu R-Line 650mAh 14.8V 4S1P 95C XT30 Lipo Tattu R-Line La batteria Lipo Tattu R-Line 650mAh 14,8V 95C 4S1P ha una capacit\u00e0 e una velocit\u00e0 di scarica complete. Si","og_url":"https:\/\/iha-race.com\/it\/prodotto\/bateria-lipo-tattu-r-line-650mah-14-8v-4s1p-95c-xt30\/","og_site_name":"Iha Race","article_modified_time":"2026-03-09T15:56:28+00:00","og_image":[{"width":800,"height":800,"url":"https:\/\/iha-race.com\/wp-content\/uploads\/2022\/11\/Tattu_R-Line_650mAh_14.8V_4S1P_95C_Lipo_Battery__ml.jpg","type":"image\/jpeg"}],"twitter_card":"summary_large_image","twitter_misc":{"Tempo di lettura stimato":"1 minuto"},"schema":{"@context":"https:\/\/schema.org","@graph":[{"@type":"WebPage","@id":"https:\/\/iha-race.com\/it\/prodotto\/bateria-lipo-tattu-r-line-650mah-14-8v-4s1p-95c-xt30\/","url":"https:\/\/iha-race.com\/it\/prodotto\/bateria-lipo-tattu-r-line-650mah-14-8v-4s1p-95c-xt30\/","name":"Batteria Tattu R-Line 650mAh 14.8V 4S1P 95C XT30 Lipo Tattu R-Line - Iha Race","isPartOf":{"@id":"https:\/\/iha-race.com\/it\/#website"},"primaryImageOfPage":{"@id":"https:\/\/iha-race.com\/it\/prodotto\/bateria-lipo-tattu-r-line-650mah-14-8v-4s1p-95c-xt30\/#primaryimage"},"image":{"@id":"https:\/\/iha-race.com\/it\/prodotto\/bateria-lipo-tattu-r-line-650mah-14-8v-4s1p-95c-xt30\/#primaryimage"},"thumbnailUrl":"https:\/\/iha-race.com\/wp-content\/uploads\/2022\/11\/Tattu_R-Line_650mAh_14.8V_4S1P_95C_Lipo_Battery__ml.jpg","datePublished":"2022-11-09T09:08:22+00:00","dateModified":"2026-03-09T15:56:28+00:00","breadcrumb":{"@id":"https:\/\/iha-race.com\/it\/prodotto\/bateria-lipo-tattu-r-line-650mah-14-8v-4s1p-95c-xt30\/#breadcrumb"},"inLanguage":"it-IT","potentialAction":[{"@type":"ReadAction","target":["https:\/\/iha-race.com\/it\/prodotto\/bateria-lipo-tattu-r-line-650mah-14-8v-4s1p-95c-xt30\/"]}]},{"@type":"ImageObject","inLanguage":"it-IT","@id":"https:\/\/iha-race.com\/it\/prodotto\/bateria-lipo-tattu-r-line-650mah-14-8v-4s1p-95c-xt30\/#primaryimage","url":"https:\/\/iha-race.com\/wp-content\/uploads\/2022\/11\/Tattu_R-Line_650mAh_14.8V_4S1P_95C_Lipo_Battery__ml.jpg","contentUrl":"https:\/\/iha-race.com\/wp-content\/uploads\/2022\/11\/Tattu_R-Line_650mAh_14.8V_4S1P_95C_Lipo_Battery__ml.jpg","width":800,"height":800,"caption":"Comprar Bater\u00eda Lipo Tattu R-Line 650mAh 14.8V 4S1P 95C"},{"@type":"BreadcrumbList","@id":"https:\/\/iha-race.com\/it\/prodotto\/bateria-lipo-tattu-r-line-650mah-14-8v-4s1p-95c-xt30\/#breadcrumb","itemListElement":[{"@type":"ListItem","position":1,"name":"Portada","item":"https:\/\/iha-race.com\/it\/"},{"@type":"ListItem","position":2,"name":"Negozio","item":"https:\/\/iha-race.com\/it\/negozio\/"},{"@type":"ListItem","position":3,"name":"Batteria Tattu R-Line 650mAh 14.8V 4S1P 95C XT30 Lipo Tattu R-Line"}]},{"@type":"WebSite","@id":"https:\/\/iha-race.com\/it\/#website","url":"https:\/\/iha-race.com\/it\/","name":"Iha Race","description":"Comprar drones de carreras FPV env\u00edos en un d\u00eda desde Espa\u00f1a","publisher":{"@id":"https:\/\/iha-race.com\/it\/#organization"},"potentialAction":[{"@type":"SearchAction","target":{"@type":"EntryPoint","urlTemplate":"https:\/\/iha-race.com\/it\/?s={search_term_string}"},"query-input":{"@type":"PropertyValueSpecification","valueRequired":true,"valueName":"search_term_string"}}],"inLanguage":"it-IT"},{"@type":"Organization","@id":"https:\/\/iha-race.com\/it\/#organization","name":"Iha Race","url":"https:\/\/iha-race.com\/it\/","logo":{"@type":"ImageObject","inLanguage":"it-IT","@id":"https:\/\/iha-race.com\/it\/#\/schema\/logo\/image\/","url":"https:\/\/iha-race.com\/wp-content\/uploads\/2018\/07\/iha-race-drones-de-carreras-tienda-comprar-drones.png","contentUrl":"https:\/\/iha-race.com\/wp-content\/uploads\/2018\/07\/iha-race-drones-de-carreras-tienda-comprar-drones.png","width":300,"height":100,"caption":"Iha Race"},"image":{"@id":"https:\/\/iha-race.com\/it\/#\/schema\/logo\/image\/"}}]}},"brands":[],"_links":{"self":[{"href":"https:\/\/iha-race.com\/it\/wp-json\/wp\/v2\/product\/211665","targetHints":{"allow":["GET"]}}],"collection":[{"href":"https:\/\/iha-race.com\/it\/wp-json\/wp\/v2\/product"}],"about":[{"href":"https:\/\/iha-race.com\/it\/wp-json\/wp\/v2\/types\/product"}],"replies":[{"embeddable":true,"href":"https:\/\/iha-race.com\/it\/wp-json\/wp\/v2\/comments?post=211665"}],"version-history":[{"count":2,"href":"https:\/\/iha-race.com\/it\/wp-json\/wp\/v2\/product\/211665\/revisions"}],"predecessor-version":[{"id":248980,"href":"https:\/\/iha-race.com\/it\/wp-json\/wp\/v2\/product\/211665\/revisions\/248980"}],"wp:featuredmedia":[{"embeddable":true,"href":"https:\/\/iha-race.com\/it\/wp-json\/wp\/v2\/media\/211660"}],"wp:attachment":[{"href":"https:\/\/iha-race.com\/it\/wp-json\/wp\/v2\/media?parent=211665"}],"wp:term":[{"taxonomy":"pwb-brand","embeddable":true,"href":"https:\/\/iha-race.com\/it\/wp-json\/wp\/v2\/pwb-brand?post=211665"},{"taxonomy":"product_cat","embeddable":true,"href":"https:\/\/iha-race.com\/it\/wp-json\/wp\/v2\/product_cat?post=211665"},{"taxonomy":"product_tag","embeddable":true,"href":"https:\/\/iha-race.com\/it\/wp-json\/wp\/v2\/product_tag?post=211665"}],"curies":[{"name":"wp","href":"https:\/\/api.w.org\/{rel}","templated":true}]}}