{"id":211535,"date":"2022-11-08T10:05:27","date_gmt":"2022-11-08T09:05:27","guid":{"rendered":"https:\/\/iha-race.com\/producto\/antenna-truel-mox-868-sma-rpsma-truerc-truel-mox\/"},"modified":"2025-10-10T17:41:42","modified_gmt":"2025-10-10T15:41:42","slug":"antenna-truerc-truel-mox-868-sma-rpsma","status":"publish","type":"product","link":"https:\/\/iha-race.com\/it\/prodotto\/antenna-truerc-truel-mox-868-sma-rpsma\/","title":{"rendered":"Antenna TRUEL-MOX 868 SMA\/RPSMA TrueRC TRUEL-MOX"},"content":{"rendered":"<h2><span data-sheets-value=\"{\"1\":2,\"2\":\"Antena TrueRC TRUEL-MOX 868 SMA\/RPSMA\"}\" data-sheets-userformat=\"{\"2\":513,\"3\":{\"1\":0},\"12\":0}\">Antenna TRUEL-MOX 868 SMA\/RPSMA TrueRC TRUEL-MOX<\/span><\/h2>\n<p>  Il True-MoX 868 \u00e8 la nostra revisione del moxon che si avvale dei pi\u00f9 recenti strumenti di simulazione elettromagnetica 3D e di materiali per PCB classificati RF. Le interazioni con la radio o con il corpo del pilota sono ridotte quasi a zero grazie al nostro design in attesa di brevetto. Ideale per il fuoco incrociato TBS. Si noti che non si tratta di una patch, non puntare la parte piatta verso il bersaglio. Puntare il bordo lungo del pannello bianco verso l&#8217;area di volo prevista. Il bordo lungo verticale produce una polarizzazione verticale.  <\/p>\n<h3>Specifiche tecniche<\/h3>\n<ul>\n<li>Frequenze: 850-890MHz<\/li>\n<li>Guadagno: 5,4 dBi<\/li>\n<li>Larghezza di fascio*: 156 gradi<\/li>\n<li>Larghezza di fascio @-3dB**: 133 gradi<\/li>\n<li>Connettore: SMA<\/li>\n<li>Dimensioni: 109 mm x 165 mm<\/li>\n<\/ul>\n<p><em>*Copertura in cui la ricezione \u00e8 almeno equivalente a quella omnidirezionale.<\/em><br \/>\n<em>**Copertura in cui si ottiene almeno il 70% della portata massima.<\/em><\/p>\n<h3>Il pacchetto comprende<\/h3>\n<ul>\n<li>1 x antenna TRUEL-MOX 868 SMA\/RPSMA TrueRC TRUEL-MOX<\/li>\n<\/ul>\n","protected":false},"excerpt":{"rendered":"<p>Antenna TRUEL-MOX 868 SMA\/RPSMA TrueRC TRUEL-MOX Il True-MoX 868 \u00e8 la nostra revisione del moxon che si avvale dei pi\u00f9 recenti strumenti di simulazione elettromagnetica 3D e di materiali per<\/p>\n","protected":false},"featured_media":211524,"comment_status":"open","ping_status":"closed","template":"","meta":{"_joinchat":[]},"pwb-brand":[],"product_cat":[2438,58],"product_tag":[],"class_list":{"0":"post-211535","1":"product","2":"type-product","3":"status-publish","4":"has-post-thumbnail","6":"product_cat-antenas-tx-y-rx","7":"product_cat-emisoras","9":"first","10":"instock","11":"taxable","12":"shipping-taxable","13":"purchasable","14":"product-type-variable"},"barcode":null,"atum_controlled":true,"out_stock_date":null,"out_stock_threshold":null,"inheritable":true,"stock_on_hold":0,"sold_today":0,"sales_last_days":1,"out_stock_days":0,"lost_sales":0,"update_date":"2026-04-16T08:17:35","atum_locations":[],"atum_stock_status":"instock","restock_status":false,"low_stock_amount":"","sales_update_date":"2026-04-16T08:17:35","calc_backorders":null,"yoast_head":"<!-- This site is optimized with the Yoast SEO plugin v27.3 - https:\/\/yoast.com\/product\/yoast-seo-wordpress\/ -->\n<title>Antenna TRUEL-MOX 868 SMA\/RPSMA TrueRC TRUEL-MOX - Iha Race<\/title>\n<meta name=\"robots\" content=\"index, follow, max-snippet:-1, max-image-preview:large, max-video-preview:-1\" \/>\n<link rel=\"canonical\" href=\"https:\/\/iha-race.com\/it\/prodotto\/antenna-truerc-truel-mox-868-sma-rpsma\/\" \/>\n<meta property=\"og:locale\" content=\"it_IT\" \/>\n<meta property=\"og:type\" content=\"article\" \/>\n<meta property=\"og:title\" content=\"Antenna TRUEL-MOX 868 SMA\/RPSMA TrueRC TRUEL-MOX - Iha Race\" \/>\n<meta property=\"og:description\" content=\"Antenna TRUEL-MOX 868 SMA\/RPSMA TrueRC TRUEL-MOX Il True-MoX 868 \u00e8 la nostra revisione del moxon che si avvale dei pi\u00f9 recenti strumenti di simulazione elettromagnetica 3D e di materiali per\" \/>\n<meta property=\"og:url\" content=\"https:\/\/iha-race.com\/it\/prodotto\/antenna-truerc-truel-mox-868-sma-rpsma\/\" \/>\n<meta property=\"og:site_name\" content=\"Iha Race\" \/>\n<meta property=\"article:modified_time\" content=\"2025-10-10T15:41:42+00:00\" \/>\n<meta property=\"og:image\" content=\"https:\/\/iha-race.com\/wp-content\/uploads\/2022\/11\/truerc-true-mox-868-antenna.jpeg\" \/>\n\t<meta property=\"og:image:width\" content=\"800\" \/>\n\t<meta property=\"og:image:height\" content=\"800\" \/>\n\t<meta property=\"og:image:type\" content=\"image\/jpeg\" \/>\n<meta name=\"twitter:card\" content=\"summary_large_image\" \/>\n<meta name=\"twitter:label1\" content=\"Tempo di lettura stimato\" \/>\n\t<meta name=\"twitter:data1\" content=\"1 minuto\" \/>\n<script type=\"application\/ld+json\" class=\"yoast-schema-graph\">{\"@context\":\"https:\\\/\\\/schema.org\",\"@graph\":[{\"@type\":\"WebPage\",\"@id\":\"https:\\\/\\\/iha-race.com\\\/it\\\/prodotto\\\/antenna-truerc-truel-mox-868-sma-rpsma\\\/\",\"url\":\"https:\\\/\\\/iha-race.com\\\/it\\\/prodotto\\\/antenna-truerc-truel-mox-868-sma-rpsma\\\/\",\"name\":\"Antenna TRUEL-MOX 868 SMA\\\/RPSMA TrueRC TRUEL-MOX - Iha Race\",\"isPartOf\":{\"@id\":\"https:\\\/\\\/iha-race.com\\\/it\\\/#website\"},\"primaryImageOfPage\":{\"@id\":\"https:\\\/\\\/iha-race.com\\\/it\\\/prodotto\\\/antenna-truerc-truel-mox-868-sma-rpsma\\\/#primaryimage\"},\"image\":{\"@id\":\"https:\\\/\\\/iha-race.com\\\/it\\\/prodotto\\\/antenna-truerc-truel-mox-868-sma-rpsma\\\/#primaryimage\"},\"thumbnailUrl\":\"https:\\\/\\\/iha-race.com\\\/wp-content\\\/uploads\\\/2022\\\/11\\\/truerc-true-mox-868-antenna.jpeg\",\"datePublished\":\"2022-11-08T09:05:27+00:00\",\"dateModified\":\"2025-10-10T15:41:42+00:00\",\"breadcrumb\":{\"@id\":\"https:\\\/\\\/iha-race.com\\\/it\\\/prodotto\\\/antenna-truerc-truel-mox-868-sma-rpsma\\\/#breadcrumb\"},\"inLanguage\":\"it-IT\",\"potentialAction\":[{\"@type\":\"ReadAction\",\"target\":[\"https:\\\/\\\/iha-race.com\\\/it\\\/prodotto\\\/antenna-truerc-truel-mox-868-sma-rpsma\\\/\"]}]},{\"@type\":\"ImageObject\",\"inLanguage\":\"it-IT\",\"@id\":\"https:\\\/\\\/iha-race.com\\\/it\\\/prodotto\\\/antenna-truerc-truel-mox-868-sma-rpsma\\\/#primaryimage\",\"url\":\"https:\\\/\\\/iha-race.com\\\/wp-content\\\/uploads\\\/2022\\\/11\\\/truerc-true-mox-868-antenna.jpeg\",\"contentUrl\":\"https:\\\/\\\/iha-race.com\\\/wp-content\\\/uploads\\\/2022\\\/11\\\/truerc-true-mox-868-antenna.jpeg\",\"width\":800,\"height\":800,\"caption\":\"Comprar Antena TrueRC TRUEL-MOX 868 SMA\\\/RPSMA\"},{\"@type\":\"BreadcrumbList\",\"@id\":\"https:\\\/\\\/iha-race.com\\\/it\\\/prodotto\\\/antenna-truerc-truel-mox-868-sma-rpsma\\\/#breadcrumb\",\"itemListElement\":[{\"@type\":\"ListItem\",\"position\":1,\"name\":\"Portada\",\"item\":\"https:\\\/\\\/iha-race.com\\\/it\\\/\"},{\"@type\":\"ListItem\",\"position\":2,\"name\":\"Negozio\",\"item\":\"https:\\\/\\\/iha-race.com\\\/it\\\/negozio\\\/\"},{\"@type\":\"ListItem\",\"position\":3,\"name\":\"Antenna TRUEL-MOX 868 SMA\\\/RPSMA TrueRC TRUEL-MOX\"}]},{\"@type\":\"WebSite\",\"@id\":\"https:\\\/\\\/iha-race.com\\\/it\\\/#website\",\"url\":\"https:\\\/\\\/iha-race.com\\\/it\\\/\",\"name\":\"Iha Race\",\"description\":\"Comprar drones de carreras FPV env\u00edos en un d\u00eda desde Espa\u00f1a\",\"publisher\":{\"@id\":\"https:\\\/\\\/iha-race.com\\\/it\\\/#organization\"},\"potentialAction\":[{\"@type\":\"SearchAction\",\"target\":{\"@type\":\"EntryPoint\",\"urlTemplate\":\"https:\\\/\\\/iha-race.com\\\/it\\\/?s={search_term_string}\"},\"query-input\":{\"@type\":\"PropertyValueSpecification\",\"valueRequired\":true,\"valueName\":\"search_term_string\"}}],\"inLanguage\":\"it-IT\"},{\"@type\":\"Organization\",\"@id\":\"https:\\\/\\\/iha-race.com\\\/it\\\/#organization\",\"name\":\"Iha Race\",\"url\":\"https:\\\/\\\/iha-race.com\\\/it\\\/\",\"logo\":{\"@type\":\"ImageObject\",\"inLanguage\":\"it-IT\",\"@id\":\"https:\\\/\\\/iha-race.com\\\/it\\\/#\\\/schema\\\/logo\\\/image\\\/\",\"url\":\"https:\\\/\\\/iha-race.com\\\/wp-content\\\/uploads\\\/2018\\\/07\\\/iha-race-drones-de-carreras-tienda-comprar-drones.png\",\"contentUrl\":\"https:\\\/\\\/iha-race.com\\\/wp-content\\\/uploads\\\/2018\\\/07\\\/iha-race-drones-de-carreras-tienda-comprar-drones.png\",\"width\":300,\"height\":100,\"caption\":\"Iha Race\"},\"image\":{\"@id\":\"https:\\\/\\\/iha-race.com\\\/it\\\/#\\\/schema\\\/logo\\\/image\\\/\"}}]}<\/script>\n<!-- \/ Yoast SEO plugin. -->","yoast_head_json":{"title":"Antenna TRUEL-MOX 868 SMA\/RPSMA TrueRC TRUEL-MOX - Iha Race","robots":{"index":"index","follow":"follow","max-snippet":"max-snippet:-1","max-image-preview":"max-image-preview:large","max-video-preview":"max-video-preview:-1"},"canonical":"https:\/\/iha-race.com\/it\/prodotto\/antenna-truerc-truel-mox-868-sma-rpsma\/","og_locale":"it_IT","og_type":"article","og_title":"Antenna TRUEL-MOX 868 SMA\/RPSMA TrueRC TRUEL-MOX - Iha Race","og_description":"Antenna TRUEL-MOX 868 SMA\/RPSMA TrueRC TRUEL-MOX Il True-MoX 868 \u00e8 la nostra revisione del moxon che si avvale dei pi\u00f9 recenti strumenti di simulazione elettromagnetica 3D e di materiali per","og_url":"https:\/\/iha-race.com\/it\/prodotto\/antenna-truerc-truel-mox-868-sma-rpsma\/","og_site_name":"Iha Race","article_modified_time":"2025-10-10T15:41:42+00:00","og_image":[{"width":800,"height":800,"url":"https:\/\/iha-race.com\/wp-content\/uploads\/2022\/11\/truerc-true-mox-868-antenna.jpeg","type":"image\/jpeg"}],"twitter_card":"summary_large_image","twitter_misc":{"Tempo di lettura stimato":"1 minuto"},"schema":{"@context":"https:\/\/schema.org","@graph":[{"@type":"WebPage","@id":"https:\/\/iha-race.com\/it\/prodotto\/antenna-truerc-truel-mox-868-sma-rpsma\/","url":"https:\/\/iha-race.com\/it\/prodotto\/antenna-truerc-truel-mox-868-sma-rpsma\/","name":"Antenna TRUEL-MOX 868 SMA\/RPSMA TrueRC TRUEL-MOX - Iha Race","isPartOf":{"@id":"https:\/\/iha-race.com\/it\/#website"},"primaryImageOfPage":{"@id":"https:\/\/iha-race.com\/it\/prodotto\/antenna-truerc-truel-mox-868-sma-rpsma\/#primaryimage"},"image":{"@id":"https:\/\/iha-race.com\/it\/prodotto\/antenna-truerc-truel-mox-868-sma-rpsma\/#primaryimage"},"thumbnailUrl":"https:\/\/iha-race.com\/wp-content\/uploads\/2022\/11\/truerc-true-mox-868-antenna.jpeg","datePublished":"2022-11-08T09:05:27+00:00","dateModified":"2025-10-10T15:41:42+00:00","breadcrumb":{"@id":"https:\/\/iha-race.com\/it\/prodotto\/antenna-truerc-truel-mox-868-sma-rpsma\/#breadcrumb"},"inLanguage":"it-IT","potentialAction":[{"@type":"ReadAction","target":["https:\/\/iha-race.com\/it\/prodotto\/antenna-truerc-truel-mox-868-sma-rpsma\/"]}]},{"@type":"ImageObject","inLanguage":"it-IT","@id":"https:\/\/iha-race.com\/it\/prodotto\/antenna-truerc-truel-mox-868-sma-rpsma\/#primaryimage","url":"https:\/\/iha-race.com\/wp-content\/uploads\/2022\/11\/truerc-true-mox-868-antenna.jpeg","contentUrl":"https:\/\/iha-race.com\/wp-content\/uploads\/2022\/11\/truerc-true-mox-868-antenna.jpeg","width":800,"height":800,"caption":"Comprar Antena TrueRC TRUEL-MOX 868 SMA\/RPSMA"},{"@type":"BreadcrumbList","@id":"https:\/\/iha-race.com\/it\/prodotto\/antenna-truerc-truel-mox-868-sma-rpsma\/#breadcrumb","itemListElement":[{"@type":"ListItem","position":1,"name":"Portada","item":"https:\/\/iha-race.com\/it\/"},{"@type":"ListItem","position":2,"name":"Negozio","item":"https:\/\/iha-race.com\/it\/negozio\/"},{"@type":"ListItem","position":3,"name":"Antenna TRUEL-MOX 868 SMA\/RPSMA TrueRC TRUEL-MOX"}]},{"@type":"WebSite","@id":"https:\/\/iha-race.com\/it\/#website","url":"https:\/\/iha-race.com\/it\/","name":"Iha Race","description":"Comprar drones de carreras FPV env\u00edos en un d\u00eda desde Espa\u00f1a","publisher":{"@id":"https:\/\/iha-race.com\/it\/#organization"},"potentialAction":[{"@type":"SearchAction","target":{"@type":"EntryPoint","urlTemplate":"https:\/\/iha-race.com\/it\/?s={search_term_string}"},"query-input":{"@type":"PropertyValueSpecification","valueRequired":true,"valueName":"search_term_string"}}],"inLanguage":"it-IT"},{"@type":"Organization","@id":"https:\/\/iha-race.com\/it\/#organization","name":"Iha Race","url":"https:\/\/iha-race.com\/it\/","logo":{"@type":"ImageObject","inLanguage":"it-IT","@id":"https:\/\/iha-race.com\/it\/#\/schema\/logo\/image\/","url":"https:\/\/iha-race.com\/wp-content\/uploads\/2018\/07\/iha-race-drones-de-carreras-tienda-comprar-drones.png","contentUrl":"https:\/\/iha-race.com\/wp-content\/uploads\/2018\/07\/iha-race-drones-de-carreras-tienda-comprar-drones.png","width":300,"height":100,"caption":"Iha Race"},"image":{"@id":"https:\/\/iha-race.com\/it\/#\/schema\/logo\/image\/"}}]}},"jetpack_sharing_enabled":true,"brands":[],"_links":{"self":[{"href":"https:\/\/iha-race.com\/it\/wp-json\/wp\/v2\/product\/211535","targetHints":{"allow":["GET"]}}],"collection":[{"href":"https:\/\/iha-race.com\/it\/wp-json\/wp\/v2\/product"}],"about":[{"href":"https:\/\/iha-race.com\/it\/wp-json\/wp\/v2\/types\/product"}],"replies":[{"embeddable":true,"href":"https:\/\/iha-race.com\/it\/wp-json\/wp\/v2\/comments?post=211535"}],"version-history":[{"count":2,"href":"https:\/\/iha-race.com\/it\/wp-json\/wp\/v2\/product\/211535\/revisions"}],"predecessor-version":[{"id":248966,"href":"https:\/\/iha-race.com\/it\/wp-json\/wp\/v2\/product\/211535\/revisions\/248966"}],"wp:featuredmedia":[{"embeddable":true,"href":"https:\/\/iha-race.com\/it\/wp-json\/wp\/v2\/media\/211524"}],"wp:attachment":[{"href":"https:\/\/iha-race.com\/it\/wp-json\/wp\/v2\/media?parent=211535"}],"wp:term":[{"taxonomy":"pwb-brand","embeddable":true,"href":"https:\/\/iha-race.com\/it\/wp-json\/wp\/v2\/pwb-brand?post=211535"},{"taxonomy":"product_cat","embeddable":true,"href":"https:\/\/iha-race.com\/it\/wp-json\/wp\/v2\/product_cat?post=211535"},{"taxonomy":"product_tag","embeddable":true,"href":"https:\/\/iha-race.com\/it\/wp-json\/wp\/v2\/product_tag?post=211535"}],"curies":[{"name":"wp","href":"https:\/\/api.w.org\/{rel}","templated":true}]}}