{"id":210447,"date":"2022-10-20T10:58:06","date_gmt":"2022-10-20T08:58:06","guid":{"rendered":"https:\/\/iha-race.com\/producto\/batteria-lipo-tattu-plus-22000mah-22-2v-25c-6s1p-con-connettore-as150xt150\/"},"modified":"2024-08-29T11:58:02","modified_gmt":"2024-08-29T09:58:02","slug":"bateria-lipo-tattu-plus-22000mah-22-2v-25c-6s1p-con-conector-as150xt150","status":"publish","type":"product","link":"https:\/\/iha-race.com\/it\/prodotto\/bateria-lipo-tattu-plus-22000mah-22-2v-25c-6s1p-con-conector-as150xt150\/","title":{"rendered":"Batteria lipo Tattu Plus 22000mAh 22,2V 25C 6S1P con connettore AS150+XT150"},"content":{"rendered":"<h1>Batteria lipo Tattu Plus 22000mAh 22,2V 25C 6S1P con connettore AS150+XT150<\/h1>\n<p><em><span style=\"color: #ff0000;\"><strong>Spedizione gratuita 5\/7 giorni dalla Germania con UPS<\/strong><\/span><\/em><\/p>\n<div>\n<div>\n<p><strong>22000mAh 22,2V 25C 6S1P Tattu Lipo Batteria utilizzata per DJI S1000, KOPTERWORX Hammer X8 e multirotori professionali.<\/strong><\/p>\n<\/div>\n<p><b>Una<\/b>batteria intelligente progettata appositamente per i veicoli aerei senza pilota. L&#8217;involucro protettivo garantisce a queste batterie una maggiore sicurezza durante il volo. Anche il cavo di alimentazione \u00e8 pi\u00f9 lungo delle normali batterie Tattu. Le spie LED della batteria indicano la capacit\u00e0 delle batterie durante la carica. Le spie luminose indicano la temperatura, la sovra\/sotto carica e il livello di equilibrio delle celle. Queste batterie lipo entrano anche in una modalit\u00e0 di conservazione intelligente quando si caricano completamente e si decide di conservarle. Le batterie stesse si scaricano in modalit\u00e0 di accumulo per mantenere la tensione a un determinato livello di accumulo. L&#8217;incredibile sistema di gestione della batteria (BMS) gestisce in modo intelligente la batteria e ne prolunga la durata. Questo BMS \u00e8 una tendenza delle batterie Lipo, la nuova generazione di batterie per UAV. I droni sono sempre pi\u00f9 diffusi tra la gente. La fotografia aerea \u00e8 diventata un elemento comune nella vita quotidiana delle persone. Nel frattempo, anche la domanda di batterie per droni \u00e8 cambiata. Tattu Plus \u00e8 una versione nuova e migliorata della batteria Tattu! \u00c8 dotato di un incredibile sistema di gestione della batteria (BMS), che gestisce in modo intelligente la batteria e ne prolunga la durata. Il BMS delle batterie UAV diventer\u00e0 una tendenza in futuro. Dovrebbe trattarsi di una nuova generazione di batterie per veicoli aerei senza pilota.  <\/p>\n<h3>Caratteristiche<\/h3>\n<ul>\n<li>Funzione di autoscarica nell&#8217;immagazzinamento ad alta temperatura<\/li>\n<li>Funzione di avviso di sovratensione e sottotensione.<\/li>\n<li>Funzione di avviso di sovratemperatura e sottotemperatura.<\/li>\n<li>Funzione di allarme cellulare anormale<\/li>\n<li>Funzione di autoscarica al 100% SOC Conservazione<\/li>\n<li>Assistenza post-vendita locale (con sede a Korschenbroich, DE)<\/li>\n<\/ul>\n<p><strong>Specifiche tecniche<\/strong><\/p>\n<ul>\n<li>Capacit\u00e0: 22000 mAh<\/li>\n<li>Configurazione: 6S1P \/ 22,2 V \/ 6 celle<\/li>\n<li>Velocit\u00e0 di scarica: 25 C<\/li>\n<li>Peso netto (\u00b1 10 g): 2640 g &#8211;<\/li>\n<li>Dimensioni (\u00b1 5): 214 mm x 96 x 68 mm<\/li>\n<li>Presa di ricarica: MOLEX-436450-9P<\/li>\n<li>Presa di scarico: AS150 +XT150<\/li>\n<\/ul>\n<p><strong>Applicazione: <\/strong> dotato di spina JST-XHP-7 standard del settore, \u00e8 compatibile con i caricabatterie Lipo per DJI S1000\/S1000+\/OnyxStar FOX-C8-HD\/Gryphon Dynamics X8\/Gryphon Dynamics-12 DODECA\/Gryphon Dynamics-8, ecc.  <\/div>\n","protected":false},"excerpt":{"rendered":"<p><em><span style=\"color: #ff0000;\"><strong>Spedizione gratuita 5\/7 giorni dalla Germania con UPS<\/strong><\/span><\/em><\/p>\n","protected":false},"featured_media":236578,"comment_status":"open","ping_status":"closed","template":"","meta":{"_joinchat":[]},"pwb-brand":[],"product_cat":[],"product_tag":[],"class_list":{"0":"post-210447","1":"product","2":"type-product","3":"status-publish","4":"has-post-thumbnail","7":"first","8":"instock","9":"featured","10":"taxable","11":"shipping-taxable","12":"purchasable","13":"product-type-simple"},"barcode":null,"atum_controlled":true,"out_stock_date":null,"out_stock_threshold":null,"inheritable":false,"stock_on_hold":0,"sold_today":0,"sales_last_days":0,"out_stock_days":0,"lost_sales":0,"update_date":"2026-04-28T00:38:55","atum_locations":[],"atum_stock_status":"instock","restock_status":false,"low_stock_amount":"","sales_update_date":"2026-04-27T19:47:02","calc_backorders":null,"yoast_head":"<!-- This site is optimized with the Yoast SEO plugin v27.3 - https:\/\/yoast.com\/product\/yoast-seo-wordpress\/ -->\n<title>Batteria lipo Tattu Plus 22000mAh 22,2V 25C 6S1P con connettore AS150+XT150 - Iha Race<\/title>\n<meta name=\"robots\" content=\"index, follow, max-snippet:-1, max-image-preview:large, max-video-preview:-1\" \/>\n<link rel=\"canonical\" href=\"https:\/\/iha-race.com\/it\/prodotto\/bateria-lipo-tattu-plus-22000mah-22-2v-25c-6s1p-con-conector-as150xt150\/\" \/>\n<meta property=\"og:locale\" content=\"it_IT\" \/>\n<meta property=\"og:type\" content=\"article\" \/>\n<meta property=\"og:title\" content=\"Batteria lipo Tattu Plus 22000mAh 22,2V 25C 6S1P con connettore AS150+XT150 - Iha Race\" \/>\n<meta property=\"og:description\" content=\"Spedizione gratuita 5\/7 giorni dalla Germania con UPS\" \/>\n<meta property=\"og:url\" content=\"https:\/\/iha-race.com\/it\/prodotto\/bateria-lipo-tattu-plus-22000mah-22-2v-25c-6s1p-con-conector-as150xt150\/\" \/>\n<meta property=\"og:site_name\" content=\"Iha Race\" \/>\n<meta property=\"article:modified_time\" content=\"2024-08-29T09:58:02+00:00\" \/>\n<meta property=\"og:image\" content=\"https:\/\/iha-race.com\/wp-content\/uploads\/2022\/10\/www.ubuy_.jpg\" \/>\n\t<meta property=\"og:image:width\" content=\"1377\" \/>\n\t<meta property=\"og:image:height\" content=\"1051\" \/>\n\t<meta property=\"og:image:type\" content=\"image\/jpeg\" \/>\n<meta name=\"twitter:card\" content=\"summary_large_image\" \/>\n<meta name=\"twitter:label1\" content=\"Tempo di lettura stimato\" \/>\n\t<meta name=\"twitter:data1\" content=\"2 minuti\" \/>\n<script type=\"application\/ld+json\" class=\"yoast-schema-graph\">{\"@context\":\"https:\\\/\\\/schema.org\",\"@graph\":[{\"@type\":\"WebPage\",\"@id\":\"https:\\\/\\\/iha-race.com\\\/it\\\/prodotto\\\/bateria-lipo-tattu-plus-22000mah-22-2v-25c-6s1p-con-conector-as150xt150\\\/\",\"url\":\"https:\\\/\\\/iha-race.com\\\/it\\\/prodotto\\\/bateria-lipo-tattu-plus-22000mah-22-2v-25c-6s1p-con-conector-as150xt150\\\/\",\"name\":\"Batteria lipo Tattu Plus 22000mAh 22,2V 25C 6S1P con connettore AS150+XT150 - Iha Race\",\"isPartOf\":{\"@id\":\"https:\\\/\\\/iha-race.com\\\/it\\\/#website\"},\"primaryImageOfPage\":{\"@id\":\"https:\\\/\\\/iha-race.com\\\/it\\\/prodotto\\\/bateria-lipo-tattu-plus-22000mah-22-2v-25c-6s1p-con-conector-as150xt150\\\/#primaryimage\"},\"image\":{\"@id\":\"https:\\\/\\\/iha-race.com\\\/it\\\/prodotto\\\/bateria-lipo-tattu-plus-22000mah-22-2v-25c-6s1p-con-conector-as150xt150\\\/#primaryimage\"},\"thumbnailUrl\":\"https:\\\/\\\/iha-race.com\\\/wp-content\\\/uploads\\\/2022\\\/10\\\/www.ubuy_.jpg\",\"datePublished\":\"2022-10-20T08:58:06+00:00\",\"dateModified\":\"2024-08-29T09:58:02+00:00\",\"breadcrumb\":{\"@id\":\"https:\\\/\\\/iha-race.com\\\/it\\\/prodotto\\\/bateria-lipo-tattu-plus-22000mah-22-2v-25c-6s1p-con-conector-as150xt150\\\/#breadcrumb\"},\"inLanguage\":\"it-IT\",\"potentialAction\":[{\"@type\":\"ReadAction\",\"target\":[\"https:\\\/\\\/iha-race.com\\\/it\\\/prodotto\\\/bateria-lipo-tattu-plus-22000mah-22-2v-25c-6s1p-con-conector-as150xt150\\\/\"]}]},{\"@type\":\"ImageObject\",\"inLanguage\":\"it-IT\",\"@id\":\"https:\\\/\\\/iha-race.com\\\/it\\\/prodotto\\\/bateria-lipo-tattu-plus-22000mah-22-2v-25c-6s1p-con-conector-as150xt150\\\/#primaryimage\",\"url\":\"https:\\\/\\\/iha-race.com\\\/wp-content\\\/uploads\\\/2022\\\/10\\\/www.ubuy_.jpg\",\"contentUrl\":\"https:\\\/\\\/iha-race.com\\\/wp-content\\\/uploads\\\/2022\\\/10\\\/www.ubuy_.jpg\",\"width\":1377,\"height\":1051,\"caption\":\"Comprar Paquete de bater\u00edas Lipo Tattu Plus 22000mAh 22,2V 25C 6S1P con enchufe AS150+XT150\"},{\"@type\":\"BreadcrumbList\",\"@id\":\"https:\\\/\\\/iha-race.com\\\/it\\\/prodotto\\\/bateria-lipo-tattu-plus-22000mah-22-2v-25c-6s1p-con-conector-as150xt150\\\/#breadcrumb\",\"itemListElement\":[{\"@type\":\"ListItem\",\"position\":1,\"name\":\"Portada\",\"item\":\"https:\\\/\\\/iha-race.com\\\/it\\\/\"},{\"@type\":\"ListItem\",\"position\":2,\"name\":\"Negozio\",\"item\":\"https:\\\/\\\/iha-race.com\\\/it\\\/negozio\\\/\"},{\"@type\":\"ListItem\",\"position\":3,\"name\":\"Batteria lipo Tattu Plus 22000mAh 22,2V 25C 6S1P con connettore AS150+XT150\"}]},{\"@type\":\"WebSite\",\"@id\":\"https:\\\/\\\/iha-race.com\\\/it\\\/#website\",\"url\":\"https:\\\/\\\/iha-race.com\\\/it\\\/\",\"name\":\"Iha Race\",\"description\":\"Comprar drones de carreras FPV env\u00edos en un d\u00eda desde Espa\u00f1a\",\"publisher\":{\"@id\":\"https:\\\/\\\/iha-race.com\\\/it\\\/#organization\"},\"potentialAction\":[{\"@type\":\"SearchAction\",\"target\":{\"@type\":\"EntryPoint\",\"urlTemplate\":\"https:\\\/\\\/iha-race.com\\\/it\\\/?s={search_term_string}\"},\"query-input\":{\"@type\":\"PropertyValueSpecification\",\"valueRequired\":true,\"valueName\":\"search_term_string\"}}],\"inLanguage\":\"it-IT\"},{\"@type\":\"Organization\",\"@id\":\"https:\\\/\\\/iha-race.com\\\/it\\\/#organization\",\"name\":\"Iha Race\",\"url\":\"https:\\\/\\\/iha-race.com\\\/it\\\/\",\"logo\":{\"@type\":\"ImageObject\",\"inLanguage\":\"it-IT\",\"@id\":\"https:\\\/\\\/iha-race.com\\\/it\\\/#\\\/schema\\\/logo\\\/image\\\/\",\"url\":\"https:\\\/\\\/iha-race.com\\\/wp-content\\\/uploads\\\/2018\\\/07\\\/iha-race-drones-de-carreras-tienda-comprar-drones.png\",\"contentUrl\":\"https:\\\/\\\/iha-race.com\\\/wp-content\\\/uploads\\\/2018\\\/07\\\/iha-race-drones-de-carreras-tienda-comprar-drones.png\",\"width\":300,\"height\":100,\"caption\":\"Iha Race\"},\"image\":{\"@id\":\"https:\\\/\\\/iha-race.com\\\/it\\\/#\\\/schema\\\/logo\\\/image\\\/\"}}]}<\/script>\n<!-- \/ Yoast SEO plugin. -->","yoast_head_json":{"title":"Batteria lipo Tattu Plus 22000mAh 22,2V 25C 6S1P con connettore AS150+XT150 - Iha Race","robots":{"index":"index","follow":"follow","max-snippet":"max-snippet:-1","max-image-preview":"max-image-preview:large","max-video-preview":"max-video-preview:-1"},"canonical":"https:\/\/iha-race.com\/it\/prodotto\/bateria-lipo-tattu-plus-22000mah-22-2v-25c-6s1p-con-conector-as150xt150\/","og_locale":"it_IT","og_type":"article","og_title":"Batteria lipo Tattu Plus 22000mAh 22,2V 25C 6S1P con connettore AS150+XT150 - Iha Race","og_description":"Spedizione gratuita 5\/7 giorni dalla Germania con UPS","og_url":"https:\/\/iha-race.com\/it\/prodotto\/bateria-lipo-tattu-plus-22000mah-22-2v-25c-6s1p-con-conector-as150xt150\/","og_site_name":"Iha Race","article_modified_time":"2024-08-29T09:58:02+00:00","og_image":[{"width":1377,"height":1051,"url":"https:\/\/iha-race.com\/wp-content\/uploads\/2022\/10\/www.ubuy_.jpg","type":"image\/jpeg"}],"twitter_card":"summary_large_image","twitter_misc":{"Tempo di lettura stimato":"2 minuti"},"schema":{"@context":"https:\/\/schema.org","@graph":[{"@type":"WebPage","@id":"https:\/\/iha-race.com\/it\/prodotto\/bateria-lipo-tattu-plus-22000mah-22-2v-25c-6s1p-con-conector-as150xt150\/","url":"https:\/\/iha-race.com\/it\/prodotto\/bateria-lipo-tattu-plus-22000mah-22-2v-25c-6s1p-con-conector-as150xt150\/","name":"Batteria lipo Tattu Plus 22000mAh 22,2V 25C 6S1P con connettore AS150+XT150 - Iha Race","isPartOf":{"@id":"https:\/\/iha-race.com\/it\/#website"},"primaryImageOfPage":{"@id":"https:\/\/iha-race.com\/it\/prodotto\/bateria-lipo-tattu-plus-22000mah-22-2v-25c-6s1p-con-conector-as150xt150\/#primaryimage"},"image":{"@id":"https:\/\/iha-race.com\/it\/prodotto\/bateria-lipo-tattu-plus-22000mah-22-2v-25c-6s1p-con-conector-as150xt150\/#primaryimage"},"thumbnailUrl":"https:\/\/iha-race.com\/wp-content\/uploads\/2022\/10\/www.ubuy_.jpg","datePublished":"2022-10-20T08:58:06+00:00","dateModified":"2024-08-29T09:58:02+00:00","breadcrumb":{"@id":"https:\/\/iha-race.com\/it\/prodotto\/bateria-lipo-tattu-plus-22000mah-22-2v-25c-6s1p-con-conector-as150xt150\/#breadcrumb"},"inLanguage":"it-IT","potentialAction":[{"@type":"ReadAction","target":["https:\/\/iha-race.com\/it\/prodotto\/bateria-lipo-tattu-plus-22000mah-22-2v-25c-6s1p-con-conector-as150xt150\/"]}]},{"@type":"ImageObject","inLanguage":"it-IT","@id":"https:\/\/iha-race.com\/it\/prodotto\/bateria-lipo-tattu-plus-22000mah-22-2v-25c-6s1p-con-conector-as150xt150\/#primaryimage","url":"https:\/\/iha-race.com\/wp-content\/uploads\/2022\/10\/www.ubuy_.jpg","contentUrl":"https:\/\/iha-race.com\/wp-content\/uploads\/2022\/10\/www.ubuy_.jpg","width":1377,"height":1051,"caption":"Comprar Paquete de bater\u00edas Lipo Tattu Plus 22000mAh 22,2V 25C 6S1P con enchufe AS150+XT150"},{"@type":"BreadcrumbList","@id":"https:\/\/iha-race.com\/it\/prodotto\/bateria-lipo-tattu-plus-22000mah-22-2v-25c-6s1p-con-conector-as150xt150\/#breadcrumb","itemListElement":[{"@type":"ListItem","position":1,"name":"Portada","item":"https:\/\/iha-race.com\/it\/"},{"@type":"ListItem","position":2,"name":"Negozio","item":"https:\/\/iha-race.com\/it\/negozio\/"},{"@type":"ListItem","position":3,"name":"Batteria lipo Tattu Plus 22000mAh 22,2V 25C 6S1P con connettore AS150+XT150"}]},{"@type":"WebSite","@id":"https:\/\/iha-race.com\/it\/#website","url":"https:\/\/iha-race.com\/it\/","name":"Iha Race","description":"Comprar drones de carreras FPV env\u00edos en un d\u00eda desde Espa\u00f1a","publisher":{"@id":"https:\/\/iha-race.com\/it\/#organization"},"potentialAction":[{"@type":"SearchAction","target":{"@type":"EntryPoint","urlTemplate":"https:\/\/iha-race.com\/it\/?s={search_term_string}"},"query-input":{"@type":"PropertyValueSpecification","valueRequired":true,"valueName":"search_term_string"}}],"inLanguage":"it-IT"},{"@type":"Organization","@id":"https:\/\/iha-race.com\/it\/#organization","name":"Iha Race","url":"https:\/\/iha-race.com\/it\/","logo":{"@type":"ImageObject","inLanguage":"it-IT","@id":"https:\/\/iha-race.com\/it\/#\/schema\/logo\/image\/","url":"https:\/\/iha-race.com\/wp-content\/uploads\/2018\/07\/iha-race-drones-de-carreras-tienda-comprar-drones.png","contentUrl":"https:\/\/iha-race.com\/wp-content\/uploads\/2018\/07\/iha-race-drones-de-carreras-tienda-comprar-drones.png","width":300,"height":100,"caption":"Iha Race"},"image":{"@id":"https:\/\/iha-race.com\/it\/#\/schema\/logo\/image\/"}}]}},"jetpack_sharing_enabled":true,"brands":[],"_links":{"self":[{"href":"https:\/\/iha-race.com\/it\/wp-json\/wp\/v2\/product\/210447","targetHints":{"allow":["GET"]}}],"collection":[{"href":"https:\/\/iha-race.com\/it\/wp-json\/wp\/v2\/product"}],"about":[{"href":"https:\/\/iha-race.com\/it\/wp-json\/wp\/v2\/types\/product"}],"replies":[{"embeddable":true,"href":"https:\/\/iha-race.com\/it\/wp-json\/wp\/v2\/comments?post=210447"}],"version-history":[{"count":5,"href":"https:\/\/iha-race.com\/it\/wp-json\/wp\/v2\/product\/210447\/revisions"}],"predecessor-version":[{"id":248940,"href":"https:\/\/iha-race.com\/it\/wp-json\/wp\/v2\/product\/210447\/revisions\/248940"}],"wp:featuredmedia":[{"embeddable":true,"href":"https:\/\/iha-race.com\/it\/wp-json\/wp\/v2\/media\/236578"}],"wp:attachment":[{"href":"https:\/\/iha-race.com\/it\/wp-json\/wp\/v2\/media?parent=210447"}],"wp:term":[{"taxonomy":"pwb-brand","embeddable":true,"href":"https:\/\/iha-race.com\/it\/wp-json\/wp\/v2\/pwb-brand?post=210447"},{"taxonomy":"product_cat","embeddable":true,"href":"https:\/\/iha-race.com\/it\/wp-json\/wp\/v2\/product_cat?post=210447"},{"taxonomy":"product_tag","embeddable":true,"href":"https:\/\/iha-race.com\/it\/wp-json\/wp\/v2\/product_tag?post=210447"}],"curies":[{"name":"wp","href":"https:\/\/api.w.org\/{rel}","templated":true}]}}