{"id":207398,"date":"2020-09-14T11:14:26","date_gmt":"2020-09-14T09:14:26","guid":{"rendered":"https:\/\/iha-race.com\/producto\/set-di-ricambi-iha-race-3d-per-one-mini-x2\/"},"modified":"2026-03-21T19:39:03","modified_gmt":"2026-03-21T18:39:03","slug":"iha-race-set-di-pezzi-di-ricambio-3d-per-luno-mini-x2","status":"publish","type":"product","link":"https:\/\/iha-race.com\/it\/prodotto\/iha-race-set-di-pezzi-di-ricambio-3d-per-luno-mini-x2\/","title":{"rendered":"Set di ricambi IHA-Race 3D per One Mini X2"},"content":{"rendered":"<h2>Set di ricambi IHA-Race 3D per One Mini X2<\/h2>\n<p>  Confezione composta da 7 pezzi in 3D in diversi colori, in modo che l&#8217;assemblaggio risolva molti dei problemi che abbiamo con le antenne, la protezione del motore e l&#8217;antivibrazione e il supporto della fotocamera per l&#8217;accoppiamento dei microfoni.  &nbsp;<\/p>\n<p>&nbsp;<\/p>\n<p>&nbsp;<\/p>\n","protected":false},"excerpt":{"rendered":"<p>Set di ricambi IHA-Race 3D per One Mini X2 Confezione composta da 7 pezzi in 3D in diversi colori, in modo che l&#8217;assemblaggio risolva molti dei problemi che abbiamo con<\/p>\n","protected":false},"featured_media":93038,"comment_status":"open","ping_status":"closed","template":"","meta":{"_joinchat":[]},"pwb-brand":[3586],"product_cat":[3670,1438,1505],"product_tag":[],"class_list":{"0":"post-207398","1":"product","2":"type-product","3":"status-publish","4":"has-post-thumbnail","6":"pwb-brand-iha-race","7":"product_cat-cornici","8":"product_cat-droni-fpv","9":"product_cat-droni-starter","11":"first","12":"instock","13":"taxable","14":"shipping-taxable","15":"purchasable","16":"product-type-variable"},"barcode":null,"atum_controlled":true,"out_stock_date":null,"out_stock_threshold":null,"inheritable":true,"stock_on_hold":0,"sold_today":1,"sales_last_days":1,"out_stock_days":0,"lost_sales":0,"update_date":"2026-04-18T19:10:50","atum_locations":[],"atum_stock_status":"instock","restock_status":false,"low_stock_amount":"","sales_update_date":"2026-04-18T19:10:50","calc_backorders":null,"yoast_head":"<!-- This site is optimized with the Yoast SEO plugin v27.3 - https:\/\/yoast.com\/product\/yoast-seo-wordpress\/ -->\n<title>Set di ricambi IHA-Race 3D per One Mini X2 - Iha Race<\/title>\n<meta name=\"robots\" content=\"index, follow, max-snippet:-1, max-image-preview:large, max-video-preview:-1\" \/>\n<link rel=\"canonical\" href=\"https:\/\/iha-race.com\/it\/prodotto\/iha-race-set-di-pezzi-di-ricambio-3d-per-luno-mini-x2\/\" \/>\n<meta property=\"og:locale\" content=\"it_IT\" \/>\n<meta property=\"og:type\" content=\"article\" \/>\n<meta property=\"og:title\" content=\"Set di ricambi IHA-Race 3D per One Mini X2 - Iha Race\" \/>\n<meta property=\"og:description\" content=\"Set di ricambi IHA-Race 3D per One Mini X2 Confezione composta da 7 pezzi in 3D in diversi colori, in modo che l&#8217;assemblaggio risolva molti dei problemi che abbiamo con\" \/>\n<meta property=\"og:url\" content=\"https:\/\/iha-race.com\/it\/prodotto\/iha-race-set-di-pezzi-di-ricambio-3d-per-luno-mini-x2\/\" \/>\n<meta property=\"og:site_name\" content=\"Iha Race\" \/>\n<meta property=\"article:modified_time\" content=\"2026-03-21T18:39:03+00:00\" \/>\n<meta property=\"og:image\" content=\"https:\/\/iha-race.com\/wp-content\/uploads\/2020\/09\/piezas-3d-dron-carreras-one-mini-x2-fpv-1.jpg\" \/>\n\t<meta property=\"og:image:width\" content=\"1000\" \/>\n\t<meta property=\"og:image:height\" content=\"1000\" \/>\n\t<meta property=\"og:image:type\" content=\"image\/jpeg\" \/>\n<meta name=\"twitter:card\" content=\"summary_large_image\" \/>\n<script type=\"application\/ld+json\" class=\"yoast-schema-graph\">{\"@context\":\"https:\\\/\\\/schema.org\",\"@graph\":[{\"@type\":\"WebPage\",\"@id\":\"https:\\\/\\\/iha-race.com\\\/it\\\/prodotto\\\/iha-race-set-di-pezzi-di-ricambio-3d-per-luno-mini-x2\\\/\",\"url\":\"https:\\\/\\\/iha-race.com\\\/it\\\/prodotto\\\/iha-race-set-di-pezzi-di-ricambio-3d-per-luno-mini-x2\\\/\",\"name\":\"Set di ricambi IHA-Race 3D per One Mini X2 - Iha Race\",\"isPartOf\":{\"@id\":\"https:\\\/\\\/iha-race.com\\\/it\\\/#website\"},\"primaryImageOfPage\":{\"@id\":\"https:\\\/\\\/iha-race.com\\\/it\\\/prodotto\\\/iha-race-set-di-pezzi-di-ricambio-3d-per-luno-mini-x2\\\/#primaryimage\"},\"image\":{\"@id\":\"https:\\\/\\\/iha-race.com\\\/it\\\/prodotto\\\/iha-race-set-di-pezzi-di-ricambio-3d-per-luno-mini-x2\\\/#primaryimage\"},\"thumbnailUrl\":\"https:\\\/\\\/iha-race.com\\\/wp-content\\\/uploads\\\/2020\\\/09\\\/piezas-3d-dron-carreras-one-mini-x2-fpv-1.jpg\",\"datePublished\":\"2020-09-14T09:14:26+00:00\",\"dateModified\":\"2026-03-21T18:39:03+00:00\",\"breadcrumb\":{\"@id\":\"https:\\\/\\\/iha-race.com\\\/it\\\/prodotto\\\/iha-race-set-di-pezzi-di-ricambio-3d-per-luno-mini-x2\\\/#breadcrumb\"},\"inLanguage\":\"it-IT\",\"potentialAction\":[{\"@type\":\"ReadAction\",\"target\":[\"https:\\\/\\\/iha-race.com\\\/it\\\/prodotto\\\/iha-race-set-di-pezzi-di-ricambio-3d-per-luno-mini-x2\\\/\"]}]},{\"@type\":\"ImageObject\",\"inLanguage\":\"it-IT\",\"@id\":\"https:\\\/\\\/iha-race.com\\\/it\\\/prodotto\\\/iha-race-set-di-pezzi-di-ricambio-3d-per-luno-mini-x2\\\/#primaryimage\",\"url\":\"https:\\\/\\\/iha-race.com\\\/wp-content\\\/uploads\\\/2020\\\/09\\\/piezas-3d-dron-carreras-one-mini-x2-fpv-1.jpg\",\"contentUrl\":\"https:\\\/\\\/iha-race.com\\\/wp-content\\\/uploads\\\/2020\\\/09\\\/piezas-3d-dron-carreras-one-mini-x2-fpv-1.jpg\",\"width\":1000,\"height\":1000},{\"@type\":\"BreadcrumbList\",\"@id\":\"https:\\\/\\\/iha-race.com\\\/it\\\/prodotto\\\/iha-race-set-di-pezzi-di-ricambio-3d-per-luno-mini-x2\\\/#breadcrumb\",\"itemListElement\":[{\"@type\":\"ListItem\",\"position\":1,\"name\":\"Portada\",\"item\":\"https:\\\/\\\/iha-race.com\\\/it\\\/\"},{\"@type\":\"ListItem\",\"position\":2,\"name\":\"Negozio\",\"item\":\"https:\\\/\\\/iha-race.com\\\/it\\\/negozio\\\/\"},{\"@type\":\"ListItem\",\"position\":3,\"name\":\"Set di ricambi IHA-Race 3D per One Mini X2\"}]},{\"@type\":\"WebSite\",\"@id\":\"https:\\\/\\\/iha-race.com\\\/it\\\/#website\",\"url\":\"https:\\\/\\\/iha-race.com\\\/it\\\/\",\"name\":\"Iha Race\",\"description\":\"Comprar drones de carreras FPV env\u00edos en un d\u00eda desde Espa\u00f1a\",\"publisher\":{\"@id\":\"https:\\\/\\\/iha-race.com\\\/it\\\/#organization\"},\"potentialAction\":[{\"@type\":\"SearchAction\",\"target\":{\"@type\":\"EntryPoint\",\"urlTemplate\":\"https:\\\/\\\/iha-race.com\\\/it\\\/?s={search_term_string}\"},\"query-input\":{\"@type\":\"PropertyValueSpecification\",\"valueRequired\":true,\"valueName\":\"search_term_string\"}}],\"inLanguage\":\"it-IT\"},{\"@type\":\"Organization\",\"@id\":\"https:\\\/\\\/iha-race.com\\\/it\\\/#organization\",\"name\":\"Iha Race\",\"url\":\"https:\\\/\\\/iha-race.com\\\/it\\\/\",\"logo\":{\"@type\":\"ImageObject\",\"inLanguage\":\"it-IT\",\"@id\":\"https:\\\/\\\/iha-race.com\\\/it\\\/#\\\/schema\\\/logo\\\/image\\\/\",\"url\":\"https:\\\/\\\/iha-race.com\\\/wp-content\\\/uploads\\\/2018\\\/07\\\/iha-race-drones-de-carreras-tienda-comprar-drones.png\",\"contentUrl\":\"https:\\\/\\\/iha-race.com\\\/wp-content\\\/uploads\\\/2018\\\/07\\\/iha-race-drones-de-carreras-tienda-comprar-drones.png\",\"width\":300,\"height\":100,\"caption\":\"Iha Race\"},\"image\":{\"@id\":\"https:\\\/\\\/iha-race.com\\\/it\\\/#\\\/schema\\\/logo\\\/image\\\/\"}}]}<\/script>\n<!-- \/ Yoast SEO plugin. -->","yoast_head_json":{"title":"Set di ricambi IHA-Race 3D per One Mini X2 - Iha Race","robots":{"index":"index","follow":"follow","max-snippet":"max-snippet:-1","max-image-preview":"max-image-preview:large","max-video-preview":"max-video-preview:-1"},"canonical":"https:\/\/iha-race.com\/it\/prodotto\/iha-race-set-di-pezzi-di-ricambio-3d-per-luno-mini-x2\/","og_locale":"it_IT","og_type":"article","og_title":"Set di ricambi IHA-Race 3D per One Mini X2 - Iha Race","og_description":"Set di ricambi IHA-Race 3D per One Mini X2 Confezione composta da 7 pezzi in 3D in diversi colori, in modo che l&#8217;assemblaggio risolva molti dei problemi che abbiamo con","og_url":"https:\/\/iha-race.com\/it\/prodotto\/iha-race-set-di-pezzi-di-ricambio-3d-per-luno-mini-x2\/","og_site_name":"Iha Race","article_modified_time":"2026-03-21T18:39:03+00:00","og_image":[{"width":1000,"height":1000,"url":"https:\/\/iha-race.com\/wp-content\/uploads\/2020\/09\/piezas-3d-dron-carreras-one-mini-x2-fpv-1.jpg","type":"image\/jpeg"}],"twitter_card":"summary_large_image","schema":{"@context":"https:\/\/schema.org","@graph":[{"@type":"WebPage","@id":"https:\/\/iha-race.com\/it\/prodotto\/iha-race-set-di-pezzi-di-ricambio-3d-per-luno-mini-x2\/","url":"https:\/\/iha-race.com\/it\/prodotto\/iha-race-set-di-pezzi-di-ricambio-3d-per-luno-mini-x2\/","name":"Set di ricambi IHA-Race 3D per One Mini X2 - Iha Race","isPartOf":{"@id":"https:\/\/iha-race.com\/it\/#website"},"primaryImageOfPage":{"@id":"https:\/\/iha-race.com\/it\/prodotto\/iha-race-set-di-pezzi-di-ricambio-3d-per-luno-mini-x2\/#primaryimage"},"image":{"@id":"https:\/\/iha-race.com\/it\/prodotto\/iha-race-set-di-pezzi-di-ricambio-3d-per-luno-mini-x2\/#primaryimage"},"thumbnailUrl":"https:\/\/iha-race.com\/wp-content\/uploads\/2020\/09\/piezas-3d-dron-carreras-one-mini-x2-fpv-1.jpg","datePublished":"2020-09-14T09:14:26+00:00","dateModified":"2026-03-21T18:39:03+00:00","breadcrumb":{"@id":"https:\/\/iha-race.com\/it\/prodotto\/iha-race-set-di-pezzi-di-ricambio-3d-per-luno-mini-x2\/#breadcrumb"},"inLanguage":"it-IT","potentialAction":[{"@type":"ReadAction","target":["https:\/\/iha-race.com\/it\/prodotto\/iha-race-set-di-pezzi-di-ricambio-3d-per-luno-mini-x2\/"]}]},{"@type":"ImageObject","inLanguage":"it-IT","@id":"https:\/\/iha-race.com\/it\/prodotto\/iha-race-set-di-pezzi-di-ricambio-3d-per-luno-mini-x2\/#primaryimage","url":"https:\/\/iha-race.com\/wp-content\/uploads\/2020\/09\/piezas-3d-dron-carreras-one-mini-x2-fpv-1.jpg","contentUrl":"https:\/\/iha-race.com\/wp-content\/uploads\/2020\/09\/piezas-3d-dron-carreras-one-mini-x2-fpv-1.jpg","width":1000,"height":1000},{"@type":"BreadcrumbList","@id":"https:\/\/iha-race.com\/it\/prodotto\/iha-race-set-di-pezzi-di-ricambio-3d-per-luno-mini-x2\/#breadcrumb","itemListElement":[{"@type":"ListItem","position":1,"name":"Portada","item":"https:\/\/iha-race.com\/it\/"},{"@type":"ListItem","position":2,"name":"Negozio","item":"https:\/\/iha-race.com\/it\/negozio\/"},{"@type":"ListItem","position":3,"name":"Set di ricambi IHA-Race 3D per One Mini X2"}]},{"@type":"WebSite","@id":"https:\/\/iha-race.com\/it\/#website","url":"https:\/\/iha-race.com\/it\/","name":"Iha Race","description":"Comprar drones de carreras FPV env\u00edos en un d\u00eda desde Espa\u00f1a","publisher":{"@id":"https:\/\/iha-race.com\/it\/#organization"},"potentialAction":[{"@type":"SearchAction","target":{"@type":"EntryPoint","urlTemplate":"https:\/\/iha-race.com\/it\/?s={search_term_string}"},"query-input":{"@type":"PropertyValueSpecification","valueRequired":true,"valueName":"search_term_string"}}],"inLanguage":"it-IT"},{"@type":"Organization","@id":"https:\/\/iha-race.com\/it\/#organization","name":"Iha Race","url":"https:\/\/iha-race.com\/it\/","logo":{"@type":"ImageObject","inLanguage":"it-IT","@id":"https:\/\/iha-race.com\/it\/#\/schema\/logo\/image\/","url":"https:\/\/iha-race.com\/wp-content\/uploads\/2018\/07\/iha-race-drones-de-carreras-tienda-comprar-drones.png","contentUrl":"https:\/\/iha-race.com\/wp-content\/uploads\/2018\/07\/iha-race-drones-de-carreras-tienda-comprar-drones.png","width":300,"height":100,"caption":"Iha Race"},"image":{"@id":"https:\/\/iha-race.com\/it\/#\/schema\/logo\/image\/"}}]}},"jetpack_sharing_enabled":true,"brands":[{"id":3586,"name":"IHA Race","slug":"iha-race"}],"_links":{"self":[{"href":"https:\/\/iha-race.com\/it\/wp-json\/wp\/v2\/product\/207398","targetHints":{"allow":["GET"]}}],"collection":[{"href":"https:\/\/iha-race.com\/it\/wp-json\/wp\/v2\/product"}],"about":[{"href":"https:\/\/iha-race.com\/it\/wp-json\/wp\/v2\/types\/product"}],"replies":[{"embeddable":true,"href":"https:\/\/iha-race.com\/it\/wp-json\/wp\/v2\/comments?post=207398"}],"version-history":[{"count":2,"href":"https:\/\/iha-race.com\/it\/wp-json\/wp\/v2\/product\/207398\/revisions"}],"predecessor-version":[{"id":249816,"href":"https:\/\/iha-race.com\/it\/wp-json\/wp\/v2\/product\/207398\/revisions\/249816"}],"wp:featuredmedia":[{"embeddable":true,"href":"https:\/\/iha-race.com\/it\/wp-json\/wp\/v2\/media\/93038"}],"wp:attachment":[{"href":"https:\/\/iha-race.com\/it\/wp-json\/wp\/v2\/media?parent=207398"}],"wp:term":[{"taxonomy":"pwb-brand","embeddable":true,"href":"https:\/\/iha-race.com\/it\/wp-json\/wp\/v2\/pwb-brand?post=207398"},{"taxonomy":"product_cat","embeddable":true,"href":"https:\/\/iha-race.com\/it\/wp-json\/wp\/v2\/product_cat?post=207398"},{"taxonomy":"product_tag","embeddable":true,"href":"https:\/\/iha-race.com\/it\/wp-json\/wp\/v2\/product_tag?post=207398"}],"curies":[{"name":"wp","href":"https:\/\/api.w.org\/{rel}","templated":true}]}}