{"id":116845,"date":"2022-09-07T16:20:01","date_gmt":"2022-09-07T14:20:01","guid":{"rendered":"https:\/\/iha-race.com\/producto\/foxeer-datura-1404-4533kv-motore-fpv\/"},"modified":"2024-08-29T11:56:34","modified_gmt":"2024-08-29T09:56:34","slug":"motor-fpv-foxeer-datura-1404-4533kv","status":"publish","type":"product","link":"https:\/\/iha-race.com\/it\/prodotto\/motor-fpv-foxeer-datura-1404-4533kv\/","title":{"rendered":"Foxeer Datura 1404 4533Kv Motore FPV"},"content":{"rendered":"<h2><span data-sheets-value=\"{\"1\":2,\"2\":\"Motor FPV Foxeer Datura 1404 4533Kv\"}\" data-sheets-userformat=\"{\"2\":14915,\"3\":{\"1\":0},\"4\":{\"1\":2,\"2\":16777215},\"9\":0,\"12\":0,\"14\":{\"1\":2,\"2\":2236962},\"15\":\"Arial\",\"16\":12}\">Foxeer Datura 1404 4533Kv Motore FPV<\/span><\/h2>\n<p>  Il <strong>motore Foxeer Datura 1404 FPV<\/strong> \u00e8 una delle nuove linee di motori Foxeer! Si tratta di un micromotore ultraleggero dotato di pale in alluminio e di un anello in gomma che assorbe perfettamente gli urti.  <\/p>\n<h2>Caratteristiche<\/h2>\n<ul>\n<li>Avvolgimento di tipo militare a 260\u00b0 resistente alle radiazioni ad alta temperatura<\/li>\n<li>Magnete di alta qualit\u00e0 N52H<\/li>\n<\/ul>\n<p>&nbsp;<\/p>\n<div id=\"nav-tabContent\" class=\"tab-content\">\n<div id=\"nav-n1\" class=\"tab-pane fade show active\" role=\"tabpanel\" aria-labelledby=\"nav-n1-tab\">\n<p><img decoding=\"async\" src=\"https:\/\/inew.foxeer.com\/upload\/image\/20220121\/20220121232157_93940.jpg\" alt=\"\"><\/p>\n<p><img decoding=\"async\" src=\"https:\/\/inew.foxeer.com\/upload\/image\/20220121\/20220121232209_44284.jpg\" alt=\"\"><\/p>\n<p><img decoding=\"async\" src=\"https:\/\/inew.foxeer.com\/upload\/image\/20220208\/20220208040053_30796.jpg\" alt=\"\"><\/p>\n<h2>Specifiche tecniche<\/h2>\n<p><strong>4533KV<\/strong><\/p>\n<ul>\n<li>Dimensioni del motore: 19,2&#215;16,9 mm<\/li>\n<li>Dimensioni dello statore: 14&#215;4 mm<\/li>\n<li>Schema di montaggio: 9&#215;9 mm<\/li>\n<li>Resistenza interna: 140\u03a9<\/li>\n<li>Corrente di riposo a 10 V: 0,85 A.<\/li>\n<li>Diametro dell&#8217;albero: 1,5 mm<\/li>\n<li>Configurazione: 9N12P<\/li>\n<li>Peso (con cavi): 9 g<\/li>\n<li>Tensione di ingresso: 2-3S<\/li>\n<li>KV: 4533<\/li>\n<\/ul>\n<h2>Il pacchetto comprende<\/h2>\n<ul>\n<li>1 motore Foxeer Datura 1404 FPV (4533KV)<\/li>\n<\/ul>\n<\/div>\n<\/div>\n","protected":false},"excerpt":{"rendered":"<p>Il motore Foxeer Datura 1404 FPV \u00e8 una delle nuove linee di motori Foxeer! Si tratta di un micromotore ultraleggero dotato di pale in alluminio e di un anello in gomma che assorbe in modo eccellente gli urti.<\/p>\n","protected":false},"featured_media":116836,"comment_status":"open","ping_status":"closed","template":"","meta":{"_joinchat":[]},"pwb-brand":[],"product_cat":[1242,2479],"product_tag":[],"class_list":{"0":"post-116845","1":"product","2":"type-product","3":"status-publish","4":"has-post-thumbnail","6":"product_cat-motori-fpv","7":"product_cat-senza-spazzole-e-senza-albero","9":"first","10":"outofstock","11":"taxable","12":"shipping-taxable","13":"purchasable","14":"product-type-simple"},"barcode":null,"atum_controlled":true,"out_stock_date":"2026-01-03 17:57:33","out_stock_threshold":null,"inheritable":false,"stock_on_hold":0,"sold_today":0,"sales_last_days":0,"out_stock_days":105,"lost_sales":567,"update_date":"2026-04-18T23:35:13","atum_locations":[],"atum_stock_status":"outofstock","restock_status":false,"low_stock_amount":"","sales_update_date":"2026-04-18T23:35:13","calc_backorders":null,"yoast_head":"<!-- This site is optimized with the Yoast SEO plugin v27.3 - https:\/\/yoast.com\/product\/yoast-seo-wordpress\/ -->\n<title>Foxeer Datura 1404 4533Kv Motore FPV - Iha Race<\/title>\n<meta name=\"robots\" content=\"index, follow, max-snippet:-1, max-image-preview:large, max-video-preview:-1\" \/>\n<link rel=\"canonical\" href=\"https:\/\/iha-race.com\/it\/prodotto\/motor-fpv-foxeer-datura-1404-4533kv\/\" \/>\n<meta property=\"og:locale\" content=\"it_IT\" \/>\n<meta property=\"og:type\" content=\"article\" \/>\n<meta property=\"og:title\" content=\"Foxeer Datura 1404 4533Kv Motore FPV - Iha Race\" \/>\n<meta property=\"og:description\" content=\"Il motore Foxeer Datura 1404 FPV \u00e8 una delle nuove linee di motori Foxeer! Si tratta di un micromotore ultraleggero dotato di pale in alluminio e di un anello in gomma che assorbe in modo eccellente gli urti.\" \/>\n<meta property=\"og:url\" content=\"https:\/\/iha-race.com\/it\/prodotto\/motor-fpv-foxeer-datura-1404-4533kv\/\" \/>\n<meta property=\"og:site_name\" content=\"Iha Race\" \/>\n<meta property=\"article:modified_time\" content=\"2024-08-29T09:56:34+00:00\" \/>\n<meta property=\"og:image\" content=\"https:\/\/iha-race.com\/wp-content\/uploads\/2022\/09\/Motor-FPV-Foxeer-Datura-1404-4533Kv.jpg\" \/>\n\t<meta property=\"og:image:width\" content=\"800\" \/>\n\t<meta property=\"og:image:height\" content=\"800\" \/>\n\t<meta property=\"og:image:type\" content=\"image\/jpeg\" \/>\n<meta name=\"twitter:card\" content=\"summary_large_image\" \/>\n<meta name=\"twitter:label1\" content=\"Tempo di lettura stimato\" \/>\n\t<meta name=\"twitter:data1\" content=\"1 minuto\" \/>\n<script type=\"application\/ld+json\" class=\"yoast-schema-graph\">{\"@context\":\"https:\\\/\\\/schema.org\",\"@graph\":[{\"@type\":\"WebPage\",\"@id\":\"https:\\\/\\\/iha-race.com\\\/it\\\/prodotto\\\/motor-fpv-foxeer-datura-1404-4533kv\\\/\",\"url\":\"https:\\\/\\\/iha-race.com\\\/it\\\/prodotto\\\/motor-fpv-foxeer-datura-1404-4533kv\\\/\",\"name\":\"Foxeer Datura 1404 4533Kv Motore FPV - Iha Race\",\"isPartOf\":{\"@id\":\"https:\\\/\\\/iha-race.com\\\/it\\\/#website\"},\"primaryImageOfPage\":{\"@id\":\"https:\\\/\\\/iha-race.com\\\/it\\\/prodotto\\\/motor-fpv-foxeer-datura-1404-4533kv\\\/#primaryimage\"},\"image\":{\"@id\":\"https:\\\/\\\/iha-race.com\\\/it\\\/prodotto\\\/motor-fpv-foxeer-datura-1404-4533kv\\\/#primaryimage\"},\"thumbnailUrl\":\"https:\\\/\\\/iha-race.com\\\/wp-content\\\/uploads\\\/2022\\\/09\\\/Motor-FPV-Foxeer-Datura-1404-4533Kv.jpg\",\"datePublished\":\"2022-09-07T14:20:01+00:00\",\"dateModified\":\"2024-08-29T09:56:34+00:00\",\"breadcrumb\":{\"@id\":\"https:\\\/\\\/iha-race.com\\\/it\\\/prodotto\\\/motor-fpv-foxeer-datura-1404-4533kv\\\/#breadcrumb\"},\"inLanguage\":\"it-IT\",\"potentialAction\":[{\"@type\":\"ReadAction\",\"target\":[\"https:\\\/\\\/iha-race.com\\\/it\\\/prodotto\\\/motor-fpv-foxeer-datura-1404-4533kv\\\/\"]}]},{\"@type\":\"ImageObject\",\"inLanguage\":\"it-IT\",\"@id\":\"https:\\\/\\\/iha-race.com\\\/it\\\/prodotto\\\/motor-fpv-foxeer-datura-1404-4533kv\\\/#primaryimage\",\"url\":\"https:\\\/\\\/iha-race.com\\\/wp-content\\\/uploads\\\/2022\\\/09\\\/Motor-FPV-Foxeer-Datura-1404-4533Kv.jpg\",\"contentUrl\":\"https:\\\/\\\/iha-race.com\\\/wp-content\\\/uploads\\\/2022\\\/09\\\/Motor-FPV-Foxeer-Datura-1404-4533Kv.jpg\",\"width\":800,\"height\":800,\"caption\":\"Comprare Foxeer Datura 1404 4533Kv FPV Motore\"},{\"@type\":\"BreadcrumbList\",\"@id\":\"https:\\\/\\\/iha-race.com\\\/it\\\/prodotto\\\/motor-fpv-foxeer-datura-1404-4533kv\\\/#breadcrumb\",\"itemListElement\":[{\"@type\":\"ListItem\",\"position\":1,\"name\":\"Portada\",\"item\":\"https:\\\/\\\/iha-race.com\\\/it\\\/\"},{\"@type\":\"ListItem\",\"position\":2,\"name\":\"Negozio\",\"item\":\"https:\\\/\\\/iha-race.com\\\/it\\\/negozio\\\/\"},{\"@type\":\"ListItem\",\"position\":3,\"name\":\"Foxeer Datura 1404 4533Kv Motore FPV\"}]},{\"@type\":\"WebSite\",\"@id\":\"https:\\\/\\\/iha-race.com\\\/it\\\/#website\",\"url\":\"https:\\\/\\\/iha-race.com\\\/it\\\/\",\"name\":\"Iha Race\",\"description\":\"Comprar drones de carreras FPV env\u00edos en un d\u00eda desde Espa\u00f1a\",\"publisher\":{\"@id\":\"https:\\\/\\\/iha-race.com\\\/it\\\/#organization\"},\"potentialAction\":[{\"@type\":\"SearchAction\",\"target\":{\"@type\":\"EntryPoint\",\"urlTemplate\":\"https:\\\/\\\/iha-race.com\\\/it\\\/?s={search_term_string}\"},\"query-input\":{\"@type\":\"PropertyValueSpecification\",\"valueRequired\":true,\"valueName\":\"search_term_string\"}}],\"inLanguage\":\"it-IT\"},{\"@type\":\"Organization\",\"@id\":\"https:\\\/\\\/iha-race.com\\\/it\\\/#organization\",\"name\":\"Iha Race\",\"url\":\"https:\\\/\\\/iha-race.com\\\/it\\\/\",\"logo\":{\"@type\":\"ImageObject\",\"inLanguage\":\"it-IT\",\"@id\":\"https:\\\/\\\/iha-race.com\\\/it\\\/#\\\/schema\\\/logo\\\/image\\\/\",\"url\":\"https:\\\/\\\/iha-race.com\\\/wp-content\\\/uploads\\\/2018\\\/07\\\/iha-race-drones-de-carreras-tienda-comprar-drones.png\",\"contentUrl\":\"https:\\\/\\\/iha-race.com\\\/wp-content\\\/uploads\\\/2018\\\/07\\\/iha-race-drones-de-carreras-tienda-comprar-drones.png\",\"width\":300,\"height\":100,\"caption\":\"Iha Race\"},\"image\":{\"@id\":\"https:\\\/\\\/iha-race.com\\\/it\\\/#\\\/schema\\\/logo\\\/image\\\/\"}}]}<\/script>\n<!-- \/ Yoast SEO plugin. -->","yoast_head_json":{"title":"Foxeer Datura 1404 4533Kv Motore FPV - Iha Race","robots":{"index":"index","follow":"follow","max-snippet":"max-snippet:-1","max-image-preview":"max-image-preview:large","max-video-preview":"max-video-preview:-1"},"canonical":"https:\/\/iha-race.com\/it\/prodotto\/motor-fpv-foxeer-datura-1404-4533kv\/","og_locale":"it_IT","og_type":"article","og_title":"Foxeer Datura 1404 4533Kv Motore FPV - Iha Race","og_description":"Il motore Foxeer Datura 1404 FPV \u00e8 una delle nuove linee di motori Foxeer! Si tratta di un micromotore ultraleggero dotato di pale in alluminio e di un anello in gomma che assorbe in modo eccellente gli urti.","og_url":"https:\/\/iha-race.com\/it\/prodotto\/motor-fpv-foxeer-datura-1404-4533kv\/","og_site_name":"Iha Race","article_modified_time":"2024-08-29T09:56:34+00:00","og_image":[{"width":800,"height":800,"url":"https:\/\/iha-race.com\/wp-content\/uploads\/2022\/09\/Motor-FPV-Foxeer-Datura-1404-4533Kv.jpg","type":"image\/jpeg"}],"twitter_card":"summary_large_image","twitter_misc":{"Tempo di lettura stimato":"1 minuto"},"schema":{"@context":"https:\/\/schema.org","@graph":[{"@type":"WebPage","@id":"https:\/\/iha-race.com\/it\/prodotto\/motor-fpv-foxeer-datura-1404-4533kv\/","url":"https:\/\/iha-race.com\/it\/prodotto\/motor-fpv-foxeer-datura-1404-4533kv\/","name":"Foxeer Datura 1404 4533Kv Motore FPV - Iha Race","isPartOf":{"@id":"https:\/\/iha-race.com\/it\/#website"},"primaryImageOfPage":{"@id":"https:\/\/iha-race.com\/it\/prodotto\/motor-fpv-foxeer-datura-1404-4533kv\/#primaryimage"},"image":{"@id":"https:\/\/iha-race.com\/it\/prodotto\/motor-fpv-foxeer-datura-1404-4533kv\/#primaryimage"},"thumbnailUrl":"https:\/\/iha-race.com\/wp-content\/uploads\/2022\/09\/Motor-FPV-Foxeer-Datura-1404-4533Kv.jpg","datePublished":"2022-09-07T14:20:01+00:00","dateModified":"2024-08-29T09:56:34+00:00","breadcrumb":{"@id":"https:\/\/iha-race.com\/it\/prodotto\/motor-fpv-foxeer-datura-1404-4533kv\/#breadcrumb"},"inLanguage":"it-IT","potentialAction":[{"@type":"ReadAction","target":["https:\/\/iha-race.com\/it\/prodotto\/motor-fpv-foxeer-datura-1404-4533kv\/"]}]},{"@type":"ImageObject","inLanguage":"it-IT","@id":"https:\/\/iha-race.com\/it\/prodotto\/motor-fpv-foxeer-datura-1404-4533kv\/#primaryimage","url":"https:\/\/iha-race.com\/wp-content\/uploads\/2022\/09\/Motor-FPV-Foxeer-Datura-1404-4533Kv.jpg","contentUrl":"https:\/\/iha-race.com\/wp-content\/uploads\/2022\/09\/Motor-FPV-Foxeer-Datura-1404-4533Kv.jpg","width":800,"height":800,"caption":"Comprare Foxeer Datura 1404 4533Kv FPV Motore"},{"@type":"BreadcrumbList","@id":"https:\/\/iha-race.com\/it\/prodotto\/motor-fpv-foxeer-datura-1404-4533kv\/#breadcrumb","itemListElement":[{"@type":"ListItem","position":1,"name":"Portada","item":"https:\/\/iha-race.com\/it\/"},{"@type":"ListItem","position":2,"name":"Negozio","item":"https:\/\/iha-race.com\/it\/negozio\/"},{"@type":"ListItem","position":3,"name":"Foxeer Datura 1404 4533Kv Motore FPV"}]},{"@type":"WebSite","@id":"https:\/\/iha-race.com\/it\/#website","url":"https:\/\/iha-race.com\/it\/","name":"Iha Race","description":"Comprar drones de carreras FPV env\u00edos en un d\u00eda desde Espa\u00f1a","publisher":{"@id":"https:\/\/iha-race.com\/it\/#organization"},"potentialAction":[{"@type":"SearchAction","target":{"@type":"EntryPoint","urlTemplate":"https:\/\/iha-race.com\/it\/?s={search_term_string}"},"query-input":{"@type":"PropertyValueSpecification","valueRequired":true,"valueName":"search_term_string"}}],"inLanguage":"it-IT"},{"@type":"Organization","@id":"https:\/\/iha-race.com\/it\/#organization","name":"Iha Race","url":"https:\/\/iha-race.com\/it\/","logo":{"@type":"ImageObject","inLanguage":"it-IT","@id":"https:\/\/iha-race.com\/it\/#\/schema\/logo\/image\/","url":"https:\/\/iha-race.com\/wp-content\/uploads\/2018\/07\/iha-race-drones-de-carreras-tienda-comprar-drones.png","contentUrl":"https:\/\/iha-race.com\/wp-content\/uploads\/2018\/07\/iha-race-drones-de-carreras-tienda-comprar-drones.png","width":300,"height":100,"caption":"Iha Race"},"image":{"@id":"https:\/\/iha-race.com\/it\/#\/schema\/logo\/image\/"}}]}},"jetpack_sharing_enabled":true,"brands":[],"_links":{"self":[{"href":"https:\/\/iha-race.com\/it\/wp-json\/wp\/v2\/product\/116845","targetHints":{"allow":["GET"]}}],"collection":[{"href":"https:\/\/iha-race.com\/it\/wp-json\/wp\/v2\/product"}],"about":[{"href":"https:\/\/iha-race.com\/it\/wp-json\/wp\/v2\/types\/product"}],"replies":[{"embeddable":true,"href":"https:\/\/iha-race.com\/it\/wp-json\/wp\/v2\/comments?post=116845"}],"version-history":[{"count":2,"href":"https:\/\/iha-race.com\/it\/wp-json\/wp\/v2\/product\/116845\/revisions"}],"predecessor-version":[{"id":248895,"href":"https:\/\/iha-race.com\/it\/wp-json\/wp\/v2\/product\/116845\/revisions\/248895"}],"wp:featuredmedia":[{"embeddable":true,"href":"https:\/\/iha-race.com\/it\/wp-json\/wp\/v2\/media\/116836"}],"wp:attachment":[{"href":"https:\/\/iha-race.com\/it\/wp-json\/wp\/v2\/media?parent=116845"}],"wp:term":[{"taxonomy":"pwb-brand","embeddable":true,"href":"https:\/\/iha-race.com\/it\/wp-json\/wp\/v2\/pwb-brand?post=116845"},{"taxonomy":"product_cat","embeddable":true,"href":"https:\/\/iha-race.com\/it\/wp-json\/wp\/v2\/product_cat?post=116845"},{"taxonomy":"product_tag","embeddable":true,"href":"https:\/\/iha-race.com\/it\/wp-json\/wp\/v2\/product_tag?post=116845"}],"curies":[{"name":"wp","href":"https:\/\/api.w.org\/{rel}","templated":true}]}}