{"id":116787,"date":"2022-09-07T15:35:34","date_gmt":"2022-09-07T13:35:34","guid":{"rendered":"https:\/\/iha-race.com\/producto\/foxeer-reaper-aio-v2-f745-45a-bls-bluejay-2-6s\/"},"modified":"2024-08-29T12:02:01","modified_gmt":"2024-08-29T10:02:01","slug":"placa-aio-foxeer-reaper-v2-f745-45a-bls-bluejay-2-6s","status":"publish","type":"product","link":"https:\/\/iha-race.com\/it\/prodotto\/placa-aio-foxeer-reaper-v2-f745-45a-bls-bluejay-2-6s\/","title":{"rendered":"Foxeer Reaper V2 F745 45A BLS Bluejay 2-6S Scheda AIO"},"content":{"rendered":"<h2>Foxeer Reaper V2 F745 45A BLS Bluejay 2-6S Scheda AIO<\/h2>\n<p>&nbsp;<\/p>\n<div id=\"nav-tabContent\" class=\"tab-content\">\n<div id=\"nav-n1\" class=\"tab-pane fade show active\" role=\"tabpanel\" aria-labelledby=\"nav-n1-tab\"><img decoding=\"async\" src=\"https:\/\/inew.foxeer.com\/upload\/image\/20220526\/20220526050438_89215.jpg\" alt=\"\"><\/div>\n<h3 role=\"tabpanel\" aria-labelledby=\"nav-n1-tab\">Caratteristiche<\/h3>\n<div role=\"tabpanel\" aria-labelledby=\"nav-n1-tab\"><\/div>\n<\/div>\n<div role=\"tabpanel\" aria-labelledby=\"nav-n1-tab\">\n<table class=\"table table-bordered\" width=\"614\">\n<tbody>\n<tr>\n<td valign=\"center\" width=\"189\">Modello<\/td>\n<td valign=\"center\" width=\"413\">FOXEER Reaper AIO V2<\/td>\n<\/tr>\n<tr>\n<td valign=\"center\">UPC<\/td>\n<td valign=\"center\">STM32F745<\/td>\n<\/tr>\n<tr>\n<td valign=\"center\">Alimentazione<\/td>\n<td valign=\"center\">Lipo 2~6S (8,4~25,2 V)<\/td>\n<\/tr>\n<tr>\n<td valign=\"center\">Uscita BEC<\/td>\n<td valign=\"center\">DC 5 V\/2,5 A<\/td>\n<\/tr>\n<tr>\n<td valign=\"center\">OSD<\/td>\n<td valign=\"center\">BF OSD<\/td>\n<\/tr>\n<tr>\n<td valign=\"center\">Scatola nera<\/td>\n<td valign=\"center\">Memoria Flash da 16M<\/td>\n<\/tr>\n<tr>\n<td valign=\"center\">UART<\/td>\n<td valign=\"center\">5 set<\/td>\n<\/tr>\n<tr>\n<td valign=\"center\">USB<\/td>\n<td valign=\"center\">Micro USB<\/td>\n<\/tr>\n<tr>\n<td valign=\"center\">Fireware<\/td>\n<td valign=\"center\">BF:FOXE-FOXEERF745V2_AIO<\/td>\n<\/tr>\n<tr>\n<td valign=\"center\">Connettore DJI\/Vista<\/td>\n<td valign=\"center\">Compatibile, a 7 pin<\/td>\n<\/tr>\n<tr>\n<td valign=\"center\">Dimensioni<\/td>\n<td valign=\"center\">32,5X32,5mm<\/td>\n<\/tr>\n<tr>\n<td valign=\"center\">Foro di montaggio<\/td>\n<td valign=\"center\">25,5X25,5 mm, \u03a63 mm\/M2<\/td>\n<\/tr>\n<tr>\n<td valign=\"center\">Peso (grammi)<\/td>\n<td valign=\"center\">8,6 g<\/td>\n<\/tr>\n<tr>\n<td valign=\"center\">Temperatura di lavoro<\/td>\n<td valign=\"center\">-20\u2103 ~ +55\u2103<\/td>\n<\/tr>\n<tr>\n<td valign=\"center\">Umidit\u00e0 di lavoro<\/td>\n<td valign=\"center\">20\uff5e95%<\/td>\n<\/tr>\n<tr>\n<td valign=\"center\">Temperatura di conservazione<\/td>\n<td valign=\"center\">-20\u2103 ~ +70\u2103<\/td>\n<\/tr>\n<tr>\n<td valign=\"center\">Il pacchetto include<\/td>\n<td valign=\"center\">1*AIO, colonne in gomma, cavo XT30, cavo Vista, capacit\u00e0<\/td>\n<\/tr>\n<\/tbody>\n<\/table>\n<p>&nbsp;<\/p>\n<table class=\"table table-bordered\" width=\"614\">\n<tbody>\n<tr>\n<td valign=\"center\" width=\"189\">firmware<\/td>\n<td valign=\"center\" width=\"413\">Locazione blu: GH-30-96-v0.16\/BLS:GH-30 16.7<\/td>\n<\/tr>\n<tr>\n<td valign=\"center\">Corrente continua\/corrente di scoppio<\/td>\n<td valign=\"center\">45Ax4\/ 50Ax4<\/td>\n<\/tr>\n<tr>\n<td valign=\"center\">Tensione di ingresso<\/td>\n<td valign=\"center\">Lipo 2~6S (8,4~25,2 V)<\/td>\n<\/tr>\n<tr>\n<td valign=\"center\">Telemetria<\/td>\n<td valign=\"center\">No<\/td>\n<\/tr>\n<tr>\n<td valign=\"center\">Programmazione ESC<\/td>\n<td valign=\"center\">Bluejay (default)\/BLHeli-S opzionale<\/td>\n<\/tr>\n<tr>\n<td valign=\"center\">Programmazione del bastone<\/td>\n<td valign=\"center\">Supportato<\/td>\n<\/tr>\n<tr>\n<td valign=\"center\">Sensore attuale:<\/td>\n<td valign=\"center\">Supportato<\/td>\n<\/tr>\n<tr>\n<td valign=\"center\">Scala attuale:<\/td>\n<td valign=\"center\">100<\/td>\n<\/tr>\n<tr>\n<td valign=\"center\">Segnale di ingresso:<\/td>\n<td valign=\"center\">Dshot300\/600<\/td>\n<\/tr>\n<\/tbody>\n<\/table>\n<\/div>\n<h3>Il pacchetto comprende:<\/h3>\n<ul>\n<li>1 x Foxeer Reaper V2 F745 45A BLS Bluejay 2-6S scheda AIO, colonne in gomma, cavo XT30, cavo Vista,&#8230;<\/li>\n<\/ul>\n","protected":false},"excerpt":{"rendered":"<p>Foxeer Reaper V2 F745 45A BLS Bluejay 2-6S Scheda AIO &nbsp; Caratteristiche Modello FOXEER Reaper AIO V2 UPC STM32F745 Alimentazione Lipo 2~6S (8,4~25,2 V) Uscita BEC DC 5 V\/2,5 A<\/p>\n","protected":false},"featured_media":116769,"comment_status":"open","ping_status":"closed","template":"","meta":{"_joinchat":[]},"pwb-brand":[],"product_cat":[2063],"product_tag":[],"class_list":{"0":"post-116787","1":"product","2":"type-product","3":"status-publish","4":"has-post-thumbnail","6":"product_cat-schede-aio","8":"first","9":"outofstock","10":"taxable","11":"shipping-taxable","12":"purchasable","13":"product-type-simple"},"barcode":null,"atum_controlled":true,"out_stock_date":"2026-04-09 00:56:13","out_stock_threshold":null,"inheritable":false,"stock_on_hold":0,"sold_today":1,"sales_last_days":1,"out_stock_days":0,"lost_sales":0,"update_date":"2026-04-09T09:19:35","atum_locations":[],"atum_stock_status":"outofstock","restock_status":false,"low_stock_amount":"","sales_update_date":"2026-04-09T09:19:35","calc_backorders":null,"yoast_head":"<!-- This site is optimized with the Yoast SEO plugin v27.3 - https:\/\/yoast.com\/product\/yoast-seo-wordpress\/ -->\n<title>Foxeer Reaper V2 F745 45A BLS Bluejay 2-6S Scheda AIO - Iha Race<\/title>\n<meta name=\"robots\" content=\"index, follow, max-snippet:-1, max-image-preview:large, max-video-preview:-1\" \/>\n<link rel=\"canonical\" href=\"https:\/\/iha-race.com\/it\/prodotto\/placa-aio-foxeer-reaper-v2-f745-45a-bls-bluejay-2-6s\/\" \/>\n<meta property=\"og:locale\" content=\"it_IT\" \/>\n<meta property=\"og:type\" content=\"article\" \/>\n<meta property=\"og:title\" content=\"Foxeer Reaper V2 F745 45A BLS Bluejay 2-6S Scheda AIO - Iha Race\" \/>\n<meta property=\"og:description\" content=\"Foxeer Reaper V2 F745 45A BLS Bluejay 2-6S Scheda AIO &nbsp; Caratteristiche Modello FOXEER Reaper AIO V2 UPC STM32F745 Alimentazione Lipo 2~6S (8,4~25,2 V) Uscita BEC DC 5 V\/2,5 A\" \/>\n<meta property=\"og:url\" content=\"https:\/\/iha-race.com\/it\/prodotto\/placa-aio-foxeer-reaper-v2-f745-45a-bls-bluejay-2-6s\/\" \/>\n<meta property=\"og:site_name\" content=\"Iha Race\" \/>\n<meta property=\"article:modified_time\" content=\"2024-08-29T10:02:01+00:00\" \/>\n<meta property=\"og:image\" content=\"https:\/\/iha-race.com\/wp-content\/uploads\/2022\/09\/17-28-34-628f48427fe6a.images.800x800.jpg\" \/>\n\t<meta property=\"og:image:width\" content=\"800\" \/>\n\t<meta property=\"og:image:height\" content=\"800\" \/>\n\t<meta property=\"og:image:type\" content=\"image\/jpeg\" \/>\n<meta name=\"twitter:card\" content=\"summary_large_image\" \/>\n<meta name=\"twitter:label1\" content=\"Tempo di lettura stimato\" \/>\n\t<meta name=\"twitter:data1\" content=\"1 minuto\" \/>\n<script type=\"application\/ld+json\" class=\"yoast-schema-graph\">{\"@context\":\"https:\\\/\\\/schema.org\",\"@graph\":[{\"@type\":\"WebPage\",\"@id\":\"https:\\\/\\\/iha-race.com\\\/it\\\/prodotto\\\/placa-aio-foxeer-reaper-v2-f745-45a-bls-bluejay-2-6s\\\/\",\"url\":\"https:\\\/\\\/iha-race.com\\\/it\\\/prodotto\\\/placa-aio-foxeer-reaper-v2-f745-45a-bls-bluejay-2-6s\\\/\",\"name\":\"Foxeer Reaper V2 F745 45A BLS Bluejay 2-6S Scheda AIO - Iha Race\",\"isPartOf\":{\"@id\":\"https:\\\/\\\/iha-race.com\\\/it\\\/#website\"},\"primaryImageOfPage\":{\"@id\":\"https:\\\/\\\/iha-race.com\\\/it\\\/prodotto\\\/placa-aio-foxeer-reaper-v2-f745-45a-bls-bluejay-2-6s\\\/#primaryimage\"},\"image\":{\"@id\":\"https:\\\/\\\/iha-race.com\\\/it\\\/prodotto\\\/placa-aio-foxeer-reaper-v2-f745-45a-bls-bluejay-2-6s\\\/#primaryimage\"},\"thumbnailUrl\":\"https:\\\/\\\/iha-race.com\\\/wp-content\\\/uploads\\\/2022\\\/09\\\/17-28-34-628f48427fe6a.images.800x800.jpg\",\"datePublished\":\"2022-09-07T13:35:34+00:00\",\"dateModified\":\"2024-08-29T10:02:01+00:00\",\"breadcrumb\":{\"@id\":\"https:\\\/\\\/iha-race.com\\\/it\\\/prodotto\\\/placa-aio-foxeer-reaper-v2-f745-45a-bls-bluejay-2-6s\\\/#breadcrumb\"},\"inLanguage\":\"it-IT\",\"potentialAction\":[{\"@type\":\"ReadAction\",\"target\":[\"https:\\\/\\\/iha-race.com\\\/it\\\/prodotto\\\/placa-aio-foxeer-reaper-v2-f745-45a-bls-bluejay-2-6s\\\/\"]}]},{\"@type\":\"ImageObject\",\"inLanguage\":\"it-IT\",\"@id\":\"https:\\\/\\\/iha-race.com\\\/it\\\/prodotto\\\/placa-aio-foxeer-reaper-v2-f745-45a-bls-bluejay-2-6s\\\/#primaryimage\",\"url\":\"https:\\\/\\\/iha-race.com\\\/wp-content\\\/uploads\\\/2022\\\/09\\\/17-28-34-628f48427fe6a.images.800x800.jpg\",\"contentUrl\":\"https:\\\/\\\/iha-race.com\\\/wp-content\\\/uploads\\\/2022\\\/09\\\/17-28-34-628f48427fe6a.images.800x800.jpg\",\"width\":800,\"height\":800,\"caption\":\"Acquistare Foxeer Reaper AIO V2 F745 45A BLS Bluejay 2-6S\"},{\"@type\":\"BreadcrumbList\",\"@id\":\"https:\\\/\\\/iha-race.com\\\/it\\\/prodotto\\\/placa-aio-foxeer-reaper-v2-f745-45a-bls-bluejay-2-6s\\\/#breadcrumb\",\"itemListElement\":[{\"@type\":\"ListItem\",\"position\":1,\"name\":\"Portada\",\"item\":\"https:\\\/\\\/iha-race.com\\\/it\\\/\"},{\"@type\":\"ListItem\",\"position\":2,\"name\":\"Negozio\",\"item\":\"https:\\\/\\\/iha-race.com\\\/it\\\/negozio\\\/\"},{\"@type\":\"ListItem\",\"position\":3,\"name\":\"Foxeer Reaper V2 F745 45A BLS Bluejay 2-6S Scheda AIO\"}]},{\"@type\":\"WebSite\",\"@id\":\"https:\\\/\\\/iha-race.com\\\/it\\\/#website\",\"url\":\"https:\\\/\\\/iha-race.com\\\/it\\\/\",\"name\":\"Iha Race\",\"description\":\"Comprar drones de carreras FPV env\u00edos en un d\u00eda desde Espa\u00f1a\",\"publisher\":{\"@id\":\"https:\\\/\\\/iha-race.com\\\/it\\\/#organization\"},\"potentialAction\":[{\"@type\":\"SearchAction\",\"target\":{\"@type\":\"EntryPoint\",\"urlTemplate\":\"https:\\\/\\\/iha-race.com\\\/it\\\/?s={search_term_string}\"},\"query-input\":{\"@type\":\"PropertyValueSpecification\",\"valueRequired\":true,\"valueName\":\"search_term_string\"}}],\"inLanguage\":\"it-IT\"},{\"@type\":\"Organization\",\"@id\":\"https:\\\/\\\/iha-race.com\\\/it\\\/#organization\",\"name\":\"Iha Race\",\"url\":\"https:\\\/\\\/iha-race.com\\\/it\\\/\",\"logo\":{\"@type\":\"ImageObject\",\"inLanguage\":\"it-IT\",\"@id\":\"https:\\\/\\\/iha-race.com\\\/it\\\/#\\\/schema\\\/logo\\\/image\\\/\",\"url\":\"https:\\\/\\\/iha-race.com\\\/wp-content\\\/uploads\\\/2018\\\/07\\\/iha-race-drones-de-carreras-tienda-comprar-drones.png\",\"contentUrl\":\"https:\\\/\\\/iha-race.com\\\/wp-content\\\/uploads\\\/2018\\\/07\\\/iha-race-drones-de-carreras-tienda-comprar-drones.png\",\"width\":300,\"height\":100,\"caption\":\"Iha Race\"},\"image\":{\"@id\":\"https:\\\/\\\/iha-race.com\\\/it\\\/#\\\/schema\\\/logo\\\/image\\\/\"}}]}<\/script>\n<!-- \/ Yoast SEO plugin. -->","yoast_head_json":{"title":"Foxeer Reaper V2 F745 45A BLS Bluejay 2-6S Scheda AIO - Iha Race","robots":{"index":"index","follow":"follow","max-snippet":"max-snippet:-1","max-image-preview":"max-image-preview:large","max-video-preview":"max-video-preview:-1"},"canonical":"https:\/\/iha-race.com\/it\/prodotto\/placa-aio-foxeer-reaper-v2-f745-45a-bls-bluejay-2-6s\/","og_locale":"it_IT","og_type":"article","og_title":"Foxeer Reaper V2 F745 45A BLS Bluejay 2-6S Scheda AIO - Iha Race","og_description":"Foxeer Reaper V2 F745 45A BLS Bluejay 2-6S Scheda AIO &nbsp; Caratteristiche Modello FOXEER Reaper AIO V2 UPC STM32F745 Alimentazione Lipo 2~6S (8,4~25,2 V) Uscita BEC DC 5 V\/2,5 A","og_url":"https:\/\/iha-race.com\/it\/prodotto\/placa-aio-foxeer-reaper-v2-f745-45a-bls-bluejay-2-6s\/","og_site_name":"Iha Race","article_modified_time":"2024-08-29T10:02:01+00:00","og_image":[{"width":800,"height":800,"url":"https:\/\/iha-race.com\/wp-content\/uploads\/2022\/09\/17-28-34-628f48427fe6a.images.800x800.jpg","type":"image\/jpeg"}],"twitter_card":"summary_large_image","twitter_misc":{"Tempo di lettura stimato":"1 minuto"},"schema":{"@context":"https:\/\/schema.org","@graph":[{"@type":"WebPage","@id":"https:\/\/iha-race.com\/it\/prodotto\/placa-aio-foxeer-reaper-v2-f745-45a-bls-bluejay-2-6s\/","url":"https:\/\/iha-race.com\/it\/prodotto\/placa-aio-foxeer-reaper-v2-f745-45a-bls-bluejay-2-6s\/","name":"Foxeer Reaper V2 F745 45A BLS Bluejay 2-6S Scheda AIO - Iha Race","isPartOf":{"@id":"https:\/\/iha-race.com\/it\/#website"},"primaryImageOfPage":{"@id":"https:\/\/iha-race.com\/it\/prodotto\/placa-aio-foxeer-reaper-v2-f745-45a-bls-bluejay-2-6s\/#primaryimage"},"image":{"@id":"https:\/\/iha-race.com\/it\/prodotto\/placa-aio-foxeer-reaper-v2-f745-45a-bls-bluejay-2-6s\/#primaryimage"},"thumbnailUrl":"https:\/\/iha-race.com\/wp-content\/uploads\/2022\/09\/17-28-34-628f48427fe6a.images.800x800.jpg","datePublished":"2022-09-07T13:35:34+00:00","dateModified":"2024-08-29T10:02:01+00:00","breadcrumb":{"@id":"https:\/\/iha-race.com\/it\/prodotto\/placa-aio-foxeer-reaper-v2-f745-45a-bls-bluejay-2-6s\/#breadcrumb"},"inLanguage":"it-IT","potentialAction":[{"@type":"ReadAction","target":["https:\/\/iha-race.com\/it\/prodotto\/placa-aio-foxeer-reaper-v2-f745-45a-bls-bluejay-2-6s\/"]}]},{"@type":"ImageObject","inLanguage":"it-IT","@id":"https:\/\/iha-race.com\/it\/prodotto\/placa-aio-foxeer-reaper-v2-f745-45a-bls-bluejay-2-6s\/#primaryimage","url":"https:\/\/iha-race.com\/wp-content\/uploads\/2022\/09\/17-28-34-628f48427fe6a.images.800x800.jpg","contentUrl":"https:\/\/iha-race.com\/wp-content\/uploads\/2022\/09\/17-28-34-628f48427fe6a.images.800x800.jpg","width":800,"height":800,"caption":"Acquistare Foxeer Reaper AIO V2 F745 45A BLS Bluejay 2-6S"},{"@type":"BreadcrumbList","@id":"https:\/\/iha-race.com\/it\/prodotto\/placa-aio-foxeer-reaper-v2-f745-45a-bls-bluejay-2-6s\/#breadcrumb","itemListElement":[{"@type":"ListItem","position":1,"name":"Portada","item":"https:\/\/iha-race.com\/it\/"},{"@type":"ListItem","position":2,"name":"Negozio","item":"https:\/\/iha-race.com\/it\/negozio\/"},{"@type":"ListItem","position":3,"name":"Foxeer Reaper V2 F745 45A BLS Bluejay 2-6S Scheda AIO"}]},{"@type":"WebSite","@id":"https:\/\/iha-race.com\/it\/#website","url":"https:\/\/iha-race.com\/it\/","name":"Iha Race","description":"Comprar drones de carreras FPV env\u00edos en un d\u00eda desde Espa\u00f1a","publisher":{"@id":"https:\/\/iha-race.com\/it\/#organization"},"potentialAction":[{"@type":"SearchAction","target":{"@type":"EntryPoint","urlTemplate":"https:\/\/iha-race.com\/it\/?s={search_term_string}"},"query-input":{"@type":"PropertyValueSpecification","valueRequired":true,"valueName":"search_term_string"}}],"inLanguage":"it-IT"},{"@type":"Organization","@id":"https:\/\/iha-race.com\/it\/#organization","name":"Iha Race","url":"https:\/\/iha-race.com\/it\/","logo":{"@type":"ImageObject","inLanguage":"it-IT","@id":"https:\/\/iha-race.com\/it\/#\/schema\/logo\/image\/","url":"https:\/\/iha-race.com\/wp-content\/uploads\/2018\/07\/iha-race-drones-de-carreras-tienda-comprar-drones.png","contentUrl":"https:\/\/iha-race.com\/wp-content\/uploads\/2018\/07\/iha-race-drones-de-carreras-tienda-comprar-drones.png","width":300,"height":100,"caption":"Iha Race"},"image":{"@id":"https:\/\/iha-race.com\/it\/#\/schema\/logo\/image\/"}}]}},"brands":[],"_links":{"self":[{"href":"https:\/\/iha-race.com\/it\/wp-json\/wp\/v2\/product\/116787","targetHints":{"allow":["GET"]}}],"collection":[{"href":"https:\/\/iha-race.com\/it\/wp-json\/wp\/v2\/product"}],"about":[{"href":"https:\/\/iha-race.com\/it\/wp-json\/wp\/v2\/types\/product"}],"replies":[{"embeddable":true,"href":"https:\/\/iha-race.com\/it\/wp-json\/wp\/v2\/comments?post=116787"}],"version-history":[{"count":3,"href":"https:\/\/iha-race.com\/it\/wp-json\/wp\/v2\/product\/116787\/revisions"}],"predecessor-version":[{"id":249064,"href":"https:\/\/iha-race.com\/it\/wp-json\/wp\/v2\/product\/116787\/revisions\/249064"}],"wp:featuredmedia":[{"embeddable":true,"href":"https:\/\/iha-race.com\/it\/wp-json\/wp\/v2\/media\/116769"}],"wp:attachment":[{"href":"https:\/\/iha-race.com\/it\/wp-json\/wp\/v2\/media?parent=116787"}],"wp:term":[{"taxonomy":"pwb-brand","embeddable":true,"href":"https:\/\/iha-race.com\/it\/wp-json\/wp\/v2\/pwb-brand?post=116787"},{"taxonomy":"product_cat","embeddable":true,"href":"https:\/\/iha-race.com\/it\/wp-json\/wp\/v2\/product_cat?post=116787"},{"taxonomy":"product_tag","embeddable":true,"href":"https:\/\/iha-race.com\/it\/wp-json\/wp\/v2\/product_tag?post=116787"}],"curies":[{"name":"wp","href":"https:\/\/api.w.org\/{rel}","templated":true}]}}